{"id":1912,"date":"2016-04-14T15:31:09","date_gmt":"2016-04-14T13:31:09","guid":{"rendered":"https:\/\/urlaub-in-waldkirchen.de\/cs\/info\/"},"modified":"2017-04-26T15:28:12","modified_gmt":"2017-04-26T13:28:12","slug":"informace","status":"publish","type":"page","link":"https:\/\/urlaub-in-waldkirchen.de\/cs\/informace\/","title":{"rendered":"Informace"},"content":{"rendered":"<div class=\"wpb-content-wrapper\"><p>[vc_row][vc_column][vc_empty_space height=&#8220;20px&#8220;][vc_column_text]<\/p>\n<h1>Informace<\/h1>\n<h4>Ve\u0161ker\u00e9 informace o Turistick\u00e9m informa\u010dn\u00edm centru, doprav\u011b, rezervac\u00edch, nab\u00eddk\u00e1ch, m\u00e9di\u00edch, propaga\u010dn\u00edch materi\u00e1lech a st\u00e1n\u00edch pro obytn\u00e1 auta.<\/h4>\n<p>[\/vc_column_text][vc_separator color=&#8220;custom&#8220; accent_color=&#8220;#95c11f&#8220;][\/vc_column][\/vc_row][vc_row][vc_column width=&#8220;1\/4&#8243;]<div class=\"sliding_box\"><a href=\"https:\/\/urlaub-in-waldkirchen.de\/cs\/informace\/turisticke-informacni-centrum\/\"  title=\"\"><div class=\"photo_wrapper\"><img loading=\"lazy\" decoding=\"async\" class=\"scale-with-grid\" src=\"https:\/\/urlaub-in-waldkirchen.de\/wp-content\/uploads\/2016\/04\/tourismus.jpg\" alt=\"tourismus\" width=\"600\" height=\"400\"\/><\/div><div class=\"desc_wrapper\"><h4 class=\"title \">Turistick\u00e9 informa\u010dn\u00ed centrum<\/h4><\/div><\/a><\/div>\n[\/vc_column][vc_column width=&#8220;1\/4&#8243;]<div class=\"sliding_box\"><a href=\"https:\/\/urlaub-in-waldkirchen.de\/cs\/informace\/navstevnicka-karta\/\"  title=\"\"><div class=\"photo_wrapper\"><img loading=\"lazy\" decoding=\"async\" class=\"scale-with-grid\" src=\"https:\/\/urlaub-in-waldkirchen.de\/wp-content\/uploads\/2016\/04\/Gaestekarte-1.jpg\" alt=\"Gaestekarte-1\" width=\"341\" height=\"228\"\/><\/div><div class=\"desc_wrapper\"><h4 class=\"title \">N\u00e1v\u0161t\u011bvnick\u00e1 karta<\/h4><\/div><\/a><\/div>\n[\/vc_column][vc_column width=&#8220;1\/4&#8243;]<div class=\"sliding_box\"><a href=\"http:\/\/waldkirchen.de\/sonstiges\/personennahverkehr\/\" target=\"_blank\" title=\"\"><div class=\"photo_wrapper\"><img loading=\"lazy\" decoding=\"async\" class=\"scale-with-grid\" src=\"https:\/\/urlaub-in-waldkirchen.de\/wp-content\/uploads\/2016\/04\/Ilztalbahn.jpg\" alt=\"Ilztalbahn\" width=\"600\" height=\"400\"\/><\/div><div class=\"desc_wrapper\"><h4 class=\"title \">Doprava<\/h4><\/div><\/a><\/div>\n[\/vc_column][vc_column width=&#8220;1\/4&#8243;]<div class=\"sliding_box\"><a href=\"https:\/\/urlaub-in-waldkirchen.de\/cs\/informace\/online-rezervace-ubytovani\/\"  title=\"\"><div class=\"photo_wrapper\"><img loading=\"lazy\" decoding=\"async\" class=\"scale-with-grid\" src=\"https:\/\/urlaub-in-waldkirchen.de\/wp-content\/uploads\/2016\/04\/zimmeronlinesuche.jpg\" alt=\"zimmeronlinesuche\" width=\"600\" height=\"400\"\/><\/div><div class=\"desc_wrapper\"><h4 class=\"title \">Online rezervace ubytov\u00e1n\u00ed<\/h4><\/div><\/a><\/div>\n[\/vc_column][\/vc_row][vc_row][vc_column width=&#8220;1\/4&#8243;]<div class=\"sliding_box\"><div class=\"photo_wrapper\"><img loading=\"lazy\" decoding=\"async\" class=\"scale-with-grid\" src=\"https:\/\/urlaub-in-waldkirchen.de\/wp-content\/uploads\/2016\/04\/pauschal.jpg\" alt=\"pauschal\" width=\"600\" height=\"400\"\/><\/div><div class=\"desc_wrapper\"><h4 class=\"title \">Programov\u00e9 bal\u00ed\u010dky<\/h4><\/div><\/div>\n[\/vc_column][vc_column width=&#8220;1\/4&#8243;]<div class=\"sliding_box\"><a href=\"http:\/\/waldkirchen.de\/stadtinfo\/presse\/\" target=\"_blank\" title=\"\"><div class=\"photo_wrapper\"><img loading=\"lazy\" decoding=\"async\" class=\"scale-with-grid\" src=\"https:\/\/urlaub-in-waldkirchen.de\/wp-content\/uploads\/2016\/04\/News.jpg\" alt=\"News\" width=\"600\" height=\"400\"\/><\/div><div class=\"desc_wrapper\"><h4 class=\"title \">M\u00e9dia<\/h4><\/div><\/a><\/div>\n[\/vc_column][vc_column width=&#8220;1\/4&#8243;]<div class=\"sliding_box\"><a href=\"https:\/\/urlaub-in-waldkirchen.de\/cs\/informace\/prospekty-propagacni-materialy\/\"  title=\"\"><div class=\"photo_wrapper\"><img loading=\"lazy\" decoding=\"async\" class=\"scale-with-grid\" src=\"https:\/\/urlaub-in-waldkirchen.de\/wp-content\/uploads\/2016\/04\/Prospekte.jpg\" alt=\"Prospekte\" width=\"600\" height=\"400\"\/><\/div><div class=\"desc_wrapper\"><h4 class=\"title \">Propaga\u010dn\u00ed materi\u00e1ly<\/h4><\/div><\/a><\/div>\n[\/vc_column][vc_column width=&#8220;1\/4&#8243;]<div class=\"sliding_box\"><a href=\"https:\/\/urlaub-in-waldkirchen.de\/cs\/informace\/stani-pro-obytna-auta-u-aquaparku-karoli\/\"  title=\"\"><div class=\"photo_wrapper\"><img loading=\"lazy\" decoding=\"async\" class=\"scale-with-grid\" src=\"https:\/\/urlaub-in-waldkirchen.de\/wp-content\/uploads\/2016\/04\/wohnmobile.jpg\" alt=\"wohnmobile\" width=\"600\" height=\"400\"\/><\/div><div class=\"desc_wrapper\"><h4 class=\"title \">St\u00e1n\u00ed pro obytn\u00e1 auta<\/h4><\/div><\/a><\/div>\n[\/vc_column][\/vc_row]<\/p>\n<\/div>","protected":false},"excerpt":{"rendered":"<p>[vc_row][vc_column][vc_empty_space height=&#8220;20px&#8220;][vc_column_text] Informace Ve\u0161ker\u00e9 informace o Turistick\u00e9m informa\u010dn\u00edm centru, doprav\u011b, rezervac\u00edch, nab\u00eddk\u00e1ch, m\u00e9di\u00edch, propaga\u010dn\u00edch materi\u00e1lech a st\u00e1n\u00edch pro obytn\u00e1 auta. [\/vc_column_text][vc_separator color=&#8220;custom&#8220; accent_color=&#8220;#95c11f&#8220;][\/vc_column][\/vc_row][vc_row][vc_column width=&#8220;1\/4&#8243;][\/vc_column][vc_column width=&#8220;1\/4&#8243;][\/vc_column][vc_column width=&#8220;1\/4&#8243;][\/vc_column][vc_column<span class=\"excerpt-hellip\"> [\u2026]<\/span><\/p>\n","protected":false},"author":2,"featured_media":0,"parent":0,"menu_order":0,"comment_status":"closed","ping_status":"closed","template":"","meta":{"footnotes":""},"class_list":["post-1912","page","type-page","status-publish","hentry"],"yoast_head":"<!-- This site is optimized with the Yoast SEO plugin v27.3 - https:\/\/yoast.com\/product\/yoast-seo-wordpress\/ -->\n<title>Informace - urlaub-in-waldkirchen.de<\/title>\n<meta name=\"description\" content=\"Ve\u0161ker\u00e9 informace o Turistick\u00e9m informa\u010dn\u00edm centru, doprav\u011b, rezervac\u00edch, nab\u00eddk\u00e1ch, m\u00e9di\u00edch, propaga\u010dn\u00edch materi\u00e1lech a st\u00e1n\u00edch pro obytn\u00e1 auta.\" \/>\n<meta name=\"robots\" content=\"index, follow, max-snippet:-1, max-image-preview:large, max-video-preview:-1\" \/>\n<link rel=\"canonical\" href=\"https:\/\/urlaub-in-waldkirchen.de\/cs\/informace\/\" \/>\n<meta property=\"og:locale\" content=\"cs_CZ\" \/>\n<meta property=\"og:type\" content=\"article\" \/>\n<meta property=\"og:title\" content=\"Informace - urlaub-in-waldkirchen.de\" \/>\n<meta property=\"og:description\" content=\"Ve\u0161ker\u00e9 informace o Turistick\u00e9m informa\u010dn\u00edm centru, doprav\u011b, rezervac\u00edch, nab\u00eddk\u00e1ch, m\u00e9di\u00edch, propaga\u010dn\u00edch materi\u00e1lech a st\u00e1n\u00edch pro obytn\u00e1 auta.\" \/>\n<meta property=\"og:url\" content=\"https:\/\/urlaub-in-waldkirchen.de\/cs\/informace\/\" \/>\n<meta property=\"og:site_name\" content=\"urlaub-in-waldkirchen.de\" \/>\n<meta property=\"article:modified_time\" content=\"2017-04-26T13:28:12+00:00\" \/>\n<meta name=\"twitter:card\" content=\"summary_large_image\" \/>\n<meta name=\"twitter:label1\" content=\"Odhadovan\u00e1 doba \u010dten\u00ed\" \/>\n\t<meta name=\"twitter:data1\" content=\"1 minuta\" \/>\n<script type=\"application\/ld+json\" class=\"yoast-schema-graph\">{\"@context\":\"https:\\\/\\\/schema.org\",\"@graph\":[{\"@type\":\"WebPage\",\"@id\":\"https:\\\/\\\/urlaub-in-waldkirchen.de\\\/cs\\\/informace\\\/\",\"url\":\"https:\\\/\\\/urlaub-in-waldkirchen.de\\\/cs\\\/informace\\\/\",\"name\":\"Informace - urlaub-in-waldkirchen.de\",\"isPartOf\":{\"@id\":\"https:\\\/\\\/urlaub-in-waldkirchen.de\\\/#website\"},\"datePublished\":\"2016-04-14T13:31:09+00:00\",\"dateModified\":\"2017-04-26T13:28:12+00:00\",\"description\":\"Ve\u0161ker\u00e9 informace o Turistick\u00e9m informa\u010dn\u00edm centru, doprav\u011b, rezervac\u00edch, nab\u00eddk\u00e1ch, m\u00e9di\u00edch, propaga\u010dn\u00edch materi\u00e1lech a st\u00e1n\u00edch pro obytn\u00e1 auta.\",\"breadcrumb\":{\"@id\":\"https:\\\/\\\/urlaub-in-waldkirchen.de\\\/cs\\\/informace\\\/#breadcrumb\"},\"inLanguage\":\"cs\",\"potentialAction\":[{\"@type\":\"ReadAction\",\"target\":[\"https:\\\/\\\/urlaub-in-waldkirchen.de\\\/cs\\\/informace\\\/\"]}]},{\"@type\":\"BreadcrumbList\",\"@id\":\"https:\\\/\\\/urlaub-in-waldkirchen.de\\\/cs\\\/informace\\\/#breadcrumb\",\"itemListElement\":[{\"@type\":\"ListItem\",\"position\":1,\"name\":\"Startseite\",\"item\":\"https:\\\/\\\/urlaub-in-waldkirchen.de\\\/cs\\\/\"},{\"@type\":\"ListItem\",\"position\":2,\"name\":\"Informace\"}]},{\"@type\":\"WebSite\",\"@id\":\"https:\\\/\\\/urlaub-in-waldkirchen.de\\\/#website\",\"url\":\"https:\\\/\\\/urlaub-in-waldkirchen.de\\\/\",\"name\":\"urlaub-in-waldkirchen.de\",\"description\":\"\",\"potentialAction\":[{\"@type\":\"SearchAction\",\"target\":{\"@type\":\"EntryPoint\",\"urlTemplate\":\"https:\\\/\\\/urlaub-in-waldkirchen.de\\\/?s={search_term_string}\"},\"query-input\":{\"@type\":\"PropertyValueSpecification\",\"valueRequired\":true,\"valueName\":\"search_term_string\"}}],\"inLanguage\":\"cs\"}]}<\/script>\n<!-- \/ Yoast SEO plugin. -->","yoast_head_json":{"title":"Informace - urlaub-in-waldkirchen.de","description":"Ve\u0161ker\u00e9 informace o Turistick\u00e9m informa\u010dn\u00edm centru, doprav\u011b, rezervac\u00edch, nab\u00eddk\u00e1ch, m\u00e9di\u00edch, propaga\u010dn\u00edch materi\u00e1lech a st\u00e1n\u00edch pro obytn\u00e1 auta.","robots":{"index":"index","follow":"follow","max-snippet":"max-snippet:-1","max-image-preview":"max-image-preview:large","max-video-preview":"max-video-preview:-1"},"canonical":"https:\/\/urlaub-in-waldkirchen.de\/cs\/informace\/","og_locale":"cs_CZ","og_type":"article","og_title":"Informace - urlaub-in-waldkirchen.de","og_description":"Ve\u0161ker\u00e9 informace o Turistick\u00e9m informa\u010dn\u00edm centru, doprav\u011b, rezervac\u00edch, nab\u00eddk\u00e1ch, m\u00e9di\u00edch, propaga\u010dn\u00edch materi\u00e1lech a st\u00e1n\u00edch pro obytn\u00e1 auta.","og_url":"https:\/\/urlaub-in-waldkirchen.de\/cs\/informace\/","og_site_name":"urlaub-in-waldkirchen.de","article_modified_time":"2017-04-26T13:28:12+00:00","twitter_card":"summary_large_image","twitter_misc":{"Odhadovan\u00e1 doba \u010dten\u00ed":"1 minuta"},"schema":{"@context":"https:\/\/schema.org","@graph":[{"@type":"WebPage","@id":"https:\/\/urlaub-in-waldkirchen.de\/cs\/informace\/","url":"https:\/\/urlaub-in-waldkirchen.de\/cs\/informace\/","name":"Informace - urlaub-in-waldkirchen.de","isPartOf":{"@id":"https:\/\/urlaub-in-waldkirchen.de\/#website"},"datePublished":"2016-04-14T13:31:09+00:00","dateModified":"2017-04-26T13:28:12+00:00","description":"Ve\u0161ker\u00e9 informace o Turistick\u00e9m informa\u010dn\u00edm centru, doprav\u011b, rezervac\u00edch, nab\u00eddk\u00e1ch, m\u00e9di\u00edch, propaga\u010dn\u00edch materi\u00e1lech a st\u00e1n\u00edch pro obytn\u00e1 auta.","breadcrumb":{"@id":"https:\/\/urlaub-in-waldkirchen.de\/cs\/informace\/#breadcrumb"},"inLanguage":"cs","potentialAction":[{"@type":"ReadAction","target":["https:\/\/urlaub-in-waldkirchen.de\/cs\/informace\/"]}]},{"@type":"BreadcrumbList","@id":"https:\/\/urlaub-in-waldkirchen.de\/cs\/informace\/#breadcrumb","itemListElement":[{"@type":"ListItem","position":1,"name":"Startseite","item":"https:\/\/urlaub-in-waldkirchen.de\/cs\/"},{"@type":"ListItem","position":2,"name":"Informace"}]},{"@type":"WebSite","@id":"https:\/\/urlaub-in-waldkirchen.de\/#website","url":"https:\/\/urlaub-in-waldkirchen.de\/","name":"urlaub-in-waldkirchen.de","description":"","potentialAction":[{"@type":"SearchAction","target":{"@type":"EntryPoint","urlTemplate":"https:\/\/urlaub-in-waldkirchen.de\/?s={search_term_string}"},"query-input":{"@type":"PropertyValueSpecification","valueRequired":true,"valueName":"search_term_string"}}],"inLanguage":"cs"}]}},"_links":{"self":[{"href":"https:\/\/urlaub-in-waldkirchen.de\/cs\/wp-json\/wp\/v2\/pages\/1912","targetHints":{"allow":["GET"]}}],"collection":[{"href":"https:\/\/urlaub-in-waldkirchen.de\/cs\/wp-json\/wp\/v2\/pages"}],"about":[{"href":"https:\/\/urlaub-in-waldkirchen.de\/cs\/wp-json\/wp\/v2\/types\/page"}],"author":[{"embeddable":true,"href":"https:\/\/urlaub-in-waldkirchen.de\/cs\/wp-json\/wp\/v2\/users\/2"}],"replies":[{"embeddable":true,"href":"https:\/\/urlaub-in-waldkirchen.de\/cs\/wp-json\/wp\/v2\/comments?post=1912"}],"version-history":[{"count":1,"href":"https:\/\/urlaub-in-waldkirchen.de\/cs\/wp-json\/wp\/v2\/pages\/1912\/revisions"}],"predecessor-version":[{"id":4311,"href":"https:\/\/urlaub-in-waldkirchen.de\/cs\/wp-json\/wp\/v2\/pages\/1912\/revisions\/4311"}],"wp:attachment":[{"href":"https:\/\/urlaub-in-waldkirchen.de\/cs\/wp-json\/wp\/v2\/media?parent=1912"}],"curies":[{"name":"wp","href":"https:\/\/api.w.org\/{rel}","templated":true}]}}