{"id":2077,"date":"2016-04-26T16:31:32","date_gmt":"2016-04-26T14:31:32","guid":{"rendered":"https:\/\/urlaub-in-waldkirchen.de\/cs\/informace\/tourismusbuero\/"},"modified":"2018-02-28T09:02:49","modified_gmt":"2018-02-28T08:02:49","slug":"turisticke-informacni-centrum","status":"publish","type":"page","link":"https:\/\/urlaub-in-waldkirchen.de\/cs\/informace\/turisticke-informacni-centrum\/","title":{"rendered":"Turistick\u00e9 informa\u010dn\u00ed centrum"},"content":{"rendered":"<div class=\"wpb-content-wrapper\"><p>[vc_row][vc_column][vc_empty_space height=&#8220;20px&#8220;][vc_column_text]<\/p>\n<h1>Turistick\u00e9 informa\u010dn\u00ed centrum Waldkirchen<\/h1>\n<h4>V\u00e1\u0161 partner p\u0159ed dovolenou, b\u011bhem pobytu i po n\u011bm<\/h4>\n<p>[\/vc_column_text][vc_separator color=&#8220;custom&#8220; accent_color=&#8220;#95c11f&#8220;][vc_column_text]Pracovn\u00edci Turistick\u00e9ho informa\u010dn\u00edho centra ve Waldkirchenu jsou V\u00e1m k dispozici ji\u017e p\u0159i pl\u00e1nov\u00e1n\u00ed Va\u0161\u00ed dovolen\u00e9, b\u011bhem va\u0161eho pobytu u n\u00e1s i pro jak\u00e9koli obecn\u00e9 dotazy.<\/p>\n<p>M\u00e1te n\u011bjak\u00e9 podn\u011bty nebo p\u0159\u00e1n\u00ed? T\u011b\u0161\u00edme se na va\u0161i zpr\u00e1vu.[\/vc_column_text][vc_row_inner][vc_column_inner width=&#8220;1\/3&#8243;][vc_column_text]<\/p>\n<h2>Otev\u00edrac\u00ed doba<\/h2>\n<p>Pond\u011bl\u00ed a\u017e p\u00e1tek: 10.00 \u2013 17.00 hod<br \/>\nSobota, ned\u011ble,\u00a0dovolen\u00e1: 10.00 \u2013 14.00 hod[\/vc_column_text][\/vc_column_inner][vc_column_inner width=&#8220;1\/3&#8243;][vc_column_text]<\/p>\n<h2>Adresa<\/h2>\n<p>Marktplatz 17<br \/>\n94065 Waldkirchen<\/p>\n<p>Tel: 08581\/19433<br \/>\nMail: <a href=\"mailto:tourismus@waldkirchen.de\">tourismus@waldkirchen.de<\/a>[\/vc_column_text][\/vc_column_inner][vc_column_inner width=&#8220;1\/3&#8243;][vc_column_text]<\/p>\n<h2>N\u00e1\u0161 virtu\u00e1ln\u00ed katalog<\/h2>\n<p><a href=\"http:\/\/wintopcatalog.wintopservices.de\/waldkirchen\/\" target=\"_blank\" rel=\"noopener\"><img loading=\"lazy\" decoding=\"async\" class=\"alignnone wp-image-877\" title=\"Virtueller Katalog Waldkirchen\" src=\"https:\/\/urlaub-in-waldkirchen.de\/wp-content\/uploads\/2016\/04\/Virtueller-Katalog-Waldkirchen.jpg\" alt=\"Virtueller Katalog Waldkirchen\" width=\"125\" height=\"177\" srcset=\"https:\/\/urlaub-in-waldkirchen.de\/wp-content\/uploads\/2016\/04\/Virtueller-Katalog-Waldkirchen.jpg 282w, https:\/\/urlaub-in-waldkirchen.de\/wp-content\/uploads\/2016\/04\/Virtueller-Katalog-Waldkirchen-212x300.jpg 212w, https:\/\/urlaub-in-waldkirchen.de\/wp-content\/uploads\/2016\/04\/Virtueller-Katalog-Waldkirchen-103x146.jpg 103w, https:\/\/urlaub-in-waldkirchen.de\/wp-content\/uploads\/2016\/04\/Virtueller-Katalog-Waldkirchen-35x50.jpg 35w, https:\/\/urlaub-in-waldkirchen.de\/wp-content\/uploads\/2016\/04\/Virtueller-Katalog-Waldkirchen-53x75.jpg 53w\" sizes=\"auto, (max-width:767px) 125px, 125px\" \/><\/a>[\/vc_column_text][\/vc_column_inner][\/vc_row_inner][vc_row_inner][vc_column_inner][vc_column_text]<\/p>\n<h2>Va\u0161i partne\u0159i:<\/h2>\n<p>[\/vc_column_text][\/vc_column_inner][\/vc_row_inner][vc_row_inner][vc_column_inner width=&#8220;1\/4&#8243;]<div class=\"team team_vertical\"><h4 class=\"title \">Andreas Gr\u00fcndinger<\/h4><div class=\"image_frame photo no_link scale-with-grid\"><div class=\"image_wrapper\"><img loading=\"lazy\" decoding=\"async\" class=\"scale-with-grid\" src=\"https:\/\/urlaub-in-waldkirchen.de\/wp-content\/uploads\/2016\/04\/Gruendinger-Andreas-300.jpg\" alt=\"Gruendinger-Andreas-300\" width=\"214\" height=\"300\"\/><\/div><\/div><div class=\"desc_wrapper clearfix\"><h4 class=\"desc_wrappper_title \">Prodejce cestovn\u00edch slu\u017eeb<\/h4><p class=\"phone\"><i class=\"icon-phone\"><\/i> <a href=\"tel:08581\/19433\" aria-label=\"phone\">08581\/19433<\/a><\/p><hr class=\"hr_color\" \/><div class=\"desc\">Mail: andreas.gruendinger@waldkirchen.de<\/div><div class=\"links\"><a href=\"mailto:andreas.gruendinger@waldkirchen.de\" class=\"icon_bar icon_bar_small mail\" aria-label=\"mail\"><span class=\"t\"><i class=\"icon-mail\"><\/i><\/span><span class=\"b\"><i class=\"icon-mail\" aria-hidden=\"true\"><\/i><\/span><\/a><\/div><\/div><\/div>\n[\/vc_column_inner][vc_column_inner width=&#8220;1\/4&#8243;]<div class=\"team team_vertical\"><h4 class=\"title \">Renate Kagerbauer<\/h4><div class=\"image_frame photo no_link scale-with-grid\"><div class=\"image_wrapper\"><img loading=\"lazy\" decoding=\"async\" class=\"scale-with-grid\" src=\"https:\/\/urlaub-in-waldkirchen.de\/wp-content\/uploads\/2016\/04\/Kagerbauer-300.jpg\" alt=\"Kagerbauer &#8211; 300\" width=\"214\" height=\"300\"\/><\/div><\/div><div class=\"desc_wrapper clearfix\"><h4 class=\"desc_wrappper_title \">Administrativn\u00ed pracovnice<\/h4><p class=\"phone\"><i class=\"icon-phone\"><\/i> <a href=\"tel:08581\/19433\" aria-label=\"phone\">08581\/19433<\/a><\/p><hr class=\"hr_color\" \/><div class=\"desc\">Mail: renate.kagerbauer@waldkirchen.de<\/div><div class=\"links\"><a href=\"mailto:renate.kagerbauer@waldkirchen.de\" class=\"icon_bar icon_bar_small mail\" aria-label=\"mail\"><span class=\"t\"><i class=\"icon-mail\"><\/i><\/span><span class=\"b\"><i class=\"icon-mail\" aria-hidden=\"true\"><\/i><\/span><\/a><\/div><\/div><\/div>\n[\/vc_column_inner][vc_column_inner width=&#8220;1\/4&#8243;][\/vc_column_inner][vc_column_inner width=&#8220;1\/4&#8243;][\/vc_column_inner][\/vc_row_inner][vc_row_inner][vc_column_inner][vc_column_text]<\/p>\n<h2>Ocen\u011bn\u00ed<\/h2>\n<p>[\/vc_column_text][\/vc_column_inner][\/vc_row_inner][vc_row_inner][vc_column_inner width=&#8220;1\/2&#8243;]<div class=\"list_item lists_2 clearfix\"><div class=\"list_left list_image\"><img loading=\"lazy\" decoding=\"async\" src=\"https:\/\/urlaub-in-waldkirchen.de\/wp-content\/uploads\/2016\/04\/tourismus.jpg\" class=\"scale-with-grid\" alt=\"tourismus\" width=\"600\" height=\"400\"\/><\/div><div class=\"list_right\"><h4 class=\"title \">St\u00e1tem uznan\u00e9 klimatick\u00e9 l\u00e1zn\u011b<\/h4><div class=\"desc\"><\/div><\/div><\/div>\n<div class=\"list_item lists_2 clearfix\"><div class=\"list_left list_image\"><img loading=\"lazy\" decoding=\"async\" src=\"https:\/\/urlaub-in-waldkirchen.de\/wp-content\/uploads\/2016\/04\/RTEmagicC_ausz_familienferien.gif.gif\" class=\"scale-with-grid\" alt=\"RTEmagicC_ausz_familienferien.gif\" width=\"80\" height=\"60\"\/><\/div><div class=\"list_right\"><h4 class=\"title \">Rodinn\u00e1 dovolen\u00e1 v N\u011bmecku<\/h4><div class=\"desc\">Ocen\u011bn\u00ed za pr\u00e1zdninov\u00e9 programy p\u0159\u00e1telsk\u00e9 rodin\u00e1m<\/div><\/div><\/div>\n[\/vc_column_inner][vc_column_inner width=&#8220;1\/2&#8243;]<div class=\"list_item lists_2 clearfix\"><div class=\"list_left list_image\"><img loading=\"lazy\" decoding=\"async\" src=\"https:\/\/urlaub-in-waldkirchen.de\/wp-content\/uploads\/2016\/04\/i-Marke_Logo_80.jpg\" class=\"scale-with-grid\" alt=\"i-Marke_Logo_80\" width=\"80\" height=\"80\"\/><\/div><div class=\"list_right\"><h4 class=\"title \">Zertifizierte Touristinfo (DTV<\/h4><div class=\"desc\"><\/div><\/div><\/div>\n<div class=\"list_item lists_2 clearfix\"><div class=\"list_left list_image\"><img loading=\"lazy\" decoding=\"async\" src=\"https:\/\/urlaub-in-waldkirchen.de\/wp-content\/uploads\/2016\/04\/RTEmagicC_ausz_4baerchen.gif.gif\" class=\"scale-with-grid\" alt=\"RTEmagicC_ausz_4baerchen.gif\" width=\"80\" height=\"76\"\/><\/div><div class=\"list_right\"><h4 class=\"title \">R\u00e1j pro rodiny v N\u00e1rodn\u00edm parku Bavorsk\u00fd les<\/h4><div class=\"desc\">Ocen\u011bn 4 medv\u00eddky<\/div><\/div><\/div>\n[\/vc_column_inner][\/vc_row_inner][vc_row_inner][vc_column_inner][vc_column_text]<\/p>\n<h2>Kontaktujte Turistick\u00e9 informa\u010dn\u00ed centrum<\/h2>\n<p>Ot\u00e1zky, p\u0159\u00e1n\u00ed, podn\u011bty, st\u00ed\u017enosti, kritika, pod\u011bkov\u00e1n\u00ed, pochvala \u2013 sem s nimi!<br \/>\nSlibujeme, \u017ee se budeme va\u0161\u00ed z\u00e1le\u017eitost\u00ed co nejd\u0159\u00edve zab\u00fdvat!<\/p>\n<div class=\"column one-second mobile-one\"><div class=\"mcb-column-inner\"><noscript class=\"ninja-forms-noscript-message\">\n\tUpozorn\u011bn\u00ed: U tohoto obsahu je vy\u017eadov\u00e1n JavaScript.<\/noscript>\nTento formul\u00e1\u0159 v sou\u010dasn\u00e9 dob\u011b proch\u00e1z\u00ed \u00fadr\u017ebou. Pros\u00edm zkuste to znovu pozd\u011bji.<\/div><\/div>\n[\/vc_column_text][\/vc_column_inner][\/vc_row_inner][\/vc_column][\/vc_row][vc_row][vc_column][vc_empty_space][\/vc_column][\/vc_row]<\/p>\n<\/div>","protected":false},"excerpt":{"rendered":"<p>[vc_row][vc_column][vc_empty_space height=&#8220;20px&#8220;][vc_column_text] Turistick\u00e9 informa\u010dn\u00ed centrum Waldkirchen V\u00e1\u0161 partner p\u0159ed dovolenou, b\u011bhem pobytu i po n\u011bm [\/vc_column_text][vc_separator color=&#8220;custom&#8220; accent_color=&#8220;#95c11f&#8220;][vc_column_text]Pracovn\u00edci Turistick\u00e9ho informa\u010dn\u00edho centra ve Waldkirchenu jsou V\u00e1m k<span class=\"excerpt-hellip\"> [\u2026]<\/span><\/p>\n","protected":false},"author":2,"featured_media":0,"parent":1912,"menu_order":0,"comment_status":"closed","ping_status":"closed","template":"","meta":{"footnotes":""},"class_list":["post-2077","page","type-page","status-publish","hentry"],"yoast_head":"<!-- This site is optimized with the Yoast SEO plugin v27.3 - https:\/\/yoast.com\/product\/yoast-seo-wordpress\/ -->\n<title>Turistick\u00e9 informa\u010dn\u00ed centrum - urlaub-in-waldkirchen.de<\/title>\n<meta name=\"description\" content=\"Pracovn\u00edci Turistick\u00e9ho informa\u010dn\u00edho centra ve Waldkirchenu jsou V\u00e1m k dispozici ji\u017e p\u0159i pl\u00e1nov\u00e1n\u00ed Va\u0161\u00ed dovolen\u00e9, b\u011bhem va\u0161eho pobytu u n\u00e1s i pro jak\u00e9koli obecn\u00e9 dotazy.\" \/>\n<meta name=\"robots\" content=\"index, follow, max-snippet:-1, max-image-preview:large, max-video-preview:-1\" \/>\n<link rel=\"canonical\" href=\"https:\/\/urlaub-in-waldkirchen.de\/cs\/informace\/turisticke-informacni-centrum\/\" \/>\n<meta property=\"og:locale\" content=\"cs_CZ\" \/>\n<meta property=\"og:type\" content=\"article\" \/>\n<meta property=\"og:title\" content=\"Turistick\u00e9 informa\u010dn\u00ed centrum - urlaub-in-waldkirchen.de\" \/>\n<meta property=\"og:description\" content=\"Pracovn\u00edci Turistick\u00e9ho informa\u010dn\u00edho centra ve Waldkirchenu jsou V\u00e1m k dispozici ji\u017e p\u0159i pl\u00e1nov\u00e1n\u00ed Va\u0161\u00ed dovolen\u00e9, b\u011bhem va\u0161eho pobytu u n\u00e1s i pro jak\u00e9koli obecn\u00e9 dotazy.\" \/>\n<meta property=\"og:url\" content=\"https:\/\/urlaub-in-waldkirchen.de\/cs\/informace\/turisticke-informacni-centrum\/\" \/>\n<meta property=\"og:site_name\" content=\"urlaub-in-waldkirchen.de\" \/>\n<meta property=\"article:modified_time\" content=\"2018-02-28T08:02:49+00:00\" \/>\n<meta property=\"og:image\" content=\"https:\/\/urlaub-in-waldkirchen.de\/wp-content\/uploads\/2016\/04\/Virtueller-Katalog-Waldkirchen.jpg\" \/>\n<meta name=\"twitter:card\" content=\"summary_large_image\" \/>\n<meta name=\"twitter:label1\" content=\"Odhadovan\u00e1 doba \u010dten\u00ed\" \/>\n\t<meta name=\"twitter:data1\" content=\"2 minuty\" \/>\n<script type=\"application\/ld+json\" class=\"yoast-schema-graph\">{\"@context\":\"https:\\\/\\\/schema.org\",\"@graph\":[{\"@type\":\"WebPage\",\"@id\":\"https:\\\/\\\/urlaub-in-waldkirchen.de\\\/cs\\\/informace\\\/turisticke-informacni-centrum\\\/\",\"url\":\"https:\\\/\\\/urlaub-in-waldkirchen.de\\\/cs\\\/informace\\\/turisticke-informacni-centrum\\\/\",\"name\":\"Turistick\u00e9 informa\u010dn\u00ed centrum - urlaub-in-waldkirchen.de\",\"isPartOf\":{\"@id\":\"https:\\\/\\\/urlaub-in-waldkirchen.de\\\/#website\"},\"primaryImageOfPage\":{\"@id\":\"https:\\\/\\\/urlaub-in-waldkirchen.de\\\/cs\\\/informace\\\/turisticke-informacni-centrum\\\/#primaryimage\"},\"image\":{\"@id\":\"https:\\\/\\\/urlaub-in-waldkirchen.de\\\/cs\\\/informace\\\/turisticke-informacni-centrum\\\/#primaryimage\"},\"thumbnailUrl\":\"https:\\\/\\\/urlaub-in-waldkirchen.de\\\/wp-content\\\/uploads\\\/2016\\\/04\\\/Virtueller-Katalog-Waldkirchen.jpg\",\"datePublished\":\"2016-04-26T14:31:32+00:00\",\"dateModified\":\"2018-02-28T08:02:49+00:00\",\"description\":\"Pracovn\u00edci Turistick\u00e9ho informa\u010dn\u00edho centra ve Waldkirchenu jsou V\u00e1m k dispozici ji\u017e p\u0159i pl\u00e1nov\u00e1n\u00ed Va\u0161\u00ed dovolen\u00e9, b\u011bhem va\u0161eho pobytu u n\u00e1s i pro jak\u00e9koli obecn\u00e9 dotazy.\",\"breadcrumb\":{\"@id\":\"https:\\\/\\\/urlaub-in-waldkirchen.de\\\/cs\\\/informace\\\/turisticke-informacni-centrum\\\/#breadcrumb\"},\"inLanguage\":\"cs\",\"potentialAction\":[{\"@type\":\"ReadAction\",\"target\":[\"https:\\\/\\\/urlaub-in-waldkirchen.de\\\/cs\\\/informace\\\/turisticke-informacni-centrum\\\/\"]}]},{\"@type\":\"ImageObject\",\"inLanguage\":\"cs\",\"@id\":\"https:\\\/\\\/urlaub-in-waldkirchen.de\\\/cs\\\/informace\\\/turisticke-informacni-centrum\\\/#primaryimage\",\"url\":\"https:\\\/\\\/urlaub-in-waldkirchen.de\\\/wp-content\\\/uploads\\\/2016\\\/04\\\/Virtueller-Katalog-Waldkirchen.jpg\",\"contentUrl\":\"https:\\\/\\\/urlaub-in-waldkirchen.de\\\/wp-content\\\/uploads\\\/2016\\\/04\\\/Virtueller-Katalog-Waldkirchen.jpg\"},{\"@type\":\"BreadcrumbList\",\"@id\":\"https:\\\/\\\/urlaub-in-waldkirchen.de\\\/cs\\\/informace\\\/turisticke-informacni-centrum\\\/#breadcrumb\",\"itemListElement\":[{\"@type\":\"ListItem\",\"position\":1,\"name\":\"Startseite\",\"item\":\"https:\\\/\\\/urlaub-in-waldkirchen.de\\\/cs\\\/\"},{\"@type\":\"ListItem\",\"position\":2,\"name\":\"Informace\",\"item\":\"https:\\\/\\\/urlaub-in-waldkirchen.de\\\/cs\\\/informace\\\/\"},{\"@type\":\"ListItem\",\"position\":3,\"name\":\"Turistick\u00e9 informa\u010dn\u00ed centrum\"}]},{\"@type\":\"WebSite\",\"@id\":\"https:\\\/\\\/urlaub-in-waldkirchen.de\\\/#website\",\"url\":\"https:\\\/\\\/urlaub-in-waldkirchen.de\\\/\",\"name\":\"urlaub-in-waldkirchen.de\",\"description\":\"\",\"potentialAction\":[{\"@type\":\"SearchAction\",\"target\":{\"@type\":\"EntryPoint\",\"urlTemplate\":\"https:\\\/\\\/urlaub-in-waldkirchen.de\\\/?s={search_term_string}\"},\"query-input\":{\"@type\":\"PropertyValueSpecification\",\"valueRequired\":true,\"valueName\":\"search_term_string\"}}],\"inLanguage\":\"cs\"}]}<\/script>\n<!-- \/ Yoast SEO plugin. -->","yoast_head_json":{"title":"Turistick\u00e9 informa\u010dn\u00ed centrum - urlaub-in-waldkirchen.de","description":"Pracovn\u00edci Turistick\u00e9ho informa\u010dn\u00edho centra ve Waldkirchenu jsou V\u00e1m k dispozici ji\u017e p\u0159i pl\u00e1nov\u00e1n\u00ed Va\u0161\u00ed dovolen\u00e9, b\u011bhem va\u0161eho pobytu u n\u00e1s i pro jak\u00e9koli obecn\u00e9 dotazy.","robots":{"index":"index","follow":"follow","max-snippet":"max-snippet:-1","max-image-preview":"max-image-preview:large","max-video-preview":"max-video-preview:-1"},"canonical":"https:\/\/urlaub-in-waldkirchen.de\/cs\/informace\/turisticke-informacni-centrum\/","og_locale":"cs_CZ","og_type":"article","og_title":"Turistick\u00e9 informa\u010dn\u00ed centrum - urlaub-in-waldkirchen.de","og_description":"Pracovn\u00edci Turistick\u00e9ho informa\u010dn\u00edho centra ve Waldkirchenu jsou V\u00e1m k dispozici ji\u017e p\u0159i pl\u00e1nov\u00e1n\u00ed Va\u0161\u00ed dovolen\u00e9, b\u011bhem va\u0161eho pobytu u n\u00e1s i pro jak\u00e9koli obecn\u00e9 dotazy.","og_url":"https:\/\/urlaub-in-waldkirchen.de\/cs\/informace\/turisticke-informacni-centrum\/","og_site_name":"urlaub-in-waldkirchen.de","article_modified_time":"2018-02-28T08:02:49+00:00","og_image":[{"url":"https:\/\/urlaub-in-waldkirchen.de\/wp-content\/uploads\/2016\/04\/Virtueller-Katalog-Waldkirchen.jpg","type":"","width":"","height":""}],"twitter_card":"summary_large_image","twitter_misc":{"Odhadovan\u00e1 doba \u010dten\u00ed":"2 minuty"},"schema":{"@context":"https:\/\/schema.org","@graph":[{"@type":"WebPage","@id":"https:\/\/urlaub-in-waldkirchen.de\/cs\/informace\/turisticke-informacni-centrum\/","url":"https:\/\/urlaub-in-waldkirchen.de\/cs\/informace\/turisticke-informacni-centrum\/","name":"Turistick\u00e9 informa\u010dn\u00ed centrum - urlaub-in-waldkirchen.de","isPartOf":{"@id":"https:\/\/urlaub-in-waldkirchen.de\/#website"},"primaryImageOfPage":{"@id":"https:\/\/urlaub-in-waldkirchen.de\/cs\/informace\/turisticke-informacni-centrum\/#primaryimage"},"image":{"@id":"https:\/\/urlaub-in-waldkirchen.de\/cs\/informace\/turisticke-informacni-centrum\/#primaryimage"},"thumbnailUrl":"https:\/\/urlaub-in-waldkirchen.de\/wp-content\/uploads\/2016\/04\/Virtueller-Katalog-Waldkirchen.jpg","datePublished":"2016-04-26T14:31:32+00:00","dateModified":"2018-02-28T08:02:49+00:00","description":"Pracovn\u00edci Turistick\u00e9ho informa\u010dn\u00edho centra ve Waldkirchenu jsou V\u00e1m k dispozici ji\u017e p\u0159i pl\u00e1nov\u00e1n\u00ed Va\u0161\u00ed dovolen\u00e9, b\u011bhem va\u0161eho pobytu u n\u00e1s i pro jak\u00e9koli obecn\u00e9 dotazy.","breadcrumb":{"@id":"https:\/\/urlaub-in-waldkirchen.de\/cs\/informace\/turisticke-informacni-centrum\/#breadcrumb"},"inLanguage":"cs","potentialAction":[{"@type":"ReadAction","target":["https:\/\/urlaub-in-waldkirchen.de\/cs\/informace\/turisticke-informacni-centrum\/"]}]},{"@type":"ImageObject","inLanguage":"cs","@id":"https:\/\/urlaub-in-waldkirchen.de\/cs\/informace\/turisticke-informacni-centrum\/#primaryimage","url":"https:\/\/urlaub-in-waldkirchen.de\/wp-content\/uploads\/2016\/04\/Virtueller-Katalog-Waldkirchen.jpg","contentUrl":"https:\/\/urlaub-in-waldkirchen.de\/wp-content\/uploads\/2016\/04\/Virtueller-Katalog-Waldkirchen.jpg"},{"@type":"BreadcrumbList","@id":"https:\/\/urlaub-in-waldkirchen.de\/cs\/informace\/turisticke-informacni-centrum\/#breadcrumb","itemListElement":[{"@type":"ListItem","position":1,"name":"Startseite","item":"https:\/\/urlaub-in-waldkirchen.de\/cs\/"},{"@type":"ListItem","position":2,"name":"Informace","item":"https:\/\/urlaub-in-waldkirchen.de\/cs\/informace\/"},{"@type":"ListItem","position":3,"name":"Turistick\u00e9 informa\u010dn\u00ed centrum"}]},{"@type":"WebSite","@id":"https:\/\/urlaub-in-waldkirchen.de\/#website","url":"https:\/\/urlaub-in-waldkirchen.de\/","name":"urlaub-in-waldkirchen.de","description":"","potentialAction":[{"@type":"SearchAction","target":{"@type":"EntryPoint","urlTemplate":"https:\/\/urlaub-in-waldkirchen.de\/?s={search_term_string}"},"query-input":{"@type":"PropertyValueSpecification","valueRequired":true,"valueName":"search_term_string"}}],"inLanguage":"cs"}]}},"_links":{"self":[{"href":"https:\/\/urlaub-in-waldkirchen.de\/cs\/wp-json\/wp\/v2\/pages\/2077","targetHints":{"allow":["GET"]}}],"collection":[{"href":"https:\/\/urlaub-in-waldkirchen.de\/cs\/wp-json\/wp\/v2\/pages"}],"about":[{"href":"https:\/\/urlaub-in-waldkirchen.de\/cs\/wp-json\/wp\/v2\/types\/page"}],"author":[{"embeddable":true,"href":"https:\/\/urlaub-in-waldkirchen.de\/cs\/wp-json\/wp\/v2\/users\/2"}],"replies":[{"embeddable":true,"href":"https:\/\/urlaub-in-waldkirchen.de\/cs\/wp-json\/wp\/v2\/comments?post=2077"}],"version-history":[{"count":6,"href":"https:\/\/urlaub-in-waldkirchen.de\/cs\/wp-json\/wp\/v2\/pages\/2077\/revisions"}],"predecessor-version":[{"id":4657,"href":"https:\/\/urlaub-in-waldkirchen.de\/cs\/wp-json\/wp\/v2\/pages\/2077\/revisions\/4657"}],"up":[{"embeddable":true,"href":"https:\/\/urlaub-in-waldkirchen.de\/cs\/wp-json\/wp\/v2\/pages\/1912"}],"wp:attachment":[{"href":"https:\/\/urlaub-in-waldkirchen.de\/cs\/wp-json\/wp\/v2\/media?parent=2077"}],"curies":[{"name":"wp","href":"https:\/\/api.w.org\/{rel}","templated":true}]}}