{"id":2081,"date":"2016-06-23T11:39:43","date_gmt":"2016-06-23T09:39:43","guid":{"rendered":"https:\/\/urlaub-in-waldkirchen.de\/cs\/informace\/gaestekarte\/"},"modified":"2017-01-10T10:11:15","modified_gmt":"2017-01-10T09:11:15","slug":"navstevnicka-karta","status":"publish","type":"page","link":"https:\/\/urlaub-in-waldkirchen.de\/cs\/informace\/navstevnicka-karta\/","title":{"rendered":"N\u00e1v\u0161t\u011bvnick\u00e1 karta"},"content":{"rendered":"<div class=\"wpb-content-wrapper\"><p>[vc_row][vc_column][vc_empty_space height=&#8220;20px&#8220;][vc_column_text]<\/p>\n<h1>N\u00e1v\u0161t\u011bvnick\u00e1 karta \u2013 Karta va\u0161ich pr\u00e1zdninov\u00fdch bonus\u016f<\/h1>\n<h4>D\u00edky na\u0161\u00ed N\u00e1v\u0161t\u011bvnick\u00e9 kart\u011b z\u00edsk\u00e1te celou \u0159adu slev a bonus\u016f.<\/h4>\n<p>[\/vc_column_text][vc_separator color=&#8220;custom&#8220; accent_color=&#8220;#95c11f&#8220;][\/vc_column][\/vc_row][vc_row][vc_column][vc_row_inner][vc_column_inner width=&#8220;1\/2&#8243;][vc_column_text]<\/p>\n<h3>BONUSY ZDARMA:<\/h3>\n<ul>\n<li>Turistick\u00e1 karta Waldkirchen<\/li>\n<li>Vyu\u017e\u00edv\u00e1n\u00ed slu\u017eeb M\u011bstsk\u00e9 knihovny<\/li>\n<li>Muzeum \u201eZlat\u00e1 stezka\u201c<\/li>\n<li>Historick\u00e9 prohl\u00eddky m\u011bsta (\u010derven \u2013 z\u00e1\u0159\u00ed)<\/li>\n<li>4 hod. parkov\u00e1n\u00ed s parkovac\u00edm kotou\u010dem<\/li>\n<li>Ve\u0159ejn\u00e1 hromadn\u00e1 doprava<\/li>\n<li>Citybus<\/li>\n<li>D\u00e1rek k narozenin\u00e1m pro d\u011bti<\/li>\n<li>Kvalitn\u00ed mapy a informa\u010dn\u00ed materi\u00e1ly<\/li>\n<\/ul>\n<p>[\/vc_column_text][vc_single_image image=&#8220;1663&#8243; img_size=&#8220;full&#8220; style=&#8220;vc_box_shadow_3d&#8220;][vc_column_text]N\u00e1v\u0161t\u011bvnickou kartu obdr\u017e\u00edte p\u0159i p\u0159ihl\u00e1\u0161en\u00ed u sv\u00e9ho ubytovatele.[\/vc_column_text][\/vc_column_inner][vc_column_inner width=&#8220;1\/2&#8243;][vc_column_text]<\/p>\n<h3>SLEVY:<\/h3>\n<p>(p\u0159\u00edslu\u0161n\u00e1 sleva je v\u017edy uvedena v z\u00e1vorce)<\/p>\n<ul>\n<li>Aquapark Karoli (3 hod koup\u00e1n\u00ed \u2013 za cenu 2 hod pouze s Kombinovanou kartou)<\/li>\n<li>Zimn\u00ed sportovn\u00ed hala Karoli (0,25 \u20ac)<\/li>\n<li>Lezeck\u00e9 centrum Waldkirchen (v ka\u017ed\u00e9 cenov\u00e9 kategorii 1,- \u20ac)<\/li>\n<li>Ly\u017ea\u0159sk\u00fd vlek Oberfrauenwald (1,- \u20ac)<\/li>\n<li>Dunajsk\u00e1 lodn\u00ed doprava Wurm&amp;K\u00f6ck (7,5 % u linkov\u00fdch spoj\u016f)<\/li>\n<li>Sport Jakob (zap\u016fj\u010den\u00ed ly\u017e\u00ed a snowboard\u016f na den 1,- \u20ac)<\/li>\n<li>Stezka v korun\u00e1ch strom\u016f Kopfing, (2,- \u20ac u rodinn\u00e9 karty)<\/li>\n<li>Muzeum Emerenz Meier (ka\u017ed\u00fd dosp\u011bl\u00fd 2,- \u20ac)<\/li>\n<li>Radl Egger (p\u016fj\u010dovna kol a elektrokol 10%)<\/li>\n<li>Pr\u00e1zdninov\u00fd vl\u00e1\u010dek Waldkirchner Bockerlbahn (1,- \u20ac)<\/li>\n<li>Westernov\u00e9 m\u011bste\u010dko Pullman-City (10 %)<\/li>\n<li>P\u011b\u0161\u00ed v\u00fdlet za divok\u00fdmi bylinami u dvora Frongahof (1,50 \u20ac)<\/li>\n<li>Centrum \u017euly Hauzenberg (10 %)<\/li>\n<li>Muzeum Oberhausmuseum Pasov (10 %)<\/li>\n<li>Skanzen Finsterau (10 %)<\/li>\n<li>Podzimn\u00ed kulturn\u00ed t\u00fdden Wolfsteiner Herbst (20 %)<\/li>\n<li>Waldkirchen Cap (4,- \u20ac)<\/li>\n<li>Muzeum lovu, krajiny a \u0159eky Freyung (0,50 \u20ac)<\/li>\n<li>Letn\u00ed bobov\u00e1 dr\u00e1ha Grafenau (8 j\u00edzd za cenu 6 j\u00edzd)<\/li>\n<li>Zoologick\u00e1 zahrada Altenfelden, Horn\u00ed Rakousko (1,- \u20ac)<\/li>\n<\/ul>\n<p>[\/vc_column_text][\/vc_column_inner][\/vc_row_inner][\/vc_column][\/vc_row]<\/p>\n<\/div>","protected":false},"excerpt":{"rendered":"<p>[vc_row][vc_column][vc_empty_space height=&#8220;20px&#8220;][vc_column_text] N\u00e1v\u0161t\u011bvnick\u00e1 karta \u2013 Karta va\u0161ich pr\u00e1zdninov\u00fdch bonus\u016f D\u00edky na\u0161\u00ed N\u00e1v\u0161t\u011bvnick\u00e9 kart\u011b z\u00edsk\u00e1te celou \u0159adu slev a bonus\u016f. [\/vc_column_text][vc_separator color=&#8220;custom&#8220; accent_color=&#8220;#95c11f&#8220;][\/vc_column][\/vc_row][vc_row][vc_column][vc_row_inner][vc_column_inner width=&#8220;1\/2&#8243;][vc_column_text] BONUSY ZDARMA: Turistick\u00e1<span class=\"excerpt-hellip\"> [\u2026]<\/span><\/p>\n","protected":false},"author":2,"featured_media":0,"parent":1912,"menu_order":0,"comment_status":"closed","ping_status":"closed","template":"","meta":{"footnotes":""},"class_list":["post-2081","page","type-page","status-publish","hentry"],"yoast_head":"<!-- This site is optimized with the Yoast SEO plugin v27.3 - https:\/\/yoast.com\/product\/yoast-seo-wordpress\/ -->\n<title>N\u00e1v\u0161t\u011bvnick\u00e1 karta - urlaub-in-waldkirchen.de<\/title>\n<meta name=\"description\" content=\"D\u00edky na\u0161\u00ed N\u00e1v\u0161t\u011bvnick\u00e9 kart\u011b z\u00edsk\u00e1te celou \u0159adu slev a bonus\u016f.\" \/>\n<meta name=\"robots\" content=\"index, follow, max-snippet:-1, max-image-preview:large, max-video-preview:-1\" \/>\n<link rel=\"canonical\" href=\"https:\/\/urlaub-in-waldkirchen.de\/cs\/informace\/navstevnicka-karta\/\" \/>\n<meta property=\"og:locale\" content=\"cs_CZ\" \/>\n<meta property=\"og:type\" content=\"article\" \/>\n<meta property=\"og:title\" content=\"N\u00e1v\u0161t\u011bvnick\u00e1 karta - urlaub-in-waldkirchen.de\" \/>\n<meta property=\"og:description\" content=\"D\u00edky na\u0161\u00ed N\u00e1v\u0161t\u011bvnick\u00e9 kart\u011b z\u00edsk\u00e1te celou \u0159adu slev a bonus\u016f.\" \/>\n<meta property=\"og:url\" content=\"https:\/\/urlaub-in-waldkirchen.de\/cs\/informace\/navstevnicka-karta\/\" \/>\n<meta property=\"og:site_name\" content=\"urlaub-in-waldkirchen.de\" \/>\n<meta property=\"article:modified_time\" content=\"2017-01-10T09:11:15+00:00\" \/>\n<meta name=\"twitter:card\" content=\"summary_large_image\" \/>\n<meta name=\"twitter:label1\" content=\"Odhadovan\u00e1 doba \u010dten\u00ed\" \/>\n\t<meta name=\"twitter:data1\" content=\"2 minuty\" \/>\n<script type=\"application\/ld+json\" class=\"yoast-schema-graph\">{\"@context\":\"https:\\\/\\\/schema.org\",\"@graph\":[{\"@type\":\"WebPage\",\"@id\":\"https:\\\/\\\/urlaub-in-waldkirchen.de\\\/cs\\\/informace\\\/navstevnicka-karta\\\/\",\"url\":\"https:\\\/\\\/urlaub-in-waldkirchen.de\\\/cs\\\/informace\\\/navstevnicka-karta\\\/\",\"name\":\"N\u00e1v\u0161t\u011bvnick\u00e1 karta - urlaub-in-waldkirchen.de\",\"isPartOf\":{\"@id\":\"https:\\\/\\\/urlaub-in-waldkirchen.de\\\/#website\"},\"datePublished\":\"2016-06-23T09:39:43+00:00\",\"dateModified\":\"2017-01-10T09:11:15+00:00\",\"description\":\"D\u00edky na\u0161\u00ed N\u00e1v\u0161t\u011bvnick\u00e9 kart\u011b z\u00edsk\u00e1te celou \u0159adu slev a bonus\u016f.\",\"breadcrumb\":{\"@id\":\"https:\\\/\\\/urlaub-in-waldkirchen.de\\\/cs\\\/informace\\\/navstevnicka-karta\\\/#breadcrumb\"},\"inLanguage\":\"cs\",\"potentialAction\":[{\"@type\":\"ReadAction\",\"target\":[\"https:\\\/\\\/urlaub-in-waldkirchen.de\\\/cs\\\/informace\\\/navstevnicka-karta\\\/\"]}]},{\"@type\":\"BreadcrumbList\",\"@id\":\"https:\\\/\\\/urlaub-in-waldkirchen.de\\\/cs\\\/informace\\\/navstevnicka-karta\\\/#breadcrumb\",\"itemListElement\":[{\"@type\":\"ListItem\",\"position\":1,\"name\":\"Startseite\",\"item\":\"https:\\\/\\\/urlaub-in-waldkirchen.de\\\/cs\\\/\"},{\"@type\":\"ListItem\",\"position\":2,\"name\":\"Informace\",\"item\":\"https:\\\/\\\/urlaub-in-waldkirchen.de\\\/cs\\\/informace\\\/\"},{\"@type\":\"ListItem\",\"position\":3,\"name\":\"N\u00e1v\u0161t\u011bvnick\u00e1 karta\"}]},{\"@type\":\"WebSite\",\"@id\":\"https:\\\/\\\/urlaub-in-waldkirchen.de\\\/#website\",\"url\":\"https:\\\/\\\/urlaub-in-waldkirchen.de\\\/\",\"name\":\"urlaub-in-waldkirchen.de\",\"description\":\"\",\"potentialAction\":[{\"@type\":\"SearchAction\",\"target\":{\"@type\":\"EntryPoint\",\"urlTemplate\":\"https:\\\/\\\/urlaub-in-waldkirchen.de\\\/?s={search_term_string}\"},\"query-input\":{\"@type\":\"PropertyValueSpecification\",\"valueRequired\":true,\"valueName\":\"search_term_string\"}}],\"inLanguage\":\"cs\"}]}<\/script>\n<!-- \/ Yoast SEO plugin. -->","yoast_head_json":{"title":"N\u00e1v\u0161t\u011bvnick\u00e1 karta - urlaub-in-waldkirchen.de","description":"D\u00edky na\u0161\u00ed N\u00e1v\u0161t\u011bvnick\u00e9 kart\u011b z\u00edsk\u00e1te celou \u0159adu slev a bonus\u016f.","robots":{"index":"index","follow":"follow","max-snippet":"max-snippet:-1","max-image-preview":"max-image-preview:large","max-video-preview":"max-video-preview:-1"},"canonical":"https:\/\/urlaub-in-waldkirchen.de\/cs\/informace\/navstevnicka-karta\/","og_locale":"cs_CZ","og_type":"article","og_title":"N\u00e1v\u0161t\u011bvnick\u00e1 karta - urlaub-in-waldkirchen.de","og_description":"D\u00edky na\u0161\u00ed N\u00e1v\u0161t\u011bvnick\u00e9 kart\u011b z\u00edsk\u00e1te celou \u0159adu slev a bonus\u016f.","og_url":"https:\/\/urlaub-in-waldkirchen.de\/cs\/informace\/navstevnicka-karta\/","og_site_name":"urlaub-in-waldkirchen.de","article_modified_time":"2017-01-10T09:11:15+00:00","twitter_card":"summary_large_image","twitter_misc":{"Odhadovan\u00e1 doba \u010dten\u00ed":"2 minuty"},"schema":{"@context":"https:\/\/schema.org","@graph":[{"@type":"WebPage","@id":"https:\/\/urlaub-in-waldkirchen.de\/cs\/informace\/navstevnicka-karta\/","url":"https:\/\/urlaub-in-waldkirchen.de\/cs\/informace\/navstevnicka-karta\/","name":"N\u00e1v\u0161t\u011bvnick\u00e1 karta - urlaub-in-waldkirchen.de","isPartOf":{"@id":"https:\/\/urlaub-in-waldkirchen.de\/#website"},"datePublished":"2016-06-23T09:39:43+00:00","dateModified":"2017-01-10T09:11:15+00:00","description":"D\u00edky na\u0161\u00ed N\u00e1v\u0161t\u011bvnick\u00e9 kart\u011b z\u00edsk\u00e1te celou \u0159adu slev a bonus\u016f.","breadcrumb":{"@id":"https:\/\/urlaub-in-waldkirchen.de\/cs\/informace\/navstevnicka-karta\/#breadcrumb"},"inLanguage":"cs","potentialAction":[{"@type":"ReadAction","target":["https:\/\/urlaub-in-waldkirchen.de\/cs\/informace\/navstevnicka-karta\/"]}]},{"@type":"BreadcrumbList","@id":"https:\/\/urlaub-in-waldkirchen.de\/cs\/informace\/navstevnicka-karta\/#breadcrumb","itemListElement":[{"@type":"ListItem","position":1,"name":"Startseite","item":"https:\/\/urlaub-in-waldkirchen.de\/cs\/"},{"@type":"ListItem","position":2,"name":"Informace","item":"https:\/\/urlaub-in-waldkirchen.de\/cs\/informace\/"},{"@type":"ListItem","position":3,"name":"N\u00e1v\u0161t\u011bvnick\u00e1 karta"}]},{"@type":"WebSite","@id":"https:\/\/urlaub-in-waldkirchen.de\/#website","url":"https:\/\/urlaub-in-waldkirchen.de\/","name":"urlaub-in-waldkirchen.de","description":"","potentialAction":[{"@type":"SearchAction","target":{"@type":"EntryPoint","urlTemplate":"https:\/\/urlaub-in-waldkirchen.de\/?s={search_term_string}"},"query-input":{"@type":"PropertyValueSpecification","valueRequired":true,"valueName":"search_term_string"}}],"inLanguage":"cs"}]}},"_links":{"self":[{"href":"https:\/\/urlaub-in-waldkirchen.de\/cs\/wp-json\/wp\/v2\/pages\/2081","targetHints":{"allow":["GET"]}}],"collection":[{"href":"https:\/\/urlaub-in-waldkirchen.de\/cs\/wp-json\/wp\/v2\/pages"}],"about":[{"href":"https:\/\/urlaub-in-waldkirchen.de\/cs\/wp-json\/wp\/v2\/types\/page"}],"author":[{"embeddable":true,"href":"https:\/\/urlaub-in-waldkirchen.de\/cs\/wp-json\/wp\/v2\/users\/2"}],"replies":[{"embeddable":true,"href":"https:\/\/urlaub-in-waldkirchen.de\/cs\/wp-json\/wp\/v2\/comments?post=2081"}],"version-history":[{"count":2,"href":"https:\/\/urlaub-in-waldkirchen.de\/cs\/wp-json\/wp\/v2\/pages\/2081\/revisions"}],"predecessor-version":[{"id":4105,"href":"https:\/\/urlaub-in-waldkirchen.de\/cs\/wp-json\/wp\/v2\/pages\/2081\/revisions\/4105"}],"up":[{"embeddable":true,"href":"https:\/\/urlaub-in-waldkirchen.de\/cs\/wp-json\/wp\/v2\/pages\/1912"}],"wp:attachment":[{"href":"https:\/\/urlaub-in-waldkirchen.de\/cs\/wp-json\/wp\/v2\/media?parent=2081"}],"curies":[{"name":"wp","href":"https:\/\/api.w.org\/{rel}","templated":true}]}}