{"id":2203,"date":"2016-04-21T16:33:27","date_gmt":"2016-04-21T14:33:27","guid":{"rendered":"https:\/\/urlaub-in-waldkirchen.de\/cs\/informace\/online-zimmerauskunft\/"},"modified":"2016-08-24T08:32:37","modified_gmt":"2016-08-24T06:32:37","slug":"online-rezervace-ubytovani","status":"publish","type":"page","link":"https:\/\/urlaub-in-waldkirchen.de\/cs\/informace\/online-rezervace-ubytovani\/","title":{"rendered":"Online rezervace ubytov\u00e1n\u00ed"},"content":{"rendered":"<div class=\"wpb-content-wrapper\"><p>[vc_row][vc_column][vc_empty_space height=&#8220;20px&#8220;][vc_column_text]<\/p>\n<h1>Online rezervace ubytov\u00e1n\u00ed<\/h1>\n<h4>Vyhledejte si voln\u00e9 ubytov\u00e1n\u00ed a ihned rezervujte<\/h4>\n<p>[\/vc_column_text][vc_separator color=&#8220;custom&#8220; accent_color=&#8220;#95c11f&#8220;][\/vc_column][\/vc_row][vc_row full_height=&#8220;yes&#8220;][vc_column][vc_column_text]<iframe loading=\"lazy\" src=\"https:\/\/si.mywintopservices.de\/index.php?ci=tb_wak\" width=\"100%\" height=\"800px\" frameborder=\"0\"><\/iframe>[\/vc_column_text][\/vc_column][\/vc_row]<\/p>\n<\/div>","protected":false},"excerpt":{"rendered":"<p>[vc_row][vc_column][vc_empty_space height=&#8220;20px&#8220;][vc_column_text] Online rezervace ubytov\u00e1n\u00ed Vyhledejte si voln\u00e9 ubytov\u00e1n\u00ed a ihned rezervujte [\/vc_column_text][vc_separator color=&#8220;custom&#8220; accent_color=&#8220;#95c11f&#8220;][\/vc_column][\/vc_row][vc_row full_height=&#8220;yes&#8220;][vc_column][vc_column_text][\/vc_column_text][\/vc_column][\/vc_row]<\/p>\n","protected":false},"author":2,"featured_media":0,"parent":1912,"menu_order":0,"comment_status":"closed","ping_status":"closed","template":"","meta":{"footnotes":""},"class_list":["post-2203","page","type-page","status-publish","hentry"],"yoast_head":"<!-- This site is optimized with the Yoast SEO plugin v27.3 - https:\/\/yoast.com\/product\/yoast-seo-wordpress\/ -->\n<title>Online rezervace ubytov\u00e1n\u00ed - urlaub-in-waldkirchen.de<\/title>\n<meta name=\"description\" content=\"Vyhledejte si voln\u00e9 ubytov\u00e1n\u00ed a ihned rezervujte\" \/>\n<meta name=\"robots\" content=\"index, follow, max-snippet:-1, max-image-preview:large, max-video-preview:-1\" \/>\n<link rel=\"canonical\" href=\"https:\/\/urlaub-in-waldkirchen.de\/cs\/informace\/online-rezervace-ubytovani\/\" \/>\n<meta property=\"og:locale\" content=\"cs_CZ\" \/>\n<meta property=\"og:type\" content=\"article\" \/>\n<meta property=\"og:title\" content=\"Online rezervace ubytov\u00e1n\u00ed - urlaub-in-waldkirchen.de\" \/>\n<meta property=\"og:description\" content=\"Vyhledejte si voln\u00e9 ubytov\u00e1n\u00ed a ihned rezervujte\" \/>\n<meta property=\"og:url\" content=\"https:\/\/urlaub-in-waldkirchen.de\/cs\/informace\/online-rezervace-ubytovani\/\" \/>\n<meta property=\"og:site_name\" content=\"urlaub-in-waldkirchen.de\" \/>\n<meta property=\"article:modified_time\" content=\"2016-08-24T06:32:37+00:00\" \/>\n<meta name=\"twitter:card\" content=\"summary_large_image\" \/>\n<script type=\"application\/ld+json\" class=\"yoast-schema-graph\">{\"@context\":\"https:\\\/\\\/schema.org\",\"@graph\":[{\"@type\":\"WebPage\",\"@id\":\"https:\\\/\\\/urlaub-in-waldkirchen.de\\\/cs\\\/informace\\\/online-rezervace-ubytovani\\\/\",\"url\":\"https:\\\/\\\/urlaub-in-waldkirchen.de\\\/cs\\\/informace\\\/online-rezervace-ubytovani\\\/\",\"name\":\"Online rezervace ubytov\u00e1n\u00ed - urlaub-in-waldkirchen.de\",\"isPartOf\":{\"@id\":\"https:\\\/\\\/urlaub-in-waldkirchen.de\\\/#website\"},\"datePublished\":\"2016-04-21T14:33:27+00:00\",\"dateModified\":\"2016-08-24T06:32:37+00:00\",\"description\":\"Vyhledejte si voln\u00e9 ubytov\u00e1n\u00ed a ihned rezervujte\",\"breadcrumb\":{\"@id\":\"https:\\\/\\\/urlaub-in-waldkirchen.de\\\/cs\\\/informace\\\/online-rezervace-ubytovani\\\/#breadcrumb\"},\"inLanguage\":\"cs\",\"potentialAction\":[{\"@type\":\"ReadAction\",\"target\":[\"https:\\\/\\\/urlaub-in-waldkirchen.de\\\/cs\\\/informace\\\/online-rezervace-ubytovani\\\/\"]}]},{\"@type\":\"BreadcrumbList\",\"@id\":\"https:\\\/\\\/urlaub-in-waldkirchen.de\\\/cs\\\/informace\\\/online-rezervace-ubytovani\\\/#breadcrumb\",\"itemListElement\":[{\"@type\":\"ListItem\",\"position\":1,\"name\":\"Startseite\",\"item\":\"https:\\\/\\\/urlaub-in-waldkirchen.de\\\/cs\\\/\"},{\"@type\":\"ListItem\",\"position\":2,\"name\":\"Informace\",\"item\":\"https:\\\/\\\/urlaub-in-waldkirchen.de\\\/cs\\\/informace\\\/\"},{\"@type\":\"ListItem\",\"position\":3,\"name\":\"Online rezervace ubytov\u00e1n\u00ed\"}]},{\"@type\":\"WebSite\",\"@id\":\"https:\\\/\\\/urlaub-in-waldkirchen.de\\\/#website\",\"url\":\"https:\\\/\\\/urlaub-in-waldkirchen.de\\\/\",\"name\":\"urlaub-in-waldkirchen.de\",\"description\":\"\",\"potentialAction\":[{\"@type\":\"SearchAction\",\"target\":{\"@type\":\"EntryPoint\",\"urlTemplate\":\"https:\\\/\\\/urlaub-in-waldkirchen.de\\\/?s={search_term_string}\"},\"query-input\":{\"@type\":\"PropertyValueSpecification\",\"valueRequired\":true,\"valueName\":\"search_term_string\"}}],\"inLanguage\":\"cs\"}]}<\/script>\n<!-- \/ Yoast SEO plugin. -->","yoast_head_json":{"title":"Online rezervace ubytov\u00e1n\u00ed - urlaub-in-waldkirchen.de","description":"Vyhledejte si voln\u00e9 ubytov\u00e1n\u00ed a ihned rezervujte","robots":{"index":"index","follow":"follow","max-snippet":"max-snippet:-1","max-image-preview":"max-image-preview:large","max-video-preview":"max-video-preview:-1"},"canonical":"https:\/\/urlaub-in-waldkirchen.de\/cs\/informace\/online-rezervace-ubytovani\/","og_locale":"cs_CZ","og_type":"article","og_title":"Online rezervace ubytov\u00e1n\u00ed - urlaub-in-waldkirchen.de","og_description":"Vyhledejte si voln\u00e9 ubytov\u00e1n\u00ed a ihned rezervujte","og_url":"https:\/\/urlaub-in-waldkirchen.de\/cs\/informace\/online-rezervace-ubytovani\/","og_site_name":"urlaub-in-waldkirchen.de","article_modified_time":"2016-08-24T06:32:37+00:00","twitter_card":"summary_large_image","schema":{"@context":"https:\/\/schema.org","@graph":[{"@type":"WebPage","@id":"https:\/\/urlaub-in-waldkirchen.de\/cs\/informace\/online-rezervace-ubytovani\/","url":"https:\/\/urlaub-in-waldkirchen.de\/cs\/informace\/online-rezervace-ubytovani\/","name":"Online rezervace ubytov\u00e1n\u00ed - urlaub-in-waldkirchen.de","isPartOf":{"@id":"https:\/\/urlaub-in-waldkirchen.de\/#website"},"datePublished":"2016-04-21T14:33:27+00:00","dateModified":"2016-08-24T06:32:37+00:00","description":"Vyhledejte si voln\u00e9 ubytov\u00e1n\u00ed a ihned rezervujte","breadcrumb":{"@id":"https:\/\/urlaub-in-waldkirchen.de\/cs\/informace\/online-rezervace-ubytovani\/#breadcrumb"},"inLanguage":"cs","potentialAction":[{"@type":"ReadAction","target":["https:\/\/urlaub-in-waldkirchen.de\/cs\/informace\/online-rezervace-ubytovani\/"]}]},{"@type":"BreadcrumbList","@id":"https:\/\/urlaub-in-waldkirchen.de\/cs\/informace\/online-rezervace-ubytovani\/#breadcrumb","itemListElement":[{"@type":"ListItem","position":1,"name":"Startseite","item":"https:\/\/urlaub-in-waldkirchen.de\/cs\/"},{"@type":"ListItem","position":2,"name":"Informace","item":"https:\/\/urlaub-in-waldkirchen.de\/cs\/informace\/"},{"@type":"ListItem","position":3,"name":"Online rezervace ubytov\u00e1n\u00ed"}]},{"@type":"WebSite","@id":"https:\/\/urlaub-in-waldkirchen.de\/#website","url":"https:\/\/urlaub-in-waldkirchen.de\/","name":"urlaub-in-waldkirchen.de","description":"","potentialAction":[{"@type":"SearchAction","target":{"@type":"EntryPoint","urlTemplate":"https:\/\/urlaub-in-waldkirchen.de\/?s={search_term_string}"},"query-input":{"@type":"PropertyValueSpecification","valueRequired":true,"valueName":"search_term_string"}}],"inLanguage":"cs"}]}},"_links":{"self":[{"href":"https:\/\/urlaub-in-waldkirchen.de\/cs\/wp-json\/wp\/v2\/pages\/2203","targetHints":{"allow":["GET"]}}],"collection":[{"href":"https:\/\/urlaub-in-waldkirchen.de\/cs\/wp-json\/wp\/v2\/pages"}],"about":[{"href":"https:\/\/urlaub-in-waldkirchen.de\/cs\/wp-json\/wp\/v2\/types\/page"}],"author":[{"embeddable":true,"href":"https:\/\/urlaub-in-waldkirchen.de\/cs\/wp-json\/wp\/v2\/users\/2"}],"replies":[{"embeddable":true,"href":"https:\/\/urlaub-in-waldkirchen.de\/cs\/wp-json\/wp\/v2\/comments?post=2203"}],"version-history":[{"count":0,"href":"https:\/\/urlaub-in-waldkirchen.de\/cs\/wp-json\/wp\/v2\/pages\/2203\/revisions"}],"up":[{"embeddable":true,"href":"https:\/\/urlaub-in-waldkirchen.de\/cs\/wp-json\/wp\/v2\/pages\/1912"}],"wp:attachment":[{"href":"https:\/\/urlaub-in-waldkirchen.de\/cs\/wp-json\/wp\/v2\/media?parent=2203"}],"curies":[{"name":"wp","href":"https:\/\/api.w.org\/{rel}","templated":true}]}}