{"id":2400,"date":"2016-04-21T16:05:05","date_gmt":"2016-04-21T14:05:05","guid":{"rendered":"https:\/\/urlaub-in-waldkirchen.de\/cs\/veranstaltungen\/"},"modified":"2016-08-24T08:26:48","modified_gmt":"2016-08-24T06:26:48","slug":"kalendar-akci","status":"publish","type":"page","link":"https:\/\/urlaub-in-waldkirchen.de\/cs\/aktualni-informace\/kalendar-akci\/","title":{"rendered":"Kalend\u00e1\u0159 akc\u00ed"},"content":{"rendered":"<div class=\"wpb-content-wrapper\"><p>[vc_row][vc_column][vc_empty_space height=&#8220;20px&#8220;][vc_column_text]<\/p>\n<h1>Kalend\u00e1\u0159 akc\u00ed<\/h1>\n<h4>Co se d\u011bje ve Waldkirchenu \u2013 tady najdete p\u0159ehled v\u0161ech akc\u00ed!<\/h4>\n<p>[\/vc_column_text][vc_separator color=&#8220;custom&#8220; accent_color=&#8220;#95c11f&#8220;][vc_column_text]<iframe loading=\"lazy\" src=\"https:\/\/wintopevents.de\/myindex.php?ci=tb_wak\" width=\"100%\" height=\"800px\" frameborder=\"0\"><\/iframe>[\/vc_column_text][\/vc_column][\/vc_row]<\/p>\n<\/div>","protected":false},"excerpt":{"rendered":"<p>[vc_row][vc_column][vc_empty_space height=&#8220;20px&#8220;][vc_column_text] Kalend\u00e1\u0159 akc\u00ed Co se d\u011bje ve Waldkirchenu \u2013 tady najdete p\u0159ehled v\u0161ech akc\u00ed! [\/vc_column_text][vc_separator color=&#8220;custom&#8220; accent_color=&#8220;#95c11f&#8220;][vc_column_text][\/vc_column_text][\/vc_column][\/vc_row]<\/p>\n","protected":false},"author":2,"featured_media":0,"parent":2404,"menu_order":0,"comment_status":"closed","ping_status":"closed","template":"","meta":{"footnotes":""},"class_list":["post-2400","page","type-page","status-publish","hentry"],"yoast_head":"<!-- This site is optimized with the Yoast SEO plugin v27.3 - https:\/\/yoast.com\/product\/yoast-seo-wordpress\/ -->\n<title>Kalend\u00e1\u0159 akc\u00ed - urlaub-in-waldkirchen.de<\/title>\n<meta name=\"description\" content=\"Was ist los in Waldkirchen \u2013 hier finden Sie alle Veranstaltungen!\" \/>\n<meta name=\"robots\" content=\"index, follow, max-snippet:-1, max-image-preview:large, max-video-preview:-1\" \/>\n<link rel=\"canonical\" href=\"https:\/\/urlaub-in-waldkirchen.de\/cs\/aktualni-informace\/kalendar-akci\/\" \/>\n<meta property=\"og:locale\" content=\"cs_CZ\" \/>\n<meta property=\"og:type\" content=\"article\" \/>\n<meta property=\"og:title\" content=\"Kalend\u00e1\u0159 akc\u00ed - urlaub-in-waldkirchen.de\" \/>\n<meta property=\"og:description\" content=\"Was ist los in Waldkirchen \u2013 hier finden Sie alle Veranstaltungen!\" \/>\n<meta property=\"og:url\" content=\"https:\/\/urlaub-in-waldkirchen.de\/cs\/aktualni-informace\/kalendar-akci\/\" \/>\n<meta property=\"og:site_name\" content=\"urlaub-in-waldkirchen.de\" \/>\n<meta property=\"article:modified_time\" content=\"2016-08-24T06:26:48+00:00\" \/>\n<meta name=\"twitter:card\" content=\"summary_large_image\" \/>\n<script type=\"application\/ld+json\" class=\"yoast-schema-graph\">{\"@context\":\"https:\\\/\\\/schema.org\",\"@graph\":[{\"@type\":\"WebPage\",\"@id\":\"https:\\\/\\\/urlaub-in-waldkirchen.de\\\/cs\\\/aktualni-informace\\\/kalendar-akci\\\/\",\"url\":\"https:\\\/\\\/urlaub-in-waldkirchen.de\\\/cs\\\/aktualni-informace\\\/kalendar-akci\\\/\",\"name\":\"Kalend\u00e1\u0159 akc\u00ed - urlaub-in-waldkirchen.de\",\"isPartOf\":{\"@id\":\"https:\\\/\\\/urlaub-in-waldkirchen.de\\\/#website\"},\"datePublished\":\"2016-04-21T14:05:05+00:00\",\"dateModified\":\"2016-08-24T06:26:48+00:00\",\"description\":\"Was ist los in Waldkirchen \u2013 hier finden Sie alle Veranstaltungen!\",\"breadcrumb\":{\"@id\":\"https:\\\/\\\/urlaub-in-waldkirchen.de\\\/cs\\\/aktualni-informace\\\/kalendar-akci\\\/#breadcrumb\"},\"inLanguage\":\"cs\",\"potentialAction\":[{\"@type\":\"ReadAction\",\"target\":[\"https:\\\/\\\/urlaub-in-waldkirchen.de\\\/cs\\\/aktualni-informace\\\/kalendar-akci\\\/\"]}]},{\"@type\":\"BreadcrumbList\",\"@id\":\"https:\\\/\\\/urlaub-in-waldkirchen.de\\\/cs\\\/aktualni-informace\\\/kalendar-akci\\\/#breadcrumb\",\"itemListElement\":[{\"@type\":\"ListItem\",\"position\":1,\"name\":\"Startseite\",\"item\":\"https:\\\/\\\/urlaub-in-waldkirchen.de\\\/cs\\\/\"},{\"@type\":\"ListItem\",\"position\":2,\"name\":\"Aktu\u00e1ln\u00ed informace\",\"item\":\"https:\\\/\\\/urlaub-in-waldkirchen.de\\\/cs\\\/aktualni-informace\\\/\"},{\"@type\":\"ListItem\",\"position\":3,\"name\":\"Kalend\u00e1\u0159 akc\u00ed\"}]},{\"@type\":\"WebSite\",\"@id\":\"https:\\\/\\\/urlaub-in-waldkirchen.de\\\/#website\",\"url\":\"https:\\\/\\\/urlaub-in-waldkirchen.de\\\/\",\"name\":\"urlaub-in-waldkirchen.de\",\"description\":\"\",\"potentialAction\":[{\"@type\":\"SearchAction\",\"target\":{\"@type\":\"EntryPoint\",\"urlTemplate\":\"https:\\\/\\\/urlaub-in-waldkirchen.de\\\/?s={search_term_string}\"},\"query-input\":{\"@type\":\"PropertyValueSpecification\",\"valueRequired\":true,\"valueName\":\"search_term_string\"}}],\"inLanguage\":\"cs\"}]}<\/script>\n<!-- \/ Yoast SEO plugin. -->","yoast_head_json":{"title":"Kalend\u00e1\u0159 akc\u00ed - urlaub-in-waldkirchen.de","description":"Was ist los in Waldkirchen \u2013 hier finden Sie alle Veranstaltungen!","robots":{"index":"index","follow":"follow","max-snippet":"max-snippet:-1","max-image-preview":"max-image-preview:large","max-video-preview":"max-video-preview:-1"},"canonical":"https:\/\/urlaub-in-waldkirchen.de\/cs\/aktualni-informace\/kalendar-akci\/","og_locale":"cs_CZ","og_type":"article","og_title":"Kalend\u00e1\u0159 akc\u00ed - urlaub-in-waldkirchen.de","og_description":"Was ist los in Waldkirchen \u2013 hier finden Sie alle Veranstaltungen!","og_url":"https:\/\/urlaub-in-waldkirchen.de\/cs\/aktualni-informace\/kalendar-akci\/","og_site_name":"urlaub-in-waldkirchen.de","article_modified_time":"2016-08-24T06:26:48+00:00","twitter_card":"summary_large_image","schema":{"@context":"https:\/\/schema.org","@graph":[{"@type":"WebPage","@id":"https:\/\/urlaub-in-waldkirchen.de\/cs\/aktualni-informace\/kalendar-akci\/","url":"https:\/\/urlaub-in-waldkirchen.de\/cs\/aktualni-informace\/kalendar-akci\/","name":"Kalend\u00e1\u0159 akc\u00ed - urlaub-in-waldkirchen.de","isPartOf":{"@id":"https:\/\/urlaub-in-waldkirchen.de\/#website"},"datePublished":"2016-04-21T14:05:05+00:00","dateModified":"2016-08-24T06:26:48+00:00","description":"Was ist los in Waldkirchen \u2013 hier finden Sie alle Veranstaltungen!","breadcrumb":{"@id":"https:\/\/urlaub-in-waldkirchen.de\/cs\/aktualni-informace\/kalendar-akci\/#breadcrumb"},"inLanguage":"cs","potentialAction":[{"@type":"ReadAction","target":["https:\/\/urlaub-in-waldkirchen.de\/cs\/aktualni-informace\/kalendar-akci\/"]}]},{"@type":"BreadcrumbList","@id":"https:\/\/urlaub-in-waldkirchen.de\/cs\/aktualni-informace\/kalendar-akci\/#breadcrumb","itemListElement":[{"@type":"ListItem","position":1,"name":"Startseite","item":"https:\/\/urlaub-in-waldkirchen.de\/cs\/"},{"@type":"ListItem","position":2,"name":"Aktu\u00e1ln\u00ed informace","item":"https:\/\/urlaub-in-waldkirchen.de\/cs\/aktualni-informace\/"},{"@type":"ListItem","position":3,"name":"Kalend\u00e1\u0159 akc\u00ed"}]},{"@type":"WebSite","@id":"https:\/\/urlaub-in-waldkirchen.de\/#website","url":"https:\/\/urlaub-in-waldkirchen.de\/","name":"urlaub-in-waldkirchen.de","description":"","potentialAction":[{"@type":"SearchAction","target":{"@type":"EntryPoint","urlTemplate":"https:\/\/urlaub-in-waldkirchen.de\/?s={search_term_string}"},"query-input":{"@type":"PropertyValueSpecification","valueRequired":true,"valueName":"search_term_string"}}],"inLanguage":"cs"}]}},"_links":{"self":[{"href":"https:\/\/urlaub-in-waldkirchen.de\/cs\/wp-json\/wp\/v2\/pages\/2400","targetHints":{"allow":["GET"]}}],"collection":[{"href":"https:\/\/urlaub-in-waldkirchen.de\/cs\/wp-json\/wp\/v2\/pages"}],"about":[{"href":"https:\/\/urlaub-in-waldkirchen.de\/cs\/wp-json\/wp\/v2\/types\/page"}],"author":[{"embeddable":true,"href":"https:\/\/urlaub-in-waldkirchen.de\/cs\/wp-json\/wp\/v2\/users\/2"}],"replies":[{"embeddable":true,"href":"https:\/\/urlaub-in-waldkirchen.de\/cs\/wp-json\/wp\/v2\/comments?post=2400"}],"version-history":[{"count":0,"href":"https:\/\/urlaub-in-waldkirchen.de\/cs\/wp-json\/wp\/v2\/pages\/2400\/revisions"}],"up":[{"embeddable":true,"href":"https:\/\/urlaub-in-waldkirchen.de\/cs\/wp-json\/wp\/v2\/pages\/2404"}],"wp:attachment":[{"href":"https:\/\/urlaub-in-waldkirchen.de\/cs\/wp-json\/wp\/v2\/media?parent=2400"}],"curies":[{"name":"wp","href":"https:\/\/api.w.org\/{rel}","templated":true}]}}