{"id":2404,"date":"2016-04-14T15:31:28","date_gmt":"2016-04-14T13:31:28","guid":{"rendered":"https:\/\/urlaub-in-waldkirchen.de\/cs\/aktuelles\/"},"modified":"2016-07-18T08:34:00","modified_gmt":"2016-07-18T06:34:00","slug":"aktualni-informace","status":"publish","type":"page","link":"https:\/\/urlaub-in-waldkirchen.de\/cs\/aktualni-informace\/","title":{"rendered":"Aktu\u00e1ln\u00ed informace"},"content":{"rendered":"<div class=\"wpb-content-wrapper\"><p>[vc_row][vc_column][vc_empty_space height=&#8220;20px&#8220;][vc_column_text]<\/p>\n<h1>Aktu\u00e1ln\u00ed informace<\/h1>\n<h4>Novinky, akce, webov\u00e9 kamery, po\u010das\u00ed a sn\u011bhov\u00e9 zpravodajstv\u00ed \u2013 tady najdete ve\u0161ker\u00e9 aktu\u00e1ln\u00ed informace z regionu Waldkirchenu.<\/h4>\n<p>[\/vc_column_text][vc_separator color=&#8220;custom&#8220; accent_color=&#8220;#95c11f&#8220;][\/vc_column][\/vc_row][vc_row][vc_column width=&#8220;1\/4&#8243;]<div class=\"sliding_box\"><a href=\"http:\/\/waldkirchen.de\/aktuelles-uebersicht\/\" target=\"_blank\" title=\"\"><div class=\"photo_wrapper\"><img loading=\"lazy\" decoding=\"async\" class=\"scale-with-grid\" src=\"https:\/\/urlaub-in-waldkirchen.de\/wp-content\/uploads\/2016\/04\/News.jpg\" alt=\"News\" width=\"600\" height=\"400\"\/><\/div><div class=\"desc_wrapper\"><h4 class=\"title \">Novinky<\/h4><\/div><\/a><\/div>\n[\/vc_column][vc_column width=&#8220;1\/4&#8243;]<div class=\"sliding_box\"><a href=\"https:\/\/urlaub-in-waldkirchen.de\/cs\/aktuelles\/kalendar-akci\/\"  title=\"\"><div class=\"photo_wrapper\"><img loading=\"lazy\" decoding=\"async\" class=\"scale-with-grid\" src=\"https:\/\/urlaub-in-waldkirchen.de\/wp-content\/uploads\/2016\/04\/Veranstaltungen.jpg\" alt=\"Veranstaltungen\" width=\"600\" height=\"400\"\/><\/div><div class=\"desc_wrapper\"><h4 class=\"title \"> Akce<\/h4><\/div><\/a><\/div>\n[\/vc_column][vc_column width=&#8220;1\/4&#8243;]<div class=\"sliding_box\"><a href=\"https:\/\/urlaub-in-waldkirchen.de\/cs\/aktualni-informace\/webove-kamery\/\"  title=\"\"><div class=\"photo_wrapper\"><img loading=\"lazy\" decoding=\"async\" class=\"scale-with-grid\" src=\"https:\/\/urlaub-in-waldkirchen.de\/wp-content\/uploads\/2016\/04\/webcams.jpg\" alt=\"webcams\" width=\"600\" height=\"400\"\/><\/div><div class=\"desc_wrapper\"><h4 class=\"title \">Webov\u00e9 kamery<\/h4><\/div><\/a><\/div>\n[\/vc_column][vc_column width=&#8220;1\/4&#8243;]<div class=\"sliding_box\"><a href=\"https:\/\/urlaub-in-waldkirchen.de\/cs\/aktualni-informace\/pocasi-a-snehove-zpravodajstvi\/\"  title=\"\"><div class=\"photo_wrapper\"><img loading=\"lazy\" decoding=\"async\" class=\"scale-with-grid\" src=\"https:\/\/urlaub-in-waldkirchen.de\/wp-content\/uploads\/2016\/04\/Wetter-Schneebericht.jpg\" alt=\"Wetter-Schneebericht\" width=\"600\" height=\"400\"\/><\/div><div class=\"desc_wrapper\"><h4 class=\"title \">Po\u010das\u00ed a sn\u011bhov\u00e9 zpravodajstv\u00ed<\/h4><\/div><\/a><\/div>\n[\/vc_column][\/vc_row]<\/p>\n<\/div>","protected":false},"excerpt":{"rendered":"<p>[vc_row][vc_column][vc_empty_space height=&#8220;20px&#8220;][vc_column_text] Aktu\u00e1ln\u00ed informace Novinky, akce, webov\u00e9 kamery, po\u010das\u00ed a sn\u011bhov\u00e9 zpravodajstv\u00ed \u2013 tady najdete ve\u0161ker\u00e9 aktu\u00e1ln\u00ed informace z regionu Waldkirchenu. [\/vc_column_text][vc_separator color=&#8220;custom&#8220; accent_color=&#8220;#95c11f&#8220;][\/vc_column][\/vc_row][vc_row][vc_column width=&#8220;1\/4&#8243;][\/vc_column][vc_column width=&#8220;1\/4&#8243;][\/vc_column][vc_column<span class=\"excerpt-hellip\"> [\u2026]<\/span><\/p>\n","protected":false},"author":2,"featured_media":0,"parent":0,"menu_order":0,"comment_status":"closed","ping_status":"closed","template":"","meta":{"footnotes":""},"class_list":["post-2404","page","type-page","status-publish","hentry"],"yoast_head":"<!-- This site is optimized with the Yoast SEO plugin v27.3 - https:\/\/yoast.com\/product\/yoast-seo-wordpress\/ -->\n<title>Aktu\u00e1ln\u00ed informace - urlaub-in-waldkirchen.de<\/title>\n<meta name=\"description\" content=\"Novinky, akce, webov\u00e9 kamery, po\u010das\u00ed a sn\u011bhov\u00e9 zpravodajstv\u00ed \u2013 tady najdete ve\u0161ker\u00e9 aktu\u00e1ln\u00ed informace z regionu Waldkirchenu.\" \/>\n<meta name=\"robots\" content=\"index, follow, max-snippet:-1, max-image-preview:large, max-video-preview:-1\" \/>\n<link rel=\"canonical\" href=\"https:\/\/urlaub-in-waldkirchen.de\/cs\/aktualni-informace\/\" \/>\n<meta property=\"og:locale\" content=\"cs_CZ\" \/>\n<meta property=\"og:type\" content=\"article\" \/>\n<meta property=\"og:title\" content=\"Aktu\u00e1ln\u00ed informace - urlaub-in-waldkirchen.de\" \/>\n<meta property=\"og:description\" content=\"Novinky, akce, webov\u00e9 kamery, po\u010das\u00ed a sn\u011bhov\u00e9 zpravodajstv\u00ed \u2013 tady najdete ve\u0161ker\u00e9 aktu\u00e1ln\u00ed informace z regionu Waldkirchenu.\" \/>\n<meta property=\"og:url\" content=\"https:\/\/urlaub-in-waldkirchen.de\/cs\/aktualni-informace\/\" \/>\n<meta property=\"og:site_name\" content=\"urlaub-in-waldkirchen.de\" \/>\n<meta property=\"article:modified_time\" content=\"2016-07-18T06:34:00+00:00\" \/>\n<meta name=\"twitter:card\" content=\"summary_large_image\" \/>\n<meta name=\"twitter:label1\" content=\"Odhadovan\u00e1 doba \u010dten\u00ed\" \/>\n\t<meta name=\"twitter:data1\" content=\"1 minuta\" \/>\n<script type=\"application\/ld+json\" class=\"yoast-schema-graph\">{\"@context\":\"https:\\\/\\\/schema.org\",\"@graph\":[{\"@type\":\"WebPage\",\"@id\":\"https:\\\/\\\/urlaub-in-waldkirchen.de\\\/cs\\\/aktualni-informace\\\/\",\"url\":\"https:\\\/\\\/urlaub-in-waldkirchen.de\\\/cs\\\/aktualni-informace\\\/\",\"name\":\"Aktu\u00e1ln\u00ed informace - urlaub-in-waldkirchen.de\",\"isPartOf\":{\"@id\":\"https:\\\/\\\/urlaub-in-waldkirchen.de\\\/#website\"},\"datePublished\":\"2016-04-14T13:31:28+00:00\",\"dateModified\":\"2016-07-18T06:34:00+00:00\",\"description\":\"Novinky, akce, webov\u00e9 kamery, po\u010das\u00ed a sn\u011bhov\u00e9 zpravodajstv\u00ed \u2013 tady najdete ve\u0161ker\u00e9 aktu\u00e1ln\u00ed informace z regionu Waldkirchenu.\",\"breadcrumb\":{\"@id\":\"https:\\\/\\\/urlaub-in-waldkirchen.de\\\/cs\\\/aktualni-informace\\\/#breadcrumb\"},\"inLanguage\":\"cs\",\"potentialAction\":[{\"@type\":\"ReadAction\",\"target\":[\"https:\\\/\\\/urlaub-in-waldkirchen.de\\\/cs\\\/aktualni-informace\\\/\"]}]},{\"@type\":\"BreadcrumbList\",\"@id\":\"https:\\\/\\\/urlaub-in-waldkirchen.de\\\/cs\\\/aktualni-informace\\\/#breadcrumb\",\"itemListElement\":[{\"@type\":\"ListItem\",\"position\":1,\"name\":\"Startseite\",\"item\":\"https:\\\/\\\/urlaub-in-waldkirchen.de\\\/cs\\\/\"},{\"@type\":\"ListItem\",\"position\":2,\"name\":\"Aktu\u00e1ln\u00ed informace\"}]},{\"@type\":\"WebSite\",\"@id\":\"https:\\\/\\\/urlaub-in-waldkirchen.de\\\/#website\",\"url\":\"https:\\\/\\\/urlaub-in-waldkirchen.de\\\/\",\"name\":\"urlaub-in-waldkirchen.de\",\"description\":\"\",\"potentialAction\":[{\"@type\":\"SearchAction\",\"target\":{\"@type\":\"EntryPoint\",\"urlTemplate\":\"https:\\\/\\\/urlaub-in-waldkirchen.de\\\/?s={search_term_string}\"},\"query-input\":{\"@type\":\"PropertyValueSpecification\",\"valueRequired\":true,\"valueName\":\"search_term_string\"}}],\"inLanguage\":\"cs\"}]}<\/script>\n<!-- \/ Yoast SEO plugin. -->","yoast_head_json":{"title":"Aktu\u00e1ln\u00ed informace - urlaub-in-waldkirchen.de","description":"Novinky, akce, webov\u00e9 kamery, po\u010das\u00ed a sn\u011bhov\u00e9 zpravodajstv\u00ed \u2013 tady najdete ve\u0161ker\u00e9 aktu\u00e1ln\u00ed informace z regionu Waldkirchenu.","robots":{"index":"index","follow":"follow","max-snippet":"max-snippet:-1","max-image-preview":"max-image-preview:large","max-video-preview":"max-video-preview:-1"},"canonical":"https:\/\/urlaub-in-waldkirchen.de\/cs\/aktualni-informace\/","og_locale":"cs_CZ","og_type":"article","og_title":"Aktu\u00e1ln\u00ed informace - urlaub-in-waldkirchen.de","og_description":"Novinky, akce, webov\u00e9 kamery, po\u010das\u00ed a sn\u011bhov\u00e9 zpravodajstv\u00ed \u2013 tady najdete ve\u0161ker\u00e9 aktu\u00e1ln\u00ed informace z regionu Waldkirchenu.","og_url":"https:\/\/urlaub-in-waldkirchen.de\/cs\/aktualni-informace\/","og_site_name":"urlaub-in-waldkirchen.de","article_modified_time":"2016-07-18T06:34:00+00:00","twitter_card":"summary_large_image","twitter_misc":{"Odhadovan\u00e1 doba \u010dten\u00ed":"1 minuta"},"schema":{"@context":"https:\/\/schema.org","@graph":[{"@type":"WebPage","@id":"https:\/\/urlaub-in-waldkirchen.de\/cs\/aktualni-informace\/","url":"https:\/\/urlaub-in-waldkirchen.de\/cs\/aktualni-informace\/","name":"Aktu\u00e1ln\u00ed informace - urlaub-in-waldkirchen.de","isPartOf":{"@id":"https:\/\/urlaub-in-waldkirchen.de\/#website"},"datePublished":"2016-04-14T13:31:28+00:00","dateModified":"2016-07-18T06:34:00+00:00","description":"Novinky, akce, webov\u00e9 kamery, po\u010das\u00ed a sn\u011bhov\u00e9 zpravodajstv\u00ed \u2013 tady najdete ve\u0161ker\u00e9 aktu\u00e1ln\u00ed informace z regionu Waldkirchenu.","breadcrumb":{"@id":"https:\/\/urlaub-in-waldkirchen.de\/cs\/aktualni-informace\/#breadcrumb"},"inLanguage":"cs","potentialAction":[{"@type":"ReadAction","target":["https:\/\/urlaub-in-waldkirchen.de\/cs\/aktualni-informace\/"]}]},{"@type":"BreadcrumbList","@id":"https:\/\/urlaub-in-waldkirchen.de\/cs\/aktualni-informace\/#breadcrumb","itemListElement":[{"@type":"ListItem","position":1,"name":"Startseite","item":"https:\/\/urlaub-in-waldkirchen.de\/cs\/"},{"@type":"ListItem","position":2,"name":"Aktu\u00e1ln\u00ed informace"}]},{"@type":"WebSite","@id":"https:\/\/urlaub-in-waldkirchen.de\/#website","url":"https:\/\/urlaub-in-waldkirchen.de\/","name":"urlaub-in-waldkirchen.de","description":"","potentialAction":[{"@type":"SearchAction","target":{"@type":"EntryPoint","urlTemplate":"https:\/\/urlaub-in-waldkirchen.de\/?s={search_term_string}"},"query-input":{"@type":"PropertyValueSpecification","valueRequired":true,"valueName":"search_term_string"}}],"inLanguage":"cs"}]}},"_links":{"self":[{"href":"https:\/\/urlaub-in-waldkirchen.de\/cs\/wp-json\/wp\/v2\/pages\/2404","targetHints":{"allow":["GET"]}}],"collection":[{"href":"https:\/\/urlaub-in-waldkirchen.de\/cs\/wp-json\/wp\/v2\/pages"}],"about":[{"href":"https:\/\/urlaub-in-waldkirchen.de\/cs\/wp-json\/wp\/v2\/types\/page"}],"author":[{"embeddable":true,"href":"https:\/\/urlaub-in-waldkirchen.de\/cs\/wp-json\/wp\/v2\/users\/2"}],"replies":[{"embeddable":true,"href":"https:\/\/urlaub-in-waldkirchen.de\/cs\/wp-json\/wp\/v2\/comments?post=2404"}],"version-history":[{"count":0,"href":"https:\/\/urlaub-in-waldkirchen.de\/cs\/wp-json\/wp\/v2\/pages\/2404\/revisions"}],"wp:attachment":[{"href":"https:\/\/urlaub-in-waldkirchen.de\/cs\/wp-json\/wp\/v2\/media?parent=2404"}],"curies":[{"name":"wp","href":"https:\/\/api.w.org\/{rel}","templated":true}]}}