{"id":2417,"date":"2016-04-26T16:44:11","date_gmt":"2016-04-26T14:44:11","guid":{"rendered":"https:\/\/urlaub-in-waldkirchen.de\/cs\/aktualni-informace\/webcams\/"},"modified":"2016-10-12T16:02:19","modified_gmt":"2016-10-12T14:02:19","slug":"webove-kamery","status":"publish","type":"page","link":"https:\/\/urlaub-in-waldkirchen.de\/cs\/aktualni-informace\/webove-kamery\/","title":{"rendered":"Webov\u00e9 kamery"},"content":{"rendered":"<div class=\"wpb-content-wrapper\"><p>[vc_row][vc_column][vc_empty_space height=&#8220;20px&#8220;][vc_column_text]<\/p>\n<h1>Webov\u00e9 kamery ve m\u011bst\u011b Waldkirchen<\/h1>\n<p>[\/vc_column_text][vc_separator color=&#8220;custom&#8220; accent_color=&#8220;#95c11f&#8220;][\/vc_column][\/vc_row][vc_row][vc_column][vc_tta_accordion style=&#8220;flat&#8220; shape=&#8220;square&#8220; c_icon=&#8220;chevron&#8220; active_section=&#8220;1&#8243; collapsible_all=&#8220;true&#8220;][vc_tta_section i_icon_fontawesome=&#8220;fa fa-camera&#8220; title=&#8220;Webov\u00e1 kamera n\u00e1m\u011bst\u00ed Waldkirchen&#8220; tab_id=&#8220;n\u00e1m\u011bst\u00ed-Waldkirchen&#8220; add_icon=&#8220;true&#8220;][vc_row_inner][vc_column_inner width=&#8220;1\/6&#8243;][\/vc_column_inner][vc_column_inner width=&#8220;2\/3&#8243;][vc_column_text][netcam-live url=&#8220;https:\/\/webcam.urlaub-in-waldkirchen.de\/stadtplatz\/current.jpg&#8220; refresh=&#8220;5000&#8243; width=&#8220;100%&#8220;]<\/p>\n<p>Pohled od Domu m\u00f3dy Garhammer na n\u00e1m\u011bst\u00ed s mari\u00e1nsk\u00fdm sloupem a ka\u0161nou.[\/vc_column_text][\/vc_column_inner][vc_column_inner width=&#8220;1\/6&#8243;][\/vc_column_inner][\/vc_row_inner][\/vc_tta_section][vc_tta_section i_icon_fontawesome=&#8220;fa fa-camera&#8220; title=&#8220;Webov\u00e1 kamera Oberfrauenwald&#8220; tab_id=&#8220;oberfrauenwald&#8220; add_icon=&#8220;true&#8220;][vc_row_inner][vc_column_inner][vc_column_text]<\/p>\n<p style=\"text-align: left;\">[huge_it_video_player id=&#8220;2&#8243;]<\/p>\n<p>[\/vc_column_text][vc_column_text]Oberfrauenwald le\u017e\u00ed v Bavorsk\u00e9m lese 5 km jihov\u00fdchodn\u011b od m\u011bsta Waldkirchen a dosahuje v\u00fd\u0161ky 945 m. Severn\u00edm sm\u011brem se nab\u00edz\u00ed v\u00fdhled na h\u0159eben T\u0159\u00edstoli\u010dn\u00edku, na z\u00e1pad se rozkl\u00e1d\u00e1 zem\u011b t\u0159\u00ed hrad\u016f Dreiburgenland a na jihu je mo\u017en\u00e9 p\u0159i p\u0159\u00edzniv\u00fdch podm\u00ednk\u00e1ch zahl\u00e9dnout poho\u0159\u00ed Dachsteinu a Salcbursk\u00e9 Alpy.[\/vc_column_text][\/vc_column_inner][\/vc_row_inner][\/vc_tta_section][\/vc_tta_accordion][\/vc_column][\/vc_row]<\/p>\n<\/div>","protected":false},"excerpt":{"rendered":"<p>[vc_row][vc_column][vc_empty_space height=&#8220;20px&#8220;][vc_column_text] Webov\u00e9 kamery ve m\u011bst\u011b Waldkirchen [\/vc_column_text][vc_separator color=&#8220;custom&#8220; accent_color=&#8220;#95c11f&#8220;][\/vc_column][\/vc_row][vc_row][vc_column][vc_tta_accordion style=&#8220;flat&#8220; shape=&#8220;square&#8220; c_icon=&#8220;chevron&#8220; active_section=&#8220;1&#8243; collapsible_all=&#8220;true&#8220;][vc_tta_section i_icon_fontawesome=&#8220;fa fa-camera&#8220; title=&#8220;Webov\u00e1 kamera n\u00e1m\u011bst\u00ed Waldkirchen&#8220; tab_id=&#8220;n\u00e1m\u011bst\u00ed-Waldkirchen&#8220; add_icon=&#8220;true&#8220;][vc_row_inner][vc_column_inner width=&#8220;1\/6&#8243;][\/vc_column_inner][vc_column_inner width=&#8220;2\/3&#8243;][vc_column_text][netcam-live url=&#8220;https:\/\/webcam.urlaub-in-waldkirchen.de\/stadtplatz\/current.jpg&#8220;<span class=\"excerpt-hellip\"> [\u2026]<\/span><\/p>\n","protected":false},"author":2,"featured_media":0,"parent":2404,"menu_order":0,"comment_status":"closed","ping_status":"closed","template":"","meta":{"footnotes":""},"class_list":["post-2417","page","type-page","status-publish","hentry"],"yoast_head":"<!-- This site is optimized with the Yoast SEO plugin v27.0 - https:\/\/yoast.com\/product\/yoast-seo-wordpress\/ -->\n<title>Webov\u00e9 kamery - urlaub-in-waldkirchen.de<\/title>\n<meta name=\"description\" content=\"Webov\u00e9 kamery\" \/>\n<meta name=\"robots\" content=\"index, follow, max-snippet:-1, max-image-preview:large, max-video-preview:-1\" \/>\n<link rel=\"canonical\" href=\"https:\/\/urlaub-in-waldkirchen.de\/cs\/aktualni-informace\/webove-kamery\/\" \/>\n<meta property=\"og:locale\" content=\"cs_CZ\" \/>\n<meta property=\"og:type\" content=\"article\" \/>\n<meta property=\"og:title\" content=\"Webov\u00e9 kamery - urlaub-in-waldkirchen.de\" \/>\n<meta property=\"og:description\" content=\"Webov\u00e9 kamery\" \/>\n<meta property=\"og:url\" content=\"https:\/\/urlaub-in-waldkirchen.de\/cs\/aktualni-informace\/webove-kamery\/\" \/>\n<meta property=\"og:site_name\" content=\"urlaub-in-waldkirchen.de\" \/>\n<meta property=\"article:modified_time\" content=\"2016-10-12T14:02:19+00:00\" \/>\n<meta name=\"twitter:card\" content=\"summary_large_image\" \/>\n<meta name=\"twitter:label1\" content=\"Odhadovan\u00e1 doba \u010dten\u00ed\" \/>\n\t<meta name=\"twitter:data1\" content=\"1 minuta\" \/>\n<script type=\"application\/ld+json\" class=\"yoast-schema-graph\">{\"@context\":\"https:\/\/schema.org\",\"@graph\":[{\"@type\":\"WebPage\",\"@id\":\"https:\/\/urlaub-in-waldkirchen.de\/cs\/aktualni-informace\/webove-kamery\/\",\"url\":\"https:\/\/urlaub-in-waldkirchen.de\/cs\/aktualni-informace\/webove-kamery\/\",\"name\":\"Webov\u00e9 kamery - urlaub-in-waldkirchen.de\",\"isPartOf\":{\"@id\":\"https:\/\/urlaub-in-waldkirchen.de\/#website\"},\"datePublished\":\"2016-04-26T14:44:11+00:00\",\"dateModified\":\"2016-10-12T14:02:19+00:00\",\"description\":\"Webov\u00e9 kamery\",\"breadcrumb\":{\"@id\":\"https:\/\/urlaub-in-waldkirchen.de\/cs\/aktualni-informace\/webove-kamery\/#breadcrumb\"},\"inLanguage\":\"cs\",\"potentialAction\":[{\"@type\":\"ReadAction\",\"target\":[\"https:\/\/urlaub-in-waldkirchen.de\/cs\/aktualni-informace\/webove-kamery\/\"]}]},{\"@type\":\"BreadcrumbList\",\"@id\":\"https:\/\/urlaub-in-waldkirchen.de\/cs\/aktualni-informace\/webove-kamery\/#breadcrumb\",\"itemListElement\":[{\"@type\":\"ListItem\",\"position\":1,\"name\":\"Startseite\",\"item\":\"https:\/\/urlaub-in-waldkirchen.de\/cs\/\"},{\"@type\":\"ListItem\",\"position\":2,\"name\":\"Aktu\u00e1ln\u00ed informace\",\"item\":\"https:\/\/urlaub-in-waldkirchen.de\/cs\/aktualni-informace\/\"},{\"@type\":\"ListItem\",\"position\":3,\"name\":\"Webov\u00e9 kamery\"}]},{\"@type\":\"WebSite\",\"@id\":\"https:\/\/urlaub-in-waldkirchen.de\/#website\",\"url\":\"https:\/\/urlaub-in-waldkirchen.de\/\",\"name\":\"urlaub-in-waldkirchen.de\",\"description\":\"\",\"potentialAction\":[{\"@type\":\"SearchAction\",\"target\":{\"@type\":\"EntryPoint\",\"urlTemplate\":\"https:\/\/urlaub-in-waldkirchen.de\/?s={search_term_string}\"},\"query-input\":{\"@type\":\"PropertyValueSpecification\",\"valueRequired\":true,\"valueName\":\"search_term_string\"}}],\"inLanguage\":\"cs\"}]}<\/script>\n<!-- \/ Yoast SEO plugin. -->","yoast_head_json":{"title":"Webov\u00e9 kamery - urlaub-in-waldkirchen.de","description":"Webov\u00e9 kamery","robots":{"index":"index","follow":"follow","max-snippet":"max-snippet:-1","max-image-preview":"max-image-preview:large","max-video-preview":"max-video-preview:-1"},"canonical":"https:\/\/urlaub-in-waldkirchen.de\/cs\/aktualni-informace\/webove-kamery\/","og_locale":"cs_CZ","og_type":"article","og_title":"Webov\u00e9 kamery - urlaub-in-waldkirchen.de","og_description":"Webov\u00e9 kamery","og_url":"https:\/\/urlaub-in-waldkirchen.de\/cs\/aktualni-informace\/webove-kamery\/","og_site_name":"urlaub-in-waldkirchen.de","article_modified_time":"2016-10-12T14:02:19+00:00","twitter_card":"summary_large_image","twitter_misc":{"Odhadovan\u00e1 doba \u010dten\u00ed":"1 minuta"},"schema":{"@context":"https:\/\/schema.org","@graph":[{"@type":"WebPage","@id":"https:\/\/urlaub-in-waldkirchen.de\/cs\/aktualni-informace\/webove-kamery\/","url":"https:\/\/urlaub-in-waldkirchen.de\/cs\/aktualni-informace\/webove-kamery\/","name":"Webov\u00e9 kamery - urlaub-in-waldkirchen.de","isPartOf":{"@id":"https:\/\/urlaub-in-waldkirchen.de\/#website"},"datePublished":"2016-04-26T14:44:11+00:00","dateModified":"2016-10-12T14:02:19+00:00","description":"Webov\u00e9 kamery","breadcrumb":{"@id":"https:\/\/urlaub-in-waldkirchen.de\/cs\/aktualni-informace\/webove-kamery\/#breadcrumb"},"inLanguage":"cs","potentialAction":[{"@type":"ReadAction","target":["https:\/\/urlaub-in-waldkirchen.de\/cs\/aktualni-informace\/webove-kamery\/"]}]},{"@type":"BreadcrumbList","@id":"https:\/\/urlaub-in-waldkirchen.de\/cs\/aktualni-informace\/webove-kamery\/#breadcrumb","itemListElement":[{"@type":"ListItem","position":1,"name":"Startseite","item":"https:\/\/urlaub-in-waldkirchen.de\/cs\/"},{"@type":"ListItem","position":2,"name":"Aktu\u00e1ln\u00ed informace","item":"https:\/\/urlaub-in-waldkirchen.de\/cs\/aktualni-informace\/"},{"@type":"ListItem","position":3,"name":"Webov\u00e9 kamery"}]},{"@type":"WebSite","@id":"https:\/\/urlaub-in-waldkirchen.de\/#website","url":"https:\/\/urlaub-in-waldkirchen.de\/","name":"urlaub-in-waldkirchen.de","description":"","potentialAction":[{"@type":"SearchAction","target":{"@type":"EntryPoint","urlTemplate":"https:\/\/urlaub-in-waldkirchen.de\/?s={search_term_string}"},"query-input":{"@type":"PropertyValueSpecification","valueRequired":true,"valueName":"search_term_string"}}],"inLanguage":"cs"}]}},"_links":{"self":[{"href":"https:\/\/urlaub-in-waldkirchen.de\/cs\/wp-json\/wp\/v2\/pages\/2417","targetHints":{"allow":["GET"]}}],"collection":[{"href":"https:\/\/urlaub-in-waldkirchen.de\/cs\/wp-json\/wp\/v2\/pages"}],"about":[{"href":"https:\/\/urlaub-in-waldkirchen.de\/cs\/wp-json\/wp\/v2\/types\/page"}],"author":[{"embeddable":true,"href":"https:\/\/urlaub-in-waldkirchen.de\/cs\/wp-json\/wp\/v2\/users\/2"}],"replies":[{"embeddable":true,"href":"https:\/\/urlaub-in-waldkirchen.de\/cs\/wp-json\/wp\/v2\/comments?post=2417"}],"version-history":[{"count":1,"href":"https:\/\/urlaub-in-waldkirchen.de\/cs\/wp-json\/wp\/v2\/pages\/2417\/revisions"}],"predecessor-version":[{"id":3967,"href":"https:\/\/urlaub-in-waldkirchen.de\/cs\/wp-json\/wp\/v2\/pages\/2417\/revisions\/3967"}],"up":[{"embeddable":true,"href":"https:\/\/urlaub-in-waldkirchen.de\/cs\/wp-json\/wp\/v2\/pages\/2404"}],"wp:attachment":[{"href":"https:\/\/urlaub-in-waldkirchen.de\/cs\/wp-json\/wp\/v2\/media?parent=2417"}],"curies":[{"name":"wp","href":"https:\/\/api.w.org\/{rel}","templated":true}]}}