{"id":2471,"date":"2016-07-18T11:26:33","date_gmt":"2016-07-18T09:26:33","guid":{"rendered":"https:\/\/urlaub-in-waldkirchen.de\/cs\/informace\/wlan-in-waldkirchen\/"},"modified":"2016-09-06T10:30:45","modified_gmt":"2016-09-06T08:30:45","slug":"bezplatny-pristup-k-internetu","status":"publish","type":"page","link":"https:\/\/urlaub-in-waldkirchen.de\/cs\/informace\/bezplatny-pristup-k-internetu\/","title":{"rendered":"Bezplatn\u00fd p\u0159\u00edstup k internetu"},"content":{"rendered":"<div class=\"wpb-content-wrapper\"><p>[vc_row][vc_column][vc_empty_space height=&#8220;20px&#8220;][vc_column_text]<\/p>\n<h1>WLAN ve Waldkirchenu<\/h1>\n<h4>Bezplatn\u00fd p\u0159\u00edstup k internetu (WLAN) na mnoha m\u00edstech Waldkirchenu<\/h4>\n<p>[\/vc_column_text][vc_separator color=&#8220;custom&#8220; accent_color=&#8220;#95c11f&#8220;][\/vc_column][\/vc_row][vc_row][vc_column][vc_column_text]M\u011bsto Waldkirchen poskytuje v\u0161em n\u00e1v\u0161t\u011bvn\u00edk\u016fm bezplatn\u00fd p\u0159\u00edstup k\u00a0internetu (WLAN) na n\u00e1sleduj\u00edc\u00edch m\u00edstech:<\/p>\n<ul>\n<li>Vstupn\u00ed hala M\u011bstsk\u00e9ho domu<\/li>\n<li>Horn\u00ed \u010d\u00e1st n\u00e1m\u011bst\u00ed (M\u00f3dn\u00ed d\u016fm Garhammer)<\/li>\n<li>Doln\u00ed \u010d\u00e1st n\u00e1m\u011bst\u00ed (<a href=\"https:\/\/urlaub-in-waldkirchen.de\/cs\/informace\/turisticke-informacni-centrum\/\">Turistick\u00e9 informa\u010dn\u00ed centrum<\/a>)<\/li>\n<li>Aquapark\u00a0 <a href=\"https:\/\/urlaub-in-waldkirchen.de\/cs\/aquapark\/\">Karoli<\/a> (venkovn\u00ed i vnit\u0159n\u00ed are\u00e1l)<\/li>\n<li>Radnice<\/li>\n<\/ul>\n<p>P\u0159istup je bezplatn\u00fd a nevy\u017eaduje \u017e\u00e1dn\u00e9 heslo. Po t\u0159iceti minut\u00e1ch p\u0159ipojen\u00ed k internetu je nutn\u00e9 obnovit p\u0159\u00edstup![\/vc_column_text][\/vc_column][\/vc_row]<\/p>\n<\/div>","protected":false},"excerpt":{"rendered":"<p>[vc_row][vc_column][vc_empty_space height=&#8220;20px&#8220;][vc_column_text] WLAN ve Waldkirchenu Bezplatn\u00fd p\u0159\u00edstup k internetu (WLAN) na mnoha m\u00edstech Waldkirchenu [\/vc_column_text][vc_separator color=&#8220;custom&#8220; accent_color=&#8220;#95c11f&#8220;][\/vc_column][\/vc_row][vc_row][vc_column][vc_column_text]M\u011bsto Waldkirchen poskytuje v\u0161em n\u00e1v\u0161t\u011bvn\u00edk\u016fm bezplatn\u00fd p\u0159\u00edstup k\u00a0internetu (WLAN) na<span class=\"excerpt-hellip\"> [\u2026]<\/span><\/p>\n","protected":false},"author":2,"featured_media":0,"parent":1912,"menu_order":0,"comment_status":"closed","ping_status":"closed","template":"","meta":{"footnotes":""},"class_list":["post-2471","page","type-page","status-publish","hentry"],"yoast_head":"<!-- This site is optimized with the Yoast SEO plugin v27.3 - https:\/\/yoast.com\/product\/yoast-seo-wordpress\/ -->\n<title>Bezplatn\u00fd p\u0159\u00edstup k internetu - urlaub-in-waldkirchen.de<\/title>\n<meta name=\"description\" content=\"M\u011bsto Waldkirchen poskytuje v\u0161em n\u00e1v\u0161t\u011bvn\u00edk\u016fm bezplatn\u00fd p\u0159\u00edstup k internetu (WLAN) na n\u00e1sleduj\u00edc\u00edch m\u00edstech:\" \/>\n<meta name=\"robots\" content=\"index, follow, max-snippet:-1, max-image-preview:large, max-video-preview:-1\" \/>\n<link rel=\"canonical\" href=\"https:\/\/urlaub-in-waldkirchen.de\/cs\/informace\/bezplatny-pristup-k-internetu\/\" \/>\n<meta property=\"og:locale\" content=\"cs_CZ\" \/>\n<meta property=\"og:type\" content=\"article\" \/>\n<meta property=\"og:title\" content=\"Bezplatn\u00fd p\u0159\u00edstup k internetu - urlaub-in-waldkirchen.de\" \/>\n<meta property=\"og:description\" content=\"M\u011bsto Waldkirchen poskytuje v\u0161em n\u00e1v\u0161t\u011bvn\u00edk\u016fm bezplatn\u00fd p\u0159\u00edstup k internetu (WLAN) na n\u00e1sleduj\u00edc\u00edch m\u00edstech:\" \/>\n<meta property=\"og:url\" content=\"https:\/\/urlaub-in-waldkirchen.de\/cs\/informace\/bezplatny-pristup-k-internetu\/\" \/>\n<meta property=\"og:site_name\" content=\"urlaub-in-waldkirchen.de\" \/>\n<meta property=\"article:modified_time\" content=\"2016-09-06T08:30:45+00:00\" \/>\n<meta name=\"twitter:card\" content=\"summary_large_image\" \/>\n<meta name=\"twitter:label1\" content=\"Odhadovan\u00e1 doba \u010dten\u00ed\" \/>\n\t<meta name=\"twitter:data1\" content=\"1 minuta\" \/>\n<script type=\"application\/ld+json\" class=\"yoast-schema-graph\">{\"@context\":\"https:\\\/\\\/schema.org\",\"@graph\":[{\"@type\":\"WebPage\",\"@id\":\"https:\\\/\\\/urlaub-in-waldkirchen.de\\\/cs\\\/informace\\\/bezplatny-pristup-k-internetu\\\/\",\"url\":\"https:\\\/\\\/urlaub-in-waldkirchen.de\\\/cs\\\/informace\\\/bezplatny-pristup-k-internetu\\\/\",\"name\":\"Bezplatn\u00fd p\u0159\u00edstup k internetu - urlaub-in-waldkirchen.de\",\"isPartOf\":{\"@id\":\"https:\\\/\\\/urlaub-in-waldkirchen.de\\\/#website\"},\"datePublished\":\"2016-07-18T09:26:33+00:00\",\"dateModified\":\"2016-09-06T08:30:45+00:00\",\"description\":\"M\u011bsto Waldkirchen poskytuje v\u0161em n\u00e1v\u0161t\u011bvn\u00edk\u016fm bezplatn\u00fd p\u0159\u00edstup k internetu (WLAN) na n\u00e1sleduj\u00edc\u00edch m\u00edstech:\",\"breadcrumb\":{\"@id\":\"https:\\\/\\\/urlaub-in-waldkirchen.de\\\/cs\\\/informace\\\/bezplatny-pristup-k-internetu\\\/#breadcrumb\"},\"inLanguage\":\"cs\",\"potentialAction\":[{\"@type\":\"ReadAction\",\"target\":[\"https:\\\/\\\/urlaub-in-waldkirchen.de\\\/cs\\\/informace\\\/bezplatny-pristup-k-internetu\\\/\"]}]},{\"@type\":\"BreadcrumbList\",\"@id\":\"https:\\\/\\\/urlaub-in-waldkirchen.de\\\/cs\\\/informace\\\/bezplatny-pristup-k-internetu\\\/#breadcrumb\",\"itemListElement\":[{\"@type\":\"ListItem\",\"position\":1,\"name\":\"Startseite\",\"item\":\"https:\\\/\\\/urlaub-in-waldkirchen.de\\\/cs\\\/\"},{\"@type\":\"ListItem\",\"position\":2,\"name\":\"Informace\",\"item\":\"https:\\\/\\\/urlaub-in-waldkirchen.de\\\/cs\\\/informace\\\/\"},{\"@type\":\"ListItem\",\"position\":3,\"name\":\"Bezplatn\u00fd p\u0159\u00edstup k internetu\"}]},{\"@type\":\"WebSite\",\"@id\":\"https:\\\/\\\/urlaub-in-waldkirchen.de\\\/#website\",\"url\":\"https:\\\/\\\/urlaub-in-waldkirchen.de\\\/\",\"name\":\"urlaub-in-waldkirchen.de\",\"description\":\"\",\"potentialAction\":[{\"@type\":\"SearchAction\",\"target\":{\"@type\":\"EntryPoint\",\"urlTemplate\":\"https:\\\/\\\/urlaub-in-waldkirchen.de\\\/?s={search_term_string}\"},\"query-input\":{\"@type\":\"PropertyValueSpecification\",\"valueRequired\":true,\"valueName\":\"search_term_string\"}}],\"inLanguage\":\"cs\"}]}<\/script>\n<!-- \/ Yoast SEO plugin. -->","yoast_head_json":{"title":"Bezplatn\u00fd p\u0159\u00edstup k internetu - urlaub-in-waldkirchen.de","description":"M\u011bsto Waldkirchen poskytuje v\u0161em n\u00e1v\u0161t\u011bvn\u00edk\u016fm bezplatn\u00fd p\u0159\u00edstup k internetu (WLAN) na n\u00e1sleduj\u00edc\u00edch m\u00edstech:","robots":{"index":"index","follow":"follow","max-snippet":"max-snippet:-1","max-image-preview":"max-image-preview:large","max-video-preview":"max-video-preview:-1"},"canonical":"https:\/\/urlaub-in-waldkirchen.de\/cs\/informace\/bezplatny-pristup-k-internetu\/","og_locale":"cs_CZ","og_type":"article","og_title":"Bezplatn\u00fd p\u0159\u00edstup k internetu - urlaub-in-waldkirchen.de","og_description":"M\u011bsto Waldkirchen poskytuje v\u0161em n\u00e1v\u0161t\u011bvn\u00edk\u016fm bezplatn\u00fd p\u0159\u00edstup k internetu (WLAN) na n\u00e1sleduj\u00edc\u00edch m\u00edstech:","og_url":"https:\/\/urlaub-in-waldkirchen.de\/cs\/informace\/bezplatny-pristup-k-internetu\/","og_site_name":"urlaub-in-waldkirchen.de","article_modified_time":"2016-09-06T08:30:45+00:00","twitter_card":"summary_large_image","twitter_misc":{"Odhadovan\u00e1 doba \u010dten\u00ed":"1 minuta"},"schema":{"@context":"https:\/\/schema.org","@graph":[{"@type":"WebPage","@id":"https:\/\/urlaub-in-waldkirchen.de\/cs\/informace\/bezplatny-pristup-k-internetu\/","url":"https:\/\/urlaub-in-waldkirchen.de\/cs\/informace\/bezplatny-pristup-k-internetu\/","name":"Bezplatn\u00fd p\u0159\u00edstup k internetu - urlaub-in-waldkirchen.de","isPartOf":{"@id":"https:\/\/urlaub-in-waldkirchen.de\/#website"},"datePublished":"2016-07-18T09:26:33+00:00","dateModified":"2016-09-06T08:30:45+00:00","description":"M\u011bsto Waldkirchen poskytuje v\u0161em n\u00e1v\u0161t\u011bvn\u00edk\u016fm bezplatn\u00fd p\u0159\u00edstup k internetu (WLAN) na n\u00e1sleduj\u00edc\u00edch m\u00edstech:","breadcrumb":{"@id":"https:\/\/urlaub-in-waldkirchen.de\/cs\/informace\/bezplatny-pristup-k-internetu\/#breadcrumb"},"inLanguage":"cs","potentialAction":[{"@type":"ReadAction","target":["https:\/\/urlaub-in-waldkirchen.de\/cs\/informace\/bezplatny-pristup-k-internetu\/"]}]},{"@type":"BreadcrumbList","@id":"https:\/\/urlaub-in-waldkirchen.de\/cs\/informace\/bezplatny-pristup-k-internetu\/#breadcrumb","itemListElement":[{"@type":"ListItem","position":1,"name":"Startseite","item":"https:\/\/urlaub-in-waldkirchen.de\/cs\/"},{"@type":"ListItem","position":2,"name":"Informace","item":"https:\/\/urlaub-in-waldkirchen.de\/cs\/informace\/"},{"@type":"ListItem","position":3,"name":"Bezplatn\u00fd p\u0159\u00edstup k internetu"}]},{"@type":"WebSite","@id":"https:\/\/urlaub-in-waldkirchen.de\/#website","url":"https:\/\/urlaub-in-waldkirchen.de\/","name":"urlaub-in-waldkirchen.de","description":"","potentialAction":[{"@type":"SearchAction","target":{"@type":"EntryPoint","urlTemplate":"https:\/\/urlaub-in-waldkirchen.de\/?s={search_term_string}"},"query-input":{"@type":"PropertyValueSpecification","valueRequired":true,"valueName":"search_term_string"}}],"inLanguage":"cs"}]}},"_links":{"self":[{"href":"https:\/\/urlaub-in-waldkirchen.de\/cs\/wp-json\/wp\/v2\/pages\/2471","targetHints":{"allow":["GET"]}}],"collection":[{"href":"https:\/\/urlaub-in-waldkirchen.de\/cs\/wp-json\/wp\/v2\/pages"}],"about":[{"href":"https:\/\/urlaub-in-waldkirchen.de\/cs\/wp-json\/wp\/v2\/types\/page"}],"author":[{"embeddable":true,"href":"https:\/\/urlaub-in-waldkirchen.de\/cs\/wp-json\/wp\/v2\/users\/2"}],"replies":[{"embeddable":true,"href":"https:\/\/urlaub-in-waldkirchen.de\/cs\/wp-json\/wp\/v2\/comments?post=2471"}],"version-history":[{"count":0,"href":"https:\/\/urlaub-in-waldkirchen.de\/cs\/wp-json\/wp\/v2\/pages\/2471\/revisions"}],"up":[{"embeddable":true,"href":"https:\/\/urlaub-in-waldkirchen.de\/cs\/wp-json\/wp\/v2\/pages\/1912"}],"wp:attachment":[{"href":"https:\/\/urlaub-in-waldkirchen.de\/cs\/wp-json\/wp\/v2\/media?parent=2471"}],"curies":[{"name":"wp","href":"https:\/\/api.w.org\/{rel}","templated":true}]}}