{"id":2480,"date":"2016-04-14T15:34:35","date_gmt":"2016-04-14T13:34:35","guid":{"rendered":"https:\/\/urlaub-in-waldkirchen.de\/cs\/impressum\/"},"modified":"2016-10-06T09:41:38","modified_gmt":"2016-10-06T07:41:38","slug":"impresum","status":"publish","type":"page","link":"https:\/\/urlaub-in-waldkirchen.de\/cs\/impresum\/","title":{"rendered":"Impresum"},"content":{"rendered":"<div class=\"wpb-content-wrapper\"><p>[vc_row][vc_column][vc_empty_space height=&#8220;20px&#8220;][vc_column_text]<\/p>\n<h1>Impresum<\/h1>\n<h2>Informace podle \u00a7 5 TMG:<\/h2>\n<p>M\u011bsto Waldkirchen<br \/>\nRathausplatz 1<br \/>\nD-94065 Waldkirchen<\/p>\n<h3>Z\u00e1stupce:<\/h3>\n<p>starosta m\u011bsta Heinz Pollak<\/p>\n<h3>Kontaktn\u00ed osoby:<\/h3>\n<p>Klaus Raab, Siegfried M\u00fcller<\/p>\n<h3>Kontakty:<\/h3>\n<p>Telefon: +49 8581\/20\u00a020<br \/>\nTelefax: +49 8581\/202 13<br \/>\nE-Mail: rathaus@waldkirchen.de<\/p>\n<h2>Webdesign:<\/h2>\n<p>SocialMedia Bayern<br \/>\nDonaugr\u00fcnde 14<br \/>\n94130 Obernzell<br \/>\nWeb:\u00a0<a href=\"http:\/\/socialmedia-bayern.de\/\" target=\"_blank\">http:\/\/socialmedia-bayern.de\/<\/a><\/p>\n<h3>Zdroje pou\u017eit\u00fdch fotografi\u00ed a grafik:<\/h3>\n<p>\u00a9 Rainer Sch\u00fcll, Waldkirchen<br \/>\n\u00a9 Luftaufnahmen Waldkirchen und Umgebung<br \/>\n\u00a9\u00a0Foto Hintermann, Waldkirchen<br \/>\n\u00a9\u00a0Fotoclub\u00a0Waldkirchen (Ludwig Brunner, Marieluise He\u00df, Rudolf Lachinger)<br \/>\n\u00a9 Romi &#8211; pixabay.com<br \/>\n\u00a9 Orlando Bellini \u2013 Fotolia.com<br \/>\n\u00a9 ARochau \u2013\u00a0Fotolia.com<br \/>\n\u00a9 Tomasz Zajda \u2013\u00a0Fotolia.com<br \/>\n\u00a9 mma23 \u2013\u00a0Fotolia.com<br \/>\n\u00a9 contrastwerkstatt\u00a0\u2013\u00a0Fotolia.com<br \/>\n\u00a9 gkphotoart2012 \u2013\u00a0Fotolia.com<br \/>\n\u00a9 racamani \u2013\u00a0Fotolia.com<br \/>\n\u00a9 stadelpeter \u2013\u00a0Fotolia.com<br \/>\n\u00a9 fotorena.de \u2013 Fotolia.com<br \/>\n\u00a9 kristall\u00a0\u2013 Fotolia.com<br \/>\n\u00a9 Erlebnis Akademie AG<br \/>\n\u00a9 Donauschiffahrt Wurm + K\u00f6ck<br \/>\n\u00a9 Dionys Asenkerschbaumer<br \/>\n\u00a9 Peter Manev<br \/>\n\u00a9 Granitzentrum Bay. Wald<br \/>\n\u00a9 Freilichtmuseum Finsterau und Massing<br \/>\n\u00a9 Haus am Strom<br \/>\n\u00a9 www.nationalpark-bayerisch.wald.de<br \/>\n\u00a9 PC Westernstadt GmbH &amp; Co. KG<br \/>\n\u00a9 Graphit Kropfm\u00fchl Besucherbergwerk<br \/>\n\u00a9\u00a0Minigolf Waldkirchen<br \/>\n\u00a9 Fischereiverein Waldkirchen<\/p>\n<h2>Vylou\u010den\u00ed odpov\u011bdnosti (Disclaimer)<\/h2>\n<p><strong>Odpov\u011bdnost za obsah<\/strong><\/p>\n<p>Jako poskytovatel slu\u017eeb jsme podle \u00a7 7 odst. 1 TMG odpov\u011bdni za obsah t\u011bchto webov\u00fdch str\u00e1nek podle p\u0159\u00edslu\u0161n\u00fdch z\u00e1kon\u016f. Podle \u00a7\u00a7 8 a\u017e 10 TMG v\u0161ak nejsme jako poskytovatel slu\u017eeb povinni kontrolovat zprost\u0159edkovan\u00e9 nebo ulo\u017een\u00e9 ciz\u00ed informace a zkoumat, zda neodkazuj\u00ed na \u010dinnost poru\u0161uj\u00edc\u00ed z\u00e1kon. Povinnost odstranit informace nebo znemo\u017enit jejich dal\u0161\u00ed u\u017e\u00edv\u00e1n\u00ed podle p\u0159\u00edslu\u0161n\u00fdch z\u00e1kon\u016f t\u00edm z\u016fst\u00e1v\u00e1 nedot\u010dena. Toto ru\u010den\u00ed je v\u0161ak mo\u017en\u00e9 a\u017e v okam\u017eiku zji\u0161t\u011bn\u00ed konkr\u00e9tn\u00edho poru\u0161en\u00ed z\u00e1kona. V p\u0159\u00edpad\u011b ozn\u00e1men\u00ed konkr\u00e9tn\u00edho poru\u0161en\u00ed z\u00e1kona p\u0159\u00edslu\u0161n\u00e9 informace okam\u017eit\u011b odstran\u00edme.<\/p>\n<p><strong>Odpov\u011bdnost za odkazy<\/strong><\/p>\n<p>Na\u0161e nab\u00eddka zahrnuje odkazy na extern\u00ed webov\u00e9 str\u00e1nky t\u0159et\u00edch osob, jejich\u017e obsah nem\u016f\u017eeme \u017e\u00e1dn\u00fdm zp\u016fsobem ovliv\u0148ovat. Proto nem\u016f\u017eeme za tyto ciz\u00ed informace p\u0159evz\u00edt z\u00e1ruku. Za obsah odkazovan\u00fdch webov\u00fdch str\u00e1nek v\u017edy ru\u010d\u00ed p\u0159\u00edslu\u0161n\u00fd poskytovatel nebo provozovatel. Odkazovan\u00e9 webov\u00e9 str\u00e1nky byly v dob\u011b vytvo\u0159en\u00ed odkazu prov\u011b\u0159eny z hlediska mo\u017en\u00e9ho poru\u0161en\u00ed z\u00e1kona a nebyly zji\u0161t\u011bny \u017e\u00e1dn\u00e9 takov\u00e9 p\u0159\u00edpady. Trval\u00e1 obsahov\u00e1 kontrola odkazovan\u00fdch webov\u00fdch str\u00e1nek v\u0161ak nen\u00ed bez konkr\u00e9tn\u00edch informac\u00ed o poru\u0161ov\u00e1n\u00ed z\u00e1kona mo\u017en\u00e1. V p\u0159\u00edpad\u011b ozn\u00e1men\u00ed o poru\u0161en\u00ed z\u00e1kona p\u0159\u00edslu\u0161n\u00e9 odkazy okam\u017eit\u011b odstran\u00edme.<\/p>\n<p><strong>Autorsk\u00e9 pr\u00e1vo<\/strong><\/p>\n<p>Obsah a forma vytvo\u0159en\u00e9 provozovatelem t\u011bchto webov\u00fdch str\u00e1nek podl\u00e9haj\u00ed n\u011bmeck\u00e9mu autorsk\u00e9mu pr\u00e1vu. Jak\u00e9koli kop\u00edrov\u00e1n\u00ed, zpracov\u00e1n\u00ed a \u0161\u00ed\u0159en\u00ed, i jak\u00fdkoli zp\u016fsob jejich zhodnocov\u00e1n\u00ed mimo hranice autorsk\u00e9ho pr\u00e1va vy\u017eaduj\u00ed p\u00edsemn\u00fd souhlas p\u0159\u00edslu\u0161n\u00e9ho autora resp. p\u016fvodce. Stahov\u00e1n\u00ed a kop\u00edrov\u00e1n\u00ed t\u00e9to webov\u00e9 str\u00e1nky je mo\u017en\u00e9 pouze pro soukrom\u00e9, nekomer\u010dn\u00ed \u00fa\u010dely. Pokud nebyly n\u011bkter\u00e9 \u010d\u00e1sti t\u011bchto webov\u00fdch str\u00e1nek vytvo\u0159eny p\u0159\u00edmo provozovatelem, je nutn\u00e9 zohlednit autorsk\u00e9 pr\u00e1vo t\u0159et\u00ed strany. \u010c\u00e1sti vytvo\u0159en\u00e9 t\u0159et\u00ed stranou jsou takto ozna\u010deny. Pokud byste p\u0159esto zjistili poru\u0161en\u00ed autorsk\u00fdch pr\u00e1v, pros\u00edme v\u00e1s o pod\u00e1n\u00ed informace. Pokud zjist\u00edme poru\u0161en\u00ed autorsk\u00fdch pr\u00e1v, zajist\u00edme okam\u017eit\u00e9 odstran\u011bn\u00ed p\u0159\u00edslu\u0161n\u00e9 \u010d\u00e1sti webov\u00fdch str\u00e1nek.[\/vc_column_text][\/vc_column][\/vc_row]<\/p>\n<\/div>","protected":false},"excerpt":{"rendered":"<p>[vc_row][vc_column][vc_empty_space height=&#8220;20px&#8220;][vc_column_text] Impresum Informace podle \u00a7 5 TMG: M\u011bsto Waldkirchen Rathausplatz 1 D-94065 Waldkirchen Z\u00e1stupce: starosta m\u011bsta Heinz Pollak Kontaktn\u00ed osoby: Klaus Raab, Siegfried M\u00fcller Kontakty:<span class=\"excerpt-hellip\"> [\u2026]<\/span><\/p>\n","protected":false},"author":2,"featured_media":0,"parent":0,"menu_order":0,"comment_status":"closed","ping_status":"closed","template":"","meta":{"footnotes":""},"class_list":["post-2480","page","type-page","status-publish","hentry"],"yoast_head":"<!-- This site is optimized with the Yoast SEO plugin v27.3 - https:\/\/yoast.com\/product\/yoast-seo-wordpress\/ -->\n<title>Impresum - urlaub-in-waldkirchen.de<\/title>\n<meta name=\"description\" content=\"Impressum der Website Urlaub in Waldkirchen\" \/>\n<meta name=\"robots\" content=\"index, follow, max-snippet:-1, max-image-preview:large, max-video-preview:-1\" \/>\n<link rel=\"canonical\" href=\"https:\/\/urlaub-in-waldkirchen.de\/cs\/impresum\/\" \/>\n<meta property=\"og:locale\" content=\"cs_CZ\" \/>\n<meta property=\"og:type\" content=\"article\" \/>\n<meta property=\"og:title\" content=\"Impresum - urlaub-in-waldkirchen.de\" \/>\n<meta property=\"og:description\" content=\"Impressum der Website Urlaub in Waldkirchen\" \/>\n<meta property=\"og:url\" content=\"https:\/\/urlaub-in-waldkirchen.de\/cs\/impresum\/\" \/>\n<meta property=\"og:site_name\" content=\"urlaub-in-waldkirchen.de\" \/>\n<meta property=\"article:modified_time\" content=\"2016-10-06T07:41:38+00:00\" \/>\n<meta name=\"twitter:card\" content=\"summary_large_image\" \/>\n<meta name=\"twitter:label1\" content=\"Odhadovan\u00e1 doba \u010dten\u00ed\" \/>\n\t<meta name=\"twitter:data1\" content=\"3 minuty\" \/>\n<script type=\"application\/ld+json\" class=\"yoast-schema-graph\">{\"@context\":\"https:\\\/\\\/schema.org\",\"@graph\":[{\"@type\":\"WebPage\",\"@id\":\"https:\\\/\\\/urlaub-in-waldkirchen.de\\\/cs\\\/impresum\\\/\",\"url\":\"https:\\\/\\\/urlaub-in-waldkirchen.de\\\/cs\\\/impresum\\\/\",\"name\":\"Impresum - urlaub-in-waldkirchen.de\",\"isPartOf\":{\"@id\":\"https:\\\/\\\/urlaub-in-waldkirchen.de\\\/#website\"},\"datePublished\":\"2016-04-14T13:34:35+00:00\",\"dateModified\":\"2016-10-06T07:41:38+00:00\",\"description\":\"Impressum der Website Urlaub in Waldkirchen\",\"breadcrumb\":{\"@id\":\"https:\\\/\\\/urlaub-in-waldkirchen.de\\\/cs\\\/impresum\\\/#breadcrumb\"},\"inLanguage\":\"cs\",\"potentialAction\":[{\"@type\":\"ReadAction\",\"target\":[\"https:\\\/\\\/urlaub-in-waldkirchen.de\\\/cs\\\/impresum\\\/\"]}]},{\"@type\":\"BreadcrumbList\",\"@id\":\"https:\\\/\\\/urlaub-in-waldkirchen.de\\\/cs\\\/impresum\\\/#breadcrumb\",\"itemListElement\":[{\"@type\":\"ListItem\",\"position\":1,\"name\":\"Startseite\",\"item\":\"https:\\\/\\\/urlaub-in-waldkirchen.de\\\/cs\\\/\"},{\"@type\":\"ListItem\",\"position\":2,\"name\":\"Impresum\"}]},{\"@type\":\"WebSite\",\"@id\":\"https:\\\/\\\/urlaub-in-waldkirchen.de\\\/#website\",\"url\":\"https:\\\/\\\/urlaub-in-waldkirchen.de\\\/\",\"name\":\"urlaub-in-waldkirchen.de\",\"description\":\"\",\"potentialAction\":[{\"@type\":\"SearchAction\",\"target\":{\"@type\":\"EntryPoint\",\"urlTemplate\":\"https:\\\/\\\/urlaub-in-waldkirchen.de\\\/?s={search_term_string}\"},\"query-input\":{\"@type\":\"PropertyValueSpecification\",\"valueRequired\":true,\"valueName\":\"search_term_string\"}}],\"inLanguage\":\"cs\"}]}<\/script>\n<!-- \/ Yoast SEO plugin. -->","yoast_head_json":{"title":"Impresum - urlaub-in-waldkirchen.de","description":"Impressum der Website Urlaub in Waldkirchen","robots":{"index":"index","follow":"follow","max-snippet":"max-snippet:-1","max-image-preview":"max-image-preview:large","max-video-preview":"max-video-preview:-1"},"canonical":"https:\/\/urlaub-in-waldkirchen.de\/cs\/impresum\/","og_locale":"cs_CZ","og_type":"article","og_title":"Impresum - urlaub-in-waldkirchen.de","og_description":"Impressum der Website Urlaub in Waldkirchen","og_url":"https:\/\/urlaub-in-waldkirchen.de\/cs\/impresum\/","og_site_name":"urlaub-in-waldkirchen.de","article_modified_time":"2016-10-06T07:41:38+00:00","twitter_card":"summary_large_image","twitter_misc":{"Odhadovan\u00e1 doba \u010dten\u00ed":"3 minuty"},"schema":{"@context":"https:\/\/schema.org","@graph":[{"@type":"WebPage","@id":"https:\/\/urlaub-in-waldkirchen.de\/cs\/impresum\/","url":"https:\/\/urlaub-in-waldkirchen.de\/cs\/impresum\/","name":"Impresum - urlaub-in-waldkirchen.de","isPartOf":{"@id":"https:\/\/urlaub-in-waldkirchen.de\/#website"},"datePublished":"2016-04-14T13:34:35+00:00","dateModified":"2016-10-06T07:41:38+00:00","description":"Impressum der Website Urlaub in Waldkirchen","breadcrumb":{"@id":"https:\/\/urlaub-in-waldkirchen.de\/cs\/impresum\/#breadcrumb"},"inLanguage":"cs","potentialAction":[{"@type":"ReadAction","target":["https:\/\/urlaub-in-waldkirchen.de\/cs\/impresum\/"]}]},{"@type":"BreadcrumbList","@id":"https:\/\/urlaub-in-waldkirchen.de\/cs\/impresum\/#breadcrumb","itemListElement":[{"@type":"ListItem","position":1,"name":"Startseite","item":"https:\/\/urlaub-in-waldkirchen.de\/cs\/"},{"@type":"ListItem","position":2,"name":"Impresum"}]},{"@type":"WebSite","@id":"https:\/\/urlaub-in-waldkirchen.de\/#website","url":"https:\/\/urlaub-in-waldkirchen.de\/","name":"urlaub-in-waldkirchen.de","description":"","potentialAction":[{"@type":"SearchAction","target":{"@type":"EntryPoint","urlTemplate":"https:\/\/urlaub-in-waldkirchen.de\/?s={search_term_string}"},"query-input":{"@type":"PropertyValueSpecification","valueRequired":true,"valueName":"search_term_string"}}],"inLanguage":"cs"}]}},"_links":{"self":[{"href":"https:\/\/urlaub-in-waldkirchen.de\/cs\/wp-json\/wp\/v2\/pages\/2480","targetHints":{"allow":["GET"]}}],"collection":[{"href":"https:\/\/urlaub-in-waldkirchen.de\/cs\/wp-json\/wp\/v2\/pages"}],"about":[{"href":"https:\/\/urlaub-in-waldkirchen.de\/cs\/wp-json\/wp\/v2\/types\/page"}],"author":[{"embeddable":true,"href":"https:\/\/urlaub-in-waldkirchen.de\/cs\/wp-json\/wp\/v2\/users\/2"}],"replies":[{"embeddable":true,"href":"https:\/\/urlaub-in-waldkirchen.de\/cs\/wp-json\/wp\/v2\/comments?post=2480"}],"version-history":[{"count":1,"href":"https:\/\/urlaub-in-waldkirchen.de\/cs\/wp-json\/wp\/v2\/pages\/2480\/revisions"}],"predecessor-version":[{"id":3926,"href":"https:\/\/urlaub-in-waldkirchen.de\/cs\/wp-json\/wp\/v2\/pages\/2480\/revisions\/3926"}],"wp:attachment":[{"href":"https:\/\/urlaub-in-waldkirchen.de\/cs\/wp-json\/wp\/v2\/media?parent=2480"}],"curies":[{"name":"wp","href":"https:\/\/api.w.org\/{rel}","templated":true}]}}