{"id":2703,"date":"2016-04-14T15:30:21","date_gmt":"2016-04-14T13:30:21","guid":{"rendered":"https:\/\/urlaub-in-waldkirchen.de\/cs\/freizeit-uebersicht\/"},"modified":"2016-08-02T14:14:22","modified_gmt":"2016-08-02T12:14:22","slug":"volny-cas","status":"publish","type":"page","link":"https:\/\/urlaub-in-waldkirchen.de\/cs\/volny-cas\/","title":{"rendered":"Voln\u00fd \u010das"},"content":{"rendered":"<div class=\"wpb-content-wrapper\"><p>[vc_row][vc_column][vc_empty_space height=&#8220;20px&#8220;][vc_column_text]<\/p>\n<h1>Odpo\u010dinek a voln\u00fd \u010das<\/h1>\n<h4>Waldkirchen a jeho okol\u00ed nab\u00edz\u00ed \u0161irokou palet\u016f v\u00fdletn\u00edch c\u00edl\u016f a volno\u010dasov\u00fdch aktivit. Zjist\u011bte o tom v\u00edc!<\/h4>\n<p>[\/vc_column_text][vc_separator color=&#8220;custom&#8220; accent_color=&#8220;#95c11f&#8220;][\/vc_column][\/vc_row][vc_row][vc_column width=&#8220;1\/4&#8243;]<div class=\"sliding_box\"><a href=\"https:\/\/urlaub-in-waldkirchen.de\/cs\/volny-cas\/vylety\/\"  title=\"\"><div class=\"photo_wrapper\"><img loading=\"lazy\" decoding=\"async\" class=\"scale-with-grid\" src=\"https:\/\/urlaub-in-waldkirchen.de\/wp-content\/uploads\/2016\/04\/Ausflugsfahrten-button.jpg\" alt=\"Ausflugsfahrten-button\" width=\"600\" height=\"400\"\/><\/div><div class=\"desc_wrapper\"><h4 class=\"title \">V\u00fdlety<\/h4><\/div><\/a><\/div>\n[\/vc_column][vc_column width=&#8220;1\/4&#8243;]<div class=\"sliding_box\"><a href=\"https:\/\/urlaub-in-waldkirchen.de\/cs\/volny-cas\/stezka-v-korunach-stromu\/\"  title=\"\"><div class=\"photo_wrapper\"><img loading=\"lazy\" decoding=\"async\" class=\"scale-with-grid\" src=\"https:\/\/urlaub-in-waldkirchen.de\/wp-content\/uploads\/2016\/04\/Baumturm-Luftaufnahme-button.jpg\" alt=\"Baumturm-Luftaufnahme-button\" width=\"600\" height=\"400\"\/><\/div><div class=\"desc_wrapper\"><h4 class=\"title \">Stezka v korun\u00e1ch strom\u016f<\/h4><\/div><\/a><\/div>\n[\/vc_column][vc_column width=&#8220;1\/4&#8243;]<div class=\"sliding_box\"><a href=\"https:\/\/urlaub-in-waldkirchen.de\/cs\/volny-cas\/pohybovy-parkour-u-jezera-erlauzwieseler-see\/\"  title=\"\"><div class=\"photo_wrapper\"><img loading=\"lazy\" decoding=\"async\" class=\"scale-with-grid\" src=\"https:\/\/urlaub-in-waldkirchen.de\/wp-content\/uploads\/2016\/07\/bewegung-button.jpg\" alt=\"bewegung-button\" width=\"600\" height=\"400\"\/><\/div><div class=\"desc_wrapper\"><h4 class=\"title \">Pohybov\u00fd parkour<\/h4><\/div><\/a><\/div>\n[\/vc_column][vc_column width=&#8220;1\/4&#8243;]<div class=\"sliding_box\"><a href=\"https:\/\/urlaub-in-waldkirchen.de\/cs\/volny-cas\/vyletni-vlacek\/\"  title=\"\"><div class=\"photo_wrapper\"><img loading=\"lazy\" decoding=\"async\" class=\"scale-with-grid\" src=\"https:\/\/urlaub-in-waldkirchen.de\/wp-content\/uploads\/2016\/04\/Bockerlbahn-button.jpg\" alt=\"Bockerlbahn-button\" width=\"600\" height=\"400\"\/><\/div><div class=\"desc_wrapper\"><h4 class=\"title \">V\u00fdletn\u00ed vl\u00e1\u010dek<\/h4><\/div><\/a><\/div>\n[\/vc_column][\/vc_row][vc_row][vc_column width=&#8220;1\/4&#8243;]<div class=\"sliding_box\"><a href=\"https:\/\/urlaub-in-waldkirchen.de\/cs\/volny-cas\/dunajska-lodni-plavba\/\"  title=\"\"><div class=\"photo_wrapper\"><img loading=\"lazy\" decoding=\"async\" class=\"scale-with-grid\" src=\"https:\/\/urlaub-in-waldkirchen.de\/wp-content\/uploads\/2016\/04\/donauschifffahrt-button.jpg\" alt=\"donauschifffahrt-button\" width=\"600\" height=\"400\"\/><\/div><div class=\"desc_wrapper\"><h4 class=\"title \">Dunajsk\u00e1 lodn\u00ed plavba<\/h4><\/div><\/a><\/div>\n[\/vc_column][vc_column width=&#8220;1\/4&#8243;]<div class=\"sliding_box\"><a href=\"https:\/\/urlaub-in-waldkirchen.de\/cs\/volny-cas\/trojmezi-tristolicnik\/\"  title=\"\"><div class=\"photo_wrapper\"><img loading=\"lazy\" decoding=\"async\" class=\"scale-with-grid\" src=\"https:\/\/urlaub-in-waldkirchen.de\/wp-content\/uploads\/2016\/04\/dreisessel-button.jpg\" alt=\"dreisessel-button\" width=\"600\" height=\"400\"\/><\/div><div class=\"desc_wrapper\"><h4 class=\"title \">Trojmez\u00ed - T\u0159\u00edstoli\u010dn\u00edk<\/h4><\/div><\/a><\/div>\n[\/vc_column][vc_column width=&#8220;1\/4&#8243;]<div class=\"sliding_box\"><a href=\"https:\/\/urlaub-in-waldkirchen.de\/cs\/volny-cas\/elektrokola\/\"  title=\"\"><div class=\"photo_wrapper\"><img loading=\"lazy\" decoding=\"async\" class=\"scale-with-grid\" src=\"https:\/\/urlaub-in-waldkirchen.de\/wp-content\/uploads\/2016\/04\/ebikes-button.jpg\" alt=\"ebikes-button\" width=\"600\" height=\"400\"\/><\/div><div class=\"desc_wrapper\"><h4 class=\"title \">Elektrokola<\/h4><\/div><\/a><\/div>\n[\/vc_column][vc_column width=&#8220;1\/4&#8243;]<div class=\"sliding_box\"><a href=\"https:\/\/urlaub-in-waldkirchen.de\/cs\/volny-cas\/skanzen-finsterau\/\"  title=\"\"><div class=\"photo_wrapper\"><img loading=\"lazy\" decoding=\"async\" class=\"scale-with-grid\" src=\"https:\/\/urlaub-in-waldkirchen.de\/wp-content\/uploads\/2016\/04\/finsterau-button.jpg\" alt=\"finsterau-button\" width=\"600\" height=\"400\"\/><\/div><div class=\"desc_wrapper\"><h4 class=\"title \">Skanzen Finsterau<\/h4><\/div><\/a><\/div>\n[\/vc_column][\/vc_row][vc_row][vc_column width=&#8220;1\/4&#8243;]<div class=\"sliding_box\"><a href=\"https:\/\/urlaub-in-waldkirchen.de\/cs\/volny-cas\/centrum-zuly-kamenne-svety\/\"  title=\"\"><div class=\"photo_wrapper\"><img loading=\"lazy\" decoding=\"async\" class=\"scale-with-grid\" src=\"https:\/\/urlaub-in-waldkirchen.de\/wp-content\/uploads\/2016\/04\/granitzentrum-button.jpg\" alt=\"granitzentrum-button\" width=\"600\" height=\"400\"\/><\/div><div class=\"desc_wrapper\"><h4 class=\"title \">Centrum \u017euly \u2013 Kamenn\u00e9 sv\u011bty<\/h4><\/div><\/a><\/div>\n[\/vc_column][vc_column width=&#8220;1\/4&#8243;]<div class=\"sliding_box\"><a href=\"https:\/\/urlaub-in-waldkirchen.de\/cs\/volny-cas\/historicky-grafitovy-dul\/\"  title=\"\"><div class=\"photo_wrapper\"><img loading=\"lazy\" decoding=\"async\" class=\"scale-with-grid\" src=\"https:\/\/urlaub-in-waldkirchen.de\/wp-content\/uploads\/2016\/04\/Graphit_Besucherbergwerk_button.jpg\" alt=\"Graphit_Besucherbergwerk_button\" width=\"600\" height=\"400\"\/><\/div><div class=\"desc_wrapper\"><h4 class=\"title \">Historick\u00fd grafitov\u00fd d\u016fl<\/h4><\/div><\/a><\/div>\n[\/vc_column][vc_column width=&#8220;1\/4&#8243;]<div class=\"sliding_box\"><a href=\"https:\/\/urlaub-in-waldkirchen.de\/cs\/volny-cas\/dum-u-proudu\/\"  title=\"\"><div class=\"photo_wrapper\"><img loading=\"lazy\" decoding=\"async\" class=\"scale-with-grid\" src=\"https:\/\/urlaub-in-waldkirchen.de\/wp-content\/uploads\/2016\/04\/hausamstrom-button-.jpg\" alt=\"hausamstrom-button-\" width=\"600\" height=\"400\"\/><\/div><div class=\"desc_wrapper\"><h4 class=\"title \">D\u016fm u proudu<\/h4><\/div><\/a><\/div>\n[\/vc_column][vc_column width=&#8220;1\/4&#8243;]<div class=\"sliding_box\"><a href=\"https:\/\/urlaub-in-waldkirchen.de\/cs\/lovu-zeme-reky\/\"  title=\"\"><div class=\"photo_wrapper\"><img loading=\"lazy\" decoding=\"async\" class=\"scale-with-grid\" src=\"https:\/\/urlaub-in-waldkirchen.de\/wp-content\/uploads\/2016\/04\/jagd-land-fluss-button.jpg\" alt=\"jagd-land-fluss-button\" width=\"600\" height=\"400\"\/><\/div><div class=\"desc_wrapper\"><h4 class=\"title \">Muzeum lovu, zem\u011b, \u0159eky<\/h4><\/div><\/a><\/div>\n[\/vc_column][\/vc_row][vc_row][vc_column width=&#8220;1\/4&#8243;]<div class=\"sliding_box\"><a href=\"https:\/\/urlaub-in-waldkirchen.de\/cs\/volny-cas\/kaple-karoli\/\"  title=\"\"><div class=\"photo_wrapper\"><img loading=\"lazy\" decoding=\"async\" class=\"scale-with-grid\" src=\"https:\/\/urlaub-in-waldkirchen.de\/wp-content\/uploads\/2016\/04\/karoli-kapelle-button.jpg\" alt=\"karoli-kapelle-button\" width=\"600\" height=\"400\"\/><\/div><div class=\"desc_wrapper\"><h4 class=\"title \">Kaple Karoli<\/h4><\/div><\/a><\/div>\n[\/vc_column][vc_column width=&#8220;1\/4&#8243;]<div class=\"sliding_box\"><a href=\"https:\/\/urlaub-in-waldkirchen.de\/cs\/volny-cas\/lezecke-centrum\/\"  title=\"\"><div class=\"photo_wrapper\"><img loading=\"lazy\" decoding=\"async\" class=\"scale-with-grid\" src=\"https:\/\/urlaub-in-waldkirchen.de\/wp-content\/uploads\/2016\/04\/Kletterwald-button.jpg\" alt=\"Kletterwald-button\" width=\"600\" height=\"400\"\/><\/div><div class=\"desc_wrapper\"><h4 class=\"title \">Lezeck\u00e9 centrum<\/h4><\/div><\/a><\/div>\n[\/vc_column][vc_column width=&#8220;1\/4&#8243;]<div class=\"sliding_box\"><a href=\"https:\/\/urlaub-in-waldkirchen.de\/cs\/volny-cas\/lazensky-park-u-jezera-erlauzwieseler-see\/\"  title=\"\"><div class=\"photo_wrapper\"><img loading=\"lazy\" decoding=\"async\" class=\"scale-with-grid\" src=\"https:\/\/urlaub-in-waldkirchen.de\/wp-content\/uploads\/2016\/04\/Kurparksee-button.jpg\" alt=\"Kurparksee-button\" width=\"600\" height=\"400\"\/><\/div><div class=\"desc_wrapper\"><h4 class=\"title \">L\u00e1ze\u0148sk\u00fd park u jezera Erlauzwieseler See<\/h4><\/div><\/a><\/div>\n[\/vc_column][vc_column width=&#8220;1\/4&#8243;]<div class=\"sliding_box\"><a href=\"https:\/\/urlaub-in-waldkirchen.de\/cs\/volny-cas\/minigolf\/\"  title=\"\"><div class=\"photo_wrapper\"><img loading=\"lazy\" decoding=\"async\" class=\"scale-with-grid\" src=\"https:\/\/urlaub-in-waldkirchen.de\/wp-content\/uploads\/2016\/04\/Minigolf-button-2.jpg\" alt=\"Minigolf-button-2\" width=\"600\" height=\"400\"\/><\/div><div class=\"desc_wrapper\"><h4 class=\"title \">Minigolf<\/h4><\/div><\/a><\/div>\n[\/vc_column][\/vc_row][vc_row][vc_column width=&#8220;1\/4&#8243;]<div class=\"sliding_box\"><a href=\"https:\/\/urlaub-in-waldkirchen.de\/cs\/volny-cas\/narodni-park-bavorsky-les\/\"  title=\"\"><div class=\"photo_wrapper\"><img loading=\"lazy\" decoding=\"async\" class=\"scale-with-grid\" src=\"https:\/\/urlaub-in-waldkirchen.de\/wp-content\/uploads\/2016\/04\/nationalpark-button.jpg\" alt=\"nationalpark-button\" width=\"600\" height=\"400\"\/><\/div><div class=\"desc_wrapper\"><h4 class=\"title \">N\u00e1rodn\u00ed park Bavorsk\u00fd les<\/h4><\/div><\/a><\/div>\n[\/vc_column][vc_column width=&#8220;1\/4&#8243;]<div class=\"sliding_box\"><a href=\"https:\/\/urlaub-in-waldkirchen.de\/cs\/volny-cas\/oberfrauenwald\/\"  title=\"\"><div class=\"photo_wrapper\"><img loading=\"lazy\" decoding=\"async\" class=\"scale-with-grid\" src=\"https:\/\/urlaub-in-waldkirchen.de\/wp-content\/uploads\/2016\/04\/Oberfrauenwald-button.jpg\" alt=\"Oberfrauenwald-button\" width=\"600\" height=\"400\"\/><\/div><div class=\"desc_wrapper\"><h4 class=\"title \">Oberfrauenwald<\/h4><\/div><\/a><\/div>\n[\/vc_column][vc_column width=&#8220;1\/4&#8243;]<div class=\"sliding_box\"><a href=\"https:\/\/urlaub-in-waldkirchen.de\/cs\/volny-cas\/jizdy-kocarem-a-sanemi-s-konskym-sprezenim\/\"  title=\"\"><div class=\"photo_wrapper\"><img loading=\"lazy\" decoding=\"async\" class=\"scale-with-grid\" src=\"https:\/\/urlaub-in-waldkirchen.de\/wp-content\/uploads\/2016\/04\/Pferdekutsche-button.jpg\" alt=\"Pferdekutsche-button\" width=\"600\" height=\"400\"\/><\/div><div class=\"desc_wrapper\"><h4 class=\"title \">J\u00edzdy ko\u010d\u00e1rem a san\u011bmi s ko\u0148sk\u00fdm sp\u0159e\u017een\u00edm<\/h4><\/div><\/a><\/div>\n[\/vc_column][vc_column width=&#8220;1\/4&#8243;]<div class=\"sliding_box\"><a href=\"https:\/\/urlaub-in-waldkirchen.de\/cs\/westernove-mestecko-pullman-city\/\"  title=\"\"><div class=\"photo_wrapper\"><img loading=\"lazy\" decoding=\"async\" class=\"scale-with-grid\" src=\"https:\/\/urlaub-in-waldkirchen.de\/wp-content\/uploads\/2016\/04\/PullmanCity-button.jpg\" alt=\"PullmanCity-button\" width=\"600\" height=\"400\"\/><\/div><div class=\"desc_wrapper\"><h4 class=\"title \">Westernov\u00e9 m\u011bste\u010dko Pullman City<\/h4><\/div><\/a><\/div>\n[\/vc_column][\/vc_row][vc_row][vc_column width=&#8220;1\/4&#8243;]<div class=\"sliding_box\"><a href=\"https:\/\/urlaub-in-waldkirchen.de\/cs\/souteska-saussbachklamm\/\"  title=\"\"><div class=\"photo_wrapper\"><img loading=\"lazy\" decoding=\"async\" class=\"scale-with-grid\" src=\"https:\/\/urlaub-in-waldkirchen.de\/wp-content\/uploads\/2016\/04\/Saussbachklamm_button.jpg\" alt=\"Saussbachklamm_button\" width=\"600\" height=\"400\"\/><\/div><div class=\"desc_wrapper\"><h4 class=\"title \">Sout\u011bska Sau\u00dfbachklamm<\/h4><\/div><\/a><\/div>\n[\/vc_column][vc_column width=&#8220;1\/4&#8243;]<div class=\"sliding_box\"><a href=\"https:\/\/urlaub-in-waldkirchen.de\/cs\/volny-cas\/muzeum-koralek\/\"  title=\"\"><div class=\"photo_wrapper\"><img loading=\"lazy\" decoding=\"async\" class=\"scale-with-grid\" src=\"https:\/\/urlaub-in-waldkirchen.de\/wp-content\/uploads\/2016\/04\/schnapsmuseum-button.jpg\" alt=\"schnapsmuseum-button\" width=\"600\" height=\"400\"\/><\/div><div class=\"desc_wrapper\"><h4 class=\"title \">Muzeum ko\u0159alek<\/h4><\/div><\/a><\/div>\n[\/vc_column][vc_column width=&#8220;1\/4&#8243;]<div class=\"sliding_box\"><a href=\"https:\/\/urlaub-in-waldkirchen.de\/cs\/volny-cas\/letni-bobova-draha-grafenau\/\"  title=\"\"><div class=\"photo_wrapper\"><img loading=\"lazy\" decoding=\"async\" class=\"scale-with-grid\" src=\"https:\/\/urlaub-in-waldkirchen.de\/wp-content\/uploads\/2016\/04\/rodelbahn-button.jpg\" alt=\"rodelbahn-button\" width=\"600\" height=\"400\"\/><\/div><div class=\"desc_wrapper\"><h4 class=\"title \">Letn\u00ed bobov\u00e1 dr\u00e1ha Grafenau<\/h4><\/div><\/a><\/div>\n[\/vc_column][vc_column width=&#8220;1\/4&#8243;]<div class=\"sliding_box\"><a href=\"https:\/\/urlaub-in-waldkirchen.de\/cs\/volny-cas\/mestsky-park\/\"  title=\"\"><div class=\"photo_wrapper\"><img loading=\"lazy\" decoding=\"async\" class=\"scale-with-grid\" src=\"https:\/\/urlaub-in-waldkirchen.de\/wp-content\/uploads\/2016\/04\/stadtpark-button.jpg\" alt=\"stadtpark-button\" width=\"600\" height=\"400\"\/><\/div><div class=\"desc_wrapper\"><h4 class=\"title \">M\u011bstsk\u00fd park<\/h4><\/div><\/a><\/div>\n[\/vc_column][\/vc_row][vc_row][vc_column width=&#8220;1\/4&#8243;]<div class=\"sliding_box\"><a href=\"https:\/\/urlaub-in-waldkirchen.de\/cs\/volny-cas\/kouzelny-les\/\"  title=\"\"><div class=\"photo_wrapper\"><img loading=\"lazy\" decoding=\"async\" class=\"scale-with-grid\" src=\"https:\/\/urlaub-in-waldkirchen.de\/wp-content\/uploads\/2016\/04\/zauberwald-button.jpg\" alt=\"zauberwald-button\" width=\"600\" height=\"400\"\/><\/div><div class=\"desc_wrapper\"><h4 class=\"title \">Kouzeln\u00fd les<\/h4><\/div><\/a><\/div>\n[\/vc_column][vc_column width=&#8220;1\/4&#8243;][\/vc_column][vc_column width=&#8220;1\/4&#8243;][\/vc_column][vc_column width=&#8220;1\/4&#8243;][\/vc_column][\/vc_row]<\/p>\n<\/div>","protected":false},"excerpt":{"rendered":"<p>[vc_row][vc_column][vc_empty_space height=&#8220;20px&#8220;][vc_column_text] Odpo\u010dinek a voln\u00fd \u010das Waldkirchen a jeho okol\u00ed nab\u00edz\u00ed \u0161irokou palet\u016f v\u00fdletn\u00edch c\u00edl\u016f a volno\u010dasov\u00fdch aktivit. Zjist\u011bte o tom v\u00edc! [\/vc_column_text][vc_separator color=&#8220;custom&#8220; accent_color=&#8220;#95c11f&#8220;][\/vc_column][\/vc_row][vc_row][vc_column width=&#8220;1\/4&#8243;][\/vc_column][vc_column<span class=\"excerpt-hellip\"> [\u2026]<\/span><\/p>\n","protected":false},"author":2,"featured_media":0,"parent":0,"menu_order":0,"comment_status":"closed","ping_status":"open","template":"","meta":{"footnotes":""},"class_list":["post-2703","page","type-page","status-publish","hentry"],"yoast_head":"<!-- This site is optimized with the Yoast SEO plugin v27.3 - https:\/\/yoast.com\/product\/yoast-seo-wordpress\/ -->\n<title>Odpo\u010dinek a voln\u00fd \u010das<\/title>\n<meta name=\"description\" content=\"Waldkirchen a jeho okol\u00ed nab\u00edz\u00ed \u0161irokou palet\u016f v\u00fdletn\u00edch c\u00edl\u016f a volno\u010dasov\u00fdch aktivit. Zjist\u011bte o tom v\u00edc!\" \/>\n<meta name=\"robots\" content=\"index, follow, max-snippet:-1, max-image-preview:large, max-video-preview:-1\" \/>\n<link rel=\"canonical\" href=\"https:\/\/urlaub-in-waldkirchen.de\/cs\/volny-cas\/\" \/>\n<meta property=\"og:locale\" content=\"cs_CZ\" \/>\n<meta property=\"og:type\" content=\"article\" \/>\n<meta property=\"og:title\" content=\"Odpo\u010dinek a voln\u00fd \u010das\" \/>\n<meta property=\"og:description\" content=\"Waldkirchen a jeho okol\u00ed nab\u00edz\u00ed \u0161irokou palet\u016f v\u00fdletn\u00edch c\u00edl\u016f a volno\u010dasov\u00fdch aktivit. Zjist\u011bte o tom v\u00edc!\" \/>\n<meta property=\"og:url\" content=\"https:\/\/urlaub-in-waldkirchen.de\/cs\/volny-cas\/\" \/>\n<meta property=\"og:site_name\" content=\"urlaub-in-waldkirchen.de\" \/>\n<meta property=\"article:modified_time\" content=\"2016-08-02T12:14:22+00:00\" \/>\n<meta name=\"twitter:card\" content=\"summary_large_image\" \/>\n<meta name=\"twitter:label1\" content=\"Odhadovan\u00e1 doba \u010dten\u00ed\" \/>\n\t<meta name=\"twitter:data1\" content=\"3 minuty\" \/>\n<script type=\"application\/ld+json\" class=\"yoast-schema-graph\">{\"@context\":\"https:\\\/\\\/schema.org\",\"@graph\":[{\"@type\":\"WebPage\",\"@id\":\"https:\\\/\\\/urlaub-in-waldkirchen.de\\\/cs\\\/volny-cas\\\/\",\"url\":\"https:\\\/\\\/urlaub-in-waldkirchen.de\\\/cs\\\/volny-cas\\\/\",\"name\":\"Odpo\u010dinek a voln\u00fd \u010das\",\"isPartOf\":{\"@id\":\"https:\\\/\\\/urlaub-in-waldkirchen.de\\\/#website\"},\"datePublished\":\"2016-04-14T13:30:21+00:00\",\"dateModified\":\"2016-08-02T12:14:22+00:00\",\"description\":\"Waldkirchen a jeho okol\u00ed nab\u00edz\u00ed \u0161irokou palet\u016f v\u00fdletn\u00edch c\u00edl\u016f a volno\u010dasov\u00fdch aktivit. Zjist\u011bte o tom v\u00edc!\",\"breadcrumb\":{\"@id\":\"https:\\\/\\\/urlaub-in-waldkirchen.de\\\/cs\\\/volny-cas\\\/#breadcrumb\"},\"inLanguage\":\"cs\",\"potentialAction\":[{\"@type\":\"ReadAction\",\"target\":[\"https:\\\/\\\/urlaub-in-waldkirchen.de\\\/cs\\\/volny-cas\\\/\"]}]},{\"@type\":\"BreadcrumbList\",\"@id\":\"https:\\\/\\\/urlaub-in-waldkirchen.de\\\/cs\\\/volny-cas\\\/#breadcrumb\",\"itemListElement\":[{\"@type\":\"ListItem\",\"position\":1,\"name\":\"Startseite\",\"item\":\"https:\\\/\\\/urlaub-in-waldkirchen.de\\\/cs\\\/\"},{\"@type\":\"ListItem\",\"position\":2,\"name\":\"Voln\u00fd \u010das\"}]},{\"@type\":\"WebSite\",\"@id\":\"https:\\\/\\\/urlaub-in-waldkirchen.de\\\/#website\",\"url\":\"https:\\\/\\\/urlaub-in-waldkirchen.de\\\/\",\"name\":\"urlaub-in-waldkirchen.de\",\"description\":\"\",\"potentialAction\":[{\"@type\":\"SearchAction\",\"target\":{\"@type\":\"EntryPoint\",\"urlTemplate\":\"https:\\\/\\\/urlaub-in-waldkirchen.de\\\/?s={search_term_string}\"},\"query-input\":{\"@type\":\"PropertyValueSpecification\",\"valueRequired\":true,\"valueName\":\"search_term_string\"}}],\"inLanguage\":\"cs\"}]}<\/script>\n<!-- \/ Yoast SEO plugin. -->","yoast_head_json":{"title":"Odpo\u010dinek a voln\u00fd \u010das","description":"Waldkirchen a jeho okol\u00ed nab\u00edz\u00ed \u0161irokou palet\u016f v\u00fdletn\u00edch c\u00edl\u016f a volno\u010dasov\u00fdch aktivit. Zjist\u011bte o tom v\u00edc!","robots":{"index":"index","follow":"follow","max-snippet":"max-snippet:-1","max-image-preview":"max-image-preview:large","max-video-preview":"max-video-preview:-1"},"canonical":"https:\/\/urlaub-in-waldkirchen.de\/cs\/volny-cas\/","og_locale":"cs_CZ","og_type":"article","og_title":"Odpo\u010dinek a voln\u00fd \u010das","og_description":"Waldkirchen a jeho okol\u00ed nab\u00edz\u00ed \u0161irokou palet\u016f v\u00fdletn\u00edch c\u00edl\u016f a volno\u010dasov\u00fdch aktivit. Zjist\u011bte o tom v\u00edc!","og_url":"https:\/\/urlaub-in-waldkirchen.de\/cs\/volny-cas\/","og_site_name":"urlaub-in-waldkirchen.de","article_modified_time":"2016-08-02T12:14:22+00:00","twitter_card":"summary_large_image","twitter_misc":{"Odhadovan\u00e1 doba \u010dten\u00ed":"3 minuty"},"schema":{"@context":"https:\/\/schema.org","@graph":[{"@type":"WebPage","@id":"https:\/\/urlaub-in-waldkirchen.de\/cs\/volny-cas\/","url":"https:\/\/urlaub-in-waldkirchen.de\/cs\/volny-cas\/","name":"Odpo\u010dinek a voln\u00fd \u010das","isPartOf":{"@id":"https:\/\/urlaub-in-waldkirchen.de\/#website"},"datePublished":"2016-04-14T13:30:21+00:00","dateModified":"2016-08-02T12:14:22+00:00","description":"Waldkirchen a jeho okol\u00ed nab\u00edz\u00ed \u0161irokou palet\u016f v\u00fdletn\u00edch c\u00edl\u016f a volno\u010dasov\u00fdch aktivit. Zjist\u011bte o tom v\u00edc!","breadcrumb":{"@id":"https:\/\/urlaub-in-waldkirchen.de\/cs\/volny-cas\/#breadcrumb"},"inLanguage":"cs","potentialAction":[{"@type":"ReadAction","target":["https:\/\/urlaub-in-waldkirchen.de\/cs\/volny-cas\/"]}]},{"@type":"BreadcrumbList","@id":"https:\/\/urlaub-in-waldkirchen.de\/cs\/volny-cas\/#breadcrumb","itemListElement":[{"@type":"ListItem","position":1,"name":"Startseite","item":"https:\/\/urlaub-in-waldkirchen.de\/cs\/"},{"@type":"ListItem","position":2,"name":"Voln\u00fd \u010das"}]},{"@type":"WebSite","@id":"https:\/\/urlaub-in-waldkirchen.de\/#website","url":"https:\/\/urlaub-in-waldkirchen.de\/","name":"urlaub-in-waldkirchen.de","description":"","potentialAction":[{"@type":"SearchAction","target":{"@type":"EntryPoint","urlTemplate":"https:\/\/urlaub-in-waldkirchen.de\/?s={search_term_string}"},"query-input":{"@type":"PropertyValueSpecification","valueRequired":true,"valueName":"search_term_string"}}],"inLanguage":"cs"}]}},"_links":{"self":[{"href":"https:\/\/urlaub-in-waldkirchen.de\/cs\/wp-json\/wp\/v2\/pages\/2703","targetHints":{"allow":["GET"]}}],"collection":[{"href":"https:\/\/urlaub-in-waldkirchen.de\/cs\/wp-json\/wp\/v2\/pages"}],"about":[{"href":"https:\/\/urlaub-in-waldkirchen.de\/cs\/wp-json\/wp\/v2\/types\/page"}],"author":[{"embeddable":true,"href":"https:\/\/urlaub-in-waldkirchen.de\/cs\/wp-json\/wp\/v2\/users\/2"}],"replies":[{"embeddable":true,"href":"https:\/\/urlaub-in-waldkirchen.de\/cs\/wp-json\/wp\/v2\/comments?post=2703"}],"version-history":[{"count":0,"href":"https:\/\/urlaub-in-waldkirchen.de\/cs\/wp-json\/wp\/v2\/pages\/2703\/revisions"}],"wp:attachment":[{"href":"https:\/\/urlaub-in-waldkirchen.de\/cs\/wp-json\/wp\/v2\/media?parent=2703"}],"curies":[{"name":"wp","href":"https:\/\/api.w.org\/{rel}","templated":true}]}}