{"id":2789,"date":"2016-07-08T09:42:39","date_gmt":"2016-07-08T07:42:39","guid":{"rendered":"https:\/\/urlaub-in-waldkirchen.de\/cs\/volny-cas\/bewegungsparcour-erlauzwieseler-see\/"},"modified":"2016-09-06T11:59:49","modified_gmt":"2016-09-06T09:59:49","slug":"pohybovy-parkour-u-jezera-erlauzwieseler-see","status":"publish","type":"page","link":"https:\/\/urlaub-in-waldkirchen.de\/cs\/volny-cas\/pohybovy-parkour-u-jezera-erlauzwieseler-see\/","title":{"rendered":"Pohybov\u00fd parkour u jezera Erlauzwieseler See"},"content":{"rendered":"<div class=\"wpb-content-wrapper\"><p>[vc_row][vc_column][vc_empty_space height=&#8220;20px&#8220;][vc_column_text]<\/p>\n<h1>Pohybov\u00fd parkour u jezera Erlauzwieseler See \u2013 prost\u011b se h\u00fdbat!<\/h1>\n<p>[\/vc_column_text][\/vc_column][\/vc_row][vc_row][vc_column][vc_column_text]Udr\u017eovat se fit je stejn\u011b samoz\u0159ejm\u00e9 jako j\u00edst a p\u00edt \u2013 a m\u011blo by n\u00e1m to p\u0159in\u00e1\u0161et stejn\u00e9 pot\u011b\u0161en\u00ed. Prost\u0159ed\u00ed se zdrav\u00fdm ovzdu\u0161\u00edm podporuje na\u0161e zdrav\u00ed. Na mnoha m\u00edstech Bavorsk\u00e9ho lesa jsou k dispozici pohybov\u00e9 parky pod \u0161ir\u00fdm nebem, kter\u00e9 umo\u017e\u0148uj\u00ed citliv\u011b tr\u00e9novat koordinaci a s\u00edlu. Jeden z\u00a0nich naleznete tak\u00e9 u jezera <a href=\"https:\/\/urlaub-in-waldkirchen.de\/cs\/volny-cas\/lazensky-park-u-jezera-erlauzwieseler-see\/\">Erlauzwieseler See<\/a>.<\/p>\n<p>Instalovan\u00e1 za\u0159\u00edzen\u00ed mohou vyu\u017e\u00edvat v\u0161ichni n\u00e1v\u0161t\u011bvn\u00edci, bez ohledu na pohlav\u00ed, v\u011bk, v\u00fd\u0161ku a t\u011blesnou v\u00fdkonnost.<\/p>\n<p>Dal\u0161\u00ed informace z\u00edsk\u00e1te v\u00a0<a href=\"https:\/\/urlaub-in-waldkirchen.de\/cs\/informace\/turisticke-informacni-centrum\/\">Turistick\u00e9m informa\u010dn\u00edm centru Waldkirchen<\/a>. Informa\u010dn\u00ed materi\u00e1l o pohybov\u00e9m parku si m\u016f\u017eete <a href=\"https:\/\/urlaub-in-waldkirchen.de\/wp-content\/uploads\/2016\/07\/Bewegungsparcours.pdf\" target=\"_blank\">st\u00e1hnout zde<\/a>.[\/vc_column_text][\/vc_column][\/vc_row][vc_row][vc_column][vc_masonry_media_grid element_width=&#8220;3&#8243; gap=&#8220;10&#8243; grid_id=&#8220;vc_gid:1473155909096-5cfa3905-bd1a-7&#8243; include=&#8220;2103,2104,2105,2106&#8243;][\/vc_column][\/vc_row][vc_row][vc_column][vc_separator color=&#8220;custom&#8220; accent_color=&#8220;#95c11f&#8220;][vc_btn title=&#8220;zp\u011bt na p\u0159ehled&#8220; shape=&#8220;square&#8220; color=&#8220;green&#8220; size=&#8220;sm&#8220; align=&#8220;right&#8220; link=&#8220;url:http%3A%2F%2Furlaub-in-waldkirchen.de%2Fcs%2Fvolny-cas%2F|||&#8220;][\/vc_column][\/vc_row]<\/p>\n<\/div>","protected":false},"excerpt":{"rendered":"<p>[vc_row][vc_column][vc_empty_space height=&#8220;20px&#8220;][vc_column_text] Pohybov\u00fd parkour u jezera Erlauzwieseler See \u2013 prost\u011b se h\u00fdbat! [\/vc_column_text][\/vc_column][\/vc_row][vc_row][vc_column][vc_column_text]Udr\u017eovat se fit je stejn\u011b samoz\u0159ejm\u00e9 jako j\u00edst a p\u00edt \u2013 a m\u011blo by<span class=\"excerpt-hellip\"> [\u2026]<\/span><\/p>\n","protected":false},"author":2,"featured_media":0,"parent":2703,"menu_order":0,"comment_status":"closed","ping_status":"closed","template":"","meta":{"footnotes":""},"class_list":["post-2789","page","type-page","status-publish","hentry"],"yoast_head":"<!-- This site is optimized with the Yoast SEO plugin v27.3 - https:\/\/yoast.com\/product\/yoast-seo-wordpress\/ -->\n<title>Pohybov\u00fd parkour u jezera Erlauzwieseler See - urlaub-in-waldkirchen.de<\/title>\n<meta name=\"description\" content=\"Udr\u017eovat se fit je stejn\u011b samoz\u0159ejm\u00e9 jako j\u00edst a p\u00edt \u2013 a m\u011blo by n\u00e1m to p\u0159in\u00e1\u0161et stejn\u00e9 pot\u011b\u0161en\u00ed. Prost\u0159ed\u00ed se zdrav\u00fdm ovzdu\u0161\u00edm podporuje na\u0161e zdrav\u00ed.\" \/>\n<meta name=\"robots\" content=\"index, follow, max-snippet:-1, max-image-preview:large, max-video-preview:-1\" \/>\n<link rel=\"canonical\" href=\"https:\/\/urlaub-in-waldkirchen.de\/cs\/volny-cas\/pohybovy-parkour-u-jezera-erlauzwieseler-see\/\" \/>\n<meta property=\"og:locale\" content=\"cs_CZ\" \/>\n<meta property=\"og:type\" content=\"article\" \/>\n<meta property=\"og:title\" content=\"Pohybov\u00fd parkour u jezera Erlauzwieseler See - urlaub-in-waldkirchen.de\" \/>\n<meta property=\"og:description\" content=\"Udr\u017eovat se fit je stejn\u011b samoz\u0159ejm\u00e9 jako j\u00edst a p\u00edt \u2013 a m\u011blo by n\u00e1m to p\u0159in\u00e1\u0161et stejn\u00e9 pot\u011b\u0161en\u00ed. Prost\u0159ed\u00ed se zdrav\u00fdm ovzdu\u0161\u00edm podporuje na\u0161e zdrav\u00ed.\" \/>\n<meta property=\"og:url\" content=\"https:\/\/urlaub-in-waldkirchen.de\/cs\/volny-cas\/pohybovy-parkour-u-jezera-erlauzwieseler-see\/\" \/>\n<meta property=\"og:site_name\" content=\"urlaub-in-waldkirchen.de\" \/>\n<meta property=\"article:modified_time\" content=\"2016-09-06T09:59:49+00:00\" \/>\n<meta name=\"twitter:card\" content=\"summary_large_image\" \/>\n<meta name=\"twitter:label1\" content=\"Odhadovan\u00e1 doba \u010dten\u00ed\" \/>\n\t<meta name=\"twitter:data1\" content=\"1 minuta\" \/>\n<script type=\"application\/ld+json\" class=\"yoast-schema-graph\">{\"@context\":\"https:\\\/\\\/schema.org\",\"@graph\":[{\"@type\":\"WebPage\",\"@id\":\"https:\\\/\\\/urlaub-in-waldkirchen.de\\\/cs\\\/volny-cas\\\/pohybovy-parkour-u-jezera-erlauzwieseler-see\\\/\",\"url\":\"https:\\\/\\\/urlaub-in-waldkirchen.de\\\/cs\\\/volny-cas\\\/pohybovy-parkour-u-jezera-erlauzwieseler-see\\\/\",\"name\":\"Pohybov\u00fd parkour u jezera Erlauzwieseler See - urlaub-in-waldkirchen.de\",\"isPartOf\":{\"@id\":\"https:\\\/\\\/urlaub-in-waldkirchen.de\\\/#website\"},\"datePublished\":\"2016-07-08T07:42:39+00:00\",\"dateModified\":\"2016-09-06T09:59:49+00:00\",\"description\":\"Udr\u017eovat se fit je stejn\u011b samoz\u0159ejm\u00e9 jako j\u00edst a p\u00edt \u2013 a m\u011blo by n\u00e1m to p\u0159in\u00e1\u0161et stejn\u00e9 pot\u011b\u0161en\u00ed. Prost\u0159ed\u00ed se zdrav\u00fdm ovzdu\u0161\u00edm podporuje na\u0161e zdrav\u00ed.\",\"breadcrumb\":{\"@id\":\"https:\\\/\\\/urlaub-in-waldkirchen.de\\\/cs\\\/volny-cas\\\/pohybovy-parkour-u-jezera-erlauzwieseler-see\\\/#breadcrumb\"},\"inLanguage\":\"cs\",\"potentialAction\":[{\"@type\":\"ReadAction\",\"target\":[\"https:\\\/\\\/urlaub-in-waldkirchen.de\\\/cs\\\/volny-cas\\\/pohybovy-parkour-u-jezera-erlauzwieseler-see\\\/\"]}]},{\"@type\":\"BreadcrumbList\",\"@id\":\"https:\\\/\\\/urlaub-in-waldkirchen.de\\\/cs\\\/volny-cas\\\/pohybovy-parkour-u-jezera-erlauzwieseler-see\\\/#breadcrumb\",\"itemListElement\":[{\"@type\":\"ListItem\",\"position\":1,\"name\":\"Startseite\",\"item\":\"https:\\\/\\\/urlaub-in-waldkirchen.de\\\/cs\\\/\"},{\"@type\":\"ListItem\",\"position\":2,\"name\":\"Voln\u00fd \u010das\",\"item\":\"https:\\\/\\\/urlaub-in-waldkirchen.de\\\/cs\\\/volny-cas\\\/\"},{\"@type\":\"ListItem\",\"position\":3,\"name\":\"Pohybov\u00fd parkour u jezera Erlauzwieseler See\"}]},{\"@type\":\"WebSite\",\"@id\":\"https:\\\/\\\/urlaub-in-waldkirchen.de\\\/#website\",\"url\":\"https:\\\/\\\/urlaub-in-waldkirchen.de\\\/\",\"name\":\"urlaub-in-waldkirchen.de\",\"description\":\"\",\"potentialAction\":[{\"@type\":\"SearchAction\",\"target\":{\"@type\":\"EntryPoint\",\"urlTemplate\":\"https:\\\/\\\/urlaub-in-waldkirchen.de\\\/?s={search_term_string}\"},\"query-input\":{\"@type\":\"PropertyValueSpecification\",\"valueRequired\":true,\"valueName\":\"search_term_string\"}}],\"inLanguage\":\"cs\"}]}<\/script>\n<!-- \/ Yoast SEO plugin. -->","yoast_head_json":{"title":"Pohybov\u00fd parkour u jezera Erlauzwieseler See - urlaub-in-waldkirchen.de","description":"Udr\u017eovat se fit je stejn\u011b samoz\u0159ejm\u00e9 jako j\u00edst a p\u00edt \u2013 a m\u011blo by n\u00e1m to p\u0159in\u00e1\u0161et stejn\u00e9 pot\u011b\u0161en\u00ed. Prost\u0159ed\u00ed se zdrav\u00fdm ovzdu\u0161\u00edm podporuje na\u0161e zdrav\u00ed.","robots":{"index":"index","follow":"follow","max-snippet":"max-snippet:-1","max-image-preview":"max-image-preview:large","max-video-preview":"max-video-preview:-1"},"canonical":"https:\/\/urlaub-in-waldkirchen.de\/cs\/volny-cas\/pohybovy-parkour-u-jezera-erlauzwieseler-see\/","og_locale":"cs_CZ","og_type":"article","og_title":"Pohybov\u00fd parkour u jezera Erlauzwieseler See - urlaub-in-waldkirchen.de","og_description":"Udr\u017eovat se fit je stejn\u011b samoz\u0159ejm\u00e9 jako j\u00edst a p\u00edt \u2013 a m\u011blo by n\u00e1m to p\u0159in\u00e1\u0161et stejn\u00e9 pot\u011b\u0161en\u00ed. Prost\u0159ed\u00ed se zdrav\u00fdm ovzdu\u0161\u00edm podporuje na\u0161e zdrav\u00ed.","og_url":"https:\/\/urlaub-in-waldkirchen.de\/cs\/volny-cas\/pohybovy-parkour-u-jezera-erlauzwieseler-see\/","og_site_name":"urlaub-in-waldkirchen.de","article_modified_time":"2016-09-06T09:59:49+00:00","twitter_card":"summary_large_image","twitter_misc":{"Odhadovan\u00e1 doba \u010dten\u00ed":"1 minuta"},"schema":{"@context":"https:\/\/schema.org","@graph":[{"@type":"WebPage","@id":"https:\/\/urlaub-in-waldkirchen.de\/cs\/volny-cas\/pohybovy-parkour-u-jezera-erlauzwieseler-see\/","url":"https:\/\/urlaub-in-waldkirchen.de\/cs\/volny-cas\/pohybovy-parkour-u-jezera-erlauzwieseler-see\/","name":"Pohybov\u00fd parkour u jezera Erlauzwieseler See - urlaub-in-waldkirchen.de","isPartOf":{"@id":"https:\/\/urlaub-in-waldkirchen.de\/#website"},"datePublished":"2016-07-08T07:42:39+00:00","dateModified":"2016-09-06T09:59:49+00:00","description":"Udr\u017eovat se fit je stejn\u011b samoz\u0159ejm\u00e9 jako j\u00edst a p\u00edt \u2013 a m\u011blo by n\u00e1m to p\u0159in\u00e1\u0161et stejn\u00e9 pot\u011b\u0161en\u00ed. Prost\u0159ed\u00ed se zdrav\u00fdm ovzdu\u0161\u00edm podporuje na\u0161e zdrav\u00ed.","breadcrumb":{"@id":"https:\/\/urlaub-in-waldkirchen.de\/cs\/volny-cas\/pohybovy-parkour-u-jezera-erlauzwieseler-see\/#breadcrumb"},"inLanguage":"cs","potentialAction":[{"@type":"ReadAction","target":["https:\/\/urlaub-in-waldkirchen.de\/cs\/volny-cas\/pohybovy-parkour-u-jezera-erlauzwieseler-see\/"]}]},{"@type":"BreadcrumbList","@id":"https:\/\/urlaub-in-waldkirchen.de\/cs\/volny-cas\/pohybovy-parkour-u-jezera-erlauzwieseler-see\/#breadcrumb","itemListElement":[{"@type":"ListItem","position":1,"name":"Startseite","item":"https:\/\/urlaub-in-waldkirchen.de\/cs\/"},{"@type":"ListItem","position":2,"name":"Voln\u00fd \u010das","item":"https:\/\/urlaub-in-waldkirchen.de\/cs\/volny-cas\/"},{"@type":"ListItem","position":3,"name":"Pohybov\u00fd parkour u jezera Erlauzwieseler See"}]},{"@type":"WebSite","@id":"https:\/\/urlaub-in-waldkirchen.de\/#website","url":"https:\/\/urlaub-in-waldkirchen.de\/","name":"urlaub-in-waldkirchen.de","description":"","potentialAction":[{"@type":"SearchAction","target":{"@type":"EntryPoint","urlTemplate":"https:\/\/urlaub-in-waldkirchen.de\/?s={search_term_string}"},"query-input":{"@type":"PropertyValueSpecification","valueRequired":true,"valueName":"search_term_string"}}],"inLanguage":"cs"}]}},"_links":{"self":[{"href":"https:\/\/urlaub-in-waldkirchen.de\/cs\/wp-json\/wp\/v2\/pages\/2789","targetHints":{"allow":["GET"]}}],"collection":[{"href":"https:\/\/urlaub-in-waldkirchen.de\/cs\/wp-json\/wp\/v2\/pages"}],"about":[{"href":"https:\/\/urlaub-in-waldkirchen.de\/cs\/wp-json\/wp\/v2\/types\/page"}],"author":[{"embeddable":true,"href":"https:\/\/urlaub-in-waldkirchen.de\/cs\/wp-json\/wp\/v2\/users\/2"}],"replies":[{"embeddable":true,"href":"https:\/\/urlaub-in-waldkirchen.de\/cs\/wp-json\/wp\/v2\/comments?post=2789"}],"version-history":[{"count":0,"href":"https:\/\/urlaub-in-waldkirchen.de\/cs\/wp-json\/wp\/v2\/pages\/2789\/revisions"}],"up":[{"embeddable":true,"href":"https:\/\/urlaub-in-waldkirchen.de\/cs\/wp-json\/wp\/v2\/pages\/2703"}],"wp:attachment":[{"href":"https:\/\/urlaub-in-waldkirchen.de\/cs\/wp-json\/wp\/v2\/media?parent=2789"}],"curies":[{"name":"wp","href":"https:\/\/api.w.org\/{rel}","templated":true}]}}