{"id":2800,"date":"2016-05-10T10:34:23","date_gmt":"2016-05-10T08:34:23","guid":{"rendered":"https:\/\/urlaub-in-waldkirchen.de\/cs\/volny-cas\/donauschifffahrt\/"},"modified":"2016-07-29T09:29:54","modified_gmt":"2016-07-29T07:29:54","slug":"dunajska-lodni-plavba","status":"publish","type":"page","link":"https:\/\/urlaub-in-waldkirchen.de\/cs\/volny-cas\/dunajska-lodni-plavba\/","title":{"rendered":"Dunajsk\u00e1 lodn\u00ed plavba"},"content":{"rendered":"<div class=\"wpb-content-wrapper\"><p>[vc_row][vc_column][vc_empty_space height=&#8220;20px&#8220;][vc_column_text]<\/p>\n<h1>Z\u00e1\u017eitkov\u00e9 v\u00fdlety na Dunaji s Dunajskou lodn\u00ed plavbou Wurm &amp; K\u00f6ck<\/h1>\n<p>[\/vc_column_text][\/vc_column][\/vc_row][vc_row][vc_column][vc_column_text]Na radostn\u00e9 vln\u011b: Dunajsk\u00e1 plavebn\u00ed spole\u010dnost\u00a0<a href=\"http:\/\/www.donauschiffahrt.de\/de\/home.html\" target=\"_blank\">Donauschiffahrt Wurm + K\u00f6ck<\/a>\u00a0nab\u00edz\u00ed pravideln\u00e9 lodn\u00ed linky, v\u00fdletn\u00ed plavby, plavby s\u00a0hudbou a tancem i plavby na objedn\u00e1vku. D\u00edky sv\u00e9 flotile o 12 lod\u00edch je spole\u010dnost Wurm + K\u00f6ck\u00a0nejv\u011bt\u0161\u00ed v\u00fdletn\u00ed plavebn\u00ed spole\u010dnost\u00ed na bavorsko-rakousk\u00e9m Dunaji. Gastronomie na palub\u011b lodi v\u00e1s nadchne kulin\u00e1\u0159sk\u00fdmi specialitami.<\/p>\n<p>Podrobn\u00fd j\u00edzdn\u00ed \u0159\u00e1d a informace v\u010detn\u011b cen j\u00edzdn\u00e9ho naleznete zde <a href=\"http:\/\/www.donauschiffahrt.de\/de\/home.html\" target=\"_blank\">www.donauschiffahrt.de<\/a>.<\/p>\n<p><span style=\"line-height: 1.5;\">Donauschiffahrt WURM+K\u00d6CK<br \/>\n<\/span>H\u00f6llgasse 26<br \/>\n94032 Passau<br \/>\nTel.: +49 (0) 8 51 92 92 92<br \/>\nFax: +49 (0) 8 51 3 55 18<\/p>\n<p>eMail: <a href=\"mailto:info@donauschiffahrt.de\">info@donauschiffahrt.de<\/a>[\/vc_column_text][\/vc_column][\/vc_row][vc_row][vc_column][vc_masonry_media_grid element_width=&#8220;3&#8243; grid_id=&#8220;vc_gid:1469777247797-6cf65b49-34b9-3&#8243; include=&#8220;1283,1282,1281,1280&#8243;][\/vc_column][\/vc_row][vc_row][vc_column][vc_separator color=&#8220;custom&#8220; accent_color=&#8220;#95c11f&#8220;][vc_btn title=&#8220;zp\u011bt na p\u0159ehled&#8220; shape=&#8220;square&#8220; color=&#8220;green&#8220; size=&#8220;sm&#8220; align=&#8220;right&#8220; link=&#8220;url:http%3A%2F%2Furlaub-in-waldkirchen.de%2Fcs%2Fvolny-cas%2F|||&#8220;][\/vc_column][\/vc_row]<\/p>\n<\/div>","protected":false},"excerpt":{"rendered":"<p>[vc_row][vc_column][vc_empty_space height=&#8220;20px&#8220;][vc_column_text] Z\u00e1\u017eitkov\u00e9 v\u00fdlety na Dunaji s Dunajskou lodn\u00ed plavbou Wurm &amp; K\u00f6ck [\/vc_column_text][\/vc_column][\/vc_row][vc_row][vc_column][vc_column_text]Na radostn\u00e9 vln\u011b: Dunajsk\u00e1 plavebn\u00ed spole\u010dnost\u00a0Donauschiffahrt Wurm + K\u00f6ck\u00a0nab\u00edz\u00ed pravideln\u00e9 lodn\u00ed linky, v\u00fdletn\u00ed<span class=\"excerpt-hellip\"> [\u2026]<\/span><\/p>\n","protected":false},"author":2,"featured_media":0,"parent":2703,"menu_order":0,"comment_status":"closed","ping_status":"closed","template":"","meta":{"footnotes":""},"class_list":["post-2800","page","type-page","status-publish","hentry"],"yoast_head":"<!-- This site is optimized with the Yoast SEO plugin v27.3 - https:\/\/yoast.com\/product\/yoast-seo-wordpress\/ -->\n<title>Dunajsk\u00e1 lodn\u00ed plavba - urlaub-in-waldkirchen.de<\/title>\n<meta name=\"description\" content=\"Na radostn\u00e9 vln\u011b: Dunajsk\u00e1 plavebn\u00ed spole\u010dnost Donauschiffahrt Wurm + K\u00f6ck nab\u00edz\u00ed pravideln\u00e9 lodn\u00ed linky, v\u00fdletn\u00ed plavby, plavby s hudbou a tancem i plavby na objedn\u00e1vku.\" \/>\n<meta name=\"robots\" content=\"index, follow, max-snippet:-1, max-image-preview:large, max-video-preview:-1\" \/>\n<link rel=\"canonical\" href=\"https:\/\/urlaub-in-waldkirchen.de\/cs\/volny-cas\/dunajska-lodni-plavba\/\" \/>\n<meta property=\"og:locale\" content=\"cs_CZ\" \/>\n<meta property=\"og:type\" content=\"article\" \/>\n<meta property=\"og:title\" content=\"Dunajsk\u00e1 lodn\u00ed plavba - urlaub-in-waldkirchen.de\" \/>\n<meta property=\"og:description\" content=\"Na radostn\u00e9 vln\u011b: Dunajsk\u00e1 plavebn\u00ed spole\u010dnost Donauschiffahrt Wurm + K\u00f6ck nab\u00edz\u00ed pravideln\u00e9 lodn\u00ed linky, v\u00fdletn\u00ed plavby, plavby s hudbou a tancem i plavby na objedn\u00e1vku.\" \/>\n<meta property=\"og:url\" content=\"https:\/\/urlaub-in-waldkirchen.de\/cs\/volny-cas\/dunajska-lodni-plavba\/\" \/>\n<meta property=\"og:site_name\" content=\"urlaub-in-waldkirchen.de\" \/>\n<meta property=\"article:modified_time\" content=\"2016-07-29T07:29:54+00:00\" \/>\n<meta name=\"twitter:card\" content=\"summary_large_image\" \/>\n<meta name=\"twitter:label1\" content=\"Odhadovan\u00e1 doba \u010dten\u00ed\" \/>\n\t<meta name=\"twitter:data1\" content=\"1 minuta\" \/>\n<script type=\"application\/ld+json\" class=\"yoast-schema-graph\">{\"@context\":\"https:\\\/\\\/schema.org\",\"@graph\":[{\"@type\":\"WebPage\",\"@id\":\"https:\\\/\\\/urlaub-in-waldkirchen.de\\\/cs\\\/volny-cas\\\/dunajska-lodni-plavba\\\/\",\"url\":\"https:\\\/\\\/urlaub-in-waldkirchen.de\\\/cs\\\/volny-cas\\\/dunajska-lodni-plavba\\\/\",\"name\":\"Dunajsk\u00e1 lodn\u00ed plavba - urlaub-in-waldkirchen.de\",\"isPartOf\":{\"@id\":\"https:\\\/\\\/urlaub-in-waldkirchen.de\\\/#website\"},\"datePublished\":\"2016-05-10T08:34:23+00:00\",\"dateModified\":\"2016-07-29T07:29:54+00:00\",\"description\":\"Na radostn\u00e9 vln\u011b: Dunajsk\u00e1 plavebn\u00ed spole\u010dnost Donauschiffahrt Wurm + K\u00f6ck nab\u00edz\u00ed pravideln\u00e9 lodn\u00ed linky, v\u00fdletn\u00ed plavby, plavby s hudbou a tancem i plavby na objedn\u00e1vku.\",\"breadcrumb\":{\"@id\":\"https:\\\/\\\/urlaub-in-waldkirchen.de\\\/cs\\\/volny-cas\\\/dunajska-lodni-plavba\\\/#breadcrumb\"},\"inLanguage\":\"cs\",\"potentialAction\":[{\"@type\":\"ReadAction\",\"target\":[\"https:\\\/\\\/urlaub-in-waldkirchen.de\\\/cs\\\/volny-cas\\\/dunajska-lodni-plavba\\\/\"]}]},{\"@type\":\"BreadcrumbList\",\"@id\":\"https:\\\/\\\/urlaub-in-waldkirchen.de\\\/cs\\\/volny-cas\\\/dunajska-lodni-plavba\\\/#breadcrumb\",\"itemListElement\":[{\"@type\":\"ListItem\",\"position\":1,\"name\":\"Startseite\",\"item\":\"https:\\\/\\\/urlaub-in-waldkirchen.de\\\/cs\\\/\"},{\"@type\":\"ListItem\",\"position\":2,\"name\":\"Voln\u00fd \u010das\",\"item\":\"https:\\\/\\\/urlaub-in-waldkirchen.de\\\/cs\\\/volny-cas\\\/\"},{\"@type\":\"ListItem\",\"position\":3,\"name\":\"Dunajsk\u00e1 lodn\u00ed plavba\"}]},{\"@type\":\"WebSite\",\"@id\":\"https:\\\/\\\/urlaub-in-waldkirchen.de\\\/#website\",\"url\":\"https:\\\/\\\/urlaub-in-waldkirchen.de\\\/\",\"name\":\"urlaub-in-waldkirchen.de\",\"description\":\"\",\"potentialAction\":[{\"@type\":\"SearchAction\",\"target\":{\"@type\":\"EntryPoint\",\"urlTemplate\":\"https:\\\/\\\/urlaub-in-waldkirchen.de\\\/?s={search_term_string}\"},\"query-input\":{\"@type\":\"PropertyValueSpecification\",\"valueRequired\":true,\"valueName\":\"search_term_string\"}}],\"inLanguage\":\"cs\"}]}<\/script>\n<!-- \/ Yoast SEO plugin. -->","yoast_head_json":{"title":"Dunajsk\u00e1 lodn\u00ed plavba - urlaub-in-waldkirchen.de","description":"Na radostn\u00e9 vln\u011b: Dunajsk\u00e1 plavebn\u00ed spole\u010dnost Donauschiffahrt Wurm + K\u00f6ck nab\u00edz\u00ed pravideln\u00e9 lodn\u00ed linky, v\u00fdletn\u00ed plavby, plavby s hudbou a tancem i plavby na objedn\u00e1vku.","robots":{"index":"index","follow":"follow","max-snippet":"max-snippet:-1","max-image-preview":"max-image-preview:large","max-video-preview":"max-video-preview:-1"},"canonical":"https:\/\/urlaub-in-waldkirchen.de\/cs\/volny-cas\/dunajska-lodni-plavba\/","og_locale":"cs_CZ","og_type":"article","og_title":"Dunajsk\u00e1 lodn\u00ed plavba - urlaub-in-waldkirchen.de","og_description":"Na radostn\u00e9 vln\u011b: Dunajsk\u00e1 plavebn\u00ed spole\u010dnost Donauschiffahrt Wurm + K\u00f6ck nab\u00edz\u00ed pravideln\u00e9 lodn\u00ed linky, v\u00fdletn\u00ed plavby, plavby s hudbou a tancem i plavby na objedn\u00e1vku.","og_url":"https:\/\/urlaub-in-waldkirchen.de\/cs\/volny-cas\/dunajska-lodni-plavba\/","og_site_name":"urlaub-in-waldkirchen.de","article_modified_time":"2016-07-29T07:29:54+00:00","twitter_card":"summary_large_image","twitter_misc":{"Odhadovan\u00e1 doba \u010dten\u00ed":"1 minuta"},"schema":{"@context":"https:\/\/schema.org","@graph":[{"@type":"WebPage","@id":"https:\/\/urlaub-in-waldkirchen.de\/cs\/volny-cas\/dunajska-lodni-plavba\/","url":"https:\/\/urlaub-in-waldkirchen.de\/cs\/volny-cas\/dunajska-lodni-plavba\/","name":"Dunajsk\u00e1 lodn\u00ed plavba - urlaub-in-waldkirchen.de","isPartOf":{"@id":"https:\/\/urlaub-in-waldkirchen.de\/#website"},"datePublished":"2016-05-10T08:34:23+00:00","dateModified":"2016-07-29T07:29:54+00:00","description":"Na radostn\u00e9 vln\u011b: Dunajsk\u00e1 plavebn\u00ed spole\u010dnost Donauschiffahrt Wurm + K\u00f6ck nab\u00edz\u00ed pravideln\u00e9 lodn\u00ed linky, v\u00fdletn\u00ed plavby, plavby s hudbou a tancem i plavby na objedn\u00e1vku.","breadcrumb":{"@id":"https:\/\/urlaub-in-waldkirchen.de\/cs\/volny-cas\/dunajska-lodni-plavba\/#breadcrumb"},"inLanguage":"cs","potentialAction":[{"@type":"ReadAction","target":["https:\/\/urlaub-in-waldkirchen.de\/cs\/volny-cas\/dunajska-lodni-plavba\/"]}]},{"@type":"BreadcrumbList","@id":"https:\/\/urlaub-in-waldkirchen.de\/cs\/volny-cas\/dunajska-lodni-plavba\/#breadcrumb","itemListElement":[{"@type":"ListItem","position":1,"name":"Startseite","item":"https:\/\/urlaub-in-waldkirchen.de\/cs\/"},{"@type":"ListItem","position":2,"name":"Voln\u00fd \u010das","item":"https:\/\/urlaub-in-waldkirchen.de\/cs\/volny-cas\/"},{"@type":"ListItem","position":3,"name":"Dunajsk\u00e1 lodn\u00ed plavba"}]},{"@type":"WebSite","@id":"https:\/\/urlaub-in-waldkirchen.de\/#website","url":"https:\/\/urlaub-in-waldkirchen.de\/","name":"urlaub-in-waldkirchen.de","description":"","potentialAction":[{"@type":"SearchAction","target":{"@type":"EntryPoint","urlTemplate":"https:\/\/urlaub-in-waldkirchen.de\/?s={search_term_string}"},"query-input":{"@type":"PropertyValueSpecification","valueRequired":true,"valueName":"search_term_string"}}],"inLanguage":"cs"}]}},"_links":{"self":[{"href":"https:\/\/urlaub-in-waldkirchen.de\/cs\/wp-json\/wp\/v2\/pages\/2800","targetHints":{"allow":["GET"]}}],"collection":[{"href":"https:\/\/urlaub-in-waldkirchen.de\/cs\/wp-json\/wp\/v2\/pages"}],"about":[{"href":"https:\/\/urlaub-in-waldkirchen.de\/cs\/wp-json\/wp\/v2\/types\/page"}],"author":[{"embeddable":true,"href":"https:\/\/urlaub-in-waldkirchen.de\/cs\/wp-json\/wp\/v2\/users\/2"}],"replies":[{"embeddable":true,"href":"https:\/\/urlaub-in-waldkirchen.de\/cs\/wp-json\/wp\/v2\/comments?post=2800"}],"version-history":[{"count":0,"href":"https:\/\/urlaub-in-waldkirchen.de\/cs\/wp-json\/wp\/v2\/pages\/2800\/revisions"}],"up":[{"embeddable":true,"href":"https:\/\/urlaub-in-waldkirchen.de\/cs\/wp-json\/wp\/v2\/pages\/2703"}],"wp:attachment":[{"href":"https:\/\/urlaub-in-waldkirchen.de\/cs\/wp-json\/wp\/v2\/media?parent=2800"}],"curies":[{"name":"wp","href":"https:\/\/api.w.org\/{rel}","templated":true}]}}