{"id":2810,"date":"2016-04-28T13:46:24","date_gmt":"2016-04-28T11:46:24","guid":{"rendered":"https:\/\/urlaub-in-waldkirchen.de\/cs\/volny-cas\/ebikes\/"},"modified":"2025-03-12T13:30:54","modified_gmt":"2025-03-12T12:30:54","slug":"elektrokola","status":"publish","type":"page","link":"https:\/\/urlaub-in-waldkirchen.de\/cs\/volny-cas\/elektrokola\/","title":{"rendered":"Elektrokola"},"content":{"rendered":"<div class=\"wpb-content-wrapper\"><p>[vc_row][vc_column][vc_empty_space height=&#8220;20px&#8220;][vc_column_text]<\/p>\n<h1>E-Bike\u00a0&#8211;\u00a0ohne Hektik, daf\u00fcr elektrisch<\/h1>\n<p>[\/vc_column_text][\/vc_column][\/vc_row][vc_row][vc_column][vc_column_text css=&#8220;&#8220;]<b>E-Bikes<\/b> sind der Trend im Radsport. Mit relativen\u00a0geringem Kraftaufwand und Dank Hilfe eines kleinen Elektromotors lassen sich selbst anspruchsvolle Steigungen bequem und einfach bezwingen.\u00a0Mit elektrischer Unterst\u00fctzung gelangt somit jeder Biker an sein pers\u00f6nliches Ziel.\u00a0Erleben Sie die Natur aktiv, bewegen Sie sich auf einem Fahrrad von A nach B, bew\u00e4ltigen Sie selbst Steigungen spielend und immer im Wohlf\u00fchlbereich.<\/p>\n<p>So bleibt Ihnen mehr Zeit die wundervolle Gegend\u00a0um Waldkirchen zu genie\u00dfen. Jedes Ziel ist leicht erreichbar.<br \/>\n<strong>Aber nicht vergessen:<\/strong> auch dieser Sport verlangt ein Grundma\u00df an Kraft und Kondition, weil auch das E-Bike nicht von alleine f\u00e4hrt.<\/p>\n<p>In Waldkirchen besteht die M\u00f6glichkeit, auf modernste E-Bikes um- oder aufzusteigen: Neben <a href=\"https:\/\/www.ebike-waldkirchen.de\/\">MietRadl Waldkirchen<\/a> bietet auch\u00a0die <a href=\"http:\/\/www.radybike.de\">Fa. Radybike<\/a> in Waldkirchen E-Bikes zum Verleih, damit Sie die Natur v\u00f6llig abgasfrei und nahezu ger\u00e4uschlos genie\u00dfen k\u00f6nnen.<\/p>\n<p>Kontakt:<\/p>\n<p>MietRadl Waldkirchen | Max und Katrin Weber | Tel. 0151-27555142 | <a href=\"https:\/\/www.ebike-waldkirchen.de\/\">www.ebike-waldkirchen.de <\/a><\/p>\n<p>Radybike | Stefan Kriszt | Tel. 0160-3322643 | <a href=\"http:\/\/www.radybike.de\">www.radybike.de\u00a0<\/a><\/p>\n<p>Der Genussradler kann seinen Akku an jeder beliebigen Steckdose aufladen &#8211; einfach bei Tankstellen oder auch Gastst\u00e4tten anfragen. In Waldkirchen bieten wir mittlerweile drei moderne Lades\u00e4ulen samt Schlie\u00dff\u00e4cher und nat\u00fcrlich die passenden Rad-St\u00e4nder direkt daneben, und zwar: am Rathaus-Brunnen, an der Touristinfo sowie am Kurparksee Erlauzwiesel beim Seepavillon.[\/vc_column_text][\/vc_column][\/vc_row][vc_row][vc_column][vc_masonry_media_grid element_width=&#8220;3&#8243; gap=&#8220;10&#8243; grid_id=&#8220;vc_gid:1741782587082-0a9ba141-3c6a-6&#8243; include=&#8220;2169,2167,2166,2168&#8243;][\/vc_column][\/vc_row][vc_row][vc_column][vc_separator color=&#8220;custom&#8220; accent_color=&#8220;#95c11f&#8220;][vc_btn title=&#8220;zur\u00fcck zur \u00dcbersicht&#8220; shape=&#8220;square&#8220; color=&#8220;green&#8220; size=&#8220;sm&#8220; align=&#8220;right&#8220; link=&#8220;url:http%3A%2F%2Furlaub-in-waldkirchen.de%2Ffreizeit-uebersicht%2F|&#8220;][\/vc_column][\/vc_row]<\/p>\n<\/div>","protected":false},"excerpt":{"rendered":"<p>[vc_row][vc_column][vc_empty_space height=&#8220;20px&#8220;][vc_column_text] E-Bike\u00a0&#8211;\u00a0ohne Hektik, daf\u00fcr elektrisch [\/vc_column_text][\/vc_column][\/vc_row][vc_row][vc_column][vc_column_text css=&#8220;&#8220;]E-Bikes sind der Trend im Radsport. Mit relativen\u00a0geringem Kraftaufwand und Dank Hilfe eines kleinen Elektromotors lassen sich selbst anspruchsvolle<span class=\"excerpt-hellip\"> [\u2026]<\/span><\/p>\n","protected":false},"author":2,"featured_media":0,"parent":2703,"menu_order":0,"comment_status":"closed","ping_status":"closed","template":"","meta":{"footnotes":""},"class_list":["post-2810","page","type-page","status-publish","hentry"],"yoast_head":"<!-- This site is optimized with the Yoast SEO plugin v27.3 - https:\/\/yoast.com\/product\/yoast-seo-wordpress\/ -->\n<title>Elektrokola - urlaub-in-waldkirchen.de<\/title>\n<meta name=\"description\" content=\"J\u00edzda na elektrokole pat\u0159\u00ed mezi nov\u00e9 trendy cyklistiky. S relativn\u011b mal\u00fdm vyp\u011bt\u00edm a pomoc\u00ed drobn\u00e9ho elektromotoru je mo\u017en\u00e9 pohodln\u011b a lehce zdolat i n\u00e1ro\u010dn\u00e1 stoup\u00e1n\u00ed.\" \/>\n<meta name=\"robots\" content=\"index, follow, max-snippet:-1, max-image-preview:large, max-video-preview:-1\" \/>\n<link rel=\"canonical\" href=\"https:\/\/urlaub-in-waldkirchen.de\/cs\/volny-cas\/elektrokola\/\" \/>\n<meta property=\"og:locale\" content=\"cs_CZ\" \/>\n<meta property=\"og:type\" content=\"article\" \/>\n<meta property=\"og:title\" content=\"Elektrokola - urlaub-in-waldkirchen.de\" \/>\n<meta property=\"og:description\" content=\"J\u00edzda na elektrokole pat\u0159\u00ed mezi nov\u00e9 trendy cyklistiky. S relativn\u011b mal\u00fdm vyp\u011bt\u00edm a pomoc\u00ed drobn\u00e9ho elektromotoru je mo\u017en\u00e9 pohodln\u011b a lehce zdolat i n\u00e1ro\u010dn\u00e1 stoup\u00e1n\u00ed.\" \/>\n<meta property=\"og:url\" content=\"https:\/\/urlaub-in-waldkirchen.de\/cs\/volny-cas\/elektrokola\/\" \/>\n<meta property=\"og:site_name\" content=\"urlaub-in-waldkirchen.de\" \/>\n<meta property=\"article:modified_time\" content=\"2025-03-12T12:30:54+00:00\" \/>\n<meta name=\"twitter:card\" content=\"summary_large_image\" \/>\n<meta name=\"twitter:label1\" content=\"Odhadovan\u00e1 doba \u010dten\u00ed\" \/>\n\t<meta name=\"twitter:data1\" content=\"2 minuty\" \/>\n<script type=\"application\/ld+json\" class=\"yoast-schema-graph\">{\"@context\":\"https:\\\/\\\/schema.org\",\"@graph\":[{\"@type\":\"WebPage\",\"@id\":\"https:\\\/\\\/urlaub-in-waldkirchen.de\\\/cs\\\/volny-cas\\\/elektrokola\\\/\",\"url\":\"https:\\\/\\\/urlaub-in-waldkirchen.de\\\/cs\\\/volny-cas\\\/elektrokola\\\/\",\"name\":\"Elektrokola - urlaub-in-waldkirchen.de\",\"isPartOf\":{\"@id\":\"https:\\\/\\\/urlaub-in-waldkirchen.de\\\/#website\"},\"datePublished\":\"2016-04-28T11:46:24+00:00\",\"dateModified\":\"2025-03-12T12:30:54+00:00\",\"description\":\"J\u00edzda na elektrokole pat\u0159\u00ed mezi nov\u00e9 trendy cyklistiky. S relativn\u011b mal\u00fdm vyp\u011bt\u00edm a pomoc\u00ed drobn\u00e9ho elektromotoru je mo\u017en\u00e9 pohodln\u011b a lehce zdolat i n\u00e1ro\u010dn\u00e1 stoup\u00e1n\u00ed.\",\"breadcrumb\":{\"@id\":\"https:\\\/\\\/urlaub-in-waldkirchen.de\\\/cs\\\/volny-cas\\\/elektrokola\\\/#breadcrumb\"},\"inLanguage\":\"cs\",\"potentialAction\":[{\"@type\":\"ReadAction\",\"target\":[\"https:\\\/\\\/urlaub-in-waldkirchen.de\\\/cs\\\/volny-cas\\\/elektrokola\\\/\"]}]},{\"@type\":\"BreadcrumbList\",\"@id\":\"https:\\\/\\\/urlaub-in-waldkirchen.de\\\/cs\\\/volny-cas\\\/elektrokola\\\/#breadcrumb\",\"itemListElement\":[{\"@type\":\"ListItem\",\"position\":1,\"name\":\"Startseite\",\"item\":\"https:\\\/\\\/urlaub-in-waldkirchen.de\\\/cs\\\/\"},{\"@type\":\"ListItem\",\"position\":2,\"name\":\"Voln\u00fd \u010das\",\"item\":\"https:\\\/\\\/urlaub-in-waldkirchen.de\\\/cs\\\/volny-cas\\\/\"},{\"@type\":\"ListItem\",\"position\":3,\"name\":\"Elektrokola\"}]},{\"@type\":\"WebSite\",\"@id\":\"https:\\\/\\\/urlaub-in-waldkirchen.de\\\/#website\",\"url\":\"https:\\\/\\\/urlaub-in-waldkirchen.de\\\/\",\"name\":\"urlaub-in-waldkirchen.de\",\"description\":\"\",\"potentialAction\":[{\"@type\":\"SearchAction\",\"target\":{\"@type\":\"EntryPoint\",\"urlTemplate\":\"https:\\\/\\\/urlaub-in-waldkirchen.de\\\/?s={search_term_string}\"},\"query-input\":{\"@type\":\"PropertyValueSpecification\",\"valueRequired\":true,\"valueName\":\"search_term_string\"}}],\"inLanguage\":\"cs\"}]}<\/script>\n<!-- \/ Yoast SEO plugin. -->","yoast_head_json":{"title":"Elektrokola - urlaub-in-waldkirchen.de","description":"J\u00edzda na elektrokole pat\u0159\u00ed mezi nov\u00e9 trendy cyklistiky. S relativn\u011b mal\u00fdm vyp\u011bt\u00edm a pomoc\u00ed drobn\u00e9ho elektromotoru je mo\u017en\u00e9 pohodln\u011b a lehce zdolat i n\u00e1ro\u010dn\u00e1 stoup\u00e1n\u00ed.","robots":{"index":"index","follow":"follow","max-snippet":"max-snippet:-1","max-image-preview":"max-image-preview:large","max-video-preview":"max-video-preview:-1"},"canonical":"https:\/\/urlaub-in-waldkirchen.de\/cs\/volny-cas\/elektrokola\/","og_locale":"cs_CZ","og_type":"article","og_title":"Elektrokola - urlaub-in-waldkirchen.de","og_description":"J\u00edzda na elektrokole pat\u0159\u00ed mezi nov\u00e9 trendy cyklistiky. S relativn\u011b mal\u00fdm vyp\u011bt\u00edm a pomoc\u00ed drobn\u00e9ho elektromotoru je mo\u017en\u00e9 pohodln\u011b a lehce zdolat i n\u00e1ro\u010dn\u00e1 stoup\u00e1n\u00ed.","og_url":"https:\/\/urlaub-in-waldkirchen.de\/cs\/volny-cas\/elektrokola\/","og_site_name":"urlaub-in-waldkirchen.de","article_modified_time":"2025-03-12T12:30:54+00:00","twitter_card":"summary_large_image","twitter_misc":{"Odhadovan\u00e1 doba \u010dten\u00ed":"2 minuty"},"schema":{"@context":"https:\/\/schema.org","@graph":[{"@type":"WebPage","@id":"https:\/\/urlaub-in-waldkirchen.de\/cs\/volny-cas\/elektrokola\/","url":"https:\/\/urlaub-in-waldkirchen.de\/cs\/volny-cas\/elektrokola\/","name":"Elektrokola - urlaub-in-waldkirchen.de","isPartOf":{"@id":"https:\/\/urlaub-in-waldkirchen.de\/#website"},"datePublished":"2016-04-28T11:46:24+00:00","dateModified":"2025-03-12T12:30:54+00:00","description":"J\u00edzda na elektrokole pat\u0159\u00ed mezi nov\u00e9 trendy cyklistiky. S relativn\u011b mal\u00fdm vyp\u011bt\u00edm a pomoc\u00ed drobn\u00e9ho elektromotoru je mo\u017en\u00e9 pohodln\u011b a lehce zdolat i n\u00e1ro\u010dn\u00e1 stoup\u00e1n\u00ed.","breadcrumb":{"@id":"https:\/\/urlaub-in-waldkirchen.de\/cs\/volny-cas\/elektrokola\/#breadcrumb"},"inLanguage":"cs","potentialAction":[{"@type":"ReadAction","target":["https:\/\/urlaub-in-waldkirchen.de\/cs\/volny-cas\/elektrokola\/"]}]},{"@type":"BreadcrumbList","@id":"https:\/\/urlaub-in-waldkirchen.de\/cs\/volny-cas\/elektrokola\/#breadcrumb","itemListElement":[{"@type":"ListItem","position":1,"name":"Startseite","item":"https:\/\/urlaub-in-waldkirchen.de\/cs\/"},{"@type":"ListItem","position":2,"name":"Voln\u00fd \u010das","item":"https:\/\/urlaub-in-waldkirchen.de\/cs\/volny-cas\/"},{"@type":"ListItem","position":3,"name":"Elektrokola"}]},{"@type":"WebSite","@id":"https:\/\/urlaub-in-waldkirchen.de\/#website","url":"https:\/\/urlaub-in-waldkirchen.de\/","name":"urlaub-in-waldkirchen.de","description":"","potentialAction":[{"@type":"SearchAction","target":{"@type":"EntryPoint","urlTemplate":"https:\/\/urlaub-in-waldkirchen.de\/?s={search_term_string}"},"query-input":{"@type":"PropertyValueSpecification","valueRequired":true,"valueName":"search_term_string"}}],"inLanguage":"cs"}]}},"_links":{"self":[{"href":"https:\/\/urlaub-in-waldkirchen.de\/cs\/wp-json\/wp\/v2\/pages\/2810","targetHints":{"allow":["GET"]}}],"collection":[{"href":"https:\/\/urlaub-in-waldkirchen.de\/cs\/wp-json\/wp\/v2\/pages"}],"about":[{"href":"https:\/\/urlaub-in-waldkirchen.de\/cs\/wp-json\/wp\/v2\/types\/page"}],"author":[{"embeddable":true,"href":"https:\/\/urlaub-in-waldkirchen.de\/cs\/wp-json\/wp\/v2\/users\/2"}],"replies":[{"embeddable":true,"href":"https:\/\/urlaub-in-waldkirchen.de\/cs\/wp-json\/wp\/v2\/comments?post=2810"}],"version-history":[{"count":4,"href":"https:\/\/urlaub-in-waldkirchen.de\/cs\/wp-json\/wp\/v2\/pages\/2810\/revisions"}],"predecessor-version":[{"id":7825,"href":"https:\/\/urlaub-in-waldkirchen.de\/cs\/wp-json\/wp\/v2\/pages\/2810\/revisions\/7825"}],"up":[{"embeddable":true,"href":"https:\/\/urlaub-in-waldkirchen.de\/cs\/wp-json\/wp\/v2\/pages\/2703"}],"wp:attachment":[{"href":"https:\/\/urlaub-in-waldkirchen.de\/cs\/wp-json\/wp\/v2\/media?parent=2810"}],"curies":[{"name":"wp","href":"https:\/\/api.w.org\/{rel}","templated":true}]}}