{"id":2820,"date":"2016-05-10T10:36:30","date_gmt":"2016-05-10T08:36:30","guid":{"rendered":"https:\/\/urlaub-in-waldkirchen.de\/cs\/volny-cas\/granitzentrum-steinwelten\/"},"modified":"2025-06-18T11:51:47","modified_gmt":"2025-06-18T09:51:47","slug":"centrum-zuly-kamenne-svety","status":"publish","type":"page","link":"https:\/\/urlaub-in-waldkirchen.de\/cs\/volny-cas\/centrum-zuly-kamenne-svety\/","title":{"rendered":"Centrum \u017euly \u2013 Kamenn\u00e9 sv\u011bty"},"content":{"rendered":"<div class=\"wpb-content-wrapper\"><p>[vc_row][vc_column][vc_empty_space height=&#8220;20px&#8220;][vc_column_text]<\/p>\n<h1>Granitzentrum-Steinwelten &#8211; Zeit des Steins \u2013 Zeit des Menschen<\/h1>\n<p>[\/vc_column_text][\/vc_column][\/vc_row][vc_row][vc_column][vc_column_text css=&#8220;&#8220;]Das <a href=\"http:\/\/www.granitzentrum.de\/\" target=\"_blank\" rel=\"noopener\">Granitzentrum<\/a>\u00a0erz\u00e4hlt sowohl die Geschichte des Granits als auch die Geschichte der Menschen, die mit dem Stein umgehen.<\/p>\n<p>Es erwartet Sie ein vision\u00e4res Geb\u00e4ude, das den &#8222;Edelstein&#8220; Granit gekonnt in Szene setzt. Moderne Medien und spannende Inszenierungen bringen Sie auf eine Zeitreise in die Erdgeschichte. Alte Steinmetzkultur wird wieder lebendig: vom Rei\u00dfboden bis zum fertigen Werkst\u00fcck.<\/p>\n<p>Ein Schausteinbruch zeigt die harte Arbeit in alter Zeit. Eine z\u00fcnftige Steinhauerkantine steht zur Verf\u00fcgung, in der man auch seine eigene Brotzeit mitbringen kann.<\/p>\n<p>Erleben Sie, wie Gebirge wachsen und vergehen, Ozeane kommen und gehen, Pflanzen und Tiere das Land erobern und Katastrophen die Erde ersch\u00fcttern.<\/p>\n<p>Weitere Infos gibt&#8217;s HIER: <a href=\"http:\/\/www.granitzentrum.bayern\" target=\"_blank\" rel=\"noopener\">GRANITZENTRUM<\/a>[\/vc_column_text][\/vc_column][\/vc_row][vc_row][vc_column][vc_masonry_media_grid element_width=&#8220;3&#8243; grid_id=&#8220;vc_gid:1750240590903-ad19c5e7-5fff-3&#8243; include=&#8220;1319,1318,1317,1316&#8243;][\/vc_column][\/vc_row][vc_row][vc_column][vc_separator color=&#8220;custom&#8220; accent_color=&#8220;#95c11f&#8220;][vc_btn title=&#8220;zur\u00fcck zur \u00dcbersicht&#8220; shape=&#8220;square&#8220; color=&#8220;green&#8220; size=&#8220;sm&#8220; align=&#8220;right&#8220; link=&#8220;url:http%3A%2F%2Furlaub-in-waldkirchen.de%2Ffreizeit-uebersicht%2F|&#8220;][\/vc_column][\/vc_row]<\/p>\n<\/div>","protected":false},"excerpt":{"rendered":"<p>[vc_row][vc_column][vc_empty_space height=&#8220;20px&#8220;][vc_column_text] Granitzentrum-Steinwelten &#8211; Zeit des Steins \u2013 Zeit des Menschen [\/vc_column_text][\/vc_column][\/vc_row][vc_row][vc_column][vc_column_text css=&#8220;&#8220;]Das Granitzentrum\u00a0erz\u00e4hlt sowohl die Geschichte des Granits als auch die Geschichte der Menschen, die<span class=\"excerpt-hellip\"> [\u2026]<\/span><\/p>\n","protected":false},"author":2,"featured_media":-1,"parent":2703,"menu_order":0,"comment_status":"closed","ping_status":"closed","template":"","meta":{"footnotes":""},"class_list":["post-2820","page","type-page","status-publish","has-post-thumbnail","hentry"],"yoast_head":"<!-- This site is optimized with the Yoast SEO plugin v27.3 - https:\/\/yoast.com\/product\/yoast-seo-wordpress\/ -->\n<title>Centrum \u017euly \u2013 Kamenn\u00e9 sv\u011bty - urlaub-in-waldkirchen.de<\/title>\n<meta name=\"description\" content=\"Centrum \u017euly vypr\u00e1v\u00ed historii kamene, ale tak\u00e9 t\u011bch, kte\u0159\u00ed s kamenem pracuj\u00ed. O\u010dek\u00e1v\u00e1 v\u00e1s budova s nad\u010dasov\u00fdmi prvky, v n\u00ed\u017e se ve\u0161ker\u00e1 pozornost soust\u0159ed\u00ed na \u201eskvost\u201c \u017eulu.\" \/>\n<meta name=\"robots\" content=\"index, follow, max-snippet:-1, max-image-preview:large, max-video-preview:-1\" \/>\n<link rel=\"canonical\" href=\"https:\/\/urlaub-in-waldkirchen.de\/cs\/volny-cas\/centrum-zuly-kamenne-svety\/\" \/>\n<meta property=\"og:locale\" content=\"cs_CZ\" \/>\n<meta property=\"og:type\" content=\"article\" \/>\n<meta property=\"og:title\" content=\"Centrum \u017euly \u2013 Kamenn\u00e9 sv\u011bty - urlaub-in-waldkirchen.de\" \/>\n<meta property=\"og:description\" content=\"Centrum \u017euly vypr\u00e1v\u00ed historii kamene, ale tak\u00e9 t\u011bch, kte\u0159\u00ed s kamenem pracuj\u00ed. O\u010dek\u00e1v\u00e1 v\u00e1s budova s nad\u010dasov\u00fdmi prvky, v n\u00ed\u017e se ve\u0161ker\u00e1 pozornost soust\u0159ed\u00ed na \u201eskvost\u201c \u017eulu.\" \/>\n<meta property=\"og:url\" content=\"https:\/\/urlaub-in-waldkirchen.de\/cs\/volny-cas\/centrum-zuly-kamenne-svety\/\" \/>\n<meta property=\"og:site_name\" content=\"urlaub-in-waldkirchen.de\" \/>\n<meta property=\"article:modified_time\" content=\"2025-06-18T09:51:47+00:00\" \/>\n<meta name=\"twitter:card\" content=\"summary_large_image\" \/>\n<meta name=\"twitter:label1\" content=\"Odhadovan\u00e1 doba \u010dten\u00ed\" \/>\n\t<meta name=\"twitter:data1\" content=\"1 minuta\" \/>\n<script type=\"application\/ld+json\" class=\"yoast-schema-graph\">{\"@context\":\"https:\\\/\\\/schema.org\",\"@graph\":[{\"@type\":\"WebPage\",\"@id\":\"https:\\\/\\\/urlaub-in-waldkirchen.de\\\/cs\\\/volny-cas\\\/centrum-zuly-kamenne-svety\\\/\",\"url\":\"https:\\\/\\\/urlaub-in-waldkirchen.de\\\/cs\\\/volny-cas\\\/centrum-zuly-kamenne-svety\\\/\",\"name\":\"Centrum \u017euly \u2013 Kamenn\u00e9 sv\u011bty - urlaub-in-waldkirchen.de\",\"isPartOf\":{\"@id\":\"https:\\\/\\\/urlaub-in-waldkirchen.de\\\/#website\"},\"datePublished\":\"2016-05-10T08:36:30+00:00\",\"dateModified\":\"2025-06-18T09:51:47+00:00\",\"description\":\"Centrum \u017euly vypr\u00e1v\u00ed historii kamene, ale tak\u00e9 t\u011bch, kte\u0159\u00ed s kamenem pracuj\u00ed. O\u010dek\u00e1v\u00e1 v\u00e1s budova s nad\u010dasov\u00fdmi prvky, v n\u00ed\u017e se ve\u0161ker\u00e1 pozornost soust\u0159ed\u00ed na \u201eskvost\u201c \u017eulu.\",\"breadcrumb\":{\"@id\":\"https:\\\/\\\/urlaub-in-waldkirchen.de\\\/cs\\\/volny-cas\\\/centrum-zuly-kamenne-svety\\\/#breadcrumb\"},\"inLanguage\":\"cs\",\"potentialAction\":[{\"@type\":\"ReadAction\",\"target\":[\"https:\\\/\\\/urlaub-in-waldkirchen.de\\\/cs\\\/volny-cas\\\/centrum-zuly-kamenne-svety\\\/\"]}]},{\"@type\":\"BreadcrumbList\",\"@id\":\"https:\\\/\\\/urlaub-in-waldkirchen.de\\\/cs\\\/volny-cas\\\/centrum-zuly-kamenne-svety\\\/#breadcrumb\",\"itemListElement\":[{\"@type\":\"ListItem\",\"position\":1,\"name\":\"Startseite\",\"item\":\"https:\\\/\\\/urlaub-in-waldkirchen.de\\\/cs\\\/\"},{\"@type\":\"ListItem\",\"position\":2,\"name\":\"Voln\u00fd \u010das\",\"item\":\"https:\\\/\\\/urlaub-in-waldkirchen.de\\\/cs\\\/volny-cas\\\/\"},{\"@type\":\"ListItem\",\"position\":3,\"name\":\"Centrum \u017euly \u2013 Kamenn\u00e9 sv\u011bty\"}]},{\"@type\":\"WebSite\",\"@id\":\"https:\\\/\\\/urlaub-in-waldkirchen.de\\\/#website\",\"url\":\"https:\\\/\\\/urlaub-in-waldkirchen.de\\\/\",\"name\":\"urlaub-in-waldkirchen.de\",\"description\":\"\",\"potentialAction\":[{\"@type\":\"SearchAction\",\"target\":{\"@type\":\"EntryPoint\",\"urlTemplate\":\"https:\\\/\\\/urlaub-in-waldkirchen.de\\\/?s={search_term_string}\"},\"query-input\":{\"@type\":\"PropertyValueSpecification\",\"valueRequired\":true,\"valueName\":\"search_term_string\"}}],\"inLanguage\":\"cs\"}]}<\/script>\n<!-- \/ Yoast SEO plugin. -->","yoast_head_json":{"title":"Centrum \u017euly \u2013 Kamenn\u00e9 sv\u011bty - urlaub-in-waldkirchen.de","description":"Centrum \u017euly vypr\u00e1v\u00ed historii kamene, ale tak\u00e9 t\u011bch, kte\u0159\u00ed s kamenem pracuj\u00ed. O\u010dek\u00e1v\u00e1 v\u00e1s budova s nad\u010dasov\u00fdmi prvky, v n\u00ed\u017e se ve\u0161ker\u00e1 pozornost soust\u0159ed\u00ed na \u201eskvost\u201c \u017eulu.","robots":{"index":"index","follow":"follow","max-snippet":"max-snippet:-1","max-image-preview":"max-image-preview:large","max-video-preview":"max-video-preview:-1"},"canonical":"https:\/\/urlaub-in-waldkirchen.de\/cs\/volny-cas\/centrum-zuly-kamenne-svety\/","og_locale":"cs_CZ","og_type":"article","og_title":"Centrum \u017euly \u2013 Kamenn\u00e9 sv\u011bty - urlaub-in-waldkirchen.de","og_description":"Centrum \u017euly vypr\u00e1v\u00ed historii kamene, ale tak\u00e9 t\u011bch, kte\u0159\u00ed s kamenem pracuj\u00ed. O\u010dek\u00e1v\u00e1 v\u00e1s budova s nad\u010dasov\u00fdmi prvky, v n\u00ed\u017e se ve\u0161ker\u00e1 pozornost soust\u0159ed\u00ed na \u201eskvost\u201c \u017eulu.","og_url":"https:\/\/urlaub-in-waldkirchen.de\/cs\/volny-cas\/centrum-zuly-kamenne-svety\/","og_site_name":"urlaub-in-waldkirchen.de","article_modified_time":"2025-06-18T09:51:47+00:00","twitter_card":"summary_large_image","twitter_misc":{"Odhadovan\u00e1 doba \u010dten\u00ed":"1 minuta"},"schema":{"@context":"https:\/\/schema.org","@graph":[{"@type":"WebPage","@id":"https:\/\/urlaub-in-waldkirchen.de\/cs\/volny-cas\/centrum-zuly-kamenne-svety\/","url":"https:\/\/urlaub-in-waldkirchen.de\/cs\/volny-cas\/centrum-zuly-kamenne-svety\/","name":"Centrum \u017euly \u2013 Kamenn\u00e9 sv\u011bty - urlaub-in-waldkirchen.de","isPartOf":{"@id":"https:\/\/urlaub-in-waldkirchen.de\/#website"},"datePublished":"2016-05-10T08:36:30+00:00","dateModified":"2025-06-18T09:51:47+00:00","description":"Centrum \u017euly vypr\u00e1v\u00ed historii kamene, ale tak\u00e9 t\u011bch, kte\u0159\u00ed s kamenem pracuj\u00ed. O\u010dek\u00e1v\u00e1 v\u00e1s budova s nad\u010dasov\u00fdmi prvky, v n\u00ed\u017e se ve\u0161ker\u00e1 pozornost soust\u0159ed\u00ed na \u201eskvost\u201c \u017eulu.","breadcrumb":{"@id":"https:\/\/urlaub-in-waldkirchen.de\/cs\/volny-cas\/centrum-zuly-kamenne-svety\/#breadcrumb"},"inLanguage":"cs","potentialAction":[{"@type":"ReadAction","target":["https:\/\/urlaub-in-waldkirchen.de\/cs\/volny-cas\/centrum-zuly-kamenne-svety\/"]}]},{"@type":"BreadcrumbList","@id":"https:\/\/urlaub-in-waldkirchen.de\/cs\/volny-cas\/centrum-zuly-kamenne-svety\/#breadcrumb","itemListElement":[{"@type":"ListItem","position":1,"name":"Startseite","item":"https:\/\/urlaub-in-waldkirchen.de\/cs\/"},{"@type":"ListItem","position":2,"name":"Voln\u00fd \u010das","item":"https:\/\/urlaub-in-waldkirchen.de\/cs\/volny-cas\/"},{"@type":"ListItem","position":3,"name":"Centrum \u017euly \u2013 Kamenn\u00e9 sv\u011bty"}]},{"@type":"WebSite","@id":"https:\/\/urlaub-in-waldkirchen.de\/#website","url":"https:\/\/urlaub-in-waldkirchen.de\/","name":"urlaub-in-waldkirchen.de","description":"","potentialAction":[{"@type":"SearchAction","target":{"@type":"EntryPoint","urlTemplate":"https:\/\/urlaub-in-waldkirchen.de\/?s={search_term_string}"},"query-input":{"@type":"PropertyValueSpecification","valueRequired":true,"valueName":"search_term_string"}}],"inLanguage":"cs"}]}},"_links":{"self":[{"href":"https:\/\/urlaub-in-waldkirchen.de\/cs\/wp-json\/wp\/v2\/pages\/2820","targetHints":{"allow":["GET"]}}],"collection":[{"href":"https:\/\/urlaub-in-waldkirchen.de\/cs\/wp-json\/wp\/v2\/pages"}],"about":[{"href":"https:\/\/urlaub-in-waldkirchen.de\/cs\/wp-json\/wp\/v2\/types\/page"}],"author":[{"embeddable":true,"href":"https:\/\/urlaub-in-waldkirchen.de\/cs\/wp-json\/wp\/v2\/users\/2"}],"replies":[{"embeddable":true,"href":"https:\/\/urlaub-in-waldkirchen.de\/cs\/wp-json\/wp\/v2\/comments?post=2820"}],"version-history":[{"count":1,"href":"https:\/\/urlaub-in-waldkirchen.de\/cs\/wp-json\/wp\/v2\/pages\/2820\/revisions"}],"predecessor-version":[{"id":7871,"href":"https:\/\/urlaub-in-waldkirchen.de\/cs\/wp-json\/wp\/v2\/pages\/2820\/revisions\/7871"}],"up":[{"embeddable":true,"href":"https:\/\/urlaub-in-waldkirchen.de\/cs\/wp-json\/wp\/v2\/pages\/2703"}],"wp:featuredmedia":[{"embeddable":true,"href":"https:\/\/urlaub-in-waldkirchen.de\/cs\/wp-json\/"}],"wp:attachment":[{"href":"https:\/\/urlaub-in-waldkirchen.de\/cs\/wp-json\/wp\/v2\/media?parent=2820"}],"curies":[{"name":"wp","href":"https:\/\/api.w.org\/{rel}","templated":true}]}}