{"id":2845,"date":"2016-04-26T16:07:58","date_gmt":"2016-04-26T14:07:58","guid":{"rendered":"https:\/\/urlaub-in-waldkirchen.de\/cs\/volny-cas\/kletterwald\/"},"modified":"2016-07-29T12:28:33","modified_gmt":"2016-07-29T10:28:33","slug":"lezecke-centrum","status":"publish","type":"page","link":"https:\/\/urlaub-in-waldkirchen.de\/cs\/volny-cas\/lezecke-centrum\/","title":{"rendered":"Lezeck\u00e9 centrum"},"content":{"rendered":"<div class=\"wpb-content-wrapper\"><p>[vc_row][vc_column][vc_empty_space height=&#8220;20px&#8220;][vc_column_text]<\/p>\n<h1>Lezeck\u00e9 centrum Waldkirchen \u2013 vysoko na stromech<\/h1>\n<p>[\/vc_column_text][\/vc_column][\/vc_row][vc_row][vc_column][vc_column_text]Lezeck\u00e9 centrum ve Waldkirchenu se sv\u00fdmi \u0161esti r\u016fzn\u00fdmi trasami, rozd\u00edln\u00fdmi v\u00fd\u0161kami a stupni n\u00e1ro\u010dnosti pro v\u00e1s bude v\u00fdzvou. Lezeck\u00fd park na vzrostl\u00fdch stromech naleznete na adrese Jandelsbrunner\u00a0Stra\u00dfe 36, p\u0159\u00edmo proti St\u0159edn\u00ed \u0161kole Waldkirchen. V\u00a0bezprost\u0159edn\u00ed bl\u00edzkosti je k\u00a0dispozici dostatek parkovac\u00edch m\u00edst.<\/p>\n<p>Lezeck\u00e9 centrum poskytuje n\u00e1v\u0161t\u011bvn\u00edk\u016fm kompletn\u00ed lezeck\u00e9 vybaven\u00ed. Provozovatel v\u0161ak doporu\u010duje p\u0159edchoz\u00ed telefonickou rezervaci po\u017eadovan\u00e9ho vybaven\u00ed.<\/p>\n<p>Dal\u0161\u00ed informace naleznete zde\u00a0<a href=\"http:\/\/www.kletterwald-waldkirchen.de\/\" target=\"_blank\">www.kletterwald-waldkirchen.de<\/a>[\/vc_column_text][\/vc_column][\/vc_row][vc_row][vc_column width=&#8220;1\/2&#8243;][vc_masonry_media_grid element_width=&#8220;6&#8243; grid_id=&#8220;vc_gid:1469788006679-40abc9b2-100c-0&#8243; include=&#8220;1402,1401&#8243;][\/vc_column][vc_column width=&#8220;1\/4&#8243;][vc_video link=&#8220;https:\/\/www.youtube.com\/watch?v=oEwbULPWP9A&#8220; align=&#8220;center&#8220;][\/vc_column][vc_column width=&#8220;1\/4&#8243;][vc_video link=&#8220;https:\/\/www.youtube.com\/watch?v=RqtxEL54Y5s&#8220; align=&#8220;center&#8220;][\/vc_column][\/vc_row][vc_row][vc_column][vc_separator color=&#8220;custom&#8220; accent_color=&#8220;#95c11f&#8220;][vc_btn title=&#8220;zp\u011bt na p\u0159ehled&#8220; shape=&#8220;square&#8220; color=&#8220;green&#8220; size=&#8220;sm&#8220; align=&#8220;right&#8220; link=&#8220;url:http%3A%2F%2Furlaub-in-waldkirchen.de%2Fcs%2Fvolny-cas%2F|||&#8220;][\/vc_column][\/vc_row]<\/p>\n<\/div>","protected":false},"excerpt":{"rendered":"<p>[vc_row][vc_column][vc_empty_space height=&#8220;20px&#8220;][vc_column_text] Lezeck\u00e9 centrum Waldkirchen \u2013 vysoko na stromech [\/vc_column_text][\/vc_column][\/vc_row][vc_row][vc_column][vc_column_text]Lezeck\u00e9 centrum ve Waldkirchenu se sv\u00fdmi \u0161esti r\u016fzn\u00fdmi trasami, rozd\u00edln\u00fdmi v\u00fd\u0161kami a stupni n\u00e1ro\u010dnosti pro v\u00e1s bude<span class=\"excerpt-hellip\"> [\u2026]<\/span><\/p>\n","protected":false},"author":2,"featured_media":0,"parent":2703,"menu_order":0,"comment_status":"closed","ping_status":"closed","template":"","meta":{"footnotes":""},"class_list":["post-2845","page","type-page","status-publish","hentry"],"yoast_head":"<!-- This site is optimized with the Yoast SEO plugin v27.3 - https:\/\/yoast.com\/product\/yoast-seo-wordpress\/ -->\n<title>Lezeck\u00e9 centrum - urlaub-in-waldkirchen.de<\/title>\n<meta name=\"description\" content=\"Lezeck\u00e9 centrum ve Waldkirchenu se sv\u00fdmi \u0161esti r\u016fzn\u00fdmi trasami, rozd\u00edln\u00fdmi v\u00fd\u0161kami a stupni n\u00e1ro\u010dnosti pro v\u00e1s bude v\u00fdzvou.\" \/>\n<meta name=\"robots\" content=\"index, follow, max-snippet:-1, max-image-preview:large, max-video-preview:-1\" \/>\n<link rel=\"canonical\" href=\"https:\/\/urlaub-in-waldkirchen.de\/cs\/volny-cas\/lezecke-centrum\/\" \/>\n<meta property=\"og:locale\" content=\"cs_CZ\" \/>\n<meta property=\"og:type\" content=\"article\" \/>\n<meta property=\"og:title\" content=\"Lezeck\u00e9 centrum - urlaub-in-waldkirchen.de\" \/>\n<meta property=\"og:description\" content=\"Lezeck\u00e9 centrum ve Waldkirchenu se sv\u00fdmi \u0161esti r\u016fzn\u00fdmi trasami, rozd\u00edln\u00fdmi v\u00fd\u0161kami a stupni n\u00e1ro\u010dnosti pro v\u00e1s bude v\u00fdzvou.\" \/>\n<meta property=\"og:url\" content=\"https:\/\/urlaub-in-waldkirchen.de\/cs\/volny-cas\/lezecke-centrum\/\" \/>\n<meta property=\"og:site_name\" content=\"urlaub-in-waldkirchen.de\" \/>\n<meta property=\"article:modified_time\" content=\"2016-07-29T10:28:33+00:00\" \/>\n<meta name=\"twitter:card\" content=\"summary_large_image\" \/>\n<meta name=\"twitter:label1\" content=\"Odhadovan\u00e1 doba \u010dten\u00ed\" \/>\n\t<meta name=\"twitter:data1\" content=\"1 minuta\" \/>\n<script type=\"application\/ld+json\" class=\"yoast-schema-graph\">{\"@context\":\"https:\\\/\\\/schema.org\",\"@graph\":[{\"@type\":\"WebPage\",\"@id\":\"https:\\\/\\\/urlaub-in-waldkirchen.de\\\/cs\\\/volny-cas\\\/lezecke-centrum\\\/\",\"url\":\"https:\\\/\\\/urlaub-in-waldkirchen.de\\\/cs\\\/volny-cas\\\/lezecke-centrum\\\/\",\"name\":\"Lezeck\u00e9 centrum - urlaub-in-waldkirchen.de\",\"isPartOf\":{\"@id\":\"https:\\\/\\\/urlaub-in-waldkirchen.de\\\/#website\"},\"datePublished\":\"2016-04-26T14:07:58+00:00\",\"dateModified\":\"2016-07-29T10:28:33+00:00\",\"description\":\"Lezeck\u00e9 centrum ve Waldkirchenu se sv\u00fdmi \u0161esti r\u016fzn\u00fdmi trasami, rozd\u00edln\u00fdmi v\u00fd\u0161kami a stupni n\u00e1ro\u010dnosti pro v\u00e1s bude v\u00fdzvou.\",\"breadcrumb\":{\"@id\":\"https:\\\/\\\/urlaub-in-waldkirchen.de\\\/cs\\\/volny-cas\\\/lezecke-centrum\\\/#breadcrumb\"},\"inLanguage\":\"cs\",\"potentialAction\":[{\"@type\":\"ReadAction\",\"target\":[\"https:\\\/\\\/urlaub-in-waldkirchen.de\\\/cs\\\/volny-cas\\\/lezecke-centrum\\\/\"]}]},{\"@type\":\"BreadcrumbList\",\"@id\":\"https:\\\/\\\/urlaub-in-waldkirchen.de\\\/cs\\\/volny-cas\\\/lezecke-centrum\\\/#breadcrumb\",\"itemListElement\":[{\"@type\":\"ListItem\",\"position\":1,\"name\":\"Startseite\",\"item\":\"https:\\\/\\\/urlaub-in-waldkirchen.de\\\/cs\\\/\"},{\"@type\":\"ListItem\",\"position\":2,\"name\":\"Voln\u00fd \u010das\",\"item\":\"https:\\\/\\\/urlaub-in-waldkirchen.de\\\/cs\\\/volny-cas\\\/\"},{\"@type\":\"ListItem\",\"position\":3,\"name\":\"Lezeck\u00e9 centrum\"}]},{\"@type\":\"WebSite\",\"@id\":\"https:\\\/\\\/urlaub-in-waldkirchen.de\\\/#website\",\"url\":\"https:\\\/\\\/urlaub-in-waldkirchen.de\\\/\",\"name\":\"urlaub-in-waldkirchen.de\",\"description\":\"\",\"potentialAction\":[{\"@type\":\"SearchAction\",\"target\":{\"@type\":\"EntryPoint\",\"urlTemplate\":\"https:\\\/\\\/urlaub-in-waldkirchen.de\\\/?s={search_term_string}\"},\"query-input\":{\"@type\":\"PropertyValueSpecification\",\"valueRequired\":true,\"valueName\":\"search_term_string\"}}],\"inLanguage\":\"cs\"}]}<\/script>\n<!-- \/ Yoast SEO plugin. -->","yoast_head_json":{"title":"Lezeck\u00e9 centrum - urlaub-in-waldkirchen.de","description":"Lezeck\u00e9 centrum ve Waldkirchenu se sv\u00fdmi \u0161esti r\u016fzn\u00fdmi trasami, rozd\u00edln\u00fdmi v\u00fd\u0161kami a stupni n\u00e1ro\u010dnosti pro v\u00e1s bude v\u00fdzvou.","robots":{"index":"index","follow":"follow","max-snippet":"max-snippet:-1","max-image-preview":"max-image-preview:large","max-video-preview":"max-video-preview:-1"},"canonical":"https:\/\/urlaub-in-waldkirchen.de\/cs\/volny-cas\/lezecke-centrum\/","og_locale":"cs_CZ","og_type":"article","og_title":"Lezeck\u00e9 centrum - urlaub-in-waldkirchen.de","og_description":"Lezeck\u00e9 centrum ve Waldkirchenu se sv\u00fdmi \u0161esti r\u016fzn\u00fdmi trasami, rozd\u00edln\u00fdmi v\u00fd\u0161kami a stupni n\u00e1ro\u010dnosti pro v\u00e1s bude v\u00fdzvou.","og_url":"https:\/\/urlaub-in-waldkirchen.de\/cs\/volny-cas\/lezecke-centrum\/","og_site_name":"urlaub-in-waldkirchen.de","article_modified_time":"2016-07-29T10:28:33+00:00","twitter_card":"summary_large_image","twitter_misc":{"Odhadovan\u00e1 doba \u010dten\u00ed":"1 minuta"},"schema":{"@context":"https:\/\/schema.org","@graph":[{"@type":"WebPage","@id":"https:\/\/urlaub-in-waldkirchen.de\/cs\/volny-cas\/lezecke-centrum\/","url":"https:\/\/urlaub-in-waldkirchen.de\/cs\/volny-cas\/lezecke-centrum\/","name":"Lezeck\u00e9 centrum - urlaub-in-waldkirchen.de","isPartOf":{"@id":"https:\/\/urlaub-in-waldkirchen.de\/#website"},"datePublished":"2016-04-26T14:07:58+00:00","dateModified":"2016-07-29T10:28:33+00:00","description":"Lezeck\u00e9 centrum ve Waldkirchenu se sv\u00fdmi \u0161esti r\u016fzn\u00fdmi trasami, rozd\u00edln\u00fdmi v\u00fd\u0161kami a stupni n\u00e1ro\u010dnosti pro v\u00e1s bude v\u00fdzvou.","breadcrumb":{"@id":"https:\/\/urlaub-in-waldkirchen.de\/cs\/volny-cas\/lezecke-centrum\/#breadcrumb"},"inLanguage":"cs","potentialAction":[{"@type":"ReadAction","target":["https:\/\/urlaub-in-waldkirchen.de\/cs\/volny-cas\/lezecke-centrum\/"]}]},{"@type":"BreadcrumbList","@id":"https:\/\/urlaub-in-waldkirchen.de\/cs\/volny-cas\/lezecke-centrum\/#breadcrumb","itemListElement":[{"@type":"ListItem","position":1,"name":"Startseite","item":"https:\/\/urlaub-in-waldkirchen.de\/cs\/"},{"@type":"ListItem","position":2,"name":"Voln\u00fd \u010das","item":"https:\/\/urlaub-in-waldkirchen.de\/cs\/volny-cas\/"},{"@type":"ListItem","position":3,"name":"Lezeck\u00e9 centrum"}]},{"@type":"WebSite","@id":"https:\/\/urlaub-in-waldkirchen.de\/#website","url":"https:\/\/urlaub-in-waldkirchen.de\/","name":"urlaub-in-waldkirchen.de","description":"","potentialAction":[{"@type":"SearchAction","target":{"@type":"EntryPoint","urlTemplate":"https:\/\/urlaub-in-waldkirchen.de\/?s={search_term_string}"},"query-input":{"@type":"PropertyValueSpecification","valueRequired":true,"valueName":"search_term_string"}}],"inLanguage":"cs"}]}},"_links":{"self":[{"href":"https:\/\/urlaub-in-waldkirchen.de\/cs\/wp-json\/wp\/v2\/pages\/2845","targetHints":{"allow":["GET"]}}],"collection":[{"href":"https:\/\/urlaub-in-waldkirchen.de\/cs\/wp-json\/wp\/v2\/pages"}],"about":[{"href":"https:\/\/urlaub-in-waldkirchen.de\/cs\/wp-json\/wp\/v2\/types\/page"}],"author":[{"embeddable":true,"href":"https:\/\/urlaub-in-waldkirchen.de\/cs\/wp-json\/wp\/v2\/users\/2"}],"replies":[{"embeddable":true,"href":"https:\/\/urlaub-in-waldkirchen.de\/cs\/wp-json\/wp\/v2\/comments?post=2845"}],"version-history":[{"count":0,"href":"https:\/\/urlaub-in-waldkirchen.de\/cs\/wp-json\/wp\/v2\/pages\/2845\/revisions"}],"up":[{"embeddable":true,"href":"https:\/\/urlaub-in-waldkirchen.de\/cs\/wp-json\/wp\/v2\/pages\/2703"}],"wp:attachment":[{"href":"https:\/\/urlaub-in-waldkirchen.de\/cs\/wp-json\/wp\/v2\/media?parent=2845"}],"curies":[{"name":"wp","href":"https:\/\/api.w.org\/{rel}","templated":true}]}}