{"id":2852,"date":"2016-04-26T16:07:07","date_gmt":"2016-04-26T14:07:07","guid":{"rendered":"https:\/\/urlaub-in-waldkirchen.de\/cs\/volny-cas\/kurpark-erlauzwiesler-see\/"},"modified":"2016-08-02T13:23:31","modified_gmt":"2016-08-02T11:23:31","slug":"lazensky-park-u-jezera-erlauzwieseler-see","status":"publish","type":"page","link":"https:\/\/urlaub-in-waldkirchen.de\/cs\/volny-cas\/lazensky-park-u-jezera-erlauzwieseler-see\/","title":{"rendered":"L\u00e1ze\u0148sk\u00fd park u jezera Erlauzwieseler See"},"content":{"rendered":"<div class=\"wpb-content-wrapper\"><p>[vc_row][vc_column][vc_empty_space height=&#8220;20px&#8220;][vc_column_text]<\/p>\n<h1>L\u00e1ze\u0148sk\u00fd park u jezera Erlauzwieseler See \u2013 relaxace a kultura v p\u0159\u00edrod\u011b<\/h1>\n<p>[\/vc_column_text][\/vc_column][\/vc_row][vc_row][vc_column][vc_column_text]Nechat v\u0161edn\u00ed den za sebou a vr\u00e1tit se do l\u016fna p\u0159\u00edrody \u2013 touha, kter\u00e9 propad\u00e1 st\u00e1le v\u00edce lid\u00ed. Chcete si i vy u\u017e\u00edvat kr\u00e1sy Bavorsk\u00e9ho lesa, pozorovat rostliny a zv\u00ed\u0159ata v\u00a0jejich dom\u00e1c\u00edm prost\u0159ed\u00ed a vn\u00edmat p\u0159\u00edrodu jako prostor pro relaxaci?<\/p>\n<h4>Pak tedy p\u0159ije\u010fte! L\u00e1ze\u0148sk\u00fd park u jezera Erlauzwieseler See v\u00e1s o\u010dek\u00e1v\u00e1!<\/h4>\n<p><img loading=\"lazy\" decoding=\"async\" class=\"alignleft wp-image-1455\" title=\"Wanderweg zwischen Stadt und dem Kurpark\" src=\"https:\/\/urlaub-in-waldkirchen.de\/wp-content\/uploads\/2016\/04\/rundweg.jpg\" alt=\"Wanderweg zwischen Stadt und dem Kurpark\" width=\"301\" height=\"245\" srcset=\"https:\/\/urlaub-in-waldkirchen.de\/wp-content\/uploads\/2016\/04\/rundweg.jpg 662w, https:\/\/urlaub-in-waldkirchen.de\/wp-content\/uploads\/2016\/04\/rundweg-300x245.jpg 300w, https:\/\/urlaub-in-waldkirchen.de\/wp-content\/uploads\/2016\/04\/rundweg-179x146.jpg 179w, https:\/\/urlaub-in-waldkirchen.de\/wp-content\/uploads\/2016\/04\/rundweg-50x41.jpg 50w, https:\/\/urlaub-in-waldkirchen.de\/wp-content\/uploads\/2016\/04\/rundweg-92x75.jpg 92w\" sizes=\"auto, (max-width:767px) 301px, 301px\" \/><\/p>\n<p>V p\u016fvabn\u00e9 pahorkatin\u011b, obklopen\u00e9 loukami, lesy a vesni\u010dkami le\u017e\u00ed jezero, vzd\u00e1len\u00e9 jen 2,5 km od centra Waldkirchenu. <strong>M\u011bsto spojuje s\u00a0l\u00e1ze\u0148sk\u00fdm parkem p\u0159\u00edrodn\u00ed turistick\u00e1 stezka. <\/strong>Cesta mezi poli a rozkvetl\u00fdmi lukami nab\u00edz\u00ed ide\u00e1ln\u00ed podm\u00ednky pro p\u011b\u0161\u00ed ch\u016fzi, b\u011bh i cykloturistiku.<\/p>\n<p>Okruh kolem jezera v\u00e1s nejprve zavede k\u00a0sam\u00e9mu srdci l\u00e1ze\u0148sk\u00e9ho parku, <strong>l\u00e1ze\u0148sk\u00e9mu pavilonu s\u00a0jezern\u00edm p\u00f3diem. <\/strong>Tady se \u017eiv\u011b propojuj\u00ed relaxace a kultura v\u00a0p\u0159\u00edrod\u011b. Toto m\u00edsto setk\u00e1v\u00e1n\u00ed slou\u017e\u00ed n\u00e1v\u0161t\u011bvn\u00edk\u016fm ka\u017ed\u00e9ho v\u011bku a je centrem kulturn\u00edho d\u011bn\u00ed v\u0161eho druhu. Jen o p\u00e1r metr\u016f d\u00e1l naleznete <strong>Kneippovo brouzdali\u0161t\u011b,<\/strong> kam m\u016f\u017eete pono\u0159it sv\u00e9 nohy i ruce. Tady m\u016f\u017eete ud\u011blat n\u011bco pro sv\u00e9 zdrav\u00ed a p\u0159\u00edjemn\u00fd pocit.<\/p>\n<h4>Prost\u011b se zastavit a nechat du\u0161i toulat se!<\/h4>\n<p>Cesta d\u00e1le pokra\u010duje vzh\u016fru k\u00a0<strong>selsk\u00e9 zahrad\u011b<\/strong>. Zasazen\u00e1 do pestr\u00e9 rozkvetl\u00e9 louky je kr\u00e1sn\u00fdm p\u0159\u00edkladem zahradn\u00ed kultury. Tady jist\u011b na\u010derp\u00e1te inspiraci i pro svou vlastn\u00ed zahradu. <strong>\u0160irok\u00e1 d\u0159ev\u011bn\u00e1 l\u00e1vka p\u0159es mok\u0159adn\u00ed biotopy<\/strong> v\u00e1s po jezern\u00edm b\u0159ehu dovede a\u017e k\u00a0<a href=\"https:\/\/urlaub-in-waldkirchen.de\/cs\/gastro\/restaurace-u-jezera\/\">Restauraci u jezera<\/a>. Za\u017eijte bohatstv\u00ed druh\u016f a pestrost rostlin tohoto p\u0159\u00edrodn\u00edho r\u00e1je! D\u0159ev\u011bn\u00e9 l\u00e1vky k\u00a0vod\u011b zvou k\u00a0zastaven\u00ed a odpo\u010dinku v\u00a0kr\u00e1sn\u00e9m prost\u0159ed\u00ed.<\/p>\n<p>Kolem pr\u00e1zdninov\u00e9 vesni\u010dky J\u00e4gerwiesen dojdete k\u00a0<strong>p\u0159\u00edrodn\u00edmu d\u011btsk\u00e9mu h\u0159i\u0161ti<\/strong>. Jeho hlavn\u00ed atrakc\u00ed je ze v\u0161ech stran viditeln\u00fd kope\u010dek s\u00a0v\u011b\u017e\u00ed a skluzavkou. Tady dost\u00e1vaj\u00ed hra a z\u00e1bava zelenou!<\/p>\n<p>Na prot\u011bj\u0161\u00ed stran\u011b pavilonu dojdete p\u0159es most nad potokem Reicherm\u00fchlbach do\u00a0<strong>Tematick\u00e9 zahrady s mottem \u201e\u017dula v\u00a0jej\u00edch podob\u00e1ch\u201c<\/strong>. Nedalek\u00fd i<strong>nforma\u010dn\u00ed pavilon<\/strong>\u00a0v\u00e1m poskytne ve\u0161ker\u00e9 informace o \u017eivot\u011b a pr\u00e1ci na\u0161ich v\u010del.<\/p>\n<p>Dv\u011b parkovi\u0161t\u011b na z\u00e1padn\u00edm a v\u00fdchodn\u00edm b\u0159ehu jezera jsou v\u00e1m k\u00a0dispozici zdarma.<\/p>\n<p>Dal\u0161\u00ed informace z\u00edsk\u00e1te v\u00a0<a href=\"https:\/\/urlaub-in-waldkirchen.de\/cs\/informace\/turisticke-informacni-centrum\/\">Turistick\u00e9m informa\u010dn\u00edm centru<\/a>. Prospekt naleznete v sekci\u00a0<a href=\"https:\/\/urlaub-in-waldkirchen.de\/cs\/informace\/prospekty-propagacni-materialy\/\">Propaga\u010dn\u00ed materi\u00e1ly<\/a>.[\/vc_column_text][\/vc_column][\/vc_row][vc_row][vc_column][vc_masonry_media_grid element_width=&#8220;3&#8243; grid_id=&#8220;vc_gid:1470136758581-0ed3742d-33b6-4&#8243; include=&#8220;1939,1938,1937,1463&#8243;][\/vc_column][\/vc_row][vc_row][vc_column][vc_separator color=&#8220;custom&#8220; accent_color=&#8220;#95c11f&#8220;][vc_btn title=&#8220;zp\u011bt na p\u0159ehled&#8220; shape=&#8220;square&#8220; color=&#8220;green&#8220; size=&#8220;sm&#8220; align=&#8220;right&#8220; link=&#8220;url:http%3A%2F%2Furlaub-in-waldkirchen.de%2Fcs%2Fvolny-cas%2F|||&#8220;][\/vc_column][\/vc_row]<\/p>\n<\/div>","protected":false},"excerpt":{"rendered":"<p>[vc_row][vc_column][vc_empty_space height=&#8220;20px&#8220;][vc_column_text] L\u00e1ze\u0148sk\u00fd park u jezera Erlauzwieseler See \u2013 relaxace a kultura v p\u0159\u00edrod\u011b [\/vc_column_text][\/vc_column][\/vc_row][vc_row][vc_column][vc_column_text]Nechat v\u0161edn\u00ed den za sebou a vr\u00e1tit se do l\u016fna p\u0159\u00edrody \u2013<span class=\"excerpt-hellip\"> [\u2026]<\/span><\/p>\n","protected":false},"author":2,"featured_media":0,"parent":2703,"menu_order":0,"comment_status":"closed","ping_status":"closed","template":"","meta":{"footnotes":""},"class_list":["post-2852","page","type-page","status-publish","hentry"],"yoast_head":"<!-- This site is optimized with the Yoast SEO plugin v27.3 - https:\/\/yoast.com\/product\/yoast-seo-wordpress\/ -->\n<title>L\u00e1ze\u0148sk\u00fd park u jezera Erlauzwieseler See - urlaub-in-waldkirchen.de<\/title>\n<meta name=\"description\" content=\"Nechat v\u0161edn\u00ed den za sebou a vr\u00e1tit se do l\u016fna p\u0159\u00edrody \u2013 touha, kter\u00e9 propad\u00e1 st\u00e1le v\u00edce lid\u00ed. Chcete si i vy u\u017e\u00edvat kr\u00e1sy Bavorsk\u00e9ho lesa, pozorovat rostliny a zv\u00ed\u0159ata v jejich dom\u00e1c\u00edm prost\u0159ed\u00ed a vn\u00edmat p\u0159\u00edrodu jako prostor pro relaxaci?\" \/>\n<meta name=\"robots\" content=\"index, follow, max-snippet:-1, max-image-preview:large, max-video-preview:-1\" \/>\n<link rel=\"canonical\" href=\"https:\/\/urlaub-in-waldkirchen.de\/cs\/volny-cas\/lazensky-park-u-jezera-erlauzwieseler-see\/\" \/>\n<meta property=\"og:locale\" content=\"cs_CZ\" \/>\n<meta property=\"og:type\" content=\"article\" \/>\n<meta property=\"og:title\" content=\"L\u00e1ze\u0148sk\u00fd park u jezera Erlauzwieseler See - urlaub-in-waldkirchen.de\" \/>\n<meta property=\"og:description\" content=\"Nechat v\u0161edn\u00ed den za sebou a vr\u00e1tit se do l\u016fna p\u0159\u00edrody \u2013 touha, kter\u00e9 propad\u00e1 st\u00e1le v\u00edce lid\u00ed. Chcete si i vy u\u017e\u00edvat kr\u00e1sy Bavorsk\u00e9ho lesa, pozorovat rostliny a zv\u00ed\u0159ata v jejich dom\u00e1c\u00edm prost\u0159ed\u00ed a vn\u00edmat p\u0159\u00edrodu jako prostor pro relaxaci?\" \/>\n<meta property=\"og:url\" content=\"https:\/\/urlaub-in-waldkirchen.de\/cs\/volny-cas\/lazensky-park-u-jezera-erlauzwieseler-see\/\" \/>\n<meta property=\"og:site_name\" content=\"urlaub-in-waldkirchen.de\" \/>\n<meta property=\"article:modified_time\" content=\"2016-08-02T11:23:31+00:00\" \/>\n<meta property=\"og:image\" content=\"https:\/\/urlaub-in-waldkirchen.de\/wp-content\/uploads\/2016\/04\/rundweg.jpg\" \/>\n<meta name=\"twitter:card\" content=\"summary_large_image\" \/>\n<meta name=\"twitter:label1\" content=\"Odhadovan\u00e1 doba \u010dten\u00ed\" \/>\n\t<meta name=\"twitter:data1\" content=\"3 minuty\" \/>\n<script type=\"application\/ld+json\" class=\"yoast-schema-graph\">{\"@context\":\"https:\\\/\\\/schema.org\",\"@graph\":[{\"@type\":\"WebPage\",\"@id\":\"https:\\\/\\\/urlaub-in-waldkirchen.de\\\/cs\\\/volny-cas\\\/lazensky-park-u-jezera-erlauzwieseler-see\\\/\",\"url\":\"https:\\\/\\\/urlaub-in-waldkirchen.de\\\/cs\\\/volny-cas\\\/lazensky-park-u-jezera-erlauzwieseler-see\\\/\",\"name\":\"L\u00e1ze\u0148sk\u00fd park u jezera Erlauzwieseler See - urlaub-in-waldkirchen.de\",\"isPartOf\":{\"@id\":\"https:\\\/\\\/urlaub-in-waldkirchen.de\\\/#website\"},\"primaryImageOfPage\":{\"@id\":\"https:\\\/\\\/urlaub-in-waldkirchen.de\\\/cs\\\/volny-cas\\\/lazensky-park-u-jezera-erlauzwieseler-see\\\/#primaryimage\"},\"image\":{\"@id\":\"https:\\\/\\\/urlaub-in-waldkirchen.de\\\/cs\\\/volny-cas\\\/lazensky-park-u-jezera-erlauzwieseler-see\\\/#primaryimage\"},\"thumbnailUrl\":\"https:\\\/\\\/urlaub-in-waldkirchen.de\\\/wp-content\\\/uploads\\\/2016\\\/04\\\/rundweg.jpg\",\"datePublished\":\"2016-04-26T14:07:07+00:00\",\"dateModified\":\"2016-08-02T11:23:31+00:00\",\"description\":\"Nechat v\u0161edn\u00ed den za sebou a vr\u00e1tit se do l\u016fna p\u0159\u00edrody \u2013 touha, kter\u00e9 propad\u00e1 st\u00e1le v\u00edce lid\u00ed. Chcete si i vy u\u017e\u00edvat kr\u00e1sy Bavorsk\u00e9ho lesa, pozorovat rostliny a zv\u00ed\u0159ata v jejich dom\u00e1c\u00edm prost\u0159ed\u00ed a vn\u00edmat p\u0159\u00edrodu jako prostor pro relaxaci?\",\"breadcrumb\":{\"@id\":\"https:\\\/\\\/urlaub-in-waldkirchen.de\\\/cs\\\/volny-cas\\\/lazensky-park-u-jezera-erlauzwieseler-see\\\/#breadcrumb\"},\"inLanguage\":\"cs\",\"potentialAction\":[{\"@type\":\"ReadAction\",\"target\":[\"https:\\\/\\\/urlaub-in-waldkirchen.de\\\/cs\\\/volny-cas\\\/lazensky-park-u-jezera-erlauzwieseler-see\\\/\"]}]},{\"@type\":\"ImageObject\",\"inLanguage\":\"cs\",\"@id\":\"https:\\\/\\\/urlaub-in-waldkirchen.de\\\/cs\\\/volny-cas\\\/lazensky-park-u-jezera-erlauzwieseler-see\\\/#primaryimage\",\"url\":\"https:\\\/\\\/urlaub-in-waldkirchen.de\\\/wp-content\\\/uploads\\\/2016\\\/04\\\/rundweg.jpg\",\"contentUrl\":\"https:\\\/\\\/urlaub-in-waldkirchen.de\\\/wp-content\\\/uploads\\\/2016\\\/04\\\/rundweg.jpg\"},{\"@type\":\"BreadcrumbList\",\"@id\":\"https:\\\/\\\/urlaub-in-waldkirchen.de\\\/cs\\\/volny-cas\\\/lazensky-park-u-jezera-erlauzwieseler-see\\\/#breadcrumb\",\"itemListElement\":[{\"@type\":\"ListItem\",\"position\":1,\"name\":\"Startseite\",\"item\":\"https:\\\/\\\/urlaub-in-waldkirchen.de\\\/cs\\\/\"},{\"@type\":\"ListItem\",\"position\":2,\"name\":\"Voln\u00fd \u010das\",\"item\":\"https:\\\/\\\/urlaub-in-waldkirchen.de\\\/cs\\\/volny-cas\\\/\"},{\"@type\":\"ListItem\",\"position\":3,\"name\":\"L\u00e1ze\u0148sk\u00fd park u jezera Erlauzwieseler See\"}]},{\"@type\":\"WebSite\",\"@id\":\"https:\\\/\\\/urlaub-in-waldkirchen.de\\\/#website\",\"url\":\"https:\\\/\\\/urlaub-in-waldkirchen.de\\\/\",\"name\":\"urlaub-in-waldkirchen.de\",\"description\":\"\",\"potentialAction\":[{\"@type\":\"SearchAction\",\"target\":{\"@type\":\"EntryPoint\",\"urlTemplate\":\"https:\\\/\\\/urlaub-in-waldkirchen.de\\\/?s={search_term_string}\"},\"query-input\":{\"@type\":\"PropertyValueSpecification\",\"valueRequired\":true,\"valueName\":\"search_term_string\"}}],\"inLanguage\":\"cs\"}]}<\/script>\n<!-- \/ Yoast SEO plugin. -->","yoast_head_json":{"title":"L\u00e1ze\u0148sk\u00fd park u jezera Erlauzwieseler See - urlaub-in-waldkirchen.de","description":"Nechat v\u0161edn\u00ed den za sebou a vr\u00e1tit se do l\u016fna p\u0159\u00edrody \u2013 touha, kter\u00e9 propad\u00e1 st\u00e1le v\u00edce lid\u00ed. Chcete si i vy u\u017e\u00edvat kr\u00e1sy Bavorsk\u00e9ho lesa, pozorovat rostliny a zv\u00ed\u0159ata v jejich dom\u00e1c\u00edm prost\u0159ed\u00ed a vn\u00edmat p\u0159\u00edrodu jako prostor pro relaxaci?","robots":{"index":"index","follow":"follow","max-snippet":"max-snippet:-1","max-image-preview":"max-image-preview:large","max-video-preview":"max-video-preview:-1"},"canonical":"https:\/\/urlaub-in-waldkirchen.de\/cs\/volny-cas\/lazensky-park-u-jezera-erlauzwieseler-see\/","og_locale":"cs_CZ","og_type":"article","og_title":"L\u00e1ze\u0148sk\u00fd park u jezera Erlauzwieseler See - urlaub-in-waldkirchen.de","og_description":"Nechat v\u0161edn\u00ed den za sebou a vr\u00e1tit se do l\u016fna p\u0159\u00edrody \u2013 touha, kter\u00e9 propad\u00e1 st\u00e1le v\u00edce lid\u00ed. Chcete si i vy u\u017e\u00edvat kr\u00e1sy Bavorsk\u00e9ho lesa, pozorovat rostliny a zv\u00ed\u0159ata v jejich dom\u00e1c\u00edm prost\u0159ed\u00ed a vn\u00edmat p\u0159\u00edrodu jako prostor pro relaxaci?","og_url":"https:\/\/urlaub-in-waldkirchen.de\/cs\/volny-cas\/lazensky-park-u-jezera-erlauzwieseler-see\/","og_site_name":"urlaub-in-waldkirchen.de","article_modified_time":"2016-08-02T11:23:31+00:00","og_image":[{"url":"https:\/\/urlaub-in-waldkirchen.de\/wp-content\/uploads\/2016\/04\/rundweg.jpg","type":"","width":"","height":""}],"twitter_card":"summary_large_image","twitter_misc":{"Odhadovan\u00e1 doba \u010dten\u00ed":"3 minuty"},"schema":{"@context":"https:\/\/schema.org","@graph":[{"@type":"WebPage","@id":"https:\/\/urlaub-in-waldkirchen.de\/cs\/volny-cas\/lazensky-park-u-jezera-erlauzwieseler-see\/","url":"https:\/\/urlaub-in-waldkirchen.de\/cs\/volny-cas\/lazensky-park-u-jezera-erlauzwieseler-see\/","name":"L\u00e1ze\u0148sk\u00fd park u jezera Erlauzwieseler See - urlaub-in-waldkirchen.de","isPartOf":{"@id":"https:\/\/urlaub-in-waldkirchen.de\/#website"},"primaryImageOfPage":{"@id":"https:\/\/urlaub-in-waldkirchen.de\/cs\/volny-cas\/lazensky-park-u-jezera-erlauzwieseler-see\/#primaryimage"},"image":{"@id":"https:\/\/urlaub-in-waldkirchen.de\/cs\/volny-cas\/lazensky-park-u-jezera-erlauzwieseler-see\/#primaryimage"},"thumbnailUrl":"https:\/\/urlaub-in-waldkirchen.de\/wp-content\/uploads\/2016\/04\/rundweg.jpg","datePublished":"2016-04-26T14:07:07+00:00","dateModified":"2016-08-02T11:23:31+00:00","description":"Nechat v\u0161edn\u00ed den za sebou a vr\u00e1tit se do l\u016fna p\u0159\u00edrody \u2013 touha, kter\u00e9 propad\u00e1 st\u00e1le v\u00edce lid\u00ed. Chcete si i vy u\u017e\u00edvat kr\u00e1sy Bavorsk\u00e9ho lesa, pozorovat rostliny a zv\u00ed\u0159ata v jejich dom\u00e1c\u00edm prost\u0159ed\u00ed a vn\u00edmat p\u0159\u00edrodu jako prostor pro relaxaci?","breadcrumb":{"@id":"https:\/\/urlaub-in-waldkirchen.de\/cs\/volny-cas\/lazensky-park-u-jezera-erlauzwieseler-see\/#breadcrumb"},"inLanguage":"cs","potentialAction":[{"@type":"ReadAction","target":["https:\/\/urlaub-in-waldkirchen.de\/cs\/volny-cas\/lazensky-park-u-jezera-erlauzwieseler-see\/"]}]},{"@type":"ImageObject","inLanguage":"cs","@id":"https:\/\/urlaub-in-waldkirchen.de\/cs\/volny-cas\/lazensky-park-u-jezera-erlauzwieseler-see\/#primaryimage","url":"https:\/\/urlaub-in-waldkirchen.de\/wp-content\/uploads\/2016\/04\/rundweg.jpg","contentUrl":"https:\/\/urlaub-in-waldkirchen.de\/wp-content\/uploads\/2016\/04\/rundweg.jpg"},{"@type":"BreadcrumbList","@id":"https:\/\/urlaub-in-waldkirchen.de\/cs\/volny-cas\/lazensky-park-u-jezera-erlauzwieseler-see\/#breadcrumb","itemListElement":[{"@type":"ListItem","position":1,"name":"Startseite","item":"https:\/\/urlaub-in-waldkirchen.de\/cs\/"},{"@type":"ListItem","position":2,"name":"Voln\u00fd \u010das","item":"https:\/\/urlaub-in-waldkirchen.de\/cs\/volny-cas\/"},{"@type":"ListItem","position":3,"name":"L\u00e1ze\u0148sk\u00fd park u jezera Erlauzwieseler See"}]},{"@type":"WebSite","@id":"https:\/\/urlaub-in-waldkirchen.de\/#website","url":"https:\/\/urlaub-in-waldkirchen.de\/","name":"urlaub-in-waldkirchen.de","description":"","potentialAction":[{"@type":"SearchAction","target":{"@type":"EntryPoint","urlTemplate":"https:\/\/urlaub-in-waldkirchen.de\/?s={search_term_string}"},"query-input":{"@type":"PropertyValueSpecification","valueRequired":true,"valueName":"search_term_string"}}],"inLanguage":"cs"}]}},"_links":{"self":[{"href":"https:\/\/urlaub-in-waldkirchen.de\/cs\/wp-json\/wp\/v2\/pages\/2852","targetHints":{"allow":["GET"]}}],"collection":[{"href":"https:\/\/urlaub-in-waldkirchen.de\/cs\/wp-json\/wp\/v2\/pages"}],"about":[{"href":"https:\/\/urlaub-in-waldkirchen.de\/cs\/wp-json\/wp\/v2\/types\/page"}],"author":[{"embeddable":true,"href":"https:\/\/urlaub-in-waldkirchen.de\/cs\/wp-json\/wp\/v2\/users\/2"}],"replies":[{"embeddable":true,"href":"https:\/\/urlaub-in-waldkirchen.de\/cs\/wp-json\/wp\/v2\/comments?post=2852"}],"version-history":[{"count":0,"href":"https:\/\/urlaub-in-waldkirchen.de\/cs\/wp-json\/wp\/v2\/pages\/2852\/revisions"}],"up":[{"embeddable":true,"href":"https:\/\/urlaub-in-waldkirchen.de\/cs\/wp-json\/wp\/v2\/pages\/2703"}],"wp:attachment":[{"href":"https:\/\/urlaub-in-waldkirchen.de\/cs\/wp-json\/wp\/v2\/media?parent=2852"}],"curies":[{"name":"wp","href":"https:\/\/api.w.org\/{rel}","templated":true}]}}