{"id":2862,"date":"2016-05-10T10:38:03","date_gmt":"2016-05-10T08:38:03","guid":{"rendered":"https:\/\/urlaub-in-waldkirchen.de\/cs\/volny-cas\/nationalpark-bayerischer-wald\/"},"modified":"2016-09-06T12:12:51","modified_gmt":"2016-09-06T10:12:51","slug":"narodni-park-bavorsky-les","status":"publish","type":"page","link":"https:\/\/urlaub-in-waldkirchen.de\/cs\/volny-cas\/narodni-park-bavorsky-les\/","title":{"rendered":"N\u00e1rodn\u00ed park Bavorsk\u00fd les"},"content":{"rendered":"<div class=\"wpb-content-wrapper\"><p>[vc_row][vc_column][vc_empty_space height=&#8220;20px&#8220;][vc_column_text]<\/p>\n<h1>N\u00e1rodn\u00ed park Bavorsk\u00fd les<\/h1>\n<p>[\/vc_column_text][\/vc_column][\/vc_row][vc_row][vc_column][vc_column_text]N\u00e1rodn\u00ed park Bavorsk\u00fd les byl zalo\u017een jako prvn\u00ed n\u00e1rodn\u00ed park v\u00a0N\u011bmecku. Bavorsko t\u00edm sv\u011b\u0159ilo pod ochranu jedine\u010dnou krajinu lesnat\u00e9ho st\u0159edoho\u0159\u00ed.<\/p>\n<p>V\u00a0n\u00e1rodn\u00edm parku jsou v\u00e1m krom\u011b jin\u00e9ho k\u00a0dispozici tato za\u0159\u00edzen\u00ed:<\/p>\n<ul>\n<li>Informa\u010dn\u00ed centrum v\u00a0Dom\u011b Hanse Eisenmanna<\/li>\n<li>Are\u00e1l zv\u00ed\u0159ec\u00edch v\u00fdb\u011bh\u016f<\/li>\n<li>turistick\u00e9 stezky<\/li>\n<li>lesn\u00ed h\u0159i\u0161t\u011b<\/li>\n<li>Centrum N\u00e1rodn\u00edho parku Luzn\u00fd<\/li>\n<li>Centrum N\u00e1rodn\u00edho parku Falkenstein<\/li>\n<li>Muzeum historie lesa<\/li>\n<li><a href=\"https:\/\/urlaub-in-waldkirchen.de\/cs\/volny-cas\/stezka-v-korunach-stromu\/\">Stezka v\u00a0korun\u00e1ch strom\u016f<\/a><\/li>\n<li>P\u0159\u00edrodn\u00ed zahrada s\u00a0botanick\u00fdmi a geologick\u00fdmi expon\u00e1ty<\/li>\n<li>a mnoho dal\u0161\u00edho<\/li>\n<\/ul>\n<p>Dal\u0161\u00ed informace naleznete zde\u00a0<a href=\"http:\/\/www.nationalpark-bayerischer-wald.de\/\" target=\"_blank\">www.nationalpark-bayerischer-wald.de<\/a>[\/vc_column_text][\/vc_column][\/vc_row][vc_row][vc_column][vc_masonry_media_grid element_width=&#8220;3&#8243; grid_id=&#8220;vc_gid:1473156760568-bb252884-2262-2&#8243; include=&#8220;1491,1490,1489,1488&#8243;][\/vc_column][\/vc_row][vc_row][vc_column][vc_separator color=&#8220;custom&#8220; accent_color=&#8220;#95c11f&#8220;][vc_btn title=&#8220;zp\u011bt na p\u0159ehled&#8220; shape=&#8220;square&#8220; color=&#8220;green&#8220; size=&#8220;sm&#8220; align=&#8220;right&#8220; link=&#8220;url:http%3A%2F%2Furlaub-in-waldkirchen.de%2Fcs%2Fvolny-cas%2F|||&#8220;][\/vc_column][\/vc_row]<\/p>\n<\/div>","protected":false},"excerpt":{"rendered":"<p>[vc_row][vc_column][vc_empty_space height=&#8220;20px&#8220;][vc_column_text] N\u00e1rodn\u00ed park Bavorsk\u00fd les [\/vc_column_text][\/vc_column][\/vc_row][vc_row][vc_column][vc_column_text]N\u00e1rodn\u00ed park Bavorsk\u00fd les byl zalo\u017een jako prvn\u00ed n\u00e1rodn\u00ed park v\u00a0N\u011bmecku. Bavorsko t\u00edm sv\u011b\u0159ilo pod ochranu jedine\u010dnou krajinu lesnat\u00e9ho st\u0159edoho\u0159\u00ed.<span class=\"excerpt-hellip\"> [\u2026]<\/span><\/p>\n","protected":false},"author":2,"featured_media":0,"parent":2703,"menu_order":0,"comment_status":"closed","ping_status":"closed","template":"","meta":{"footnotes":""},"class_list":["post-2862","page","type-page","status-publish","hentry"],"yoast_head":"<!-- This site is optimized with the Yoast SEO plugin v27.3 - https:\/\/yoast.com\/product\/yoast-seo-wordpress\/ -->\n<title>N\u00e1rodn\u00ed park Bavorsk\u00fd les - urlaub-in-waldkirchen.de<\/title>\n<meta name=\"description\" content=\"N\u00e1rodn\u00ed park Bavorsk\u00fd les byl zalo\u017een jako prvn\u00ed n\u00e1rodn\u00ed park v N\u011bmecku. Bavorsko t\u00edm sv\u011b\u0159ilo pod ochranu jedine\u010dnou krajinu lesnat\u00e9ho st\u0159edoho\u0159\u00ed.\" \/>\n<meta name=\"robots\" content=\"index, follow, max-snippet:-1, max-image-preview:large, max-video-preview:-1\" \/>\n<link rel=\"canonical\" href=\"https:\/\/urlaub-in-waldkirchen.de\/cs\/volny-cas\/narodni-park-bavorsky-les\/\" \/>\n<meta property=\"og:locale\" content=\"cs_CZ\" \/>\n<meta property=\"og:type\" content=\"article\" \/>\n<meta property=\"og:title\" content=\"N\u00e1rodn\u00ed park Bavorsk\u00fd les - urlaub-in-waldkirchen.de\" \/>\n<meta property=\"og:description\" content=\"N\u00e1rodn\u00ed park Bavorsk\u00fd les byl zalo\u017een jako prvn\u00ed n\u00e1rodn\u00ed park v N\u011bmecku. Bavorsko t\u00edm sv\u011b\u0159ilo pod ochranu jedine\u010dnou krajinu lesnat\u00e9ho st\u0159edoho\u0159\u00ed.\" \/>\n<meta property=\"og:url\" content=\"https:\/\/urlaub-in-waldkirchen.de\/cs\/volny-cas\/narodni-park-bavorsky-les\/\" \/>\n<meta property=\"og:site_name\" content=\"urlaub-in-waldkirchen.de\" \/>\n<meta property=\"article:modified_time\" content=\"2016-09-06T10:12:51+00:00\" \/>\n<meta name=\"twitter:card\" content=\"summary_large_image\" \/>\n<meta name=\"twitter:label1\" content=\"Odhadovan\u00e1 doba \u010dten\u00ed\" \/>\n\t<meta name=\"twitter:data1\" content=\"1 minuta\" \/>\n<script type=\"application\/ld+json\" class=\"yoast-schema-graph\">{\"@context\":\"https:\\\/\\\/schema.org\",\"@graph\":[{\"@type\":\"WebPage\",\"@id\":\"https:\\\/\\\/urlaub-in-waldkirchen.de\\\/cs\\\/volny-cas\\\/narodni-park-bavorsky-les\\\/\",\"url\":\"https:\\\/\\\/urlaub-in-waldkirchen.de\\\/cs\\\/volny-cas\\\/narodni-park-bavorsky-les\\\/\",\"name\":\"N\u00e1rodn\u00ed park Bavorsk\u00fd les - urlaub-in-waldkirchen.de\",\"isPartOf\":{\"@id\":\"https:\\\/\\\/urlaub-in-waldkirchen.de\\\/#website\"},\"datePublished\":\"2016-05-10T08:38:03+00:00\",\"dateModified\":\"2016-09-06T10:12:51+00:00\",\"description\":\"N\u00e1rodn\u00ed park Bavorsk\u00fd les byl zalo\u017een jako prvn\u00ed n\u00e1rodn\u00ed park v N\u011bmecku. Bavorsko t\u00edm sv\u011b\u0159ilo pod ochranu jedine\u010dnou krajinu lesnat\u00e9ho st\u0159edoho\u0159\u00ed.\",\"breadcrumb\":{\"@id\":\"https:\\\/\\\/urlaub-in-waldkirchen.de\\\/cs\\\/volny-cas\\\/narodni-park-bavorsky-les\\\/#breadcrumb\"},\"inLanguage\":\"cs\",\"potentialAction\":[{\"@type\":\"ReadAction\",\"target\":[\"https:\\\/\\\/urlaub-in-waldkirchen.de\\\/cs\\\/volny-cas\\\/narodni-park-bavorsky-les\\\/\"]}]},{\"@type\":\"BreadcrumbList\",\"@id\":\"https:\\\/\\\/urlaub-in-waldkirchen.de\\\/cs\\\/volny-cas\\\/narodni-park-bavorsky-les\\\/#breadcrumb\",\"itemListElement\":[{\"@type\":\"ListItem\",\"position\":1,\"name\":\"Startseite\",\"item\":\"https:\\\/\\\/urlaub-in-waldkirchen.de\\\/cs\\\/\"},{\"@type\":\"ListItem\",\"position\":2,\"name\":\"Voln\u00fd \u010das\",\"item\":\"https:\\\/\\\/urlaub-in-waldkirchen.de\\\/cs\\\/volny-cas\\\/\"},{\"@type\":\"ListItem\",\"position\":3,\"name\":\"N\u00e1rodn\u00ed park Bavorsk\u00fd les\"}]},{\"@type\":\"WebSite\",\"@id\":\"https:\\\/\\\/urlaub-in-waldkirchen.de\\\/#website\",\"url\":\"https:\\\/\\\/urlaub-in-waldkirchen.de\\\/\",\"name\":\"urlaub-in-waldkirchen.de\",\"description\":\"\",\"potentialAction\":[{\"@type\":\"SearchAction\",\"target\":{\"@type\":\"EntryPoint\",\"urlTemplate\":\"https:\\\/\\\/urlaub-in-waldkirchen.de\\\/?s={search_term_string}\"},\"query-input\":{\"@type\":\"PropertyValueSpecification\",\"valueRequired\":true,\"valueName\":\"search_term_string\"}}],\"inLanguage\":\"cs\"}]}<\/script>\n<!-- \/ Yoast SEO plugin. -->","yoast_head_json":{"title":"N\u00e1rodn\u00ed park Bavorsk\u00fd les - urlaub-in-waldkirchen.de","description":"N\u00e1rodn\u00ed park Bavorsk\u00fd les byl zalo\u017een jako prvn\u00ed n\u00e1rodn\u00ed park v N\u011bmecku. Bavorsko t\u00edm sv\u011b\u0159ilo pod ochranu jedine\u010dnou krajinu lesnat\u00e9ho st\u0159edoho\u0159\u00ed.","robots":{"index":"index","follow":"follow","max-snippet":"max-snippet:-1","max-image-preview":"max-image-preview:large","max-video-preview":"max-video-preview:-1"},"canonical":"https:\/\/urlaub-in-waldkirchen.de\/cs\/volny-cas\/narodni-park-bavorsky-les\/","og_locale":"cs_CZ","og_type":"article","og_title":"N\u00e1rodn\u00ed park Bavorsk\u00fd les - urlaub-in-waldkirchen.de","og_description":"N\u00e1rodn\u00ed park Bavorsk\u00fd les byl zalo\u017een jako prvn\u00ed n\u00e1rodn\u00ed park v N\u011bmecku. Bavorsko t\u00edm sv\u011b\u0159ilo pod ochranu jedine\u010dnou krajinu lesnat\u00e9ho st\u0159edoho\u0159\u00ed.","og_url":"https:\/\/urlaub-in-waldkirchen.de\/cs\/volny-cas\/narodni-park-bavorsky-les\/","og_site_name":"urlaub-in-waldkirchen.de","article_modified_time":"2016-09-06T10:12:51+00:00","twitter_card":"summary_large_image","twitter_misc":{"Odhadovan\u00e1 doba \u010dten\u00ed":"1 minuta"},"schema":{"@context":"https:\/\/schema.org","@graph":[{"@type":"WebPage","@id":"https:\/\/urlaub-in-waldkirchen.de\/cs\/volny-cas\/narodni-park-bavorsky-les\/","url":"https:\/\/urlaub-in-waldkirchen.de\/cs\/volny-cas\/narodni-park-bavorsky-les\/","name":"N\u00e1rodn\u00ed park Bavorsk\u00fd les - urlaub-in-waldkirchen.de","isPartOf":{"@id":"https:\/\/urlaub-in-waldkirchen.de\/#website"},"datePublished":"2016-05-10T08:38:03+00:00","dateModified":"2016-09-06T10:12:51+00:00","description":"N\u00e1rodn\u00ed park Bavorsk\u00fd les byl zalo\u017een jako prvn\u00ed n\u00e1rodn\u00ed park v N\u011bmecku. Bavorsko t\u00edm sv\u011b\u0159ilo pod ochranu jedine\u010dnou krajinu lesnat\u00e9ho st\u0159edoho\u0159\u00ed.","breadcrumb":{"@id":"https:\/\/urlaub-in-waldkirchen.de\/cs\/volny-cas\/narodni-park-bavorsky-les\/#breadcrumb"},"inLanguage":"cs","potentialAction":[{"@type":"ReadAction","target":["https:\/\/urlaub-in-waldkirchen.de\/cs\/volny-cas\/narodni-park-bavorsky-les\/"]}]},{"@type":"BreadcrumbList","@id":"https:\/\/urlaub-in-waldkirchen.de\/cs\/volny-cas\/narodni-park-bavorsky-les\/#breadcrumb","itemListElement":[{"@type":"ListItem","position":1,"name":"Startseite","item":"https:\/\/urlaub-in-waldkirchen.de\/cs\/"},{"@type":"ListItem","position":2,"name":"Voln\u00fd \u010das","item":"https:\/\/urlaub-in-waldkirchen.de\/cs\/volny-cas\/"},{"@type":"ListItem","position":3,"name":"N\u00e1rodn\u00ed park Bavorsk\u00fd les"}]},{"@type":"WebSite","@id":"https:\/\/urlaub-in-waldkirchen.de\/#website","url":"https:\/\/urlaub-in-waldkirchen.de\/","name":"urlaub-in-waldkirchen.de","description":"","potentialAction":[{"@type":"SearchAction","target":{"@type":"EntryPoint","urlTemplate":"https:\/\/urlaub-in-waldkirchen.de\/?s={search_term_string}"},"query-input":{"@type":"PropertyValueSpecification","valueRequired":true,"valueName":"search_term_string"}}],"inLanguage":"cs"}]}},"_links":{"self":[{"href":"https:\/\/urlaub-in-waldkirchen.de\/cs\/wp-json\/wp\/v2\/pages\/2862","targetHints":{"allow":["GET"]}}],"collection":[{"href":"https:\/\/urlaub-in-waldkirchen.de\/cs\/wp-json\/wp\/v2\/pages"}],"about":[{"href":"https:\/\/urlaub-in-waldkirchen.de\/cs\/wp-json\/wp\/v2\/types\/page"}],"author":[{"embeddable":true,"href":"https:\/\/urlaub-in-waldkirchen.de\/cs\/wp-json\/wp\/v2\/users\/2"}],"replies":[{"embeddable":true,"href":"https:\/\/urlaub-in-waldkirchen.de\/cs\/wp-json\/wp\/v2\/comments?post=2862"}],"version-history":[{"count":0,"href":"https:\/\/urlaub-in-waldkirchen.de\/cs\/wp-json\/wp\/v2\/pages\/2862\/revisions"}],"up":[{"embeddable":true,"href":"https:\/\/urlaub-in-waldkirchen.de\/cs\/wp-json\/wp\/v2\/pages\/2703"}],"wp:attachment":[{"href":"https:\/\/urlaub-in-waldkirchen.de\/cs\/wp-json\/wp\/v2\/media?parent=2862"}],"curies":[{"name":"wp","href":"https:\/\/api.w.org\/{rel}","templated":true}]}}