{"id":2868,"date":"2016-05-10T10:33:01","date_gmt":"2016-05-10T08:33:01","guid":{"rendered":"https:\/\/urlaub-in-waldkirchen.de\/cs\/volny-cas\/oberfrauenwald\/"},"modified":"2016-08-02T13:40:55","modified_gmt":"2016-08-02T11:40:55","slug":"oberfrauenwald","status":"publish","type":"page","link":"https:\/\/urlaub-in-waldkirchen.de\/cs\/volny-cas\/oberfrauenwald\/","title":{"rendered":"Oberfrauenwald"},"content":{"rendered":"<div class=\"wpb-content-wrapper\"><p>[vc_row][vc_column][vc_empty_space height=&#8220;20px&#8220;][vc_column_text]<\/p>\n<h1>Oberfrauenwald<\/h1>\n<p>[\/vc_column_text][\/vc_column][\/vc_row][vc_row][vc_column][vc_column_text]Oberfrauenwald je 947,7 metr\u016f vysok\u00e1 zalesn\u011bn\u00e1 hora v\u00a0ji\u017en\u00ed \u010d\u00e1sti Bavorsk\u00e9ho lesa mezi m\u011bsty Waldkirchen a Hauzenberg. P\u0159es jej\u00ed vrcholek proch\u00e1z\u00ed hranice mezi okresy Pasov (jeho\u017e je nejvy\u0161\u0161\u00edm vrcholem) a Freyung-Grafenau.<\/p>\n<p>Jm\u00e9no Oberfrauenwald dostala hora podle \u017eensk\u00e9ho kl\u00e1\u0161tera Frauenkloster Niedernburg v Pasov\u011b. V roce 1010 z\u00edskal kl\u00e1\u0161ter Niedernburg od c\u00edsa\u0159e Jind\u0159icha II. \u010d\u00e1st kr\u00e1lovsk\u00e9ho lesa mezi Dunajem a \u010cechami. Od t\u00e9 doby je tato lesnat\u00e1 oblast naz\u00fdv\u00e1na \u201eFrauenwald\u201c. Mezi lety 1161 a 1220 p\u0159ipadla kl\u00e1\u0161teru v\u00a0Pasov\u011b, kter\u00fd spravovali pasov\u0161t\u00ed biskupov\u00e9, coby sv\u011bt\u0161t\u00ed a duchovn\u00ed p\u00e1ni, a z\u016fstala v\u00a0jejich spr\u00e1v\u011b a\u017e do sekularizace v roce 1803.<\/p>\n<p>Na vrcholu hory Oberfrauenwald stoj\u00ed od roku 2001 rozhledna o v\u00fd\u0161ce 27 m, kter\u00e1 nab\u00edz\u00ed panoramatick\u00fd v\u00fdhled do v\u0161ech sv\u011btov\u00fdch stran. D\u00edky tomu je vrchol obl\u00edben\u00fdm v\u00fdletn\u00edm c\u00edlem i v\u00a0l\u00e9t\u011b. V\u00fdstup k rozhledn\u011b je mo\u017en\u00fd po turistick\u00e9 cest\u011b z\u00a0obce\u00a0 Oberfrauenwald nebo krat\u0161\u00ed trasou od parkovi\u0161t\u011b horsk\u00e9 slu\u017eby (cca 15 minut). V roce \u00a02013 byla na rozhledn\u011b instalov\u00e1na \u00a0<a href=\"https:\/\/urlaub-in-waldkirchen.de\/cs\/aktualni-informace\/webove-kamery\/\">webov\u00e1 kamera pro p\u0159enos panoramatick\u00fdch sn\u00edmk\u016f se z\u00e1b\u011brem 360\u00b0<u> <\/u><\/a>, kter\u00e9 nab\u00edzej\u00ed n\u00e1dhern\u00e9 rozhledy! (Zdroj: Wikipedie)<\/p>\n<p>Dal\u0161\u00ed informace z\u00edsk\u00e1te v\u00a0<a href=\"https:\/\/urlaub-in-waldkirchen.de\/cs\/informace\/turisticke-informacni-centrum\/\">Turistick\u00e9m informa\u010dn\u00edm centru Waldkirchen<\/a>.[\/vc_column_text][\/vc_column][\/vc_row][vc_row][vc_column][vc_masonry_media_grid element_width=&#8220;3&#8243; gap=&#8220;10&#8243; grid_id=&#8220;vc_gid:1470137915279-5d9b27e2-b69a-10&#8243; include=&#8220;2174,2173,2175,2176&#8243;][\/vc_column][\/vc_row][vc_row][vc_column][vc_separator color=&#8220;custom&#8220; accent_color=&#8220;#95c11f&#8220;][vc_btn title=&#8220;zp\u011bt na p\u0159ehled&#8220; shape=&#8220;square&#8220; color=&#8220;green&#8220; size=&#8220;sm&#8220; align=&#8220;right&#8220; link=&#8220;url:http%3A%2F%2Furlaub-in-waldkirchen.de%2Fcs%2Fvolny-cas%2F|||&#8220;][\/vc_column][\/vc_row]<\/p>\n<\/div>","protected":false},"excerpt":{"rendered":"<p>[vc_row][vc_column][vc_empty_space height=&#8220;20px&#8220;][vc_column_text] Oberfrauenwald [\/vc_column_text][\/vc_column][\/vc_row][vc_row][vc_column][vc_column_text]Oberfrauenwald je 947,7 metr\u016f vysok\u00e1 zalesn\u011bn\u00e1 hora v\u00a0ji\u017en\u00ed \u010d\u00e1sti Bavorsk\u00e9ho lesa mezi m\u011bsty Waldkirchen a Hauzenberg. P\u0159es jej\u00ed vrcholek proch\u00e1z\u00ed hranice mezi okresy<span class=\"excerpt-hellip\"> [\u2026]<\/span><\/p>\n","protected":false},"author":2,"featured_media":0,"parent":2703,"menu_order":0,"comment_status":"closed","ping_status":"closed","template":"","meta":{"footnotes":""},"class_list":["post-2868","page","type-page","status-publish","hentry"],"yoast_head":"<!-- This site is optimized with the Yoast SEO plugin v27.3 - https:\/\/yoast.com\/product\/yoast-seo-wordpress\/ -->\n<title>Oberfrauenwald - urlaub-in-waldkirchen.de<\/title>\n<meta name=\"description\" content=\"Oberfrauenwald je 947,7 metr\u016f vysok\u00e1 zalesn\u011bn\u00e1 hora v ji\u017en\u00ed \u010d\u00e1sti Bavorsk\u00e9ho lesa mezi m\u011bsty Waldkirchen a Hauzenberg.\" \/>\n<meta name=\"robots\" content=\"index, follow, max-snippet:-1, max-image-preview:large, max-video-preview:-1\" \/>\n<link rel=\"canonical\" href=\"https:\/\/urlaub-in-waldkirchen.de\/cs\/volny-cas\/oberfrauenwald\/\" \/>\n<meta property=\"og:locale\" content=\"cs_CZ\" \/>\n<meta property=\"og:type\" content=\"article\" \/>\n<meta property=\"og:title\" content=\"Oberfrauenwald - urlaub-in-waldkirchen.de\" \/>\n<meta property=\"og:description\" content=\"Oberfrauenwald je 947,7 metr\u016f vysok\u00e1 zalesn\u011bn\u00e1 hora v ji\u017en\u00ed \u010d\u00e1sti Bavorsk\u00e9ho lesa mezi m\u011bsty Waldkirchen a Hauzenberg.\" \/>\n<meta property=\"og:url\" content=\"https:\/\/urlaub-in-waldkirchen.de\/cs\/volny-cas\/oberfrauenwald\/\" \/>\n<meta property=\"og:site_name\" content=\"urlaub-in-waldkirchen.de\" \/>\n<meta property=\"article:modified_time\" content=\"2016-08-02T11:40:55+00:00\" \/>\n<meta name=\"twitter:card\" content=\"summary_large_image\" \/>\n<meta name=\"twitter:label1\" content=\"Odhadovan\u00e1 doba \u010dten\u00ed\" \/>\n\t<meta name=\"twitter:data1\" content=\"2 minuty\" \/>\n<script type=\"application\/ld+json\" class=\"yoast-schema-graph\">{\"@context\":\"https:\\\/\\\/schema.org\",\"@graph\":[{\"@type\":\"WebPage\",\"@id\":\"https:\\\/\\\/urlaub-in-waldkirchen.de\\\/cs\\\/volny-cas\\\/oberfrauenwald\\\/\",\"url\":\"https:\\\/\\\/urlaub-in-waldkirchen.de\\\/cs\\\/volny-cas\\\/oberfrauenwald\\\/\",\"name\":\"Oberfrauenwald - urlaub-in-waldkirchen.de\",\"isPartOf\":{\"@id\":\"https:\\\/\\\/urlaub-in-waldkirchen.de\\\/#website\"},\"datePublished\":\"2016-05-10T08:33:01+00:00\",\"dateModified\":\"2016-08-02T11:40:55+00:00\",\"description\":\"Oberfrauenwald je 947,7 metr\u016f vysok\u00e1 zalesn\u011bn\u00e1 hora v ji\u017en\u00ed \u010d\u00e1sti Bavorsk\u00e9ho lesa mezi m\u011bsty Waldkirchen a Hauzenberg.\",\"breadcrumb\":{\"@id\":\"https:\\\/\\\/urlaub-in-waldkirchen.de\\\/cs\\\/volny-cas\\\/oberfrauenwald\\\/#breadcrumb\"},\"inLanguage\":\"cs\",\"potentialAction\":[{\"@type\":\"ReadAction\",\"target\":[\"https:\\\/\\\/urlaub-in-waldkirchen.de\\\/cs\\\/volny-cas\\\/oberfrauenwald\\\/\"]}]},{\"@type\":\"BreadcrumbList\",\"@id\":\"https:\\\/\\\/urlaub-in-waldkirchen.de\\\/cs\\\/volny-cas\\\/oberfrauenwald\\\/#breadcrumb\",\"itemListElement\":[{\"@type\":\"ListItem\",\"position\":1,\"name\":\"Startseite\",\"item\":\"https:\\\/\\\/urlaub-in-waldkirchen.de\\\/cs\\\/\"},{\"@type\":\"ListItem\",\"position\":2,\"name\":\"Voln\u00fd \u010das\",\"item\":\"https:\\\/\\\/urlaub-in-waldkirchen.de\\\/cs\\\/volny-cas\\\/\"},{\"@type\":\"ListItem\",\"position\":3,\"name\":\"Oberfrauenwald\"}]},{\"@type\":\"WebSite\",\"@id\":\"https:\\\/\\\/urlaub-in-waldkirchen.de\\\/#website\",\"url\":\"https:\\\/\\\/urlaub-in-waldkirchen.de\\\/\",\"name\":\"urlaub-in-waldkirchen.de\",\"description\":\"\",\"potentialAction\":[{\"@type\":\"SearchAction\",\"target\":{\"@type\":\"EntryPoint\",\"urlTemplate\":\"https:\\\/\\\/urlaub-in-waldkirchen.de\\\/?s={search_term_string}\"},\"query-input\":{\"@type\":\"PropertyValueSpecification\",\"valueRequired\":true,\"valueName\":\"search_term_string\"}}],\"inLanguage\":\"cs\"}]}<\/script>\n<!-- \/ Yoast SEO plugin. -->","yoast_head_json":{"title":"Oberfrauenwald - urlaub-in-waldkirchen.de","description":"Oberfrauenwald je 947,7 metr\u016f vysok\u00e1 zalesn\u011bn\u00e1 hora v ji\u017en\u00ed \u010d\u00e1sti Bavorsk\u00e9ho lesa mezi m\u011bsty Waldkirchen a Hauzenberg.","robots":{"index":"index","follow":"follow","max-snippet":"max-snippet:-1","max-image-preview":"max-image-preview:large","max-video-preview":"max-video-preview:-1"},"canonical":"https:\/\/urlaub-in-waldkirchen.de\/cs\/volny-cas\/oberfrauenwald\/","og_locale":"cs_CZ","og_type":"article","og_title":"Oberfrauenwald - urlaub-in-waldkirchen.de","og_description":"Oberfrauenwald je 947,7 metr\u016f vysok\u00e1 zalesn\u011bn\u00e1 hora v ji\u017en\u00ed \u010d\u00e1sti Bavorsk\u00e9ho lesa mezi m\u011bsty Waldkirchen a Hauzenberg.","og_url":"https:\/\/urlaub-in-waldkirchen.de\/cs\/volny-cas\/oberfrauenwald\/","og_site_name":"urlaub-in-waldkirchen.de","article_modified_time":"2016-08-02T11:40:55+00:00","twitter_card":"summary_large_image","twitter_misc":{"Odhadovan\u00e1 doba \u010dten\u00ed":"2 minuty"},"schema":{"@context":"https:\/\/schema.org","@graph":[{"@type":"WebPage","@id":"https:\/\/urlaub-in-waldkirchen.de\/cs\/volny-cas\/oberfrauenwald\/","url":"https:\/\/urlaub-in-waldkirchen.de\/cs\/volny-cas\/oberfrauenwald\/","name":"Oberfrauenwald - urlaub-in-waldkirchen.de","isPartOf":{"@id":"https:\/\/urlaub-in-waldkirchen.de\/#website"},"datePublished":"2016-05-10T08:33:01+00:00","dateModified":"2016-08-02T11:40:55+00:00","description":"Oberfrauenwald je 947,7 metr\u016f vysok\u00e1 zalesn\u011bn\u00e1 hora v ji\u017en\u00ed \u010d\u00e1sti Bavorsk\u00e9ho lesa mezi m\u011bsty Waldkirchen a Hauzenberg.","breadcrumb":{"@id":"https:\/\/urlaub-in-waldkirchen.de\/cs\/volny-cas\/oberfrauenwald\/#breadcrumb"},"inLanguage":"cs","potentialAction":[{"@type":"ReadAction","target":["https:\/\/urlaub-in-waldkirchen.de\/cs\/volny-cas\/oberfrauenwald\/"]}]},{"@type":"BreadcrumbList","@id":"https:\/\/urlaub-in-waldkirchen.de\/cs\/volny-cas\/oberfrauenwald\/#breadcrumb","itemListElement":[{"@type":"ListItem","position":1,"name":"Startseite","item":"https:\/\/urlaub-in-waldkirchen.de\/cs\/"},{"@type":"ListItem","position":2,"name":"Voln\u00fd \u010das","item":"https:\/\/urlaub-in-waldkirchen.de\/cs\/volny-cas\/"},{"@type":"ListItem","position":3,"name":"Oberfrauenwald"}]},{"@type":"WebSite","@id":"https:\/\/urlaub-in-waldkirchen.de\/#website","url":"https:\/\/urlaub-in-waldkirchen.de\/","name":"urlaub-in-waldkirchen.de","description":"","potentialAction":[{"@type":"SearchAction","target":{"@type":"EntryPoint","urlTemplate":"https:\/\/urlaub-in-waldkirchen.de\/?s={search_term_string}"},"query-input":{"@type":"PropertyValueSpecification","valueRequired":true,"valueName":"search_term_string"}}],"inLanguage":"cs"}]}},"_links":{"self":[{"href":"https:\/\/urlaub-in-waldkirchen.de\/cs\/wp-json\/wp\/v2\/pages\/2868","targetHints":{"allow":["GET"]}}],"collection":[{"href":"https:\/\/urlaub-in-waldkirchen.de\/cs\/wp-json\/wp\/v2\/pages"}],"about":[{"href":"https:\/\/urlaub-in-waldkirchen.de\/cs\/wp-json\/wp\/v2\/types\/page"}],"author":[{"embeddable":true,"href":"https:\/\/urlaub-in-waldkirchen.de\/cs\/wp-json\/wp\/v2\/users\/2"}],"replies":[{"embeddable":true,"href":"https:\/\/urlaub-in-waldkirchen.de\/cs\/wp-json\/wp\/v2\/comments?post=2868"}],"version-history":[{"count":0,"href":"https:\/\/urlaub-in-waldkirchen.de\/cs\/wp-json\/wp\/v2\/pages\/2868\/revisions"}],"up":[{"embeddable":true,"href":"https:\/\/urlaub-in-waldkirchen.de\/cs\/wp-json\/wp\/v2\/pages\/2703"}],"wp:attachment":[{"href":"https:\/\/urlaub-in-waldkirchen.de\/cs\/wp-json\/wp\/v2\/media?parent=2868"}],"curies":[{"name":"wp","href":"https:\/\/api.w.org\/{rel}","templated":true}]}}