{"id":2878,"date":"2016-07-11T12:16:25","date_gmt":"2016-07-11T10:16:25","guid":{"rendered":"https:\/\/urlaub-in-waldkirchen.de\/cs\/pullman-city\/"},"modified":"2016-08-02T13:50:14","modified_gmt":"2016-08-02T11:50:14","slug":"westernove-mestecko-pullman-city","status":"publish","type":"page","link":"https:\/\/urlaub-in-waldkirchen.de\/cs\/westernove-mestecko-pullman-city\/","title":{"rendered":"Westernov\u00e9 m\u011bste\u010dko Pullman City"},"content":{"rendered":"<div class=\"wpb-content-wrapper\"><p>[vc_row][vc_column][vc_empty_space height=&#8220;20px&#8220;][vc_column_text]<\/p>\n<h1>Pullman City \u2013 \u017eiv\u00e9 westernov\u00e9 m\u011bste\u010dko<\/h1>\n<p>[\/vc_column_text][\/vc_column][\/vc_row][vc_row][vc_column][vc_column_text]<a href=\"https:\/\/www.pullmancity.de\/\" target=\"_blank\">Pullman City<\/a>, \u201e\u017eiv\u00e9\u201c westernov\u00e9 m\u011bste\u010dko u obce Eging am See, je z\u00e1\u017eitkov\u00fd park s\u00a0idylickou polohou u paty Bavorsk\u00e9ho lesa a lehkou dostupnost\u00ed po d\u00e1lnici A3 mezi Deggendorfem a Pasovem. Od roku 1997 tady mohou d\u011bti i dosp\u011bl\u00ed za\u017e\u00edt na vlastn\u00ed k\u016f\u017ei \u201eDivok\u00fd z\u00e1pad\u201c \u2013 a\u0165 u\u017e p\u0159i st\u0159elb\u011b lukem, r\u00fd\u017eov\u00e1n\u00ed zlata, j\u00edzd\u011b na pon\u00edc\u00edch nebo v\u00a0ko\u010d\u00e1ru, p\u0159i \u017eiv\u00e9 country i rockov\u00e9 hudb\u011b, Line Dance i u t\u00e1borov\u00e9ho ohn\u011b.<\/p>\n<p>Od jara do pozdn\u00edho podzimu je nab\u00edzen pestr\u00fd a bezpe\u010dn\u00fd program. Odv\u00e1\u017en\u00ed jezdci, neboj\u00e1cn\u00ed vrha\u010di no\u017e\u016f a virtu\u00f3zn\u00ed znalci hodu lasem se postaraj\u00ed o nap\u011bt\u00ed, zat\u00edmco kouzeln\u00edk ohrom\u00ed sv\u00fdmi vesel\u00fdmi triky. Vrcholem programu je American History Show s\u00a0kovboji a Indi\u00e1ny, kolonisty a lovci, ko\u010d\u00e1ry a ko\u0148mi, dobytkem i voln\u011b pob\u00edhaj\u00edc\u00edmi bizony \u2013 show je pou\u010dn\u00e1, nap\u00ednav\u00e1 a z\u00e1bavn\u00e1 sou\u010dasn\u011b.<\/p>\n<p>Pro d\u011bti je v\u00a0are\u00e1lu o celkov\u00e9 rozloze 200.000 metr\u016f \u010dtvere\u010dn\u00edch se zvln\u011bn\u00fdm a \u010d\u00e1ste\u010dn\u011b zalesn\u011bn\u00fdm ter\u00e9nem p\u0159ipraveno dobrodru\u017en\u00e9 h\u0159i\u0161t\u011b, lanov\u00e9 h\u0159i\u0161t\u011b, d\u011btsk\u00e1 \u017eeleznice, r\u00fd\u017eovi\u0161t\u011b zlat\u00e1 a mal\u00e1 ZOO. V\u00a0dob\u011b \u0161koln\u00edch pr\u00e1zdnin v\u00a0Bavorsku mohou d\u011bti nav\u0161t\u011bvovat D\u011btsk\u00fd klub, kde mal\u00ed kovbojov\u00e9 a hona\u010dky dobytka vyr\u00e1b\u00ed nejr\u016fzn\u011bj\u0161\u00ed v\u011bci, zdob\u00ed se jako Indi\u00e1ni a ve\u010der podnikaj\u00ed dobrodru\u017en\u00e9 v\u00fdpravy s\u00a0pochodn\u011bmi. Velmi obl\u00edben\u00ed jsou maskoti westernov\u00e9ho m\u011bste\u010dka \u201eLilly, Billy a Desperado\u201c, kte\u0159\u00ed l\u00e1kaj\u00ed d\u011bti k tanci.<\/p>\n<p>Dal\u0161\u00ed informace naleznete zde\u00a0<a href=\"https:\/\/www.pullmancity.de\/\" target=\"_blank\">pullmancity.de<\/a>[\/vc_column_text][\/vc_column][\/vc_row][vc_row][vc_column][vc_media_grid element_width=&#8220;3&#8243; gap=&#8220;10&#8243; item=&#8220;masonryMedia_Default&#8220; grid_id=&#8220;vc_gid:1470138450377-b5109697-196a-2&#8243; include=&#8220;2213,2214,2215,2216&#8243;][\/vc_column][\/vc_row][vc_row][vc_column][vc_separator color=&#8220;custom&#8220; accent_color=&#8220;#95c11f&#8220;][vc_btn title=&#8220;zp\u011bt na p\u0159ehled&#8220; shape=&#8220;square&#8220; color=&#8220;green&#8220; size=&#8220;sm&#8220; align=&#8220;right&#8220; link=&#8220;url:http%3A%2F%2Furlaub-in-waldkirchen.de%2Fcs%2Fvolny-cas%2F|||&#8220;][\/vc_column][\/vc_row]<\/p>\n<\/div>","protected":false},"excerpt":{"rendered":"<p>[vc_row][vc_column][vc_empty_space height=&#8220;20px&#8220;][vc_column_text] Pullman City \u2013 \u017eiv\u00e9 westernov\u00e9 m\u011bste\u010dko [\/vc_column_text][\/vc_column][\/vc_row][vc_row][vc_column][vc_column_text]Pullman City, \u201e\u017eiv\u00e9\u201c westernov\u00e9 m\u011bste\u010dko u obce Eging am See, je z\u00e1\u017eitkov\u00fd park s\u00a0idylickou polohou u paty Bavorsk\u00e9ho<span class=\"excerpt-hellip\"> [\u2026]<\/span><\/p>\n","protected":false},"author":2,"featured_media":0,"parent":0,"menu_order":0,"comment_status":"closed","ping_status":"closed","template":"","meta":{"footnotes":""},"class_list":["post-2878","page","type-page","status-publish","hentry"],"yoast_head":"<!-- This site is optimized with the Yoast SEO plugin v27.3 - https:\/\/yoast.com\/product\/yoast-seo-wordpress\/ -->\n<title>Westernov\u00e9 m\u011bste\u010dko Pullman City - urlaub-in-waldkirchen.de<\/title>\n<meta name=\"description\" content=\"Pullman City, \u201e\u017eiv\u00e9\u201c westernov\u00e9 m\u011bste\u010dko u obce Eging am See, je z\u00e1\u017eitkov\u00fd park s idylickou polohou u paty Bavorsk\u00e9ho lesa a lehkou dostupnost\u00ed po d\u00e1lnici A3 mezi Deggendorfem a Pasovem.\" \/>\n<meta name=\"robots\" content=\"index, follow, max-snippet:-1, max-image-preview:large, max-video-preview:-1\" \/>\n<link rel=\"canonical\" href=\"https:\/\/urlaub-in-waldkirchen.de\/cs\/westernove-mestecko-pullman-city\/\" \/>\n<meta property=\"og:locale\" content=\"cs_CZ\" \/>\n<meta property=\"og:type\" content=\"article\" \/>\n<meta property=\"og:title\" content=\"Westernov\u00e9 m\u011bste\u010dko Pullman City - urlaub-in-waldkirchen.de\" \/>\n<meta property=\"og:description\" content=\"Pullman City, \u201e\u017eiv\u00e9\u201c westernov\u00e9 m\u011bste\u010dko u obce Eging am See, je z\u00e1\u017eitkov\u00fd park s idylickou polohou u paty Bavorsk\u00e9ho lesa a lehkou dostupnost\u00ed po d\u00e1lnici A3 mezi Deggendorfem a Pasovem.\" \/>\n<meta property=\"og:url\" content=\"https:\/\/urlaub-in-waldkirchen.de\/cs\/westernove-mestecko-pullman-city\/\" \/>\n<meta property=\"og:site_name\" content=\"urlaub-in-waldkirchen.de\" \/>\n<meta property=\"article:modified_time\" content=\"2016-08-02T11:50:14+00:00\" \/>\n<meta name=\"twitter:card\" content=\"summary_large_image\" \/>\n<meta name=\"twitter:label1\" content=\"Odhadovan\u00e1 doba \u010dten\u00ed\" \/>\n\t<meta name=\"twitter:data1\" content=\"2 minuty\" \/>\n<script type=\"application\/ld+json\" class=\"yoast-schema-graph\">{\"@context\":\"https:\\\/\\\/schema.org\",\"@graph\":[{\"@type\":\"WebPage\",\"@id\":\"https:\\\/\\\/urlaub-in-waldkirchen.de\\\/cs\\\/westernove-mestecko-pullman-city\\\/\",\"url\":\"https:\\\/\\\/urlaub-in-waldkirchen.de\\\/cs\\\/westernove-mestecko-pullman-city\\\/\",\"name\":\"Westernov\u00e9 m\u011bste\u010dko Pullman City - urlaub-in-waldkirchen.de\",\"isPartOf\":{\"@id\":\"https:\\\/\\\/urlaub-in-waldkirchen.de\\\/#website\"},\"datePublished\":\"2016-07-11T10:16:25+00:00\",\"dateModified\":\"2016-08-02T11:50:14+00:00\",\"description\":\"Pullman City, \u201e\u017eiv\u00e9\u201c westernov\u00e9 m\u011bste\u010dko u obce Eging am See, je z\u00e1\u017eitkov\u00fd park s idylickou polohou u paty Bavorsk\u00e9ho lesa a lehkou dostupnost\u00ed po d\u00e1lnici A3 mezi Deggendorfem a Pasovem.\",\"breadcrumb\":{\"@id\":\"https:\\\/\\\/urlaub-in-waldkirchen.de\\\/cs\\\/westernove-mestecko-pullman-city\\\/#breadcrumb\"},\"inLanguage\":\"cs\",\"potentialAction\":[{\"@type\":\"ReadAction\",\"target\":[\"https:\\\/\\\/urlaub-in-waldkirchen.de\\\/cs\\\/westernove-mestecko-pullman-city\\\/\"]}]},{\"@type\":\"BreadcrumbList\",\"@id\":\"https:\\\/\\\/urlaub-in-waldkirchen.de\\\/cs\\\/westernove-mestecko-pullman-city\\\/#breadcrumb\",\"itemListElement\":[{\"@type\":\"ListItem\",\"position\":1,\"name\":\"Startseite\",\"item\":\"https:\\\/\\\/urlaub-in-waldkirchen.de\\\/cs\\\/\"},{\"@type\":\"ListItem\",\"position\":2,\"name\":\"Westernov\u00e9 m\u011bste\u010dko Pullman City\"}]},{\"@type\":\"WebSite\",\"@id\":\"https:\\\/\\\/urlaub-in-waldkirchen.de\\\/#website\",\"url\":\"https:\\\/\\\/urlaub-in-waldkirchen.de\\\/\",\"name\":\"urlaub-in-waldkirchen.de\",\"description\":\"\",\"potentialAction\":[{\"@type\":\"SearchAction\",\"target\":{\"@type\":\"EntryPoint\",\"urlTemplate\":\"https:\\\/\\\/urlaub-in-waldkirchen.de\\\/?s={search_term_string}\"},\"query-input\":{\"@type\":\"PropertyValueSpecification\",\"valueRequired\":true,\"valueName\":\"search_term_string\"}}],\"inLanguage\":\"cs\"}]}<\/script>\n<!-- \/ Yoast SEO plugin. -->","yoast_head_json":{"title":"Westernov\u00e9 m\u011bste\u010dko Pullman City - urlaub-in-waldkirchen.de","description":"Pullman City, \u201e\u017eiv\u00e9\u201c westernov\u00e9 m\u011bste\u010dko u obce Eging am See, je z\u00e1\u017eitkov\u00fd park s idylickou polohou u paty Bavorsk\u00e9ho lesa a lehkou dostupnost\u00ed po d\u00e1lnici A3 mezi Deggendorfem a Pasovem.","robots":{"index":"index","follow":"follow","max-snippet":"max-snippet:-1","max-image-preview":"max-image-preview:large","max-video-preview":"max-video-preview:-1"},"canonical":"https:\/\/urlaub-in-waldkirchen.de\/cs\/westernove-mestecko-pullman-city\/","og_locale":"cs_CZ","og_type":"article","og_title":"Westernov\u00e9 m\u011bste\u010dko Pullman City - urlaub-in-waldkirchen.de","og_description":"Pullman City, \u201e\u017eiv\u00e9\u201c westernov\u00e9 m\u011bste\u010dko u obce Eging am See, je z\u00e1\u017eitkov\u00fd park s idylickou polohou u paty Bavorsk\u00e9ho lesa a lehkou dostupnost\u00ed po d\u00e1lnici A3 mezi Deggendorfem a Pasovem.","og_url":"https:\/\/urlaub-in-waldkirchen.de\/cs\/westernove-mestecko-pullman-city\/","og_site_name":"urlaub-in-waldkirchen.de","article_modified_time":"2016-08-02T11:50:14+00:00","twitter_card":"summary_large_image","twitter_misc":{"Odhadovan\u00e1 doba \u010dten\u00ed":"2 minuty"},"schema":{"@context":"https:\/\/schema.org","@graph":[{"@type":"WebPage","@id":"https:\/\/urlaub-in-waldkirchen.de\/cs\/westernove-mestecko-pullman-city\/","url":"https:\/\/urlaub-in-waldkirchen.de\/cs\/westernove-mestecko-pullman-city\/","name":"Westernov\u00e9 m\u011bste\u010dko Pullman City - urlaub-in-waldkirchen.de","isPartOf":{"@id":"https:\/\/urlaub-in-waldkirchen.de\/#website"},"datePublished":"2016-07-11T10:16:25+00:00","dateModified":"2016-08-02T11:50:14+00:00","description":"Pullman City, \u201e\u017eiv\u00e9\u201c westernov\u00e9 m\u011bste\u010dko u obce Eging am See, je z\u00e1\u017eitkov\u00fd park s idylickou polohou u paty Bavorsk\u00e9ho lesa a lehkou dostupnost\u00ed po d\u00e1lnici A3 mezi Deggendorfem a Pasovem.","breadcrumb":{"@id":"https:\/\/urlaub-in-waldkirchen.de\/cs\/westernove-mestecko-pullman-city\/#breadcrumb"},"inLanguage":"cs","potentialAction":[{"@type":"ReadAction","target":["https:\/\/urlaub-in-waldkirchen.de\/cs\/westernove-mestecko-pullman-city\/"]}]},{"@type":"BreadcrumbList","@id":"https:\/\/urlaub-in-waldkirchen.de\/cs\/westernove-mestecko-pullman-city\/#breadcrumb","itemListElement":[{"@type":"ListItem","position":1,"name":"Startseite","item":"https:\/\/urlaub-in-waldkirchen.de\/cs\/"},{"@type":"ListItem","position":2,"name":"Westernov\u00e9 m\u011bste\u010dko Pullman City"}]},{"@type":"WebSite","@id":"https:\/\/urlaub-in-waldkirchen.de\/#website","url":"https:\/\/urlaub-in-waldkirchen.de\/","name":"urlaub-in-waldkirchen.de","description":"","potentialAction":[{"@type":"SearchAction","target":{"@type":"EntryPoint","urlTemplate":"https:\/\/urlaub-in-waldkirchen.de\/?s={search_term_string}"},"query-input":{"@type":"PropertyValueSpecification","valueRequired":true,"valueName":"search_term_string"}}],"inLanguage":"cs"}]}},"_links":{"self":[{"href":"https:\/\/urlaub-in-waldkirchen.de\/cs\/wp-json\/wp\/v2\/pages\/2878","targetHints":{"allow":["GET"]}}],"collection":[{"href":"https:\/\/urlaub-in-waldkirchen.de\/cs\/wp-json\/wp\/v2\/pages"}],"about":[{"href":"https:\/\/urlaub-in-waldkirchen.de\/cs\/wp-json\/wp\/v2\/types\/page"}],"author":[{"embeddable":true,"href":"https:\/\/urlaub-in-waldkirchen.de\/cs\/wp-json\/wp\/v2\/users\/2"}],"replies":[{"embeddable":true,"href":"https:\/\/urlaub-in-waldkirchen.de\/cs\/wp-json\/wp\/v2\/comments?post=2878"}],"version-history":[{"count":0,"href":"https:\/\/urlaub-in-waldkirchen.de\/cs\/wp-json\/wp\/v2\/pages\/2878\/revisions"}],"wp:attachment":[{"href":"https:\/\/urlaub-in-waldkirchen.de\/cs\/wp-json\/wp\/v2\/media?parent=2878"}],"curies":[{"name":"wp","href":"https:\/\/api.w.org\/{rel}","templated":true}]}}