{"id":2883,"date":"2016-07-13T09:11:54","date_gmt":"2016-07-13T07:11:54","guid":{"rendered":"https:\/\/urlaub-in-waldkirchen.de\/cs\/saussbachklamm\/"},"modified":"2016-09-06T12:09:15","modified_gmt":"2016-09-06T10:09:15","slug":"souteska-saussbachklamm","status":"publish","type":"page","link":"https:\/\/urlaub-in-waldkirchen.de\/cs\/souteska-saussbachklamm\/","title":{"rendered":"Sout\u011bska Sau\u00dfbachklamm"},"content":{"rendered":"<div class=\"wpb-content-wrapper\"><p>[vc_row][vc_column][vc_empty_space height=&#8220;20px&#8220;][vc_column_text]<\/p>\n<h1>P\u0159\u00edrodn\u00ed z\u00e1\u017eitek Sau\u00dfbachklamm \u2013 na b\u0159ehu zur\u010d\u00edc\u00edho potoka<\/h1>\n<p>[\/vc_column_text][\/vc_column][\/vc_row][vc_row][vc_column][vc_column_text]Ji\u017en\u011b od Waldkirchenu le\u017e\u00ed jedna z\u00a0nejkr\u00e1sn\u011bj\u0161\u00edch p\u0159\u00edrodn\u00edch oblast\u00ed Bavorsk\u00e9ho lesa \u2013 divoce romantick\u00e1 sout\u011bska\u00a0 Sau\u00dfbachklamm. Dob\u0159e sch\u016fdn\u00e1 p\u011b\u0161\u00ed cesta vede od Informa\u010dn\u00edho turistick\u00e9ho centra sm\u011brem Erlenhain k ml\u00fdnu Sau\u00dfm\u00fchle. Zde za\u010d\u00edn\u00e1 Sau\u00dfbachklamm se svou hlubokou sout\u011bskou. Po cel\u00e1 tis\u00edcilet\u00ed zde \u0159\u00ed\u010dka Erlau konala sv\u00e9 d\u00edlo. Ob\u0159\u00ed \u017eulov\u00e9 bloky, kter\u00e9 odolaly proud\u00edc\u00ed vod\u011b, stoj\u00ed v\u00a0koryt\u011b dodnes. \u00dachvatn\u00e1 hra p\u0159\u00edrody, zar\u00e1movan\u00e1 bujn\u00fdm rostlinn\u00fdm porostem. Sout\u011bska Sau\u00dfbachklamm byla v roce 1939 vyhl\u00e1\u0161ena p\u0159\u00edrodn\u00ed rezervac\u00ed. Z hr\u00e1ze vede cesta d\u00e1l pod\u00e9l p\u0159\u00edvodn\u00edho kan\u00e1lu zp\u011bt do Waldkirchenu.<\/p>\n<p><strong>Tip pro rodiny:\u00a0<\/strong>Pastvina\u00a0<a href=\"https:\/\/www.facebook.com\/Haller-Alm-891785694228882\/\" target=\"_blank\">Haller-Alm<\/a>\u00a0uprost\u0159ed sout\u011bsky o\u010dek\u00e1v\u00e1 sv\u00e9 n\u00e1v\u0161t\u011bvn\u00edky jako pern\u00edkov\u00e1 chaloupka. Je na m\u00edst\u011b jedinou ob\u010derstvovac\u00ed stanic\u00ed a v\u00a0jej\u00edm okol\u00ed mohou d\u011bti \u0161plhat po skal\u00e1ch a hr\u00e1t si.<\/p>\n<p>Prospekt s\u00a0pl\u00e1nkem turistick\u00e9 trasy\u00a0<a href=\"https:\/\/urlaub-in-waldkirchen.de\/wp-content\/uploads\/2016\/05\/saussbach_gs-1.pdf\" target=\"_blank\">si st\u00e1hn\u011bte zde &gt;&gt;<\/a><\/p>\n<p>V\u00a0p\u0159\u00edpad\u011b dal\u0161\u00edch dotaz\u016f kontaktujte na\u0161e\u00a0<a href=\"https:\/\/urlaub-in-waldkirchen.de\/cs\/informace\/turisticke-informacni-centrum\/\">Turistick\u00e9 informa\u010dn\u00ed centrum<\/a>.[\/vc_column_text][\/vc_column][\/vc_row][vc_row][vc_column][vc_masonry_media_grid element_width=&#8220;3&#8243; gap=&#8220;10&#8243; grid_id=&#8220;vc_gid:1473156525625-fd41d27e-9c84-4&#8243; include=&#8220;2273,2274,2276,2282&#8243;][\/vc_column][\/vc_row][vc_row][vc_column][vc_separator color=&#8220;custom&#8220; accent_color=&#8220;#95c11f&#8220;][vc_btn title=&#8220;zp\u011bt na p\u0159ehled&#8220; shape=&#8220;square&#8220; color=&#8220;green&#8220; size=&#8220;sm&#8220; align=&#8220;right&#8220; link=&#8220;url:http%3A%2F%2Furlaub-in-waldkirchen.de%2Fcs%2Fvolny-cas%2F|||&#8220;][\/vc_column][\/vc_row]<\/p>\n<\/div>","protected":false},"excerpt":{"rendered":"<p>[vc_row][vc_column][vc_empty_space height=&#8220;20px&#8220;][vc_column_text] P\u0159\u00edrodn\u00ed z\u00e1\u017eitek Sau\u00dfbachklamm \u2013 na b\u0159ehu zur\u010d\u00edc\u00edho potoka [\/vc_column_text][\/vc_column][\/vc_row][vc_row][vc_column][vc_column_text]Ji\u017en\u011b od Waldkirchenu le\u017e\u00ed jedna z\u00a0nejkr\u00e1sn\u011bj\u0161\u00edch p\u0159\u00edrodn\u00edch oblast\u00ed Bavorsk\u00e9ho lesa \u2013 divoce romantick\u00e1 sout\u011bska\u00a0 Sau\u00dfbachklamm. Dob\u0159e<span class=\"excerpt-hellip\"> [\u2026]<\/span><\/p>\n","protected":false},"author":2,"featured_media":0,"parent":0,"menu_order":0,"comment_status":"closed","ping_status":"closed","template":"","meta":{"footnotes":""},"class_list":["post-2883","page","type-page","status-publish","hentry"],"yoast_head":"<!-- This site is optimized with the Yoast SEO plugin v27.3 - https:\/\/yoast.com\/product\/yoast-seo-wordpress\/ -->\n<title>Sout\u011bska Sau\u00dfbachklamm - urlaub-in-waldkirchen.de<\/title>\n<meta name=\"description\" content=\"Ji\u017en\u011b od Waldkirchenu le\u017e\u00ed jedna z nejkr\u00e1sn\u011bj\u0161\u00edch p\u0159\u00edrodn\u00edch oblast\u00ed Bavorsk\u00e9ho lesa \u2013 divoce romantick\u00e1 sout\u011bska Sau\u00dfbachklamm.\" \/>\n<meta name=\"robots\" content=\"index, follow, max-snippet:-1, max-image-preview:large, max-video-preview:-1\" \/>\n<link rel=\"canonical\" href=\"https:\/\/urlaub-in-waldkirchen.de\/cs\/souteska-saussbachklamm\/\" \/>\n<meta property=\"og:locale\" content=\"cs_CZ\" \/>\n<meta property=\"og:type\" content=\"article\" \/>\n<meta property=\"og:title\" content=\"Sout\u011bska Sau\u00dfbachklamm - urlaub-in-waldkirchen.de\" \/>\n<meta property=\"og:description\" content=\"Ji\u017en\u011b od Waldkirchenu le\u017e\u00ed jedna z nejkr\u00e1sn\u011bj\u0161\u00edch p\u0159\u00edrodn\u00edch oblast\u00ed Bavorsk\u00e9ho lesa \u2013 divoce romantick\u00e1 sout\u011bska Sau\u00dfbachklamm.\" \/>\n<meta property=\"og:url\" content=\"https:\/\/urlaub-in-waldkirchen.de\/cs\/souteska-saussbachklamm\/\" \/>\n<meta property=\"og:site_name\" content=\"urlaub-in-waldkirchen.de\" \/>\n<meta property=\"article:modified_time\" content=\"2016-09-06T10:09:15+00:00\" \/>\n<meta name=\"twitter:card\" content=\"summary_large_image\" \/>\n<meta name=\"twitter:label1\" content=\"Odhadovan\u00e1 doba \u010dten\u00ed\" \/>\n\t<meta name=\"twitter:data1\" content=\"2 minuty\" \/>\n<script type=\"application\/ld+json\" class=\"yoast-schema-graph\">{\"@context\":\"https:\\\/\\\/schema.org\",\"@graph\":[{\"@type\":\"WebPage\",\"@id\":\"https:\\\/\\\/urlaub-in-waldkirchen.de\\\/cs\\\/souteska-saussbachklamm\\\/\",\"url\":\"https:\\\/\\\/urlaub-in-waldkirchen.de\\\/cs\\\/souteska-saussbachklamm\\\/\",\"name\":\"Sout\u011bska Sau\u00dfbachklamm - urlaub-in-waldkirchen.de\",\"isPartOf\":{\"@id\":\"https:\\\/\\\/urlaub-in-waldkirchen.de\\\/#website\"},\"datePublished\":\"2016-07-13T07:11:54+00:00\",\"dateModified\":\"2016-09-06T10:09:15+00:00\",\"description\":\"Ji\u017en\u011b od Waldkirchenu le\u017e\u00ed jedna z nejkr\u00e1sn\u011bj\u0161\u00edch p\u0159\u00edrodn\u00edch oblast\u00ed Bavorsk\u00e9ho lesa \u2013 divoce romantick\u00e1 sout\u011bska Sau\u00dfbachklamm.\",\"breadcrumb\":{\"@id\":\"https:\\\/\\\/urlaub-in-waldkirchen.de\\\/cs\\\/souteska-saussbachklamm\\\/#breadcrumb\"},\"inLanguage\":\"cs\",\"potentialAction\":[{\"@type\":\"ReadAction\",\"target\":[\"https:\\\/\\\/urlaub-in-waldkirchen.de\\\/cs\\\/souteska-saussbachklamm\\\/\"]}]},{\"@type\":\"BreadcrumbList\",\"@id\":\"https:\\\/\\\/urlaub-in-waldkirchen.de\\\/cs\\\/souteska-saussbachklamm\\\/#breadcrumb\",\"itemListElement\":[{\"@type\":\"ListItem\",\"position\":1,\"name\":\"Startseite\",\"item\":\"https:\\\/\\\/urlaub-in-waldkirchen.de\\\/cs\\\/\"},{\"@type\":\"ListItem\",\"position\":2,\"name\":\"Sout\u011bska Sau\u00dfbachklamm\"}]},{\"@type\":\"WebSite\",\"@id\":\"https:\\\/\\\/urlaub-in-waldkirchen.de\\\/#website\",\"url\":\"https:\\\/\\\/urlaub-in-waldkirchen.de\\\/\",\"name\":\"urlaub-in-waldkirchen.de\",\"description\":\"\",\"potentialAction\":[{\"@type\":\"SearchAction\",\"target\":{\"@type\":\"EntryPoint\",\"urlTemplate\":\"https:\\\/\\\/urlaub-in-waldkirchen.de\\\/?s={search_term_string}\"},\"query-input\":{\"@type\":\"PropertyValueSpecification\",\"valueRequired\":true,\"valueName\":\"search_term_string\"}}],\"inLanguage\":\"cs\"}]}<\/script>\n<!-- \/ Yoast SEO plugin. -->","yoast_head_json":{"title":"Sout\u011bska Sau\u00dfbachklamm - urlaub-in-waldkirchen.de","description":"Ji\u017en\u011b od Waldkirchenu le\u017e\u00ed jedna z nejkr\u00e1sn\u011bj\u0161\u00edch p\u0159\u00edrodn\u00edch oblast\u00ed Bavorsk\u00e9ho lesa \u2013 divoce romantick\u00e1 sout\u011bska Sau\u00dfbachklamm.","robots":{"index":"index","follow":"follow","max-snippet":"max-snippet:-1","max-image-preview":"max-image-preview:large","max-video-preview":"max-video-preview:-1"},"canonical":"https:\/\/urlaub-in-waldkirchen.de\/cs\/souteska-saussbachklamm\/","og_locale":"cs_CZ","og_type":"article","og_title":"Sout\u011bska Sau\u00dfbachklamm - urlaub-in-waldkirchen.de","og_description":"Ji\u017en\u011b od Waldkirchenu le\u017e\u00ed jedna z nejkr\u00e1sn\u011bj\u0161\u00edch p\u0159\u00edrodn\u00edch oblast\u00ed Bavorsk\u00e9ho lesa \u2013 divoce romantick\u00e1 sout\u011bska Sau\u00dfbachklamm.","og_url":"https:\/\/urlaub-in-waldkirchen.de\/cs\/souteska-saussbachklamm\/","og_site_name":"urlaub-in-waldkirchen.de","article_modified_time":"2016-09-06T10:09:15+00:00","twitter_card":"summary_large_image","twitter_misc":{"Odhadovan\u00e1 doba \u010dten\u00ed":"2 minuty"},"schema":{"@context":"https:\/\/schema.org","@graph":[{"@type":"WebPage","@id":"https:\/\/urlaub-in-waldkirchen.de\/cs\/souteska-saussbachklamm\/","url":"https:\/\/urlaub-in-waldkirchen.de\/cs\/souteska-saussbachklamm\/","name":"Sout\u011bska Sau\u00dfbachklamm - urlaub-in-waldkirchen.de","isPartOf":{"@id":"https:\/\/urlaub-in-waldkirchen.de\/#website"},"datePublished":"2016-07-13T07:11:54+00:00","dateModified":"2016-09-06T10:09:15+00:00","description":"Ji\u017en\u011b od Waldkirchenu le\u017e\u00ed jedna z nejkr\u00e1sn\u011bj\u0161\u00edch p\u0159\u00edrodn\u00edch oblast\u00ed Bavorsk\u00e9ho lesa \u2013 divoce romantick\u00e1 sout\u011bska Sau\u00dfbachklamm.","breadcrumb":{"@id":"https:\/\/urlaub-in-waldkirchen.de\/cs\/souteska-saussbachklamm\/#breadcrumb"},"inLanguage":"cs","potentialAction":[{"@type":"ReadAction","target":["https:\/\/urlaub-in-waldkirchen.de\/cs\/souteska-saussbachklamm\/"]}]},{"@type":"BreadcrumbList","@id":"https:\/\/urlaub-in-waldkirchen.de\/cs\/souteska-saussbachklamm\/#breadcrumb","itemListElement":[{"@type":"ListItem","position":1,"name":"Startseite","item":"https:\/\/urlaub-in-waldkirchen.de\/cs\/"},{"@type":"ListItem","position":2,"name":"Sout\u011bska Sau\u00dfbachklamm"}]},{"@type":"WebSite","@id":"https:\/\/urlaub-in-waldkirchen.de\/#website","url":"https:\/\/urlaub-in-waldkirchen.de\/","name":"urlaub-in-waldkirchen.de","description":"","potentialAction":[{"@type":"SearchAction","target":{"@type":"EntryPoint","urlTemplate":"https:\/\/urlaub-in-waldkirchen.de\/?s={search_term_string}"},"query-input":{"@type":"PropertyValueSpecification","valueRequired":true,"valueName":"search_term_string"}}],"inLanguage":"cs"}]}},"_links":{"self":[{"href":"https:\/\/urlaub-in-waldkirchen.de\/cs\/wp-json\/wp\/v2\/pages\/2883","targetHints":{"allow":["GET"]}}],"collection":[{"href":"https:\/\/urlaub-in-waldkirchen.de\/cs\/wp-json\/wp\/v2\/pages"}],"about":[{"href":"https:\/\/urlaub-in-waldkirchen.de\/cs\/wp-json\/wp\/v2\/types\/page"}],"author":[{"embeddable":true,"href":"https:\/\/urlaub-in-waldkirchen.de\/cs\/wp-json\/wp\/v2\/users\/2"}],"replies":[{"embeddable":true,"href":"https:\/\/urlaub-in-waldkirchen.de\/cs\/wp-json\/wp\/v2\/comments?post=2883"}],"version-history":[{"count":0,"href":"https:\/\/urlaub-in-waldkirchen.de\/cs\/wp-json\/wp\/v2\/pages\/2883\/revisions"}],"wp:attachment":[{"href":"https:\/\/urlaub-in-waldkirchen.de\/cs\/wp-json\/wp\/v2\/media?parent=2883"}],"curies":[{"name":"wp","href":"https:\/\/api.w.org\/{rel}","templated":true}]}}