{"id":2893,"date":"2016-05-10T10:40:12","date_gmt":"2016-05-10T08:40:12","guid":{"rendered":"https:\/\/urlaub-in-waldkirchen.de\/cs\/volny-cas\/sommerrodelbahn-grafenau\/"},"modified":"2016-08-02T14:03:25","modified_gmt":"2016-08-02T12:03:25","slug":"letni-bobova-draha-grafenau","status":"publish","type":"page","link":"https:\/\/urlaub-in-waldkirchen.de\/cs\/volny-cas\/letni-bobova-draha-grafenau\/","title":{"rendered":"Letn\u00ed bobov\u00e1 dr\u00e1ha Grafenau"},"content":{"rendered":"<div class=\"wpb-content-wrapper\"><p>[vc_row][vc_column][vc_empty_space height=&#8220;20px&#8220;][vc_column_text]<\/p>\n<h1>Letn\u00ed bobov\u00e1 dr\u00e1ha Grafenau\u00a0&#8211; to\u010dit\u00e9 monstrum v Bavorsk\u00e9m lese<\/h1>\n<p>[\/vc_column_text][\/vc_column][\/vc_row][vc_row][vc_column][vc_column_text]V\u00a0t\u011bsn\u00e9m sousedstv\u00ed\u00a0<a href=\"https:\/\/urlaub-in-waldkirchen.de\/cs\/volny-cas\/narodni-park-bavorsky-les\/\">N\u00e1rodn\u00edho parku Bavorsk\u00fd les<\/a>, jen n\u011bkolik kilometr\u016f od nejdel\u0161\u00ed <a href=\"https:\/\/urlaub-in-waldkirchen.de\/cs\/volny-cas\/stezka-v-korunach-stromu\/\">Stezky v\u00a0korun\u00e1ch strom\u016f<\/a>\u00a0na sv\u011bt\u011b, v\u00e1s o\u010dek\u00e1v\u00e1 letn\u00ed bobov\u00e1 dr\u00e1ha. Toto to\u010dit\u00e9 monstrum tvo\u0159\u00ed 4 senza\u010dn\u00ed okruhy s\u00a0v\u00fd\u0161kov\u00fdm rozd\u00edlem 100 m.<\/p>\n<p>Po zat\u00e1\u010dce za n\u00e1stupn\u00ed stanic\u00ed to jde rovnou z\u00a0kopce do dvojit\u00e9ho skoku a do ostr\u00e9 zat\u00e1\u010dky. Po klidn\u011bj\u0161\u00edm lesn\u00edm \u00faseku za\u010d\u00edn\u00e1 ta prav\u00e1 legrace na bobech ve\u00a0\u010dty\u0159ech nov\u00fdch, bombastick\u00fdch okruz\u00edch s\u00a0maxim\u00e1ln\u00ed rychlost\u00ed do\u00a0 40 km\/h.<\/p>\n<p>Z\u00e1bava pro velk\u00e9 i mal\u00e9!<\/p>\n<p>Dal\u0161\u00ed informace naleznete zde\u00a0<a href=\"http:\/\/www.sommerrodelbahn-grafenau.de\/\" target=\"_blank\">www.sommerrodelbahn-grafenau.de<\/a>[\/vc_column_text][\/vc_column][\/vc_row][vc_row][vc_column][vc_masonry_media_grid element_width=&#8220;3&#8243; grid_id=&#8220;vc_gid:1470139266809-5a715492-54a4-5&#8243; include=&#8220;1377,1376,1375,1374&#8243;][\/vc_column][\/vc_row][vc_row][vc_column][vc_separator color=&#8220;custom&#8220; accent_color=&#8220;#95c11f&#8220;][vc_btn title=&#8220;zp\u011bt na p\u0159ehled&#8220; shape=&#8220;square&#8220; color=&#8220;green&#8220; size=&#8220;sm&#8220; align=&#8220;right&#8220; link=&#8220;url:http%3A%2F%2Furlaub-in-waldkirchen.de%2Fcs%2Fvolny-cas%2F|||&#8220;][\/vc_column][\/vc_row]<\/p>\n<\/div>","protected":false},"excerpt":{"rendered":"<p>[vc_row][vc_column][vc_empty_space height=&#8220;20px&#8220;][vc_column_text] Letn\u00ed bobov\u00e1 dr\u00e1ha Grafenau\u00a0&#8211; to\u010dit\u00e9 monstrum v Bavorsk\u00e9m lese [\/vc_column_text][\/vc_column][\/vc_row][vc_row][vc_column][vc_column_text]V\u00a0t\u011bsn\u00e9m sousedstv\u00ed\u00a0N\u00e1rodn\u00edho parku Bavorsk\u00fd les, jen n\u011bkolik kilometr\u016f od nejdel\u0161\u00ed Stezky v\u00a0korun\u00e1ch strom\u016f\u00a0na sv\u011bt\u011b, v\u00e1s<span class=\"excerpt-hellip\"> [\u2026]<\/span><\/p>\n","protected":false},"author":2,"featured_media":0,"parent":2703,"menu_order":0,"comment_status":"closed","ping_status":"closed","template":"","meta":{"footnotes":""},"class_list":["post-2893","page","type-page","status-publish","hentry"],"yoast_head":"<!-- This site is optimized with the Yoast SEO plugin v27.3 - https:\/\/yoast.com\/product\/yoast-seo-wordpress\/ -->\n<title>Letn\u00ed bobov\u00e1 dr\u00e1ha Grafenau - urlaub-in-waldkirchen.de<\/title>\n<meta name=\"description\" content=\"V t\u011bsn\u00e9m sousedstv\u00ed N\u00e1rodn\u00edho parku Bavorsk\u00fd les, jen n\u011bkolik kilometr\u016f od nejdel\u0161\u00ed Stezky v korun\u00e1ch strom\u016f na sv\u011bt\u011b, v\u00e1s o\u010dek\u00e1v\u00e1 letn\u00ed bobov\u00e1 dr\u00e1ha. Toto to\u010dit\u00e9 monstrum tvo\u0159\u00ed 4 senza\u010dn\u00ed okruhy s v\u00fd\u0161kov\u00fdm rozd\u00edlem 100 m.\" \/>\n<meta name=\"robots\" content=\"index, follow, max-snippet:-1, max-image-preview:large, max-video-preview:-1\" \/>\n<link rel=\"canonical\" href=\"https:\/\/urlaub-in-waldkirchen.de\/cs\/volny-cas\/letni-bobova-draha-grafenau\/\" \/>\n<meta property=\"og:locale\" content=\"cs_CZ\" \/>\n<meta property=\"og:type\" content=\"article\" \/>\n<meta property=\"og:title\" content=\"Letn\u00ed bobov\u00e1 dr\u00e1ha Grafenau - urlaub-in-waldkirchen.de\" \/>\n<meta property=\"og:description\" content=\"V t\u011bsn\u00e9m sousedstv\u00ed N\u00e1rodn\u00edho parku Bavorsk\u00fd les, jen n\u011bkolik kilometr\u016f od nejdel\u0161\u00ed Stezky v korun\u00e1ch strom\u016f na sv\u011bt\u011b, v\u00e1s o\u010dek\u00e1v\u00e1 letn\u00ed bobov\u00e1 dr\u00e1ha. Toto to\u010dit\u00e9 monstrum tvo\u0159\u00ed 4 senza\u010dn\u00ed okruhy s v\u00fd\u0161kov\u00fdm rozd\u00edlem 100 m.\" \/>\n<meta property=\"og:url\" content=\"https:\/\/urlaub-in-waldkirchen.de\/cs\/volny-cas\/letni-bobova-draha-grafenau\/\" \/>\n<meta property=\"og:site_name\" content=\"urlaub-in-waldkirchen.de\" \/>\n<meta property=\"article:modified_time\" content=\"2016-08-02T12:03:25+00:00\" \/>\n<meta name=\"twitter:card\" content=\"summary_large_image\" \/>\n<meta name=\"twitter:label1\" content=\"Odhadovan\u00e1 doba \u010dten\u00ed\" \/>\n\t<meta name=\"twitter:data1\" content=\"1 minuta\" \/>\n<script type=\"application\/ld+json\" class=\"yoast-schema-graph\">{\"@context\":\"https:\\\/\\\/schema.org\",\"@graph\":[{\"@type\":\"WebPage\",\"@id\":\"https:\\\/\\\/urlaub-in-waldkirchen.de\\\/cs\\\/volny-cas\\\/letni-bobova-draha-grafenau\\\/\",\"url\":\"https:\\\/\\\/urlaub-in-waldkirchen.de\\\/cs\\\/volny-cas\\\/letni-bobova-draha-grafenau\\\/\",\"name\":\"Letn\u00ed bobov\u00e1 dr\u00e1ha Grafenau - urlaub-in-waldkirchen.de\",\"isPartOf\":{\"@id\":\"https:\\\/\\\/urlaub-in-waldkirchen.de\\\/#website\"},\"datePublished\":\"2016-05-10T08:40:12+00:00\",\"dateModified\":\"2016-08-02T12:03:25+00:00\",\"description\":\"V t\u011bsn\u00e9m sousedstv\u00ed N\u00e1rodn\u00edho parku Bavorsk\u00fd les, jen n\u011bkolik kilometr\u016f od nejdel\u0161\u00ed Stezky v korun\u00e1ch strom\u016f na sv\u011bt\u011b, v\u00e1s o\u010dek\u00e1v\u00e1 letn\u00ed bobov\u00e1 dr\u00e1ha. Toto to\u010dit\u00e9 monstrum tvo\u0159\u00ed 4 senza\u010dn\u00ed okruhy s v\u00fd\u0161kov\u00fdm rozd\u00edlem 100 m.\",\"breadcrumb\":{\"@id\":\"https:\\\/\\\/urlaub-in-waldkirchen.de\\\/cs\\\/volny-cas\\\/letni-bobova-draha-grafenau\\\/#breadcrumb\"},\"inLanguage\":\"cs\",\"potentialAction\":[{\"@type\":\"ReadAction\",\"target\":[\"https:\\\/\\\/urlaub-in-waldkirchen.de\\\/cs\\\/volny-cas\\\/letni-bobova-draha-grafenau\\\/\"]}]},{\"@type\":\"BreadcrumbList\",\"@id\":\"https:\\\/\\\/urlaub-in-waldkirchen.de\\\/cs\\\/volny-cas\\\/letni-bobova-draha-grafenau\\\/#breadcrumb\",\"itemListElement\":[{\"@type\":\"ListItem\",\"position\":1,\"name\":\"Startseite\",\"item\":\"https:\\\/\\\/urlaub-in-waldkirchen.de\\\/cs\\\/\"},{\"@type\":\"ListItem\",\"position\":2,\"name\":\"Voln\u00fd \u010das\",\"item\":\"https:\\\/\\\/urlaub-in-waldkirchen.de\\\/cs\\\/volny-cas\\\/\"},{\"@type\":\"ListItem\",\"position\":3,\"name\":\"Letn\u00ed bobov\u00e1 dr\u00e1ha Grafenau\"}]},{\"@type\":\"WebSite\",\"@id\":\"https:\\\/\\\/urlaub-in-waldkirchen.de\\\/#website\",\"url\":\"https:\\\/\\\/urlaub-in-waldkirchen.de\\\/\",\"name\":\"urlaub-in-waldkirchen.de\",\"description\":\"\",\"potentialAction\":[{\"@type\":\"SearchAction\",\"target\":{\"@type\":\"EntryPoint\",\"urlTemplate\":\"https:\\\/\\\/urlaub-in-waldkirchen.de\\\/?s={search_term_string}\"},\"query-input\":{\"@type\":\"PropertyValueSpecification\",\"valueRequired\":true,\"valueName\":\"search_term_string\"}}],\"inLanguage\":\"cs\"}]}<\/script>\n<!-- \/ Yoast SEO plugin. -->","yoast_head_json":{"title":"Letn\u00ed bobov\u00e1 dr\u00e1ha Grafenau - urlaub-in-waldkirchen.de","description":"V t\u011bsn\u00e9m sousedstv\u00ed N\u00e1rodn\u00edho parku Bavorsk\u00fd les, jen n\u011bkolik kilometr\u016f od nejdel\u0161\u00ed Stezky v korun\u00e1ch strom\u016f na sv\u011bt\u011b, v\u00e1s o\u010dek\u00e1v\u00e1 letn\u00ed bobov\u00e1 dr\u00e1ha. Toto to\u010dit\u00e9 monstrum tvo\u0159\u00ed 4 senza\u010dn\u00ed okruhy s v\u00fd\u0161kov\u00fdm rozd\u00edlem 100 m.","robots":{"index":"index","follow":"follow","max-snippet":"max-snippet:-1","max-image-preview":"max-image-preview:large","max-video-preview":"max-video-preview:-1"},"canonical":"https:\/\/urlaub-in-waldkirchen.de\/cs\/volny-cas\/letni-bobova-draha-grafenau\/","og_locale":"cs_CZ","og_type":"article","og_title":"Letn\u00ed bobov\u00e1 dr\u00e1ha Grafenau - urlaub-in-waldkirchen.de","og_description":"V t\u011bsn\u00e9m sousedstv\u00ed N\u00e1rodn\u00edho parku Bavorsk\u00fd les, jen n\u011bkolik kilometr\u016f od nejdel\u0161\u00ed Stezky v korun\u00e1ch strom\u016f na sv\u011bt\u011b, v\u00e1s o\u010dek\u00e1v\u00e1 letn\u00ed bobov\u00e1 dr\u00e1ha. Toto to\u010dit\u00e9 monstrum tvo\u0159\u00ed 4 senza\u010dn\u00ed okruhy s v\u00fd\u0161kov\u00fdm rozd\u00edlem 100 m.","og_url":"https:\/\/urlaub-in-waldkirchen.de\/cs\/volny-cas\/letni-bobova-draha-grafenau\/","og_site_name":"urlaub-in-waldkirchen.de","article_modified_time":"2016-08-02T12:03:25+00:00","twitter_card":"summary_large_image","twitter_misc":{"Odhadovan\u00e1 doba \u010dten\u00ed":"1 minuta"},"schema":{"@context":"https:\/\/schema.org","@graph":[{"@type":"WebPage","@id":"https:\/\/urlaub-in-waldkirchen.de\/cs\/volny-cas\/letni-bobova-draha-grafenau\/","url":"https:\/\/urlaub-in-waldkirchen.de\/cs\/volny-cas\/letni-bobova-draha-grafenau\/","name":"Letn\u00ed bobov\u00e1 dr\u00e1ha Grafenau - urlaub-in-waldkirchen.de","isPartOf":{"@id":"https:\/\/urlaub-in-waldkirchen.de\/#website"},"datePublished":"2016-05-10T08:40:12+00:00","dateModified":"2016-08-02T12:03:25+00:00","description":"V t\u011bsn\u00e9m sousedstv\u00ed N\u00e1rodn\u00edho parku Bavorsk\u00fd les, jen n\u011bkolik kilometr\u016f od nejdel\u0161\u00ed Stezky v korun\u00e1ch strom\u016f na sv\u011bt\u011b, v\u00e1s o\u010dek\u00e1v\u00e1 letn\u00ed bobov\u00e1 dr\u00e1ha. Toto to\u010dit\u00e9 monstrum tvo\u0159\u00ed 4 senza\u010dn\u00ed okruhy s v\u00fd\u0161kov\u00fdm rozd\u00edlem 100 m.","breadcrumb":{"@id":"https:\/\/urlaub-in-waldkirchen.de\/cs\/volny-cas\/letni-bobova-draha-grafenau\/#breadcrumb"},"inLanguage":"cs","potentialAction":[{"@type":"ReadAction","target":["https:\/\/urlaub-in-waldkirchen.de\/cs\/volny-cas\/letni-bobova-draha-grafenau\/"]}]},{"@type":"BreadcrumbList","@id":"https:\/\/urlaub-in-waldkirchen.de\/cs\/volny-cas\/letni-bobova-draha-grafenau\/#breadcrumb","itemListElement":[{"@type":"ListItem","position":1,"name":"Startseite","item":"https:\/\/urlaub-in-waldkirchen.de\/cs\/"},{"@type":"ListItem","position":2,"name":"Voln\u00fd \u010das","item":"https:\/\/urlaub-in-waldkirchen.de\/cs\/volny-cas\/"},{"@type":"ListItem","position":3,"name":"Letn\u00ed bobov\u00e1 dr\u00e1ha Grafenau"}]},{"@type":"WebSite","@id":"https:\/\/urlaub-in-waldkirchen.de\/#website","url":"https:\/\/urlaub-in-waldkirchen.de\/","name":"urlaub-in-waldkirchen.de","description":"","potentialAction":[{"@type":"SearchAction","target":{"@type":"EntryPoint","urlTemplate":"https:\/\/urlaub-in-waldkirchen.de\/?s={search_term_string}"},"query-input":{"@type":"PropertyValueSpecification","valueRequired":true,"valueName":"search_term_string"}}],"inLanguage":"cs"}]}},"_links":{"self":[{"href":"https:\/\/urlaub-in-waldkirchen.de\/cs\/wp-json\/wp\/v2\/pages\/2893","targetHints":{"allow":["GET"]}}],"collection":[{"href":"https:\/\/urlaub-in-waldkirchen.de\/cs\/wp-json\/wp\/v2\/pages"}],"about":[{"href":"https:\/\/urlaub-in-waldkirchen.de\/cs\/wp-json\/wp\/v2\/types\/page"}],"author":[{"embeddable":true,"href":"https:\/\/urlaub-in-waldkirchen.de\/cs\/wp-json\/wp\/v2\/users\/2"}],"replies":[{"embeddable":true,"href":"https:\/\/urlaub-in-waldkirchen.de\/cs\/wp-json\/wp\/v2\/comments?post=2893"}],"version-history":[{"count":0,"href":"https:\/\/urlaub-in-waldkirchen.de\/cs\/wp-json\/wp\/v2\/pages\/2893\/revisions"}],"up":[{"embeddable":true,"href":"https:\/\/urlaub-in-waldkirchen.de\/cs\/wp-json\/wp\/v2\/pages\/2703"}],"wp:attachment":[{"href":"https:\/\/urlaub-in-waldkirchen.de\/cs\/wp-json\/wp\/v2\/media?parent=2893"}],"curies":[{"name":"wp","href":"https:\/\/api.w.org\/{rel}","templated":true}]}}