{"id":2904,"date":"2016-04-26T16:10:28","date_gmt":"2016-04-26T14:10:28","guid":{"rendered":"https:\/\/urlaub-in-waldkirchen.de\/cs\/volny-cas\/zauberwald\/"},"modified":"2016-10-24T11:43:57","modified_gmt":"2016-10-24T09:43:57","slug":"kouzelny-les","status":"publish","type":"page","link":"https:\/\/urlaub-in-waldkirchen.de\/cs\/volny-cas\/kouzelny-les\/","title":{"rendered":"Kouzeln\u00fd les"},"content":{"rendered":"<div class=\"wpb-content-wrapper\"><p>[vc_row][vc_column][vc_empty_space height=&#8220;20px&#8220;][vc_column_text]<\/p>\n<h1>Kouzeln\u00fd les u Aquaparku Karoli \u2013 z\u00e1bava pro mal\u00e9 i velk\u00e9<\/h1>\n<p>[\/vc_column_text][\/vc_column][\/vc_row][vc_row][vc_column][vc_column_text]Les mezi\u00a0<a href=\"https:\/\/urlaub-in-waldkirchen.de\/cs\/gastro\/hotel-karoli\/\">Hotelem Karoli<\/a>\u00a0a\u00a0<a href=\"https:\/\/urlaub-in-waldkirchen.de\/cs\/aquapark\/\">Aquaparkem<\/a>\u00a0byl v\u017edycky idylick\u00fdm m\u00edstem, kter\u00e9 vyb\u00edz\u00ed k\u00a0proch\u00e1zk\u00e1m. D\u00edky Zahradnick\u00e9 v\u00fdstav\u011b v\u00a0roce 2007 se prom\u011bnil v\u00a0mystick\u00e9 dobrodru\u017en\u00e9 h\u0159i\u0161t\u011b. Lesem proch\u00e1zej\u00ed dv\u011b cesty.<\/p>\n<p>Horn\u00ed z nich je dob\u0159e sch\u016fdn\u00e1 lesn\u00ed cesta, lemovan\u00e1 divok\u00fdmi lesn\u00edmi bytostmi ze d\u0159eva a kamene, kameny s\u00a0otvory pro vn\u00edm\u00e1n\u00ed smysl\u016f, dotykov\u00fdmi chodn\u00edky, lod\u011bmi z\u00a0mrak\u016f a z\u00e1blesky sv\u011btla. U \u201ehorn\u00edho sv\u011btla\u201c se horn\u00ed cesta znovu setk\u00e1v\u00e1 s\u00a0druhou trasou, tzv. \u201eDra\u010d\u00ed stezkou\u201c. Mal\u00ed i velc\u00ed n\u00e1v\u0161t\u011bvn\u00edci, kte\u0159\u00ed jsou pohybov\u011b zdatn\u00ed, mohou do z\u00e1zra\u010dn\u00e9ho sv\u011bta d\u0159eva a kamen\u016f vstoupit p\u0159es \u201eVzn\u00e1\u0161ej\u00edc\u00ed se prostor\u201c.<\/p>\n<p>Chodba sv\u011btel a st\u00edn\u016f vede kolem doup\u011bte \u010derva k\u00a0dra\u010d\u00edmu hn\u00edzdu. Nejen tady je t\u0159eba\u00a0 m\u00edt o\u010di otev\u0159en\u00e9, aby \u010dlov\u011bk objevil v\u0161echny ty skryt\u00e9 draky a jim podobn\u00e9 tvory. Naleznete tu \u201elesn\u00ed podhoub\u00ed\u201c, stejn\u011b tak jako kamenn\u00fd gong nebo m\u00edsto fotosynt\u00e9zy. Bez spole\u010dn\u00e9ho hran\u00ed, muzic\u00edrov\u00e1n\u00ed a pozorovan\u00ed se tady neobejdete.<\/p>\n<p>Dal\u0161\u00ed informace naleznete zde\u00a0<a href=\"https:\/\/urlaub-in-waldkirchen.de\/cs\/informace\/turisticke-informacni-centrum\/\">Turistick\u00e9 informa\u010dn\u00ed centrum Waldkirchen<\/a>.[\/vc_column_text][\/vc_column][\/vc_row][vc_row][vc_column][vc_masonry_media_grid element_width=&#8220;3&#8243; grid_id=&#8220;vc_gid:1477302227998-5948156c-6f0a-4&#8243; include=&#8220;1418,1417,1416,4027&#8243;][\/vc_column][\/vc_row][vc_row][vc_column][vc_separator color=&#8220;custom&#8220; accent_color=&#8220;#95c11f&#8220;][vc_btn title=&#8220;zp\u011bt na p\u0159ehled&#8220; shape=&#8220;square&#8220; color=&#8220;green&#8220; size=&#8220;sm&#8220; align=&#8220;right&#8220; link=&#8220;url:http%3A%2F%2Furlaub-in-waldkirchen.de%2Fcs%2Fvolny-cas%2F|||&#8220;][\/vc_column][\/vc_row]<\/p>\n<\/div>","protected":false},"excerpt":{"rendered":"<p>[vc_row][vc_column][vc_empty_space height=&#8220;20px&#8220;][vc_column_text] Kouzeln\u00fd les u Aquaparku Karoli \u2013 z\u00e1bava pro mal\u00e9 i velk\u00e9 [\/vc_column_text][\/vc_column][\/vc_row][vc_row][vc_column][vc_column_text]Les mezi\u00a0Hotelem Karoli\u00a0a\u00a0Aquaparkem\u00a0byl v\u017edycky idylick\u00fdm m\u00edstem, kter\u00e9 vyb\u00edz\u00ed k\u00a0proch\u00e1zk\u00e1m. D\u00edky Zahradnick\u00e9 v\u00fdstav\u011b v\u00a0roce<span class=\"excerpt-hellip\"> [\u2026]<\/span><\/p>\n","protected":false},"author":2,"featured_media":0,"parent":2703,"menu_order":0,"comment_status":"closed","ping_status":"closed","template":"","meta":{"footnotes":""},"class_list":["post-2904","page","type-page","status-publish","hentry"],"yoast_head":"<!-- This site is optimized with the Yoast SEO plugin v27.3 - https:\/\/yoast.com\/product\/yoast-seo-wordpress\/ -->\n<title>Kouzeln\u00fd les - urlaub-in-waldkirchen.de<\/title>\n<meta name=\"description\" content=\"Les mezi Hotelem Karoli a Aquaparkem byl v\u017edycky idylick\u00fdm m\u00edstem, kter\u00e9 vyb\u00edz\u00ed k proch\u00e1zk\u00e1m. D\u00edky Zahradnick\u00e9 v\u00fdstav\u011b v roce 2007 se prom\u011bnil v mystick\u00e9 dobrodru\u017en\u00e9 h\u0159i\u0161t\u011b.\" \/>\n<meta name=\"robots\" content=\"index, follow, max-snippet:-1, max-image-preview:large, max-video-preview:-1\" \/>\n<link rel=\"canonical\" href=\"https:\/\/urlaub-in-waldkirchen.de\/cs\/volny-cas\/kouzelny-les\/\" \/>\n<meta property=\"og:locale\" content=\"cs_CZ\" \/>\n<meta property=\"og:type\" content=\"article\" \/>\n<meta property=\"og:title\" content=\"Kouzeln\u00fd les - urlaub-in-waldkirchen.de\" \/>\n<meta property=\"og:description\" content=\"Les mezi Hotelem Karoli a Aquaparkem byl v\u017edycky idylick\u00fdm m\u00edstem, kter\u00e9 vyb\u00edz\u00ed k proch\u00e1zk\u00e1m. D\u00edky Zahradnick\u00e9 v\u00fdstav\u011b v roce 2007 se prom\u011bnil v mystick\u00e9 dobrodru\u017en\u00e9 h\u0159i\u0161t\u011b.\" \/>\n<meta property=\"og:url\" content=\"https:\/\/urlaub-in-waldkirchen.de\/cs\/volny-cas\/kouzelny-les\/\" \/>\n<meta property=\"og:site_name\" content=\"urlaub-in-waldkirchen.de\" \/>\n<meta property=\"article:modified_time\" content=\"2016-10-24T09:43:57+00:00\" \/>\n<meta name=\"twitter:card\" content=\"summary_large_image\" \/>\n<meta name=\"twitter:label1\" content=\"Odhadovan\u00e1 doba \u010dten\u00ed\" \/>\n\t<meta name=\"twitter:data1\" content=\"2 minuty\" \/>\n<script type=\"application\/ld+json\" class=\"yoast-schema-graph\">{\"@context\":\"https:\\\/\\\/schema.org\",\"@graph\":[{\"@type\":\"WebPage\",\"@id\":\"https:\\\/\\\/urlaub-in-waldkirchen.de\\\/cs\\\/volny-cas\\\/kouzelny-les\\\/\",\"url\":\"https:\\\/\\\/urlaub-in-waldkirchen.de\\\/cs\\\/volny-cas\\\/kouzelny-les\\\/\",\"name\":\"Kouzeln\u00fd les - urlaub-in-waldkirchen.de\",\"isPartOf\":{\"@id\":\"https:\\\/\\\/urlaub-in-waldkirchen.de\\\/#website\"},\"datePublished\":\"2016-04-26T14:10:28+00:00\",\"dateModified\":\"2016-10-24T09:43:57+00:00\",\"description\":\"Les mezi Hotelem Karoli a Aquaparkem byl v\u017edycky idylick\u00fdm m\u00edstem, kter\u00e9 vyb\u00edz\u00ed k proch\u00e1zk\u00e1m. D\u00edky Zahradnick\u00e9 v\u00fdstav\u011b v roce 2007 se prom\u011bnil v mystick\u00e9 dobrodru\u017en\u00e9 h\u0159i\u0161t\u011b.\",\"breadcrumb\":{\"@id\":\"https:\\\/\\\/urlaub-in-waldkirchen.de\\\/cs\\\/volny-cas\\\/kouzelny-les\\\/#breadcrumb\"},\"inLanguage\":\"cs\",\"potentialAction\":[{\"@type\":\"ReadAction\",\"target\":[\"https:\\\/\\\/urlaub-in-waldkirchen.de\\\/cs\\\/volny-cas\\\/kouzelny-les\\\/\"]}]},{\"@type\":\"BreadcrumbList\",\"@id\":\"https:\\\/\\\/urlaub-in-waldkirchen.de\\\/cs\\\/volny-cas\\\/kouzelny-les\\\/#breadcrumb\",\"itemListElement\":[{\"@type\":\"ListItem\",\"position\":1,\"name\":\"Startseite\",\"item\":\"https:\\\/\\\/urlaub-in-waldkirchen.de\\\/cs\\\/\"},{\"@type\":\"ListItem\",\"position\":2,\"name\":\"Voln\u00fd \u010das\",\"item\":\"https:\\\/\\\/urlaub-in-waldkirchen.de\\\/cs\\\/volny-cas\\\/\"},{\"@type\":\"ListItem\",\"position\":3,\"name\":\"Kouzeln\u00fd les\"}]},{\"@type\":\"WebSite\",\"@id\":\"https:\\\/\\\/urlaub-in-waldkirchen.de\\\/#website\",\"url\":\"https:\\\/\\\/urlaub-in-waldkirchen.de\\\/\",\"name\":\"urlaub-in-waldkirchen.de\",\"description\":\"\",\"potentialAction\":[{\"@type\":\"SearchAction\",\"target\":{\"@type\":\"EntryPoint\",\"urlTemplate\":\"https:\\\/\\\/urlaub-in-waldkirchen.de\\\/?s={search_term_string}\"},\"query-input\":{\"@type\":\"PropertyValueSpecification\",\"valueRequired\":true,\"valueName\":\"search_term_string\"}}],\"inLanguage\":\"cs\"}]}<\/script>\n<!-- \/ Yoast SEO plugin. -->","yoast_head_json":{"title":"Kouzeln\u00fd les - urlaub-in-waldkirchen.de","description":"Les mezi Hotelem Karoli a Aquaparkem byl v\u017edycky idylick\u00fdm m\u00edstem, kter\u00e9 vyb\u00edz\u00ed k proch\u00e1zk\u00e1m. D\u00edky Zahradnick\u00e9 v\u00fdstav\u011b v roce 2007 se prom\u011bnil v mystick\u00e9 dobrodru\u017en\u00e9 h\u0159i\u0161t\u011b.","robots":{"index":"index","follow":"follow","max-snippet":"max-snippet:-1","max-image-preview":"max-image-preview:large","max-video-preview":"max-video-preview:-1"},"canonical":"https:\/\/urlaub-in-waldkirchen.de\/cs\/volny-cas\/kouzelny-les\/","og_locale":"cs_CZ","og_type":"article","og_title":"Kouzeln\u00fd les - urlaub-in-waldkirchen.de","og_description":"Les mezi Hotelem Karoli a Aquaparkem byl v\u017edycky idylick\u00fdm m\u00edstem, kter\u00e9 vyb\u00edz\u00ed k proch\u00e1zk\u00e1m. D\u00edky Zahradnick\u00e9 v\u00fdstav\u011b v roce 2007 se prom\u011bnil v mystick\u00e9 dobrodru\u017en\u00e9 h\u0159i\u0161t\u011b.","og_url":"https:\/\/urlaub-in-waldkirchen.de\/cs\/volny-cas\/kouzelny-les\/","og_site_name":"urlaub-in-waldkirchen.de","article_modified_time":"2016-10-24T09:43:57+00:00","twitter_card":"summary_large_image","twitter_misc":{"Odhadovan\u00e1 doba \u010dten\u00ed":"2 minuty"},"schema":{"@context":"https:\/\/schema.org","@graph":[{"@type":"WebPage","@id":"https:\/\/urlaub-in-waldkirchen.de\/cs\/volny-cas\/kouzelny-les\/","url":"https:\/\/urlaub-in-waldkirchen.de\/cs\/volny-cas\/kouzelny-les\/","name":"Kouzeln\u00fd les - urlaub-in-waldkirchen.de","isPartOf":{"@id":"https:\/\/urlaub-in-waldkirchen.de\/#website"},"datePublished":"2016-04-26T14:10:28+00:00","dateModified":"2016-10-24T09:43:57+00:00","description":"Les mezi Hotelem Karoli a Aquaparkem byl v\u017edycky idylick\u00fdm m\u00edstem, kter\u00e9 vyb\u00edz\u00ed k proch\u00e1zk\u00e1m. D\u00edky Zahradnick\u00e9 v\u00fdstav\u011b v roce 2007 se prom\u011bnil v mystick\u00e9 dobrodru\u017en\u00e9 h\u0159i\u0161t\u011b.","breadcrumb":{"@id":"https:\/\/urlaub-in-waldkirchen.de\/cs\/volny-cas\/kouzelny-les\/#breadcrumb"},"inLanguage":"cs","potentialAction":[{"@type":"ReadAction","target":["https:\/\/urlaub-in-waldkirchen.de\/cs\/volny-cas\/kouzelny-les\/"]}]},{"@type":"BreadcrumbList","@id":"https:\/\/urlaub-in-waldkirchen.de\/cs\/volny-cas\/kouzelny-les\/#breadcrumb","itemListElement":[{"@type":"ListItem","position":1,"name":"Startseite","item":"https:\/\/urlaub-in-waldkirchen.de\/cs\/"},{"@type":"ListItem","position":2,"name":"Voln\u00fd \u010das","item":"https:\/\/urlaub-in-waldkirchen.de\/cs\/volny-cas\/"},{"@type":"ListItem","position":3,"name":"Kouzeln\u00fd les"}]},{"@type":"WebSite","@id":"https:\/\/urlaub-in-waldkirchen.de\/#website","url":"https:\/\/urlaub-in-waldkirchen.de\/","name":"urlaub-in-waldkirchen.de","description":"","potentialAction":[{"@type":"SearchAction","target":{"@type":"EntryPoint","urlTemplate":"https:\/\/urlaub-in-waldkirchen.de\/?s={search_term_string}"},"query-input":{"@type":"PropertyValueSpecification","valueRequired":true,"valueName":"search_term_string"}}],"inLanguage":"cs"}]}},"_links":{"self":[{"href":"https:\/\/urlaub-in-waldkirchen.de\/cs\/wp-json\/wp\/v2\/pages\/2904","targetHints":{"allow":["GET"]}}],"collection":[{"href":"https:\/\/urlaub-in-waldkirchen.de\/cs\/wp-json\/wp\/v2\/pages"}],"about":[{"href":"https:\/\/urlaub-in-waldkirchen.de\/cs\/wp-json\/wp\/v2\/types\/page"}],"author":[{"embeddable":true,"href":"https:\/\/urlaub-in-waldkirchen.de\/cs\/wp-json\/wp\/v2\/users\/2"}],"replies":[{"embeddable":true,"href":"https:\/\/urlaub-in-waldkirchen.de\/cs\/wp-json\/wp\/v2\/comments?post=2904"}],"version-history":[{"count":1,"href":"https:\/\/urlaub-in-waldkirchen.de\/cs\/wp-json\/wp\/v2\/pages\/2904\/revisions"}],"predecessor-version":[{"id":4030,"href":"https:\/\/urlaub-in-waldkirchen.de\/cs\/wp-json\/wp\/v2\/pages\/2904\/revisions\/4030"}],"up":[{"embeddable":true,"href":"https:\/\/urlaub-in-waldkirchen.de\/cs\/wp-json\/wp\/v2\/pages\/2703"}],"wp:attachment":[{"href":"https:\/\/urlaub-in-waldkirchen.de\/cs\/wp-json\/wp\/v2\/media?parent=2904"}],"curies":[{"name":"wp","href":"https:\/\/api.w.org\/{rel}","templated":true}]}}