{"id":2912,"date":"2016-04-29T14:25:48","date_gmt":"2016-04-29T12:25:48","guid":{"rendered":"https:\/\/urlaub-in-waldkirchen.de\/cs\/kultura-a-umeni\/emerenz-meier-haus\/"},"modified":"2016-08-02T14:26:21","modified_gmt":"2016-08-02T12:26:21","slug":"dum-emerenz-meier","status":"publish","type":"page","link":"https:\/\/urlaub-in-waldkirchen.de\/cs\/kultura-a-umeni-2\/dum-emerenz-meier\/","title":{"rendered":"D\u016fm Emerenz Meier"},"content":{"rendered":"<div class=\"wpb-content-wrapper\"><p>[vc_row][vc_column][vc_empty_space height=&#8220;20px&#8220;][vc_column_text]<\/p>\n<h1>Narozena v Schiefweg \u2013 D\u016fm Emerenz Meier<\/h1>\n<p>[\/vc_column_text][\/vc_column][\/vc_row][vc_row][vc_column][vc_column_text]V\u00a0rodn\u00e9m dom\u011b b\u00e1sn\u00ed\u0159ky Emerenz Meier v \u010d\u00e1sti Schiefweg ve Waldkirchenu naleznete <a href=\"https:\/\/urlaub-in-waldkirchen.de\/cs\/gastro\/restaurace-u-emerenz\/\">p\u016fvodn\u00ed venkovsk\u00fd hostinec<\/a>, ve kter\u00e9m je nov\u011b um\u00edst\u011bno tak\u00e9 muzeum d\u011bjin vyst\u011bhovalectv\u00ed z\u00a0Bavorsk\u00e9ho lesa a \u0160umavy do Ameriky v\u00a019. a na po\u010d\u00e1tku 20. stolet\u00ed. Muzeum sou\u010dasn\u011b p\u0159ipom\u00edn\u00e1 d\u016fle\u017eit\u00e9 m\u00edsto Emerenz Meier v\u00a0literatu\u0159e Bavorska a jej\u00ed odvahu prosadit se ve spole\u010dnosti \u0159\u00edzen\u00e9 v\u00fdhradn\u011b mu\u017ei.<\/p>\n<p>Emerenz Meier se \u0159ad\u00ed mezi nejv\u00fdznamn\u011bj\u0161\u00ed b\u00e1sn\u00ed\u0159ky Bavorska. Narodila se v roce 1874\u00a0v\u00a0dolnobavorsk\u00e9 obci Schiefweg, zem\u0159ela o 53 let pozd\u011bji daleko od domova v\u00a0Chicagu. Mezi t\u011bmito daty le\u017e\u00ed dramatick\u00fd \u017eivotn\u00ed p\u0159\u00edb\u011bh pln\u00fd vzestup\u016f a p\u00e1d\u016f. B\u00e1sn\u011b Emerenz Meier z ka\u017edodenn\u00edho \u017eivota prost\u00fdch lid\u00ed byly s\u00a0oblibou \u010dteny u\u017e za jej\u00edho \u017eivota; autorka byla pova\u017eov\u00e1na za p\u0159\u00edrodn\u00ed talent.<\/p>\n<p>Ale finan\u010dn\u00ed nouze a klesaj\u00edc\u00ed z\u00e1jem o jej\u00ed spisovatelskou pr\u00e1ci donutily Emerenz Meier v\u00a0roce 1906 k\u00a0odchodu do Ameriky. V\u00a0Chicagu sice na\u0161la nov\u00fd domov, ale sou\u010dasn\u011b tam pro\u017eila tragick\u00fd osud emigrantky, jej\u00ed\u017e o\u010dek\u00e1v\u00e1n\u00ed nebyla napln\u011bna. V\u00a0t\u00e9 dob\u011b u\u017e psala pouze pro sebe, vedla slovn\u00ed v\u00e1lku s\u00a0mocn\u00fdmi sv\u00e9 doby a pos\u00edlala dom\u016f do milovan\u00e9ho Bavorsk\u00e9ho lesa dopisy pln\u00e9 ho\u0159kosti a stesku po domov\u011b. Smrt, kter\u00e1 ji zastihla 28. \u00fanora 1928\u00a0v\u00a0Chicagu, byla pro t\u011b\u017ece nemocnou emigrantku vysvobozen\u00edm, ale tak\u00e9 koncem v\u0161ech nad\u011bj\u00ed v novou budoucnost spisovatelky.<\/p>\n<p>Bli\u017e\u0161\u00ed informace naleznete na <a href=\"http:\/\/born-in-schiefweg.de\/\" target=\"_blank\">webov\u00fdch str\u00e1nk\u00e1ch Spolku Emerenz Meier<\/a>. Prospekt ke sta\u017een\u00ed naleznete mezi na\u0161imi\u00a0<a href=\"https:\/\/urlaub-in-waldkirchen.de\/cs\/informace\/prospekty-propagacni-materialy\/\">Propaga\u010dn\u00edmi materi\u00e1ly<\/a>.[\/vc_column_text][\/vc_column][\/vc_row][vc_row][vc_column][vc_masonry_media_grid element_width=&#8220;3&#8243; grid_id=&#8220;vc_gid:1470140574470-a9c150f5-3bdd-9&#8243; include=&#8220;1570,1569,1568,1567&#8243;][\/vc_column][\/vc_row][vc_row][vc_column][vc_separator color=&#8220;custom&#8220; accent_color=&#8220;#95c11f&#8220;][vc_btn title=&#8220;zp\u011bt na p\u0159ehled&#8220; shape=&#8220;square&#8220; color=&#8220;green&#8220; size=&#8220;sm&#8220; align=&#8220;right&#8220; link=&#8220;url:http%3A%2F%2Furlaub-in-waldkirchen.de%2Fcs%2Fkultura-a-umeni%2F|||&#8220;][\/vc_column][\/vc_row]<\/p>\n<\/div>","protected":false},"excerpt":{"rendered":"<p>[vc_row][vc_column][vc_empty_space height=&#8220;20px&#8220;][vc_column_text] Narozena v Schiefweg \u2013 D\u016fm Emerenz Meier [\/vc_column_text][\/vc_column][\/vc_row][vc_row][vc_column][vc_column_text]V\u00a0rodn\u00e9m dom\u011b b\u00e1sn\u00ed\u0159ky Emerenz Meier v \u010d\u00e1sti Schiefweg ve Waldkirchenu naleznete p\u016fvodn\u00ed venkovsk\u00fd hostinec, ve kter\u00e9m je<span class=\"excerpt-hellip\"> [\u2026]<\/span><\/p>\n","protected":false},"author":2,"featured_media":0,"parent":4837,"menu_order":0,"comment_status":"closed","ping_status":"closed","template":"","meta":{"footnotes":""},"class_list":["post-2912","page","type-page","status-publish","hentry"],"yoast_head":"<!-- This site is optimized with the Yoast SEO plugin v27.3 - https:\/\/yoast.com\/product\/yoast-seo-wordpress\/ -->\n<title>D\u016fm Emerenz Meier - urlaub-in-waldkirchen.de<\/title>\n<meta name=\"description\" content=\"V rodn\u00e9m dom\u011b b\u00e1sn\u00ed\u0159ky Emerenz Meier v \u010d\u00e1sti Schiefweg ve Waldkirchenu naleznete p\u016fvodn\u00ed venkovsk\u00fd hostinec, ve kter\u00e9m je nov\u011b um\u00edst\u011bno tak\u00e9 muzeum d\u011bjin\" \/>\n<meta name=\"robots\" content=\"index, follow, max-snippet:-1, max-image-preview:large, max-video-preview:-1\" \/>\n<link rel=\"canonical\" href=\"https:\/\/urlaub-in-waldkirchen.de\/cs\/kultura-a-umeni-2\/dum-emerenz-meier\/\" \/>\n<meta property=\"og:locale\" content=\"cs_CZ\" \/>\n<meta property=\"og:type\" content=\"article\" \/>\n<meta property=\"og:title\" content=\"D\u016fm Emerenz Meier - urlaub-in-waldkirchen.de\" \/>\n<meta property=\"og:description\" content=\"V rodn\u00e9m dom\u011b b\u00e1sn\u00ed\u0159ky Emerenz Meier v \u010d\u00e1sti Schiefweg ve Waldkirchenu naleznete p\u016fvodn\u00ed venkovsk\u00fd hostinec, ve kter\u00e9m je nov\u011b um\u00edst\u011bno tak\u00e9 muzeum d\u011bjin\" \/>\n<meta property=\"og:url\" content=\"https:\/\/urlaub-in-waldkirchen.de\/cs\/kultura-a-umeni-2\/dum-emerenz-meier\/\" \/>\n<meta property=\"og:site_name\" content=\"urlaub-in-waldkirchen.de\" \/>\n<meta property=\"article:modified_time\" content=\"2016-08-02T12:26:21+00:00\" \/>\n<meta name=\"twitter:card\" content=\"summary_large_image\" \/>\n<meta name=\"twitter:label1\" content=\"Odhadovan\u00e1 doba \u010dten\u00ed\" \/>\n\t<meta name=\"twitter:data1\" content=\"2 minuty\" \/>\n<script type=\"application\/ld+json\" class=\"yoast-schema-graph\">{\"@context\":\"https:\\\/\\\/schema.org\",\"@graph\":[{\"@type\":\"WebPage\",\"@id\":\"https:\\\/\\\/urlaub-in-waldkirchen.de\\\/cs\\\/kultura-a-umeni-2\\\/dum-emerenz-meier\\\/\",\"url\":\"https:\\\/\\\/urlaub-in-waldkirchen.de\\\/cs\\\/kultura-a-umeni-2\\\/dum-emerenz-meier\\\/\",\"name\":\"D\u016fm Emerenz Meier - urlaub-in-waldkirchen.de\",\"isPartOf\":{\"@id\":\"https:\\\/\\\/urlaub-in-waldkirchen.de\\\/#website\"},\"datePublished\":\"2016-04-29T12:25:48+00:00\",\"dateModified\":\"2016-08-02T12:26:21+00:00\",\"description\":\"V rodn\u00e9m dom\u011b b\u00e1sn\u00ed\u0159ky Emerenz Meier v \u010d\u00e1sti Schiefweg ve Waldkirchenu naleznete p\u016fvodn\u00ed venkovsk\u00fd hostinec, ve kter\u00e9m je nov\u011b um\u00edst\u011bno tak\u00e9 muzeum d\u011bjin\",\"breadcrumb\":{\"@id\":\"https:\\\/\\\/urlaub-in-waldkirchen.de\\\/cs\\\/kultura-a-umeni-2\\\/dum-emerenz-meier\\\/#breadcrumb\"},\"inLanguage\":\"cs\",\"potentialAction\":[{\"@type\":\"ReadAction\",\"target\":[\"https:\\\/\\\/urlaub-in-waldkirchen.de\\\/cs\\\/kultura-a-umeni-2\\\/dum-emerenz-meier\\\/\"]}]},{\"@type\":\"BreadcrumbList\",\"@id\":\"https:\\\/\\\/urlaub-in-waldkirchen.de\\\/cs\\\/kultura-a-umeni-2\\\/dum-emerenz-meier\\\/#breadcrumb\",\"itemListElement\":[{\"@type\":\"ListItem\",\"position\":1,\"name\":\"Startseite\",\"item\":\"https:\\\/\\\/urlaub-in-waldkirchen.de\\\/cs\\\/\"},{\"@type\":\"ListItem\",\"position\":2,\"name\":\"Kultura a um\u011bn\u00ed\",\"item\":\"https:\\\/\\\/urlaub-in-waldkirchen.de\\\/cs\\\/kultura-a-umeni-2\\\/\"},{\"@type\":\"ListItem\",\"position\":3,\"name\":\"D\u016fm Emerenz Meier\"}]},{\"@type\":\"WebSite\",\"@id\":\"https:\\\/\\\/urlaub-in-waldkirchen.de\\\/#website\",\"url\":\"https:\\\/\\\/urlaub-in-waldkirchen.de\\\/\",\"name\":\"urlaub-in-waldkirchen.de\",\"description\":\"\",\"potentialAction\":[{\"@type\":\"SearchAction\",\"target\":{\"@type\":\"EntryPoint\",\"urlTemplate\":\"https:\\\/\\\/urlaub-in-waldkirchen.de\\\/?s={search_term_string}\"},\"query-input\":{\"@type\":\"PropertyValueSpecification\",\"valueRequired\":true,\"valueName\":\"search_term_string\"}}],\"inLanguage\":\"cs\"}]}<\/script>\n<!-- \/ Yoast SEO plugin. -->","yoast_head_json":{"title":"D\u016fm Emerenz Meier - urlaub-in-waldkirchen.de","description":"V rodn\u00e9m dom\u011b b\u00e1sn\u00ed\u0159ky Emerenz Meier v \u010d\u00e1sti Schiefweg ve Waldkirchenu naleznete p\u016fvodn\u00ed venkovsk\u00fd hostinec, ve kter\u00e9m je nov\u011b um\u00edst\u011bno tak\u00e9 muzeum d\u011bjin","robots":{"index":"index","follow":"follow","max-snippet":"max-snippet:-1","max-image-preview":"max-image-preview:large","max-video-preview":"max-video-preview:-1"},"canonical":"https:\/\/urlaub-in-waldkirchen.de\/cs\/kultura-a-umeni-2\/dum-emerenz-meier\/","og_locale":"cs_CZ","og_type":"article","og_title":"D\u016fm Emerenz Meier - urlaub-in-waldkirchen.de","og_description":"V rodn\u00e9m dom\u011b b\u00e1sn\u00ed\u0159ky Emerenz Meier v \u010d\u00e1sti Schiefweg ve Waldkirchenu naleznete p\u016fvodn\u00ed venkovsk\u00fd hostinec, ve kter\u00e9m je nov\u011b um\u00edst\u011bno tak\u00e9 muzeum d\u011bjin","og_url":"https:\/\/urlaub-in-waldkirchen.de\/cs\/kultura-a-umeni-2\/dum-emerenz-meier\/","og_site_name":"urlaub-in-waldkirchen.de","article_modified_time":"2016-08-02T12:26:21+00:00","twitter_card":"summary_large_image","twitter_misc":{"Odhadovan\u00e1 doba \u010dten\u00ed":"2 minuty"},"schema":{"@context":"https:\/\/schema.org","@graph":[{"@type":"WebPage","@id":"https:\/\/urlaub-in-waldkirchen.de\/cs\/kultura-a-umeni-2\/dum-emerenz-meier\/","url":"https:\/\/urlaub-in-waldkirchen.de\/cs\/kultura-a-umeni-2\/dum-emerenz-meier\/","name":"D\u016fm Emerenz Meier - urlaub-in-waldkirchen.de","isPartOf":{"@id":"https:\/\/urlaub-in-waldkirchen.de\/#website"},"datePublished":"2016-04-29T12:25:48+00:00","dateModified":"2016-08-02T12:26:21+00:00","description":"V rodn\u00e9m dom\u011b b\u00e1sn\u00ed\u0159ky Emerenz Meier v \u010d\u00e1sti Schiefweg ve Waldkirchenu naleznete p\u016fvodn\u00ed venkovsk\u00fd hostinec, ve kter\u00e9m je nov\u011b um\u00edst\u011bno tak\u00e9 muzeum d\u011bjin","breadcrumb":{"@id":"https:\/\/urlaub-in-waldkirchen.de\/cs\/kultura-a-umeni-2\/dum-emerenz-meier\/#breadcrumb"},"inLanguage":"cs","potentialAction":[{"@type":"ReadAction","target":["https:\/\/urlaub-in-waldkirchen.de\/cs\/kultura-a-umeni-2\/dum-emerenz-meier\/"]}]},{"@type":"BreadcrumbList","@id":"https:\/\/urlaub-in-waldkirchen.de\/cs\/kultura-a-umeni-2\/dum-emerenz-meier\/#breadcrumb","itemListElement":[{"@type":"ListItem","position":1,"name":"Startseite","item":"https:\/\/urlaub-in-waldkirchen.de\/cs\/"},{"@type":"ListItem","position":2,"name":"Kultura a um\u011bn\u00ed","item":"https:\/\/urlaub-in-waldkirchen.de\/cs\/kultura-a-umeni-2\/"},{"@type":"ListItem","position":3,"name":"D\u016fm Emerenz Meier"}]},{"@type":"WebSite","@id":"https:\/\/urlaub-in-waldkirchen.de\/#website","url":"https:\/\/urlaub-in-waldkirchen.de\/","name":"urlaub-in-waldkirchen.de","description":"","potentialAction":[{"@type":"SearchAction","target":{"@type":"EntryPoint","urlTemplate":"https:\/\/urlaub-in-waldkirchen.de\/?s={search_term_string}"},"query-input":{"@type":"PropertyValueSpecification","valueRequired":true,"valueName":"search_term_string"}}],"inLanguage":"cs"}]}},"_links":{"self":[{"href":"https:\/\/urlaub-in-waldkirchen.de\/cs\/wp-json\/wp\/v2\/pages\/2912","targetHints":{"allow":["GET"]}}],"collection":[{"href":"https:\/\/urlaub-in-waldkirchen.de\/cs\/wp-json\/wp\/v2\/pages"}],"about":[{"href":"https:\/\/urlaub-in-waldkirchen.de\/cs\/wp-json\/wp\/v2\/types\/page"}],"author":[{"embeddable":true,"href":"https:\/\/urlaub-in-waldkirchen.de\/cs\/wp-json\/wp\/v2\/users\/2"}],"replies":[{"embeddable":true,"href":"https:\/\/urlaub-in-waldkirchen.de\/cs\/wp-json\/wp\/v2\/comments?post=2912"}],"version-history":[{"count":0,"href":"https:\/\/urlaub-in-waldkirchen.de\/cs\/wp-json\/wp\/v2\/pages\/2912\/revisions"}],"up":[{"embeddable":true,"href":"https:\/\/urlaub-in-waldkirchen.de\/cs\/wp-json\/wp\/v2\/pages\/4837"}],"wp:attachment":[{"href":"https:\/\/urlaub-in-waldkirchen.de\/cs\/wp-json\/wp\/v2\/media?parent=2912"}],"curies":[{"name":"wp","href":"https:\/\/api.w.org\/{rel}","templated":true}]}}