{"id":2918,"date":"2016-04-29T14:24:36","date_gmt":"2016-04-29T12:24:36","guid":{"rendered":"https:\/\/urlaub-in-waldkirchen.de\/cs\/kultura-a-umeni\/museum-goldener-steig\/"},"modified":"2017-05-23T09:10:44","modified_gmt":"2017-05-23T07:10:44","slug":"muzeum-zlate-stezky","status":"publish","type":"page","link":"https:\/\/urlaub-in-waldkirchen.de\/cs\/kultura-a-umeni-2\/muzeum-zlate-stezky\/","title":{"rendered":"Muzeum Zlat\u00e9 stezky"},"content":{"rendered":"<div class=\"wpb-content-wrapper\"><p>[vc_row][vc_column][vc_empty_space height=&#8220;20px&#8220;][vc_column_text]<\/p>\n<h1>Muzeum Zlat\u00e9 stezky<\/h1>\n<p>[\/vc_column_text][\/vc_column][\/vc_row][vc_row][vc_column][vc_column_text]Po cel\u00e1 stalet\u00ed spojovala Bavorsko a\u00a0\u010cechy stezka, kter\u00e1 slou\u017eila p\u0159edev\u0161\u00edm obchodu se sol\u00ed. Jako nejfrekventovan\u011bj\u0161\u00ed st\u0159edov\u011bk\u00e1 obchodn\u00ed cesta v ji\u017en\u00ed \u010d\u00e1sti N\u011bmecka se proslavila pod n\u00e1zvem \u201eZlat\u00e1 stezka\u201c. Na p\u016fli cesty mezi Pasovem a Prachaticemi vznikla na Zlat\u00e9 stezce ji\u017e na p\u0159elomu tis\u00edcilet\u00ed osada Waldkirchen, kter\u00e1 jako p\u0159ekladi\u0161t\u011b soli a m\u00edsto pro odpo\u010dinek a p\u0159enocov\u00e1n\u00ed karavan z\u00edskala ji\u017e ve 13. stolet\u00ed m\u011bstsk\u00e1 pr\u00e1va. V\u00a015. stolet\u00ed byl Waldkirchen jedin\u00fdm m\u011bstem v\u00a0doln\u00ed \u010d\u00e1sti Bavorsk\u00e9ho lesa opevn\u011bn\u00fdm\u00a0vysok\u00fdmi m\u011bstsk\u00fdmi hradbami s deseti obrann\u00fdmi v\u011b\u017eemi. V\u00fdznamn\u00e1 \u010d\u00e1st t\u011bchto obrann\u00fdch staveb se dochovala a\u017e dodnes. Spolu s\u00a0ov\u00e1ln\u00fdm n\u00e1m\u011bst\u00edm sv\u011bd\u010d\u00ed o n\u011bkdej\u0161\u00edm v\u00fdznamu Waldkirchenu jako hlavn\u00edho m\u011bsta tzv. \u201eZem\u011b opatstv\u00ed\u201c.<\/p>\n<p>Zalo\u017een\u00ed a rozvoj Waldkirchenu byly se Zlatou stezkou od po\u010d\u00e1tku \u00fazce prov\u00e1z\u00e1ny. Proto m\u011bsto pova\u017eovalo za d\u016fle\u017eit\u00e9 p\u0159edstavit tuto obchodn\u00ed cestu formou muzejn\u00ed expozice jako ekonomickou a kulturn\u00ed spojnici mezi Bavorskem a \u010cechami. N\u00e1v\u0161t\u011bvn\u00edci dnes mohou zhl\u00e9dnout p\u011bt d\u00edl\u010d\u00edch \u010d\u00e1st\u00ed expozice na dvou podla\u017e\u00edch muzea.<\/p>\n<p>Dal\u0161\u00ed v\u00fdstavy jsou v\u011bnov\u00e1ny historii tzv. Zem\u011b opatstv\u00ed, jak je region od Waldkirchenu a\u017e po Pasov dodnes hovorov\u011b naz\u00fdv\u00e1n, ale tak\u00e9 t\u00e9mat\u016fm lidov\u00e9 zbo\u017enosti, \u0159emesel a m\u011b\u0161\u0165ansk\u00e9ho \u017eivota. V\u00a0mal\u00e9 zbrojnici je mo\u017en\u00e9 si prohl\u00e9dnout v\u00fdstavu obrann\u00fdch zbran\u00ed.<\/p>\n<p>Prospekt s\u00a0informacemi o muzeu a jeho programu si m\u016f\u017eete st\u00e1hnout v na\u0161ich\u00a0<a href=\"https:\/\/urlaub-in-waldkirchen.de\/cs\/informace\/prospekty-propagacni-materialy\/\">Propaga\u010dn\u00edch materi\u00e1lech.<\/a>\u00a0Dal\u0161\u00ed informace z\u00edsk\u00e1te v\u00a0<a href=\"https:\/\/urlaub-in-waldkirchen.de\/cs\/informace\/turisticke-informacni-centrum\/\">Turistick\u00e9m informa\u010dn\u00edm centru<\/a>.<\/p>\n<p>MUSEUM GOLDENER STEIG \/ MUZEUM ZLAT\u00c9 STEZKY<br \/>\nHeimat- und Museumsverein Waldkirchen \/ Vlastiv\u011bdn\u00fd a muzejn\u00ed spolek Waldkirchen<br \/>\nB\u00fcchl 22, 94065 Waldkirchen<br \/>\nTelefon do muzea: + 49 8581-920551<\/p>\n<p><strong>Otev\u00edrac\u00ed doba:<\/strong><\/p>\n<p>1.kv\u011bten \u2013 31. \u0159\u00edjen<br \/>\n25. prosinec \u2013 6. leden<br \/>\nKv\u011btn\u00e1 ned\u011ble \u2013 B\u00edl\u00e1 ned\u011ble<\/p>\n<p>Sobota a ned\u011ble 14:00 do 17:00[\/vc_column_text][\/vc_column][\/vc_row][vc_row][vc_column width=&#8220;1\/4&#8243;][vc_video link=&#8220;https:\/\/youtu.be\/MGCoHnO-yu8&#8243;][\/vc_column][vc_column width=&#8220;3\/4&#8243;][vc_masonry_media_grid grid_id=&#8220;vc_gid:1495523395683-9ad6a074-463d-5&#8243; include=&#8220;1593,1592,1581&#8243;][\/vc_column][\/vc_row][vc_row][vc_column][vc_separator color=&#8220;custom&#8220; accent_color=&#8220;#95c11f&#8220;][vc_btn title=&#8220;zp\u011bt na p\u0159ehled&#8220; shape=&#8220;square&#8220; color=&#8220;green&#8220; size=&#8220;sm&#8220; align=&#8220;right&#8220; link=&#8220;url:http%3A%2F%2Furlaub-in-waldkirchen.de%2Fcs%2Fkultura-a-umeni%2F|||&#8220;][\/vc_column][\/vc_row]<\/p>\n<\/div>","protected":false},"excerpt":{"rendered":"<p>[vc_row][vc_column][vc_empty_space height=&#8220;20px&#8220;][vc_column_text] Muzeum Zlat\u00e9 stezky [\/vc_column_text][\/vc_column][\/vc_row][vc_row][vc_column][vc_column_text]Po cel\u00e1 stalet\u00ed spojovala Bavorsko a\u00a0\u010cechy stezka, kter\u00e1 slou\u017eila p\u0159edev\u0161\u00edm obchodu se sol\u00ed. Jako nejfrekventovan\u011bj\u0161\u00ed st\u0159edov\u011bk\u00e1 obchodn\u00ed cesta v ji\u017en\u00ed \u010d\u00e1sti<span class=\"excerpt-hellip\"> [\u2026]<\/span><\/p>\n","protected":false},"author":2,"featured_media":0,"parent":4837,"menu_order":0,"comment_status":"closed","ping_status":"closed","template":"","meta":{"footnotes":""},"class_list":["post-2918","page","type-page","status-publish","hentry"],"yoast_head":"<!-- This site is optimized with the Yoast SEO plugin v27.3 - https:\/\/yoast.com\/product\/yoast-seo-wordpress\/ -->\n<title>Muzeum Zlat\u00e9 stezky - urlaub-in-waldkirchen.de<\/title>\n<meta name=\"description\" content=\"Po cel\u00e1 stalet\u00ed spojovala Bavorsko a \u010cechy stezka, kter\u00e1 slou\u017eila p\u0159edev\u0161\u00edm obchodu se sol\u00ed. Jako nejfrekventovan\u011bj\u0161\u00ed st\u0159edov\u011bk\u00e1 obchodn\u00ed cesta v ji\u017en\u00ed \u010d\u00e1sti N\u011bmecka se proslavila pod n\u00e1zvem \u201eZlat\u00e1 stezka\u201c.\" \/>\n<meta name=\"robots\" content=\"index, follow, max-snippet:-1, max-image-preview:large, max-video-preview:-1\" \/>\n<link rel=\"canonical\" href=\"https:\/\/urlaub-in-waldkirchen.de\/cs\/kultura-a-umeni-2\/muzeum-zlate-stezky\/\" \/>\n<meta property=\"og:locale\" content=\"cs_CZ\" \/>\n<meta property=\"og:type\" content=\"article\" \/>\n<meta property=\"og:title\" content=\"Muzeum Zlat\u00e9 stezky - urlaub-in-waldkirchen.de\" \/>\n<meta property=\"og:description\" content=\"Po cel\u00e1 stalet\u00ed spojovala Bavorsko a \u010cechy stezka, kter\u00e1 slou\u017eila p\u0159edev\u0161\u00edm obchodu se sol\u00ed. Jako nejfrekventovan\u011bj\u0161\u00ed st\u0159edov\u011bk\u00e1 obchodn\u00ed cesta v ji\u017en\u00ed \u010d\u00e1sti N\u011bmecka se proslavila pod n\u00e1zvem \u201eZlat\u00e1 stezka\u201c.\" \/>\n<meta property=\"og:url\" content=\"https:\/\/urlaub-in-waldkirchen.de\/cs\/kultura-a-umeni-2\/muzeum-zlate-stezky\/\" \/>\n<meta property=\"og:site_name\" content=\"urlaub-in-waldkirchen.de\" \/>\n<meta property=\"article:modified_time\" content=\"2017-05-23T07:10:44+00:00\" \/>\n<meta name=\"twitter:card\" content=\"summary_large_image\" \/>\n<meta name=\"twitter:label1\" content=\"Odhadovan\u00e1 doba \u010dten\u00ed\" \/>\n\t<meta name=\"twitter:data1\" content=\"2 minuty\" \/>\n<script type=\"application\/ld+json\" class=\"yoast-schema-graph\">{\"@context\":\"https:\\\/\\\/schema.org\",\"@graph\":[{\"@type\":\"WebPage\",\"@id\":\"https:\\\/\\\/urlaub-in-waldkirchen.de\\\/cs\\\/kultura-a-umeni-2\\\/muzeum-zlate-stezky\\\/\",\"url\":\"https:\\\/\\\/urlaub-in-waldkirchen.de\\\/cs\\\/kultura-a-umeni-2\\\/muzeum-zlate-stezky\\\/\",\"name\":\"Muzeum Zlat\u00e9 stezky - urlaub-in-waldkirchen.de\",\"isPartOf\":{\"@id\":\"https:\\\/\\\/urlaub-in-waldkirchen.de\\\/#website\"},\"datePublished\":\"2016-04-29T12:24:36+00:00\",\"dateModified\":\"2017-05-23T07:10:44+00:00\",\"description\":\"Po cel\u00e1 stalet\u00ed spojovala Bavorsko a \u010cechy stezka, kter\u00e1 slou\u017eila p\u0159edev\u0161\u00edm obchodu se sol\u00ed. Jako nejfrekventovan\u011bj\u0161\u00ed st\u0159edov\u011bk\u00e1 obchodn\u00ed cesta v ji\u017en\u00ed \u010d\u00e1sti N\u011bmecka se proslavila pod n\u00e1zvem \u201eZlat\u00e1 stezka\u201c.\",\"breadcrumb\":{\"@id\":\"https:\\\/\\\/urlaub-in-waldkirchen.de\\\/cs\\\/kultura-a-umeni-2\\\/muzeum-zlate-stezky\\\/#breadcrumb\"},\"inLanguage\":\"cs\",\"potentialAction\":[{\"@type\":\"ReadAction\",\"target\":[\"https:\\\/\\\/urlaub-in-waldkirchen.de\\\/cs\\\/kultura-a-umeni-2\\\/muzeum-zlate-stezky\\\/\"]}]},{\"@type\":\"BreadcrumbList\",\"@id\":\"https:\\\/\\\/urlaub-in-waldkirchen.de\\\/cs\\\/kultura-a-umeni-2\\\/muzeum-zlate-stezky\\\/#breadcrumb\",\"itemListElement\":[{\"@type\":\"ListItem\",\"position\":1,\"name\":\"Startseite\",\"item\":\"https:\\\/\\\/urlaub-in-waldkirchen.de\\\/cs\\\/\"},{\"@type\":\"ListItem\",\"position\":2,\"name\":\"Kultura a um\u011bn\u00ed\",\"item\":\"https:\\\/\\\/urlaub-in-waldkirchen.de\\\/cs\\\/kultura-a-umeni-2\\\/\"},{\"@type\":\"ListItem\",\"position\":3,\"name\":\"Muzeum Zlat\u00e9 stezky\"}]},{\"@type\":\"WebSite\",\"@id\":\"https:\\\/\\\/urlaub-in-waldkirchen.de\\\/#website\",\"url\":\"https:\\\/\\\/urlaub-in-waldkirchen.de\\\/\",\"name\":\"urlaub-in-waldkirchen.de\",\"description\":\"\",\"potentialAction\":[{\"@type\":\"SearchAction\",\"target\":{\"@type\":\"EntryPoint\",\"urlTemplate\":\"https:\\\/\\\/urlaub-in-waldkirchen.de\\\/?s={search_term_string}\"},\"query-input\":{\"@type\":\"PropertyValueSpecification\",\"valueRequired\":true,\"valueName\":\"search_term_string\"}}],\"inLanguage\":\"cs\"}]}<\/script>\n<!-- \/ Yoast SEO plugin. -->","yoast_head_json":{"title":"Muzeum Zlat\u00e9 stezky - urlaub-in-waldkirchen.de","description":"Po cel\u00e1 stalet\u00ed spojovala Bavorsko a \u010cechy stezka, kter\u00e1 slou\u017eila p\u0159edev\u0161\u00edm obchodu se sol\u00ed. Jako nejfrekventovan\u011bj\u0161\u00ed st\u0159edov\u011bk\u00e1 obchodn\u00ed cesta v ji\u017en\u00ed \u010d\u00e1sti N\u011bmecka se proslavila pod n\u00e1zvem \u201eZlat\u00e1 stezka\u201c.","robots":{"index":"index","follow":"follow","max-snippet":"max-snippet:-1","max-image-preview":"max-image-preview:large","max-video-preview":"max-video-preview:-1"},"canonical":"https:\/\/urlaub-in-waldkirchen.de\/cs\/kultura-a-umeni-2\/muzeum-zlate-stezky\/","og_locale":"cs_CZ","og_type":"article","og_title":"Muzeum Zlat\u00e9 stezky - urlaub-in-waldkirchen.de","og_description":"Po cel\u00e1 stalet\u00ed spojovala Bavorsko a \u010cechy stezka, kter\u00e1 slou\u017eila p\u0159edev\u0161\u00edm obchodu se sol\u00ed. Jako nejfrekventovan\u011bj\u0161\u00ed st\u0159edov\u011bk\u00e1 obchodn\u00ed cesta v ji\u017en\u00ed \u010d\u00e1sti N\u011bmecka se proslavila pod n\u00e1zvem \u201eZlat\u00e1 stezka\u201c.","og_url":"https:\/\/urlaub-in-waldkirchen.de\/cs\/kultura-a-umeni-2\/muzeum-zlate-stezky\/","og_site_name":"urlaub-in-waldkirchen.de","article_modified_time":"2017-05-23T07:10:44+00:00","twitter_card":"summary_large_image","twitter_misc":{"Odhadovan\u00e1 doba \u010dten\u00ed":"2 minuty"},"schema":{"@context":"https:\/\/schema.org","@graph":[{"@type":"WebPage","@id":"https:\/\/urlaub-in-waldkirchen.de\/cs\/kultura-a-umeni-2\/muzeum-zlate-stezky\/","url":"https:\/\/urlaub-in-waldkirchen.de\/cs\/kultura-a-umeni-2\/muzeum-zlate-stezky\/","name":"Muzeum Zlat\u00e9 stezky - urlaub-in-waldkirchen.de","isPartOf":{"@id":"https:\/\/urlaub-in-waldkirchen.de\/#website"},"datePublished":"2016-04-29T12:24:36+00:00","dateModified":"2017-05-23T07:10:44+00:00","description":"Po cel\u00e1 stalet\u00ed spojovala Bavorsko a \u010cechy stezka, kter\u00e1 slou\u017eila p\u0159edev\u0161\u00edm obchodu se sol\u00ed. Jako nejfrekventovan\u011bj\u0161\u00ed st\u0159edov\u011bk\u00e1 obchodn\u00ed cesta v ji\u017en\u00ed \u010d\u00e1sti N\u011bmecka se proslavila pod n\u00e1zvem \u201eZlat\u00e1 stezka\u201c.","breadcrumb":{"@id":"https:\/\/urlaub-in-waldkirchen.de\/cs\/kultura-a-umeni-2\/muzeum-zlate-stezky\/#breadcrumb"},"inLanguage":"cs","potentialAction":[{"@type":"ReadAction","target":["https:\/\/urlaub-in-waldkirchen.de\/cs\/kultura-a-umeni-2\/muzeum-zlate-stezky\/"]}]},{"@type":"BreadcrumbList","@id":"https:\/\/urlaub-in-waldkirchen.de\/cs\/kultura-a-umeni-2\/muzeum-zlate-stezky\/#breadcrumb","itemListElement":[{"@type":"ListItem","position":1,"name":"Startseite","item":"https:\/\/urlaub-in-waldkirchen.de\/cs\/"},{"@type":"ListItem","position":2,"name":"Kultura a um\u011bn\u00ed","item":"https:\/\/urlaub-in-waldkirchen.de\/cs\/kultura-a-umeni-2\/"},{"@type":"ListItem","position":3,"name":"Muzeum Zlat\u00e9 stezky"}]},{"@type":"WebSite","@id":"https:\/\/urlaub-in-waldkirchen.de\/#website","url":"https:\/\/urlaub-in-waldkirchen.de\/","name":"urlaub-in-waldkirchen.de","description":"","potentialAction":[{"@type":"SearchAction","target":{"@type":"EntryPoint","urlTemplate":"https:\/\/urlaub-in-waldkirchen.de\/?s={search_term_string}"},"query-input":{"@type":"PropertyValueSpecification","valueRequired":true,"valueName":"search_term_string"}}],"inLanguage":"cs"}]}},"_links":{"self":[{"href":"https:\/\/urlaub-in-waldkirchen.de\/cs\/wp-json\/wp\/v2\/pages\/2918","targetHints":{"allow":["GET"]}}],"collection":[{"href":"https:\/\/urlaub-in-waldkirchen.de\/cs\/wp-json\/wp\/v2\/pages"}],"about":[{"href":"https:\/\/urlaub-in-waldkirchen.de\/cs\/wp-json\/wp\/v2\/types\/page"}],"author":[{"embeddable":true,"href":"https:\/\/urlaub-in-waldkirchen.de\/cs\/wp-json\/wp\/v2\/users\/2"}],"replies":[{"embeddable":true,"href":"https:\/\/urlaub-in-waldkirchen.de\/cs\/wp-json\/wp\/v2\/comments?post=2918"}],"version-history":[{"count":1,"href":"https:\/\/urlaub-in-waldkirchen.de\/cs\/wp-json\/wp\/v2\/pages\/2918\/revisions"}],"predecessor-version":[{"id":4329,"href":"https:\/\/urlaub-in-waldkirchen.de\/cs\/wp-json\/wp\/v2\/pages\/2918\/revisions\/4329"}],"up":[{"embeddable":true,"href":"https:\/\/urlaub-in-waldkirchen.de\/cs\/wp-json\/wp\/v2\/pages\/4837"}],"wp:attachment":[{"href":"https:\/\/urlaub-in-waldkirchen.de\/cs\/wp-json\/wp\/v2\/media?parent=2918"}],"curies":[{"name":"wp","href":"https:\/\/api.w.org\/{rel}","templated":true}]}}