{"id":2923,"date":"2016-04-29T14:31:00","date_gmt":"2016-04-29T12:31:00","guid":{"rendered":"https:\/\/urlaub-in-waldkirchen.de\/cs\/kultura-a-umeni\/radabweiser\/"},"modified":"2016-08-02T14:37:45","modified_gmt":"2016-08-02T12:37:45","slug":"historicke-patniky","status":"publish","type":"page","link":"https:\/\/urlaub-in-waldkirchen.de\/cs\/kultura-a-umeni-2\/historicke-patniky\/","title":{"rendered":"Historick\u00e9 patn\u00edky"},"content":{"rendered":"<div class=\"wpb-content-wrapper\"><p>[vc_row][vc_column][vc_empty_space height=&#8220;20px&#8220;][vc_column_text]<\/p>\n<h1>Historick\u00e9 patn\u00edky na n\u00e1m\u011bst\u00ed<\/h1>\n<p>[\/vc_column_text][\/vc_column][\/vc_row][vc_row][vc_column][vc_column_text]Skupina historick\u00fdch patn\u00edk\u016f na n\u00e1m\u011bst\u00ed Waldkirchenu je dnes nejzaj\u00edmav\u011bj\u0161\u00edm a nej\u010dast\u011bj\u0161\u00edm motivem fotografi\u00ed n\u00e1v\u0161t\u011bvn\u00edk\u016f m\u011bsta.<\/p>\n<p>Kameny m\u011bly p\u016fvodn\u011b pomocnou funkci. Kdy\u017e se v\u00a0minul\u00fdch stalet\u00edch na n\u00e1m\u011bst\u00ed konaly \u010dast\u00e9 dobyt\u010d\u00ed trhy a \u017eivot se odehr\u00e1val v\u00a0obchodech a hospod\u00e1ch na n\u00e1m\u011bst\u00ed a v\u00a0p\u0159ilehl\u00fdch uli\u010dk\u00e1ch, proj\u00ed\u017ed\u011blo tudy velk\u00e9 mno\u017estv\u00ed ko\u0148sk\u00fdch povoz\u016f. Na ochranu domovn\u00edch zd\u00ed a roh\u016f p\u0159ed koly povoz\u016f byly postaveny \u017eulov\u00e9 sloupky, aby odr\u00e1\u017eely kola voz\u016f t\u011bsn\u011b proj\u00ed\u017ed\u011bj\u00edc\u00edch zat\u00e1\u010dkami a uchr\u00e1nily tak domy. Pozd\u011bji v\u0161ak z\u00edskaly kameny jinou funkci.<\/p>\n<p>Kamen\u00edk Matthias Hausb\u00e4ck p\u0159etvo\u0159il v\u00a0polovin\u011b 19. stolet\u00ed jeden z\u00a0patn\u00edk\u016f v\u00a0postavu \u017eenicha. V\u0161echny ostatn\u00ed postavy pak zhotovil Manfred Werner, zn\u00e1m\u00fd waldkirchensk\u00fd um\u011blec. Vlastiv\u011bdn\u00fd a muzejn\u00ed spolek Waldkirchen se zasadil o to, \u017ee do rodiny kamenn\u00fdch postav p\u0159ib\u00fdvaly nov\u00e9 a nov\u00e9 p\u0159\u00edr\u016fstky. A mo\u017en\u00e1 je\u0161t\u011b dal\u0161\u00ed p\u0159ibydou.<\/p>\n<p>Prospekt s\u00a0historick\u00fdmi patn\u00edky si m\u016f\u017eete st\u00e1hnout mezi na\u0161imi <a href=\"https:\/\/urlaub-in-waldkirchen.de\/cs\/informace\/prospekty-propagacni-materialy\/\">Propaga\u010dn\u00edmi materi\u00e1ly<\/a>. Dal\u0161\u00ed informace obdr\u017e\u00edte v\u00a0<a href=\"https:\/\/urlaub-in-waldkirchen.de\/cs\/informace\/turisticke-informacni-centrum\/\">Turistick\u00e9m informa\u010dn\u00edm centru<\/a>.[\/vc_column_text][\/vc_column][\/vc_row][vc_row][vc_column][vc_masonry_media_grid element_width=&#8220;3&#8243; grid_id=&#8220;vc_gid:1470141353278-c85ee97d-9984-5&#8243; include=&#8220;1943,1589,1588,1587&#8243;][\/vc_column][\/vc_row][vc_row][vc_column][vc_separator color=&#8220;custom&#8220; accent_color=&#8220;#95c11f&#8220;][vc_btn title=&#8220;zp\u011bt na p\u0159ehled&#8220; shape=&#8220;square&#8220; color=&#8220;green&#8220; size=&#8220;sm&#8220; align=&#8220;right&#8220; link=&#8220;url:http%3A%2F%2Furlaub-in-waldkirchen.de%2Fcs%2Fkultura-a-umeni%2F|||&#8220;][\/vc_column][\/vc_row]<\/p>\n<\/div>","protected":false},"excerpt":{"rendered":"<p>[vc_row][vc_column][vc_empty_space height=&#8220;20px&#8220;][vc_column_text] Historick\u00e9 patn\u00edky na n\u00e1m\u011bst\u00ed [\/vc_column_text][\/vc_column][\/vc_row][vc_row][vc_column][vc_column_text]Skupina historick\u00fdch patn\u00edk\u016f na n\u00e1m\u011bst\u00ed Waldkirchenu je dnes nejzaj\u00edmav\u011bj\u0161\u00edm a nej\u010dast\u011bj\u0161\u00edm motivem fotografi\u00ed n\u00e1v\u0161t\u011bvn\u00edk\u016f m\u011bsta. Kameny m\u011bly p\u016fvodn\u011b pomocnou funkci.<span class=\"excerpt-hellip\"> [\u2026]<\/span><\/p>\n","protected":false},"author":2,"featured_media":0,"parent":4837,"menu_order":0,"comment_status":"closed","ping_status":"closed","template":"","meta":{"footnotes":""},"class_list":["post-2923","page","type-page","status-publish","hentry"],"yoast_head":"<!-- This site is optimized with the Yoast SEO plugin v27.3 - https:\/\/yoast.com\/product\/yoast-seo-wordpress\/ -->\n<title>Historick\u00e9 patn\u00edky - urlaub-in-waldkirchen.de<\/title>\n<meta name=\"description\" content=\"Skupina historick\u00fdch patn\u00edk\u016f na n\u00e1m\u011bst\u00ed Waldkirchenu je dnes nejzaj\u00edmav\u011bj\u0161\u00edm a nej\u010dast\u011bj\u0161\u00edm motivem fotografi\u00ed n\u00e1v\u0161t\u011bvn\u00edk\u016f m\u011bsta.\" \/>\n<meta name=\"robots\" content=\"index, follow, max-snippet:-1, max-image-preview:large, max-video-preview:-1\" \/>\n<link rel=\"canonical\" href=\"https:\/\/urlaub-in-waldkirchen.de\/cs\/kultura-a-umeni-2\/historicke-patniky\/\" \/>\n<meta property=\"og:locale\" content=\"cs_CZ\" \/>\n<meta property=\"og:type\" content=\"article\" \/>\n<meta property=\"og:title\" content=\"Historick\u00e9 patn\u00edky - urlaub-in-waldkirchen.de\" \/>\n<meta property=\"og:description\" content=\"Skupina historick\u00fdch patn\u00edk\u016f na n\u00e1m\u011bst\u00ed Waldkirchenu je dnes nejzaj\u00edmav\u011bj\u0161\u00edm a nej\u010dast\u011bj\u0161\u00edm motivem fotografi\u00ed n\u00e1v\u0161t\u011bvn\u00edk\u016f m\u011bsta.\" \/>\n<meta property=\"og:url\" content=\"https:\/\/urlaub-in-waldkirchen.de\/cs\/kultura-a-umeni-2\/historicke-patniky\/\" \/>\n<meta property=\"og:site_name\" content=\"urlaub-in-waldkirchen.de\" \/>\n<meta property=\"article:modified_time\" content=\"2016-08-02T12:37:45+00:00\" \/>\n<meta name=\"twitter:card\" content=\"summary_large_image\" \/>\n<meta name=\"twitter:label1\" content=\"Odhadovan\u00e1 doba \u010dten\u00ed\" \/>\n\t<meta name=\"twitter:data1\" content=\"2 minuty\" \/>\n<script type=\"application\/ld+json\" class=\"yoast-schema-graph\">{\"@context\":\"https:\\\/\\\/schema.org\",\"@graph\":[{\"@type\":\"WebPage\",\"@id\":\"https:\\\/\\\/urlaub-in-waldkirchen.de\\\/cs\\\/kultura-a-umeni-2\\\/historicke-patniky\\\/\",\"url\":\"https:\\\/\\\/urlaub-in-waldkirchen.de\\\/cs\\\/kultura-a-umeni-2\\\/historicke-patniky\\\/\",\"name\":\"Historick\u00e9 patn\u00edky - urlaub-in-waldkirchen.de\",\"isPartOf\":{\"@id\":\"https:\\\/\\\/urlaub-in-waldkirchen.de\\\/#website\"},\"datePublished\":\"2016-04-29T12:31:00+00:00\",\"dateModified\":\"2016-08-02T12:37:45+00:00\",\"description\":\"Skupina historick\u00fdch patn\u00edk\u016f na n\u00e1m\u011bst\u00ed Waldkirchenu je dnes nejzaj\u00edmav\u011bj\u0161\u00edm a nej\u010dast\u011bj\u0161\u00edm motivem fotografi\u00ed n\u00e1v\u0161t\u011bvn\u00edk\u016f m\u011bsta.\",\"breadcrumb\":{\"@id\":\"https:\\\/\\\/urlaub-in-waldkirchen.de\\\/cs\\\/kultura-a-umeni-2\\\/historicke-patniky\\\/#breadcrumb\"},\"inLanguage\":\"cs\",\"potentialAction\":[{\"@type\":\"ReadAction\",\"target\":[\"https:\\\/\\\/urlaub-in-waldkirchen.de\\\/cs\\\/kultura-a-umeni-2\\\/historicke-patniky\\\/\"]}]},{\"@type\":\"BreadcrumbList\",\"@id\":\"https:\\\/\\\/urlaub-in-waldkirchen.de\\\/cs\\\/kultura-a-umeni-2\\\/historicke-patniky\\\/#breadcrumb\",\"itemListElement\":[{\"@type\":\"ListItem\",\"position\":1,\"name\":\"Startseite\",\"item\":\"https:\\\/\\\/urlaub-in-waldkirchen.de\\\/cs\\\/\"},{\"@type\":\"ListItem\",\"position\":2,\"name\":\"Kultura a um\u011bn\u00ed\",\"item\":\"https:\\\/\\\/urlaub-in-waldkirchen.de\\\/cs\\\/kultura-a-umeni-2\\\/\"},{\"@type\":\"ListItem\",\"position\":3,\"name\":\"Historick\u00e9 patn\u00edky\"}]},{\"@type\":\"WebSite\",\"@id\":\"https:\\\/\\\/urlaub-in-waldkirchen.de\\\/#website\",\"url\":\"https:\\\/\\\/urlaub-in-waldkirchen.de\\\/\",\"name\":\"urlaub-in-waldkirchen.de\",\"description\":\"\",\"potentialAction\":[{\"@type\":\"SearchAction\",\"target\":{\"@type\":\"EntryPoint\",\"urlTemplate\":\"https:\\\/\\\/urlaub-in-waldkirchen.de\\\/?s={search_term_string}\"},\"query-input\":{\"@type\":\"PropertyValueSpecification\",\"valueRequired\":true,\"valueName\":\"search_term_string\"}}],\"inLanguage\":\"cs\"}]}<\/script>\n<!-- \/ Yoast SEO plugin. -->","yoast_head_json":{"title":"Historick\u00e9 patn\u00edky - urlaub-in-waldkirchen.de","description":"Skupina historick\u00fdch patn\u00edk\u016f na n\u00e1m\u011bst\u00ed Waldkirchenu je dnes nejzaj\u00edmav\u011bj\u0161\u00edm a nej\u010dast\u011bj\u0161\u00edm motivem fotografi\u00ed n\u00e1v\u0161t\u011bvn\u00edk\u016f m\u011bsta.","robots":{"index":"index","follow":"follow","max-snippet":"max-snippet:-1","max-image-preview":"max-image-preview:large","max-video-preview":"max-video-preview:-1"},"canonical":"https:\/\/urlaub-in-waldkirchen.de\/cs\/kultura-a-umeni-2\/historicke-patniky\/","og_locale":"cs_CZ","og_type":"article","og_title":"Historick\u00e9 patn\u00edky - urlaub-in-waldkirchen.de","og_description":"Skupina historick\u00fdch patn\u00edk\u016f na n\u00e1m\u011bst\u00ed Waldkirchenu je dnes nejzaj\u00edmav\u011bj\u0161\u00edm a nej\u010dast\u011bj\u0161\u00edm motivem fotografi\u00ed n\u00e1v\u0161t\u011bvn\u00edk\u016f m\u011bsta.","og_url":"https:\/\/urlaub-in-waldkirchen.de\/cs\/kultura-a-umeni-2\/historicke-patniky\/","og_site_name":"urlaub-in-waldkirchen.de","article_modified_time":"2016-08-02T12:37:45+00:00","twitter_card":"summary_large_image","twitter_misc":{"Odhadovan\u00e1 doba \u010dten\u00ed":"2 minuty"},"schema":{"@context":"https:\/\/schema.org","@graph":[{"@type":"WebPage","@id":"https:\/\/urlaub-in-waldkirchen.de\/cs\/kultura-a-umeni-2\/historicke-patniky\/","url":"https:\/\/urlaub-in-waldkirchen.de\/cs\/kultura-a-umeni-2\/historicke-patniky\/","name":"Historick\u00e9 patn\u00edky - urlaub-in-waldkirchen.de","isPartOf":{"@id":"https:\/\/urlaub-in-waldkirchen.de\/#website"},"datePublished":"2016-04-29T12:31:00+00:00","dateModified":"2016-08-02T12:37:45+00:00","description":"Skupina historick\u00fdch patn\u00edk\u016f na n\u00e1m\u011bst\u00ed Waldkirchenu je dnes nejzaj\u00edmav\u011bj\u0161\u00edm a nej\u010dast\u011bj\u0161\u00edm motivem fotografi\u00ed n\u00e1v\u0161t\u011bvn\u00edk\u016f m\u011bsta.","breadcrumb":{"@id":"https:\/\/urlaub-in-waldkirchen.de\/cs\/kultura-a-umeni-2\/historicke-patniky\/#breadcrumb"},"inLanguage":"cs","potentialAction":[{"@type":"ReadAction","target":["https:\/\/urlaub-in-waldkirchen.de\/cs\/kultura-a-umeni-2\/historicke-patniky\/"]}]},{"@type":"BreadcrumbList","@id":"https:\/\/urlaub-in-waldkirchen.de\/cs\/kultura-a-umeni-2\/historicke-patniky\/#breadcrumb","itemListElement":[{"@type":"ListItem","position":1,"name":"Startseite","item":"https:\/\/urlaub-in-waldkirchen.de\/cs\/"},{"@type":"ListItem","position":2,"name":"Kultura a um\u011bn\u00ed","item":"https:\/\/urlaub-in-waldkirchen.de\/cs\/kultura-a-umeni-2\/"},{"@type":"ListItem","position":3,"name":"Historick\u00e9 patn\u00edky"}]},{"@type":"WebSite","@id":"https:\/\/urlaub-in-waldkirchen.de\/#website","url":"https:\/\/urlaub-in-waldkirchen.de\/","name":"urlaub-in-waldkirchen.de","description":"","potentialAction":[{"@type":"SearchAction","target":{"@type":"EntryPoint","urlTemplate":"https:\/\/urlaub-in-waldkirchen.de\/?s={search_term_string}"},"query-input":{"@type":"PropertyValueSpecification","valueRequired":true,"valueName":"search_term_string"}}],"inLanguage":"cs"}]}},"_links":{"self":[{"href":"https:\/\/urlaub-in-waldkirchen.de\/cs\/wp-json\/wp\/v2\/pages\/2923","targetHints":{"allow":["GET"]}}],"collection":[{"href":"https:\/\/urlaub-in-waldkirchen.de\/cs\/wp-json\/wp\/v2\/pages"}],"about":[{"href":"https:\/\/urlaub-in-waldkirchen.de\/cs\/wp-json\/wp\/v2\/types\/page"}],"author":[{"embeddable":true,"href":"https:\/\/urlaub-in-waldkirchen.de\/cs\/wp-json\/wp\/v2\/users\/2"}],"replies":[{"embeddable":true,"href":"https:\/\/urlaub-in-waldkirchen.de\/cs\/wp-json\/wp\/v2\/comments?post=2923"}],"version-history":[{"count":0,"href":"https:\/\/urlaub-in-waldkirchen.de\/cs\/wp-json\/wp\/v2\/pages\/2923\/revisions"}],"up":[{"embeddable":true,"href":"https:\/\/urlaub-in-waldkirchen.de\/cs\/wp-json\/wp\/v2\/pages\/4837"}],"wp:attachment":[{"href":"https:\/\/urlaub-in-waldkirchen.de\/cs\/wp-json\/wp\/v2\/media?parent=2923"}],"curies":[{"name":"wp","href":"https:\/\/api.w.org\/{rel}","templated":true}]}}