{"id":2928,"date":"2016-04-29T14:31:18","date_gmt":"2016-04-29T12:31:18","guid":{"rendered":"https:\/\/urlaub-in-waldkirchen.de\/cs\/kultura-a-umeni\/rauhnacht\/"},"modified":"2016-08-02T14:41:05","modified_gmt":"2016-08-02T12:41:05","slug":"noc-vykurovani","status":"publish","type":"page","link":"https:\/\/urlaub-in-waldkirchen.de\/cs\/kultura-a-umeni-2\/noc-vykurovani\/","title":{"rendered":"Noc vyku\u0159ov\u00e1n\u00ed"},"content":{"rendered":"<div class=\"wpb-content-wrapper\"><p>[vc_row][vc_column][vc_empty_space height=&#8220;20px&#8220;][vc_column_text]<\/p>\n<h1>Waldkirchensk\u00e1 Noc vyku\u0159ov\u00e1n\u00ed<\/h1>\n<p>[\/vc_column_text][\/vc_column][\/vc_row][vc_row][vc_column][vc_column_text]Tis\u00edce \u00fa\u010dastn\u00edk\u016f se sch\u00e1zej\u00ed ka\u017ed\u00fdm rokem <strong>5. ledna\u00a0<\/strong>na n\u00e1m\u011bst\u00ed ve Waldkirchenu, aby se stali sv\u011bdky zcela mimo\u0159\u00e1dn\u00e9 pod\u00edvan\u00e9 <strong>\u201eWaldkirchensk\u00e9 Noci vyku\u0159ov\u00e1n\u00ed\u201c.\u00a0<\/strong>Du\u0161e, kter\u00e9 se kdysi zap\u0159\u00eds\u00e1hly \u010f\u00e1blu, loupe\u017en\u00edci, hleda\u010di poklad\u016f, \u010darod\u011bjnice, smrtka a \u010f\u00e1bel p\u0159in\u00e1\u0161ej\u00ed do m\u011bsta po setm\u011bn\u00ed hr\u016fzostra\u0161nou atmosf\u00e9ru. Za svitu lou\u010d\u00ed, kv\u00edlen\u00ed a hlaholu provozuj\u00ed sv\u00e9 d\u011bsiv\u011b kr\u00e1sn\u00e9 rejdy.<\/p>\n<p>Um\u011blecky ztv\u00e1rn\u011bn\u00e9 masky symbolizuj\u00ed n\u00e1vrat h\u0159\u00ed\u0161n\u00fdch du\u0161\u00ed, kter\u00e9 se v\u00a0t\u011bchto zimn\u00edch noc\u00edch proh\u00e1n\u011bj\u00ed krajem a marn\u011b prahnou po spasen\u00ed.<\/p>\n<p>V\u00edce informac\u00ed naleznete na\u00a0<a href=\"http:\/\/rauhnacht.de\/\">webov\u00fdch str\u00e1nk\u00e1ch spolku<\/a>\u00a0nebo na p\u0159\u00edslu\u0161n\u00fdch <a href=\"https:\/\/www.facebook.com\/Rauhnacht-Waldkirchen-188299314519402\">facebookov\u00fdch str\u00e1nk\u00e1ch<\/a>.[\/vc_column_text][\/vc_column][\/vc_row][vc_row][vc_column][vc_masonry_media_grid element_width=&#8220;3&#8243; grid_id=&#8220;vc_gid:1470141584360-b70f5fb4-6b4e-6&#8243; include=&#8220;1601,1600,1599,1598&#8243;][\/vc_column][\/vc_row][vc_row][vc_column][vc_separator color=&#8220;custom&#8220; accent_color=&#8220;#95c11f&#8220;][vc_btn title=&#8220;zp\u011bt na p\u0159ehled&#8220; shape=&#8220;square&#8220; color=&#8220;green&#8220; size=&#8220;sm&#8220; align=&#8220;right&#8220; link=&#8220;url:http%3A%2F%2Furlaub-in-waldkirchen.de%2Fcs%2Fkultura-a-umeni%2F|||&#8220;][\/vc_column][\/vc_row]<\/p>\n<\/div>","protected":false},"excerpt":{"rendered":"<p>[vc_row][vc_column][vc_empty_space height=&#8220;20px&#8220;][vc_column_text] Waldkirchensk\u00e1 Noc vyku\u0159ov\u00e1n\u00ed [\/vc_column_text][\/vc_column][\/vc_row][vc_row][vc_column][vc_column_text]Tis\u00edce \u00fa\u010dastn\u00edk\u016f se sch\u00e1zej\u00ed ka\u017ed\u00fdm rokem 5. ledna\u00a0na n\u00e1m\u011bst\u00ed ve Waldkirchenu, aby se stali sv\u011bdky zcela mimo\u0159\u00e1dn\u00e9 pod\u00edvan\u00e9 \u201eWaldkirchensk\u00e9 Noci vyku\u0159ov\u00e1n\u00ed\u201c.\u00a0Du\u0161e,<span class=\"excerpt-hellip\"> [\u2026]<\/span><\/p>\n","protected":false},"author":2,"featured_media":0,"parent":4837,"menu_order":0,"comment_status":"closed","ping_status":"closed","template":"","meta":{"footnotes":""},"class_list":["post-2928","page","type-page","status-publish","hentry"],"yoast_head":"<!-- This site is optimized with the Yoast SEO plugin v27.3 - https:\/\/yoast.com\/product\/yoast-seo-wordpress\/ -->\n<title>Noc vyku\u0159ov\u00e1n\u00ed - urlaub-in-waldkirchen.de<\/title>\n<meta name=\"description\" content=\"Tis\u00edce \u00fa\u010dastn\u00edk\u016f se sch\u00e1zej\u00ed ka\u017ed\u00fdm rokem 5. ledna na n\u00e1m\u011bst\u00ed ve Waldkirchenu, aby se stali sv\u011bdky zcela mimo\u0159\u00e1dn\u00e9 pod\u00edvan\u00e9 \u201eWaldkirchensk\u00e9 Noci vyku\u0159ov\u00e1n\u00ed\u201c.\" \/>\n<meta name=\"robots\" content=\"index, follow, max-snippet:-1, max-image-preview:large, max-video-preview:-1\" \/>\n<link rel=\"canonical\" href=\"https:\/\/urlaub-in-waldkirchen.de\/cs\/kultura-a-umeni-2\/noc-vykurovani\/\" \/>\n<meta property=\"og:locale\" content=\"cs_CZ\" \/>\n<meta property=\"og:type\" content=\"article\" \/>\n<meta property=\"og:title\" content=\"Noc vyku\u0159ov\u00e1n\u00ed - urlaub-in-waldkirchen.de\" \/>\n<meta property=\"og:description\" content=\"Tis\u00edce \u00fa\u010dastn\u00edk\u016f se sch\u00e1zej\u00ed ka\u017ed\u00fdm rokem 5. ledna na n\u00e1m\u011bst\u00ed ve Waldkirchenu, aby se stali sv\u011bdky zcela mimo\u0159\u00e1dn\u00e9 pod\u00edvan\u00e9 \u201eWaldkirchensk\u00e9 Noci vyku\u0159ov\u00e1n\u00ed\u201c.\" \/>\n<meta property=\"og:url\" content=\"https:\/\/urlaub-in-waldkirchen.de\/cs\/kultura-a-umeni-2\/noc-vykurovani\/\" \/>\n<meta property=\"og:site_name\" content=\"urlaub-in-waldkirchen.de\" \/>\n<meta property=\"article:modified_time\" content=\"2016-08-02T12:41:05+00:00\" \/>\n<meta name=\"twitter:card\" content=\"summary_large_image\" \/>\n<meta name=\"twitter:label1\" content=\"Odhadovan\u00e1 doba \u010dten\u00ed\" \/>\n\t<meta name=\"twitter:data1\" content=\"1 minuta\" \/>\n<script type=\"application\/ld+json\" class=\"yoast-schema-graph\">{\"@context\":\"https:\\\/\\\/schema.org\",\"@graph\":[{\"@type\":\"WebPage\",\"@id\":\"https:\\\/\\\/urlaub-in-waldkirchen.de\\\/cs\\\/kultura-a-umeni-2\\\/noc-vykurovani\\\/\",\"url\":\"https:\\\/\\\/urlaub-in-waldkirchen.de\\\/cs\\\/kultura-a-umeni-2\\\/noc-vykurovani\\\/\",\"name\":\"Noc vyku\u0159ov\u00e1n\u00ed - urlaub-in-waldkirchen.de\",\"isPartOf\":{\"@id\":\"https:\\\/\\\/urlaub-in-waldkirchen.de\\\/#website\"},\"datePublished\":\"2016-04-29T12:31:18+00:00\",\"dateModified\":\"2016-08-02T12:41:05+00:00\",\"description\":\"Tis\u00edce \u00fa\u010dastn\u00edk\u016f se sch\u00e1zej\u00ed ka\u017ed\u00fdm rokem 5. ledna na n\u00e1m\u011bst\u00ed ve Waldkirchenu, aby se stali sv\u011bdky zcela mimo\u0159\u00e1dn\u00e9 pod\u00edvan\u00e9 \u201eWaldkirchensk\u00e9 Noci vyku\u0159ov\u00e1n\u00ed\u201c.\",\"breadcrumb\":{\"@id\":\"https:\\\/\\\/urlaub-in-waldkirchen.de\\\/cs\\\/kultura-a-umeni-2\\\/noc-vykurovani\\\/#breadcrumb\"},\"inLanguage\":\"cs\",\"potentialAction\":[{\"@type\":\"ReadAction\",\"target\":[\"https:\\\/\\\/urlaub-in-waldkirchen.de\\\/cs\\\/kultura-a-umeni-2\\\/noc-vykurovani\\\/\"]}]},{\"@type\":\"BreadcrumbList\",\"@id\":\"https:\\\/\\\/urlaub-in-waldkirchen.de\\\/cs\\\/kultura-a-umeni-2\\\/noc-vykurovani\\\/#breadcrumb\",\"itemListElement\":[{\"@type\":\"ListItem\",\"position\":1,\"name\":\"Startseite\",\"item\":\"https:\\\/\\\/urlaub-in-waldkirchen.de\\\/cs\\\/\"},{\"@type\":\"ListItem\",\"position\":2,\"name\":\"Kultura a um\u011bn\u00ed\",\"item\":\"https:\\\/\\\/urlaub-in-waldkirchen.de\\\/cs\\\/kultura-a-umeni-2\\\/\"},{\"@type\":\"ListItem\",\"position\":3,\"name\":\"Noc vyku\u0159ov\u00e1n\u00ed\"}]},{\"@type\":\"WebSite\",\"@id\":\"https:\\\/\\\/urlaub-in-waldkirchen.de\\\/#website\",\"url\":\"https:\\\/\\\/urlaub-in-waldkirchen.de\\\/\",\"name\":\"urlaub-in-waldkirchen.de\",\"description\":\"\",\"potentialAction\":[{\"@type\":\"SearchAction\",\"target\":{\"@type\":\"EntryPoint\",\"urlTemplate\":\"https:\\\/\\\/urlaub-in-waldkirchen.de\\\/?s={search_term_string}\"},\"query-input\":{\"@type\":\"PropertyValueSpecification\",\"valueRequired\":true,\"valueName\":\"search_term_string\"}}],\"inLanguage\":\"cs\"}]}<\/script>\n<!-- \/ Yoast SEO plugin. -->","yoast_head_json":{"title":"Noc vyku\u0159ov\u00e1n\u00ed - urlaub-in-waldkirchen.de","description":"Tis\u00edce \u00fa\u010dastn\u00edk\u016f se sch\u00e1zej\u00ed ka\u017ed\u00fdm rokem 5. ledna na n\u00e1m\u011bst\u00ed ve Waldkirchenu, aby se stali sv\u011bdky zcela mimo\u0159\u00e1dn\u00e9 pod\u00edvan\u00e9 \u201eWaldkirchensk\u00e9 Noci vyku\u0159ov\u00e1n\u00ed\u201c.","robots":{"index":"index","follow":"follow","max-snippet":"max-snippet:-1","max-image-preview":"max-image-preview:large","max-video-preview":"max-video-preview:-1"},"canonical":"https:\/\/urlaub-in-waldkirchen.de\/cs\/kultura-a-umeni-2\/noc-vykurovani\/","og_locale":"cs_CZ","og_type":"article","og_title":"Noc vyku\u0159ov\u00e1n\u00ed - urlaub-in-waldkirchen.de","og_description":"Tis\u00edce \u00fa\u010dastn\u00edk\u016f se sch\u00e1zej\u00ed ka\u017ed\u00fdm rokem 5. ledna na n\u00e1m\u011bst\u00ed ve Waldkirchenu, aby se stali sv\u011bdky zcela mimo\u0159\u00e1dn\u00e9 pod\u00edvan\u00e9 \u201eWaldkirchensk\u00e9 Noci vyku\u0159ov\u00e1n\u00ed\u201c.","og_url":"https:\/\/urlaub-in-waldkirchen.de\/cs\/kultura-a-umeni-2\/noc-vykurovani\/","og_site_name":"urlaub-in-waldkirchen.de","article_modified_time":"2016-08-02T12:41:05+00:00","twitter_card":"summary_large_image","twitter_misc":{"Odhadovan\u00e1 doba \u010dten\u00ed":"1 minuta"},"schema":{"@context":"https:\/\/schema.org","@graph":[{"@type":"WebPage","@id":"https:\/\/urlaub-in-waldkirchen.de\/cs\/kultura-a-umeni-2\/noc-vykurovani\/","url":"https:\/\/urlaub-in-waldkirchen.de\/cs\/kultura-a-umeni-2\/noc-vykurovani\/","name":"Noc vyku\u0159ov\u00e1n\u00ed - urlaub-in-waldkirchen.de","isPartOf":{"@id":"https:\/\/urlaub-in-waldkirchen.de\/#website"},"datePublished":"2016-04-29T12:31:18+00:00","dateModified":"2016-08-02T12:41:05+00:00","description":"Tis\u00edce \u00fa\u010dastn\u00edk\u016f se sch\u00e1zej\u00ed ka\u017ed\u00fdm rokem 5. ledna na n\u00e1m\u011bst\u00ed ve Waldkirchenu, aby se stali sv\u011bdky zcela mimo\u0159\u00e1dn\u00e9 pod\u00edvan\u00e9 \u201eWaldkirchensk\u00e9 Noci vyku\u0159ov\u00e1n\u00ed\u201c.","breadcrumb":{"@id":"https:\/\/urlaub-in-waldkirchen.de\/cs\/kultura-a-umeni-2\/noc-vykurovani\/#breadcrumb"},"inLanguage":"cs","potentialAction":[{"@type":"ReadAction","target":["https:\/\/urlaub-in-waldkirchen.de\/cs\/kultura-a-umeni-2\/noc-vykurovani\/"]}]},{"@type":"BreadcrumbList","@id":"https:\/\/urlaub-in-waldkirchen.de\/cs\/kultura-a-umeni-2\/noc-vykurovani\/#breadcrumb","itemListElement":[{"@type":"ListItem","position":1,"name":"Startseite","item":"https:\/\/urlaub-in-waldkirchen.de\/cs\/"},{"@type":"ListItem","position":2,"name":"Kultura a um\u011bn\u00ed","item":"https:\/\/urlaub-in-waldkirchen.de\/cs\/kultura-a-umeni-2\/"},{"@type":"ListItem","position":3,"name":"Noc vyku\u0159ov\u00e1n\u00ed"}]},{"@type":"WebSite","@id":"https:\/\/urlaub-in-waldkirchen.de\/#website","url":"https:\/\/urlaub-in-waldkirchen.de\/","name":"urlaub-in-waldkirchen.de","description":"","potentialAction":[{"@type":"SearchAction","target":{"@type":"EntryPoint","urlTemplate":"https:\/\/urlaub-in-waldkirchen.de\/?s={search_term_string}"},"query-input":{"@type":"PropertyValueSpecification","valueRequired":true,"valueName":"search_term_string"}}],"inLanguage":"cs"}]}},"_links":{"self":[{"href":"https:\/\/urlaub-in-waldkirchen.de\/cs\/wp-json\/wp\/v2\/pages\/2928","targetHints":{"allow":["GET"]}}],"collection":[{"href":"https:\/\/urlaub-in-waldkirchen.de\/cs\/wp-json\/wp\/v2\/pages"}],"about":[{"href":"https:\/\/urlaub-in-waldkirchen.de\/cs\/wp-json\/wp\/v2\/types\/page"}],"author":[{"embeddable":true,"href":"https:\/\/urlaub-in-waldkirchen.de\/cs\/wp-json\/wp\/v2\/users\/2"}],"replies":[{"embeddable":true,"href":"https:\/\/urlaub-in-waldkirchen.de\/cs\/wp-json\/wp\/v2\/comments?post=2928"}],"version-history":[{"count":0,"href":"https:\/\/urlaub-in-waldkirchen.de\/cs\/wp-json\/wp\/v2\/pages\/2928\/revisions"}],"up":[{"embeddable":true,"href":"https:\/\/urlaub-in-waldkirchen.de\/cs\/wp-json\/wp\/v2\/pages\/4837"}],"wp:attachment":[{"href":"https:\/\/urlaub-in-waldkirchen.de\/cs\/wp-json\/wp\/v2\/media?parent=2928"}],"curies":[{"name":"wp","href":"https:\/\/api.w.org\/{rel}","templated":true}]}}