{"id":2934,"date":"2016-04-29T14:31:37","date_gmt":"2016-04-29T12:31:37","guid":{"rendered":"https:\/\/urlaub-in-waldkirchen.de\/cs\/kultura-a-umeni\/stadtkapelle-waldkirchen\/"},"modified":"2016-08-02T14:48:44","modified_gmt":"2016-08-02T12:48:44","slug":"mestska-kapela-waldkirchen","status":"publish","type":"page","link":"https:\/\/urlaub-in-waldkirchen.de\/cs\/kultura-a-umeni-2\/mestska-kapela-waldkirchen\/","title":{"rendered":"M\u011bstsk\u00e1 kapela Waldkirchen"},"content":{"rendered":"<div class=\"wpb-content-wrapper\"><p>[vc_row][vc_column][vc_empty_space height=&#8220;20px&#8220;][vc_column_text]<\/p>\n<h1>M\u011bstsk\u00e1 kapela Waldkirchen<\/h1>\n<p>[\/vc_column_text][\/vc_column][\/vc_row][vc_row][vc_column][vc_column_text]M\u011bstsk\u00e1 kapela Waldkirchen byla zalo\u017eena v roce 1975 jako ml\u00e1de\u017enick\u00fd dechov\u00fd orchestr. V\u00a0pr\u016fb\u011bhu let se prom\u011bnila ve vysoce kvalitn\u00ed dechov\u00fd orchestr, kter\u00fd doprov\u00e1z\u00ed ve\u0159ejn\u00e9 akce m\u011bsta Waldkirchen a nab\u00edz\u00ed bohat\u00fd reperto\u00e1r pro programy spolkov\u00fdch slavnost\u00ed, pr\u016fvody, narozeninov\u00e9 oslavy apod.<\/p>\n<p>M\u011bstsk\u00e1 kapela Waldkirchen m\u00e1 60 hudebn\u00edk\u016f. V\u0161ichni jej\u00ed \u010dlenov\u00e9 se hudb\u011b v\u011bnuj\u00ed ve sv\u00e9m voln\u00e9m \u010dase. T\u00edm v\u00edce je vysok\u00e1 \u00farove\u0148 orchestru obdivuhodn\u00e1.<\/p>\n<p>Dal\u0161\u00ed informace z\u00edsk\u00e1te na\u00a0webov\u00fdch str\u00e1nk\u00e1ch <a href=\"http:\/\/www.stadtkapelle-waldkirchen.de\/\" target=\"_blank\">M\u011bstsk\u00e9 kapely Waldkirchen<\/a>\u00a0nebo na p\u0159\u00edslu\u0161n\u00fdch\u00a0<a href=\"https:\/\/www.facebook.com\/stadtkapelle.waldkirchen\" target=\"_blank\">facebookov\u00fdch str\u00e1nk\u00e1ch<\/a>.[\/vc_column_text][\/vc_column][\/vc_row][vc_row][vc_column][vc_masonry_media_grid element_width=&#8220;3&#8243; grid_id=&#8220;vc_gid:1470142075377-a2fae2b0-c176-5&#8243; include=&#8220;1621,1620,1619,1617&#8243;][\/vc_column][\/vc_row][vc_row][vc_column][vc_separator color=&#8220;custom&#8220; accent_color=&#8220;#95c11f&#8220;][vc_btn title=&#8220;zp\u011bt na p\u0159ehled&#8220; shape=&#8220;square&#8220; color=&#8220;green&#8220; size=&#8220;sm&#8220; align=&#8220;right&#8220; link=&#8220;url:http%3A%2F%2Furlaub-in-waldkirchen.de%2Fcs%2Fkultura-a-umeni%2F|||&#8220;][\/vc_column][\/vc_row]<\/p>\n<\/div>","protected":false},"excerpt":{"rendered":"<p>[vc_row][vc_column][vc_empty_space height=&#8220;20px&#8220;][vc_column_text] M\u011bstsk\u00e1 kapela Waldkirchen [\/vc_column_text][\/vc_column][\/vc_row][vc_row][vc_column][vc_column_text]M\u011bstsk\u00e1 kapela Waldkirchen byla zalo\u017eena v roce 1975 jako ml\u00e1de\u017enick\u00fd dechov\u00fd orchestr. V\u00a0pr\u016fb\u011bhu let se prom\u011bnila ve vysoce kvalitn\u00ed dechov\u00fd orchestr,<span class=\"excerpt-hellip\"> [\u2026]<\/span><\/p>\n","protected":false},"author":2,"featured_media":0,"parent":4837,"menu_order":0,"comment_status":"closed","ping_status":"closed","template":"","meta":{"footnotes":""},"class_list":["post-2934","page","type-page","status-publish","hentry"],"yoast_head":"<!-- This site is optimized with the Yoast SEO plugin v27.0 - https:\/\/yoast.com\/product\/yoast-seo-wordpress\/ -->\n<title>M\u011bstsk\u00e1 kapela Waldkirchen - urlaub-in-waldkirchen.de<\/title>\n<meta name=\"description\" content=\"M\u011bstsk\u00e1 kapela Waldkirchen byla zalo\u017eena v roce 1975 jako ml\u00e1de\u017enick\u00fd dechov\u00fd orchestr. V pr\u016fb\u011bhu let se prom\u011bnila ve vysoce kvalitn\u00ed dechov\u00fd orchestr, kter\u00fd doprov\u00e1z\u00ed ve\u0159ejn\u00e9 akce m\u011bsta Waldkirchen a nab\u00edz\u00ed bohat\u00fd reperto\u00e1r pro programy spolkov\u00fdch slavnost\u00ed, pr\u016fvody, narozeninov\u00e9 oslavy apod.\" \/>\n<meta name=\"robots\" content=\"index, follow, max-snippet:-1, max-image-preview:large, max-video-preview:-1\" \/>\n<link rel=\"canonical\" href=\"https:\/\/urlaub-in-waldkirchen.de\/cs\/kultura-a-umeni-2\/mestska-kapela-waldkirchen\/\" \/>\n<meta property=\"og:locale\" content=\"cs_CZ\" \/>\n<meta property=\"og:type\" content=\"article\" \/>\n<meta property=\"og:title\" content=\"M\u011bstsk\u00e1 kapela Waldkirchen - urlaub-in-waldkirchen.de\" \/>\n<meta property=\"og:description\" content=\"M\u011bstsk\u00e1 kapela Waldkirchen byla zalo\u017eena v roce 1975 jako ml\u00e1de\u017enick\u00fd dechov\u00fd orchestr. V pr\u016fb\u011bhu let se prom\u011bnila ve vysoce kvalitn\u00ed dechov\u00fd orchestr, kter\u00fd doprov\u00e1z\u00ed ve\u0159ejn\u00e9 akce m\u011bsta Waldkirchen a nab\u00edz\u00ed bohat\u00fd reperto\u00e1r pro programy spolkov\u00fdch slavnost\u00ed, pr\u016fvody, narozeninov\u00e9 oslavy apod.\" \/>\n<meta property=\"og:url\" content=\"https:\/\/urlaub-in-waldkirchen.de\/cs\/kultura-a-umeni-2\/mestska-kapela-waldkirchen\/\" \/>\n<meta property=\"og:site_name\" content=\"urlaub-in-waldkirchen.de\" \/>\n<meta property=\"article:modified_time\" content=\"2016-08-02T12:48:44+00:00\" \/>\n<meta name=\"twitter:card\" content=\"summary_large_image\" \/>\n<meta name=\"twitter:label1\" content=\"Odhadovan\u00e1 doba \u010dten\u00ed\" \/>\n\t<meta name=\"twitter:data1\" content=\"1 minuta\" \/>\n<script type=\"application\/ld+json\" class=\"yoast-schema-graph\">{\"@context\":\"https:\/\/schema.org\",\"@graph\":[{\"@type\":\"WebPage\",\"@id\":\"https:\/\/urlaub-in-waldkirchen.de\/cs\/kultura-a-umeni-2\/mestska-kapela-waldkirchen\/\",\"url\":\"https:\/\/urlaub-in-waldkirchen.de\/cs\/kultura-a-umeni-2\/mestska-kapela-waldkirchen\/\",\"name\":\"M\u011bstsk\u00e1 kapela Waldkirchen - urlaub-in-waldkirchen.de\",\"isPartOf\":{\"@id\":\"https:\/\/urlaub-in-waldkirchen.de\/#website\"},\"datePublished\":\"2016-04-29T12:31:37+00:00\",\"dateModified\":\"2016-08-02T12:48:44+00:00\",\"description\":\"M\u011bstsk\u00e1 kapela Waldkirchen byla zalo\u017eena v roce 1975 jako ml\u00e1de\u017enick\u00fd dechov\u00fd orchestr. V pr\u016fb\u011bhu let se prom\u011bnila ve vysoce kvalitn\u00ed dechov\u00fd orchestr, kter\u00fd doprov\u00e1z\u00ed ve\u0159ejn\u00e9 akce m\u011bsta Waldkirchen a nab\u00edz\u00ed bohat\u00fd reperto\u00e1r pro programy spolkov\u00fdch slavnost\u00ed, pr\u016fvody, narozeninov\u00e9 oslavy apod.\",\"breadcrumb\":{\"@id\":\"https:\/\/urlaub-in-waldkirchen.de\/cs\/kultura-a-umeni-2\/mestska-kapela-waldkirchen\/#breadcrumb\"},\"inLanguage\":\"cs\",\"potentialAction\":[{\"@type\":\"ReadAction\",\"target\":[\"https:\/\/urlaub-in-waldkirchen.de\/cs\/kultura-a-umeni-2\/mestska-kapela-waldkirchen\/\"]}]},{\"@type\":\"BreadcrumbList\",\"@id\":\"https:\/\/urlaub-in-waldkirchen.de\/cs\/kultura-a-umeni-2\/mestska-kapela-waldkirchen\/#breadcrumb\",\"itemListElement\":[{\"@type\":\"ListItem\",\"position\":1,\"name\":\"Startseite\",\"item\":\"https:\/\/urlaub-in-waldkirchen.de\/cs\/\"},{\"@type\":\"ListItem\",\"position\":2,\"name\":\"Kultura a um\u011bn\u00ed\",\"item\":\"https:\/\/urlaub-in-waldkirchen.de\/cs\/kultura-a-umeni-2\/\"},{\"@type\":\"ListItem\",\"position\":3,\"name\":\"M\u011bstsk\u00e1 kapela Waldkirchen\"}]},{\"@type\":\"WebSite\",\"@id\":\"https:\/\/urlaub-in-waldkirchen.de\/#website\",\"url\":\"https:\/\/urlaub-in-waldkirchen.de\/\",\"name\":\"urlaub-in-waldkirchen.de\",\"description\":\"\",\"potentialAction\":[{\"@type\":\"SearchAction\",\"target\":{\"@type\":\"EntryPoint\",\"urlTemplate\":\"https:\/\/urlaub-in-waldkirchen.de\/?s={search_term_string}\"},\"query-input\":{\"@type\":\"PropertyValueSpecification\",\"valueRequired\":true,\"valueName\":\"search_term_string\"}}],\"inLanguage\":\"cs\"}]}<\/script>\n<!-- \/ Yoast SEO plugin. -->","yoast_head_json":{"title":"M\u011bstsk\u00e1 kapela Waldkirchen - urlaub-in-waldkirchen.de","description":"M\u011bstsk\u00e1 kapela Waldkirchen byla zalo\u017eena v roce 1975 jako ml\u00e1de\u017enick\u00fd dechov\u00fd orchestr. V pr\u016fb\u011bhu let se prom\u011bnila ve vysoce kvalitn\u00ed dechov\u00fd orchestr, kter\u00fd doprov\u00e1z\u00ed ve\u0159ejn\u00e9 akce m\u011bsta Waldkirchen a nab\u00edz\u00ed bohat\u00fd reperto\u00e1r pro programy spolkov\u00fdch slavnost\u00ed, pr\u016fvody, narozeninov\u00e9 oslavy apod.","robots":{"index":"index","follow":"follow","max-snippet":"max-snippet:-1","max-image-preview":"max-image-preview:large","max-video-preview":"max-video-preview:-1"},"canonical":"https:\/\/urlaub-in-waldkirchen.de\/cs\/kultura-a-umeni-2\/mestska-kapela-waldkirchen\/","og_locale":"cs_CZ","og_type":"article","og_title":"M\u011bstsk\u00e1 kapela Waldkirchen - urlaub-in-waldkirchen.de","og_description":"M\u011bstsk\u00e1 kapela Waldkirchen byla zalo\u017eena v roce 1975 jako ml\u00e1de\u017enick\u00fd dechov\u00fd orchestr. V pr\u016fb\u011bhu let se prom\u011bnila ve vysoce kvalitn\u00ed dechov\u00fd orchestr, kter\u00fd doprov\u00e1z\u00ed ve\u0159ejn\u00e9 akce m\u011bsta Waldkirchen a nab\u00edz\u00ed bohat\u00fd reperto\u00e1r pro programy spolkov\u00fdch slavnost\u00ed, pr\u016fvody, narozeninov\u00e9 oslavy apod.","og_url":"https:\/\/urlaub-in-waldkirchen.de\/cs\/kultura-a-umeni-2\/mestska-kapela-waldkirchen\/","og_site_name":"urlaub-in-waldkirchen.de","article_modified_time":"2016-08-02T12:48:44+00:00","twitter_card":"summary_large_image","twitter_misc":{"Odhadovan\u00e1 doba \u010dten\u00ed":"1 minuta"},"schema":{"@context":"https:\/\/schema.org","@graph":[{"@type":"WebPage","@id":"https:\/\/urlaub-in-waldkirchen.de\/cs\/kultura-a-umeni-2\/mestska-kapela-waldkirchen\/","url":"https:\/\/urlaub-in-waldkirchen.de\/cs\/kultura-a-umeni-2\/mestska-kapela-waldkirchen\/","name":"M\u011bstsk\u00e1 kapela Waldkirchen - urlaub-in-waldkirchen.de","isPartOf":{"@id":"https:\/\/urlaub-in-waldkirchen.de\/#website"},"datePublished":"2016-04-29T12:31:37+00:00","dateModified":"2016-08-02T12:48:44+00:00","description":"M\u011bstsk\u00e1 kapela Waldkirchen byla zalo\u017eena v roce 1975 jako ml\u00e1de\u017enick\u00fd dechov\u00fd orchestr. V pr\u016fb\u011bhu let se prom\u011bnila ve vysoce kvalitn\u00ed dechov\u00fd orchestr, kter\u00fd doprov\u00e1z\u00ed ve\u0159ejn\u00e9 akce m\u011bsta Waldkirchen a nab\u00edz\u00ed bohat\u00fd reperto\u00e1r pro programy spolkov\u00fdch slavnost\u00ed, pr\u016fvody, narozeninov\u00e9 oslavy apod.","breadcrumb":{"@id":"https:\/\/urlaub-in-waldkirchen.de\/cs\/kultura-a-umeni-2\/mestska-kapela-waldkirchen\/#breadcrumb"},"inLanguage":"cs","potentialAction":[{"@type":"ReadAction","target":["https:\/\/urlaub-in-waldkirchen.de\/cs\/kultura-a-umeni-2\/mestska-kapela-waldkirchen\/"]}]},{"@type":"BreadcrumbList","@id":"https:\/\/urlaub-in-waldkirchen.de\/cs\/kultura-a-umeni-2\/mestska-kapela-waldkirchen\/#breadcrumb","itemListElement":[{"@type":"ListItem","position":1,"name":"Startseite","item":"https:\/\/urlaub-in-waldkirchen.de\/cs\/"},{"@type":"ListItem","position":2,"name":"Kultura a um\u011bn\u00ed","item":"https:\/\/urlaub-in-waldkirchen.de\/cs\/kultura-a-umeni-2\/"},{"@type":"ListItem","position":3,"name":"M\u011bstsk\u00e1 kapela Waldkirchen"}]},{"@type":"WebSite","@id":"https:\/\/urlaub-in-waldkirchen.de\/#website","url":"https:\/\/urlaub-in-waldkirchen.de\/","name":"urlaub-in-waldkirchen.de","description":"","potentialAction":[{"@type":"SearchAction","target":{"@type":"EntryPoint","urlTemplate":"https:\/\/urlaub-in-waldkirchen.de\/?s={search_term_string}"},"query-input":{"@type":"PropertyValueSpecification","valueRequired":true,"valueName":"search_term_string"}}],"inLanguage":"cs"}]}},"_links":{"self":[{"href":"https:\/\/urlaub-in-waldkirchen.de\/cs\/wp-json\/wp\/v2\/pages\/2934","targetHints":{"allow":["GET"]}}],"collection":[{"href":"https:\/\/urlaub-in-waldkirchen.de\/cs\/wp-json\/wp\/v2\/pages"}],"about":[{"href":"https:\/\/urlaub-in-waldkirchen.de\/cs\/wp-json\/wp\/v2\/types\/page"}],"author":[{"embeddable":true,"href":"https:\/\/urlaub-in-waldkirchen.de\/cs\/wp-json\/wp\/v2\/users\/2"}],"replies":[{"embeddable":true,"href":"https:\/\/urlaub-in-waldkirchen.de\/cs\/wp-json\/wp\/v2\/comments?post=2934"}],"version-history":[{"count":0,"href":"https:\/\/urlaub-in-waldkirchen.de\/cs\/wp-json\/wp\/v2\/pages\/2934\/revisions"}],"up":[{"embeddable":true,"href":"https:\/\/urlaub-in-waldkirchen.de\/cs\/wp-json\/wp\/v2\/pages\/4837"}],"wp:attachment":[{"href":"https:\/\/urlaub-in-waldkirchen.de\/cs\/wp-json\/wp\/v2\/media?parent=2934"}],"curies":[{"name":"wp","href":"https:\/\/api.w.org\/{rel}","templated":true}]}}