{"id":2941,"date":"2016-04-29T14:32:34","date_gmt":"2016-04-29T12:32:34","guid":{"rendered":"https:\/\/urlaub-in-waldkirchen.de\/cs\/kultura-a-umeni\/kuenstler-kunstfoerderer\/"},"modified":"2016-08-02T15:30:42","modified_gmt":"2016-08-02T13:30:42","slug":"umelci-a-mecenasi-umeni","status":"publish","type":"page","link":"https:\/\/urlaub-in-waldkirchen.de\/cs\/kultura-a-umeni-2\/umelci-a-mecenasi-umeni\/","title":{"rendered":"Um\u011blci a mecen\u00e1\u0161i um\u011bn\u00ed"},"content":{"rendered":"<div class=\"wpb-content-wrapper\"><p>[vc_row][vc_column][vc_empty_space height=&#8220;20px&#8220;][vc_column_text]<\/p>\n<h1>Um\u011blci a mecen\u00e1\u0161i um\u011bn\u00ed ve Waldkirchenu a okol\u00ed<\/h1>\n<p>[\/vc_column_text][\/vc_column][\/vc_row][vc_row][vc_column][vc_column_text]Ve Waldkirchenu p\u016fsob\u00ed cel\u00e1 \u0159ada um\u011blc\u016f, mal\u00ed\u0159\u016f a fotograf\u016f. Prost\u0159ednictv\u00edm tohoto seznamu bychom v\u00e1m cht\u011bli zprost\u0159edkovat alespo\u0148 z\u00e1kladn\u00ed p\u0159ehled. Pokud v\u00e1s zaj\u00edmaj\u00ed podrobn\u011bj\u0161\u00ed informace, klikn\u011bte pros\u00edm na konkr\u00e9tn\u00ed jm\u00e9no!<\/p>\n<p>Autory um\u011bleck\u00fd d\u011bl na tituln\u00ed stran\u011b jsou Petronilla Hohenwarter (vlevo), Franz Hintermann (uprost\u0159ed), Renate Balda (vpravo).[\/vc_column_text][vc_tta_accordion active_section=&#8220;25&#8243; collapsible_all=&#8220;true&#8220;][vc_tta_section title=&#8220;Balda Renate&#8220; tab_id=&#8220;1466670248996-af062361-775f&#8220;][vc_column_text]narozena 1955 v Plattlingu, Doln\u00ed Bavorsko<br \/>\n\u017eije a pracuje ve Waldkirchenu, Doln\u00ed Bavorsko<\/p>\n<p>v\u00a0letech 1980 \u2013 1983<br \/>\nstudium mal\u00ed\u0159stv\u00ed na Um\u011bleck\u00e9 akademii Norimberk u Ernsta Weila a Christine Sack-Colditz<br \/>\nb\u011bhem studia z\u00edskala prvn\u00ed zku\u0161enosti s\u00a0keramikou<br \/>\nod roku 1984 pr\u00e1ce ve vlastn\u00ed keramick\u00e9 d\u00edln\u011b<br \/>\nod roku 1992 voln\u00e1 keramick\u00e1 tvorba<br \/>\nod roku 1993 malba, nejprve na hl\u00ednu, od roku 1994 na pap\u00edr, pozd\u011bji na pl\u00e1tno<\/p>\n<p>nejd\u0159\u00edve malba s\u00a0r\u016fzn\u00fdmi druhy zemin, pigment\u016f apod. bez tmel\u016f (pastely), pozd\u011bji v\u010del\u00ed vosk (enkaustika)<\/p>\n<p>od podzimu 2002 pr\u00e1ce s\u00a0voskem<br \/>\npo\u010d\u00e1tkem roku 2003 litografie<\/p>\n<p>2004<br \/>\nn\u00e1v\u0161t\u011bva u Inge Dick u Mondsee, prvn\u00ed kontakt se Soniou Costanini<\/p>\n<p>od podzimu 2004 akryl na pl\u00e1tn\u011b<br \/>\nod podzimu 2010 malba vodov\u00fdm \u0161elakov\u00fdm roztokem a pigmentem na ru\u010dn\u011b vyr\u00e1b\u011bn\u00fd a japonsk\u00fd pap\u00edr<\/p>\n<p>webov\u00e9 str\u00e1nky:\u00a0<a href=\"http:\/\/www.renatebalda.de\/\" target=\"_blank\">www.renatebalda.de<\/a><br \/>\nfacebook:\u00a0<a href=\"https:\/\/www.facebook.com\/renatebalda\/\" target=\"_blank\">www.facebook.com\/renatebalda<\/a>[\/vc_column_text][\/vc_tta_section][vc_tta_section title=&#8220;Berndl Rupert&#8220; tab_id=&#8220;1466670249055-5f5395d0-dd7c&#8220;][vc_column_text]Narozen 26.10.1940 v Pasov\u011b. Po maturit\u011b absolvoval studium mal\u00ed\u0159stv\u00ed a socha\u0159stv\u00ed na Akademii v\u00fdtvarn\u00fdch um\u011bn\u00ed v\u00a0Mnichov\u011b. V\u00a0letech 1965 a\u017e 2005 byl um\u011bleck\u00fdm vychovatelem na Gymn\u00e1ziu Johannese Gutenberga ve Waldkirchenu. Obl\u00edben\u00e9 techniky jsou akvarel, olejomalba, d\u0159evo\u0159ezba a plastiky z\u00a0bronzu a kovov\u00e9ho \u0161rotu.<\/p>\n<p>\u201eV mal\u00ed\u0159stv\u00ed mi jde p\u0159edev\u0161\u00edm o to, zprost\u0159edkovat rytmus, strukturu a nap\u011bt\u00ed, ale tak\u00e9 pestrost n\u00e1lad na\u0161\u00ed domovsk\u00e9 krajiny. R\u00e1d p\u0159itom pracuji s\u00a0mnoha odst\u00edny \u0161ed\u00fdch a b\u00edl\u00fdch t\u00f3n\u016f zimn\u00ed krajiny. V\u00a0socha\u0159sk\u00e9 pr\u00e1ci se pokou\u0161\u00edm vyj\u00e1d\u0159it typick\u00e9 rysy ur\u010dit\u011b postavy z\u00a0hlediska anatomie a pohybu prost\u0159ednictv\u00edm vystup\u0148ovan\u00e9 plasticity a zjednodu\u0161en\u00e9ho jazyka forem.<\/p>\n<p>Rupert Berndl<br \/>\nReith\u00e4ckerstra\u00dfe 7<br \/>\n94065 Waldkirchen<br \/>\nTel. 08581\/8484<br \/>\nMail: <a href=\"mailto:rupert.berndl@freenet.de\">rupert.berndl@freenet.de<\/a>[\/vc_column_text][\/vc_tta_section][vc_tta_section title=&#8220;Hohenwarter Petronilla&#8220; tab_id=&#8220;1466670533776-2747bf3f-b6c0&#8243;][vc_column_text]Petronilla HohenwARTer<br \/>\nnar. 1965 ve Waldkirchenu \/ Doln\u00ed Bavorsko<\/p>\n<p>Anga\u017eovan\u00e1, ambici\u00f3zn\u00ed um\u011blkyn\u011b, kter\u00e1 se ve sv\u00e9m um\u011bn\u00ed zam\u011b\u0159uje na duchovn\u00ed bohatstv\u00ed \u010dlov\u011bka, jeho obraze a v\u00fdraz \u2013 jej\u00ed pr\u00e1ce se vyzna\u010duj\u00ed \u017eivou autenticitou.<\/p>\n<p>STUDIUM \/ PRAXE<br \/>\n1983-1986 studium na Akademii soci\u00e1ln\u00ed pedagogiky, Pasov<br \/>\n1995-1997 psychologicko-pedagogicky orientovan\u00e9 roz\u0161i\u0159uj\u00edc\u00ed studium TIRA, Mnichov<br \/>\n1987-1997 pr\u00e1ce v\u00a0oblasti vzd\u011bl\u00e1v\u00e1n\u00ed d\u011bt\u00ed, ml\u00e1de\u017ee a dosp\u011bl\u00fdch<br \/>\n1997-2000 hostuj\u00edc\u00ed studentka Visual Art, Univerzita Surakarta, Indon\u00e9sie, jihov\u00fdchodn\u00ed Asie<br \/>\n1999-2003 roz\u0161i\u0159uj\u00edc\u00ed vzd\u011bl\u00e1n\u00ed Voln\u00e9 mal\u00ed\u0159stv\u00ed u prof. D. Fischer\/SV, Erwin Eisch\/G, ti\u0161t\u011bn\u00e1 grafika Dr. H. Bernhard\/\u00d6, Mgr. I. Chv\u00e1lov\u00e1 \/CZ<\/p>\n<p>od roku 1997<br \/>\nCel\u00e1 \u0159ada v\u00fdstav a pozv\u00e1n\u00ed na symp\u00f3zia, zahrani\u010dn\u00ed um\u011bleck\u00e9 pobyty a um\u011bleck\u00e9 projekty v\u00a0Evrop\u011b, jihov\u00fdchodn\u00ed Asii, USA.<\/p>\n<p>Ocen\u011bn\u00ed: nap\u0159. 1. debutantka Doln\u00edho Bavorska, v\u00edt\u011bzka \u201eAbstractaPier Paolo Castellucci\u201c Florencie, nositelka Kulturn\u00ed ceny Kulturn\u00edho spolku Freyung-Grafenau<\/p>\n<p>Zastoupen\u00ed v\u00a0galeri\u00edch: contemporary Chicago a Pablo &amp; Paul M\u00fcnchen<\/p>\n<p>S\u00eddlo ateli\u00e9ru v\u00a0Bavorsku: 94065 Waldkirchen, Bannholzstrasse 36<\/p>\n<p>webov\u00e9 str\u00e1nky:\u00a0<a href=\"http:\/\/www.petronillahohenwarter.com\/\" target=\"_blank\">www.petronillahohenwarter.com<\/a>\u00a0nebo\u00a0<a href=\"http:\/\/www.phkunstedition.de\/\" target=\"_blank\">www.phkunstedition.de<\/a><br \/>\nfacebook:\u00a0<a href=\"https:\/\/www.facebook.com\/petronillahohenwarterART\/\" target=\"_blank\">www.facebook.com\/petronillahohenwarterART<\/a>[\/vc_column_text][\/vc_tta_section][vc_tta_section title=&#8220;Hintermann Franz&#8220; tab_id=&#8220;1466671120362-e904fd64-8a18&#8243;][vc_column_text]fotograf<br \/>\nnar. 20.1.1955 ve Waldkirchenu<br \/>\nv letech 1981-82 studium na Bavorsk\u00e9 st\u00e1tn\u00ed \u0161kole pro fotografii Mnichov (mistr)<br \/>\nMarktplatz 13, 94065 Waldkirchen, tel +49 8581\/9612-14, fax -17,<br \/>\nHauzenbergerstr. 36, tel +49 8581\/910 770, Galerie Zum Unruhigen Hydranten<\/p>\n<p>webov\u00e9 str\u00e1nky:\u00a0<a href=\"http:\/\/www.hyd.de\/\" target=\"_blank\">www.hyd.de<\/a>[\/vc_column_text][\/vc_tta_section][vc_tta_section title=&#8220;Praxl Sunhild&#8220; tab_id=&#8220;1466671215448-92170f0d-02f4&#8243;][vc_column_text]narozena 1944 v\u00a0\u010cesk\u00e9m Krumlov\u011b, Sudety<br \/>\num\u011bleck\u00e9 studium na Univerzit\u011b Bielefeld se zam\u011b\u0159en\u00edm na socha\u0159sk\u00e9 pr\u00e1ce z\u00a0terakoty a divadlo u prof. Petra Sommera v\u00a0letech 1995 a\u017e 2001<br \/>\n\u017eije a pracuje ve Waldkirchenu<\/p>\n<p>\u00bbSochy studn\u00ed\u00ab<\/p>\n<p><span style=\"line-height: 1.5;\">e-mail: <\/span><a style=\"line-height: 1.5;\" href=\"mailto:Sunnhild.Praxl@t-online.de\">Sunnhild.Praxl@t-online.de<\/a>[\/vc_column_text][\/vc_tta_section][vc_tta_section title=&#8220;Scharrenbroich Thomas&#8220; tab_id=&#8220;1466671296376-2bd62ed2-5317&#8243;][vc_column_text]narozen 1968<br \/>\nstudium na Univerzit\u011b Pasov, katedra um\u011bleck\u00e9ho vzd\u011bl\u00e1v\u00e1n\u00ed v letech 1990 a\u017e 1995<br \/>\n\u017eije a pracuje ve Waldkirchenu<\/p>\n<p>projekt \\\\ Digit\u00e1ln\u00ed prom\u011bna dimenz\u00ed<\/p>\n<p>Re\u00e1ln\u00e1 v\u011bcnost mutuje v\u00a0digit\u00e1ln\u00edm procesu v\u00a0mnoha kroc\u00edch do nov\u011b uspo\u0159\u00e1dan\u00fdch obraz\u016f a realit.<\/p>\n<p>Sb\u00edr\u00e1n\u00ed a experimentov\u00e1n\u00ed s \u201emal\u00fdmi p\u0159edm\u011bty\u201c o rozm\u011brech do dvou centimetr\u016f d\u00e9lky hrany, ze oblasti lidsk\u00fdch pot\u0159eb: kousky plast\u016f, f\u00f3lie, rostliny, sklo, bal\u00edc\u00ed materi\u00e1ly<\/p>\n<p>\\\\ Transformace stla\u010dov\u00e1n\u00edm, vy\u0159ez\u00e1v\u00e1n\u00edm, vytla\u010dov\u00e1n\u00edm z\u00a0jejich p\u016fvodn\u00edho vzhledu a funkce, podle vizu\u00e1ln\u011b-um\u011bleck\u00fdch \u00fahl\u016f pohledu:<\/p>\n<p>prosv\u011btlov\u00e1n\u00ed p\u0159i sv\u011bteln\u00fdch projekc\u00edch, p\u0159eformov\u00e1n\u00ed a zmen\u0161ov\u00e1n\u00ed materi\u00e1l\u016f, procesy prom\u011bny jako je oto\u010den\u00ed, vysu\u0161en\u00ed, roztaven\u00ed, chemick\u00e1 \u00faprava<\/p>\n<p>MANU\u00c1LN\u00cd ABSTRAKCE:<\/p>\n<p>\\\\ Digitalizace prost\u0159ednictv\u00edm scanov\u00e1n\u00ed transformovan\u00fdch, redukovan\u00fdch materi\u00e1l\u016f. Materi\u00e1ln\u00ed obraz je p\u0159eveden do \u010d\u00edseln\u00e9 hodnoty a ulo\u017een do slo\u017eky.<\/p>\n<p>ELEKTRONICK\u00c1 ABSTRAKCE:<\/p>\n<p>\\\\ Matematick\u00e9 rozlo\u017een\u00ed, zpracov\u00e1n\u00ed a slou\u010den\u00ed virtu\u00e1ln\u00edch rovin. V\u00fdsledkem je um\u011bleck\u00fd konglomer\u00e1t z\u00a0\u010d\u00e1st\u00ed p\u016fvodn\u011b re\u00e1ln\u00fdch p\u0159edm\u011bt\u016f. Virtu\u00e1ln\u00ed obrazov\u00e9 sv\u011bty vznikaj\u00ed prom\u011bnami, filtracemi bodov\u00fdch hodnot v r\u016fzn\u00fdch rovin\u00e1ch.<\/p>\n<p>\\\\ Znovunavr\u00e1cen\u00ed do obvykl\u00fdch zp\u016fsob\u016f pozorov\u00e1n\u00ed<\/p>\n<p>V\u00fdsledkem je z\u00a0pohledu um\u011blce nov\u00e9 uspo\u0159\u00e1d\u00e1n\u00ed v\u00a0jin\u00fdch l\u00e1tkov\u00fdch skupenstv\u00edch a dimenz\u00edch.\\\\\\<\/p>\n<p><span style=\"line-height: 1.5;\">e-mail: <\/span><a style=\"line-height: 1.5;\" href=\"mailto:t.scharrenbroich@t-online.de\">t.scharrenbroich@t-online.de<\/a>[\/vc_column_text][\/vc_tta_section][vc_tta_section title=&#8220;Schreiber Reinhilde&#8220; tab_id=&#8220;1466671412726-bbd75e90-aea2&#8243;][vc_column_text]Reinhilde Schreiber se narodila v roce 1957 v\u00a0Bavorsk\u00e9m lese \/ Doln\u00ed Bavorsko. \u017dije v\u00a0propojen\u00ed s\u00a0p\u0159\u00edrodou v\u00a0kr\u00e1sn\u00e9m m\u011bst\u011b Bavorsk\u00e9ho lesa Waldkirchenu<\/p>\n<p>Reinhilde Schreiber si obl\u00edbila kreslen\u00ed, malov\u00e1n\u00ed a psan\u00ed u\u017e v\u00a0d\u011btstv\u00ed. Zdroje s\u00edly pro jej\u00ed tvorbu pramen\u00ed z\u00a0p\u0159\u00edrodn\u00edho talentu, chuti k\u00a0experimentov\u00e1n\u00ed a l\u00e1sky k\u00a0lidem, zv\u00ed\u0159at\u016fm a p\u0159\u00edrod\u011b.<\/p>\n<p>1984 studium \u201evoln\u00e9ho kreslen\u00ed a malby\u201c s\u00a0vynikaj\u00edc\u00edmi v\u00fdsledky zkou\u0161ky a diplomov\u00e9 pr\u00e1ce. Soukrom\u00e9 hodiny malby u slavn\u00e9ho um\u011blce Antona Ohme. Dal\u0161\u00ed vzd\u011bl\u00e1v\u00e1n\u00ed v\u00a0nejr\u016fzn\u011bj\u0161\u00edch mal\u00ed\u0159sk\u00fdch technik\u00e1ch, grafice i digit\u00e1ln\u00ed tvorb\u011b. Hlavn\u00edmi t\u00e9maty, kter\u00fdmi se um\u011blkyn\u011b ve sv\u00e9 pr\u00e1ci \u010dasto i kriticky zab\u00fdv\u00e1, jsou \u010dlov\u011bk, p\u0159\u00edroda a \u017eivotn\u00ed prost\u0159ed\u00ed.<\/p>\n<p><span style=\"line-height: 1.5;\">94065 Waldkirchen \u2013 Schmidpointstr. 18<br \/>\ntel. +49 8581\/2865<br \/>\nemail: <\/span><a style=\"line-height: 1.5;\" href=\"mailto:schreiber.waldkirchen@freenet.de\">schreiber.waldkirchen@freenet.de<\/a>[\/vc_column_text][\/vc_tta_section][vc_tta_section title=&#8220;Wandira Samuel&#8220; tab_id=&#8220;1466671496197-13107330-64c0&#8243;][vc_column_text]Samuel Wandira pracuje s\u00a0k\u016frou africk\u00fdch strom\u016f a kresl\u00ed na ni svou poezii. Klikn\u011bte na jeden z\u00a0obr\u00e1zk\u016f a prohl\u00e9dn\u011bte si jeho zv\u011bt\u0161eninu.<\/p>\n<p>Narodil jsem se 09.09.1959 v\u00a0Bufutuula v\u00a0Ugand\u011b. Od roku 1987 \u017eiji v\u00a0N\u011bmecku. U\u017e v\u00a0d\u011btstv\u00ed jsem r\u00e1d maloval, na vysok\u00e9 \u0161kole jsem vystudoval obor um\u011bn\u00ed.<\/p>\n<p>V\u00a0prvn\u00edch letech sv\u00e9ho \u017eivota v\u00a0N\u011bmecku jsem se v\u011bnoval jako samouk technice monotypie. Tyto obrazy byly pokusy o uvoln\u011bn\u00ed, v\u00fdrazy fantazie, kompozice barev a emoc\u00ed.<\/p>\n<p><span style=\"line-height: 1.5;\">Samuel Wandira<br \/>\nDorfwiesenstr. 27<br \/>\n94065 Waldkirchen<br \/>\ntel +49 8581\/3033<br \/>\ne-mail: <\/span><a style=\"line-height: 1.5;\" href=\"mailto:Samuel.wandira@t-online.de\">Samuel.wandira@t-online.de<\/a>[\/vc_column_text][\/vc_tta_section][vc_tta_section title=&#8220;Kunstraum AMBULANT&#8220; tab_id=&#8220;1466671569908-152a9396-3197&#8243;][vc_column_text]Institut um\u011bn\u00ed a hudby<\/p>\n<p><span style=\"line-height: 1.5;\">webov\u00e9 str\u00e1nky: <\/span><a style=\"line-height: 1.5;\" href=\"http:\/\/www.kunstraumschmiedgasse.de\/\" target=\"_blank\">www.kunstraumschmiedgasse.de<\/a>[\/vc_column_text][\/vc_tta_section][vc_tta_section title=&#8220;Kulturkreis Freyung-Grafenau&#8220; tab_id=&#8220;1466671664091-95414089-4ff3&#8243;][vc_column_text]C\u00edle \/ \u00fakoly spolku<br \/>\nmor\u00e1ln\u00ed i finan\u010dn\u00ed podpora kulturn\u00edch aktivit v okrese Freyung-Grafenau e.V.;<br \/>\np\u0159\u00edprava a realizace kulturn\u00edch akc\u00ed ve spolupr\u00e1ci s KEB i s\u00a0jin\u00fdmi institucemi a ve vlastn\u00ed re\u017eii (koncerty, v\u00fdstavy, divadeln\u00ed p\u0159edstaven\u00ed, autorsk\u00e1 \u010dten\u00ed, liter\u00e1rn\u00ed setk\u00e1n\u00ed, filmov\u00e9 projekce, studijn\u00ed cesty apod.);<br \/>\nud\u011blov\u00e1n\u00ed ceny za kulturu a podporu kultury.<\/p>\n<p><span style=\"line-height: 1.5;\">webov\u00e9 str\u00e1nky: <\/span><a style=\"line-height: 1.5;\" href=\"http:\/\/www.kulturkreis-freyung.de\/\" target=\"_blank\">www.kulturkreis-freyung.de<\/a>[\/vc_column_text][\/vc_tta_section][vc_tta_section title=&#8220;Kunstverein Wolfstein&#8220; tab_id=&#8220;1466671748176-5928616e-2d1a&#8220;][vc_column_text]Um\u011bleck\u00fd spolek Kunstverein Wolfstein byl zalo\u017een v roce 1984 a se sv\u00fdmi 400 \u010dleny, z\u00a0toho 150 v\u00fdtvarn\u00fdmi um\u011blci, pat\u0159\u00ed k\u00a0nejv\u011bt\u0161\u00edm um\u011bleck\u00fdm spolk\u016fm V\u00fdchodn\u00edho Bavorska.<\/p>\n<p>D\u00edky \u0161irok\u00e9 nab\u00eddce um\u011bleck\u00fdch kurz\u016f, workshop\u016f a studijn\u00edch cest, nap\u0159. do Ben\u00e1tek, Kasselu, Dr\u00e1\u017e\u010fan, Berl\u00edna, Pa\u0159\u00ed\u017ee, Basileje atd., se pod kompetentn\u00edm veden\u00edm Alfonse Neubauera (restaur\u00e1tor v\u00a0instituci Glyptothek v\u00a0Mnichov\u011b) st\u00e1v\u00e1 klasick\u00e9 i modern\u00ed um\u011bn\u00ed mimo\u0159\u00e1dn\u00fdm z\u00e1\u017eitkem.<\/p>\n<p>Nab\u00eddka um\u011bleck\u00e9ho vzd\u011bl\u00e1v\u00e1n\u00ed, ve spolupr\u00e1ci se vzd\u011bl\u00e1vac\u00edmi institucemi m\u011bsta Freyung, od p\u0159ed\u0161koln\u00edch za\u0159\u00edzen\u00ed a\u017e po roz\u0161i\u0159uj\u00edc\u00ed vzd\u011bl\u00e1v\u00e1n\u00ed pro d\u011bti, ml\u00e1de\u017e a dosp\u011bl\u00e9, m\u00e1 nadregion\u00e1ln\u00ed dopad a p\u0159edstavuje d\u016fle\u017eit\u00e9 za\u0159\u00edzen\u00ed s\u00a0trvalou p\u016fsobnost\u00ed.<\/p>\n<p>Pravideln\u00e9 v\u00fdstavy, a\u0165 u\u017e spole\u010dn\u00e9 nebo individu\u00e1ln\u00ed v\u00fdstavy um\u011blc\u016f a um\u011bleck\u00fdch spolk\u016f, jsou d\u00edky sv\u00e9 vyhl\u00e1\u0161en\u00e9 \u00farovni zn\u00e1m\u00e9 daleko za hranicemi okresu.<\/p>\n<p>Sv\u00fdm \u010dlenstv\u00edm v\u00a0um\u011bleck\u00e9m spolku Kunstverein Wolfstein podpo\u0159\u00edte jeho kulturn\u00ed \u00fasil\u00ed a t\u00edm i kreativn\u00ed \u017eivotn\u00ed postoj.<\/p>\n<p><span style=\"line-height: 1.5;\">webov\u00e9 str\u00e1nky: <\/span><a style=\"line-height: 1.5;\" href=\"http:\/\/www.kunstverein-wolfstein.de\/\" target=\"_blank\">www.kunstverein-wolfstein.de<\/a>[\/vc_column_text][\/vc_tta_section][\/vc_tta_accordion][\/vc_column][\/vc_row][vc_row][vc_column][vc_separator color=&#8220;custom&#8220; accent_color=&#8220;#95c11f&#8220;][vc_btn title=&#8220;zp\u011bt na p\u0159ehled&#8220; shape=&#8220;square&#8220; color=&#8220;green&#8220; size=&#8220;sm&#8220; align=&#8220;right&#8220; link=&#8220;url:http%3A%2F%2Furlaub-in-waldkirchen.de%2Fcs%2Fkultura-a-umeni%2F|||&#8220;][\/vc_column][\/vc_row]<\/p>\n<\/div>","protected":false},"excerpt":{"rendered":"<p>[vc_row][vc_column][vc_empty_space height=&#8220;20px&#8220;][vc_column_text] Um\u011blci a mecen\u00e1\u0161i um\u011bn\u00ed ve Waldkirchenu a okol\u00ed [\/vc_column_text][\/vc_column][\/vc_row][vc_row][vc_column][vc_column_text]Ve Waldkirchenu p\u016fsob\u00ed cel\u00e1 \u0159ada um\u011blc\u016f, mal\u00ed\u0159\u016f a fotograf\u016f. Prost\u0159ednictv\u00edm tohoto seznamu bychom v\u00e1m cht\u011bli zprost\u0159edkovat<span class=\"excerpt-hellip\"> [\u2026]<\/span><\/p>\n","protected":false},"author":2,"featured_media":0,"parent":4837,"menu_order":0,"comment_status":"closed","ping_status":"closed","template":"","meta":{"footnotes":""},"class_list":["post-2941","page","type-page","status-publish","hentry"],"yoast_head":"<!-- This site is optimized with the Yoast SEO plugin v27.3 - https:\/\/yoast.com\/product\/yoast-seo-wordpress\/ -->\n<title>Um\u011blci a mecen\u00e1\u0161i um\u011bn\u00ed - urlaub-in-waldkirchen.de<\/title>\n<meta name=\"description\" content=\"Ve Waldkirchenu p\u016fsob\u00ed cel\u00e1 \u0159ada um\u011blc\u016f, mal\u00ed\u0159\u016f a fotograf\u016f. Prost\u0159ednictv\u00edm tohoto seznamu bychom v\u00e1m cht\u011bli zprost\u0159edkovat alespo\u0148 z\u00e1kladn\u00ed p\u0159ehled. Pokud v\u00e1s zaj\u00edmaj\u00ed podrobn\u011bj\u0161\u00ed informace, klikn\u011bte pros\u00edm na konkr\u00e9tn\u00ed jm\u00e9no!\" \/>\n<meta name=\"robots\" content=\"index, follow, max-snippet:-1, max-image-preview:large, max-video-preview:-1\" \/>\n<link rel=\"canonical\" href=\"https:\/\/urlaub-in-waldkirchen.de\/cs\/kultura-a-umeni-2\/umelci-a-mecenasi-umeni\/\" \/>\n<meta property=\"og:locale\" content=\"cs_CZ\" \/>\n<meta property=\"og:type\" content=\"article\" \/>\n<meta property=\"og:title\" content=\"Um\u011blci a mecen\u00e1\u0161i um\u011bn\u00ed - urlaub-in-waldkirchen.de\" \/>\n<meta property=\"og:description\" content=\"Ve Waldkirchenu p\u016fsob\u00ed cel\u00e1 \u0159ada um\u011blc\u016f, mal\u00ed\u0159\u016f a fotograf\u016f. Prost\u0159ednictv\u00edm tohoto seznamu bychom v\u00e1m cht\u011bli zprost\u0159edkovat alespo\u0148 z\u00e1kladn\u00ed p\u0159ehled. Pokud v\u00e1s zaj\u00edmaj\u00ed podrobn\u011bj\u0161\u00ed informace, klikn\u011bte pros\u00edm na konkr\u00e9tn\u00ed jm\u00e9no!\" \/>\n<meta property=\"og:url\" content=\"https:\/\/urlaub-in-waldkirchen.de\/cs\/kultura-a-umeni-2\/umelci-a-mecenasi-umeni\/\" \/>\n<meta property=\"og:site_name\" content=\"urlaub-in-waldkirchen.de\" \/>\n<meta property=\"article:modified_time\" content=\"2016-08-02T13:30:42+00:00\" \/>\n<meta name=\"twitter:card\" content=\"summary_large_image\" \/>\n<meta name=\"twitter:label1\" content=\"Odhadovan\u00e1 doba \u010dten\u00ed\" \/>\n\t<meta name=\"twitter:data1\" content=\"9 minut\" \/>\n<script type=\"application\/ld+json\" class=\"yoast-schema-graph\">{\"@context\":\"https:\\\/\\\/schema.org\",\"@graph\":[{\"@type\":\"WebPage\",\"@id\":\"https:\\\/\\\/urlaub-in-waldkirchen.de\\\/cs\\\/kultura-a-umeni-2\\\/umelci-a-mecenasi-umeni\\\/\",\"url\":\"https:\\\/\\\/urlaub-in-waldkirchen.de\\\/cs\\\/kultura-a-umeni-2\\\/umelci-a-mecenasi-umeni\\\/\",\"name\":\"Um\u011blci a mecen\u00e1\u0161i um\u011bn\u00ed - urlaub-in-waldkirchen.de\",\"isPartOf\":{\"@id\":\"https:\\\/\\\/urlaub-in-waldkirchen.de\\\/#website\"},\"datePublished\":\"2016-04-29T12:32:34+00:00\",\"dateModified\":\"2016-08-02T13:30:42+00:00\",\"description\":\"Ve Waldkirchenu p\u016fsob\u00ed cel\u00e1 \u0159ada um\u011blc\u016f, mal\u00ed\u0159\u016f a fotograf\u016f. Prost\u0159ednictv\u00edm tohoto seznamu bychom v\u00e1m cht\u011bli zprost\u0159edkovat alespo\u0148 z\u00e1kladn\u00ed p\u0159ehled. Pokud v\u00e1s zaj\u00edmaj\u00ed podrobn\u011bj\u0161\u00ed informace, klikn\u011bte pros\u00edm na konkr\u00e9tn\u00ed jm\u00e9no!\",\"breadcrumb\":{\"@id\":\"https:\\\/\\\/urlaub-in-waldkirchen.de\\\/cs\\\/kultura-a-umeni-2\\\/umelci-a-mecenasi-umeni\\\/#breadcrumb\"},\"inLanguage\":\"cs\",\"potentialAction\":[{\"@type\":\"ReadAction\",\"target\":[\"https:\\\/\\\/urlaub-in-waldkirchen.de\\\/cs\\\/kultura-a-umeni-2\\\/umelci-a-mecenasi-umeni\\\/\"]}]},{\"@type\":\"BreadcrumbList\",\"@id\":\"https:\\\/\\\/urlaub-in-waldkirchen.de\\\/cs\\\/kultura-a-umeni-2\\\/umelci-a-mecenasi-umeni\\\/#breadcrumb\",\"itemListElement\":[{\"@type\":\"ListItem\",\"position\":1,\"name\":\"Startseite\",\"item\":\"https:\\\/\\\/urlaub-in-waldkirchen.de\\\/cs\\\/\"},{\"@type\":\"ListItem\",\"position\":2,\"name\":\"Kultura a um\u011bn\u00ed\",\"item\":\"https:\\\/\\\/urlaub-in-waldkirchen.de\\\/cs\\\/kultura-a-umeni-2\\\/\"},{\"@type\":\"ListItem\",\"position\":3,\"name\":\"Um\u011blci a mecen\u00e1\u0161i um\u011bn\u00ed\"}]},{\"@type\":\"WebSite\",\"@id\":\"https:\\\/\\\/urlaub-in-waldkirchen.de\\\/#website\",\"url\":\"https:\\\/\\\/urlaub-in-waldkirchen.de\\\/\",\"name\":\"urlaub-in-waldkirchen.de\",\"description\":\"\",\"potentialAction\":[{\"@type\":\"SearchAction\",\"target\":{\"@type\":\"EntryPoint\",\"urlTemplate\":\"https:\\\/\\\/urlaub-in-waldkirchen.de\\\/?s={search_term_string}\"},\"query-input\":{\"@type\":\"PropertyValueSpecification\",\"valueRequired\":true,\"valueName\":\"search_term_string\"}}],\"inLanguage\":\"cs\"}]}<\/script>\n<!-- \/ Yoast SEO plugin. -->","yoast_head_json":{"title":"Um\u011blci a mecen\u00e1\u0161i um\u011bn\u00ed - urlaub-in-waldkirchen.de","description":"Ve Waldkirchenu p\u016fsob\u00ed cel\u00e1 \u0159ada um\u011blc\u016f, mal\u00ed\u0159\u016f a fotograf\u016f. Prost\u0159ednictv\u00edm tohoto seznamu bychom v\u00e1m cht\u011bli zprost\u0159edkovat alespo\u0148 z\u00e1kladn\u00ed p\u0159ehled. Pokud v\u00e1s zaj\u00edmaj\u00ed podrobn\u011bj\u0161\u00ed informace, klikn\u011bte pros\u00edm na konkr\u00e9tn\u00ed jm\u00e9no!","robots":{"index":"index","follow":"follow","max-snippet":"max-snippet:-1","max-image-preview":"max-image-preview:large","max-video-preview":"max-video-preview:-1"},"canonical":"https:\/\/urlaub-in-waldkirchen.de\/cs\/kultura-a-umeni-2\/umelci-a-mecenasi-umeni\/","og_locale":"cs_CZ","og_type":"article","og_title":"Um\u011blci a mecen\u00e1\u0161i um\u011bn\u00ed - urlaub-in-waldkirchen.de","og_description":"Ve Waldkirchenu p\u016fsob\u00ed cel\u00e1 \u0159ada um\u011blc\u016f, mal\u00ed\u0159\u016f a fotograf\u016f. Prost\u0159ednictv\u00edm tohoto seznamu bychom v\u00e1m cht\u011bli zprost\u0159edkovat alespo\u0148 z\u00e1kladn\u00ed p\u0159ehled. Pokud v\u00e1s zaj\u00edmaj\u00ed podrobn\u011bj\u0161\u00ed informace, klikn\u011bte pros\u00edm na konkr\u00e9tn\u00ed jm\u00e9no!","og_url":"https:\/\/urlaub-in-waldkirchen.de\/cs\/kultura-a-umeni-2\/umelci-a-mecenasi-umeni\/","og_site_name":"urlaub-in-waldkirchen.de","article_modified_time":"2016-08-02T13:30:42+00:00","twitter_card":"summary_large_image","twitter_misc":{"Odhadovan\u00e1 doba \u010dten\u00ed":"9 minut"},"schema":{"@context":"https:\/\/schema.org","@graph":[{"@type":"WebPage","@id":"https:\/\/urlaub-in-waldkirchen.de\/cs\/kultura-a-umeni-2\/umelci-a-mecenasi-umeni\/","url":"https:\/\/urlaub-in-waldkirchen.de\/cs\/kultura-a-umeni-2\/umelci-a-mecenasi-umeni\/","name":"Um\u011blci a mecen\u00e1\u0161i um\u011bn\u00ed - urlaub-in-waldkirchen.de","isPartOf":{"@id":"https:\/\/urlaub-in-waldkirchen.de\/#website"},"datePublished":"2016-04-29T12:32:34+00:00","dateModified":"2016-08-02T13:30:42+00:00","description":"Ve Waldkirchenu p\u016fsob\u00ed cel\u00e1 \u0159ada um\u011blc\u016f, mal\u00ed\u0159\u016f a fotograf\u016f. Prost\u0159ednictv\u00edm tohoto seznamu bychom v\u00e1m cht\u011bli zprost\u0159edkovat alespo\u0148 z\u00e1kladn\u00ed p\u0159ehled. Pokud v\u00e1s zaj\u00edmaj\u00ed podrobn\u011bj\u0161\u00ed informace, klikn\u011bte pros\u00edm na konkr\u00e9tn\u00ed jm\u00e9no!","breadcrumb":{"@id":"https:\/\/urlaub-in-waldkirchen.de\/cs\/kultura-a-umeni-2\/umelci-a-mecenasi-umeni\/#breadcrumb"},"inLanguage":"cs","potentialAction":[{"@type":"ReadAction","target":["https:\/\/urlaub-in-waldkirchen.de\/cs\/kultura-a-umeni-2\/umelci-a-mecenasi-umeni\/"]}]},{"@type":"BreadcrumbList","@id":"https:\/\/urlaub-in-waldkirchen.de\/cs\/kultura-a-umeni-2\/umelci-a-mecenasi-umeni\/#breadcrumb","itemListElement":[{"@type":"ListItem","position":1,"name":"Startseite","item":"https:\/\/urlaub-in-waldkirchen.de\/cs\/"},{"@type":"ListItem","position":2,"name":"Kultura a um\u011bn\u00ed","item":"https:\/\/urlaub-in-waldkirchen.de\/cs\/kultura-a-umeni-2\/"},{"@type":"ListItem","position":3,"name":"Um\u011blci a mecen\u00e1\u0161i um\u011bn\u00ed"}]},{"@type":"WebSite","@id":"https:\/\/urlaub-in-waldkirchen.de\/#website","url":"https:\/\/urlaub-in-waldkirchen.de\/","name":"urlaub-in-waldkirchen.de","description":"","potentialAction":[{"@type":"SearchAction","target":{"@type":"EntryPoint","urlTemplate":"https:\/\/urlaub-in-waldkirchen.de\/?s={search_term_string}"},"query-input":{"@type":"PropertyValueSpecification","valueRequired":true,"valueName":"search_term_string"}}],"inLanguage":"cs"}]}},"_links":{"self":[{"href":"https:\/\/urlaub-in-waldkirchen.de\/cs\/wp-json\/wp\/v2\/pages\/2941","targetHints":{"allow":["GET"]}}],"collection":[{"href":"https:\/\/urlaub-in-waldkirchen.de\/cs\/wp-json\/wp\/v2\/pages"}],"about":[{"href":"https:\/\/urlaub-in-waldkirchen.de\/cs\/wp-json\/wp\/v2\/types\/page"}],"author":[{"embeddable":true,"href":"https:\/\/urlaub-in-waldkirchen.de\/cs\/wp-json\/wp\/v2\/users\/2"}],"replies":[{"embeddable":true,"href":"https:\/\/urlaub-in-waldkirchen.de\/cs\/wp-json\/wp\/v2\/comments?post=2941"}],"version-history":[{"count":0,"href":"https:\/\/urlaub-in-waldkirchen.de\/cs\/wp-json\/wp\/v2\/pages\/2941\/revisions"}],"up":[{"embeddable":true,"href":"https:\/\/urlaub-in-waldkirchen.de\/cs\/wp-json\/wp\/v2\/pages\/4837"}],"wp:attachment":[{"href":"https:\/\/urlaub-in-waldkirchen.de\/cs\/wp-json\/wp\/v2\/media?parent=2941"}],"curies":[{"name":"wp","href":"https:\/\/api.w.org\/{rel}","templated":true}]}}