{"id":3554,"date":"2016-04-26T13:42:53","date_gmt":"2016-04-26T11:42:53","guid":{"rendered":"https:\/\/urlaub-in-waldkirchen.de\/cs\/aktivitaeten-winter\/"},"modified":"2016-08-17T14:08:14","modified_gmt":"2016-08-17T12:08:14","slug":"aktivity-zima","status":"publish","type":"page","link":"https:\/\/urlaub-in-waldkirchen.de\/cs\/aktivity-zima\/","title":{"rendered":"Aktivity &#8211; ZIMA"},"content":{"rendered":"<div class=\"wpb-content-wrapper\"><p>[vc_row][vc_column][vc_empty_space height=&#8220;20px&#8220;][vc_column_text]<\/p>\n<h1>Aktivity v zim\u011b<\/h1>\n<h4>Waldkirchen nab\u00edz\u00ed v zim\u011b v\u00fdb\u011br z pestr\u00e9 \u0161k\u00e1ly aktivit. Na sv\u00e9 si zde p\u0159ijdou mal\u00ed i velc\u00ed. Zimn\u00ed turistika a v\u00fdlety na sn\u011b\u017enic\u00edch pro klidn\u00e9 povahy, bobov\u00e1n\u00ed a bruslen\u00ed pro odv\u00e1\u017en\u00e9, ly\u017eov\u00e1n\u00ed a snowboarding pro sportovn\u011b zalo\u017een\u00e9 a mnoho dal\u0161\u00edho! Pro ka\u017ed\u00e9ho se tu n\u011bco najde! Rozmanitost sama!<\/h4>\n<p>[\/vc_column_text][vc_separator color=&#8220;custom&#8220; accent_color=&#8220;#95c11f&#8220;][\/vc_column][\/vc_row][vc_row][vc_column width=&#8220;1\/4&#8243;]<div class=\"sliding_box\"><a href=\"https:\/\/urlaub-in-waldkirchen.de\/cs\/aktivity-zima\/brusleni\/\"  title=\"\"><div class=\"photo_wrapper\"><img loading=\"lazy\" decoding=\"async\" class=\"scale-with-grid\" src=\"https:\/\/urlaub-in-waldkirchen.de\/wp-content\/uploads\/2016\/04\/eislaufen-button.jpg\" alt=\"eislaufen-button\" width=\"600\" height=\"400\"\/><\/div><div class=\"desc_wrapper\"><h4 class=\"title \">Bruslen\u00ed<\/h4><\/div><\/a><\/div>\n[\/vc_column][vc_column width=&#8220;1\/4&#8243;]<div class=\"sliding_box\"><a href=\"https:\/\/urlaub-in-waldkirchen.de\/cs\/aktivity-zima\/curling\/\"  title=\"\"><div class=\"photo_wrapper\"><img loading=\"lazy\" decoding=\"async\" class=\"scale-with-grid\" src=\"https:\/\/urlaub-in-waldkirchen.de\/wp-content\/uploads\/2016\/04\/Eisstockschiessen-button.jpg\" alt=\"Eisstockschiessen-button\" width=\"600\" height=\"400\"\/><\/div><div class=\"desc_wrapper\"><h4 class=\"title \">Curling<\/h4><\/div><\/a><\/div>\n[\/vc_column][vc_column width=&#8220;1\/4&#8243;]<div class=\"sliding_box\"><a href=\"https:\/\/urlaub-in-waldkirchen.de\/cs\/aktivity-zima\/bezkovani\/\"  title=\"\"><div class=\"photo_wrapper\"><img loading=\"lazy\" decoding=\"async\" class=\"scale-with-grid\" src=\"https:\/\/urlaub-in-waldkirchen.de\/wp-content\/uploads\/2016\/04\/langlaufen-button.jpg\" alt=\"langlaufen-button\" width=\"600\" height=\"400\"\/><\/div><div class=\"desc_wrapper\"><h4 class=\"title \">B\u011b\u017ekov\u00e1n\u00ed<\/h4><\/div><\/a><\/div>\n[\/vc_column][vc_column width=&#8220;1\/4&#8243;]<div class=\"sliding_box\"><a href=\"https:\/\/urlaub-in-waldkirchen.de\/cs\/aktivity-zima\/bobovani-a-sankovani\/\"  title=\"\"><div class=\"photo_wrapper\"><img loading=\"lazy\" decoding=\"async\" class=\"scale-with-grid\" src=\"https:\/\/urlaub-in-waldkirchen.de\/wp-content\/uploads\/2016\/04\/rodeln-button.jpg\" alt=\"rodeln-button\" width=\"600\" height=\"400\"\/><\/div><div class=\"desc_wrapper\"><h4 class=\"title \">Bobov\u00e1n\u00ed a s\u00e1\u0148kov\u00e1n\u00ed<\/h4><\/div><\/a><\/div>\n[\/vc_column][\/vc_row][vc_row][vc_column width=&#8220;1\/4&#8243;]<div class=\"sliding_box\"><a href=\"https:\/\/urlaub-in-waldkirchen.de\/cs\/aktivity-zima\/turistika-na-sneznicich\/\"  title=\"\"><div class=\"photo_wrapper\"><img loading=\"lazy\" decoding=\"async\" class=\"scale-with-grid\" src=\"https:\/\/urlaub-in-waldkirchen.de\/wp-content\/uploads\/2016\/04\/schneeschuh-button.jpg\" alt=\"Angeln am Erlauzwieseler See\" width=\"600\" height=\"400\"\/><\/div><div class=\"desc_wrapper\"><h4 class=\"title \">Turistika na sn\u011b\u017enic\u00edch<\/h4><\/div><\/a><\/div>\n[\/vc_column][vc_column width=&#8220;1\/4&#8243;]<div class=\"sliding_box\"><a href=\"https:\/\/urlaub-in-waldkirchen.de\/cs\/aktivity-zima\/lyzovani-a-snowboard\/\"  title=\"\"><div class=\"photo_wrapper\"><img loading=\"lazy\" decoding=\"async\" class=\"scale-with-grid\" src=\"https:\/\/urlaub-in-waldkirchen.de\/wp-content\/uploads\/2016\/04\/ski-button.jpg\" alt=\"ski-button\" width=\"600\" height=\"400\"\/><\/div><div class=\"desc_wrapper\"><h4 class=\"title \">Ly\u017eov\u00e1n\u00ed a Snowboard<\/h4><\/div><\/a><\/div>\n[\/vc_column][vc_column width=&#8220;1\/4&#8243;]<div class=\"sliding_box\"><a href=\"https:\/\/urlaub-in-waldkirchen.de\/cs\/aktivity-zima\/zimni-turistika\/\"  title=\"\"><div class=\"photo_wrapper\"><img loading=\"lazy\" decoding=\"async\" class=\"scale-with-grid\" src=\"https:\/\/urlaub-in-waldkirchen.de\/wp-content\/uploads\/2016\/04\/winterwandern-button.jpg\" alt=\"winterwandern-button\" width=\"600\" height=\"400\"\/><\/div><div class=\"desc_wrapper\"><h4 class=\"title \">Zimn\u00ed turistika<\/h4><\/div><\/a><\/div>\n[\/vc_column][vc_column width=&#8220;1\/4&#8243;][\/vc_column][\/vc_row]<\/p>\n<\/div>","protected":false},"excerpt":{"rendered":"<p>[vc_row][vc_column][vc_empty_space height=&#8220;20px&#8220;][vc_column_text] Aktivity v zim\u011b Waldkirchen nab\u00edz\u00ed v zim\u011b v\u00fdb\u011br z pestr\u00e9 \u0161k\u00e1ly aktivit. Na sv\u00e9 si zde p\u0159ijdou mal\u00ed i velc\u00ed. Zimn\u00ed turistika a v\u00fdlety<span class=\"excerpt-hellip\"> [\u2026]<\/span><\/p>\n","protected":false},"author":2,"featured_media":0,"parent":0,"menu_order":0,"comment_status":"closed","ping_status":"closed","template":"","meta":{"footnotes":""},"class_list":["post-3554","page","type-page","status-publish","hentry"],"yoast_head":"<!-- This site is optimized with the Yoast SEO plugin v27.3 - https:\/\/yoast.com\/product\/yoast-seo-wordpress\/ -->\n<title>Aktivity - ZIMA - urlaub-in-waldkirchen.de<\/title>\n<meta name=\"description\" content=\"Waldkirchen bietet im Winter eine Vielfalt an Aktivit\u00e4ten. Klein und Gro\u00df kommen dabei auf ihre Kosten. Winterwandern und Schneeschuh-Wandern f\u00fcr die Ruhigen, Rodeln und Schlittenfahren f\u00fcr die Mutigen, Skifahren und Snowboarden f\u00fcr die Sportlichen, und vieles mehr!\" \/>\n<meta name=\"robots\" content=\"index, follow, max-snippet:-1, max-image-preview:large, max-video-preview:-1\" \/>\n<link rel=\"canonical\" href=\"https:\/\/urlaub-in-waldkirchen.de\/cs\/aktivity-zima\/\" \/>\n<meta property=\"og:locale\" content=\"cs_CZ\" \/>\n<meta property=\"og:type\" content=\"article\" \/>\n<meta property=\"og:title\" content=\"Aktivity - ZIMA - urlaub-in-waldkirchen.de\" \/>\n<meta property=\"og:description\" content=\"Waldkirchen bietet im Winter eine Vielfalt an Aktivit\u00e4ten. Klein und Gro\u00df kommen dabei auf ihre Kosten. Winterwandern und Schneeschuh-Wandern f\u00fcr die Ruhigen, Rodeln und Schlittenfahren f\u00fcr die Mutigen, Skifahren und Snowboarden f\u00fcr die Sportlichen, und vieles mehr!\" \/>\n<meta property=\"og:url\" content=\"https:\/\/urlaub-in-waldkirchen.de\/cs\/aktivity-zima\/\" \/>\n<meta property=\"og:site_name\" content=\"urlaub-in-waldkirchen.de\" \/>\n<meta property=\"article:modified_time\" content=\"2016-08-17T12:08:14+00:00\" \/>\n<meta name=\"twitter:card\" content=\"summary_large_image\" \/>\n<meta name=\"twitter:label1\" content=\"Odhadovan\u00e1 doba \u010dten\u00ed\" \/>\n\t<meta name=\"twitter:data1\" content=\"1 minuta\" \/>\n<script type=\"application\/ld+json\" class=\"yoast-schema-graph\">{\"@context\":\"https:\\\/\\\/schema.org\",\"@graph\":[{\"@type\":\"WebPage\",\"@id\":\"https:\\\/\\\/urlaub-in-waldkirchen.de\\\/cs\\\/aktivity-zima\\\/\",\"url\":\"https:\\\/\\\/urlaub-in-waldkirchen.de\\\/cs\\\/aktivity-zima\\\/\",\"name\":\"Aktivity - ZIMA - urlaub-in-waldkirchen.de\",\"isPartOf\":{\"@id\":\"https:\\\/\\\/urlaub-in-waldkirchen.de\\\/#website\"},\"datePublished\":\"2016-04-26T11:42:53+00:00\",\"dateModified\":\"2016-08-17T12:08:14+00:00\",\"description\":\"Waldkirchen bietet im Winter eine Vielfalt an Aktivit\u00e4ten. Klein und Gro\u00df kommen dabei auf ihre Kosten. Winterwandern und Schneeschuh-Wandern f\u00fcr die Ruhigen, Rodeln und Schlittenfahren f\u00fcr die Mutigen, Skifahren und Snowboarden f\u00fcr die Sportlichen, und vieles mehr!\",\"breadcrumb\":{\"@id\":\"https:\\\/\\\/urlaub-in-waldkirchen.de\\\/cs\\\/aktivity-zima\\\/#breadcrumb\"},\"inLanguage\":\"cs\",\"potentialAction\":[{\"@type\":\"ReadAction\",\"target\":[\"https:\\\/\\\/urlaub-in-waldkirchen.de\\\/cs\\\/aktivity-zima\\\/\"]}]},{\"@type\":\"BreadcrumbList\",\"@id\":\"https:\\\/\\\/urlaub-in-waldkirchen.de\\\/cs\\\/aktivity-zima\\\/#breadcrumb\",\"itemListElement\":[{\"@type\":\"ListItem\",\"position\":1,\"name\":\"Startseite\",\"item\":\"https:\\\/\\\/urlaub-in-waldkirchen.de\\\/cs\\\/\"},{\"@type\":\"ListItem\",\"position\":2,\"name\":\"Aktivity &#8211; ZIMA\"}]},{\"@type\":\"WebSite\",\"@id\":\"https:\\\/\\\/urlaub-in-waldkirchen.de\\\/#website\",\"url\":\"https:\\\/\\\/urlaub-in-waldkirchen.de\\\/\",\"name\":\"urlaub-in-waldkirchen.de\",\"description\":\"\",\"potentialAction\":[{\"@type\":\"SearchAction\",\"target\":{\"@type\":\"EntryPoint\",\"urlTemplate\":\"https:\\\/\\\/urlaub-in-waldkirchen.de\\\/?s={search_term_string}\"},\"query-input\":{\"@type\":\"PropertyValueSpecification\",\"valueRequired\":true,\"valueName\":\"search_term_string\"}}],\"inLanguage\":\"cs\"}]}<\/script>\n<!-- \/ Yoast SEO plugin. -->","yoast_head_json":{"title":"Aktivity - ZIMA - urlaub-in-waldkirchen.de","description":"Waldkirchen bietet im Winter eine Vielfalt an Aktivit\u00e4ten. Klein und Gro\u00df kommen dabei auf ihre Kosten. Winterwandern und Schneeschuh-Wandern f\u00fcr die Ruhigen, Rodeln und Schlittenfahren f\u00fcr die Mutigen, Skifahren und Snowboarden f\u00fcr die Sportlichen, und vieles mehr!","robots":{"index":"index","follow":"follow","max-snippet":"max-snippet:-1","max-image-preview":"max-image-preview:large","max-video-preview":"max-video-preview:-1"},"canonical":"https:\/\/urlaub-in-waldkirchen.de\/cs\/aktivity-zima\/","og_locale":"cs_CZ","og_type":"article","og_title":"Aktivity - ZIMA - urlaub-in-waldkirchen.de","og_description":"Waldkirchen bietet im Winter eine Vielfalt an Aktivit\u00e4ten. Klein und Gro\u00df kommen dabei auf ihre Kosten. Winterwandern und Schneeschuh-Wandern f\u00fcr die Ruhigen, Rodeln und Schlittenfahren f\u00fcr die Mutigen, Skifahren und Snowboarden f\u00fcr die Sportlichen, und vieles mehr!","og_url":"https:\/\/urlaub-in-waldkirchen.de\/cs\/aktivity-zima\/","og_site_name":"urlaub-in-waldkirchen.de","article_modified_time":"2016-08-17T12:08:14+00:00","twitter_card":"summary_large_image","twitter_misc":{"Odhadovan\u00e1 doba \u010dten\u00ed":"1 minuta"},"schema":{"@context":"https:\/\/schema.org","@graph":[{"@type":"WebPage","@id":"https:\/\/urlaub-in-waldkirchen.de\/cs\/aktivity-zima\/","url":"https:\/\/urlaub-in-waldkirchen.de\/cs\/aktivity-zima\/","name":"Aktivity - ZIMA - urlaub-in-waldkirchen.de","isPartOf":{"@id":"https:\/\/urlaub-in-waldkirchen.de\/#website"},"datePublished":"2016-04-26T11:42:53+00:00","dateModified":"2016-08-17T12:08:14+00:00","description":"Waldkirchen bietet im Winter eine Vielfalt an Aktivit\u00e4ten. Klein und Gro\u00df kommen dabei auf ihre Kosten. Winterwandern und Schneeschuh-Wandern f\u00fcr die Ruhigen, Rodeln und Schlittenfahren f\u00fcr die Mutigen, Skifahren und Snowboarden f\u00fcr die Sportlichen, und vieles mehr!","breadcrumb":{"@id":"https:\/\/urlaub-in-waldkirchen.de\/cs\/aktivity-zima\/#breadcrumb"},"inLanguage":"cs","potentialAction":[{"@type":"ReadAction","target":["https:\/\/urlaub-in-waldkirchen.de\/cs\/aktivity-zima\/"]}]},{"@type":"BreadcrumbList","@id":"https:\/\/urlaub-in-waldkirchen.de\/cs\/aktivity-zima\/#breadcrumb","itemListElement":[{"@type":"ListItem","position":1,"name":"Startseite","item":"https:\/\/urlaub-in-waldkirchen.de\/cs\/"},{"@type":"ListItem","position":2,"name":"Aktivity &#8211; ZIMA"}]},{"@type":"WebSite","@id":"https:\/\/urlaub-in-waldkirchen.de\/#website","url":"https:\/\/urlaub-in-waldkirchen.de\/","name":"urlaub-in-waldkirchen.de","description":"","potentialAction":[{"@type":"SearchAction","target":{"@type":"EntryPoint","urlTemplate":"https:\/\/urlaub-in-waldkirchen.de\/?s={search_term_string}"},"query-input":{"@type":"PropertyValueSpecification","valueRequired":true,"valueName":"search_term_string"}}],"inLanguage":"cs"}]}},"_links":{"self":[{"href":"https:\/\/urlaub-in-waldkirchen.de\/cs\/wp-json\/wp\/v2\/pages\/3554","targetHints":{"allow":["GET"]}}],"collection":[{"href":"https:\/\/urlaub-in-waldkirchen.de\/cs\/wp-json\/wp\/v2\/pages"}],"about":[{"href":"https:\/\/urlaub-in-waldkirchen.de\/cs\/wp-json\/wp\/v2\/types\/page"}],"author":[{"embeddable":true,"href":"https:\/\/urlaub-in-waldkirchen.de\/cs\/wp-json\/wp\/v2\/users\/2"}],"replies":[{"embeddable":true,"href":"https:\/\/urlaub-in-waldkirchen.de\/cs\/wp-json\/wp\/v2\/comments?post=3554"}],"version-history":[{"count":0,"href":"https:\/\/urlaub-in-waldkirchen.de\/cs\/wp-json\/wp\/v2\/pages\/3554\/revisions"}],"wp:attachment":[{"href":"https:\/\/urlaub-in-waldkirchen.de\/cs\/wp-json\/wp\/v2\/media?parent=3554"}],"curies":[{"name":"wp","href":"https:\/\/api.w.org\/{rel}","templated":true}]}}