{"id":3558,"date":"2016-04-26T13:45:14","date_gmt":"2016-04-26T11:45:14","guid":{"rendered":"https:\/\/urlaub-in-waldkirchen.de\/cs\/aktivity-leto\/angeln\/"},"modified":"2016-09-06T10:36:54","modified_gmt":"2016-09-06T08:36:54","slug":"rybareni","status":"publish","type":"page","link":"https:\/\/urlaub-in-waldkirchen.de\/cs\/aktivity-leto\/rybareni\/","title":{"rendered":"Ryba\u0159en\u00ed ve Waldkirchenu"},"content":{"rendered":"<div class=\"wpb-content-wrapper\"><p>[vc_row][vc_column][vc_empty_space height=&#8220;20px&#8220;][vc_column_text]<\/p>\n<h1>Ryba\u0159en\u00ed ve Waldkirchenu \u2013 cejni, pstruzi a dal\u0161\u00ed \u2026<\/h1>\n<p>[\/vc_column_text][\/vc_column][\/vc_row][vc_row][vc_column][vc_column_text]Zn\u00e1te p\u0159\u00edslov\u00ed:\u00a0Ryba\u0159en\u00ed je \u201enen\u00e1padn\u00fd zp\u016fsob nicned\u011bl\u00e1n\u00ed\u201c?<\/p>\n<p>P\u0159i ryba\u0159en\u00ed si \u010dlov\u011bk odpo\u010dine od ka\u017edodenn\u00edho shonu, souzn\u00ed s\u00a0p\u0159\u00edrodou a vychutn\u00e1 si jej\u00ed kr\u00e1sy. V okol\u00ed Waldkirchenu se nach\u00e1z\u00ed cel\u00e1 \u0159ada jezer a \u0159\u00ed\u010dek, kter\u00e9 p\u0159\u00edmo vyb\u00edzej\u00ed k\u00a0ryba\u0159en\u00ed. A\u0165 u\u017e jste profesion\u00e1l nebo si to chcete jen vyzkou\u0161et, tady ur\u010dit\u011b najdete sv\u00e9 m\u00edste\u010dko. Ryba\u0159en\u00ed je nav\u00edc skv\u011bl\u00e1 z\u00e1bava i pro d\u011bti!<\/p>\n<p>V okol\u00ed Waldkirchenu naleznete \u0159adu m\u00edst vhodn\u00fdch pro rybolov:<\/p>\n<ul>\n<li><a href=\"https:\/\/urlaub-in-waldkirchen.de\/cs\/volny-cas\/lazensky-park-u-jezera-erlauzwieseler-see\/\">L\u00e1ze\u0148sk\u00fd park u jezera Erlauzwieseler See<\/a><br \/>\njednodenn\u00ed kartu obdr\u017e\u00edte po p\u0159edlo\u017een\u00ed ryb\u00e1\u0159sk\u00e9ho l\u00edstku v\u00a0<a href=\"https:\/\/urlaub-in-waldkirchen.de\/cs\/informace\/turisticke-informacni-centrum\/\">Turistick\u00e9m informa\u010dn\u00edm centru<\/a>. Informace o m\u00edstn\u00edm\u00a0<a href=\"http:\/\/www.fischereiverein-waldkirchen.de\/\" target=\"_blank\">Ryb\u00e1\u0159sk\u00e9m spolku<\/a>naleznete <a href=\"http:\/\/www.fischereiverein-waldkirchen.de\/\" target=\"_blank\">zde &gt;&gt;<\/a><\/li>\n<li>Vodn\u00ed n\u00e1dr\u017ee u Neureichenau<br \/>\nNajdete zde p\u0159ehradu Riedelsbach, jezera Schwalben-See a Angel-See. Podrobn\u00e9 informace jsou k dispozici\u00a0<a href=\"http:\/\/www.ostbayern-tourismus.de\/Media\/Attraktionen\/Angeln-bei-Neureichenau\" target=\"_blank\">zde &gt;&gt;<\/a><\/li>\n<li>Jezero Rannasee<br \/>\nJezero Rannasee m\u00e1 rozlohu 20 hektar\u016f a d\u00edky sv\u00e9 idylick\u00e9 poloze je obl\u00edben\u00fdm c\u00edlem ryb\u00e1\u0159\u016f v\u00a0Bavorsk\u00e9m lese. Ceny ryb\u00e1\u0159sk\u00fdch l\u00edstk\u016f i dal\u0161\u00ed informace naleznete\u00a0<a href=\"http:\/\/www.griasbecka-fischastibal.de\/tages-jahreskartenverkauf\/\" target=\"_blank\">zde &gt;&gt;<\/a><\/li>\n<li>N\u011bmeck\u00e1 \u010d\u00e1st Dunaje (\u00fasek od Pasova po Jochenstein)<br \/>\nDenn\u00ed nebo t\u00fddenn\u00ed kartu obdr\u017e\u00edte v prodejn\u011b EDEKA, Marktplatz 16, 94130 Obernzell, Tel. 0049 8591\/2554<\/li>\n<\/ul>\n<p>Dal\u0161\u00ed informace v\u00e1m r\u00e1di poskytneme v\u00a0<a href=\"https:\/\/urlaub-in-waldkirchen.de\/cs\/informace\/turisticke-informacni-centrum\/\">Turistick\u00e9m informa\u010dn\u00edm centru<\/a>.[\/vc_column_text][\/vc_column][\/vc_row][vc_row full_width=&#8220;stretch_row_content_no_spaces&#8220;][vc_column][vc_media_grid element_width=&#8220;3&#8243; item=&#8220;mediaGrid_FadeInWithIcon&#8220; grid_id=&#8220;vc_gid:1473150997663-9380b4b7-bd21-9&#8243; include=&#8220;1870,1886,1890,1889,2303,2307,2304,2305,2306,2308,2309,2310&#8243;][\/vc_column][\/vc_row][vc_row][vc_column][vc_separator color=&#8220;custom&#8220; accent_color=&#8220;#95c11f&#8220;][vc_btn title=&#8220;zp\u011bt na p\u0159ehled&#8220; shape=&#8220;square&#8220; color=&#8220;green&#8220; size=&#8220;sm&#8220; align=&#8220;right&#8220; link=&#8220;url:http%3A%2F%2Furlaub-in-waldkirchen.de%2Fcs%2Faktivity-leto%2F|||&#8220;][\/vc_column][\/vc_row]<\/p>\n<\/div>","protected":false},"excerpt":{"rendered":"<p>[vc_row][vc_column][vc_empty_space height=&#8220;20px&#8220;][vc_column_text] Ryba\u0159en\u00ed ve Waldkirchenu \u2013 cejni, pstruzi a dal\u0161\u00ed \u2026 [\/vc_column_text][\/vc_column][\/vc_row][vc_row][vc_column][vc_column_text]Zn\u00e1te p\u0159\u00edslov\u00ed:\u00a0Ryba\u0159en\u00ed je \u201enen\u00e1padn\u00fd zp\u016fsob nicned\u011bl\u00e1n\u00ed\u201c? P\u0159i ryba\u0159en\u00ed si \u010dlov\u011bk odpo\u010dine od ka\u017edodenn\u00edho shonu, souzn\u00ed<span class=\"excerpt-hellip\"> [\u2026]<\/span><\/p>\n","protected":false},"author":2,"featured_media":0,"parent":3549,"menu_order":0,"comment_status":"closed","ping_status":"closed","template":"","meta":{"footnotes":""},"class_list":["post-3558","page","type-page","status-publish","hentry"],"yoast_head":"<!-- This site is optimized with the Yoast SEO plugin v27.3 - https:\/\/yoast.com\/product\/yoast-seo-wordpress\/ -->\n<title>Ryba\u0159en\u00ed ve Waldkirchenu - urlaub-in-waldkirchen.de<\/title>\n<meta name=\"description\" content=\"P\u0159i ryba\u0159en\u00ed si \u010dlov\u011bk odpo\u010dine od ka\u017edodenn\u00edho shonu, souzn\u00ed s p\u0159\u00edrodou a vychutn\u00e1 si jej\u00ed kr\u00e1sy. V okol\u00ed Waldkirchenu se nach\u00e1z\u00ed cel\u00e1 \u0159ada jezer a \u0159\u00ed\u010dek, kter\u00e9 p\u0159\u00edmo vyb\u00edzej\u00ed k ryba\u0159en\u00ed. A\u0165 u\u017e jste profesion\u00e1l nebo si to chcete jen vyzkou\u0161et, tady ur\u010dit\u011b najdete sv\u00e9 m\u00edste\u010dko. Ryba\u0159en\u00ed je nav\u00edc skv\u011bl\u00e1 z\u00e1bava i pro d\u011bti!\" \/>\n<meta name=\"robots\" content=\"index, follow, max-snippet:-1, max-image-preview:large, max-video-preview:-1\" \/>\n<link rel=\"canonical\" href=\"https:\/\/urlaub-in-waldkirchen.de\/cs\/aktivity-leto\/rybareni\/\" \/>\n<meta property=\"og:locale\" content=\"cs_CZ\" \/>\n<meta property=\"og:type\" content=\"article\" \/>\n<meta property=\"og:title\" content=\"Ryba\u0159en\u00ed ve Waldkirchenu - urlaub-in-waldkirchen.de\" \/>\n<meta property=\"og:description\" content=\"P\u0159i ryba\u0159en\u00ed si \u010dlov\u011bk odpo\u010dine od ka\u017edodenn\u00edho shonu, souzn\u00ed s p\u0159\u00edrodou a vychutn\u00e1 si jej\u00ed kr\u00e1sy. V okol\u00ed Waldkirchenu se nach\u00e1z\u00ed cel\u00e1 \u0159ada jezer a \u0159\u00ed\u010dek, kter\u00e9 p\u0159\u00edmo vyb\u00edzej\u00ed k ryba\u0159en\u00ed. A\u0165 u\u017e jste profesion\u00e1l nebo si to chcete jen vyzkou\u0161et, tady ur\u010dit\u011b najdete sv\u00e9 m\u00edste\u010dko. Ryba\u0159en\u00ed je nav\u00edc skv\u011bl\u00e1 z\u00e1bava i pro d\u011bti!\" \/>\n<meta property=\"og:url\" content=\"https:\/\/urlaub-in-waldkirchen.de\/cs\/aktivity-leto\/rybareni\/\" \/>\n<meta property=\"og:site_name\" content=\"urlaub-in-waldkirchen.de\" \/>\n<meta property=\"article:modified_time\" content=\"2016-09-06T08:36:54+00:00\" \/>\n<meta name=\"twitter:card\" content=\"summary_large_image\" \/>\n<meta name=\"twitter:label1\" content=\"Odhadovan\u00e1 doba \u010dten\u00ed\" \/>\n\t<meta name=\"twitter:data1\" content=\"2 minuty\" \/>\n<script type=\"application\/ld+json\" class=\"yoast-schema-graph\">{\"@context\":\"https:\\\/\\\/schema.org\",\"@graph\":[{\"@type\":\"WebPage\",\"@id\":\"https:\\\/\\\/urlaub-in-waldkirchen.de\\\/cs\\\/aktivity-leto\\\/rybareni\\\/\",\"url\":\"https:\\\/\\\/urlaub-in-waldkirchen.de\\\/cs\\\/aktivity-leto\\\/rybareni\\\/\",\"name\":\"Ryba\u0159en\u00ed ve Waldkirchenu - urlaub-in-waldkirchen.de\",\"isPartOf\":{\"@id\":\"https:\\\/\\\/urlaub-in-waldkirchen.de\\\/#website\"},\"datePublished\":\"2016-04-26T11:45:14+00:00\",\"dateModified\":\"2016-09-06T08:36:54+00:00\",\"description\":\"P\u0159i ryba\u0159en\u00ed si \u010dlov\u011bk odpo\u010dine od ka\u017edodenn\u00edho shonu, souzn\u00ed s p\u0159\u00edrodou a vychutn\u00e1 si jej\u00ed kr\u00e1sy. V okol\u00ed Waldkirchenu se nach\u00e1z\u00ed cel\u00e1 \u0159ada jezer a \u0159\u00ed\u010dek, kter\u00e9 p\u0159\u00edmo vyb\u00edzej\u00ed k ryba\u0159en\u00ed. A\u0165 u\u017e jste profesion\u00e1l nebo si to chcete jen vyzkou\u0161et, tady ur\u010dit\u011b najdete sv\u00e9 m\u00edste\u010dko. Ryba\u0159en\u00ed je nav\u00edc skv\u011bl\u00e1 z\u00e1bava i pro d\u011bti!\",\"breadcrumb\":{\"@id\":\"https:\\\/\\\/urlaub-in-waldkirchen.de\\\/cs\\\/aktivity-leto\\\/rybareni\\\/#breadcrumb\"},\"inLanguage\":\"cs\",\"potentialAction\":[{\"@type\":\"ReadAction\",\"target\":[\"https:\\\/\\\/urlaub-in-waldkirchen.de\\\/cs\\\/aktivity-leto\\\/rybareni\\\/\"]}]},{\"@type\":\"BreadcrumbList\",\"@id\":\"https:\\\/\\\/urlaub-in-waldkirchen.de\\\/cs\\\/aktivity-leto\\\/rybareni\\\/#breadcrumb\",\"itemListElement\":[{\"@type\":\"ListItem\",\"position\":1,\"name\":\"Startseite\",\"item\":\"https:\\\/\\\/urlaub-in-waldkirchen.de\\\/cs\\\/\"},{\"@type\":\"ListItem\",\"position\":2,\"name\":\"Aktivity &#8211; L\u00c9TO\",\"item\":\"https:\\\/\\\/urlaub-in-waldkirchen.de\\\/cs\\\/aktivity-leto\\\/\"},{\"@type\":\"ListItem\",\"position\":3,\"name\":\"Ryba\u0159en\u00ed ve Waldkirchenu\"}]},{\"@type\":\"WebSite\",\"@id\":\"https:\\\/\\\/urlaub-in-waldkirchen.de\\\/#website\",\"url\":\"https:\\\/\\\/urlaub-in-waldkirchen.de\\\/\",\"name\":\"urlaub-in-waldkirchen.de\",\"description\":\"\",\"potentialAction\":[{\"@type\":\"SearchAction\",\"target\":{\"@type\":\"EntryPoint\",\"urlTemplate\":\"https:\\\/\\\/urlaub-in-waldkirchen.de\\\/?s={search_term_string}\"},\"query-input\":{\"@type\":\"PropertyValueSpecification\",\"valueRequired\":true,\"valueName\":\"search_term_string\"}}],\"inLanguage\":\"cs\"}]}<\/script>\n<!-- \/ Yoast SEO plugin. -->","yoast_head_json":{"title":"Ryba\u0159en\u00ed ve Waldkirchenu - urlaub-in-waldkirchen.de","description":"P\u0159i ryba\u0159en\u00ed si \u010dlov\u011bk odpo\u010dine od ka\u017edodenn\u00edho shonu, souzn\u00ed s p\u0159\u00edrodou a vychutn\u00e1 si jej\u00ed kr\u00e1sy. V okol\u00ed Waldkirchenu se nach\u00e1z\u00ed cel\u00e1 \u0159ada jezer a \u0159\u00ed\u010dek, kter\u00e9 p\u0159\u00edmo vyb\u00edzej\u00ed k ryba\u0159en\u00ed. A\u0165 u\u017e jste profesion\u00e1l nebo si to chcete jen vyzkou\u0161et, tady ur\u010dit\u011b najdete sv\u00e9 m\u00edste\u010dko. Ryba\u0159en\u00ed je nav\u00edc skv\u011bl\u00e1 z\u00e1bava i pro d\u011bti!","robots":{"index":"index","follow":"follow","max-snippet":"max-snippet:-1","max-image-preview":"max-image-preview:large","max-video-preview":"max-video-preview:-1"},"canonical":"https:\/\/urlaub-in-waldkirchen.de\/cs\/aktivity-leto\/rybareni\/","og_locale":"cs_CZ","og_type":"article","og_title":"Ryba\u0159en\u00ed ve Waldkirchenu - urlaub-in-waldkirchen.de","og_description":"P\u0159i ryba\u0159en\u00ed si \u010dlov\u011bk odpo\u010dine od ka\u017edodenn\u00edho shonu, souzn\u00ed s p\u0159\u00edrodou a vychutn\u00e1 si jej\u00ed kr\u00e1sy. V okol\u00ed Waldkirchenu se nach\u00e1z\u00ed cel\u00e1 \u0159ada jezer a \u0159\u00ed\u010dek, kter\u00e9 p\u0159\u00edmo vyb\u00edzej\u00ed k ryba\u0159en\u00ed. A\u0165 u\u017e jste profesion\u00e1l nebo si to chcete jen vyzkou\u0161et, tady ur\u010dit\u011b najdete sv\u00e9 m\u00edste\u010dko. Ryba\u0159en\u00ed je nav\u00edc skv\u011bl\u00e1 z\u00e1bava i pro d\u011bti!","og_url":"https:\/\/urlaub-in-waldkirchen.de\/cs\/aktivity-leto\/rybareni\/","og_site_name":"urlaub-in-waldkirchen.de","article_modified_time":"2016-09-06T08:36:54+00:00","twitter_card":"summary_large_image","twitter_misc":{"Odhadovan\u00e1 doba \u010dten\u00ed":"2 minuty"},"schema":{"@context":"https:\/\/schema.org","@graph":[{"@type":"WebPage","@id":"https:\/\/urlaub-in-waldkirchen.de\/cs\/aktivity-leto\/rybareni\/","url":"https:\/\/urlaub-in-waldkirchen.de\/cs\/aktivity-leto\/rybareni\/","name":"Ryba\u0159en\u00ed ve Waldkirchenu - urlaub-in-waldkirchen.de","isPartOf":{"@id":"https:\/\/urlaub-in-waldkirchen.de\/#website"},"datePublished":"2016-04-26T11:45:14+00:00","dateModified":"2016-09-06T08:36:54+00:00","description":"P\u0159i ryba\u0159en\u00ed si \u010dlov\u011bk odpo\u010dine od ka\u017edodenn\u00edho shonu, souzn\u00ed s p\u0159\u00edrodou a vychutn\u00e1 si jej\u00ed kr\u00e1sy. V okol\u00ed Waldkirchenu se nach\u00e1z\u00ed cel\u00e1 \u0159ada jezer a \u0159\u00ed\u010dek, kter\u00e9 p\u0159\u00edmo vyb\u00edzej\u00ed k ryba\u0159en\u00ed. A\u0165 u\u017e jste profesion\u00e1l nebo si to chcete jen vyzkou\u0161et, tady ur\u010dit\u011b najdete sv\u00e9 m\u00edste\u010dko. Ryba\u0159en\u00ed je nav\u00edc skv\u011bl\u00e1 z\u00e1bava i pro d\u011bti!","breadcrumb":{"@id":"https:\/\/urlaub-in-waldkirchen.de\/cs\/aktivity-leto\/rybareni\/#breadcrumb"},"inLanguage":"cs","potentialAction":[{"@type":"ReadAction","target":["https:\/\/urlaub-in-waldkirchen.de\/cs\/aktivity-leto\/rybareni\/"]}]},{"@type":"BreadcrumbList","@id":"https:\/\/urlaub-in-waldkirchen.de\/cs\/aktivity-leto\/rybareni\/#breadcrumb","itemListElement":[{"@type":"ListItem","position":1,"name":"Startseite","item":"https:\/\/urlaub-in-waldkirchen.de\/cs\/"},{"@type":"ListItem","position":2,"name":"Aktivity &#8211; L\u00c9TO","item":"https:\/\/urlaub-in-waldkirchen.de\/cs\/aktivity-leto\/"},{"@type":"ListItem","position":3,"name":"Ryba\u0159en\u00ed ve Waldkirchenu"}]},{"@type":"WebSite","@id":"https:\/\/urlaub-in-waldkirchen.de\/#website","url":"https:\/\/urlaub-in-waldkirchen.de\/","name":"urlaub-in-waldkirchen.de","description":"","potentialAction":[{"@type":"SearchAction","target":{"@type":"EntryPoint","urlTemplate":"https:\/\/urlaub-in-waldkirchen.de\/?s={search_term_string}"},"query-input":{"@type":"PropertyValueSpecification","valueRequired":true,"valueName":"search_term_string"}}],"inLanguage":"cs"}]}},"_links":{"self":[{"href":"https:\/\/urlaub-in-waldkirchen.de\/cs\/wp-json\/wp\/v2\/pages\/3558","targetHints":{"allow":["GET"]}}],"collection":[{"href":"https:\/\/urlaub-in-waldkirchen.de\/cs\/wp-json\/wp\/v2\/pages"}],"about":[{"href":"https:\/\/urlaub-in-waldkirchen.de\/cs\/wp-json\/wp\/v2\/types\/page"}],"author":[{"embeddable":true,"href":"https:\/\/urlaub-in-waldkirchen.de\/cs\/wp-json\/wp\/v2\/users\/2"}],"replies":[{"embeddable":true,"href":"https:\/\/urlaub-in-waldkirchen.de\/cs\/wp-json\/wp\/v2\/comments?post=3558"}],"version-history":[{"count":0,"href":"https:\/\/urlaub-in-waldkirchen.de\/cs\/wp-json\/wp\/v2\/pages\/3558\/revisions"}],"up":[{"embeddable":true,"href":"https:\/\/urlaub-in-waldkirchen.de\/cs\/wp-json\/wp\/v2\/pages\/3549"}],"wp:attachment":[{"href":"https:\/\/urlaub-in-waldkirchen.de\/cs\/wp-json\/wp\/v2\/media?parent=3558"}],"curies":[{"name":"wp","href":"https:\/\/api.w.org\/{rel}","templated":true}]}}