{"id":3565,"date":"2016-04-26T13:27:02","date_gmt":"2016-04-26T11:27:02","guid":{"rendered":"https:\/\/urlaub-in-waldkirchen.de\/cs\/aktivity-leto\/badespass\/"},"modified":"2016-09-06T10:43:23","modified_gmt":"2016-09-06T08:43:23","slug":"koupani","status":"publish","type":"page","link":"https:\/\/urlaub-in-waldkirchen.de\/cs\/aktivity-leto\/koupani\/","title":{"rendered":"Koup\u00e1n\u00ed"},"content":{"rendered":"<div class=\"wpb-content-wrapper\"><p>[vc_row][vc_column][vc_empty_space height=&#8220;20px&#8220;][vc_column_text]<\/p>\n<h1>Koup\u00e1n\u00ed pro ka\u017ed\u00fd v\u011bk \u2013 aquapark a jezera<\/h1>\n<p>[\/vc_column_text][\/vc_column][\/vc_row][vc_row][vc_column][vc_column_text]M\u011bsto Waldkirchen a jeho bl\u00edzk\u00e9 okol\u00ed nab\u00edzej\u00ed \u0161irok\u00e9 spektrum radov\u00e1nek pro vodomily \u2013 a\u0165 u\u017e mal\u00e9 \u010di velk\u00e9. Z\u00e1\u017eitkov\u00fd aquapark a n\u011bkolik jezer pro milovn\u00edky p\u0159\u00edrody \u010dekaj\u00ed na va\u0161i n\u00e1v\u0161t\u011bvu! Zde nab\u00edz\u00edme p\u0159ehled mo\u017enost\u00ed koup\u00e1n\u00ed:<\/p>\n<ul>\n<li><a href=\"https:\/\/urlaub-in-waldkirchen.de\/cs\/aquapark\/\">Aquapark Karoli<\/a>: naleznete zde\u00a0<a href=\"https:\/\/urlaub-in-waldkirchen.de\/cs\/aquapark\/kryty-bazen\/\">kryt\u00fd baz\u00e9n<\/a>, \u201e<a href=\"https:\/\/urlaub-in-waldkirchen.de\/cs\/aquapark\/mediterraneum\/\">mediterraneum<\/a><u>\u201c<\/u>, <a href=\"https:\/\/urlaub-in-waldkirchen.de\/cs\/aquapark\/saunovy-svet\/\">saunov\u00fd sv\u011bt<\/a>a\u00a0<a href=\"https:\/\/urlaub-in-waldkirchen.de\/cs\/aquapark\/letni-koupaliste\/\">letn\u00ed koupali\u0161t\u011b<\/a>\u00a0se skluzavkou, z\u00e1\u017eitkov\u00fdm baz\u00e9nem a mnoha dal\u0161\u00edmi zaj\u00edmavostmi! Podrobn\u011bj\u0161\u00ed informace v\u010detn\u011b otev\u00edrac\u00ed doby a cen vstupn\u00e9ho naleznete pod odkazem <a href=\"https:\/\/urlaub-in-waldkirchen.de\/cs\/aquapark\/\">Aquapark Karoli &gt;&gt;<\/a><\/li>\n<li><a href=\"https:\/\/www.bayerischer-wald.de\/Media\/Attraktionen\/Naturbadesee-in-Jandelsbrunn\" target=\"_blank\">Jezero Jandelsbrunn<\/a>: nedaleko m\u011bsta se nach\u00e1z\u00ed jezero, jeho\u017e kvalita odpov\u00edd\u00e1 pitn\u00e9 vod\u011b. K\u00a0dispozici jsou zde parkovi\u0161t\u011b, \u0161atny a hygienick\u00e1 za\u0159\u00edzen\u00ed, d\u011btsk\u00e9 h\u0159i\u0161t\u011b a h\u0159i\u0161t\u011b na pl\u00e1\u017eov\u00fd volejbal. Dal\u0161\u00ed informace naleznete\u00a0<a href=\"https:\/\/www.bayerischer-wald.de\/Media\/Attraktionen\/Naturbadesee-in-Jandelsbrunn\" target=\"_blank\">zde &gt;&gt;<\/a><\/li>\n<li><a href=\"https:\/\/www.bayerischer-wald.de\/Media\/Attraktionen\/Rannasee\" target=\"_blank\">Jezero Rannasee<\/a>: jezero o rozloze\u00a020 ha je nejv\u011bt\u0161\u00edm p\u0159\u00edrodn\u00edm koupali\u0161t\u011bm v\u00a0Bavorsk\u00e9m lese. K\u00a0dispozici jsou zde kr\u00e1sn\u00e9 pl\u00e1\u017ee, 120 m dlouh\u00e1 vodn\u00ed skluzavka (zdarma) a d\u011btsk\u00e9 brouzdali\u0161t\u011b, turistick\u00e1 stezka s\u00a0Kneippov\u00fdm brouzdali\u0161t\u011bm, m\u016f\u017eete zde surfovat nebo jezdit v lodi\u010dk\u00e1ch. Na b\u0159ehu se nach\u00e1z\u00ed velk\u00e9 z\u00e1\u017eitkov\u00e9 h\u0159i\u0161t\u011b pro d\u011bti a sportovn\u011b zalo\u017een\u00e9 n\u00e1v\u0161t\u011bvn\u00edky pot\u011b\u0161\u00ed h\u0159i\u0161t\u011b na pl\u00e1\u017eov\u00fd volejbal. Dal\u0161\u00ed informace o jezeru Rannasee naleznete <a href=\"https:\/\/www.bayerischer-wald.de\/Media\/Attraktionen\/Rannasee\" target=\"_blank\">zde &gt;&gt;<\/a><\/li>\n<li><a href=\"https:\/\/www.bayerischer-wald.de\/Media\/Attraktionen\/Freudensee-bei-Hauzenberg\" target=\"_blank\">Jezero Freudensee<\/a>: jezero se nach\u00e1z\u00ed v\u00a0idylick\u00e9 p\u0159\u00edrod\u011b cca 1,5 km severov\u00fdchodn\u011b od obce Hauzenberg. N\u00e1v\u0161t\u011bvn\u00edci zde naleznou pestrou nab\u00eddku aktivit pro plavce i neplavce, milovn\u00edky j\u00edzdy na lodi\u010dk\u00e1ch a turisty, i dostatek zelen\u00fdch ploch pro relaxaci. Podrobn\u00e9 informace naleznete\u00a0<a href=\"https:\/\/www.bayerischer-wald.de\/Media\/Attraktionen\/Freudensee-bei-Hauzenberg\" target=\"_blank\">zde &gt;&gt;<\/a><\/li>\n<\/ul>\n<p>Dal\u0161\u00ed informace v\u00e1m r\u00e1di poskytneme v\u00a0<a href=\"https:\/\/urlaub-in-waldkirchen.de\/cs\/informace\/turisticke-informacni-centrum\/\">Turistick\u00e9m informa\u010dn\u00edm centru<\/a>.[\/vc_column_text][\/vc_column][\/vc_row][vc_row full_width=&#8220;stretch_row_content_no_spaces&#8220;][vc_column][vc_media_grid element_width=&#8220;3&#8243; item=&#8220;mediaGrid_FadeInWithIcon&#8220; grid_id=&#8220;vc_gid:1473151208592-993aa315-af48-9&#8243; include=&#8220;1959,1972,1971,1970,1956,1974,1969,1968,1967,1966,1965,1964,1963,1962,1954,1961,1960,1958,1973,1955&#8243;][\/vc_column][\/vc_row][vc_row][vc_column][vc_separator color=&#8220;custom&#8220; accent_color=&#8220;#95c11f&#8220;][vc_btn title=&#8220;zp\u011bt na p\u0159ehled&#8220; shape=&#8220;square&#8220; color=&#8220;green&#8220; size=&#8220;sm&#8220; align=&#8220;right&#8220; link=&#8220;url:http%3A%2F%2Furlaub-in-waldkirchen.de%2Fcs%2Faktivity-leto%2F|||&#8220;][\/vc_column][\/vc_row]<\/p>\n<\/div>","protected":false},"excerpt":{"rendered":"<p>[vc_row][vc_column][vc_empty_space height=&#8220;20px&#8220;][vc_column_text] Koup\u00e1n\u00ed pro ka\u017ed\u00fd v\u011bk \u2013 aquapark a jezera [\/vc_column_text][\/vc_column][\/vc_row][vc_row][vc_column][vc_column_text]M\u011bsto Waldkirchen a jeho bl\u00edzk\u00e9 okol\u00ed nab\u00edzej\u00ed \u0161irok\u00e9 spektrum radov\u00e1nek pro vodomily \u2013 a\u0165 u\u017e mal\u00e9<span class=\"excerpt-hellip\"> [\u2026]<\/span><\/p>\n","protected":false},"author":2,"featured_media":0,"parent":3549,"menu_order":0,"comment_status":"closed","ping_status":"closed","template":"","meta":{"footnotes":""},"class_list":["post-3565","page","type-page","status-publish","hentry"],"yoast_head":"<!-- This site is optimized with the Yoast SEO plugin v27.3 - https:\/\/yoast.com\/product\/yoast-seo-wordpress\/ -->\n<title>Koup\u00e1n\u00ed - urlaub-in-waldkirchen.de<\/title>\n<meta name=\"description\" content=\"M\u011bsto Waldkirchen a jeho bl\u00edzk\u00e9 okol\u00ed nab\u00edzej\u00ed \u0161irok\u00e9 spektrum radov\u00e1nek pro vodomily \u2013 a\u0165 u\u017e mal\u00e9 \u010di velk\u00e9. Z\u00e1\u017eitkov\u00fd aquapark a n\u011bkolik jezer pro milovn\u00edky p\u0159\u00edrody \u010dekaj\u00ed na va\u0161i n\u00e1v\u0161t\u011bvu!\" \/>\n<meta name=\"robots\" content=\"index, follow, max-snippet:-1, max-image-preview:large, max-video-preview:-1\" \/>\n<link rel=\"canonical\" href=\"https:\/\/urlaub-in-waldkirchen.de\/cs\/aktivity-leto\/koupani\/\" \/>\n<meta property=\"og:locale\" content=\"cs_CZ\" \/>\n<meta property=\"og:type\" content=\"article\" \/>\n<meta property=\"og:title\" content=\"Koup\u00e1n\u00ed - urlaub-in-waldkirchen.de\" \/>\n<meta property=\"og:description\" content=\"M\u011bsto Waldkirchen a jeho bl\u00edzk\u00e9 okol\u00ed nab\u00edzej\u00ed \u0161irok\u00e9 spektrum radov\u00e1nek pro vodomily \u2013 a\u0165 u\u017e mal\u00e9 \u010di velk\u00e9. Z\u00e1\u017eitkov\u00fd aquapark a n\u011bkolik jezer pro milovn\u00edky p\u0159\u00edrody \u010dekaj\u00ed na va\u0161i n\u00e1v\u0161t\u011bvu!\" \/>\n<meta property=\"og:url\" content=\"https:\/\/urlaub-in-waldkirchen.de\/cs\/aktivity-leto\/koupani\/\" \/>\n<meta property=\"og:site_name\" content=\"urlaub-in-waldkirchen.de\" \/>\n<meta property=\"article:modified_time\" content=\"2016-09-06T08:43:23+00:00\" \/>\n<meta name=\"twitter:card\" content=\"summary_large_image\" \/>\n<meta name=\"twitter:label1\" content=\"Odhadovan\u00e1 doba \u010dten\u00ed\" \/>\n\t<meta name=\"twitter:data1\" content=\"2 minuty\" \/>\n<script type=\"application\/ld+json\" class=\"yoast-schema-graph\">{\"@context\":\"https:\\\/\\\/schema.org\",\"@graph\":[{\"@type\":\"WebPage\",\"@id\":\"https:\\\/\\\/urlaub-in-waldkirchen.de\\\/cs\\\/aktivity-leto\\\/koupani\\\/\",\"url\":\"https:\\\/\\\/urlaub-in-waldkirchen.de\\\/cs\\\/aktivity-leto\\\/koupani\\\/\",\"name\":\"Koup\u00e1n\u00ed - urlaub-in-waldkirchen.de\",\"isPartOf\":{\"@id\":\"https:\\\/\\\/urlaub-in-waldkirchen.de\\\/#website\"},\"datePublished\":\"2016-04-26T11:27:02+00:00\",\"dateModified\":\"2016-09-06T08:43:23+00:00\",\"description\":\"M\u011bsto Waldkirchen a jeho bl\u00edzk\u00e9 okol\u00ed nab\u00edzej\u00ed \u0161irok\u00e9 spektrum radov\u00e1nek pro vodomily \u2013 a\u0165 u\u017e mal\u00e9 \u010di velk\u00e9. Z\u00e1\u017eitkov\u00fd aquapark a n\u011bkolik jezer pro milovn\u00edky p\u0159\u00edrody \u010dekaj\u00ed na va\u0161i n\u00e1v\u0161t\u011bvu!\",\"breadcrumb\":{\"@id\":\"https:\\\/\\\/urlaub-in-waldkirchen.de\\\/cs\\\/aktivity-leto\\\/koupani\\\/#breadcrumb\"},\"inLanguage\":\"cs\",\"potentialAction\":[{\"@type\":\"ReadAction\",\"target\":[\"https:\\\/\\\/urlaub-in-waldkirchen.de\\\/cs\\\/aktivity-leto\\\/koupani\\\/\"]}]},{\"@type\":\"BreadcrumbList\",\"@id\":\"https:\\\/\\\/urlaub-in-waldkirchen.de\\\/cs\\\/aktivity-leto\\\/koupani\\\/#breadcrumb\",\"itemListElement\":[{\"@type\":\"ListItem\",\"position\":1,\"name\":\"Startseite\",\"item\":\"https:\\\/\\\/urlaub-in-waldkirchen.de\\\/cs\\\/\"},{\"@type\":\"ListItem\",\"position\":2,\"name\":\"Aktivity &#8211; L\u00c9TO\",\"item\":\"https:\\\/\\\/urlaub-in-waldkirchen.de\\\/cs\\\/aktivity-leto\\\/\"},{\"@type\":\"ListItem\",\"position\":3,\"name\":\"Koup\u00e1n\u00ed\"}]},{\"@type\":\"WebSite\",\"@id\":\"https:\\\/\\\/urlaub-in-waldkirchen.de\\\/#website\",\"url\":\"https:\\\/\\\/urlaub-in-waldkirchen.de\\\/\",\"name\":\"urlaub-in-waldkirchen.de\",\"description\":\"\",\"potentialAction\":[{\"@type\":\"SearchAction\",\"target\":{\"@type\":\"EntryPoint\",\"urlTemplate\":\"https:\\\/\\\/urlaub-in-waldkirchen.de\\\/?s={search_term_string}\"},\"query-input\":{\"@type\":\"PropertyValueSpecification\",\"valueRequired\":true,\"valueName\":\"search_term_string\"}}],\"inLanguage\":\"cs\"}]}<\/script>\n<!-- \/ Yoast SEO plugin. -->","yoast_head_json":{"title":"Koup\u00e1n\u00ed - urlaub-in-waldkirchen.de","description":"M\u011bsto Waldkirchen a jeho bl\u00edzk\u00e9 okol\u00ed nab\u00edzej\u00ed \u0161irok\u00e9 spektrum radov\u00e1nek pro vodomily \u2013 a\u0165 u\u017e mal\u00e9 \u010di velk\u00e9. Z\u00e1\u017eitkov\u00fd aquapark a n\u011bkolik jezer pro milovn\u00edky p\u0159\u00edrody \u010dekaj\u00ed na va\u0161i n\u00e1v\u0161t\u011bvu!","robots":{"index":"index","follow":"follow","max-snippet":"max-snippet:-1","max-image-preview":"max-image-preview:large","max-video-preview":"max-video-preview:-1"},"canonical":"https:\/\/urlaub-in-waldkirchen.de\/cs\/aktivity-leto\/koupani\/","og_locale":"cs_CZ","og_type":"article","og_title":"Koup\u00e1n\u00ed - urlaub-in-waldkirchen.de","og_description":"M\u011bsto Waldkirchen a jeho bl\u00edzk\u00e9 okol\u00ed nab\u00edzej\u00ed \u0161irok\u00e9 spektrum radov\u00e1nek pro vodomily \u2013 a\u0165 u\u017e mal\u00e9 \u010di velk\u00e9. Z\u00e1\u017eitkov\u00fd aquapark a n\u011bkolik jezer pro milovn\u00edky p\u0159\u00edrody \u010dekaj\u00ed na va\u0161i n\u00e1v\u0161t\u011bvu!","og_url":"https:\/\/urlaub-in-waldkirchen.de\/cs\/aktivity-leto\/koupani\/","og_site_name":"urlaub-in-waldkirchen.de","article_modified_time":"2016-09-06T08:43:23+00:00","twitter_card":"summary_large_image","twitter_misc":{"Odhadovan\u00e1 doba \u010dten\u00ed":"2 minuty"},"schema":{"@context":"https:\/\/schema.org","@graph":[{"@type":"WebPage","@id":"https:\/\/urlaub-in-waldkirchen.de\/cs\/aktivity-leto\/koupani\/","url":"https:\/\/urlaub-in-waldkirchen.de\/cs\/aktivity-leto\/koupani\/","name":"Koup\u00e1n\u00ed - urlaub-in-waldkirchen.de","isPartOf":{"@id":"https:\/\/urlaub-in-waldkirchen.de\/#website"},"datePublished":"2016-04-26T11:27:02+00:00","dateModified":"2016-09-06T08:43:23+00:00","description":"M\u011bsto Waldkirchen a jeho bl\u00edzk\u00e9 okol\u00ed nab\u00edzej\u00ed \u0161irok\u00e9 spektrum radov\u00e1nek pro vodomily \u2013 a\u0165 u\u017e mal\u00e9 \u010di velk\u00e9. Z\u00e1\u017eitkov\u00fd aquapark a n\u011bkolik jezer pro milovn\u00edky p\u0159\u00edrody \u010dekaj\u00ed na va\u0161i n\u00e1v\u0161t\u011bvu!","breadcrumb":{"@id":"https:\/\/urlaub-in-waldkirchen.de\/cs\/aktivity-leto\/koupani\/#breadcrumb"},"inLanguage":"cs","potentialAction":[{"@type":"ReadAction","target":["https:\/\/urlaub-in-waldkirchen.de\/cs\/aktivity-leto\/koupani\/"]}]},{"@type":"BreadcrumbList","@id":"https:\/\/urlaub-in-waldkirchen.de\/cs\/aktivity-leto\/koupani\/#breadcrumb","itemListElement":[{"@type":"ListItem","position":1,"name":"Startseite","item":"https:\/\/urlaub-in-waldkirchen.de\/cs\/"},{"@type":"ListItem","position":2,"name":"Aktivity &#8211; L\u00c9TO","item":"https:\/\/urlaub-in-waldkirchen.de\/cs\/aktivity-leto\/"},{"@type":"ListItem","position":3,"name":"Koup\u00e1n\u00ed"}]},{"@type":"WebSite","@id":"https:\/\/urlaub-in-waldkirchen.de\/#website","url":"https:\/\/urlaub-in-waldkirchen.de\/","name":"urlaub-in-waldkirchen.de","description":"","potentialAction":[{"@type":"SearchAction","target":{"@type":"EntryPoint","urlTemplate":"https:\/\/urlaub-in-waldkirchen.de\/?s={search_term_string}"},"query-input":{"@type":"PropertyValueSpecification","valueRequired":true,"valueName":"search_term_string"}}],"inLanguage":"cs"}]}},"_links":{"self":[{"href":"https:\/\/urlaub-in-waldkirchen.de\/cs\/wp-json\/wp\/v2\/pages\/3565","targetHints":{"allow":["GET"]}}],"collection":[{"href":"https:\/\/urlaub-in-waldkirchen.de\/cs\/wp-json\/wp\/v2\/pages"}],"about":[{"href":"https:\/\/urlaub-in-waldkirchen.de\/cs\/wp-json\/wp\/v2\/types\/page"}],"author":[{"embeddable":true,"href":"https:\/\/urlaub-in-waldkirchen.de\/cs\/wp-json\/wp\/v2\/users\/2"}],"replies":[{"embeddable":true,"href":"https:\/\/urlaub-in-waldkirchen.de\/cs\/wp-json\/wp\/v2\/comments?post=3565"}],"version-history":[{"count":0,"href":"https:\/\/urlaub-in-waldkirchen.de\/cs\/wp-json\/wp\/v2\/pages\/3565\/revisions"}],"up":[{"embeddable":true,"href":"https:\/\/urlaub-in-waldkirchen.de\/cs\/wp-json\/wp\/v2\/pages\/3549"}],"wp:attachment":[{"href":"https:\/\/urlaub-in-waldkirchen.de\/cs\/wp-json\/wp\/v2\/media?parent=3565"}],"curies":[{"name":"wp","href":"https:\/\/api.w.org\/{rel}","templated":true}]}}