{"id":3578,"date":"2016-04-26T13:22:51","date_gmt":"2016-04-26T11:22:51","guid":{"rendered":"https:\/\/urlaub-in-waldkirchen.de\/cs\/aktivity-leto\/golf\/"},"modified":"2016-10-14T10:36:18","modified_gmt":"2016-10-14T08:36:18","slug":"golf","status":"publish","type":"page","link":"https:\/\/urlaub-in-waldkirchen.de\/cs\/aktivity-leto\/golf\/","title":{"rendered":"Golf"},"content":{"rendered":"<div class=\"wpb-content-wrapper\"><p>[vc_row][vc_column][vc_empty_space height=&#8220;20px&#8220;][vc_column_text]<\/p>\n<h1>Golf ve Waldkirchenu: fascinuj\u00edc\u00ed sport s n\u00e1dhernou kulisou<\/h1>\n<p>[\/vc_column_text][\/vc_column][\/vc_row][vc_row][vc_column][vc_column_text]Zasazen\u00fd do n\u00e1dhern\u00e9 nedot\u010den\u00e9 p\u0159\u00edrodn\u00ed krajiny Doln\u00edho Bavorsk\u00e9ho lesa v\u00e1s o\u010dek\u00e1v\u00e1 nezapomenuteln\u00fd golfov\u00fd z\u00e1\u017eitek na dvou skv\u011ble upraven\u00fdch mistrovsk\u00fdch h\u0159i\u0161t\u00edch.<\/p>\n<p>Jen p\u00e1r minut j\u00edzdy od Waldkirchenu v\u00e1m golfov\u00fd klub nab\u00eddne z\u00e1\u017eitek ze hry golfu ve v\u0161ech v\u00fdkonnostn\u00edch t\u0159\u00edd\u00e1ch na <strong>18-jamkov\u00e9m golfov\u00e9m h\u0159i\u0161ti<\/strong>\u00a0<strong>Poppenreut\u00a0<\/strong>(sousedn\u00ed obec Jandelsbrunn)<strong>\u00a0<\/strong>a na ve\u0159ejn\u00e9m\u00a0<strong>9-jamkov\u00e9m golfov\u00e9m h\u0159i\u0161ti Dorn<\/strong>\u00a0(m\u011bsto Waldkirchen).<\/p>\n<p>Velkoryse vybaven\u00e9 cvi\u010debn\u00ed a tr\u00e9ninkov\u00e9 plochy, Drivingranges s\u00a0\u010d\u00e1ste\u010dn\u011b zast\u0159e\u0161en\u00fdmi odpali\u0161ti, Chippingaereas a Puttinggreens, to v\u0161e tvo\u0159\u00ed jeden celek. Na speci\u00e1ln\u011b zalo\u017een\u00e9m 3-jamkov\u00e9m zku\u0161ebn\u00edm h\u0159i\u0161ti mohou <strong>za\u010d\u00e1te\u010dn\u00edci v\u00a0golfu <\/strong>sb\u00edrat sv\u00e9 prvn\u00ed zku\u0161enosti.<\/p>\n<p>Nav\u0161tivte tak\u00e9 vynikaj\u00edc\u00ed gastronomick\u00e9 podniky, Hofst\u00fcberl u h\u0159i\u0161t\u011b Poppenreut a Clubhaus u h\u0159i\u0161t\u011b Dorn. Region\u00e1ln\u00ed pochoutky a mezin\u00e1rodn\u00ed speciality se postaraj\u00ed o va\u0161e t\u011blesn\u00e9 blaho p\u0159ed hrou, b\u011bhem n\u00ed a po jej\u00edm skon\u010den\u00ed.<\/p>\n<p>Dal\u0161\u00ed informace naleznete na\u00a0<a href=\"http:\/\/www.gc-bayerwald.de\/\" target=\"_blank\">gc-bayerwald.de<\/a>\u00a0nebo v\u00a0<a href=\"https:\/\/urlaub-in-waldkirchen.de\/cs\/informace\/turisticke-informacni-centrum\/\">Turistick\u00e9m informa\u010dn\u00edm centru<\/a><u>.<\/u><\/p>\n<p><strong>Adresa Dorn:<\/strong>\u00a0Frauenwaldstr. 2, 94095 Waldkirchen<br \/>\n<strong>Telefon:<\/strong>\u00a00049 8581\/1040[\/vc_column_text][\/vc_column][\/vc_row][vc_row full_width=&#8220;stretch_row_content_no_spaces&#8220;][vc_column][vc_media_grid element_width=&#8220;3&#8243; item=&#8220;mediaGrid_FadeInWithIcon&#8220; grid_id=&#8220;vc_gid:1476434199318-b01df760-a5bb-1&#8243; include=&#8220;2030,2025,2024,2038,2036,2035,2034,2033,2037,2026,2032,2029,2028,2027,2023,4013&#8243;][\/vc_column][\/vc_row][vc_row][vc_column][vc_separator color=&#8220;custom&#8220; accent_color=&#8220;#95c11f&#8220;][vc_btn title=&#8220;zp\u011bt na p\u0159ehled&#8220; shape=&#8220;square&#8220; color=&#8220;green&#8220; size=&#8220;sm&#8220; align=&#8220;right&#8220; link=&#8220;url:http%3A%2F%2Furlaub-in-waldkirchen.de%2Fcs%2Faktivity-leto%2F|||&#8220;][\/vc_column][\/vc_row]<\/p>\n<\/div>","protected":false},"excerpt":{"rendered":"<p>[vc_row][vc_column][vc_empty_space height=&#8220;20px&#8220;][vc_column_text] Golf ve Waldkirchenu: fascinuj\u00edc\u00ed sport s n\u00e1dhernou kulisou [\/vc_column_text][\/vc_column][\/vc_row][vc_row][vc_column][vc_column_text]Zasazen\u00fd do n\u00e1dhern\u00e9 nedot\u010den\u00e9 p\u0159\u00edrodn\u00ed krajiny Doln\u00edho Bavorsk\u00e9ho lesa v\u00e1s o\u010dek\u00e1v\u00e1 nezapomenuteln\u00fd golfov\u00fd z\u00e1\u017eitek na dvou<span class=\"excerpt-hellip\"> [\u2026]<\/span><\/p>\n","protected":false},"author":2,"featured_media":0,"parent":3549,"menu_order":0,"comment_status":"closed","ping_status":"closed","template":"","meta":{"footnotes":""},"class_list":["post-3578","page","type-page","status-publish","hentry"],"yoast_head":"<!-- This site is optimized with the Yoast SEO plugin v27.3 - https:\/\/yoast.com\/product\/yoast-seo-wordpress\/ -->\n<title>Golf - urlaub-in-waldkirchen.de<\/title>\n<meta name=\"description\" content=\"Zasazen\u00fd do n\u00e1dhern\u00e9 nedot\u010den\u00e9 p\u0159\u00edrodn\u00ed krajiny Doln\u00edho Bavorsk\u00e9ho lesa v\u00e1s o\u010dek\u00e1v\u00e1 nezapomenuteln\u00fd golfov\u00fd z\u00e1\u017eitek na dvou skv\u011ble upraven\u00fdch mistrovsk\u00fdch h\u0159i\u0161t\u00edch.\" \/>\n<meta name=\"robots\" content=\"index, follow, max-snippet:-1, max-image-preview:large, max-video-preview:-1\" \/>\n<link rel=\"canonical\" href=\"https:\/\/urlaub-in-waldkirchen.de\/cs\/aktivity-leto\/golf\/\" \/>\n<meta property=\"og:locale\" content=\"cs_CZ\" \/>\n<meta property=\"og:type\" content=\"article\" \/>\n<meta property=\"og:title\" content=\"Golf - urlaub-in-waldkirchen.de\" \/>\n<meta property=\"og:description\" content=\"Zasazen\u00fd do n\u00e1dhern\u00e9 nedot\u010den\u00e9 p\u0159\u00edrodn\u00ed krajiny Doln\u00edho Bavorsk\u00e9ho lesa v\u00e1s o\u010dek\u00e1v\u00e1 nezapomenuteln\u00fd golfov\u00fd z\u00e1\u017eitek na dvou skv\u011ble upraven\u00fdch mistrovsk\u00fdch h\u0159i\u0161t\u00edch.\" \/>\n<meta property=\"og:url\" content=\"https:\/\/urlaub-in-waldkirchen.de\/cs\/aktivity-leto\/golf\/\" \/>\n<meta property=\"og:site_name\" content=\"urlaub-in-waldkirchen.de\" \/>\n<meta property=\"article:modified_time\" content=\"2016-10-14T08:36:18+00:00\" \/>\n<meta name=\"twitter:card\" content=\"summary_large_image\" \/>\n<meta name=\"twitter:label1\" content=\"Odhadovan\u00e1 doba \u010dten\u00ed\" \/>\n\t<meta name=\"twitter:data1\" content=\"2 minuty\" \/>\n<script type=\"application\/ld+json\" class=\"yoast-schema-graph\">{\"@context\":\"https:\\\/\\\/schema.org\",\"@graph\":[{\"@type\":\"WebPage\",\"@id\":\"https:\\\/\\\/urlaub-in-waldkirchen.de\\\/cs\\\/aktivity-leto\\\/golf\\\/\",\"url\":\"https:\\\/\\\/urlaub-in-waldkirchen.de\\\/cs\\\/aktivity-leto\\\/golf\\\/\",\"name\":\"Golf - urlaub-in-waldkirchen.de\",\"isPartOf\":{\"@id\":\"https:\\\/\\\/urlaub-in-waldkirchen.de\\\/#website\"},\"datePublished\":\"2016-04-26T11:22:51+00:00\",\"dateModified\":\"2016-10-14T08:36:18+00:00\",\"description\":\"Zasazen\u00fd do n\u00e1dhern\u00e9 nedot\u010den\u00e9 p\u0159\u00edrodn\u00ed krajiny Doln\u00edho Bavorsk\u00e9ho lesa v\u00e1s o\u010dek\u00e1v\u00e1 nezapomenuteln\u00fd golfov\u00fd z\u00e1\u017eitek na dvou skv\u011ble upraven\u00fdch mistrovsk\u00fdch h\u0159i\u0161t\u00edch.\",\"breadcrumb\":{\"@id\":\"https:\\\/\\\/urlaub-in-waldkirchen.de\\\/cs\\\/aktivity-leto\\\/golf\\\/#breadcrumb\"},\"inLanguage\":\"cs\",\"potentialAction\":[{\"@type\":\"ReadAction\",\"target\":[\"https:\\\/\\\/urlaub-in-waldkirchen.de\\\/cs\\\/aktivity-leto\\\/golf\\\/\"]}]},{\"@type\":\"BreadcrumbList\",\"@id\":\"https:\\\/\\\/urlaub-in-waldkirchen.de\\\/cs\\\/aktivity-leto\\\/golf\\\/#breadcrumb\",\"itemListElement\":[{\"@type\":\"ListItem\",\"position\":1,\"name\":\"Startseite\",\"item\":\"https:\\\/\\\/urlaub-in-waldkirchen.de\\\/cs\\\/\"},{\"@type\":\"ListItem\",\"position\":2,\"name\":\"Aktivity &#8211; L\u00c9TO\",\"item\":\"https:\\\/\\\/urlaub-in-waldkirchen.de\\\/cs\\\/aktivity-leto\\\/\"},{\"@type\":\"ListItem\",\"position\":3,\"name\":\"Golf\"}]},{\"@type\":\"WebSite\",\"@id\":\"https:\\\/\\\/urlaub-in-waldkirchen.de\\\/#website\",\"url\":\"https:\\\/\\\/urlaub-in-waldkirchen.de\\\/\",\"name\":\"urlaub-in-waldkirchen.de\",\"description\":\"\",\"potentialAction\":[{\"@type\":\"SearchAction\",\"target\":{\"@type\":\"EntryPoint\",\"urlTemplate\":\"https:\\\/\\\/urlaub-in-waldkirchen.de\\\/?s={search_term_string}\"},\"query-input\":{\"@type\":\"PropertyValueSpecification\",\"valueRequired\":true,\"valueName\":\"search_term_string\"}}],\"inLanguage\":\"cs\"}]}<\/script>\n<!-- \/ Yoast SEO plugin. -->","yoast_head_json":{"title":"Golf - urlaub-in-waldkirchen.de","description":"Zasazen\u00fd do n\u00e1dhern\u00e9 nedot\u010den\u00e9 p\u0159\u00edrodn\u00ed krajiny Doln\u00edho Bavorsk\u00e9ho lesa v\u00e1s o\u010dek\u00e1v\u00e1 nezapomenuteln\u00fd golfov\u00fd z\u00e1\u017eitek na dvou skv\u011ble upraven\u00fdch mistrovsk\u00fdch h\u0159i\u0161t\u00edch.","robots":{"index":"index","follow":"follow","max-snippet":"max-snippet:-1","max-image-preview":"max-image-preview:large","max-video-preview":"max-video-preview:-1"},"canonical":"https:\/\/urlaub-in-waldkirchen.de\/cs\/aktivity-leto\/golf\/","og_locale":"cs_CZ","og_type":"article","og_title":"Golf - urlaub-in-waldkirchen.de","og_description":"Zasazen\u00fd do n\u00e1dhern\u00e9 nedot\u010den\u00e9 p\u0159\u00edrodn\u00ed krajiny Doln\u00edho Bavorsk\u00e9ho lesa v\u00e1s o\u010dek\u00e1v\u00e1 nezapomenuteln\u00fd golfov\u00fd z\u00e1\u017eitek na dvou skv\u011ble upraven\u00fdch mistrovsk\u00fdch h\u0159i\u0161t\u00edch.","og_url":"https:\/\/urlaub-in-waldkirchen.de\/cs\/aktivity-leto\/golf\/","og_site_name":"urlaub-in-waldkirchen.de","article_modified_time":"2016-10-14T08:36:18+00:00","twitter_card":"summary_large_image","twitter_misc":{"Odhadovan\u00e1 doba \u010dten\u00ed":"2 minuty"},"schema":{"@context":"https:\/\/schema.org","@graph":[{"@type":"WebPage","@id":"https:\/\/urlaub-in-waldkirchen.de\/cs\/aktivity-leto\/golf\/","url":"https:\/\/urlaub-in-waldkirchen.de\/cs\/aktivity-leto\/golf\/","name":"Golf - urlaub-in-waldkirchen.de","isPartOf":{"@id":"https:\/\/urlaub-in-waldkirchen.de\/#website"},"datePublished":"2016-04-26T11:22:51+00:00","dateModified":"2016-10-14T08:36:18+00:00","description":"Zasazen\u00fd do n\u00e1dhern\u00e9 nedot\u010den\u00e9 p\u0159\u00edrodn\u00ed krajiny Doln\u00edho Bavorsk\u00e9ho lesa v\u00e1s o\u010dek\u00e1v\u00e1 nezapomenuteln\u00fd golfov\u00fd z\u00e1\u017eitek na dvou skv\u011ble upraven\u00fdch mistrovsk\u00fdch h\u0159i\u0161t\u00edch.","breadcrumb":{"@id":"https:\/\/urlaub-in-waldkirchen.de\/cs\/aktivity-leto\/golf\/#breadcrumb"},"inLanguage":"cs","potentialAction":[{"@type":"ReadAction","target":["https:\/\/urlaub-in-waldkirchen.de\/cs\/aktivity-leto\/golf\/"]}]},{"@type":"BreadcrumbList","@id":"https:\/\/urlaub-in-waldkirchen.de\/cs\/aktivity-leto\/golf\/#breadcrumb","itemListElement":[{"@type":"ListItem","position":1,"name":"Startseite","item":"https:\/\/urlaub-in-waldkirchen.de\/cs\/"},{"@type":"ListItem","position":2,"name":"Aktivity &#8211; L\u00c9TO","item":"https:\/\/urlaub-in-waldkirchen.de\/cs\/aktivity-leto\/"},{"@type":"ListItem","position":3,"name":"Golf"}]},{"@type":"WebSite","@id":"https:\/\/urlaub-in-waldkirchen.de\/#website","url":"https:\/\/urlaub-in-waldkirchen.de\/","name":"urlaub-in-waldkirchen.de","description":"","potentialAction":[{"@type":"SearchAction","target":{"@type":"EntryPoint","urlTemplate":"https:\/\/urlaub-in-waldkirchen.de\/?s={search_term_string}"},"query-input":{"@type":"PropertyValueSpecification","valueRequired":true,"valueName":"search_term_string"}}],"inLanguage":"cs"}]}},"_links":{"self":[{"href":"https:\/\/urlaub-in-waldkirchen.de\/cs\/wp-json\/wp\/v2\/pages\/3578","targetHints":{"allow":["GET"]}}],"collection":[{"href":"https:\/\/urlaub-in-waldkirchen.de\/cs\/wp-json\/wp\/v2\/pages"}],"about":[{"href":"https:\/\/urlaub-in-waldkirchen.de\/cs\/wp-json\/wp\/v2\/types\/page"}],"author":[{"embeddable":true,"href":"https:\/\/urlaub-in-waldkirchen.de\/cs\/wp-json\/wp\/v2\/users\/2"}],"replies":[{"embeddable":true,"href":"https:\/\/urlaub-in-waldkirchen.de\/cs\/wp-json\/wp\/v2\/comments?post=3578"}],"version-history":[{"count":1,"href":"https:\/\/urlaub-in-waldkirchen.de\/cs\/wp-json\/wp\/v2\/pages\/3578\/revisions"}],"predecessor-version":[{"id":4016,"href":"https:\/\/urlaub-in-waldkirchen.de\/cs\/wp-json\/wp\/v2\/pages\/3578\/revisions\/4016"}],"up":[{"embeddable":true,"href":"https:\/\/urlaub-in-waldkirchen.de\/cs\/wp-json\/wp\/v2\/pages\/3549"}],"wp:attachment":[{"href":"https:\/\/urlaub-in-waldkirchen.de\/cs\/wp-json\/wp\/v2\/media?parent=3578"}],"curies":[{"name":"wp","href":"https:\/\/api.w.org\/{rel}","templated":true}]}}