{"id":3598,"date":"2016-04-26T13:28:33","date_gmt":"2016-04-26T11:28:33","guid":{"rendered":"https:\/\/urlaub-in-waldkirchen.de\/cs\/aktivity-leto\/reiten\/"},"modified":"2025-08-14T11:18:23","modified_gmt":"2025-08-14T09:18:23","slug":"jizda-na-koni","status":"publish","type":"page","link":"https:\/\/urlaub-in-waldkirchen.de\/cs\/aktivity-leto\/jizda-na-koni\/","title":{"rendered":"J\u00edzda na koni"},"content":{"rendered":"<div class=\"wpb-content-wrapper\"><p>[vc_row][vc_column][vc_empty_space height=&#8220;20px&#8220;][vc_column_text]<\/p>\n<h1>Reiten\u00a0in Waldkirchen &#8211; Urlaub auf dem R\u00fccken der Pferde<\/h1>\n<p>[\/vc_column_text][\/vc_column][\/vc_row][vc_row][vc_column][vc_column_text css=&#8220;&#8220;]Entdecken Sie die wunderbare\u00a0Landschaft rund um Waldkirchen und Ihre Leidenschaft f\u00fcr das Reiten! Erleben Sie gemeinschaftliche Ausritte, Wanderritte, <a href=\"https:\/\/urlaub-in-waldkirchen.de\/freizeit-uebersicht\/pferdekutschen-und-pferdeschlittenfahrten\/\">Kutschenfahrten und im Winter Pferdeschlittenfahrten<\/a>.<\/p>\n<p>Angefangen bei den Ponys f\u00fcr die Kleinen\u00a0und\u00a0Warmbl\u00fcter f\u00fcr die Schnellen\u00a0&#8211;\u00a0Sie finden sicher ein passendes Pferd auf den Waldkirchner H\u00f6fen.<\/p>\n<p>&nbsp;<\/p>\n<p>Folgende Reitanlagen und H\u00f6fe stehen Ihnen zur Verf\u00fcgung:<\/p>\n<ul>\n<li>Reitanlage Nigl: Reitunterricht f\u00fcr Anf\u00e4nger und Fortgeschrittene,\u00a0Ponyreiten,\u00a0Voltigieren,\u00a0Kutschenfahren,\u00a0Wanderreitstation, Gastboxen, Hufschmied<br \/>\nFrischeck 4, Tel. 0171-8742551<\/li>\n<li>MP-Stables: Trainingsstall von Dr. Martin Pauli\u00a0 Web: <a href=\"http:\/\/www.mp-stables.de\/\" target=\"_blank\" rel=\"noopener\">mp-stables.de &gt;&gt;<\/a><\/li>\n<\/ul>\n<p>[\/vc_column_text][\/vc_column][\/vc_row][vc_row full_width=&#8220;stretch_row_content_no_spaces&#8220;][vc_column][vc_media_grid element_width=&#8220;3&#8243; item=&#8220;mediaGrid_FadeInWithIcon&#8220; grid_id=&#8220;vc_gid:1755163463267-65c58769-4724-3&#8243; include=&#8220;2365,2337,2338,2339,2340,2341,2342,2344&#8243;][\/vc_column][\/vc_row][vc_row][vc_column][vc_separator color=&#8220;custom&#8220; accent_color=&#8220;#95c11f&#8220;][vc_btn title=&#8220;zur\u00fcck zur \u00dcbersicht&#8220; shape=&#8220;square&#8220; color=&#8220;green&#8220; size=&#8220;sm&#8220; align=&#8220;right&#8220; link=&#8220;url:http%3A%2F%2Furlaub-in-waldkirchen.de%2Faktivitaeten-sommer%2F|&#8220;][\/vc_column][\/vc_row]<\/p>\n<\/div>","protected":false},"excerpt":{"rendered":"<p>[vc_row][vc_column][vc_empty_space height=&#8220;20px&#8220;][vc_column_text] Reiten\u00a0in Waldkirchen &#8211; Urlaub auf dem R\u00fccken der Pferde [\/vc_column_text][\/vc_column][\/vc_row][vc_row][vc_column][vc_column_text css=&#8220;&#8220;]Entdecken Sie die wunderbare\u00a0Landschaft rund um Waldkirchen und Ihre Leidenschaft f\u00fcr das Reiten! Erleben<span class=\"excerpt-hellip\"> [\u2026]<\/span><\/p>\n","protected":false},"author":2,"featured_media":-1,"parent":3549,"menu_order":0,"comment_status":"closed","ping_status":"closed","template":"","meta":{"footnotes":""},"class_list":["post-3598","page","type-page","status-publish","has-post-thumbnail","hentry"],"yoast_head":"<!-- This site is optimized with the Yoast SEO plugin v27.3 - https:\/\/yoast.com\/product\/yoast-seo-wordpress\/ -->\n<title>J\u00edzda na koni - urlaub-in-waldkirchen.de<\/title>\n<meta name=\"description\" content=\"Objevte p\u0159ekr\u00e1snou krajinu v okol\u00ed Waldkirchenu i svou v\u00e1\u0161e\u0148 pro j\u00edzdu na koni! Pro\u017eijte spole\u010dn\u00e9 vyj\u00ed\u017e\u010fky, v\u00fdlety v sedle, j\u00edzdy v ko\u010d\u00e1\u0159e a v zim\u011b na san\u00edch ta\u017een\u00fdch ko\u0148mi.\" \/>\n<meta name=\"robots\" content=\"index, follow, max-snippet:-1, max-image-preview:large, max-video-preview:-1\" \/>\n<link rel=\"canonical\" href=\"https:\/\/urlaub-in-waldkirchen.de\/cs\/aktivity-leto\/jizda-na-koni\/\" \/>\n<meta property=\"og:locale\" content=\"cs_CZ\" \/>\n<meta property=\"og:type\" content=\"article\" \/>\n<meta property=\"og:title\" content=\"J\u00edzda na koni - urlaub-in-waldkirchen.de\" \/>\n<meta property=\"og:description\" content=\"Objevte p\u0159ekr\u00e1snou krajinu v okol\u00ed Waldkirchenu i svou v\u00e1\u0161e\u0148 pro j\u00edzdu na koni! Pro\u017eijte spole\u010dn\u00e9 vyj\u00ed\u017e\u010fky, v\u00fdlety v sedle, j\u00edzdy v ko\u010d\u00e1\u0159e a v zim\u011b na san\u00edch ta\u017een\u00fdch ko\u0148mi.\" \/>\n<meta property=\"og:url\" content=\"https:\/\/urlaub-in-waldkirchen.de\/cs\/aktivity-leto\/jizda-na-koni\/\" \/>\n<meta property=\"og:site_name\" content=\"urlaub-in-waldkirchen.de\" \/>\n<meta property=\"article:modified_time\" content=\"2025-08-14T09:18:23+00:00\" \/>\n<meta name=\"twitter:card\" content=\"summary_large_image\" \/>\n<meta name=\"twitter:label1\" content=\"Odhadovan\u00e1 doba \u010dten\u00ed\" \/>\n\t<meta name=\"twitter:data1\" content=\"1 minuta\" \/>\n<script type=\"application\/ld+json\" class=\"yoast-schema-graph\">{\"@context\":\"https:\\\/\\\/schema.org\",\"@graph\":[{\"@type\":\"WebPage\",\"@id\":\"https:\\\/\\\/urlaub-in-waldkirchen.de\\\/cs\\\/aktivity-leto\\\/jizda-na-koni\\\/\",\"url\":\"https:\\\/\\\/urlaub-in-waldkirchen.de\\\/cs\\\/aktivity-leto\\\/jizda-na-koni\\\/\",\"name\":\"J\u00edzda na koni - urlaub-in-waldkirchen.de\",\"isPartOf\":{\"@id\":\"https:\\\/\\\/urlaub-in-waldkirchen.de\\\/#website\"},\"datePublished\":\"2016-04-26T11:28:33+00:00\",\"dateModified\":\"2025-08-14T09:18:23+00:00\",\"description\":\"Objevte p\u0159ekr\u00e1snou krajinu v okol\u00ed Waldkirchenu i svou v\u00e1\u0161e\u0148 pro j\u00edzdu na koni! Pro\u017eijte spole\u010dn\u00e9 vyj\u00ed\u017e\u010fky, v\u00fdlety v sedle, j\u00edzdy v ko\u010d\u00e1\u0159e a v zim\u011b na san\u00edch ta\u017een\u00fdch ko\u0148mi.\",\"breadcrumb\":{\"@id\":\"https:\\\/\\\/urlaub-in-waldkirchen.de\\\/cs\\\/aktivity-leto\\\/jizda-na-koni\\\/#breadcrumb\"},\"inLanguage\":\"cs\",\"potentialAction\":[{\"@type\":\"ReadAction\",\"target\":[\"https:\\\/\\\/urlaub-in-waldkirchen.de\\\/cs\\\/aktivity-leto\\\/jizda-na-koni\\\/\"]}]},{\"@type\":\"BreadcrumbList\",\"@id\":\"https:\\\/\\\/urlaub-in-waldkirchen.de\\\/cs\\\/aktivity-leto\\\/jizda-na-koni\\\/#breadcrumb\",\"itemListElement\":[{\"@type\":\"ListItem\",\"position\":1,\"name\":\"Startseite\",\"item\":\"https:\\\/\\\/urlaub-in-waldkirchen.de\\\/cs\\\/\"},{\"@type\":\"ListItem\",\"position\":2,\"name\":\"Aktivity &#8211; L\u00c9TO\",\"item\":\"https:\\\/\\\/urlaub-in-waldkirchen.de\\\/cs\\\/aktivity-leto\\\/\"},{\"@type\":\"ListItem\",\"position\":3,\"name\":\"J\u00edzda na koni\"}]},{\"@type\":\"WebSite\",\"@id\":\"https:\\\/\\\/urlaub-in-waldkirchen.de\\\/#website\",\"url\":\"https:\\\/\\\/urlaub-in-waldkirchen.de\\\/\",\"name\":\"urlaub-in-waldkirchen.de\",\"description\":\"\",\"potentialAction\":[{\"@type\":\"SearchAction\",\"target\":{\"@type\":\"EntryPoint\",\"urlTemplate\":\"https:\\\/\\\/urlaub-in-waldkirchen.de\\\/?s={search_term_string}\"},\"query-input\":{\"@type\":\"PropertyValueSpecification\",\"valueRequired\":true,\"valueName\":\"search_term_string\"}}],\"inLanguage\":\"cs\"}]}<\/script>\n<!-- \/ Yoast SEO plugin. -->","yoast_head_json":{"title":"J\u00edzda na koni - urlaub-in-waldkirchen.de","description":"Objevte p\u0159ekr\u00e1snou krajinu v okol\u00ed Waldkirchenu i svou v\u00e1\u0161e\u0148 pro j\u00edzdu na koni! Pro\u017eijte spole\u010dn\u00e9 vyj\u00ed\u017e\u010fky, v\u00fdlety v sedle, j\u00edzdy v ko\u010d\u00e1\u0159e a v zim\u011b na san\u00edch ta\u017een\u00fdch ko\u0148mi.","robots":{"index":"index","follow":"follow","max-snippet":"max-snippet:-1","max-image-preview":"max-image-preview:large","max-video-preview":"max-video-preview:-1"},"canonical":"https:\/\/urlaub-in-waldkirchen.de\/cs\/aktivity-leto\/jizda-na-koni\/","og_locale":"cs_CZ","og_type":"article","og_title":"J\u00edzda na koni - urlaub-in-waldkirchen.de","og_description":"Objevte p\u0159ekr\u00e1snou krajinu v okol\u00ed Waldkirchenu i svou v\u00e1\u0161e\u0148 pro j\u00edzdu na koni! Pro\u017eijte spole\u010dn\u00e9 vyj\u00ed\u017e\u010fky, v\u00fdlety v sedle, j\u00edzdy v ko\u010d\u00e1\u0159e a v zim\u011b na san\u00edch ta\u017een\u00fdch ko\u0148mi.","og_url":"https:\/\/urlaub-in-waldkirchen.de\/cs\/aktivity-leto\/jizda-na-koni\/","og_site_name":"urlaub-in-waldkirchen.de","article_modified_time":"2025-08-14T09:18:23+00:00","twitter_card":"summary_large_image","twitter_misc":{"Odhadovan\u00e1 doba \u010dten\u00ed":"1 minuta"},"schema":{"@context":"https:\/\/schema.org","@graph":[{"@type":"WebPage","@id":"https:\/\/urlaub-in-waldkirchen.de\/cs\/aktivity-leto\/jizda-na-koni\/","url":"https:\/\/urlaub-in-waldkirchen.de\/cs\/aktivity-leto\/jizda-na-koni\/","name":"J\u00edzda na koni - urlaub-in-waldkirchen.de","isPartOf":{"@id":"https:\/\/urlaub-in-waldkirchen.de\/#website"},"datePublished":"2016-04-26T11:28:33+00:00","dateModified":"2025-08-14T09:18:23+00:00","description":"Objevte p\u0159ekr\u00e1snou krajinu v okol\u00ed Waldkirchenu i svou v\u00e1\u0161e\u0148 pro j\u00edzdu na koni! Pro\u017eijte spole\u010dn\u00e9 vyj\u00ed\u017e\u010fky, v\u00fdlety v sedle, j\u00edzdy v ko\u010d\u00e1\u0159e a v zim\u011b na san\u00edch ta\u017een\u00fdch ko\u0148mi.","breadcrumb":{"@id":"https:\/\/urlaub-in-waldkirchen.de\/cs\/aktivity-leto\/jizda-na-koni\/#breadcrumb"},"inLanguage":"cs","potentialAction":[{"@type":"ReadAction","target":["https:\/\/urlaub-in-waldkirchen.de\/cs\/aktivity-leto\/jizda-na-koni\/"]}]},{"@type":"BreadcrumbList","@id":"https:\/\/urlaub-in-waldkirchen.de\/cs\/aktivity-leto\/jizda-na-koni\/#breadcrumb","itemListElement":[{"@type":"ListItem","position":1,"name":"Startseite","item":"https:\/\/urlaub-in-waldkirchen.de\/cs\/"},{"@type":"ListItem","position":2,"name":"Aktivity &#8211; L\u00c9TO","item":"https:\/\/urlaub-in-waldkirchen.de\/cs\/aktivity-leto\/"},{"@type":"ListItem","position":3,"name":"J\u00edzda na koni"}]},{"@type":"WebSite","@id":"https:\/\/urlaub-in-waldkirchen.de\/#website","url":"https:\/\/urlaub-in-waldkirchen.de\/","name":"urlaub-in-waldkirchen.de","description":"","potentialAction":[{"@type":"SearchAction","target":{"@type":"EntryPoint","urlTemplate":"https:\/\/urlaub-in-waldkirchen.de\/?s={search_term_string}"},"query-input":{"@type":"PropertyValueSpecification","valueRequired":true,"valueName":"search_term_string"}}],"inLanguage":"cs"}]}},"_links":{"self":[{"href":"https:\/\/urlaub-in-waldkirchen.de\/cs\/wp-json\/wp\/v2\/pages\/3598","targetHints":{"allow":["GET"]}}],"collection":[{"href":"https:\/\/urlaub-in-waldkirchen.de\/cs\/wp-json\/wp\/v2\/pages"}],"about":[{"href":"https:\/\/urlaub-in-waldkirchen.de\/cs\/wp-json\/wp\/v2\/types\/page"}],"author":[{"embeddable":true,"href":"https:\/\/urlaub-in-waldkirchen.de\/cs\/wp-json\/wp\/v2\/users\/2"}],"replies":[{"embeddable":true,"href":"https:\/\/urlaub-in-waldkirchen.de\/cs\/wp-json\/wp\/v2\/comments?post=3598"}],"version-history":[{"count":3,"href":"https:\/\/urlaub-in-waldkirchen.de\/cs\/wp-json\/wp\/v2\/pages\/3598\/revisions"}],"predecessor-version":[{"id":7929,"href":"https:\/\/urlaub-in-waldkirchen.de\/cs\/wp-json\/wp\/v2\/pages\/3598\/revisions\/7929"}],"up":[{"embeddable":true,"href":"https:\/\/urlaub-in-waldkirchen.de\/cs\/wp-json\/wp\/v2\/pages\/3549"}],"wp:featuredmedia":[{"embeddable":true,"href":"https:\/\/urlaub-in-waldkirchen.de\/cs\/wp-json\/"}],"wp:attachment":[{"href":"https:\/\/urlaub-in-waldkirchen.de\/cs\/wp-json\/wp\/v2\/media?parent=3598"}],"curies":[{"name":"wp","href":"https:\/\/api.w.org\/{rel}","templated":true}]}}