{"id":3616,"date":"2016-04-26T13:44:26","date_gmt":"2016-04-26T11:44:26","guid":{"rendered":"https:\/\/urlaub-in-waldkirchen.de\/cs\/aktivity-zima\/eislaufen\/"},"modified":"2024-01-19T11:10:12","modified_gmt":"2024-01-19T10:10:12","slug":"brusleni","status":"publish","type":"page","link":"https:\/\/urlaub-in-waldkirchen.de\/cs\/aktivity-zima\/brusleni\/","title":{"rendered":"Bruslen\u00ed"},"content":{"rendered":"<div class=\"wpb-content-wrapper\"><p>[vc_row][vc_column][vc_empty_space height=&#8220;20px&#8220;][vc_column_text]<\/p>\n<h1>Eislaufen\u00a0in Waldkirchen &#8211;\u00a0Spa\u00df auf Kufen f\u00fcr Gro\u00df und Klein<\/h1>\n<p>[\/vc_column_text][\/vc_column][\/vc_row][vc_row][vc_column][vc_column_text]F\u00fcr alle, die nach einer lustigen und sportlichen Alternative zum Pistenspa\u00df suchen, gibt es in Waldkirchen auch die\u00a0M\u00f6glichkeit zum Eislaufen. Hier k\u00f6nnen Sie Ihre K\u00fcnste verbessern oder einfach nur Ihr Talent in dieser beliebten Sportart entdecken.<\/p>\n<p>Waldkirchen bietet Ihnen folgende M\u00f6glichkeiten zum Eislaufen an:<\/p>\n<ul>\n<li>In der <a href=\"https:\/\/urlaub-in-waldkirchen.de\/eishalle\/\">Karoli-Eissporthalle<\/a>\u00a0mit Publikumslauf, Discolauf oder Eiskunstlauftraining &#8211; Einen Flyer mit \u00d6ffnungszeiten und Preisen finden Sie auch bei den <a href=\"https:\/\/urlaub-in-waldkirchen.de\/info\/prospekte\/\">Prospekten zum Download &gt;&gt;<\/a><\/li>\n<\/ul>\n<p>Einen Schlittschuhverleih finden Sie in der <a href=\"https:\/\/urlaub-in-waldkirchen.de\/eishalle\/leihservice\/\">Karoli-Eissporthalle<\/a> oder bei <a href=\"http:\/\/www.sport-jakob.de\/index.php?id=17\" target=\"_blank\" rel=\"noopener\">Sport Jakob<\/a>.<\/p>\n<p>F\u00fcr weitere Informationen\u00a0steht Ihnen unser <a href=\"https:\/\/urlaub-in-waldkirchen.de\/info\/tourismusbuero\/\">Tourismusb\u00fcro<\/a> gerne zur Verf\u00fcgung.[\/vc_column_text][\/vc_column][\/vc_row][vc_row full_width=&#8220;stretch_row_content_no_spaces&#8220;][vc_column][vc_media_grid element_width=&#8220;3&#8243; item=&#8220;mediaGrid_FadeInWithIcon&#8220; grid_id=&#8220;vc_gid:1705658864230-af59e79c-5f44-10&#8243; include=&#8220;2492,2493,2494,2495,2496,2497,2498,2499&#8243;][\/vc_column][\/vc_row][vc_row][vc_column][vc_separator color=&#8220;custom&#8220; accent_color=&#8220;#95c11f&#8220;][vc_btn title=&#8220;zur\u00fcck zur \u00dcbersicht&#8220; shape=&#8220;square&#8220; color=&#8220;green&#8220; size=&#8220;sm&#8220; align=&#8220;right&#8220; link=&#8220;url:http%3A%2F%2Furlaub-in-waldkirchen.de%2Faktivitaeten-winter%2F|&#8220;][\/vc_column][\/vc_row]<\/p>\n<\/div>","protected":false},"excerpt":{"rendered":"<p>[vc_row][vc_column][vc_empty_space height=&#8220;20px&#8220;][vc_column_text] Eislaufen\u00a0in Waldkirchen &#8211;\u00a0Spa\u00df auf Kufen f\u00fcr Gro\u00df und Klein [\/vc_column_text][\/vc_column][\/vc_row][vc_row][vc_column][vc_column_text]F\u00fcr alle, die nach einer lustigen und sportlichen Alternative zum Pistenspa\u00df suchen, gibt es in<span class=\"excerpt-hellip\"> [\u2026]<\/span><\/p>\n","protected":false},"author":2,"featured_media":0,"parent":3554,"menu_order":0,"comment_status":"closed","ping_status":"closed","template":"","meta":{"footnotes":""},"class_list":["post-3616","page","type-page","status-publish","hentry"],"yoast_head":"<!-- This site is optimized with the Yoast SEO plugin v27.3 - https:\/\/yoast.com\/product\/yoast-seo-wordpress\/ -->\n<title>Bruslen\u00ed - urlaub-in-waldkirchen.de<\/title>\n<meta name=\"description\" content=\"Pro v\u0161echny, kdo vyhled\u00e1vaj\u00ed z\u00e1bavnou a sou\u010dasn\u011b sportovn\u00ed alternativu k vy\u017eit\u00ed na sjezdovce, je ve Waldkirchenu p\u0159ipravena tak\u00e9 mo\u017enost bruslen\u00ed.\" \/>\n<meta name=\"robots\" content=\"index, follow, max-snippet:-1, max-image-preview:large, max-video-preview:-1\" \/>\n<link rel=\"canonical\" href=\"https:\/\/urlaub-in-waldkirchen.de\/cs\/aktivity-zima\/brusleni\/\" \/>\n<meta property=\"og:locale\" content=\"cs_CZ\" \/>\n<meta property=\"og:type\" content=\"article\" \/>\n<meta property=\"og:title\" content=\"Bruslen\u00ed - urlaub-in-waldkirchen.de\" \/>\n<meta property=\"og:description\" content=\"Pro v\u0161echny, kdo vyhled\u00e1vaj\u00ed z\u00e1bavnou a sou\u010dasn\u011b sportovn\u00ed alternativu k vy\u017eit\u00ed na sjezdovce, je ve Waldkirchenu p\u0159ipravena tak\u00e9 mo\u017enost bruslen\u00ed.\" \/>\n<meta property=\"og:url\" content=\"https:\/\/urlaub-in-waldkirchen.de\/cs\/aktivity-zima\/brusleni\/\" \/>\n<meta property=\"og:site_name\" content=\"urlaub-in-waldkirchen.de\" \/>\n<meta property=\"article:modified_time\" content=\"2024-01-19T10:10:12+00:00\" \/>\n<meta name=\"twitter:card\" content=\"summary_large_image\" \/>\n<meta name=\"twitter:label1\" content=\"Odhadovan\u00e1 doba \u010dten\u00ed\" \/>\n\t<meta name=\"twitter:data1\" content=\"1 minuta\" \/>\n<script type=\"application\/ld+json\" class=\"yoast-schema-graph\">{\"@context\":\"https:\\\/\\\/schema.org\",\"@graph\":[{\"@type\":\"WebPage\",\"@id\":\"https:\\\/\\\/urlaub-in-waldkirchen.de\\\/cs\\\/aktivity-zima\\\/brusleni\\\/\",\"url\":\"https:\\\/\\\/urlaub-in-waldkirchen.de\\\/cs\\\/aktivity-zima\\\/brusleni\\\/\",\"name\":\"Bruslen\u00ed - urlaub-in-waldkirchen.de\",\"isPartOf\":{\"@id\":\"https:\\\/\\\/urlaub-in-waldkirchen.de\\\/#website\"},\"datePublished\":\"2016-04-26T11:44:26+00:00\",\"dateModified\":\"2024-01-19T10:10:12+00:00\",\"description\":\"Pro v\u0161echny, kdo vyhled\u00e1vaj\u00ed z\u00e1bavnou a sou\u010dasn\u011b sportovn\u00ed alternativu k vy\u017eit\u00ed na sjezdovce, je ve Waldkirchenu p\u0159ipravena tak\u00e9 mo\u017enost bruslen\u00ed.\",\"breadcrumb\":{\"@id\":\"https:\\\/\\\/urlaub-in-waldkirchen.de\\\/cs\\\/aktivity-zima\\\/brusleni\\\/#breadcrumb\"},\"inLanguage\":\"cs\",\"potentialAction\":[{\"@type\":\"ReadAction\",\"target\":[\"https:\\\/\\\/urlaub-in-waldkirchen.de\\\/cs\\\/aktivity-zima\\\/brusleni\\\/\"]}]},{\"@type\":\"BreadcrumbList\",\"@id\":\"https:\\\/\\\/urlaub-in-waldkirchen.de\\\/cs\\\/aktivity-zima\\\/brusleni\\\/#breadcrumb\",\"itemListElement\":[{\"@type\":\"ListItem\",\"position\":1,\"name\":\"Startseite\",\"item\":\"https:\\\/\\\/urlaub-in-waldkirchen.de\\\/cs\\\/\"},{\"@type\":\"ListItem\",\"position\":2,\"name\":\"Aktivity &#8211; ZIMA\",\"item\":\"https:\\\/\\\/urlaub-in-waldkirchen.de\\\/cs\\\/aktivity-zima\\\/\"},{\"@type\":\"ListItem\",\"position\":3,\"name\":\"Bruslen\u00ed\"}]},{\"@type\":\"WebSite\",\"@id\":\"https:\\\/\\\/urlaub-in-waldkirchen.de\\\/#website\",\"url\":\"https:\\\/\\\/urlaub-in-waldkirchen.de\\\/\",\"name\":\"urlaub-in-waldkirchen.de\",\"description\":\"\",\"potentialAction\":[{\"@type\":\"SearchAction\",\"target\":{\"@type\":\"EntryPoint\",\"urlTemplate\":\"https:\\\/\\\/urlaub-in-waldkirchen.de\\\/?s={search_term_string}\"},\"query-input\":{\"@type\":\"PropertyValueSpecification\",\"valueRequired\":true,\"valueName\":\"search_term_string\"}}],\"inLanguage\":\"cs\"}]}<\/script>\n<!-- \/ Yoast SEO plugin. -->","yoast_head_json":{"title":"Bruslen\u00ed - urlaub-in-waldkirchen.de","description":"Pro v\u0161echny, kdo vyhled\u00e1vaj\u00ed z\u00e1bavnou a sou\u010dasn\u011b sportovn\u00ed alternativu k vy\u017eit\u00ed na sjezdovce, je ve Waldkirchenu p\u0159ipravena tak\u00e9 mo\u017enost bruslen\u00ed.","robots":{"index":"index","follow":"follow","max-snippet":"max-snippet:-1","max-image-preview":"max-image-preview:large","max-video-preview":"max-video-preview:-1"},"canonical":"https:\/\/urlaub-in-waldkirchen.de\/cs\/aktivity-zima\/brusleni\/","og_locale":"cs_CZ","og_type":"article","og_title":"Bruslen\u00ed - urlaub-in-waldkirchen.de","og_description":"Pro v\u0161echny, kdo vyhled\u00e1vaj\u00ed z\u00e1bavnou a sou\u010dasn\u011b sportovn\u00ed alternativu k vy\u017eit\u00ed na sjezdovce, je ve Waldkirchenu p\u0159ipravena tak\u00e9 mo\u017enost bruslen\u00ed.","og_url":"https:\/\/urlaub-in-waldkirchen.de\/cs\/aktivity-zima\/brusleni\/","og_site_name":"urlaub-in-waldkirchen.de","article_modified_time":"2024-01-19T10:10:12+00:00","twitter_card":"summary_large_image","twitter_misc":{"Odhadovan\u00e1 doba \u010dten\u00ed":"1 minuta"},"schema":{"@context":"https:\/\/schema.org","@graph":[{"@type":"WebPage","@id":"https:\/\/urlaub-in-waldkirchen.de\/cs\/aktivity-zima\/brusleni\/","url":"https:\/\/urlaub-in-waldkirchen.de\/cs\/aktivity-zima\/brusleni\/","name":"Bruslen\u00ed - urlaub-in-waldkirchen.de","isPartOf":{"@id":"https:\/\/urlaub-in-waldkirchen.de\/#website"},"datePublished":"2016-04-26T11:44:26+00:00","dateModified":"2024-01-19T10:10:12+00:00","description":"Pro v\u0161echny, kdo vyhled\u00e1vaj\u00ed z\u00e1bavnou a sou\u010dasn\u011b sportovn\u00ed alternativu k vy\u017eit\u00ed na sjezdovce, je ve Waldkirchenu p\u0159ipravena tak\u00e9 mo\u017enost bruslen\u00ed.","breadcrumb":{"@id":"https:\/\/urlaub-in-waldkirchen.de\/cs\/aktivity-zima\/brusleni\/#breadcrumb"},"inLanguage":"cs","potentialAction":[{"@type":"ReadAction","target":["https:\/\/urlaub-in-waldkirchen.de\/cs\/aktivity-zima\/brusleni\/"]}]},{"@type":"BreadcrumbList","@id":"https:\/\/urlaub-in-waldkirchen.de\/cs\/aktivity-zima\/brusleni\/#breadcrumb","itemListElement":[{"@type":"ListItem","position":1,"name":"Startseite","item":"https:\/\/urlaub-in-waldkirchen.de\/cs\/"},{"@type":"ListItem","position":2,"name":"Aktivity &#8211; ZIMA","item":"https:\/\/urlaub-in-waldkirchen.de\/cs\/aktivity-zima\/"},{"@type":"ListItem","position":3,"name":"Bruslen\u00ed"}]},{"@type":"WebSite","@id":"https:\/\/urlaub-in-waldkirchen.de\/#website","url":"https:\/\/urlaub-in-waldkirchen.de\/","name":"urlaub-in-waldkirchen.de","description":"","potentialAction":[{"@type":"SearchAction","target":{"@type":"EntryPoint","urlTemplate":"https:\/\/urlaub-in-waldkirchen.de\/?s={search_term_string}"},"query-input":{"@type":"PropertyValueSpecification","valueRequired":true,"valueName":"search_term_string"}}],"inLanguage":"cs"}]}},"_links":{"self":[{"href":"https:\/\/urlaub-in-waldkirchen.de\/cs\/wp-json\/wp\/v2\/pages\/3616","targetHints":{"allow":["GET"]}}],"collection":[{"href":"https:\/\/urlaub-in-waldkirchen.de\/cs\/wp-json\/wp\/v2\/pages"}],"about":[{"href":"https:\/\/urlaub-in-waldkirchen.de\/cs\/wp-json\/wp\/v2\/types\/page"}],"author":[{"embeddable":true,"href":"https:\/\/urlaub-in-waldkirchen.de\/cs\/wp-json\/wp\/v2\/users\/2"}],"replies":[{"embeddable":true,"href":"https:\/\/urlaub-in-waldkirchen.de\/cs\/wp-json\/wp\/v2\/comments?post=3616"}],"version-history":[{"count":1,"href":"https:\/\/urlaub-in-waldkirchen.de\/cs\/wp-json\/wp\/v2\/pages\/3616\/revisions"}],"predecessor-version":[{"id":7002,"href":"https:\/\/urlaub-in-waldkirchen.de\/cs\/wp-json\/wp\/v2\/pages\/3616\/revisions\/7002"}],"up":[{"embeddable":true,"href":"https:\/\/urlaub-in-waldkirchen.de\/cs\/wp-json\/wp\/v2\/pages\/3554"}],"wp:attachment":[{"href":"https:\/\/urlaub-in-waldkirchen.de\/cs\/wp-json\/wp\/v2\/media?parent=3616"}],"curies":[{"name":"wp","href":"https:\/\/api.w.org\/{rel}","templated":true}]}}