{"id":3622,"date":"2016-04-26T13:46:12","date_gmt":"2016-04-26T11:46:12","guid":{"rendered":"https:\/\/urlaub-in-waldkirchen.de\/cs\/aktivity-zima\/eisstockschiessen\/"},"modified":"2016-09-06T11:02:53","modified_gmt":"2016-09-06T09:02:53","slug":"curling","status":"publish","type":"page","link":"https:\/\/urlaub-in-waldkirchen.de\/cs\/aktivity-zima\/curling\/","title":{"rendered":"Curling"},"content":{"rendered":"<div class=\"wpb-content-wrapper\"><p>[vc_row][vc_column][vc_empty_space height=&#8220;20px&#8220;][vc_column_text]<\/p>\n<h1>Curling ve Waldkirchenu \u2013 z\u00e1bava a obratnost na ledu<\/h1>\n<p>[\/vc_column_text][\/vc_column][\/vc_row][vc_row][vc_column][vc_column_text]Curling pat\u0159\u00ed mezi star\u00e9 bavorsk\u00e9 tradice. Vyzkou\u0161ejte si i vy tuto zimn\u00ed hru. Pro z\u00edsk\u00e1n\u00ed maxim\u00e1ln\u00edho po\u010dtu bod\u016f je v\u00a0curlingu zapot\u0159eb\u00ed velk\u00e1 \u0161ikovnost. A\u0165 u\u017e hrajete v\u00a0t\u00fdmu nebo sami, velk\u00e1 legrace je zaru\u010dena.<\/p>\n<p>Waldkirchen nab\u00edz\u00ed tyto mo\u017enosti pro hru curlingu:<\/p>\n<ul>\n<li>v\u00a0<a href=\"https:\/\/urlaub-in-waldkirchen.de\/cs\/zimni-stadion\/\">Zimn\u00edm stadionu Karoli<\/a>\u2013\u00a0tr\u00e9nink v\u00a0\u00fater\u00fd a ve \u010dtvrtek od 18:15 hod do 22:00 hod<\/li>\n<li>na\u00a0<a href=\"https:\/\/urlaub-in-waldkirchen.de\/cs\/volny-cas\/lazensky-park-u-jezera-erlauzwieseler-see\/\">jeze\u0159e v\u00a0l\u00e1ze\u0148sk\u00e9m parku Erlauzwiesel<\/a>\u00a0p\u0159i vhodn\u00e9m po\u010das\u00ed<\/li>\n<li>na\u00a0<a href=\"http:\/\/jandelsbrunn.de\/Freizeit%20und%20Tourismus\/Aktiv%20sein\/Badesee\" target=\"_blank\">jeze\u0159e Jandelsbrunner<u> <\/u><\/a>p\u0159i vhodn\u00e9m po\u010das\u00ed<\/li>\n<\/ul>\n<p>Dal\u0161\u00ed informace v\u00e1m r\u00e1di poskytneme v\u00a0<a href=\"https:\/\/urlaub-in-waldkirchen.de\/cs\/informace\/turisticke-informacni-centrum\/\">Turistick\u00e9m informa\u010dn\u00edm centru<\/a>.[\/vc_column_text][\/vc_column][\/vc_row][vc_row full_width=&#8220;stretch_row_content_no_spaces&#8220;][vc_column][vc_media_grid element_width=&#8220;3&#8243; item=&#8220;mediaGrid_FadeInWithIcon&#8220; grid_id=&#8220;vc_gid:1473152533187-3a02b033-89ef-10&#8243; include=&#8220;2508,2509,2510,2511,2512,2513,2514,2515&#8243;][\/vc_column][\/vc_row][vc_row][vc_column][vc_separator color=&#8220;custom&#8220; accent_color=&#8220;#95c11f&#8220;][vc_btn title=&#8220;zp\u011bt na p\u0159ehled&#8220; shape=&#8220;square&#8220; color=&#8220;green&#8220; size=&#8220;sm&#8220; align=&#8220;right&#8220; link=&#8220;url:http%3A%2F%2Furlaub-in-waldkirchen.de%2Fcs%2Faktivity-zima%2F|||&#8220;][\/vc_column][\/vc_row]<\/p>\n<\/div>","protected":false},"excerpt":{"rendered":"<p>[vc_row][vc_column][vc_empty_space height=&#8220;20px&#8220;][vc_column_text] Curling ve Waldkirchenu \u2013 z\u00e1bava a obratnost na ledu [\/vc_column_text][\/vc_column][\/vc_row][vc_row][vc_column][vc_column_text]Curling pat\u0159\u00ed mezi star\u00e9 bavorsk\u00e9 tradice. Vyzkou\u0161ejte si i vy tuto zimn\u00ed hru. Pro z\u00edsk\u00e1n\u00ed<span class=\"excerpt-hellip\"> [\u2026]<\/span><\/p>\n","protected":false},"author":2,"featured_media":0,"parent":3554,"menu_order":0,"comment_status":"closed","ping_status":"closed","template":"","meta":{"footnotes":""},"class_list":["post-3622","page","type-page","status-publish","hentry"],"yoast_head":"<!-- This site is optimized with the Yoast SEO plugin v27.3 - https:\/\/yoast.com\/product\/yoast-seo-wordpress\/ -->\n<title>Curling - urlaub-in-waldkirchen.de<\/title>\n<meta name=\"description\" content=\"Curling pat\u0159\u00ed mezi star\u00e9 bavorsk\u00e9 tradice. Vyzkou\u0161ejte si i vy tuto zimn\u00ed hru. Pro z\u00edsk\u00e1n\u00ed maxim\u00e1ln\u00edho po\u010dtu bod\u016f je v curlingu zapot\u0159eb\u00ed velk\u00e1 \u0161ikovnost.\" \/>\n<meta name=\"robots\" content=\"index, follow, max-snippet:-1, max-image-preview:large, max-video-preview:-1\" \/>\n<link rel=\"canonical\" href=\"https:\/\/urlaub-in-waldkirchen.de\/cs\/aktivity-zima\/curling\/\" \/>\n<meta property=\"og:locale\" content=\"cs_CZ\" \/>\n<meta property=\"og:type\" content=\"article\" \/>\n<meta property=\"og:title\" content=\"Curling - urlaub-in-waldkirchen.de\" \/>\n<meta property=\"og:description\" content=\"Curling pat\u0159\u00ed mezi star\u00e9 bavorsk\u00e9 tradice. Vyzkou\u0161ejte si i vy tuto zimn\u00ed hru. Pro z\u00edsk\u00e1n\u00ed maxim\u00e1ln\u00edho po\u010dtu bod\u016f je v curlingu zapot\u0159eb\u00ed velk\u00e1 \u0161ikovnost.\" \/>\n<meta property=\"og:url\" content=\"https:\/\/urlaub-in-waldkirchen.de\/cs\/aktivity-zima\/curling\/\" \/>\n<meta property=\"og:site_name\" content=\"urlaub-in-waldkirchen.de\" \/>\n<meta property=\"article:modified_time\" content=\"2016-09-06T09:02:53+00:00\" \/>\n<meta name=\"twitter:card\" content=\"summary_large_image\" \/>\n<meta name=\"twitter:label1\" content=\"Odhadovan\u00e1 doba \u010dten\u00ed\" \/>\n\t<meta name=\"twitter:data1\" content=\"1 minuta\" \/>\n<script type=\"application\/ld+json\" class=\"yoast-schema-graph\">{\"@context\":\"https:\\\/\\\/schema.org\",\"@graph\":[{\"@type\":\"WebPage\",\"@id\":\"https:\\\/\\\/urlaub-in-waldkirchen.de\\\/cs\\\/aktivity-zima\\\/curling\\\/\",\"url\":\"https:\\\/\\\/urlaub-in-waldkirchen.de\\\/cs\\\/aktivity-zima\\\/curling\\\/\",\"name\":\"Curling - urlaub-in-waldkirchen.de\",\"isPartOf\":{\"@id\":\"https:\\\/\\\/urlaub-in-waldkirchen.de\\\/#website\"},\"datePublished\":\"2016-04-26T11:46:12+00:00\",\"dateModified\":\"2016-09-06T09:02:53+00:00\",\"description\":\"Curling pat\u0159\u00ed mezi star\u00e9 bavorsk\u00e9 tradice. Vyzkou\u0161ejte si i vy tuto zimn\u00ed hru. Pro z\u00edsk\u00e1n\u00ed maxim\u00e1ln\u00edho po\u010dtu bod\u016f je v curlingu zapot\u0159eb\u00ed velk\u00e1 \u0161ikovnost.\",\"breadcrumb\":{\"@id\":\"https:\\\/\\\/urlaub-in-waldkirchen.de\\\/cs\\\/aktivity-zima\\\/curling\\\/#breadcrumb\"},\"inLanguage\":\"cs\",\"potentialAction\":[{\"@type\":\"ReadAction\",\"target\":[\"https:\\\/\\\/urlaub-in-waldkirchen.de\\\/cs\\\/aktivity-zima\\\/curling\\\/\"]}]},{\"@type\":\"BreadcrumbList\",\"@id\":\"https:\\\/\\\/urlaub-in-waldkirchen.de\\\/cs\\\/aktivity-zima\\\/curling\\\/#breadcrumb\",\"itemListElement\":[{\"@type\":\"ListItem\",\"position\":1,\"name\":\"Startseite\",\"item\":\"https:\\\/\\\/urlaub-in-waldkirchen.de\\\/cs\\\/\"},{\"@type\":\"ListItem\",\"position\":2,\"name\":\"Aktivity &#8211; ZIMA\",\"item\":\"https:\\\/\\\/urlaub-in-waldkirchen.de\\\/cs\\\/aktivity-zima\\\/\"},{\"@type\":\"ListItem\",\"position\":3,\"name\":\"Curling\"}]},{\"@type\":\"WebSite\",\"@id\":\"https:\\\/\\\/urlaub-in-waldkirchen.de\\\/#website\",\"url\":\"https:\\\/\\\/urlaub-in-waldkirchen.de\\\/\",\"name\":\"urlaub-in-waldkirchen.de\",\"description\":\"\",\"potentialAction\":[{\"@type\":\"SearchAction\",\"target\":{\"@type\":\"EntryPoint\",\"urlTemplate\":\"https:\\\/\\\/urlaub-in-waldkirchen.de\\\/?s={search_term_string}\"},\"query-input\":{\"@type\":\"PropertyValueSpecification\",\"valueRequired\":true,\"valueName\":\"search_term_string\"}}],\"inLanguage\":\"cs\"}]}<\/script>\n<!-- \/ Yoast SEO plugin. -->","yoast_head_json":{"title":"Curling - urlaub-in-waldkirchen.de","description":"Curling pat\u0159\u00ed mezi star\u00e9 bavorsk\u00e9 tradice. Vyzkou\u0161ejte si i vy tuto zimn\u00ed hru. Pro z\u00edsk\u00e1n\u00ed maxim\u00e1ln\u00edho po\u010dtu bod\u016f je v curlingu zapot\u0159eb\u00ed velk\u00e1 \u0161ikovnost.","robots":{"index":"index","follow":"follow","max-snippet":"max-snippet:-1","max-image-preview":"max-image-preview:large","max-video-preview":"max-video-preview:-1"},"canonical":"https:\/\/urlaub-in-waldkirchen.de\/cs\/aktivity-zima\/curling\/","og_locale":"cs_CZ","og_type":"article","og_title":"Curling - urlaub-in-waldkirchen.de","og_description":"Curling pat\u0159\u00ed mezi star\u00e9 bavorsk\u00e9 tradice. Vyzkou\u0161ejte si i vy tuto zimn\u00ed hru. Pro z\u00edsk\u00e1n\u00ed maxim\u00e1ln\u00edho po\u010dtu bod\u016f je v curlingu zapot\u0159eb\u00ed velk\u00e1 \u0161ikovnost.","og_url":"https:\/\/urlaub-in-waldkirchen.de\/cs\/aktivity-zima\/curling\/","og_site_name":"urlaub-in-waldkirchen.de","article_modified_time":"2016-09-06T09:02:53+00:00","twitter_card":"summary_large_image","twitter_misc":{"Odhadovan\u00e1 doba \u010dten\u00ed":"1 minuta"},"schema":{"@context":"https:\/\/schema.org","@graph":[{"@type":"WebPage","@id":"https:\/\/urlaub-in-waldkirchen.de\/cs\/aktivity-zima\/curling\/","url":"https:\/\/urlaub-in-waldkirchen.de\/cs\/aktivity-zima\/curling\/","name":"Curling - urlaub-in-waldkirchen.de","isPartOf":{"@id":"https:\/\/urlaub-in-waldkirchen.de\/#website"},"datePublished":"2016-04-26T11:46:12+00:00","dateModified":"2016-09-06T09:02:53+00:00","description":"Curling pat\u0159\u00ed mezi star\u00e9 bavorsk\u00e9 tradice. Vyzkou\u0161ejte si i vy tuto zimn\u00ed hru. Pro z\u00edsk\u00e1n\u00ed maxim\u00e1ln\u00edho po\u010dtu bod\u016f je v curlingu zapot\u0159eb\u00ed velk\u00e1 \u0161ikovnost.","breadcrumb":{"@id":"https:\/\/urlaub-in-waldkirchen.de\/cs\/aktivity-zima\/curling\/#breadcrumb"},"inLanguage":"cs","potentialAction":[{"@type":"ReadAction","target":["https:\/\/urlaub-in-waldkirchen.de\/cs\/aktivity-zima\/curling\/"]}]},{"@type":"BreadcrumbList","@id":"https:\/\/urlaub-in-waldkirchen.de\/cs\/aktivity-zima\/curling\/#breadcrumb","itemListElement":[{"@type":"ListItem","position":1,"name":"Startseite","item":"https:\/\/urlaub-in-waldkirchen.de\/cs\/"},{"@type":"ListItem","position":2,"name":"Aktivity &#8211; ZIMA","item":"https:\/\/urlaub-in-waldkirchen.de\/cs\/aktivity-zima\/"},{"@type":"ListItem","position":3,"name":"Curling"}]},{"@type":"WebSite","@id":"https:\/\/urlaub-in-waldkirchen.de\/#website","url":"https:\/\/urlaub-in-waldkirchen.de\/","name":"urlaub-in-waldkirchen.de","description":"","potentialAction":[{"@type":"SearchAction","target":{"@type":"EntryPoint","urlTemplate":"https:\/\/urlaub-in-waldkirchen.de\/?s={search_term_string}"},"query-input":{"@type":"PropertyValueSpecification","valueRequired":true,"valueName":"search_term_string"}}],"inLanguage":"cs"}]}},"_links":{"self":[{"href":"https:\/\/urlaub-in-waldkirchen.de\/cs\/wp-json\/wp\/v2\/pages\/3622","targetHints":{"allow":["GET"]}}],"collection":[{"href":"https:\/\/urlaub-in-waldkirchen.de\/cs\/wp-json\/wp\/v2\/pages"}],"about":[{"href":"https:\/\/urlaub-in-waldkirchen.de\/cs\/wp-json\/wp\/v2\/types\/page"}],"author":[{"embeddable":true,"href":"https:\/\/urlaub-in-waldkirchen.de\/cs\/wp-json\/wp\/v2\/users\/2"}],"replies":[{"embeddable":true,"href":"https:\/\/urlaub-in-waldkirchen.de\/cs\/wp-json\/wp\/v2\/comments?post=3622"}],"version-history":[{"count":0,"href":"https:\/\/urlaub-in-waldkirchen.de\/cs\/wp-json\/wp\/v2\/pages\/3622\/revisions"}],"up":[{"embeddable":true,"href":"https:\/\/urlaub-in-waldkirchen.de\/cs\/wp-json\/wp\/v2\/pages\/3554"}],"wp:attachment":[{"href":"https:\/\/urlaub-in-waldkirchen.de\/cs\/wp-json\/wp\/v2\/media?parent=3622"}],"curies":[{"name":"wp","href":"https:\/\/api.w.org\/{rel}","templated":true}]}}