{"id":3634,"date":"2016-04-26T13:49:28","date_gmt":"2016-04-26T11:49:28","guid":{"rendered":"https:\/\/urlaub-in-waldkirchen.de\/cs\/aktivity-zima\/rodeln-und-schlittenfahren\/"},"modified":"2016-09-06T11:05:31","modified_gmt":"2016-09-06T09:05:31","slug":"bobovani-a-sankovani","status":"publish","type":"page","link":"https:\/\/urlaub-in-waldkirchen.de\/cs\/aktivity-zima\/bobovani-a-sankovani\/","title":{"rendered":"Bobov\u00e1n\u00ed a s\u00e1\u0148kov\u00e1n\u00ed"},"content":{"rendered":"<div class=\"wpb-content-wrapper\"><p>[vc_row][vc_column][vc_empty_space height=&#8220;20px&#8220;][vc_column_text]<\/p>\n<h1>Bobov\u00e1n\u00ed a s\u00e1\u0148kov\u00e1n\u00ed ve Waldkirchenu \u2013 z\u00e1bava pro celou rodinu<\/h1>\n<p>[\/vc_column_text][\/vc_column][\/vc_row][vc_row][vc_column][vc_column_text]Rodiny, d\u011bti, ml\u00e1de\u017e, skupiny p\u0159\u00e1tel nebo senior\u016f \u2026. S\u00e1\u0148kov\u00e1n\u00ed bav\u00ed ka\u017ed\u00e9ho.<\/p>\n<p>Okol\u00ed Waldkirchenu nab\u00edz\u00ed tyto mo\u017enosti s\u00e1\u0148kov\u00e1n\u00ed:<\/p>\n<ul>\n<li>u\u00a0<a href=\"https:\/\/urlaub-in-waldkirchen.de\/cs\/aktivity-zima\/lyzovani-a-snowboard\/\">Ly\u017ea\u0159sk\u00e9ho are\u00e1lu Skigebiet Oberfrauenwald<\/a>\u2013 d\u00e9lka ca. 300 m<\/li>\n<li>u Karoli (v bl\u00edzkosti\u00a0<a href=\"https:\/\/urlaub-in-waldkirchen.de\/cs\/aquapark\/\">Aquaparku Karoli<\/a>)<\/li>\n<li><a href=\"http:\/\/www.ostbayern-tourismus.de\/Media\/Attraktionen\/Geiersberg-bei-Hauzenberg-Skilift\" target=\"_blank\">Geiersberg<\/a>u obce Hauzenberg<\/li>\n<\/ul>\n<p>P\u016fj\u010dovnu s\u00e1n\u00ed provozuje firma\u00a0<a href=\"http:\/\/www.sport-jakob.de\/\" target=\"_blank\">Sport Jakob<\/a>.\u00a0Dal\u0161\u00ed informace v\u00e1m r\u00e1di poskytneme v\u00a0<a href=\"https:\/\/urlaub-in-waldkirchen.de\/cs\/informace\/turisticke-informacni-centrum\/\">Turistick\u00e9m informa\u010dn\u00edm centru<\/a>.[\/vc_column_text][\/vc_column][\/vc_row][vc_row full_width=&#8220;stretch_row_content_no_spaces&#8220;][vc_column][vc_media_grid element_width=&#8220;3&#8243; item=&#8220;mediaGrid_FadeInWithIcon&#8220; grid_id=&#8220;vc_gid:1473152697445-9616c8e1-860a-6&#8243; include=&#8220;2569,2571,2572,2573&#8243;][\/vc_column][\/vc_row][vc_row][vc_column][vc_separator color=&#8220;custom&#8220; accent_color=&#8220;#95c11f&#8220;][vc_btn title=&#8220;zp\u011bt na p\u0159ehled&#8220; shape=&#8220;square&#8220; color=&#8220;green&#8220; size=&#8220;sm&#8220; align=&#8220;right&#8220; link=&#8220;url:http%3A%2F%2Furlaub-in-waldkirchen.de%2Fcs%2Faktivity-zima%2F|||&#8220;][\/vc_column][\/vc_row]<\/p>\n<\/div>","protected":false},"excerpt":{"rendered":"<p>[vc_row][vc_column][vc_empty_space height=&#8220;20px&#8220;][vc_column_text] Bobov\u00e1n\u00ed a s\u00e1\u0148kov\u00e1n\u00ed ve Waldkirchenu \u2013 z\u00e1bava pro celou rodinu [\/vc_column_text][\/vc_column][\/vc_row][vc_row][vc_column][vc_column_text]Rodiny, d\u011bti, ml\u00e1de\u017e, skupiny p\u0159\u00e1tel nebo senior\u016f \u2026. S\u00e1\u0148kov\u00e1n\u00ed bav\u00ed ka\u017ed\u00e9ho. Okol\u00ed Waldkirchenu nab\u00edz\u00ed<span class=\"excerpt-hellip\"> [\u2026]<\/span><\/p>\n","protected":false},"author":2,"featured_media":0,"parent":3554,"menu_order":0,"comment_status":"closed","ping_status":"closed","template":"","meta":{"footnotes":""},"class_list":["post-3634","page","type-page","status-publish","hentry"],"yoast_head":"<!-- This site is optimized with the Yoast SEO plugin v27.3 - https:\/\/yoast.com\/product\/yoast-seo-wordpress\/ -->\n<title>Bobov\u00e1n\u00ed a s\u00e1\u0148kov\u00e1n\u00ed - urlaub-in-waldkirchen.de<\/title>\n<meta name=\"description\" content=\"Rodiny, d\u011bti, ml\u00e1de\u017e, skupiny p\u0159\u00e1tel nebo senior\u016f \u2026. S\u00e1\u0148kov\u00e1n\u00ed bav\u00ed ka\u017ed\u00e9ho.\" \/>\n<meta name=\"robots\" content=\"index, follow, max-snippet:-1, max-image-preview:large, max-video-preview:-1\" \/>\n<link rel=\"canonical\" href=\"https:\/\/urlaub-in-waldkirchen.de\/cs\/aktivity-zima\/bobovani-a-sankovani\/\" \/>\n<meta property=\"og:locale\" content=\"cs_CZ\" \/>\n<meta property=\"og:type\" content=\"article\" \/>\n<meta property=\"og:title\" content=\"Bobov\u00e1n\u00ed a s\u00e1\u0148kov\u00e1n\u00ed - urlaub-in-waldkirchen.de\" \/>\n<meta property=\"og:description\" content=\"Rodiny, d\u011bti, ml\u00e1de\u017e, skupiny p\u0159\u00e1tel nebo senior\u016f \u2026. S\u00e1\u0148kov\u00e1n\u00ed bav\u00ed ka\u017ed\u00e9ho.\" \/>\n<meta property=\"og:url\" content=\"https:\/\/urlaub-in-waldkirchen.de\/cs\/aktivity-zima\/bobovani-a-sankovani\/\" \/>\n<meta property=\"og:site_name\" content=\"urlaub-in-waldkirchen.de\" \/>\n<meta property=\"article:modified_time\" content=\"2016-09-06T09:05:31+00:00\" \/>\n<meta name=\"twitter:card\" content=\"summary_large_image\" \/>\n<meta name=\"twitter:label1\" content=\"Odhadovan\u00e1 doba \u010dten\u00ed\" \/>\n\t<meta name=\"twitter:data1\" content=\"1 minuta\" \/>\n<script type=\"application\/ld+json\" class=\"yoast-schema-graph\">{\"@context\":\"https:\\\/\\\/schema.org\",\"@graph\":[{\"@type\":\"WebPage\",\"@id\":\"https:\\\/\\\/urlaub-in-waldkirchen.de\\\/cs\\\/aktivity-zima\\\/bobovani-a-sankovani\\\/\",\"url\":\"https:\\\/\\\/urlaub-in-waldkirchen.de\\\/cs\\\/aktivity-zima\\\/bobovani-a-sankovani\\\/\",\"name\":\"Bobov\u00e1n\u00ed a s\u00e1\u0148kov\u00e1n\u00ed - urlaub-in-waldkirchen.de\",\"isPartOf\":{\"@id\":\"https:\\\/\\\/urlaub-in-waldkirchen.de\\\/#website\"},\"datePublished\":\"2016-04-26T11:49:28+00:00\",\"dateModified\":\"2016-09-06T09:05:31+00:00\",\"description\":\"Rodiny, d\u011bti, ml\u00e1de\u017e, skupiny p\u0159\u00e1tel nebo senior\u016f \u2026. S\u00e1\u0148kov\u00e1n\u00ed bav\u00ed ka\u017ed\u00e9ho.\",\"breadcrumb\":{\"@id\":\"https:\\\/\\\/urlaub-in-waldkirchen.de\\\/cs\\\/aktivity-zima\\\/bobovani-a-sankovani\\\/#breadcrumb\"},\"inLanguage\":\"cs\",\"potentialAction\":[{\"@type\":\"ReadAction\",\"target\":[\"https:\\\/\\\/urlaub-in-waldkirchen.de\\\/cs\\\/aktivity-zima\\\/bobovani-a-sankovani\\\/\"]}]},{\"@type\":\"BreadcrumbList\",\"@id\":\"https:\\\/\\\/urlaub-in-waldkirchen.de\\\/cs\\\/aktivity-zima\\\/bobovani-a-sankovani\\\/#breadcrumb\",\"itemListElement\":[{\"@type\":\"ListItem\",\"position\":1,\"name\":\"Startseite\",\"item\":\"https:\\\/\\\/urlaub-in-waldkirchen.de\\\/cs\\\/\"},{\"@type\":\"ListItem\",\"position\":2,\"name\":\"Aktivity &#8211; ZIMA\",\"item\":\"https:\\\/\\\/urlaub-in-waldkirchen.de\\\/cs\\\/aktivity-zima\\\/\"},{\"@type\":\"ListItem\",\"position\":3,\"name\":\"Bobov\u00e1n\u00ed a s\u00e1\u0148kov\u00e1n\u00ed\"}]},{\"@type\":\"WebSite\",\"@id\":\"https:\\\/\\\/urlaub-in-waldkirchen.de\\\/#website\",\"url\":\"https:\\\/\\\/urlaub-in-waldkirchen.de\\\/\",\"name\":\"urlaub-in-waldkirchen.de\",\"description\":\"\",\"potentialAction\":[{\"@type\":\"SearchAction\",\"target\":{\"@type\":\"EntryPoint\",\"urlTemplate\":\"https:\\\/\\\/urlaub-in-waldkirchen.de\\\/?s={search_term_string}\"},\"query-input\":{\"@type\":\"PropertyValueSpecification\",\"valueRequired\":true,\"valueName\":\"search_term_string\"}}],\"inLanguage\":\"cs\"}]}<\/script>\n<!-- \/ Yoast SEO plugin. -->","yoast_head_json":{"title":"Bobov\u00e1n\u00ed a s\u00e1\u0148kov\u00e1n\u00ed - urlaub-in-waldkirchen.de","description":"Rodiny, d\u011bti, ml\u00e1de\u017e, skupiny p\u0159\u00e1tel nebo senior\u016f \u2026. S\u00e1\u0148kov\u00e1n\u00ed bav\u00ed ka\u017ed\u00e9ho.","robots":{"index":"index","follow":"follow","max-snippet":"max-snippet:-1","max-image-preview":"max-image-preview:large","max-video-preview":"max-video-preview:-1"},"canonical":"https:\/\/urlaub-in-waldkirchen.de\/cs\/aktivity-zima\/bobovani-a-sankovani\/","og_locale":"cs_CZ","og_type":"article","og_title":"Bobov\u00e1n\u00ed a s\u00e1\u0148kov\u00e1n\u00ed - urlaub-in-waldkirchen.de","og_description":"Rodiny, d\u011bti, ml\u00e1de\u017e, skupiny p\u0159\u00e1tel nebo senior\u016f \u2026. S\u00e1\u0148kov\u00e1n\u00ed bav\u00ed ka\u017ed\u00e9ho.","og_url":"https:\/\/urlaub-in-waldkirchen.de\/cs\/aktivity-zima\/bobovani-a-sankovani\/","og_site_name":"urlaub-in-waldkirchen.de","article_modified_time":"2016-09-06T09:05:31+00:00","twitter_card":"summary_large_image","twitter_misc":{"Odhadovan\u00e1 doba \u010dten\u00ed":"1 minuta"},"schema":{"@context":"https:\/\/schema.org","@graph":[{"@type":"WebPage","@id":"https:\/\/urlaub-in-waldkirchen.de\/cs\/aktivity-zima\/bobovani-a-sankovani\/","url":"https:\/\/urlaub-in-waldkirchen.de\/cs\/aktivity-zima\/bobovani-a-sankovani\/","name":"Bobov\u00e1n\u00ed a s\u00e1\u0148kov\u00e1n\u00ed - urlaub-in-waldkirchen.de","isPartOf":{"@id":"https:\/\/urlaub-in-waldkirchen.de\/#website"},"datePublished":"2016-04-26T11:49:28+00:00","dateModified":"2016-09-06T09:05:31+00:00","description":"Rodiny, d\u011bti, ml\u00e1de\u017e, skupiny p\u0159\u00e1tel nebo senior\u016f \u2026. S\u00e1\u0148kov\u00e1n\u00ed bav\u00ed ka\u017ed\u00e9ho.","breadcrumb":{"@id":"https:\/\/urlaub-in-waldkirchen.de\/cs\/aktivity-zima\/bobovani-a-sankovani\/#breadcrumb"},"inLanguage":"cs","potentialAction":[{"@type":"ReadAction","target":["https:\/\/urlaub-in-waldkirchen.de\/cs\/aktivity-zima\/bobovani-a-sankovani\/"]}]},{"@type":"BreadcrumbList","@id":"https:\/\/urlaub-in-waldkirchen.de\/cs\/aktivity-zima\/bobovani-a-sankovani\/#breadcrumb","itemListElement":[{"@type":"ListItem","position":1,"name":"Startseite","item":"https:\/\/urlaub-in-waldkirchen.de\/cs\/"},{"@type":"ListItem","position":2,"name":"Aktivity &#8211; ZIMA","item":"https:\/\/urlaub-in-waldkirchen.de\/cs\/aktivity-zima\/"},{"@type":"ListItem","position":3,"name":"Bobov\u00e1n\u00ed a s\u00e1\u0148kov\u00e1n\u00ed"}]},{"@type":"WebSite","@id":"https:\/\/urlaub-in-waldkirchen.de\/#website","url":"https:\/\/urlaub-in-waldkirchen.de\/","name":"urlaub-in-waldkirchen.de","description":"","potentialAction":[{"@type":"SearchAction","target":{"@type":"EntryPoint","urlTemplate":"https:\/\/urlaub-in-waldkirchen.de\/?s={search_term_string}"},"query-input":{"@type":"PropertyValueSpecification","valueRequired":true,"valueName":"search_term_string"}}],"inLanguage":"cs"}]}},"_links":{"self":[{"href":"https:\/\/urlaub-in-waldkirchen.de\/cs\/wp-json\/wp\/v2\/pages\/3634","targetHints":{"allow":["GET"]}}],"collection":[{"href":"https:\/\/urlaub-in-waldkirchen.de\/cs\/wp-json\/wp\/v2\/pages"}],"about":[{"href":"https:\/\/urlaub-in-waldkirchen.de\/cs\/wp-json\/wp\/v2\/types\/page"}],"author":[{"embeddable":true,"href":"https:\/\/urlaub-in-waldkirchen.de\/cs\/wp-json\/wp\/v2\/users\/2"}],"replies":[{"embeddable":true,"href":"https:\/\/urlaub-in-waldkirchen.de\/cs\/wp-json\/wp\/v2\/comments?post=3634"}],"version-history":[{"count":0,"href":"https:\/\/urlaub-in-waldkirchen.de\/cs\/wp-json\/wp\/v2\/pages\/3634\/revisions"}],"up":[{"embeddable":true,"href":"https:\/\/urlaub-in-waldkirchen.de\/cs\/wp-json\/wp\/v2\/pages\/3554"}],"wp:attachment":[{"href":"https:\/\/urlaub-in-waldkirchen.de\/cs\/wp-json\/wp\/v2\/media?parent=3634"}],"curies":[{"name":"wp","href":"https:\/\/api.w.org\/{rel}","templated":true}]}}