{"id":3646,"date":"2016-04-26T13:51:03","date_gmt":"2016-04-26T11:51:03","guid":{"rendered":"https:\/\/urlaub-in-waldkirchen.de\/cs\/aktivity-zima\/ski-und-snowboard\/"},"modified":"2024-12-09T10:51:08","modified_gmt":"2024-12-09T09:51:08","slug":"lyzovani-a-snowboard","status":"publish","type":"page","link":"https:\/\/urlaub-in-waldkirchen.de\/cs\/aktivity-zima\/lyzovani-a-snowboard\/","title":{"rendered":"Ly\u017eov\u00e1n\u00ed a Snowboard"},"content":{"rendered":"<div class=\"wpb-content-wrapper\"><p>[vc_row][vc_column][vc_empty_space height=&#8220;20px&#8220;][vc_column_text]<\/p>\n<h1>Ski und Snowboard &#8211;\u00a0Spa\u00df total im Skigebiet Oberfrauenwald<\/h1>\n<p>[\/vc_column_text][\/vc_column][\/vc_row][vc_row][vc_column][vc_column_text]Auch die Anh\u00e4nger des alpinen Skisports kommen in Waldkirchen voll auf ihre Kosten. Eingebettet in eine herrliche Winterlandschaft stehen im Skigebiet Waldkirchen-Oberfrauenwald 1 Lift und 1 Rodelbahn zur Verf\u00fcgung.<\/p>\n<p><strong>1 Schlepplift<\/strong><br \/>\nBergstation Seeh\u00f6he 948 m<br \/>\nTalstation Seeh\u00f6he 650 m<br \/>\nH\u00f6henunterschied 298 m<br \/>\nLiftl\u00e4nge 1.200 m<br \/>\nAbfahrt 1.400 m<\/p>\n<p><strong>Fun Park im oberen Steilhang<\/strong><br \/>\naufgrund der Sturmsch\u00e4den und vieler umgeknickter B\u00e4ume bis auf weiteres gesperrt!<\/p>\n<p><strong>1 <a href=\"https:\/\/urlaub-in-waldkirchen.de\/aktivitaeten-winter\/rodeln-und-schlittenfahren\/\">Rodelbahn<\/a><\/strong> f\u00fcr Kinder bietet Spass direkt am vorderen Bereich der Abfahrt. Ein weiteres Angebot f\u00fcr Kinder mit Kinderlift, Zauberteppich u.v.m . finden Sie im Bereich Geiersberg bzw. im Internet\u00a0auf der Seite \u00a0<a href=\"http:\/\/www.skilift.am-geiersberg.de\"><strong>www.skilift.am-geiersberg.de\u00a0<\/strong><\/a><\/p>\n<p>Preise ab der Saison 2022\/2023:<\/p>\n<p><a href=\"https:\/\/urlaub-in-waldkirchen.de\/wp-content\/uploads\/2023\/02\/Skilift-Oberfrauenwald.jpg\"><img loading=\"lazy\" decoding=\"async\" class=\"alignnone size-medium wp-image-6425\" src=\"https:\/\/urlaub-in-waldkirchen.de\/wp-content\/uploads\/2023\/02\/Skilift-Oberfrauenwald-235x300.jpg\" alt=\"\" width=\"235\" height=\"300\" srcset=\"https:\/\/urlaub-in-waldkirchen.de\/wp-content\/uploads\/2023\/02\/Skilift-Oberfrauenwald-235x300.jpg 235w, https:\/\/urlaub-in-waldkirchen.de\/wp-content\/uploads\/2023\/02\/Skilift-Oberfrauenwald-803x1024.jpg 803w, https:\/\/urlaub-in-waldkirchen.de\/wp-content\/uploads\/2023\/02\/Skilift-Oberfrauenwald-768x980.jpg 768w, https:\/\/urlaub-in-waldkirchen.de\/wp-content\/uploads\/2023\/02\/Skilift-Oberfrauenwald-1204x1536.jpg 1204w, https:\/\/urlaub-in-waldkirchen.de\/wp-content\/uploads\/2023\/02\/Skilift-Oberfrauenwald-114x146.jpg 114w, https:\/\/urlaub-in-waldkirchen.de\/wp-content\/uploads\/2023\/02\/Skilift-Oberfrauenwald-39x50.jpg 39w, https:\/\/urlaub-in-waldkirchen.de\/wp-content\/uploads\/2023\/02\/Skilift-Oberfrauenwald-59x75.jpg 59w, https:\/\/urlaub-in-waldkirchen.de\/wp-content\/uploads\/2023\/02\/Skilift-Oberfrauenwald.jpg 1511w\" sizes=\"auto, (max-width:767px) 235px, 235px\" \/><\/a><\/p>\n<p>Und wer wissen will, wie es da auf dem Oberfrauenwald so ausschaut, der klickt bei unserem neuen Film einfach mal auf Start![\/vc_column_text][vc_single_image image=&#8220;2666&#8243; img_size=&#8220;full&#8220; onclick=&#8220;custom_link&#8220; img_link_target=&#8220;_blank&#8220; css=&#8220;&#8220; link=&#8220;https:\/\/www.youtube.com\/watch?v=wYL9vrqQKn8&#8243;][vc_column_text css=&#8220;&#8220;]Zur Wiedergabe des Videos auf das Bild oben klicken.[\/vc_column_text][vc_column_text]<strong>Ski- und Snowboardschule<\/strong> incl. <strong>Ski- und Snowboardverleih<\/strong>: <a href=\"http:\/\/www.sport-jakob.de\/\" target=\"_blank\" rel=\"noopener\">Sport Jakob<\/a><\/p>\n<p>Einen <a href=\"https:\/\/urlaub-in-waldkirchen.de\/wp-content\/uploads\/2018\/12\/Skilift2018_web.pdf\" target=\"_blank\" rel=\"noopener\">Flyer mit Infos und Preisen\u00a0zum Download<\/a>\u00a0finden Sie <a href=\"https:\/\/urlaub-in-waldkirchen.de\/wp-content\/uploads\/2018\/12\/Skilift2018_web.pdf\" target=\"_blank\" rel=\"noopener\">hier<\/a>. F\u00fcr weitere Informationen\u00a0steht Ihnen das\u00a0<a href=\"https:\/\/urlaub-in-waldkirchen.de\/info\/tourismusbuero\/\">Tourismusb\u00fcro<\/a> gerne zur Verf\u00fcgung.[\/vc_column_text][\/vc_column][\/vc_row][vc_row full_width=&#8220;stretch_row_content&#8220;][vc_column][vc_media_grid element_width=&#8220;3&#8243; item=&#8220;mediaGrid_FadeInWithIcon&#8220; grid_id=&#8220;vc_gid:1733737680290-b48c0921-97d5-5&#8243; include=&#8220;2660,2661,2662,2663,2664,2665,2666,2569&#8243;][\/vc_column][\/vc_row][vc_row][vc_column][vc_separator color=&#8220;custom&#8220; accent_color=&#8220;#95c11f&#8220;][vc_btn title=&#8220;zur\u00fcck zur \u00dcbersicht&#8220; shape=&#8220;square&#8220; color=&#8220;green&#8220; size=&#8220;sm&#8220; align=&#8220;right&#8220; link=&#8220;url:http%3A%2F%2Furlaub-in-waldkirchen.de%2Faktivitaeten-sommer%2F|&#8220;][\/vc_column][\/vc_row]<\/p>\n<\/div>","protected":false},"excerpt":{"rendered":"<p>[vc_row][vc_column][vc_empty_space height=&#8220;20px&#8220;][vc_column_text] Ski und Snowboard &#8211;\u00a0Spa\u00df total im Skigebiet Oberfrauenwald [\/vc_column_text][\/vc_column][\/vc_row][vc_row][vc_column][vc_column_text]Auch die Anh\u00e4nger des alpinen Skisports kommen in Waldkirchen voll auf ihre Kosten. Eingebettet in eine<span class=\"excerpt-hellip\"> [\u2026]<\/span><\/p>\n","protected":false},"author":2,"featured_media":0,"parent":3554,"menu_order":0,"comment_status":"closed","ping_status":"closed","template":"","meta":{"footnotes":""},"class_list":["post-3646","page","type-page","status-publish","hentry"],"yoast_head":"<!-- This site is optimized with the Yoast SEO plugin v27.3 - https:\/\/yoast.com\/product\/yoast-seo-wordpress\/ -->\n<title>Ly\u017eov\u00e1n\u00ed a Snowboard - urlaub-in-waldkirchen.de<\/title>\n<meta name=\"description\" content=\"Tak\u00e9 milovn\u00edci alpsk\u00e9ho ly\u017ea\u0159sk\u00e9ho sportu si ve Waldkirchenu p\u0159ijdou na sv\u00e9. Uprost\u0159ed kr\u00e1sn\u00e9 p\u0159\u00edrody jsou v ly\u017ea\u0159sk\u00e9m centru Waldkirchen-Oberfrauenwald\" \/>\n<meta name=\"robots\" content=\"index, follow, max-snippet:-1, max-image-preview:large, max-video-preview:-1\" \/>\n<link rel=\"canonical\" href=\"https:\/\/urlaub-in-waldkirchen.de\/cs\/aktivity-zima\/lyzovani-a-snowboard\/\" \/>\n<meta property=\"og:locale\" content=\"cs_CZ\" \/>\n<meta property=\"og:type\" content=\"article\" \/>\n<meta property=\"og:title\" content=\"Ly\u017eov\u00e1n\u00ed a Snowboard - urlaub-in-waldkirchen.de\" \/>\n<meta property=\"og:description\" content=\"Tak\u00e9 milovn\u00edci alpsk\u00e9ho ly\u017ea\u0159sk\u00e9ho sportu si ve Waldkirchenu p\u0159ijdou na sv\u00e9. Uprost\u0159ed kr\u00e1sn\u00e9 p\u0159\u00edrody jsou v ly\u017ea\u0159sk\u00e9m centru Waldkirchen-Oberfrauenwald\" \/>\n<meta property=\"og:url\" content=\"https:\/\/urlaub-in-waldkirchen.de\/cs\/aktivity-zima\/lyzovani-a-snowboard\/\" \/>\n<meta property=\"og:site_name\" content=\"urlaub-in-waldkirchen.de\" \/>\n<meta property=\"article:modified_time\" content=\"2024-12-09T09:51:08+00:00\" \/>\n<meta property=\"og:image\" content=\"https:\/\/urlaub-in-waldkirchen.de\/wp-content\/uploads\/2023\/02\/Skilift-Oberfrauenwald-803x1024.jpg\" \/>\n\t<meta property=\"og:image:width\" content=\"803\" \/>\n\t<meta property=\"og:image:height\" content=\"1024\" \/>\n\t<meta property=\"og:image:type\" content=\"image\/jpeg\" \/>\n<meta name=\"twitter:card\" content=\"summary_large_image\" \/>\n<meta name=\"twitter:label1\" content=\"Odhadovan\u00e1 doba \u010dten\u00ed\" \/>\n\t<meta name=\"twitter:data1\" content=\"2 minuty\" \/>\n<script type=\"application\/ld+json\" class=\"yoast-schema-graph\">{\"@context\":\"https:\\\/\\\/schema.org\",\"@graph\":[{\"@type\":\"WebPage\",\"@id\":\"https:\\\/\\\/urlaub-in-waldkirchen.de\\\/cs\\\/aktivity-zima\\\/lyzovani-a-snowboard\\\/\",\"url\":\"https:\\\/\\\/urlaub-in-waldkirchen.de\\\/cs\\\/aktivity-zima\\\/lyzovani-a-snowboard\\\/\",\"name\":\"Ly\u017eov\u00e1n\u00ed a Snowboard - urlaub-in-waldkirchen.de\",\"isPartOf\":{\"@id\":\"https:\\\/\\\/urlaub-in-waldkirchen.de\\\/#website\"},\"primaryImageOfPage\":{\"@id\":\"https:\\\/\\\/urlaub-in-waldkirchen.de\\\/cs\\\/aktivity-zima\\\/lyzovani-a-snowboard\\\/#primaryimage\"},\"image\":{\"@id\":\"https:\\\/\\\/urlaub-in-waldkirchen.de\\\/cs\\\/aktivity-zima\\\/lyzovani-a-snowboard\\\/#primaryimage\"},\"thumbnailUrl\":\"https:\\\/\\\/urlaub-in-waldkirchen.de\\\/wp-content\\\/uploads\\\/2023\\\/02\\\/Skilift-Oberfrauenwald-235x300.jpg\",\"datePublished\":\"2016-04-26T11:51:03+00:00\",\"dateModified\":\"2024-12-09T09:51:08+00:00\",\"description\":\"Tak\u00e9 milovn\u00edci alpsk\u00e9ho ly\u017ea\u0159sk\u00e9ho sportu si ve Waldkirchenu p\u0159ijdou na sv\u00e9. Uprost\u0159ed kr\u00e1sn\u00e9 p\u0159\u00edrody jsou v ly\u017ea\u0159sk\u00e9m centru Waldkirchen-Oberfrauenwald\",\"breadcrumb\":{\"@id\":\"https:\\\/\\\/urlaub-in-waldkirchen.de\\\/cs\\\/aktivity-zima\\\/lyzovani-a-snowboard\\\/#breadcrumb\"},\"inLanguage\":\"cs\",\"potentialAction\":[{\"@type\":\"ReadAction\",\"target\":[\"https:\\\/\\\/urlaub-in-waldkirchen.de\\\/cs\\\/aktivity-zima\\\/lyzovani-a-snowboard\\\/\"]}]},{\"@type\":\"ImageObject\",\"inLanguage\":\"cs\",\"@id\":\"https:\\\/\\\/urlaub-in-waldkirchen.de\\\/cs\\\/aktivity-zima\\\/lyzovani-a-snowboard\\\/#primaryimage\",\"url\":\"https:\\\/\\\/urlaub-in-waldkirchen.de\\\/wp-content\\\/uploads\\\/2023\\\/02\\\/Skilift-Oberfrauenwald-235x300.jpg\",\"contentUrl\":\"https:\\\/\\\/urlaub-in-waldkirchen.de\\\/wp-content\\\/uploads\\\/2023\\\/02\\\/Skilift-Oberfrauenwald-235x300.jpg\"},{\"@type\":\"BreadcrumbList\",\"@id\":\"https:\\\/\\\/urlaub-in-waldkirchen.de\\\/cs\\\/aktivity-zima\\\/lyzovani-a-snowboard\\\/#breadcrumb\",\"itemListElement\":[{\"@type\":\"ListItem\",\"position\":1,\"name\":\"Startseite\",\"item\":\"https:\\\/\\\/urlaub-in-waldkirchen.de\\\/cs\\\/\"},{\"@type\":\"ListItem\",\"position\":2,\"name\":\"Aktivity &#8211; ZIMA\",\"item\":\"https:\\\/\\\/urlaub-in-waldkirchen.de\\\/cs\\\/aktivity-zima\\\/\"},{\"@type\":\"ListItem\",\"position\":3,\"name\":\"Ly\u017eov\u00e1n\u00ed a Snowboard\"}]},{\"@type\":\"WebSite\",\"@id\":\"https:\\\/\\\/urlaub-in-waldkirchen.de\\\/#website\",\"url\":\"https:\\\/\\\/urlaub-in-waldkirchen.de\\\/\",\"name\":\"urlaub-in-waldkirchen.de\",\"description\":\"\",\"potentialAction\":[{\"@type\":\"SearchAction\",\"target\":{\"@type\":\"EntryPoint\",\"urlTemplate\":\"https:\\\/\\\/urlaub-in-waldkirchen.de\\\/?s={search_term_string}\"},\"query-input\":{\"@type\":\"PropertyValueSpecification\",\"valueRequired\":true,\"valueName\":\"search_term_string\"}}],\"inLanguage\":\"cs\"}]}<\/script>\n<!-- \/ Yoast SEO plugin. -->","yoast_head_json":{"title":"Ly\u017eov\u00e1n\u00ed a Snowboard - urlaub-in-waldkirchen.de","description":"Tak\u00e9 milovn\u00edci alpsk\u00e9ho ly\u017ea\u0159sk\u00e9ho sportu si ve Waldkirchenu p\u0159ijdou na sv\u00e9. Uprost\u0159ed kr\u00e1sn\u00e9 p\u0159\u00edrody jsou v ly\u017ea\u0159sk\u00e9m centru Waldkirchen-Oberfrauenwald","robots":{"index":"index","follow":"follow","max-snippet":"max-snippet:-1","max-image-preview":"max-image-preview:large","max-video-preview":"max-video-preview:-1"},"canonical":"https:\/\/urlaub-in-waldkirchen.de\/cs\/aktivity-zima\/lyzovani-a-snowboard\/","og_locale":"cs_CZ","og_type":"article","og_title":"Ly\u017eov\u00e1n\u00ed a Snowboard - urlaub-in-waldkirchen.de","og_description":"Tak\u00e9 milovn\u00edci alpsk\u00e9ho ly\u017ea\u0159sk\u00e9ho sportu si ve Waldkirchenu p\u0159ijdou na sv\u00e9. Uprost\u0159ed kr\u00e1sn\u00e9 p\u0159\u00edrody jsou v ly\u017ea\u0159sk\u00e9m centru Waldkirchen-Oberfrauenwald","og_url":"https:\/\/urlaub-in-waldkirchen.de\/cs\/aktivity-zima\/lyzovani-a-snowboard\/","og_site_name":"urlaub-in-waldkirchen.de","article_modified_time":"2024-12-09T09:51:08+00:00","og_image":[{"width":803,"height":1024,"url":"https:\/\/urlaub-in-waldkirchen.de\/wp-content\/uploads\/2023\/02\/Skilift-Oberfrauenwald-803x1024.jpg","type":"image\/jpeg"}],"twitter_card":"summary_large_image","twitter_misc":{"Odhadovan\u00e1 doba \u010dten\u00ed":"2 minuty"},"schema":{"@context":"https:\/\/schema.org","@graph":[{"@type":"WebPage","@id":"https:\/\/urlaub-in-waldkirchen.de\/cs\/aktivity-zima\/lyzovani-a-snowboard\/","url":"https:\/\/urlaub-in-waldkirchen.de\/cs\/aktivity-zima\/lyzovani-a-snowboard\/","name":"Ly\u017eov\u00e1n\u00ed a Snowboard - urlaub-in-waldkirchen.de","isPartOf":{"@id":"https:\/\/urlaub-in-waldkirchen.de\/#website"},"primaryImageOfPage":{"@id":"https:\/\/urlaub-in-waldkirchen.de\/cs\/aktivity-zima\/lyzovani-a-snowboard\/#primaryimage"},"image":{"@id":"https:\/\/urlaub-in-waldkirchen.de\/cs\/aktivity-zima\/lyzovani-a-snowboard\/#primaryimage"},"thumbnailUrl":"https:\/\/urlaub-in-waldkirchen.de\/wp-content\/uploads\/2023\/02\/Skilift-Oberfrauenwald-235x300.jpg","datePublished":"2016-04-26T11:51:03+00:00","dateModified":"2024-12-09T09:51:08+00:00","description":"Tak\u00e9 milovn\u00edci alpsk\u00e9ho ly\u017ea\u0159sk\u00e9ho sportu si ve Waldkirchenu p\u0159ijdou na sv\u00e9. Uprost\u0159ed kr\u00e1sn\u00e9 p\u0159\u00edrody jsou v ly\u017ea\u0159sk\u00e9m centru Waldkirchen-Oberfrauenwald","breadcrumb":{"@id":"https:\/\/urlaub-in-waldkirchen.de\/cs\/aktivity-zima\/lyzovani-a-snowboard\/#breadcrumb"},"inLanguage":"cs","potentialAction":[{"@type":"ReadAction","target":["https:\/\/urlaub-in-waldkirchen.de\/cs\/aktivity-zima\/lyzovani-a-snowboard\/"]}]},{"@type":"ImageObject","inLanguage":"cs","@id":"https:\/\/urlaub-in-waldkirchen.de\/cs\/aktivity-zima\/lyzovani-a-snowboard\/#primaryimage","url":"https:\/\/urlaub-in-waldkirchen.de\/wp-content\/uploads\/2023\/02\/Skilift-Oberfrauenwald-235x300.jpg","contentUrl":"https:\/\/urlaub-in-waldkirchen.de\/wp-content\/uploads\/2023\/02\/Skilift-Oberfrauenwald-235x300.jpg"},{"@type":"BreadcrumbList","@id":"https:\/\/urlaub-in-waldkirchen.de\/cs\/aktivity-zima\/lyzovani-a-snowboard\/#breadcrumb","itemListElement":[{"@type":"ListItem","position":1,"name":"Startseite","item":"https:\/\/urlaub-in-waldkirchen.de\/cs\/"},{"@type":"ListItem","position":2,"name":"Aktivity &#8211; ZIMA","item":"https:\/\/urlaub-in-waldkirchen.de\/cs\/aktivity-zima\/"},{"@type":"ListItem","position":3,"name":"Ly\u017eov\u00e1n\u00ed a Snowboard"}]},{"@type":"WebSite","@id":"https:\/\/urlaub-in-waldkirchen.de\/#website","url":"https:\/\/urlaub-in-waldkirchen.de\/","name":"urlaub-in-waldkirchen.de","description":"","potentialAction":[{"@type":"SearchAction","target":{"@type":"EntryPoint","urlTemplate":"https:\/\/urlaub-in-waldkirchen.de\/?s={search_term_string}"},"query-input":{"@type":"PropertyValueSpecification","valueRequired":true,"valueName":"search_term_string"}}],"inLanguage":"cs"}]}},"_links":{"self":[{"href":"https:\/\/urlaub-in-waldkirchen.de\/cs\/wp-json\/wp\/v2\/pages\/3646","targetHints":{"allow":["GET"]}}],"collection":[{"href":"https:\/\/urlaub-in-waldkirchen.de\/cs\/wp-json\/wp\/v2\/pages"}],"about":[{"href":"https:\/\/urlaub-in-waldkirchen.de\/cs\/wp-json\/wp\/v2\/types\/page"}],"author":[{"embeddable":true,"href":"https:\/\/urlaub-in-waldkirchen.de\/cs\/wp-json\/wp\/v2\/users\/2"}],"replies":[{"embeddable":true,"href":"https:\/\/urlaub-in-waldkirchen.de\/cs\/wp-json\/wp\/v2\/comments?post=3646"}],"version-history":[{"count":4,"href":"https:\/\/urlaub-in-waldkirchen.de\/cs\/wp-json\/wp\/v2\/pages\/3646\/revisions"}],"predecessor-version":[{"id":7754,"href":"https:\/\/urlaub-in-waldkirchen.de\/cs\/wp-json\/wp\/v2\/pages\/3646\/revisions\/7754"}],"up":[{"embeddable":true,"href":"https:\/\/urlaub-in-waldkirchen.de\/cs\/wp-json\/wp\/v2\/pages\/3554"}],"wp:attachment":[{"href":"https:\/\/urlaub-in-waldkirchen.de\/cs\/wp-json\/wp\/v2\/media?parent=3646"}],"curies":[{"name":"wp","href":"https:\/\/api.w.org\/{rel}","templated":true}]}}