{"id":3653,"date":"2016-04-26T13:51:47","date_gmt":"2016-04-26T11:51:47","guid":{"rendered":"https:\/\/urlaub-in-waldkirchen.de\/cs\/aktivity-zima\/winterwandern\/"},"modified":"2016-08-17T14:07:23","modified_gmt":"2016-08-17T12:07:23","slug":"zimni-turistika","status":"publish","type":"page","link":"https:\/\/urlaub-in-waldkirchen.de\/cs\/aktivity-zima\/zimni-turistika\/","title":{"rendered":"Zimn\u00ed turistika"},"content":{"rendered":"<div class=\"wpb-content-wrapper\"><p>[vc_row][vc_column][vc_empty_space height=&#8220;20px&#8220;][vc_column_text]<\/p>\n<h1>Zimn\u00ed turistika ve Waldkirchenu \u2013 relaxace a odpo\u010dinek<\/h1>\n<p>[\/vc_column_text][\/vc_column][\/vc_row][vc_row][vc_column][vc_column_text]Pokud si v\u00a0l\u00e9t\u011b r\u00e1di u\u017e\u00edv\u00e1te p\u0159\u00edrody p\u0159i p\u011b\u0161\u00edch v\u00fdletech, pot\u011b\u0161\u00ed v\u00e1s i zimn\u00ed proch\u00e1zka po n\u011bkter\u00e9 ze zimn\u00edch turistick\u00fdch tras. V\u00a0zim\u011b jsou p\u011b\u0161\u00ed v\u00fdlety dokonce je\u0161t\u011b klidn\u011bj\u0161\u00ed a p\u0159\u00edjemn\u011bj\u0161\u00ed. P\u0159i zimn\u00ed proch\u00e1zce budete p\u0159\u00edrodu vn\u00edmat obzvl\u00e1\u0161\u0165 intenzivn\u011b.<\/p>\n<p>Ve Waldkirchenu je v\u00e1m k\u00a0dispozici n\u011bkolik zimn\u00edch turistick\u00fdch tras. Jedna z\u00a0nich za\u010d\u00edn\u00e1 p\u0159\u00edmo u Turistick\u00e9ho informa\u010dn\u00edho centra, proch\u00e1z\u00ed l\u00e1ze\u0148sk\u00fdm parkem a zp\u011bt p\u0159es Frischeck \u2013 ca. 8 km. Jin\u00e1 trasa vede k\u00a0ryb\u00e1\u0159sk\u00e9mu domku Fischerh\u00e4usl a ulic\u00ed Forststra\u00dfe, d\u00e1le p\u0159es Stocking na Neidlingerberg a zp\u011bt do Waldkirchenu \u2013 ca. 10 km.<\/p>\n<p>Dal\u0161\u00ed informace v\u00e1m r\u00e1di poskytneme v\u00a0<a href=\"https:\/\/urlaub-in-waldkirchen.de\/cs\/informace\/turisticke-informacni-centrum\/\">Turistick\u00e9m informa\u010dn\u00edm centru<\/a>.[\/vc_column_text][\/vc_column][\/vc_row][vc_row full_width=&#8220;stretch_row_content&#8220;][vc_column][vc_media_grid element_width=&#8220;3&#8243; item=&#8220;mediaGrid_FadeInWithIcon&#8220; grid_id=&#8220;vc_gid:1471435564785-b91027e7-a86a-3&#8243; include=&#8220;2677,2678,2679,2688,2680,2681,2682,2683,2684,2685,2686,2687&#8243;][\/vc_column][\/vc_row][vc_row][vc_column][vc_separator color=&#8220;custom&#8220; accent_color=&#8220;#95c11f&#8220;][vc_btn title=&#8220;zp\u011bt na p\u0159ehled&#8220; shape=&#8220;square&#8220; color=&#8220;green&#8220; size=&#8220;sm&#8220; align=&#8220;right&#8220; link=&#8220;url:http%3A%2F%2Furlaub-in-waldkirchen.de%2Fcs%2Faktivity-zima%2F|||&#8220;][\/vc_column][\/vc_row]<\/p>\n<\/div>","protected":false},"excerpt":{"rendered":"<p>[vc_row][vc_column][vc_empty_space height=&#8220;20px&#8220;][vc_column_text] Zimn\u00ed turistika ve Waldkirchenu \u2013 relaxace a odpo\u010dinek [\/vc_column_text][\/vc_column][\/vc_row][vc_row][vc_column][vc_column_text]Pokud si v\u00a0l\u00e9t\u011b r\u00e1di u\u017e\u00edv\u00e1te p\u0159\u00edrody p\u0159i p\u011b\u0161\u00edch v\u00fdletech, pot\u011b\u0161\u00ed v\u00e1s i zimn\u00ed proch\u00e1zka po n\u011bkter\u00e9<span class=\"excerpt-hellip\"> [\u2026]<\/span><\/p>\n","protected":false},"author":2,"featured_media":0,"parent":3554,"menu_order":0,"comment_status":"closed","ping_status":"closed","template":"","meta":{"footnotes":""},"class_list":["post-3653","page","type-page","status-publish","hentry"],"yoast_head":"<!-- This site is optimized with the Yoast SEO plugin v27.3 - https:\/\/yoast.com\/product\/yoast-seo-wordpress\/ -->\n<title>Zimn\u00ed turistika - urlaub-in-waldkirchen.de<\/title>\n<meta name=\"description\" content=\"Pokud si v l\u00e9t\u011b r\u00e1di u\u017e\u00edv\u00e1te p\u0159\u00edrody p\u0159i p\u011b\u0161\u00edch v\u00fdletech, pot\u011b\u0161\u00ed v\u00e1s i zimn\u00ed proch\u00e1zka po n\u011bkter\u00e9 ze zimn\u00edch turistick\u00fdch tras.\" \/>\n<meta name=\"robots\" content=\"index, follow, max-snippet:-1, max-image-preview:large, max-video-preview:-1\" \/>\n<link rel=\"canonical\" href=\"https:\/\/urlaub-in-waldkirchen.de\/cs\/aktivity-zima\/zimni-turistika\/\" \/>\n<meta property=\"og:locale\" content=\"cs_CZ\" \/>\n<meta property=\"og:type\" content=\"article\" \/>\n<meta property=\"og:title\" content=\"Zimn\u00ed turistika - urlaub-in-waldkirchen.de\" \/>\n<meta property=\"og:description\" content=\"Pokud si v l\u00e9t\u011b r\u00e1di u\u017e\u00edv\u00e1te p\u0159\u00edrody p\u0159i p\u011b\u0161\u00edch v\u00fdletech, pot\u011b\u0161\u00ed v\u00e1s i zimn\u00ed proch\u00e1zka po n\u011bkter\u00e9 ze zimn\u00edch turistick\u00fdch tras.\" \/>\n<meta property=\"og:url\" content=\"https:\/\/urlaub-in-waldkirchen.de\/cs\/aktivity-zima\/zimni-turistika\/\" \/>\n<meta property=\"og:site_name\" content=\"urlaub-in-waldkirchen.de\" \/>\n<meta property=\"article:modified_time\" content=\"2016-08-17T12:07:23+00:00\" \/>\n<meta name=\"twitter:card\" content=\"summary_large_image\" \/>\n<meta name=\"twitter:label1\" content=\"Odhadovan\u00e1 doba \u010dten\u00ed\" \/>\n\t<meta name=\"twitter:data1\" content=\"1 minuta\" \/>\n<script type=\"application\/ld+json\" class=\"yoast-schema-graph\">{\"@context\":\"https:\\\/\\\/schema.org\",\"@graph\":[{\"@type\":\"WebPage\",\"@id\":\"https:\\\/\\\/urlaub-in-waldkirchen.de\\\/cs\\\/aktivity-zima\\\/zimni-turistika\\\/\",\"url\":\"https:\\\/\\\/urlaub-in-waldkirchen.de\\\/cs\\\/aktivity-zima\\\/zimni-turistika\\\/\",\"name\":\"Zimn\u00ed turistika - urlaub-in-waldkirchen.de\",\"isPartOf\":{\"@id\":\"https:\\\/\\\/urlaub-in-waldkirchen.de\\\/#website\"},\"datePublished\":\"2016-04-26T11:51:47+00:00\",\"dateModified\":\"2016-08-17T12:07:23+00:00\",\"description\":\"Pokud si v l\u00e9t\u011b r\u00e1di u\u017e\u00edv\u00e1te p\u0159\u00edrody p\u0159i p\u011b\u0161\u00edch v\u00fdletech, pot\u011b\u0161\u00ed v\u00e1s i zimn\u00ed proch\u00e1zka po n\u011bkter\u00e9 ze zimn\u00edch turistick\u00fdch tras.\",\"breadcrumb\":{\"@id\":\"https:\\\/\\\/urlaub-in-waldkirchen.de\\\/cs\\\/aktivity-zima\\\/zimni-turistika\\\/#breadcrumb\"},\"inLanguage\":\"cs\",\"potentialAction\":[{\"@type\":\"ReadAction\",\"target\":[\"https:\\\/\\\/urlaub-in-waldkirchen.de\\\/cs\\\/aktivity-zima\\\/zimni-turistika\\\/\"]}]},{\"@type\":\"BreadcrumbList\",\"@id\":\"https:\\\/\\\/urlaub-in-waldkirchen.de\\\/cs\\\/aktivity-zima\\\/zimni-turistika\\\/#breadcrumb\",\"itemListElement\":[{\"@type\":\"ListItem\",\"position\":1,\"name\":\"Startseite\",\"item\":\"https:\\\/\\\/urlaub-in-waldkirchen.de\\\/cs\\\/\"},{\"@type\":\"ListItem\",\"position\":2,\"name\":\"Aktivity &#8211; ZIMA\",\"item\":\"https:\\\/\\\/urlaub-in-waldkirchen.de\\\/cs\\\/aktivity-zima\\\/\"},{\"@type\":\"ListItem\",\"position\":3,\"name\":\"Zimn\u00ed turistika\"}]},{\"@type\":\"WebSite\",\"@id\":\"https:\\\/\\\/urlaub-in-waldkirchen.de\\\/#website\",\"url\":\"https:\\\/\\\/urlaub-in-waldkirchen.de\\\/\",\"name\":\"urlaub-in-waldkirchen.de\",\"description\":\"\",\"potentialAction\":[{\"@type\":\"SearchAction\",\"target\":{\"@type\":\"EntryPoint\",\"urlTemplate\":\"https:\\\/\\\/urlaub-in-waldkirchen.de\\\/?s={search_term_string}\"},\"query-input\":{\"@type\":\"PropertyValueSpecification\",\"valueRequired\":true,\"valueName\":\"search_term_string\"}}],\"inLanguage\":\"cs\"}]}<\/script>\n<!-- \/ Yoast SEO plugin. -->","yoast_head_json":{"title":"Zimn\u00ed turistika - urlaub-in-waldkirchen.de","description":"Pokud si v l\u00e9t\u011b r\u00e1di u\u017e\u00edv\u00e1te p\u0159\u00edrody p\u0159i p\u011b\u0161\u00edch v\u00fdletech, pot\u011b\u0161\u00ed v\u00e1s i zimn\u00ed proch\u00e1zka po n\u011bkter\u00e9 ze zimn\u00edch turistick\u00fdch tras.","robots":{"index":"index","follow":"follow","max-snippet":"max-snippet:-1","max-image-preview":"max-image-preview:large","max-video-preview":"max-video-preview:-1"},"canonical":"https:\/\/urlaub-in-waldkirchen.de\/cs\/aktivity-zima\/zimni-turistika\/","og_locale":"cs_CZ","og_type":"article","og_title":"Zimn\u00ed turistika - urlaub-in-waldkirchen.de","og_description":"Pokud si v l\u00e9t\u011b r\u00e1di u\u017e\u00edv\u00e1te p\u0159\u00edrody p\u0159i p\u011b\u0161\u00edch v\u00fdletech, pot\u011b\u0161\u00ed v\u00e1s i zimn\u00ed proch\u00e1zka po n\u011bkter\u00e9 ze zimn\u00edch turistick\u00fdch tras.","og_url":"https:\/\/urlaub-in-waldkirchen.de\/cs\/aktivity-zima\/zimni-turistika\/","og_site_name":"urlaub-in-waldkirchen.de","article_modified_time":"2016-08-17T12:07:23+00:00","twitter_card":"summary_large_image","twitter_misc":{"Odhadovan\u00e1 doba \u010dten\u00ed":"1 minuta"},"schema":{"@context":"https:\/\/schema.org","@graph":[{"@type":"WebPage","@id":"https:\/\/urlaub-in-waldkirchen.de\/cs\/aktivity-zima\/zimni-turistika\/","url":"https:\/\/urlaub-in-waldkirchen.de\/cs\/aktivity-zima\/zimni-turistika\/","name":"Zimn\u00ed turistika - urlaub-in-waldkirchen.de","isPartOf":{"@id":"https:\/\/urlaub-in-waldkirchen.de\/#website"},"datePublished":"2016-04-26T11:51:47+00:00","dateModified":"2016-08-17T12:07:23+00:00","description":"Pokud si v l\u00e9t\u011b r\u00e1di u\u017e\u00edv\u00e1te p\u0159\u00edrody p\u0159i p\u011b\u0161\u00edch v\u00fdletech, pot\u011b\u0161\u00ed v\u00e1s i zimn\u00ed proch\u00e1zka po n\u011bkter\u00e9 ze zimn\u00edch turistick\u00fdch tras.","breadcrumb":{"@id":"https:\/\/urlaub-in-waldkirchen.de\/cs\/aktivity-zima\/zimni-turistika\/#breadcrumb"},"inLanguage":"cs","potentialAction":[{"@type":"ReadAction","target":["https:\/\/urlaub-in-waldkirchen.de\/cs\/aktivity-zima\/zimni-turistika\/"]}]},{"@type":"BreadcrumbList","@id":"https:\/\/urlaub-in-waldkirchen.de\/cs\/aktivity-zima\/zimni-turistika\/#breadcrumb","itemListElement":[{"@type":"ListItem","position":1,"name":"Startseite","item":"https:\/\/urlaub-in-waldkirchen.de\/cs\/"},{"@type":"ListItem","position":2,"name":"Aktivity &#8211; ZIMA","item":"https:\/\/urlaub-in-waldkirchen.de\/cs\/aktivity-zima\/"},{"@type":"ListItem","position":3,"name":"Zimn\u00ed turistika"}]},{"@type":"WebSite","@id":"https:\/\/urlaub-in-waldkirchen.de\/#website","url":"https:\/\/urlaub-in-waldkirchen.de\/","name":"urlaub-in-waldkirchen.de","description":"","potentialAction":[{"@type":"SearchAction","target":{"@type":"EntryPoint","urlTemplate":"https:\/\/urlaub-in-waldkirchen.de\/?s={search_term_string}"},"query-input":{"@type":"PropertyValueSpecification","valueRequired":true,"valueName":"search_term_string"}}],"inLanguage":"cs"}]}},"_links":{"self":[{"href":"https:\/\/urlaub-in-waldkirchen.de\/cs\/wp-json\/wp\/v2\/pages\/3653","targetHints":{"allow":["GET"]}}],"collection":[{"href":"https:\/\/urlaub-in-waldkirchen.de\/cs\/wp-json\/wp\/v2\/pages"}],"about":[{"href":"https:\/\/urlaub-in-waldkirchen.de\/cs\/wp-json\/wp\/v2\/types\/page"}],"author":[{"embeddable":true,"href":"https:\/\/urlaub-in-waldkirchen.de\/cs\/wp-json\/wp\/v2\/users\/2"}],"replies":[{"embeddable":true,"href":"https:\/\/urlaub-in-waldkirchen.de\/cs\/wp-json\/wp\/v2\/comments?post=3653"}],"version-history":[{"count":0,"href":"https:\/\/urlaub-in-waldkirchen.de\/cs\/wp-json\/wp\/v2\/pages\/3653\/revisions"}],"up":[{"embeddable":true,"href":"https:\/\/urlaub-in-waldkirchen.de\/cs\/wp-json\/wp\/v2\/pages\/3554"}],"wp:attachment":[{"href":"https:\/\/urlaub-in-waldkirchen.de\/cs\/wp-json\/wp\/v2\/media?parent=3653"}],"curies":[{"name":"wp","href":"https:\/\/api.w.org\/{rel}","templated":true}]}}