{"id":3659,"date":"2016-04-14T15:29:49","date_gmt":"2016-04-14T13:29:49","guid":{"rendered":"https:\/\/urlaub-in-waldkirchen.de\/cs\/karoli-welt\/"},"modified":"2017-01-10T10:46:12","modified_gmt":"2017-01-10T09:46:12","slug":"svet-karoli","status":"publish","type":"page","link":"https:\/\/urlaub-in-waldkirchen.de\/cs\/svet-karoli\/","title":{"rendered":"Sv\u011bt Karoli"},"content":{"rendered":"<div class=\"wpb-content-wrapper\"><p>[vc_row][vc_column][vc_empty_space height=&#8220;20px&#8220;][vc_column_text]<\/p>\n<h1>Sv\u011bt Karoli ve Waldkirchenu \u2013 aquapark a zimn\u00ed stadion<\/h1>\n<h4>Aquapark Karoli v\u00e1m nab\u00edz\u00ed osv\u011b\u017euj\u00edc\u00ed koup\u00e1n\u00ed v ka\u017ed\u00e9m ro\u010dn\u00edm obdob\u00ed. V Zimn\u00edm stadionu Karoli si m\u016f\u017eete od \u0159\u00edjna do \u00fanora zabruslit, zahr\u00e1t curling a hokej.<\/h4>\n<p>[\/vc_column_text][vc_separator color=&#8220;custom&#8220; accent_color=&#8220;#95c11f&#8220;][\/vc_column][\/vc_row][vc_row][vc_column][vc_column_text]<\/p>\n<h2>Aquapark<\/h2>\n<p>[\/vc_column_text][\/vc_column][\/vc_row][vc_row][vc_column width=&#8220;1\/4&#8243;]<div class=\"sliding_box\"><a href=\"https:\/\/urlaub-in-waldkirchen.de\/cs\/aquapark\/letni-koupaliste\/\"  title=\"\"><div class=\"photo_wrapper\"><img loading=\"lazy\" decoding=\"async\" class=\"scale-with-grid\" src=\"https:\/\/urlaub-in-waldkirchen.de\/wp-content\/uploads\/2016\/04\/Freibad-button.jpg\" alt=\"Karoli-Freibad\" width=\"600\" height=\"400\"\/><\/div><div class=\"desc_wrapper\"><h4 class=\"title \">Letn\u00ed koupali\u0161t\u011b<\/h4><\/div><\/a><\/div>\n[\/vc_column][vc_column width=&#8220;1\/4&#8243;]<div class=\"sliding_box\"><a href=\"https:\/\/urlaub-in-waldkirchen.de\/cs\/aquapark\/kryty-bazen\/\"  title=\"\"><div class=\"photo_wrapper\"><img loading=\"lazy\" decoding=\"async\" class=\"scale-with-grid\" src=\"https:\/\/urlaub-in-waldkirchen.de\/wp-content\/uploads\/2016\/04\/hallenbad-button.jpg\" alt=\"Hallenbad - Karoli\" width=\"600\" height=\"400\"\/><\/div><div class=\"desc_wrapper\"><h4 class=\"title \">Kryt\u00fd baz\u00e9n<\/h4><\/div><\/a><\/div>\n[\/vc_column][vc_column width=&#8220;1\/4&#8243;]<div class=\"sliding_box\"><a href=\"https:\/\/urlaub-in-waldkirchen.de\/cs\/aquapark\/mediterraneum\/\"  title=\"\"><div class=\"photo_wrapper\"><img loading=\"lazy\" decoding=\"async\" class=\"scale-with-grid\" src=\"https:\/\/urlaub-in-waldkirchen.de\/wp-content\/uploads\/2016\/04\/mediterraneum-button.jpg\" alt=\"Mediterraneum - Karoli\" width=\"600\" height=\"400\"\/><\/div><div class=\"desc_wrapper\"><h4 class=\"title \">Mediterraneum<\/h4><\/div><\/a><\/div>\n[\/vc_column][vc_column width=&#8220;1\/4&#8243;]<div class=\"sliding_box\"><a href=\"https:\/\/urlaub-in-waldkirchen.de\/cs\/aquapark\/saunovy-svet\/\"  title=\"\"><div class=\"photo_wrapper\"><img loading=\"lazy\" decoding=\"async\" class=\"scale-with-grid\" src=\"https:\/\/urlaub-in-waldkirchen.de\/wp-content\/uploads\/2016\/04\/sauna-button.jpg\" alt=\"Saunawelt - Karoli\" width=\"600\" height=\"400\"\/><\/div><div class=\"desc_wrapper\"><h4 class=\"title \">Saunov\u00fd sv\u011bt<\/h4><\/div><\/a><\/div>\n[\/vc_column][\/vc_row][vc_row][vc_column width=&#8220;1\/4&#8243;]<div class=\"sliding_box\"><a href=\"https:\/\/urlaub-in-waldkirchen.de\/cs\/aquapark\/solaria-a-masaze\/\"  title=\"\"><div class=\"photo_wrapper\"><img loading=\"lazy\" decoding=\"async\" class=\"scale-with-grid\" src=\"https:\/\/urlaub-in-waldkirchen.de\/wp-content\/uploads\/2016\/04\/solarium-button.jpg\" alt=\"solarium-button\" width=\"600\" height=\"400\"\/><\/div><div class=\"desc_wrapper\"><h4 class=\"title \">Sol\u00e1ria a mas\u00e1\u017ee<\/h4><\/div><\/a><\/div>\n[\/vc_column][vc_column width=&#8220;1\/4&#8243;]<div class=\"sliding_box\"><a href=\"https:\/\/urlaub-in-waldkirchen.de\/cs\/aquapark\/aquafit\/\"  title=\"\"><div class=\"photo_wrapper\"><img loading=\"lazy\" decoding=\"async\" class=\"scale-with-grid\" src=\"https:\/\/urlaub-in-waldkirchen.de\/wp-content\/uploads\/2016\/04\/aquafit-button.jpg\" alt=\"aquafit-button\" width=\"600\" height=\"400\"\/><\/div><div class=\"desc_wrapper\"><h4 class=\"title \">Aquafit<\/h4><\/div><\/a><\/div>\n[\/vc_column][vc_column width=&#8220;1\/4&#8243;]<div class=\"sliding_box\"><a href=\"https:\/\/urlaub-in-waldkirchen.de\/cs\/aquapark\/plavani-kojencu\/\"  title=\"\"><div class=\"photo_wrapper\"><img loading=\"lazy\" decoding=\"async\" class=\"scale-with-grid\" src=\"https:\/\/urlaub-in-waldkirchen.de\/wp-content\/uploads\/2016\/04\/babyschwimmen-button.jpg\" alt=\"babyschwimmen-button\" width=\"600\" height=\"400\"\/><\/div><div class=\"desc_wrapper\"><h4 class=\"title \">Plav\u00e1n\u00ed kojenc\u016f<\/h4><\/div><\/a><\/div>\n[\/vc_column][vc_column width=&#8220;1\/4&#8243;]<div class=\"sliding_box\"><a href=\"https:\/\/urlaub-in-waldkirchen.de\/cs\/aquapark\/plavecke-kurzy\/\"  title=\"\"><div class=\"photo_wrapper\"><img loading=\"lazy\" decoding=\"async\" class=\"scale-with-grid\" src=\"https:\/\/urlaub-in-waldkirchen.de\/wp-content\/uploads\/2016\/04\/schwimmkurse-button.jpg\" alt=\"schwimmkurse-button\" width=\"600\" height=\"400\"\/><\/div><div class=\"desc_wrapper\"><h4 class=\"title \">Plaveck\u00e9 kurzy<\/h4><\/div><\/a><\/div>\n[\/vc_column][\/vc_row][vc_row][vc_column width=&#8220;1\/4&#8243;]<div class=\"sliding_box\"><a href=\"https:\/\/urlaub-in-waldkirchen.de\/cs\/aquapark\/kurzy-potapeni-a-snorchlovani\/\"  title=\"\"><div class=\"photo_wrapper\"><img loading=\"lazy\" decoding=\"async\" class=\"scale-with-grid\" src=\"https:\/\/urlaub-in-waldkirchen.de\/wp-content\/uploads\/2016\/04\/tauchen-button.jpg\" alt=\"tauchen-button\" width=\"600\" height=\"400\"\/><\/div><div class=\"desc_wrapper\"><h4 class=\"title \">Kurzy pot\u00e1p\u011bn\u00ed a \u0161norchlov\u00e1n\u00ed<\/h4><\/div><\/a><\/div>\n[\/vc_column][vc_column width=&#8220;1\/4&#8243;]<div class=\"sliding_box\"><a href=\"https:\/\/urlaub-in-waldkirchen.de\/cs\/aquapark\/gastronomie\/\"  title=\"\"><div class=\"photo_wrapper\"><img loading=\"lazy\" decoding=\"async\" class=\"scale-with-grid\" src=\"https:\/\/urlaub-in-waldkirchen.de\/wp-content\/uploads\/2016\/04\/gastronomie-button.jpg\" alt=\"gastronomie-button\" width=\"600\" height=\"400\"\/><\/div><div class=\"desc_wrapper\"><h4 class=\"title \">Gastronomie<\/h4><\/div><\/a><\/div>\n[\/vc_column][vc_column width=&#8220;1\/4&#8243;]<div class=\"sliding_box\"><a href=\"https:\/\/urlaub-in-waldkirchen.de\/cs\/aquapark\/oteviraci-doba-a-ceny\/\"  title=\"\"><div class=\"photo_wrapper\"><img loading=\"lazy\" decoding=\"async\" class=\"scale-with-grid\" src=\"https:\/\/urlaub-in-waldkirchen.de\/wp-content\/uploads\/2016\/04\/preise-button.jpg\" alt=\"preise-button\" width=\"600\" height=\"400\"\/><\/div><div class=\"desc_wrapper\"><h4 class=\"title \">Otev\u00edrac\u00ed doba a ceny<\/h4><\/div><\/a><\/div>\n[\/vc_column][vc_column width=&#8220;1\/4&#8243;]<div class=\"sliding_box\"><a href=\"https:\/\/urlaub-in-waldkirchen.de\/cs\/aquapark\/darkove-poukazy\/\"  title=\"\"><div class=\"photo_wrapper\"><img loading=\"lazy\" decoding=\"async\" class=\"scale-with-grid\" src=\"https:\/\/urlaub-in-waldkirchen.de\/wp-content\/uploads\/2016\/04\/gutscheine-button.jpg\" alt=\"gutscheine-button\" width=\"600\" height=\"400\"\/><\/div><div class=\"desc_wrapper\"><h4 class=\"title \">D\u00e1rkov\u00e9 poukazy<\/h4><\/div><\/a><\/div>\n[\/vc_column][\/vc_row][vc_row][vc_column width=&#8220;1\/4&#8243;]<div class=\"sliding_box\"><a href=\"https:\/\/urlaub-in-waldkirchen.de\/cs\/aquapark\/wlan\/\"  title=\"\"><div class=\"photo_wrapper\"><img loading=\"lazy\" decoding=\"async\" class=\"scale-with-grid\" src=\"https:\/\/urlaub-in-waldkirchen.de\/wp-content\/uploads\/2016\/04\/wlan-button.jpg\" alt=\"wlan-button\" width=\"600\" height=\"400\"\/><\/div><div class=\"desc_wrapper\"><h4 class=\"title \">WLAN<\/h4><\/div><\/a><\/div>\n[\/vc_column][vc_column width=&#8220;1\/4&#8243;]<div class=\"sliding_box\"><a href=\"https:\/\/urlaub-in-waldkirchen.de\/cs\/aquapark\/kontakt-a-prijezd\/\"  title=\"\"><div class=\"photo_wrapper\"><img loading=\"lazy\" decoding=\"async\" class=\"scale-with-grid\" src=\"https:\/\/urlaub-in-waldkirchen.de\/wp-content\/uploads\/2016\/04\/kontakt-button.jpg\" alt=\"kontakt-button\" width=\"600\" height=\"400\"\/><\/div><div class=\"desc_wrapper\"><h4 class=\"title \">Kontakt a p\u0159\u00edjezd<\/h4><\/div><\/a><\/div>\n[\/vc_column][vc_column width=&#8220;1\/4&#8243;]<div class=\"sliding_box\"><a href=\"https:\/\/urlaub-in-waldkirchen.de\/cs\/aquapark\/pujcovna-a-prodejna\/\"  title=\"\"><div class=\"photo_wrapper\"><img loading=\"lazy\" decoding=\"async\" class=\"scale-with-grid\" src=\"https:\/\/urlaub-in-waldkirchen.de\/wp-content\/uploads\/2016\/04\/leihservice-button.jpg\" alt=\"leihservice-button\" width=\"600\" height=\"400\"\/><\/div><div class=\"desc_wrapper\"><h4 class=\"title \">P\u016fj\u010dovna a prodejna<\/h4><\/div><\/a><\/div>\n[\/vc_column][vc_column width=&#8220;1\/4&#8243;][\/vc_column][\/vc_row][vc_row][vc_column][vc_separator color=&#8220;custom&#8220; accent_color=&#8220;#95c11f&#8220;][vc_column_text]<\/p>\n<h2>ZIMN\u00cd STADION<\/h2>\n<p>[\/vc_column_text][\/vc_column][\/vc_row][vc_row][vc_column width=&#8220;1\/4&#8243;]<div class=\"sliding_box\"><a href=\"https:\/\/urlaub-in-waldkirchen.de\/cs\/zimni-stadion\/zimni-stadion-prehled\/\"  title=\"\"><div class=\"photo_wrapper\"><img loading=\"lazy\" decoding=\"async\" class=\"scale-with-grid\" src=\"https:\/\/urlaub-in-waldkirchen.de\/wp-content\/uploads\/2016\/04\/eishalle-button.jpg\" alt=\"eishalle-button\" width=\"600\" height=\"400\"\/><\/div><div class=\"desc_wrapper\"><h4 class=\"title \">Zimn\u00ed stadion - p\u0159ehled<\/h4><\/div><\/a><\/div>\n[\/vc_column][vc_column width=&#8220;1\/4&#8243;]<div class=\"sliding_box\"><a href=\"https:\/\/urlaub-in-waldkirchen.de\/cs\/zimni-stadion\/oteviraci-doba-ceny-a-harmonogram\/\"  title=\"\"><div class=\"photo_wrapper\"><img loading=\"lazy\" decoding=\"async\" class=\"scale-with-grid\" src=\"https:\/\/urlaub-in-waldkirchen.de\/wp-content\/uploads\/2016\/04\/eishalle-preise-button.jpg\" alt=\"eishalle-preise-button\" width=\"600\" height=\"400\"\/><\/div><div class=\"desc_wrapper\"><h4 class=\"title \">Otev\u00edrac\u00ed doba, ceny a harmonogram<\/h4><\/div><\/a><\/div>\n[\/vc_column][vc_column width=&#8220;1\/4&#8243;]<div class=\"sliding_box\"><a href=\"https:\/\/urlaub-in-waldkirchen.de\/cs\/zimni-stadion\/informace-pro-poradatele\/\"  title=\"\"><div class=\"photo_wrapper\"><img loading=\"lazy\" decoding=\"async\" class=\"scale-with-grid\" src=\"https:\/\/urlaub-in-waldkirchen.de\/wp-content\/uploads\/2016\/04\/eishalle-veranstalter-button.jpg\" alt=\"eishalle-veranstalter-button\" width=\"600\" height=\"400\"\/><\/div><div class=\"desc_wrapper\"><h4 class=\"title \">Informace pro po\u0159adatele<\/h4><\/div><\/a><\/div>\n[\/vc_column][vc_column width=&#8220;1\/4&#8243;]<div class=\"sliding_box\"><a href=\"https:\/\/urlaub-in-waldkirchen.de\/cs\/zimni-stadion\/pujcovna\/\"  title=\"\"><div class=\"photo_wrapper\"><img loading=\"lazy\" decoding=\"async\" class=\"scale-with-grid\" src=\"https:\/\/urlaub-in-waldkirchen.de\/wp-content\/uploads\/2016\/04\/eishalle-leihen-button.jpg\" alt=\"eishalle&#8211;leihen-button\" width=\"600\" height=\"400\"\/><\/div><div class=\"desc_wrapper\"><h4 class=\"title \">P\u016fj\u010dovna<\/h4><\/div><\/a><\/div>\n[\/vc_column][\/vc_row][vc_row][vc_column width=&#8220;1\/4&#8243;]<div class=\"sliding_box\"><a href=\"https:\/\/urlaub-in-waldkirchen.de\/cs\/zimni-stadion\/kontakty-a-prijezd-zimni-stadion-karoli\/\"  title=\"\"><div class=\"photo_wrapper\"><img loading=\"lazy\" decoding=\"async\" class=\"scale-with-grid\" src=\"https:\/\/urlaub-in-waldkirchen.de\/wp-content\/uploads\/2016\/04\/eishalle-anfahrt-button.jpg\" alt=\"eishalle-anfahrt-button\" width=\"600\" height=\"400\"\/><\/div><div class=\"desc_wrapper\"><h4 class=\"title \">Kontakty a p\u0159\u00edjezd<\/h4><\/div><\/a><\/div>\n[\/vc_column][vc_column width=&#8220;1\/4&#8243;][\/vc_column][vc_column width=&#8220;1\/4&#8243;][\/vc_column][vc_column width=&#8220;1\/4&#8243;][\/vc_column][\/vc_row]<\/p>\n<\/div>","protected":false},"excerpt":{"rendered":"<p>[vc_row][vc_column][vc_empty_space height=&#8220;20px&#8220;][vc_column_text] Sv\u011bt Karoli ve Waldkirchenu \u2013 aquapark a zimn\u00ed stadion Aquapark Karoli v\u00e1m nab\u00edz\u00ed osv\u011b\u017euj\u00edc\u00ed koup\u00e1n\u00ed v ka\u017ed\u00e9m ro\u010dn\u00edm obdob\u00ed. V Zimn\u00edm stadionu Karoli si<span class=\"excerpt-hellip\"> [\u2026]<\/span><\/p>\n","protected":false},"author":2,"featured_media":0,"parent":0,"menu_order":0,"comment_status":"closed","ping_status":"open","template":"","meta":{"footnotes":""},"class_list":["post-3659","page","type-page","status-publish","hentry"],"yoast_head":"<!-- This site is optimized with the Yoast SEO plugin v27.0 - https:\/\/yoast.com\/product\/yoast-seo-wordpress\/ -->\n<title>Sv\u011bt Karoli - urlaub-in-waldkirchen.de<\/title>\n<meta name=\"description\" content=\"Erfrischenden Badespa\u00df zu jeder Jahreszeit bietet Ihnen der Karoli-Badepark. In der Eissporthalle ist von Oktober bis Februar Eislaufen, Eisstockschie\u00dfen und Eishockey m\u00f6glich.\" \/>\n<meta name=\"robots\" content=\"index, follow, max-snippet:-1, max-image-preview:large, max-video-preview:-1\" \/>\n<link rel=\"canonical\" href=\"https:\/\/urlaub-in-waldkirchen.de\/cs\/svet-karoli\/\" \/>\n<meta property=\"og:locale\" content=\"cs_CZ\" \/>\n<meta property=\"og:type\" content=\"article\" \/>\n<meta property=\"og:title\" content=\"Sv\u011bt Karoli - urlaub-in-waldkirchen.de\" \/>\n<meta property=\"og:description\" content=\"Erfrischenden Badespa\u00df zu jeder Jahreszeit bietet Ihnen der Karoli-Badepark. In der Eissporthalle ist von Oktober bis Februar Eislaufen, Eisstockschie\u00dfen und Eishockey m\u00f6glich.\" \/>\n<meta property=\"og:url\" content=\"https:\/\/urlaub-in-waldkirchen.de\/cs\/svet-karoli\/\" \/>\n<meta property=\"og:site_name\" content=\"urlaub-in-waldkirchen.de\" \/>\n<meta property=\"article:modified_time\" content=\"2017-01-10T09:46:12+00:00\" \/>\n<meta name=\"twitter:card\" content=\"summary_large_image\" \/>\n<meta name=\"twitter:label1\" content=\"Odhadovan\u00e1 doba \u010dten\u00ed\" \/>\n\t<meta name=\"twitter:data1\" content=\"3 minuty\" \/>\n<script type=\"application\/ld+json\" class=\"yoast-schema-graph\">{\"@context\":\"https:\/\/schema.org\",\"@graph\":[{\"@type\":\"WebPage\",\"@id\":\"https:\/\/urlaub-in-waldkirchen.de\/cs\/svet-karoli\/\",\"url\":\"https:\/\/urlaub-in-waldkirchen.de\/cs\/svet-karoli\/\",\"name\":\"Sv\u011bt Karoli - urlaub-in-waldkirchen.de\",\"isPartOf\":{\"@id\":\"https:\/\/urlaub-in-waldkirchen.de\/#website\"},\"datePublished\":\"2016-04-14T13:29:49+00:00\",\"dateModified\":\"2017-01-10T09:46:12+00:00\",\"description\":\"Erfrischenden Badespa\u00df zu jeder Jahreszeit bietet Ihnen der Karoli-Badepark. In der Eissporthalle ist von Oktober bis Februar Eislaufen, Eisstockschie\u00dfen und Eishockey m\u00f6glich.\",\"breadcrumb\":{\"@id\":\"https:\/\/urlaub-in-waldkirchen.de\/cs\/svet-karoli\/#breadcrumb\"},\"inLanguage\":\"cs\",\"potentialAction\":[{\"@type\":\"ReadAction\",\"target\":[\"https:\/\/urlaub-in-waldkirchen.de\/cs\/svet-karoli\/\"]}]},{\"@type\":\"BreadcrumbList\",\"@id\":\"https:\/\/urlaub-in-waldkirchen.de\/cs\/svet-karoli\/#breadcrumb\",\"itemListElement\":[{\"@type\":\"ListItem\",\"position\":1,\"name\":\"Startseite\",\"item\":\"https:\/\/urlaub-in-waldkirchen.de\/cs\/\"},{\"@type\":\"ListItem\",\"position\":2,\"name\":\"Sv\u011bt Karoli\"}]},{\"@type\":\"WebSite\",\"@id\":\"https:\/\/urlaub-in-waldkirchen.de\/#website\",\"url\":\"https:\/\/urlaub-in-waldkirchen.de\/\",\"name\":\"urlaub-in-waldkirchen.de\",\"description\":\"\",\"potentialAction\":[{\"@type\":\"SearchAction\",\"target\":{\"@type\":\"EntryPoint\",\"urlTemplate\":\"https:\/\/urlaub-in-waldkirchen.de\/?s={search_term_string}\"},\"query-input\":{\"@type\":\"PropertyValueSpecification\",\"valueRequired\":true,\"valueName\":\"search_term_string\"}}],\"inLanguage\":\"cs\"}]}<\/script>\n<!-- \/ Yoast SEO plugin. -->","yoast_head_json":{"title":"Sv\u011bt Karoli - urlaub-in-waldkirchen.de","description":"Erfrischenden Badespa\u00df zu jeder Jahreszeit bietet Ihnen der Karoli-Badepark. In der Eissporthalle ist von Oktober bis Februar Eislaufen, Eisstockschie\u00dfen und Eishockey m\u00f6glich.","robots":{"index":"index","follow":"follow","max-snippet":"max-snippet:-1","max-image-preview":"max-image-preview:large","max-video-preview":"max-video-preview:-1"},"canonical":"https:\/\/urlaub-in-waldkirchen.de\/cs\/svet-karoli\/","og_locale":"cs_CZ","og_type":"article","og_title":"Sv\u011bt Karoli - urlaub-in-waldkirchen.de","og_description":"Erfrischenden Badespa\u00df zu jeder Jahreszeit bietet Ihnen der Karoli-Badepark. In der Eissporthalle ist von Oktober bis Februar Eislaufen, Eisstockschie\u00dfen und Eishockey m\u00f6glich.","og_url":"https:\/\/urlaub-in-waldkirchen.de\/cs\/svet-karoli\/","og_site_name":"urlaub-in-waldkirchen.de","article_modified_time":"2017-01-10T09:46:12+00:00","twitter_card":"summary_large_image","twitter_misc":{"Odhadovan\u00e1 doba \u010dten\u00ed":"3 minuty"},"schema":{"@context":"https:\/\/schema.org","@graph":[{"@type":"WebPage","@id":"https:\/\/urlaub-in-waldkirchen.de\/cs\/svet-karoli\/","url":"https:\/\/urlaub-in-waldkirchen.de\/cs\/svet-karoli\/","name":"Sv\u011bt Karoli - urlaub-in-waldkirchen.de","isPartOf":{"@id":"https:\/\/urlaub-in-waldkirchen.de\/#website"},"datePublished":"2016-04-14T13:29:49+00:00","dateModified":"2017-01-10T09:46:12+00:00","description":"Erfrischenden Badespa\u00df zu jeder Jahreszeit bietet Ihnen der Karoli-Badepark. In der Eissporthalle ist von Oktober bis Februar Eislaufen, Eisstockschie\u00dfen und Eishockey m\u00f6glich.","breadcrumb":{"@id":"https:\/\/urlaub-in-waldkirchen.de\/cs\/svet-karoli\/#breadcrumb"},"inLanguage":"cs","potentialAction":[{"@type":"ReadAction","target":["https:\/\/urlaub-in-waldkirchen.de\/cs\/svet-karoli\/"]}]},{"@type":"BreadcrumbList","@id":"https:\/\/urlaub-in-waldkirchen.de\/cs\/svet-karoli\/#breadcrumb","itemListElement":[{"@type":"ListItem","position":1,"name":"Startseite","item":"https:\/\/urlaub-in-waldkirchen.de\/cs\/"},{"@type":"ListItem","position":2,"name":"Sv\u011bt Karoli"}]},{"@type":"WebSite","@id":"https:\/\/urlaub-in-waldkirchen.de\/#website","url":"https:\/\/urlaub-in-waldkirchen.de\/","name":"urlaub-in-waldkirchen.de","description":"","potentialAction":[{"@type":"SearchAction","target":{"@type":"EntryPoint","urlTemplate":"https:\/\/urlaub-in-waldkirchen.de\/?s={search_term_string}"},"query-input":{"@type":"PropertyValueSpecification","valueRequired":true,"valueName":"search_term_string"}}],"inLanguage":"cs"}]}},"_links":{"self":[{"href":"https:\/\/urlaub-in-waldkirchen.de\/cs\/wp-json\/wp\/v2\/pages\/3659","targetHints":{"allow":["GET"]}}],"collection":[{"href":"https:\/\/urlaub-in-waldkirchen.de\/cs\/wp-json\/wp\/v2\/pages"}],"about":[{"href":"https:\/\/urlaub-in-waldkirchen.de\/cs\/wp-json\/wp\/v2\/types\/page"}],"author":[{"embeddable":true,"href":"https:\/\/urlaub-in-waldkirchen.de\/cs\/wp-json\/wp\/v2\/users\/2"}],"replies":[{"embeddable":true,"href":"https:\/\/urlaub-in-waldkirchen.de\/cs\/wp-json\/wp\/v2\/comments?post=3659"}],"version-history":[{"count":1,"href":"https:\/\/urlaub-in-waldkirchen.de\/cs\/wp-json\/wp\/v2\/pages\/3659\/revisions"}],"predecessor-version":[{"id":4127,"href":"https:\/\/urlaub-in-waldkirchen.de\/cs\/wp-json\/wp\/v2\/pages\/3659\/revisions\/4127"}],"wp:attachment":[{"href":"https:\/\/urlaub-in-waldkirchen.de\/cs\/wp-json\/wp\/v2\/media?parent=3659"}],"curies":[{"name":"wp","href":"https:\/\/api.w.org\/{rel}","templated":true}]}}