{"id":3673,"date":"2016-04-26T15:23:58","date_gmt":"2016-04-26T13:23:58","guid":{"rendered":"https:\/\/urlaub-in-waldkirchen.de\/cs\/aquapark\/freibad\/"},"modified":"2025-07-18T15:06:21","modified_gmt":"2025-07-18T13:06:21","slug":"letni-koupaliste","status":"publish","type":"page","link":"https:\/\/urlaub-in-waldkirchen.de\/cs\/aquapark\/letni-koupaliste\/","title":{"rendered":"Letn\u00ed koupali\u0161t\u011b"},"content":{"rendered":"<div class=\"wpb-content-wrapper\"><p>[vc_row][vc_column][vc_empty_space height=&#8220;20px&#8220;][vc_column_text css=&#8220;&#8220;]<\/p>\n<h1>Der Karoli-Badepark &#8211; das neue Freibad &#8211; Sommervergn\u00fcgen f\u00fcr Jung und Alt<\/h1>\n<p>[\/vc_column_text][\/vc_column][\/vc_row][vc_row][vc_column][vc_column_text css=&#8220;&#8220;]Erfrischender Badespass zu jeder Jahreszeit. Der Waldkirchner Badepark mit dem herrlichen <a href=\"https:\/\/urlaub-in-waldkirchen.de\/badepark\/mediterraneum\/\">Mediterraneum<\/a>, <a href=\"https:\/\/urlaub-in-waldkirchen.de\/badepark\/hallenbad\/\">Hallenbad<\/a> und Sauna lockt im Sommer wie im Winter Badefreunde auf den Karoliberg. Ausgerichtet nach S\u00fcden zur Sonne und mit einem einmaligen Fernblick.<\/p>\n<p>Im nagelneuen solarbeheizten Freibad (ge\u00f6ffnet seit Pfingsten 2025) erwartet die kleinen und gro\u00dfen G\u00e4ste ein unbegrenzter Badespass. Eine Kletterwand, eine Breitwasserrutsche oder der Wasserfall und Str\u00f6mungskanal \u2013 da vergehen Badetage viel zu schnell! Man kann ein paar Bahnen im Schwimmerbecken ziehen und sich anschlie\u00dfend bei den Massaged\u00fcsen die Muskeln lockern. F\u00fcr die kleinsten gibt es drei schattiger Planschbecken und einen Spielplatz direkt nebenan.<\/p>\n<p>Wenn der kleine oder gro\u00dfe Hunger kommt bietet das Restaurant Happiness im Badepark alles was das Herz begehrt. Egal ob Freibad-Pommes, Burger, ein leckeres Eis oder einfach nur ein erfrischendes kaltes Getr\u00e4nk \u2013 auf der Sonnenterrasse des Restaurants macht das einfach Spass!<\/p>\n<p>Das Freibad im Karoli Badepark hat bei entsprechender Witterung t\u00e4glich von 10:00 \u2013 20:00 Uhr ge\u00f6ffnet.<\/p>\n<p>Einen Flyer mit <a href=\"https:\/\/urlaub-in-waldkirchen.de\/badepark\/gebuehren-und-oeffnungszeiten\/\">\u00d6ffnungszeiten und Preisen<\/a> erhalten Sie in\u00a0unserem\u00a0<a href=\"https:\/\/urlaub-in-waldkirchen.de\/info\/tourismusbuero\/\">Touristinfo<\/a>\u00a0oder zum Download bei den <a href=\"https:\/\/urlaub-in-waldkirchen.de\/info\/prospekte\/\">Prospekten<\/a>.<\/p>\n<p>Weitere Infos zu Preisen und Rabatten finden\u00a0Sie <a href=\"https:\/\/urlaub-in-waldkirchen.de\/badepark\/gebuehren-und-oeffnungszeiten\/\">hier &gt;&gt;<\/a>[\/vc_column_text][\/vc_column][\/vc_row][vc_row][vc_column][vc_masonry_media_grid element_width=&#8220;3&#8243; css=&#8220;&#8220; grid_id=&#8220;vc_gid:1752844327670-ee25fd92-7b8e-7&#8243; include=&#8220;7886,7900,7901,7894,7892,7891,7890,7888,7889,7887,7881,7893&#8243;][\/vc_column][\/vc_row][vc_row][vc_column][vc_separator color=&#8220;custom&#8220; accent_color=&#8220;#95c11f&#8220;][vc_btn title=&#8220;zur\u00fcck zur \u00dcbersicht&#8220; shape=&#8220;square&#8220; color=&#8220;green&#8220; size=&#8220;sm&#8220; align=&#8220;right&#8220; link=&#8220;url:http%3A%2F%2Furlaub-in-waldkirchen.de%2Fbadepark%2F|&#8220;][\/vc_column][\/vc_row]<\/p>\n<\/div>","protected":false},"excerpt":{"rendered":"<p>[vc_row][vc_column][vc_empty_space height=&#8220;20px&#8220;][vc_column_text css=&#8220;&#8220;] Der Karoli-Badepark &#8211; das neue Freibad &#8211; Sommervergn\u00fcgen f\u00fcr Jung und Alt [\/vc_column_text][\/vc_column][\/vc_row][vc_row][vc_column][vc_column_text css=&#8220;&#8220;]Erfrischender Badespass zu jeder Jahreszeit. Der Waldkirchner Badepark mit dem<span class=\"excerpt-hellip\"> [\u2026]<\/span><\/p>\n","protected":false},"author":2,"featured_media":-1,"parent":3663,"menu_order":0,"comment_status":"closed","ping_status":"closed","template":"","meta":{"footnotes":""},"class_list":["post-3673","page","type-page","status-publish","has-post-thumbnail","hentry"],"yoast_head":"<!-- This site is optimized with the Yoast SEO plugin v27.3 - https:\/\/yoast.com\/product\/yoast-seo-wordpress\/ -->\n<title>Letn\u00ed koupali\u0161t\u011b - urlaub-in-waldkirchen.de<\/title>\n<meta name=\"description\" content=\"Dop\u0159ejte si tu legraci a sklouzn\u011bte se po \u0161irok\u00e9 skluzavce do sol\u00e1rn\u011b vyh\u0159\u00edvan\u00e9ho plaveck\u00e9ho baz\u00e9nu, kter\u00fd m\u00e1 olympijsk\u00e9 parametry. M\u016f\u017eete si tak\u00e9 zadov\u00e1d\u011bt v tepl\u00e9m z\u00e1\u017eitkov\u00e9m baz\u00e9nu s vodop\u00e1dem a proudy\" \/>\n<meta name=\"robots\" content=\"index, follow, max-snippet:-1, max-image-preview:large, max-video-preview:-1\" \/>\n<link rel=\"canonical\" href=\"https:\/\/urlaub-in-waldkirchen.de\/cs\/aquapark\/letni-koupaliste\/\" \/>\n<meta property=\"og:locale\" content=\"cs_CZ\" \/>\n<meta property=\"og:type\" content=\"article\" \/>\n<meta property=\"og:title\" content=\"Letn\u00ed koupali\u0161t\u011b - urlaub-in-waldkirchen.de\" \/>\n<meta property=\"og:description\" content=\"Dop\u0159ejte si tu legraci a sklouzn\u011bte se po \u0161irok\u00e9 skluzavce do sol\u00e1rn\u011b vyh\u0159\u00edvan\u00e9ho plaveck\u00e9ho baz\u00e9nu, kter\u00fd m\u00e1 olympijsk\u00e9 parametry. M\u016f\u017eete si tak\u00e9 zadov\u00e1d\u011bt v tepl\u00e9m z\u00e1\u017eitkov\u00e9m baz\u00e9nu s vodop\u00e1dem a proudy\" \/>\n<meta property=\"og:url\" content=\"https:\/\/urlaub-in-waldkirchen.de\/cs\/aquapark\/letni-koupaliste\/\" \/>\n<meta property=\"og:site_name\" content=\"urlaub-in-waldkirchen.de\" \/>\n<meta property=\"article:modified_time\" content=\"2025-07-18T13:06:21+00:00\" \/>\n<meta name=\"twitter:card\" content=\"summary_large_image\" \/>\n<meta name=\"twitter:label1\" content=\"Odhadovan\u00e1 doba \u010dten\u00ed\" \/>\n\t<meta name=\"twitter:data1\" content=\"2 minuty\" \/>\n<script type=\"application\/ld+json\" class=\"yoast-schema-graph\">{\"@context\":\"https:\\\/\\\/schema.org\",\"@graph\":[{\"@type\":\"WebPage\",\"@id\":\"https:\\\/\\\/urlaub-in-waldkirchen.de\\\/cs\\\/aquapark\\\/letni-koupaliste\\\/\",\"url\":\"https:\\\/\\\/urlaub-in-waldkirchen.de\\\/cs\\\/aquapark\\\/letni-koupaliste\\\/\",\"name\":\"Letn\u00ed koupali\u0161t\u011b - urlaub-in-waldkirchen.de\",\"isPartOf\":{\"@id\":\"https:\\\/\\\/urlaub-in-waldkirchen.de\\\/#website\"},\"datePublished\":\"2016-04-26T13:23:58+00:00\",\"dateModified\":\"2025-07-18T13:06:21+00:00\",\"description\":\"Dop\u0159ejte si tu legraci a sklouzn\u011bte se po \u0161irok\u00e9 skluzavce do sol\u00e1rn\u011b vyh\u0159\u00edvan\u00e9ho plaveck\u00e9ho baz\u00e9nu, kter\u00fd m\u00e1 olympijsk\u00e9 parametry. M\u016f\u017eete si tak\u00e9 zadov\u00e1d\u011bt v tepl\u00e9m z\u00e1\u017eitkov\u00e9m baz\u00e9nu s vodop\u00e1dem a proudy\",\"breadcrumb\":{\"@id\":\"https:\\\/\\\/urlaub-in-waldkirchen.de\\\/cs\\\/aquapark\\\/letni-koupaliste\\\/#breadcrumb\"},\"inLanguage\":\"cs\",\"potentialAction\":[{\"@type\":\"ReadAction\",\"target\":[\"https:\\\/\\\/urlaub-in-waldkirchen.de\\\/cs\\\/aquapark\\\/letni-koupaliste\\\/\"]}]},{\"@type\":\"BreadcrumbList\",\"@id\":\"https:\\\/\\\/urlaub-in-waldkirchen.de\\\/cs\\\/aquapark\\\/letni-koupaliste\\\/#breadcrumb\",\"itemListElement\":[{\"@type\":\"ListItem\",\"position\":1,\"name\":\"Startseite\",\"item\":\"https:\\\/\\\/urlaub-in-waldkirchen.de\\\/cs\\\/\"},{\"@type\":\"ListItem\",\"position\":2,\"name\":\"Aquapark\",\"item\":\"https:\\\/\\\/urlaub-in-waldkirchen.de\\\/cs\\\/aquapark\\\/\"},{\"@type\":\"ListItem\",\"position\":3,\"name\":\"Letn\u00ed koupali\u0161t\u011b\"}]},{\"@type\":\"WebSite\",\"@id\":\"https:\\\/\\\/urlaub-in-waldkirchen.de\\\/#website\",\"url\":\"https:\\\/\\\/urlaub-in-waldkirchen.de\\\/\",\"name\":\"urlaub-in-waldkirchen.de\",\"description\":\"\",\"potentialAction\":[{\"@type\":\"SearchAction\",\"target\":{\"@type\":\"EntryPoint\",\"urlTemplate\":\"https:\\\/\\\/urlaub-in-waldkirchen.de\\\/?s={search_term_string}\"},\"query-input\":{\"@type\":\"PropertyValueSpecification\",\"valueRequired\":true,\"valueName\":\"search_term_string\"}}],\"inLanguage\":\"cs\"}]}<\/script>\n<!-- \/ Yoast SEO plugin. -->","yoast_head_json":{"title":"Letn\u00ed koupali\u0161t\u011b - urlaub-in-waldkirchen.de","description":"Dop\u0159ejte si tu legraci a sklouzn\u011bte se po \u0161irok\u00e9 skluzavce do sol\u00e1rn\u011b vyh\u0159\u00edvan\u00e9ho plaveck\u00e9ho baz\u00e9nu, kter\u00fd m\u00e1 olympijsk\u00e9 parametry. M\u016f\u017eete si tak\u00e9 zadov\u00e1d\u011bt v tepl\u00e9m z\u00e1\u017eitkov\u00e9m baz\u00e9nu s vodop\u00e1dem a proudy","robots":{"index":"index","follow":"follow","max-snippet":"max-snippet:-1","max-image-preview":"max-image-preview:large","max-video-preview":"max-video-preview:-1"},"canonical":"https:\/\/urlaub-in-waldkirchen.de\/cs\/aquapark\/letni-koupaliste\/","og_locale":"cs_CZ","og_type":"article","og_title":"Letn\u00ed koupali\u0161t\u011b - urlaub-in-waldkirchen.de","og_description":"Dop\u0159ejte si tu legraci a sklouzn\u011bte se po \u0161irok\u00e9 skluzavce do sol\u00e1rn\u011b vyh\u0159\u00edvan\u00e9ho plaveck\u00e9ho baz\u00e9nu, kter\u00fd m\u00e1 olympijsk\u00e9 parametry. M\u016f\u017eete si tak\u00e9 zadov\u00e1d\u011bt v tepl\u00e9m z\u00e1\u017eitkov\u00e9m baz\u00e9nu s vodop\u00e1dem a proudy","og_url":"https:\/\/urlaub-in-waldkirchen.de\/cs\/aquapark\/letni-koupaliste\/","og_site_name":"urlaub-in-waldkirchen.de","article_modified_time":"2025-07-18T13:06:21+00:00","twitter_card":"summary_large_image","twitter_misc":{"Odhadovan\u00e1 doba \u010dten\u00ed":"2 minuty"},"schema":{"@context":"https:\/\/schema.org","@graph":[{"@type":"WebPage","@id":"https:\/\/urlaub-in-waldkirchen.de\/cs\/aquapark\/letni-koupaliste\/","url":"https:\/\/urlaub-in-waldkirchen.de\/cs\/aquapark\/letni-koupaliste\/","name":"Letn\u00ed koupali\u0161t\u011b - urlaub-in-waldkirchen.de","isPartOf":{"@id":"https:\/\/urlaub-in-waldkirchen.de\/#website"},"datePublished":"2016-04-26T13:23:58+00:00","dateModified":"2025-07-18T13:06:21+00:00","description":"Dop\u0159ejte si tu legraci a sklouzn\u011bte se po \u0161irok\u00e9 skluzavce do sol\u00e1rn\u011b vyh\u0159\u00edvan\u00e9ho plaveck\u00e9ho baz\u00e9nu, kter\u00fd m\u00e1 olympijsk\u00e9 parametry. M\u016f\u017eete si tak\u00e9 zadov\u00e1d\u011bt v tepl\u00e9m z\u00e1\u017eitkov\u00e9m baz\u00e9nu s vodop\u00e1dem a proudy","breadcrumb":{"@id":"https:\/\/urlaub-in-waldkirchen.de\/cs\/aquapark\/letni-koupaliste\/#breadcrumb"},"inLanguage":"cs","potentialAction":[{"@type":"ReadAction","target":["https:\/\/urlaub-in-waldkirchen.de\/cs\/aquapark\/letni-koupaliste\/"]}]},{"@type":"BreadcrumbList","@id":"https:\/\/urlaub-in-waldkirchen.de\/cs\/aquapark\/letni-koupaliste\/#breadcrumb","itemListElement":[{"@type":"ListItem","position":1,"name":"Startseite","item":"https:\/\/urlaub-in-waldkirchen.de\/cs\/"},{"@type":"ListItem","position":2,"name":"Aquapark","item":"https:\/\/urlaub-in-waldkirchen.de\/cs\/aquapark\/"},{"@type":"ListItem","position":3,"name":"Letn\u00ed koupali\u0161t\u011b"}]},{"@type":"WebSite","@id":"https:\/\/urlaub-in-waldkirchen.de\/#website","url":"https:\/\/urlaub-in-waldkirchen.de\/","name":"urlaub-in-waldkirchen.de","description":"","potentialAction":[{"@type":"SearchAction","target":{"@type":"EntryPoint","urlTemplate":"https:\/\/urlaub-in-waldkirchen.de\/?s={search_term_string}"},"query-input":{"@type":"PropertyValueSpecification","valueRequired":true,"valueName":"search_term_string"}}],"inLanguage":"cs"}]}},"_links":{"self":[{"href":"https:\/\/urlaub-in-waldkirchen.de\/cs\/wp-json\/wp\/v2\/pages\/3673","targetHints":{"allow":["GET"]}}],"collection":[{"href":"https:\/\/urlaub-in-waldkirchen.de\/cs\/wp-json\/wp\/v2\/pages"}],"about":[{"href":"https:\/\/urlaub-in-waldkirchen.de\/cs\/wp-json\/wp\/v2\/types\/page"}],"author":[{"embeddable":true,"href":"https:\/\/urlaub-in-waldkirchen.de\/cs\/wp-json\/wp\/v2\/users\/2"}],"replies":[{"embeddable":true,"href":"https:\/\/urlaub-in-waldkirchen.de\/cs\/wp-json\/wp\/v2\/comments?post=3673"}],"version-history":[{"count":8,"href":"https:\/\/urlaub-in-waldkirchen.de\/cs\/wp-json\/wp\/v2\/pages\/3673\/revisions"}],"predecessor-version":[{"id":7906,"href":"https:\/\/urlaub-in-waldkirchen.de\/cs\/wp-json\/wp\/v2\/pages\/3673\/revisions\/7906"}],"up":[{"embeddable":true,"href":"https:\/\/urlaub-in-waldkirchen.de\/cs\/wp-json\/wp\/v2\/pages\/3663"}],"wp:featuredmedia":[{"embeddable":true,"href":"https:\/\/urlaub-in-waldkirchen.de\/cs\/wp-json\/"}],"wp:attachment":[{"href":"https:\/\/urlaub-in-waldkirchen.de\/cs\/wp-json\/wp\/v2\/media?parent=3673"}],"curies":[{"name":"wp","href":"https:\/\/api.w.org\/{rel}","templated":true}]}}