{"id":3690,"date":"2016-04-26T15:23:03","date_gmt":"2016-04-26T13:23:03","guid":{"rendered":"https:\/\/urlaub-in-waldkirchen.de\/cs\/aquapark\/mediterraneum\/"},"modified":"2025-10-21T12:47:40","modified_gmt":"2025-10-21T10:47:40","slug":"mediterraneum","status":"publish","type":"page","link":"https:\/\/urlaub-in-waldkirchen.de\/cs\/aquapark\/mediterraneum\/","title":{"rendered":"Mediterraneum"},"content":{"rendered":"<div class=\"wpb-content-wrapper\"><p>[vc_row][vc_column][vc_empty_space height=&#8220;20px&#8220;][vc_column_text]<\/p>\n<h1>Der Karoli-Badepark \u2013 das Mediterraneum \u2013 ein Hauch von Mittelmeer<\/h1>\n<p>[\/vc_column_text][\/vc_column][\/vc_row][vc_row][vc_column][vc_column_text css=&#8220;&#8220;]Das Mediterraneum lockt mit Salzwasser, Massaged\u00fcsen, Au\u00dfenpool und herrlichen Ruhezonen. Der moderne, architektonisch h\u00f6chst ansprechende Glasbau verbreitet einen Hauch von Mittelmeer. Alle Becken im Mediterraneum werden mit Thermal-Solewasser gespeist. Die Wassertemperatur von rund 34 Grad garantiert Ihnen wohlige Entspannung.<\/p>\n<p>Der Besuch im Mediterraneum ist immer ein kleiner Urlaub. Im Sole-, Warmwasser-, Sitz- oder Erz\u00e4hlbecken lassen sich paradiesische Stunden verbringen. Vom angrenzenden Hotel ist der direkte Zugang zum Mediterraneum m\u00f6glich.<\/p>\n<p>Kulinarisch k\u00f6nnen Sie sich <a href=\"https:\/\/urlaub-in-waldkirchen.de\/badepark\/gastronomie\/\">im gastronomischen Bereich<\/a> verw\u00f6hnen lassen.<\/p>\n<p>Das Mediterraneum ist t\u00e4glich von 10.00 \u2013 20.00 Uhr ge\u00f6ffnet., au\u00dfer in der Schlie\u00dfungszeit im Herbst und bestimmten Feiertagen (siehe \u00d6ffnungszeiten).<\/p>\n<p>Einen Flyer mit <a href=\"https:\/\/urlaub-in-waldkirchen.de\/badepark\/gebuehren-und-oeffnungszeiten\/\">\u00d6ffnungszeiten und Preisen<\/a> erhalten Sie in\u00a0unserem\u00a0<a href=\"https:\/\/urlaub-in-waldkirchen.de\/info\/tourismusbuero\/\">Tourismusb\u00fcro<\/a>\u00a0oder zum Download bei den <a href=\"https:\/\/urlaub-in-waldkirchen.de\/info\/prospekte\/\">Prospekten<\/a>.<\/p>\n<p>Weitere Infos zu Preisen und Rabatten finden\u00a0Sie <a href=\"https:\/\/urlaub-in-waldkirchen.de\/badepark\/gebuehren-und-oeffnungszeiten\/\">hier &gt;&gt;<\/a>[\/vc_column_text][\/vc_column][\/vc_row][vc_row][vc_column][vc_masonry_media_grid element_width=&#8220;3&#8243; css=&#8220;&#8220; grid_id=&#8220;vc_gid:1761043326986-cf402362-1411-7&#8243; include=&#8220;8037,8038,8039,8040,8041,8042,8043,8044&#8243;][\/vc_column][\/vc_row][vc_row][vc_column][vc_separator color=&#8220;custom&#8220; accent_color=&#8220;#95c11f&#8220;][vc_btn title=&#8220;zur\u00fcck zur \u00dcbersicht&#8220; shape=&#8220;square&#8220; color=&#8220;green&#8220; size=&#8220;sm&#8220; align=&#8220;right&#8220; link=&#8220;url:http%3A%2F%2Furlaub-in-waldkirchen.de%2Fbadepark%2F|&#8220;][\/vc_column][\/vc_row]<\/p>\n<\/div>","protected":false},"excerpt":{"rendered":"<p>[vc_row][vc_column][vc_empty_space height=&#8220;20px&#8220;][vc_column_text] Der Karoli-Badepark \u2013 das Mediterraneum \u2013 ein Hauch von Mittelmeer [\/vc_column_text][\/vc_column][\/vc_row][vc_row][vc_column][vc_column_text css=&#8220;&#8220;]Das Mediterraneum lockt mit Salzwasser, Massaged\u00fcsen, Au\u00dfenpool und herrlichen Ruhezonen. Der moderne, architektonisch<span class=\"excerpt-hellip\"> [\u2026]<\/span><\/p>\n","protected":false},"author":2,"featured_media":-1,"parent":3663,"menu_order":0,"comment_status":"closed","ping_status":"closed","template":"","meta":{"footnotes":""},"class_list":["post-3690","page","type-page","status-publish","has-post-thumbnail","hentry"],"yoast_head":"<!-- This site is optimized with the Yoast SEO plugin v27.3 - https:\/\/yoast.com\/product\/yoast-seo-wordpress\/ -->\n<title>Mediterraneum - urlaub-in-waldkirchen.de<\/title>\n<meta name=\"description\" content=\"Mediterraneum l\u00e1k\u00e1 svou slanou vodou, mas\u00e1\u017en\u00edmi tryskami, venkovn\u00edm baz\u00e9nem a skv\u011blou oddychovou z\u00f3nou. Modern\u00ed a architektonicky atraktivn\u00ed prosklen\u00e1 budova na v\u00e1s d\u00fdchne atmosf\u00e9rou St\u0159edomo\u0159\u00ed.\" \/>\n<meta name=\"robots\" content=\"index, follow, max-snippet:-1, max-image-preview:large, max-video-preview:-1\" \/>\n<link rel=\"canonical\" href=\"https:\/\/urlaub-in-waldkirchen.de\/cs\/aquapark\/mediterraneum\/\" \/>\n<meta property=\"og:locale\" content=\"cs_CZ\" \/>\n<meta property=\"og:type\" content=\"article\" \/>\n<meta property=\"og:title\" content=\"Mediterraneum - urlaub-in-waldkirchen.de\" \/>\n<meta property=\"og:description\" content=\"Mediterraneum l\u00e1k\u00e1 svou slanou vodou, mas\u00e1\u017en\u00edmi tryskami, venkovn\u00edm baz\u00e9nem a skv\u011blou oddychovou z\u00f3nou. Modern\u00ed a architektonicky atraktivn\u00ed prosklen\u00e1 budova na v\u00e1s d\u00fdchne atmosf\u00e9rou St\u0159edomo\u0159\u00ed.\" \/>\n<meta property=\"og:url\" content=\"https:\/\/urlaub-in-waldkirchen.de\/cs\/aquapark\/mediterraneum\/\" \/>\n<meta property=\"og:site_name\" content=\"urlaub-in-waldkirchen.de\" \/>\n<meta property=\"article:modified_time\" content=\"2025-10-21T10:47:40+00:00\" \/>\n<meta name=\"twitter:card\" content=\"summary_large_image\" \/>\n<meta name=\"twitter:label1\" content=\"Odhadovan\u00e1 doba \u010dten\u00ed\" \/>\n\t<meta name=\"twitter:data1\" content=\"1 minuta\" \/>\n<script type=\"application\/ld+json\" class=\"yoast-schema-graph\">{\"@context\":\"https:\\\/\\\/schema.org\",\"@graph\":[{\"@type\":\"WebPage\",\"@id\":\"https:\\\/\\\/urlaub-in-waldkirchen.de\\\/cs\\\/aquapark\\\/mediterraneum\\\/\",\"url\":\"https:\\\/\\\/urlaub-in-waldkirchen.de\\\/cs\\\/aquapark\\\/mediterraneum\\\/\",\"name\":\"Mediterraneum - urlaub-in-waldkirchen.de\",\"isPartOf\":{\"@id\":\"https:\\\/\\\/urlaub-in-waldkirchen.de\\\/#website\"},\"datePublished\":\"2016-04-26T13:23:03+00:00\",\"dateModified\":\"2025-10-21T10:47:40+00:00\",\"description\":\"Mediterraneum l\u00e1k\u00e1 svou slanou vodou, mas\u00e1\u017en\u00edmi tryskami, venkovn\u00edm baz\u00e9nem a skv\u011blou oddychovou z\u00f3nou. Modern\u00ed a architektonicky atraktivn\u00ed prosklen\u00e1 budova na v\u00e1s d\u00fdchne atmosf\u00e9rou St\u0159edomo\u0159\u00ed.\",\"breadcrumb\":{\"@id\":\"https:\\\/\\\/urlaub-in-waldkirchen.de\\\/cs\\\/aquapark\\\/mediterraneum\\\/#breadcrumb\"},\"inLanguage\":\"cs\",\"potentialAction\":[{\"@type\":\"ReadAction\",\"target\":[\"https:\\\/\\\/urlaub-in-waldkirchen.de\\\/cs\\\/aquapark\\\/mediterraneum\\\/\"]}]},{\"@type\":\"BreadcrumbList\",\"@id\":\"https:\\\/\\\/urlaub-in-waldkirchen.de\\\/cs\\\/aquapark\\\/mediterraneum\\\/#breadcrumb\",\"itemListElement\":[{\"@type\":\"ListItem\",\"position\":1,\"name\":\"Startseite\",\"item\":\"https:\\\/\\\/urlaub-in-waldkirchen.de\\\/cs\\\/\"},{\"@type\":\"ListItem\",\"position\":2,\"name\":\"Aquapark\",\"item\":\"https:\\\/\\\/urlaub-in-waldkirchen.de\\\/cs\\\/aquapark\\\/\"},{\"@type\":\"ListItem\",\"position\":3,\"name\":\"Mediterraneum\"}]},{\"@type\":\"WebSite\",\"@id\":\"https:\\\/\\\/urlaub-in-waldkirchen.de\\\/#website\",\"url\":\"https:\\\/\\\/urlaub-in-waldkirchen.de\\\/\",\"name\":\"urlaub-in-waldkirchen.de\",\"description\":\"\",\"potentialAction\":[{\"@type\":\"SearchAction\",\"target\":{\"@type\":\"EntryPoint\",\"urlTemplate\":\"https:\\\/\\\/urlaub-in-waldkirchen.de\\\/?s={search_term_string}\"},\"query-input\":{\"@type\":\"PropertyValueSpecification\",\"valueRequired\":true,\"valueName\":\"search_term_string\"}}],\"inLanguage\":\"cs\"}]}<\/script>\n<!-- \/ Yoast SEO plugin. -->","yoast_head_json":{"title":"Mediterraneum - urlaub-in-waldkirchen.de","description":"Mediterraneum l\u00e1k\u00e1 svou slanou vodou, mas\u00e1\u017en\u00edmi tryskami, venkovn\u00edm baz\u00e9nem a skv\u011blou oddychovou z\u00f3nou. Modern\u00ed a architektonicky atraktivn\u00ed prosklen\u00e1 budova na v\u00e1s d\u00fdchne atmosf\u00e9rou St\u0159edomo\u0159\u00ed.","robots":{"index":"index","follow":"follow","max-snippet":"max-snippet:-1","max-image-preview":"max-image-preview:large","max-video-preview":"max-video-preview:-1"},"canonical":"https:\/\/urlaub-in-waldkirchen.de\/cs\/aquapark\/mediterraneum\/","og_locale":"cs_CZ","og_type":"article","og_title":"Mediterraneum - urlaub-in-waldkirchen.de","og_description":"Mediterraneum l\u00e1k\u00e1 svou slanou vodou, mas\u00e1\u017en\u00edmi tryskami, venkovn\u00edm baz\u00e9nem a skv\u011blou oddychovou z\u00f3nou. Modern\u00ed a architektonicky atraktivn\u00ed prosklen\u00e1 budova na v\u00e1s d\u00fdchne atmosf\u00e9rou St\u0159edomo\u0159\u00ed.","og_url":"https:\/\/urlaub-in-waldkirchen.de\/cs\/aquapark\/mediterraneum\/","og_site_name":"urlaub-in-waldkirchen.de","article_modified_time":"2025-10-21T10:47:40+00:00","twitter_card":"summary_large_image","twitter_misc":{"Odhadovan\u00e1 doba \u010dten\u00ed":"1 minuta"},"schema":{"@context":"https:\/\/schema.org","@graph":[{"@type":"WebPage","@id":"https:\/\/urlaub-in-waldkirchen.de\/cs\/aquapark\/mediterraneum\/","url":"https:\/\/urlaub-in-waldkirchen.de\/cs\/aquapark\/mediterraneum\/","name":"Mediterraneum - urlaub-in-waldkirchen.de","isPartOf":{"@id":"https:\/\/urlaub-in-waldkirchen.de\/#website"},"datePublished":"2016-04-26T13:23:03+00:00","dateModified":"2025-10-21T10:47:40+00:00","description":"Mediterraneum l\u00e1k\u00e1 svou slanou vodou, mas\u00e1\u017en\u00edmi tryskami, venkovn\u00edm baz\u00e9nem a skv\u011blou oddychovou z\u00f3nou. Modern\u00ed a architektonicky atraktivn\u00ed prosklen\u00e1 budova na v\u00e1s d\u00fdchne atmosf\u00e9rou St\u0159edomo\u0159\u00ed.","breadcrumb":{"@id":"https:\/\/urlaub-in-waldkirchen.de\/cs\/aquapark\/mediterraneum\/#breadcrumb"},"inLanguage":"cs","potentialAction":[{"@type":"ReadAction","target":["https:\/\/urlaub-in-waldkirchen.de\/cs\/aquapark\/mediterraneum\/"]}]},{"@type":"BreadcrumbList","@id":"https:\/\/urlaub-in-waldkirchen.de\/cs\/aquapark\/mediterraneum\/#breadcrumb","itemListElement":[{"@type":"ListItem","position":1,"name":"Startseite","item":"https:\/\/urlaub-in-waldkirchen.de\/cs\/"},{"@type":"ListItem","position":2,"name":"Aquapark","item":"https:\/\/urlaub-in-waldkirchen.de\/cs\/aquapark\/"},{"@type":"ListItem","position":3,"name":"Mediterraneum"}]},{"@type":"WebSite","@id":"https:\/\/urlaub-in-waldkirchen.de\/#website","url":"https:\/\/urlaub-in-waldkirchen.de\/","name":"urlaub-in-waldkirchen.de","description":"","potentialAction":[{"@type":"SearchAction","target":{"@type":"EntryPoint","urlTemplate":"https:\/\/urlaub-in-waldkirchen.de\/?s={search_term_string}"},"query-input":{"@type":"PropertyValueSpecification","valueRequired":true,"valueName":"search_term_string"}}],"inLanguage":"cs"}]}},"_links":{"self":[{"href":"https:\/\/urlaub-in-waldkirchen.de\/cs\/wp-json\/wp\/v2\/pages\/3690","targetHints":{"allow":["GET"]}}],"collection":[{"href":"https:\/\/urlaub-in-waldkirchen.de\/cs\/wp-json\/wp\/v2\/pages"}],"about":[{"href":"https:\/\/urlaub-in-waldkirchen.de\/cs\/wp-json\/wp\/v2\/types\/page"}],"author":[{"embeddable":true,"href":"https:\/\/urlaub-in-waldkirchen.de\/cs\/wp-json\/wp\/v2\/users\/2"}],"replies":[{"embeddable":true,"href":"https:\/\/urlaub-in-waldkirchen.de\/cs\/wp-json\/wp\/v2\/comments?post=3690"}],"version-history":[{"count":10,"href":"https:\/\/urlaub-in-waldkirchen.de\/cs\/wp-json\/wp\/v2\/pages\/3690\/revisions"}],"predecessor-version":[{"id":8046,"href":"https:\/\/urlaub-in-waldkirchen.de\/cs\/wp-json\/wp\/v2\/pages\/3690\/revisions\/8046"}],"up":[{"embeddable":true,"href":"https:\/\/urlaub-in-waldkirchen.de\/cs\/wp-json\/wp\/v2\/pages\/3663"}],"wp:featuredmedia":[{"embeddable":true,"href":"https:\/\/urlaub-in-waldkirchen.de\/cs\/wp-json\/"}],"wp:attachment":[{"href":"https:\/\/urlaub-in-waldkirchen.de\/cs\/wp-json\/wp\/v2\/media?parent=3690"}],"curies":[{"name":"wp","href":"https:\/\/api.w.org\/{rel}","templated":true}]}}