{"id":3696,"date":"2016-04-26T15:23:31","date_gmt":"2016-04-26T13:23:31","guid":{"rendered":"https:\/\/urlaub-in-waldkirchen.de\/cs\/aquapark\/saunawelt\/"},"modified":"2024-02-20T10:28:33","modified_gmt":"2024-02-20T09:28:33","slug":"saunovy-svet","status":"publish","type":"page","link":"https:\/\/urlaub-in-waldkirchen.de\/cs\/aquapark\/saunovy-svet\/","title":{"rendered":"Saunov\u00fd sv\u011bt"},"content":{"rendered":"<div class=\"wpb-content-wrapper\"><p>[vc_row][vc_column][vc_empty_space height=&#8220;20px&#8220;][vc_column_text]<\/p>\n<h1>Der Karoli-Badepark &#8211; die Saunawelt\u00a0&#8211;\u00a0Entspannung pur<\/h1>\n<p>[\/vc_column_text][\/vc_column][\/vc_row][vc_row][vc_column][vc_column_text]Im Karoli-Badepark stehen Ihnen zwei Saunen (in Badebekleidung) und ein Wellnessraum zur Verf\u00fcgung.<\/p>\n<p>Relaxen Sie im <strong>Aromabad<\/strong>: Frisch getrocknete Kr\u00e4uter wie Pfefferminz, Kamille oder auch Rosenbl\u00fcten verbreiten bei 60 Grad W\u00e4rmetemperatur und 40 Prozent Luftfeuchtigkeit einen wohltuenden Duft. Die Biosauna, auch Sanarium genannt, ist in warmen gelb-orange-roten T\u00f6nen gehalten. Sie erwartet ein besonderes Wohlf\u00fchlerlebnis in angenehmer W\u00e4rme mit den nat\u00fcrlich-gesunden Ger\u00fcchen des Kr\u00e4utergartens bei entspannender Musik.<br \/>\nDas Sanarium ist eine sehr beliebte Saunaform, weil ein hoher Entspannungsgrad gew\u00e4hrleistet ist. Diese Saunaform ist Mittler zwischen Holz- und Dampfsauna.<\/p>\n<p>Im dunkel gehaltenen <strong>Granitdampfbad<\/strong> mit 45 Grad W\u00e4rme und 100 Prozent Luftfeuchtigkeit empfangen Sie D\u00fcfte von reinen, nat\u00fcrlich-\u00e4therischen \u00d6len aus Limone, Lavendel oder Alpenkr\u00e4utern. Kostenlos angeboten wird Dienstags um 19:30 Uhr ein Meersalzpeeling, das f\u00fcr einen sch\u00f6nen Teint sorgt. Ein Vorteil der Dampfsauna ist ihr weites Gesundheitsspektrum, vor allem bei Erkrankungen der Atemwege.<\/p>\n<p>Regendusche, Kneippschlauch und Trinkbecken sorgen f\u00fcr eine wohltuende Abk\u00fchlung. Entspannen Sie anschlie\u00dfend im Wellnessraum bei meditativen Kl\u00e4ngen.<\/p>\n<p>Kulinarisch k\u00f6nnen Sie sich <a href=\"https:\/\/urlaub-in-waldkirchen.de\/badepark\/gastronomie\/\">im gastronomischen Bereich<\/a> verw\u00f6hnen lassen.<\/p>\n<p>Einen Flyer mit <a href=\"https:\/\/urlaub-in-waldkirchen.de\/badepark\/gebuehren-und-oeffnungszeiten\/\">\u00d6ffnungszeiten und Preisen<\/a> erhalten Sie in\u00a0unserem\u00a0<a href=\"https:\/\/urlaub-in-waldkirchen.de\/info\/tourismusbuero\/\">Tourismusb\u00fcro<\/a>\u00a0oder zum Download bei den <a href=\"https:\/\/urlaub-in-waldkirchen.de\/info\/prospekte\/\">Prospekten<\/a>.<\/p>\n<p>Weitere Infos zu Preisen und Rabatten finden\u00a0Sie <a href=\"https:\/\/urlaub-in-waldkirchen.de\/badepark\/gebuehren-und-oeffnungszeiten\/\">hier &gt;&gt;<\/a>[\/vc_column_text][\/vc_column][\/vc_row][vc_row][vc_column][vc_masonry_media_grid element_width=&#8220;3&#8243; grid_id=&#8220;vc_gid:1708421200632-d1cbc48c-a3fe-10&#8243; include=&#8220;3096,3098,3099,3097&#8243;][\/vc_column][\/vc_row][vc_row][vc_column][vc_separator color=&#8220;custom&#8220; accent_color=&#8220;#95c11f&#8220;][vc_btn title=&#8220;zur\u00fcck zur \u00dcbersicht&#8220; shape=&#8220;square&#8220; color=&#8220;green&#8220; size=&#8220;sm&#8220; align=&#8220;right&#8220; link=&#8220;url:http%3A%2F%2Furlaub-in-waldkirchen.de%2Fbadepark%2F|&#8220;][\/vc_column][\/vc_row]<\/p>\n<\/div>","protected":false},"excerpt":{"rendered":"<p>[vc_row][vc_column][vc_empty_space height=&#8220;20px&#8220;][vc_column_text] Der Karoli-Badepark &#8211; die Saunawelt\u00a0&#8211;\u00a0Entspannung pur [\/vc_column_text][\/vc_column][\/vc_row][vc_row][vc_column][vc_column_text]Im Karoli-Badepark stehen Ihnen zwei Saunen (in Badebekleidung) und ein Wellnessraum zur Verf\u00fcgung. Relaxen Sie im Aromabad: Frisch<span class=\"excerpt-hellip\"> [\u2026]<\/span><\/p>\n","protected":false},"author":2,"featured_media":0,"parent":3663,"menu_order":0,"comment_status":"closed","ping_status":"closed","template":"","meta":{"footnotes":""},"class_list":["post-3696","page","type-page","status-publish","hentry"],"yoast_head":"<!-- This site is optimized with the Yoast SEO plugin v27.3 - https:\/\/yoast.com\/product\/yoast-seo-wordpress\/ -->\n<title>Saunov\u00fd sv\u011bt - urlaub-in-waldkirchen.de<\/title>\n<meta name=\"description\" content=\"Relaxujte v Aromatick\u00e9 saun\u011b: \u010derstv\u011b usu\u0161en\u00e1 sm\u011bs bylin s m\u00e1tou, he\u0159m\u00e1nkem a r\u016f\u017eov\u00fdmi kv\u011bty prosycuje vzduch p\u0159i 60 stupn\u00edch Celsia a 40 procentn\u00ed vlhkosti blahod\u00e1rnou v\u016fn\u00ed.\" \/>\n<meta name=\"robots\" content=\"index, follow, max-snippet:-1, max-image-preview:large, max-video-preview:-1\" \/>\n<link rel=\"canonical\" href=\"https:\/\/urlaub-in-waldkirchen.de\/cs\/aquapark\/saunovy-svet\/\" \/>\n<meta property=\"og:locale\" content=\"cs_CZ\" \/>\n<meta property=\"og:type\" content=\"article\" \/>\n<meta property=\"og:title\" content=\"Saunov\u00fd sv\u011bt - urlaub-in-waldkirchen.de\" \/>\n<meta property=\"og:description\" content=\"Relaxujte v Aromatick\u00e9 saun\u011b: \u010derstv\u011b usu\u0161en\u00e1 sm\u011bs bylin s m\u00e1tou, he\u0159m\u00e1nkem a r\u016f\u017eov\u00fdmi kv\u011bty prosycuje vzduch p\u0159i 60 stupn\u00edch Celsia a 40 procentn\u00ed vlhkosti blahod\u00e1rnou v\u016fn\u00ed.\" \/>\n<meta property=\"og:url\" content=\"https:\/\/urlaub-in-waldkirchen.de\/cs\/aquapark\/saunovy-svet\/\" \/>\n<meta property=\"og:site_name\" content=\"urlaub-in-waldkirchen.de\" \/>\n<meta property=\"article:modified_time\" content=\"2024-02-20T09:28:33+00:00\" \/>\n<meta name=\"twitter:card\" content=\"summary_large_image\" \/>\n<meta name=\"twitter:label1\" content=\"Odhadovan\u00e1 doba \u010dten\u00ed\" \/>\n\t<meta name=\"twitter:data1\" content=\"2 minuty\" \/>\n<script type=\"application\/ld+json\" class=\"yoast-schema-graph\">{\"@context\":\"https:\\\/\\\/schema.org\",\"@graph\":[{\"@type\":\"WebPage\",\"@id\":\"https:\\\/\\\/urlaub-in-waldkirchen.de\\\/cs\\\/aquapark\\\/saunovy-svet\\\/\",\"url\":\"https:\\\/\\\/urlaub-in-waldkirchen.de\\\/cs\\\/aquapark\\\/saunovy-svet\\\/\",\"name\":\"Saunov\u00fd sv\u011bt - urlaub-in-waldkirchen.de\",\"isPartOf\":{\"@id\":\"https:\\\/\\\/urlaub-in-waldkirchen.de\\\/#website\"},\"datePublished\":\"2016-04-26T13:23:31+00:00\",\"dateModified\":\"2024-02-20T09:28:33+00:00\",\"description\":\"Relaxujte v Aromatick\u00e9 saun\u011b: \u010derstv\u011b usu\u0161en\u00e1 sm\u011bs bylin s m\u00e1tou, he\u0159m\u00e1nkem a r\u016f\u017eov\u00fdmi kv\u011bty prosycuje vzduch p\u0159i 60 stupn\u00edch Celsia a 40 procentn\u00ed vlhkosti blahod\u00e1rnou v\u016fn\u00ed.\",\"breadcrumb\":{\"@id\":\"https:\\\/\\\/urlaub-in-waldkirchen.de\\\/cs\\\/aquapark\\\/saunovy-svet\\\/#breadcrumb\"},\"inLanguage\":\"cs\",\"potentialAction\":[{\"@type\":\"ReadAction\",\"target\":[\"https:\\\/\\\/urlaub-in-waldkirchen.de\\\/cs\\\/aquapark\\\/saunovy-svet\\\/\"]}]},{\"@type\":\"BreadcrumbList\",\"@id\":\"https:\\\/\\\/urlaub-in-waldkirchen.de\\\/cs\\\/aquapark\\\/saunovy-svet\\\/#breadcrumb\",\"itemListElement\":[{\"@type\":\"ListItem\",\"position\":1,\"name\":\"Startseite\",\"item\":\"https:\\\/\\\/urlaub-in-waldkirchen.de\\\/cs\\\/\"},{\"@type\":\"ListItem\",\"position\":2,\"name\":\"Aquapark\",\"item\":\"https:\\\/\\\/urlaub-in-waldkirchen.de\\\/cs\\\/aquapark\\\/\"},{\"@type\":\"ListItem\",\"position\":3,\"name\":\"Saunov\u00fd sv\u011bt\"}]},{\"@type\":\"WebSite\",\"@id\":\"https:\\\/\\\/urlaub-in-waldkirchen.de\\\/#website\",\"url\":\"https:\\\/\\\/urlaub-in-waldkirchen.de\\\/\",\"name\":\"urlaub-in-waldkirchen.de\",\"description\":\"\",\"potentialAction\":[{\"@type\":\"SearchAction\",\"target\":{\"@type\":\"EntryPoint\",\"urlTemplate\":\"https:\\\/\\\/urlaub-in-waldkirchen.de\\\/?s={search_term_string}\"},\"query-input\":{\"@type\":\"PropertyValueSpecification\",\"valueRequired\":true,\"valueName\":\"search_term_string\"}}],\"inLanguage\":\"cs\"}]}<\/script>\n<!-- \/ Yoast SEO plugin. -->","yoast_head_json":{"title":"Saunov\u00fd sv\u011bt - urlaub-in-waldkirchen.de","description":"Relaxujte v Aromatick\u00e9 saun\u011b: \u010derstv\u011b usu\u0161en\u00e1 sm\u011bs bylin s m\u00e1tou, he\u0159m\u00e1nkem a r\u016f\u017eov\u00fdmi kv\u011bty prosycuje vzduch p\u0159i 60 stupn\u00edch Celsia a 40 procentn\u00ed vlhkosti blahod\u00e1rnou v\u016fn\u00ed.","robots":{"index":"index","follow":"follow","max-snippet":"max-snippet:-1","max-image-preview":"max-image-preview:large","max-video-preview":"max-video-preview:-1"},"canonical":"https:\/\/urlaub-in-waldkirchen.de\/cs\/aquapark\/saunovy-svet\/","og_locale":"cs_CZ","og_type":"article","og_title":"Saunov\u00fd sv\u011bt - urlaub-in-waldkirchen.de","og_description":"Relaxujte v Aromatick\u00e9 saun\u011b: \u010derstv\u011b usu\u0161en\u00e1 sm\u011bs bylin s m\u00e1tou, he\u0159m\u00e1nkem a r\u016f\u017eov\u00fdmi kv\u011bty prosycuje vzduch p\u0159i 60 stupn\u00edch Celsia a 40 procentn\u00ed vlhkosti blahod\u00e1rnou v\u016fn\u00ed.","og_url":"https:\/\/urlaub-in-waldkirchen.de\/cs\/aquapark\/saunovy-svet\/","og_site_name":"urlaub-in-waldkirchen.de","article_modified_time":"2024-02-20T09:28:33+00:00","twitter_card":"summary_large_image","twitter_misc":{"Odhadovan\u00e1 doba \u010dten\u00ed":"2 minuty"},"schema":{"@context":"https:\/\/schema.org","@graph":[{"@type":"WebPage","@id":"https:\/\/urlaub-in-waldkirchen.de\/cs\/aquapark\/saunovy-svet\/","url":"https:\/\/urlaub-in-waldkirchen.de\/cs\/aquapark\/saunovy-svet\/","name":"Saunov\u00fd sv\u011bt - urlaub-in-waldkirchen.de","isPartOf":{"@id":"https:\/\/urlaub-in-waldkirchen.de\/#website"},"datePublished":"2016-04-26T13:23:31+00:00","dateModified":"2024-02-20T09:28:33+00:00","description":"Relaxujte v Aromatick\u00e9 saun\u011b: \u010derstv\u011b usu\u0161en\u00e1 sm\u011bs bylin s m\u00e1tou, he\u0159m\u00e1nkem a r\u016f\u017eov\u00fdmi kv\u011bty prosycuje vzduch p\u0159i 60 stupn\u00edch Celsia a 40 procentn\u00ed vlhkosti blahod\u00e1rnou v\u016fn\u00ed.","breadcrumb":{"@id":"https:\/\/urlaub-in-waldkirchen.de\/cs\/aquapark\/saunovy-svet\/#breadcrumb"},"inLanguage":"cs","potentialAction":[{"@type":"ReadAction","target":["https:\/\/urlaub-in-waldkirchen.de\/cs\/aquapark\/saunovy-svet\/"]}]},{"@type":"BreadcrumbList","@id":"https:\/\/urlaub-in-waldkirchen.de\/cs\/aquapark\/saunovy-svet\/#breadcrumb","itemListElement":[{"@type":"ListItem","position":1,"name":"Startseite","item":"https:\/\/urlaub-in-waldkirchen.de\/cs\/"},{"@type":"ListItem","position":2,"name":"Aquapark","item":"https:\/\/urlaub-in-waldkirchen.de\/cs\/aquapark\/"},{"@type":"ListItem","position":3,"name":"Saunov\u00fd sv\u011bt"}]},{"@type":"WebSite","@id":"https:\/\/urlaub-in-waldkirchen.de\/#website","url":"https:\/\/urlaub-in-waldkirchen.de\/","name":"urlaub-in-waldkirchen.de","description":"","potentialAction":[{"@type":"SearchAction","target":{"@type":"EntryPoint","urlTemplate":"https:\/\/urlaub-in-waldkirchen.de\/?s={search_term_string}"},"query-input":{"@type":"PropertyValueSpecification","valueRequired":true,"valueName":"search_term_string"}}],"inLanguage":"cs"}]}},"_links":{"self":[{"href":"https:\/\/urlaub-in-waldkirchen.de\/cs\/wp-json\/wp\/v2\/pages\/3696","targetHints":{"allow":["GET"]}}],"collection":[{"href":"https:\/\/urlaub-in-waldkirchen.de\/cs\/wp-json\/wp\/v2\/pages"}],"about":[{"href":"https:\/\/urlaub-in-waldkirchen.de\/cs\/wp-json\/wp\/v2\/types\/page"}],"author":[{"embeddable":true,"href":"https:\/\/urlaub-in-waldkirchen.de\/cs\/wp-json\/wp\/v2\/users\/2"}],"replies":[{"embeddable":true,"href":"https:\/\/urlaub-in-waldkirchen.de\/cs\/wp-json\/wp\/v2\/comments?post=3696"}],"version-history":[{"count":10,"href":"https:\/\/urlaub-in-waldkirchen.de\/cs\/wp-json\/wp\/v2\/pages\/3696\/revisions"}],"predecessor-version":[{"id":7054,"href":"https:\/\/urlaub-in-waldkirchen.de\/cs\/wp-json\/wp\/v2\/pages\/3696\/revisions\/7054"}],"up":[{"embeddable":true,"href":"https:\/\/urlaub-in-waldkirchen.de\/cs\/wp-json\/wp\/v2\/pages\/3663"}],"wp:attachment":[{"href":"https:\/\/urlaub-in-waldkirchen.de\/cs\/wp-json\/wp\/v2\/media?parent=3696"}],"curies":[{"name":"wp","href":"https:\/\/api.w.org\/{rel}","templated":true}]}}