{"id":3702,"date":"2016-04-26T15:43:56","date_gmt":"2016-04-26T13:43:56","guid":{"rendered":"https:\/\/urlaub-in-waldkirchen.de\/cs\/aquapark\/solarien-und-massagen\/"},"modified":"2016-09-06T11:37:05","modified_gmt":"2016-09-06T09:37:05","slug":"solaria-a-masaze","status":"publish","type":"page","link":"https:\/\/urlaub-in-waldkirchen.de\/cs\/aquapark\/solaria-a-masaze\/","title":{"rendered":"Sol\u00e1ria a mas\u00e1\u017ee"},"content":{"rendered":"<div class=\"wpb-content-wrapper\"><p>[vc_row][vc_column][vc_empty_space height=&#8220;20px&#8220;][vc_column_text]<\/p>\n<h1>Aquapark Karoli \u2013 sol\u00e1ria a mas\u00e1\u017ee<\/h1>\n<p>[\/vc_column_text][\/vc_column][\/vc_row][vc_row][vc_column][vc_column_text]Zajist\u011bte si zdrav\u00e9 op\u00e1len\u00ed, u\u017eijte si prav\u00e9 teplo a uvoln\u011bte se p\u0159i mas\u00e1\u017e\u00edch. V\u00a0klidov\u00e9 \u010d\u00e1sti plaveck\u00e9ho baz\u00e9nu jste zv\u00e1ni do sol\u00e1ria \u201eErgoline\u201c. Nav\u00edc na v\u00e1s \u010dek\u00e1 infra\u010derven\u00e1 kabina vyh\u0159\u00e1t\u00e1 na 50 stup\u0148\u016f a dv\u011b mas\u00e1\u017en\u00ed leh\u00e1tka.<\/p>\n<p>Ve wellness nab\u00eddce Aquaparku Karoli samoz\u0159ejm\u011b nechyb\u00ed klasick\u00e9 druhy mas\u00e1\u017e\u00ed, a\u0165 u\u017e cel\u00e9ho t\u011bla nebo jen vybran\u00fdch \u010d\u00e1st\u00ed. Mas\u00e9r Georg Burger, kter\u00fd disponuje p\u0159\u00edslu\u0161n\u00fdmi st\u00e1tn\u00edmi zkou\u0161kami, v\u00e1m nab\u00edz\u00ed zdravotn\u00ed i relaxa\u010dn\u00ed program.<\/p>\n<p>Bli\u017e\u0161\u00ed informace a objedn\u00e1vky term\u00edn\u016f na telefonn\u00edm \u010d\u00edsle 0049 8581\/8583.<\/p>\n<p>Prospekt s\u00a0informacemi o\u00a0<a href=\"https:\/\/urlaub-in-waldkirchen.de\/cs\/aquapark\/oteviraci-doba-a-ceny\/\">otev\u00edrac\u00ed dob\u011b a cen\u00e1ch<\/a>\u00a0obdr\u017e\u00edte v\u00a0na\u0161em <a href=\"https:\/\/urlaub-in-waldkirchen.de\/cs\/informace\/turisticke-informacni-centrum\/\">Turistick\u00e9m informa\u010dn\u00edm centru<\/a>\u00a0nebo mezi\u00a0<a href=\"https:\/\/urlaub-in-waldkirchen.de\/cs\/informace\/prospekty-propagacni-materialy\/\">Propaga\u010dn\u00edmi materi\u00e1ly ke sta\u017een\u00ed<\/a>.<\/p>\n<p>Dal\u0161\u00ed informace o cen\u00e1ch a slev\u00e1ch naleznete\u00a0<a href=\"https:\/\/urlaub-in-waldkirchen.de\/cs\/aquapark\/oteviraci-doba-a-ceny\/\">zde &gt;&gt;<\/a>[\/vc_column_text][\/vc_column][\/vc_row][vc_row][vc_column][vc_masonry_media_grid element_width=&#8220;3&#8243; grid_id=&#8220;vc_gid:1473154601199-56224aff-4030-4&#8243; include=&#8220;3107,3289,3290,3291&#8243;][\/vc_column][\/vc_row][vc_row][vc_column][vc_separator color=&#8220;custom&#8220; accent_color=&#8220;#95c11f&#8220;][vc_btn title=&#8220;zp\u011bt na p\u0159ehled&#8220; shape=&#8220;square&#8220; color=&#8220;green&#8220; size=&#8220;sm&#8220; align=&#8220;right&#8220; link=&#8220;url:http%3A%2F%2Furlaub-in-waldkirchen.de%2Fcs%2Faquapark%2F|||&#8220;][\/vc_column][\/vc_row]<\/p>\n<\/div>","protected":false},"excerpt":{"rendered":"<p>[vc_row][vc_column][vc_empty_space height=&#8220;20px&#8220;][vc_column_text] Aquapark Karoli \u2013 sol\u00e1ria a mas\u00e1\u017ee [\/vc_column_text][\/vc_column][\/vc_row][vc_row][vc_column][vc_column_text]Zajist\u011bte si zdrav\u00e9 op\u00e1len\u00ed, u\u017eijte si prav\u00e9 teplo a uvoln\u011bte se p\u0159i mas\u00e1\u017e\u00edch. V\u00a0klidov\u00e9 \u010d\u00e1sti plaveck\u00e9ho baz\u00e9nu jste<span class=\"excerpt-hellip\"> [\u2026]<\/span><\/p>\n","protected":false},"author":2,"featured_media":0,"parent":3663,"menu_order":0,"comment_status":"closed","ping_status":"closed","template":"","meta":{"footnotes":""},"class_list":["post-3702","page","type-page","status-publish","hentry"],"yoast_head":"<!-- This site is optimized with the Yoast SEO plugin v27.3 - https:\/\/yoast.com\/product\/yoast-seo-wordpress\/ -->\n<title>Sol\u00e1ria a mas\u00e1\u017ee - urlaub-in-waldkirchen.de<\/title>\n<meta name=\"description\" content=\"Zajist\u011bte si zdrav\u00e9 op\u00e1len\u00ed, u\u017eijte si prav\u00e9 teplo a uvoln\u011bte se p\u0159i mas\u00e1\u017e\u00edch. V klidov\u00e9 \u010d\u00e1sti plaveck\u00e9ho baz\u00e9nu jste zv\u00e1ni do sol\u00e1ria \u201eErgoline\u201c.\" \/>\n<meta name=\"robots\" content=\"index, follow, max-snippet:-1, max-image-preview:large, max-video-preview:-1\" \/>\n<link rel=\"canonical\" href=\"https:\/\/urlaub-in-waldkirchen.de\/cs\/aquapark\/solaria-a-masaze\/\" \/>\n<meta property=\"og:locale\" content=\"cs_CZ\" \/>\n<meta property=\"og:type\" content=\"article\" \/>\n<meta property=\"og:title\" content=\"Sol\u00e1ria a mas\u00e1\u017ee - urlaub-in-waldkirchen.de\" \/>\n<meta property=\"og:description\" content=\"Zajist\u011bte si zdrav\u00e9 op\u00e1len\u00ed, u\u017eijte si prav\u00e9 teplo a uvoln\u011bte se p\u0159i mas\u00e1\u017e\u00edch. V klidov\u00e9 \u010d\u00e1sti plaveck\u00e9ho baz\u00e9nu jste zv\u00e1ni do sol\u00e1ria \u201eErgoline\u201c.\" \/>\n<meta property=\"og:url\" content=\"https:\/\/urlaub-in-waldkirchen.de\/cs\/aquapark\/solaria-a-masaze\/\" \/>\n<meta property=\"og:site_name\" content=\"urlaub-in-waldkirchen.de\" \/>\n<meta property=\"article:modified_time\" content=\"2016-09-06T09:37:05+00:00\" \/>\n<meta name=\"twitter:card\" content=\"summary_large_image\" \/>\n<meta name=\"twitter:label1\" content=\"Odhadovan\u00e1 doba \u010dten\u00ed\" \/>\n\t<meta name=\"twitter:data1\" content=\"1 minuta\" \/>\n<script type=\"application\/ld+json\" class=\"yoast-schema-graph\">{\"@context\":\"https:\\\/\\\/schema.org\",\"@graph\":[{\"@type\":\"WebPage\",\"@id\":\"https:\\\/\\\/urlaub-in-waldkirchen.de\\\/cs\\\/aquapark\\\/solaria-a-masaze\\\/\",\"url\":\"https:\\\/\\\/urlaub-in-waldkirchen.de\\\/cs\\\/aquapark\\\/solaria-a-masaze\\\/\",\"name\":\"Sol\u00e1ria a mas\u00e1\u017ee - urlaub-in-waldkirchen.de\",\"isPartOf\":{\"@id\":\"https:\\\/\\\/urlaub-in-waldkirchen.de\\\/#website\"},\"datePublished\":\"2016-04-26T13:43:56+00:00\",\"dateModified\":\"2016-09-06T09:37:05+00:00\",\"description\":\"Zajist\u011bte si zdrav\u00e9 op\u00e1len\u00ed, u\u017eijte si prav\u00e9 teplo a uvoln\u011bte se p\u0159i mas\u00e1\u017e\u00edch. V klidov\u00e9 \u010d\u00e1sti plaveck\u00e9ho baz\u00e9nu jste zv\u00e1ni do sol\u00e1ria \u201eErgoline\u201c.\",\"breadcrumb\":{\"@id\":\"https:\\\/\\\/urlaub-in-waldkirchen.de\\\/cs\\\/aquapark\\\/solaria-a-masaze\\\/#breadcrumb\"},\"inLanguage\":\"cs\",\"potentialAction\":[{\"@type\":\"ReadAction\",\"target\":[\"https:\\\/\\\/urlaub-in-waldkirchen.de\\\/cs\\\/aquapark\\\/solaria-a-masaze\\\/\"]}]},{\"@type\":\"BreadcrumbList\",\"@id\":\"https:\\\/\\\/urlaub-in-waldkirchen.de\\\/cs\\\/aquapark\\\/solaria-a-masaze\\\/#breadcrumb\",\"itemListElement\":[{\"@type\":\"ListItem\",\"position\":1,\"name\":\"Startseite\",\"item\":\"https:\\\/\\\/urlaub-in-waldkirchen.de\\\/cs\\\/\"},{\"@type\":\"ListItem\",\"position\":2,\"name\":\"Aquapark\",\"item\":\"https:\\\/\\\/urlaub-in-waldkirchen.de\\\/cs\\\/aquapark\\\/\"},{\"@type\":\"ListItem\",\"position\":3,\"name\":\"Sol\u00e1ria a mas\u00e1\u017ee\"}]},{\"@type\":\"WebSite\",\"@id\":\"https:\\\/\\\/urlaub-in-waldkirchen.de\\\/#website\",\"url\":\"https:\\\/\\\/urlaub-in-waldkirchen.de\\\/\",\"name\":\"urlaub-in-waldkirchen.de\",\"description\":\"\",\"potentialAction\":[{\"@type\":\"SearchAction\",\"target\":{\"@type\":\"EntryPoint\",\"urlTemplate\":\"https:\\\/\\\/urlaub-in-waldkirchen.de\\\/?s={search_term_string}\"},\"query-input\":{\"@type\":\"PropertyValueSpecification\",\"valueRequired\":true,\"valueName\":\"search_term_string\"}}],\"inLanguage\":\"cs\"}]}<\/script>\n<!-- \/ Yoast SEO plugin. -->","yoast_head_json":{"title":"Sol\u00e1ria a mas\u00e1\u017ee - urlaub-in-waldkirchen.de","description":"Zajist\u011bte si zdrav\u00e9 op\u00e1len\u00ed, u\u017eijte si prav\u00e9 teplo a uvoln\u011bte se p\u0159i mas\u00e1\u017e\u00edch. V klidov\u00e9 \u010d\u00e1sti plaveck\u00e9ho baz\u00e9nu jste zv\u00e1ni do sol\u00e1ria \u201eErgoline\u201c.","robots":{"index":"index","follow":"follow","max-snippet":"max-snippet:-1","max-image-preview":"max-image-preview:large","max-video-preview":"max-video-preview:-1"},"canonical":"https:\/\/urlaub-in-waldkirchen.de\/cs\/aquapark\/solaria-a-masaze\/","og_locale":"cs_CZ","og_type":"article","og_title":"Sol\u00e1ria a mas\u00e1\u017ee - urlaub-in-waldkirchen.de","og_description":"Zajist\u011bte si zdrav\u00e9 op\u00e1len\u00ed, u\u017eijte si prav\u00e9 teplo a uvoln\u011bte se p\u0159i mas\u00e1\u017e\u00edch. V klidov\u00e9 \u010d\u00e1sti plaveck\u00e9ho baz\u00e9nu jste zv\u00e1ni do sol\u00e1ria \u201eErgoline\u201c.","og_url":"https:\/\/urlaub-in-waldkirchen.de\/cs\/aquapark\/solaria-a-masaze\/","og_site_name":"urlaub-in-waldkirchen.de","article_modified_time":"2016-09-06T09:37:05+00:00","twitter_card":"summary_large_image","twitter_misc":{"Odhadovan\u00e1 doba \u010dten\u00ed":"1 minuta"},"schema":{"@context":"https:\/\/schema.org","@graph":[{"@type":"WebPage","@id":"https:\/\/urlaub-in-waldkirchen.de\/cs\/aquapark\/solaria-a-masaze\/","url":"https:\/\/urlaub-in-waldkirchen.de\/cs\/aquapark\/solaria-a-masaze\/","name":"Sol\u00e1ria a mas\u00e1\u017ee - urlaub-in-waldkirchen.de","isPartOf":{"@id":"https:\/\/urlaub-in-waldkirchen.de\/#website"},"datePublished":"2016-04-26T13:43:56+00:00","dateModified":"2016-09-06T09:37:05+00:00","description":"Zajist\u011bte si zdrav\u00e9 op\u00e1len\u00ed, u\u017eijte si prav\u00e9 teplo a uvoln\u011bte se p\u0159i mas\u00e1\u017e\u00edch. V klidov\u00e9 \u010d\u00e1sti plaveck\u00e9ho baz\u00e9nu jste zv\u00e1ni do sol\u00e1ria \u201eErgoline\u201c.","breadcrumb":{"@id":"https:\/\/urlaub-in-waldkirchen.de\/cs\/aquapark\/solaria-a-masaze\/#breadcrumb"},"inLanguage":"cs","potentialAction":[{"@type":"ReadAction","target":["https:\/\/urlaub-in-waldkirchen.de\/cs\/aquapark\/solaria-a-masaze\/"]}]},{"@type":"BreadcrumbList","@id":"https:\/\/urlaub-in-waldkirchen.de\/cs\/aquapark\/solaria-a-masaze\/#breadcrumb","itemListElement":[{"@type":"ListItem","position":1,"name":"Startseite","item":"https:\/\/urlaub-in-waldkirchen.de\/cs\/"},{"@type":"ListItem","position":2,"name":"Aquapark","item":"https:\/\/urlaub-in-waldkirchen.de\/cs\/aquapark\/"},{"@type":"ListItem","position":3,"name":"Sol\u00e1ria a mas\u00e1\u017ee"}]},{"@type":"WebSite","@id":"https:\/\/urlaub-in-waldkirchen.de\/#website","url":"https:\/\/urlaub-in-waldkirchen.de\/","name":"urlaub-in-waldkirchen.de","description":"","potentialAction":[{"@type":"SearchAction","target":{"@type":"EntryPoint","urlTemplate":"https:\/\/urlaub-in-waldkirchen.de\/?s={search_term_string}"},"query-input":{"@type":"PropertyValueSpecification","valueRequired":true,"valueName":"search_term_string"}}],"inLanguage":"cs"}]}},"_links":{"self":[{"href":"https:\/\/urlaub-in-waldkirchen.de\/cs\/wp-json\/wp\/v2\/pages\/3702","targetHints":{"allow":["GET"]}}],"collection":[{"href":"https:\/\/urlaub-in-waldkirchen.de\/cs\/wp-json\/wp\/v2\/pages"}],"about":[{"href":"https:\/\/urlaub-in-waldkirchen.de\/cs\/wp-json\/wp\/v2\/types\/page"}],"author":[{"embeddable":true,"href":"https:\/\/urlaub-in-waldkirchen.de\/cs\/wp-json\/wp\/v2\/users\/2"}],"replies":[{"embeddable":true,"href":"https:\/\/urlaub-in-waldkirchen.de\/cs\/wp-json\/wp\/v2\/comments?post=3702"}],"version-history":[{"count":0,"href":"https:\/\/urlaub-in-waldkirchen.de\/cs\/wp-json\/wp\/v2\/pages\/3702\/revisions"}],"up":[{"embeddable":true,"href":"https:\/\/urlaub-in-waldkirchen.de\/cs\/wp-json\/wp\/v2\/pages\/3663"}],"wp:attachment":[{"href":"https:\/\/urlaub-in-waldkirchen.de\/cs\/wp-json\/wp\/v2\/media?parent=3702"}],"curies":[{"name":"wp","href":"https:\/\/api.w.org\/{rel}","templated":true}]}}