{"id":3708,"date":"2016-04-26T15:41:32","date_gmt":"2016-04-26T13:41:32","guid":{"rendered":"https:\/\/urlaub-in-waldkirchen.de\/cs\/aquapark\/aquafit\/"},"modified":"2025-12-08T10:31:00","modified_gmt":"2025-12-08T09:31:00","slug":"aquafit-2-2","status":"publish","type":"page","link":"https:\/\/urlaub-in-waldkirchen.de\/cs\/aquapark\/aquafit-2-2\/","title":{"rendered":"Aqua Fitness a  Aqua Jogging"},"content":{"rendered":"<div class=\"wpb-content-wrapper\"><p>[vc_row][vc_column width=&#8220;1\/2&#8243;][vc_empty_space height=&#8220;20px&#8220;][vc_column_text css=&#8220;&#8220;]<\/p>\n<h1>Der Karoli-Badepark &#8211; Aquafitness<\/h1>\n<p>&nbsp;<\/p>\n<p>&nbsp;<\/p>\n<p><em style=\"color: #ff0000;\"><strong>Aqua-Fitness:\u00a0 \u00a0 \u00a0 \u00a0 \u00a0 Montag:\u00a0 \u00a0 \u00a0 \u00a018:30 Uhr bis 19:15 Uhr.<\/strong><\/em><\/p>\n<p><em style=\"color: #ff0000;\"><strong>\u00a0 \u00a0 \u00a0 \u00a0 \u00a0 \u00a0 \u00a0 \u00a0 \u00a0 \u00a0 \u00a0 \u00a0 \u00a0 \u00a0 \u00a0 \u00a0Mittwoch:\u00a0 \u00a0 \u00a0 10:30 Uhr bis 11:15 Uhr.<\/strong><\/em><\/p>\n<p>&nbsp;<\/p>\n<p>&nbsp;<\/p>\n<p><span style=\"color: #ff0000;\">In den Ferien, sowie in der Schlie\u00dfzeit im Herbst und bestimmten<\/span><\/p>\n<p><span style=\"color: #ff0000;\"> Feiertagen, kein Aquafitness!<\/span><\/p>\n<p><span style=\"color: #ff0000;\">(siehe \u00d6ffnungszeiten !)<\/span>[\/vc_column_text][\/vc_column][vc_column width=&#8220;1\/2&#8243;][vc_empty_space height=&#8220;20px&#8220;][vc_single_image image=&#8220;6672&#8243; img_size=&#8220;large&#8220; onclick=&#8220;custom_link&#8220; img_link_target=&#8220;_blank&#8220; link=&#8220;https:\/\/urlaub-in-waldkirchen.de\/wp-content\/uploads\/2023\/06\/Aquafitflyer2023_web.pdf&#8220;][\/vc_column][\/vc_row][vc_row][vc_column][vc_column_text css=&#8220;&#8220;]Bewegung, Wasser und Musik: <strong>Aquafitness<\/strong> macht nicht nur au\u00dferordentlich Spa\u00df, sondern ist auch hocheffektiv. \u00a0Es eignet\u00a0sich f\u00fcr alle Altersgruppen und jeden Fitnesslevel.\u00a0Der nat\u00fcrliche Widerstand und der Auftrieb des\u00a0Wassers schont dabei die Gelenke.<\/p>\n<p>Das \u00a0Aqua-Fitness-Workout\u00a0ber\u00fccksichtigt alle Fitnessziele:\u00a0Es trainiert Kraft und Ausdauer, reduziert\u00a0den K\u00f6rperfettanteil, erh\u00f6ht die \u00a0Gelenkigkeit,\u00a0verbessert die Kondition genauso wie die\u00a0Koordination und sorgt f\u00fcr sch\u00f6ne,\u00a0straffe Muskeln.<\/p>\n<p><strong>Termine: <\/strong><em><strong>AQUA-FITNESS mit Herrn Ernst Schopf,<\/strong><\/em><\/p>\n<p><em><strong>\u00a0 \u00a0 \u00a0 \u00a0 \u00a0 \u00a0 \u00a0 \u00a0 \u00a0<\/strong><\/em><\/p>\n<p><strong>(Eintritt 5,00 \u20ac + Kurs 2,00 \u20ac): Anmeldung an der Badepark-Kasse !<\/strong><\/p>\n<p>Montag:\u00a0 \u00a0 \u00a0 \u00a0 18:30 Uhr &#8211; 19:15 Uhr<\/p>\n<p>Mittwoch:\u00a0 \u00a0 \u00a010:30 Uhr &#8211; 11:15 Uhr<\/p>\n<p>&nbsp;<\/p>\n<p>Einen Flyer zum Thema Auqafitness erhalten Sie in unserem <a href=\"https:\/\/urlaub-in-waldkirchen.de\/info\/tourismusbuero\/\">Tourismusb\u00fcro<\/a>\u00a0oder zum Download bei den <a href=\"https:\/\/urlaub-in-waldkirchen.de\/info\/prospekte\/\">Prospekten<\/a>.[\/vc_column_text][\/vc_column][\/vc_row][vc_row][vc_column][vc_masonry_media_grid element_width=&#8220;3&#8243; grid_id=&#8220;vc_gid:1765186209254-aa56d1e3-f3df-9&#8243; include=&#8220;3119,3120,3121,3122&#8243;][\/vc_column][\/vc_row][vc_row][vc_column][vc_separator color=&#8220;custom&#8220; accent_color=&#8220;#95c11f&#8220;][vc_btn title=&#8220;zur\u00fcck zur \u00dcbersicht&#8220; shape=&#8220;square&#8220; color=&#8220;green&#8220; size=&#8220;sm&#8220; align=&#8220;right&#8220; link=&#8220;url:http%3A%2F%2Furlaub-in-waldkirchen.de%2Fbadepark%2F|&#8220;][\/vc_column][\/vc_row]<\/p>\n<\/div>","protected":false},"excerpt":{"rendered":"<p>[vc_row][vc_column width=&#8220;1\/2&#8243;][vc_empty_space height=&#8220;20px&#8220;][vc_column_text css=&#8220;&#8220;] Der Karoli-Badepark &#8211; Aquafitness &nbsp; &nbsp; Aqua-Fitness:\u00a0 \u00a0 \u00a0 \u00a0 \u00a0 Montag:\u00a0 \u00a0 \u00a0 \u00a018:30 Uhr bis 19:15 Uhr. \u00a0 \u00a0 \u00a0<span class=\"excerpt-hellip\"> [\u2026]<\/span><\/p>\n","protected":false},"author":2,"featured_media":-1,"parent":3663,"menu_order":0,"comment_status":"closed","ping_status":"closed","template":"","meta":{"footnotes":""},"class_list":["post-3708","page","type-page","status-publish","has-post-thumbnail","hentry"],"yoast_head":"<!-- This site is optimized with the Yoast SEO plugin v27.3 - https:\/\/yoast.com\/product\/yoast-seo-wordpress\/ -->\n<title>Aqua Fitness a Aqua Jogging - urlaub-in-waldkirchen.de<\/title>\n<meta name=\"description\" content=\"Pohyb, voda a hudba: Vodn\u00ed fitness cvi\u010den\u00ed nejen bav\u00ed, ale je tak\u00e9 vysoce efektivn\u00ed. Je vhodn\u00e1 pro v\u0161echny v\u011bkov\u00e9 skupiny a ka\u017edou \u00farove\u0148 v\u00fdkonnosti. P\u0159irozen\u00fd odpor a vztlak vody p\u0159itom \u0161et\u0159\u00ed va\u0161e klouby.\" \/>\n<meta name=\"robots\" content=\"index, follow, max-snippet:-1, max-image-preview:large, max-video-preview:-1\" \/>\n<link rel=\"canonical\" href=\"https:\/\/urlaub-in-waldkirchen.de\/cs\/aquapark\/aquafit-2-2\/\" \/>\n<meta property=\"og:locale\" content=\"cs_CZ\" \/>\n<meta property=\"og:type\" content=\"article\" \/>\n<meta property=\"og:title\" content=\"Aqua Fitness a Aqua Jogging - urlaub-in-waldkirchen.de\" \/>\n<meta property=\"og:description\" content=\"Pohyb, voda a hudba: Vodn\u00ed fitness cvi\u010den\u00ed nejen bav\u00ed, ale je tak\u00e9 vysoce efektivn\u00ed. Je vhodn\u00e1 pro v\u0161echny v\u011bkov\u00e9 skupiny a ka\u017edou \u00farove\u0148 v\u00fdkonnosti. P\u0159irozen\u00fd odpor a vztlak vody p\u0159itom \u0161et\u0159\u00ed va\u0161e klouby.\" \/>\n<meta property=\"og:url\" content=\"https:\/\/urlaub-in-waldkirchen.de\/cs\/aquapark\/aquafit-2-2\/\" \/>\n<meta property=\"og:site_name\" content=\"urlaub-in-waldkirchen.de\" \/>\n<meta property=\"article:modified_time\" content=\"2025-12-08T09:31:00+00:00\" \/>\n<meta name=\"twitter:card\" content=\"summary_large_image\" \/>\n<meta name=\"twitter:label1\" content=\"Odhadovan\u00e1 doba \u010dten\u00ed\" \/>\n\t<meta name=\"twitter:data1\" content=\"1 minuta\" \/>\n<script type=\"application\/ld+json\" class=\"yoast-schema-graph\">{\"@context\":\"https:\\\/\\\/schema.org\",\"@graph\":[{\"@type\":\"WebPage\",\"@id\":\"https:\\\/\\\/urlaub-in-waldkirchen.de\\\/cs\\\/aquapark\\\/aquafit-2-2\\\/\",\"url\":\"https:\\\/\\\/urlaub-in-waldkirchen.de\\\/cs\\\/aquapark\\\/aquafit-2-2\\\/\",\"name\":\"Aqua Fitness a Aqua Jogging - urlaub-in-waldkirchen.de\",\"isPartOf\":{\"@id\":\"https:\\\/\\\/urlaub-in-waldkirchen.de\\\/#website\"},\"datePublished\":\"2016-04-26T13:41:32+00:00\",\"dateModified\":\"2025-12-08T09:31:00+00:00\",\"description\":\"Pohyb, voda a hudba: Vodn\u00ed fitness cvi\u010den\u00ed nejen bav\u00ed, ale je tak\u00e9 vysoce efektivn\u00ed. Je vhodn\u00e1 pro v\u0161echny v\u011bkov\u00e9 skupiny a ka\u017edou \u00farove\u0148 v\u00fdkonnosti. P\u0159irozen\u00fd odpor a vztlak vody p\u0159itom \u0161et\u0159\u00ed va\u0161e klouby.\",\"breadcrumb\":{\"@id\":\"https:\\\/\\\/urlaub-in-waldkirchen.de\\\/cs\\\/aquapark\\\/aquafit-2-2\\\/#breadcrumb\"},\"inLanguage\":\"cs\",\"potentialAction\":[{\"@type\":\"ReadAction\",\"target\":[\"https:\\\/\\\/urlaub-in-waldkirchen.de\\\/cs\\\/aquapark\\\/aquafit-2-2\\\/\"]}]},{\"@type\":\"BreadcrumbList\",\"@id\":\"https:\\\/\\\/urlaub-in-waldkirchen.de\\\/cs\\\/aquapark\\\/aquafit-2-2\\\/#breadcrumb\",\"itemListElement\":[{\"@type\":\"ListItem\",\"position\":1,\"name\":\"Startseite\",\"item\":\"https:\\\/\\\/urlaub-in-waldkirchen.de\\\/cs\\\/\"},{\"@type\":\"ListItem\",\"position\":2,\"name\":\"Aquapark\",\"item\":\"https:\\\/\\\/urlaub-in-waldkirchen.de\\\/cs\\\/aquapark\\\/\"},{\"@type\":\"ListItem\",\"position\":3,\"name\":\"Aqua Fitness a Aqua Jogging\"}]},{\"@type\":\"WebSite\",\"@id\":\"https:\\\/\\\/urlaub-in-waldkirchen.de\\\/#website\",\"url\":\"https:\\\/\\\/urlaub-in-waldkirchen.de\\\/\",\"name\":\"urlaub-in-waldkirchen.de\",\"description\":\"\",\"potentialAction\":[{\"@type\":\"SearchAction\",\"target\":{\"@type\":\"EntryPoint\",\"urlTemplate\":\"https:\\\/\\\/urlaub-in-waldkirchen.de\\\/?s={search_term_string}\"},\"query-input\":{\"@type\":\"PropertyValueSpecification\",\"valueRequired\":true,\"valueName\":\"search_term_string\"}}],\"inLanguage\":\"cs\"}]}<\/script>\n<!-- \/ Yoast SEO plugin. -->","yoast_head_json":{"title":"Aqua Fitness a Aqua Jogging - urlaub-in-waldkirchen.de","description":"Pohyb, voda a hudba: Vodn\u00ed fitness cvi\u010den\u00ed nejen bav\u00ed, ale je tak\u00e9 vysoce efektivn\u00ed. Je vhodn\u00e1 pro v\u0161echny v\u011bkov\u00e9 skupiny a ka\u017edou \u00farove\u0148 v\u00fdkonnosti. P\u0159irozen\u00fd odpor a vztlak vody p\u0159itom \u0161et\u0159\u00ed va\u0161e klouby.","robots":{"index":"index","follow":"follow","max-snippet":"max-snippet:-1","max-image-preview":"max-image-preview:large","max-video-preview":"max-video-preview:-1"},"canonical":"https:\/\/urlaub-in-waldkirchen.de\/cs\/aquapark\/aquafit-2-2\/","og_locale":"cs_CZ","og_type":"article","og_title":"Aqua Fitness a Aqua Jogging - urlaub-in-waldkirchen.de","og_description":"Pohyb, voda a hudba: Vodn\u00ed fitness cvi\u010den\u00ed nejen bav\u00ed, ale je tak\u00e9 vysoce efektivn\u00ed. Je vhodn\u00e1 pro v\u0161echny v\u011bkov\u00e9 skupiny a ka\u017edou \u00farove\u0148 v\u00fdkonnosti. P\u0159irozen\u00fd odpor a vztlak vody p\u0159itom \u0161et\u0159\u00ed va\u0161e klouby.","og_url":"https:\/\/urlaub-in-waldkirchen.de\/cs\/aquapark\/aquafit-2-2\/","og_site_name":"urlaub-in-waldkirchen.de","article_modified_time":"2025-12-08T09:31:00+00:00","twitter_card":"summary_large_image","twitter_misc":{"Odhadovan\u00e1 doba \u010dten\u00ed":"1 minuta"},"schema":{"@context":"https:\/\/schema.org","@graph":[{"@type":"WebPage","@id":"https:\/\/urlaub-in-waldkirchen.de\/cs\/aquapark\/aquafit-2-2\/","url":"https:\/\/urlaub-in-waldkirchen.de\/cs\/aquapark\/aquafit-2-2\/","name":"Aqua Fitness a Aqua Jogging - urlaub-in-waldkirchen.de","isPartOf":{"@id":"https:\/\/urlaub-in-waldkirchen.de\/#website"},"datePublished":"2016-04-26T13:41:32+00:00","dateModified":"2025-12-08T09:31:00+00:00","description":"Pohyb, voda a hudba: Vodn\u00ed fitness cvi\u010den\u00ed nejen bav\u00ed, ale je tak\u00e9 vysoce efektivn\u00ed. Je vhodn\u00e1 pro v\u0161echny v\u011bkov\u00e9 skupiny a ka\u017edou \u00farove\u0148 v\u00fdkonnosti. P\u0159irozen\u00fd odpor a vztlak vody p\u0159itom \u0161et\u0159\u00ed va\u0161e klouby.","breadcrumb":{"@id":"https:\/\/urlaub-in-waldkirchen.de\/cs\/aquapark\/aquafit-2-2\/#breadcrumb"},"inLanguage":"cs","potentialAction":[{"@type":"ReadAction","target":["https:\/\/urlaub-in-waldkirchen.de\/cs\/aquapark\/aquafit-2-2\/"]}]},{"@type":"BreadcrumbList","@id":"https:\/\/urlaub-in-waldkirchen.de\/cs\/aquapark\/aquafit-2-2\/#breadcrumb","itemListElement":[{"@type":"ListItem","position":1,"name":"Startseite","item":"https:\/\/urlaub-in-waldkirchen.de\/cs\/"},{"@type":"ListItem","position":2,"name":"Aquapark","item":"https:\/\/urlaub-in-waldkirchen.de\/cs\/aquapark\/"},{"@type":"ListItem","position":3,"name":"Aqua Fitness a Aqua Jogging"}]},{"@type":"WebSite","@id":"https:\/\/urlaub-in-waldkirchen.de\/#website","url":"https:\/\/urlaub-in-waldkirchen.de\/","name":"urlaub-in-waldkirchen.de","description":"","potentialAction":[{"@type":"SearchAction","target":{"@type":"EntryPoint","urlTemplate":"https:\/\/urlaub-in-waldkirchen.de\/?s={search_term_string}"},"query-input":{"@type":"PropertyValueSpecification","valueRequired":true,"valueName":"search_term_string"}}],"inLanguage":"cs"}]}},"_links":{"self":[{"href":"https:\/\/urlaub-in-waldkirchen.de\/cs\/wp-json\/wp\/v2\/pages\/3708","targetHints":{"allow":["GET"]}}],"collection":[{"href":"https:\/\/urlaub-in-waldkirchen.de\/cs\/wp-json\/wp\/v2\/pages"}],"about":[{"href":"https:\/\/urlaub-in-waldkirchen.de\/cs\/wp-json\/wp\/v2\/types\/page"}],"author":[{"embeddable":true,"href":"https:\/\/urlaub-in-waldkirchen.de\/cs\/wp-json\/wp\/v2\/users\/2"}],"replies":[{"embeddable":true,"href":"https:\/\/urlaub-in-waldkirchen.de\/cs\/wp-json\/wp\/v2\/comments?post=3708"}],"version-history":[{"count":10,"href":"https:\/\/urlaub-in-waldkirchen.de\/cs\/wp-json\/wp\/v2\/pages\/3708\/revisions"}],"predecessor-version":[{"id":8103,"href":"https:\/\/urlaub-in-waldkirchen.de\/cs\/wp-json\/wp\/v2\/pages\/3708\/revisions\/8103"}],"up":[{"embeddable":true,"href":"https:\/\/urlaub-in-waldkirchen.de\/cs\/wp-json\/wp\/v2\/pages\/3663"}],"wp:featuredmedia":[{"embeddable":true,"href":"https:\/\/urlaub-in-waldkirchen.de\/cs\/wp-json\/"}],"wp:attachment":[{"href":"https:\/\/urlaub-in-waldkirchen.de\/cs\/wp-json\/wp\/v2\/media?parent=3708"}],"curies":[{"name":"wp","href":"https:\/\/api.w.org\/{rel}","templated":true}]}}