{"id":3714,"date":"2016-04-26T15:40:30","date_gmt":"2016-04-26T13:40:30","guid":{"rendered":"https:\/\/urlaub-in-waldkirchen.de\/cs\/aquapark\/babyschwimmen\/"},"modified":"2023-09-12T08:51:52","modified_gmt":"2023-09-12T06:51:52","slug":"plavani-kojencu","status":"publish","type":"page","link":"https:\/\/urlaub-in-waldkirchen.de\/cs\/aquapark\/plavani-kojencu\/","title":{"rendered":"Plav\u00e1n\u00ed kojenc\u016f"},"content":{"rendered":"<div class=\"wpb-content-wrapper\"><p>[vc_row][vc_column][vc_empty_space height=&#8220;20px&#8220;][vc_column_text]<\/p>\n<h1>Der Karoli-Badepark &#8211;\u00a0Babyschwimmen<\/h1>\n<p>[\/vc_column_text][\/vc_column][\/vc_row][vc_row][vc_column][vc_column_text]Schwimmen macht Ihrem Baby nicht nur Spa\u00df, die spielerische Bewegung im Wasser f\u00f6rdert auch die k\u00f6rperliche und geistige Entwicklung Ihres Kindes.<\/p>\n<p>Im 34 Grad warmen Wasser kann sich Ihr Baby richtig austoben, ohne sich wehzutun. Obendrein trainiert jede Bewegung das Gehirn Ihres Kindes.<\/p>\n<p>Teilnahme ist\u00a0f\u00fcr Babys ab dem 3. Monat m\u00f6glich. \u00a0Die\u00a0Kurse finden laufend statt.\u00a0Sie\u00a0werden von den sehr erfahrene Hebamme Vera Seipelt\u00a0durchgef\u00fchrt.<\/p>\n<p><strong>Anmeldungen und Info:<\/strong><\/p>\n<p>F\u00fcr Kurse jeden Dienstag um 9.15 Uhr:<br \/>\nVera Seipelt<br \/>\nTel. 0160-7228617<br \/>\nE-Mail: <a href=\"mailto:vera.seipelt@web.de\">vera.seipelt@web.de<\/a>[\/vc_column_text][\/vc_column][\/vc_row][vc_row][vc_column][vc_masonry_media_grid element_width=&#8220;3&#8243; grid_id=&#8220;vc_gid:1694501489020-fdc6697d-c073-9&#8243; include=&#8220;3130,3131,3132,3133&#8243;][\/vc_column][\/vc_row][vc_row][vc_column][vc_separator color=&#8220;custom&#8220; accent_color=&#8220;#95c11f&#8220;][vc_btn title=&#8220;zur\u00fcck zur \u00dcbersicht&#8220; shape=&#8220;square&#8220; color=&#8220;green&#8220; size=&#8220;sm&#8220; align=&#8220;right&#8220; link=&#8220;url:http%3A%2F%2Furlaub-in-waldkirchen.de%2Fbadepark%2F|&#8220;][\/vc_column][\/vc_row]<\/p>\n<\/div>","protected":false},"excerpt":{"rendered":"<p>[vc_row][vc_column][vc_empty_space height=&#8220;20px&#8220;][vc_column_text] Der Karoli-Badepark &#8211;\u00a0Babyschwimmen [\/vc_column_text][\/vc_column][\/vc_row][vc_row][vc_column][vc_column_text]Schwimmen macht Ihrem Baby nicht nur Spa\u00df, die spielerische Bewegung im Wasser f\u00f6rdert auch die k\u00f6rperliche und geistige Entwicklung Ihres Kindes.<span class=\"excerpt-hellip\"> [\u2026]<\/span><\/p>\n","protected":false},"author":2,"featured_media":0,"parent":3663,"menu_order":0,"comment_status":"closed","ping_status":"closed","template":"","meta":{"footnotes":""},"class_list":["post-3714","page","type-page","status-publish","hentry"],"yoast_head":"<!-- This site is optimized with the Yoast SEO plugin v27.3 - https:\/\/yoast.com\/product\/yoast-seo-wordpress\/ -->\n<title>Plav\u00e1n\u00ed kojenc\u016f - urlaub-in-waldkirchen.de<\/title>\n<meta name=\"description\" content=\"Plav\u00e1n\u00ed mal\u00e9 d\u011bti nejen bav\u00ed, pohybov\u00e9 hry ve vod\u011b nav\u00edc podporuj\u00ed jejich t\u011blesn\u00fd i du\u0161evn\u00ed v\u00fdvoj. Ve vod\u011b o teplot\u011b 34 stup\u0148\u016f se m\u016f\u017ee Va\u0161e d\u00edt\u011b po\u0159\u00e1dn\u011b vydov\u00e1d\u011bt, ani\u017e by se poranilo. Nav\u00edc ka\u017ed\u00fd pohyb t\u011bla procvi\u010duje i mozek va\u0161eho d\u00edt\u011bte.\" \/>\n<meta name=\"robots\" content=\"index, follow, max-snippet:-1, max-image-preview:large, max-video-preview:-1\" \/>\n<link rel=\"canonical\" href=\"https:\/\/urlaub-in-waldkirchen.de\/cs\/aquapark\/plavani-kojencu\/\" \/>\n<meta property=\"og:locale\" content=\"cs_CZ\" \/>\n<meta property=\"og:type\" content=\"article\" \/>\n<meta property=\"og:title\" content=\"Plav\u00e1n\u00ed kojenc\u016f - urlaub-in-waldkirchen.de\" \/>\n<meta property=\"og:description\" content=\"Plav\u00e1n\u00ed mal\u00e9 d\u011bti nejen bav\u00ed, pohybov\u00e9 hry ve vod\u011b nav\u00edc podporuj\u00ed jejich t\u011blesn\u00fd i du\u0161evn\u00ed v\u00fdvoj. Ve vod\u011b o teplot\u011b 34 stup\u0148\u016f se m\u016f\u017ee Va\u0161e d\u00edt\u011b po\u0159\u00e1dn\u011b vydov\u00e1d\u011bt, ani\u017e by se poranilo. Nav\u00edc ka\u017ed\u00fd pohyb t\u011bla procvi\u010duje i mozek va\u0161eho d\u00edt\u011bte.\" \/>\n<meta property=\"og:url\" content=\"https:\/\/urlaub-in-waldkirchen.de\/cs\/aquapark\/plavani-kojencu\/\" \/>\n<meta property=\"og:site_name\" content=\"urlaub-in-waldkirchen.de\" \/>\n<meta property=\"article:modified_time\" content=\"2023-09-12T06:51:52+00:00\" \/>\n<meta name=\"twitter:card\" content=\"summary_large_image\" \/>\n<meta name=\"twitter:label1\" content=\"Odhadovan\u00e1 doba \u010dten\u00ed\" \/>\n\t<meta name=\"twitter:data1\" content=\"1 minuta\" \/>\n<script type=\"application\/ld+json\" class=\"yoast-schema-graph\">{\"@context\":\"https:\\\/\\\/schema.org\",\"@graph\":[{\"@type\":\"WebPage\",\"@id\":\"https:\\\/\\\/urlaub-in-waldkirchen.de\\\/cs\\\/aquapark\\\/plavani-kojencu\\\/\",\"url\":\"https:\\\/\\\/urlaub-in-waldkirchen.de\\\/cs\\\/aquapark\\\/plavani-kojencu\\\/\",\"name\":\"Plav\u00e1n\u00ed kojenc\u016f - urlaub-in-waldkirchen.de\",\"isPartOf\":{\"@id\":\"https:\\\/\\\/urlaub-in-waldkirchen.de\\\/#website\"},\"datePublished\":\"2016-04-26T13:40:30+00:00\",\"dateModified\":\"2023-09-12T06:51:52+00:00\",\"description\":\"Plav\u00e1n\u00ed mal\u00e9 d\u011bti nejen bav\u00ed, pohybov\u00e9 hry ve vod\u011b nav\u00edc podporuj\u00ed jejich t\u011blesn\u00fd i du\u0161evn\u00ed v\u00fdvoj. Ve vod\u011b o teplot\u011b 34 stup\u0148\u016f se m\u016f\u017ee Va\u0161e d\u00edt\u011b po\u0159\u00e1dn\u011b vydov\u00e1d\u011bt, ani\u017e by se poranilo. Nav\u00edc ka\u017ed\u00fd pohyb t\u011bla procvi\u010duje i mozek va\u0161eho d\u00edt\u011bte.\",\"breadcrumb\":{\"@id\":\"https:\\\/\\\/urlaub-in-waldkirchen.de\\\/cs\\\/aquapark\\\/plavani-kojencu\\\/#breadcrumb\"},\"inLanguage\":\"cs\",\"potentialAction\":[{\"@type\":\"ReadAction\",\"target\":[\"https:\\\/\\\/urlaub-in-waldkirchen.de\\\/cs\\\/aquapark\\\/plavani-kojencu\\\/\"]}]},{\"@type\":\"BreadcrumbList\",\"@id\":\"https:\\\/\\\/urlaub-in-waldkirchen.de\\\/cs\\\/aquapark\\\/plavani-kojencu\\\/#breadcrumb\",\"itemListElement\":[{\"@type\":\"ListItem\",\"position\":1,\"name\":\"Startseite\",\"item\":\"https:\\\/\\\/urlaub-in-waldkirchen.de\\\/cs\\\/\"},{\"@type\":\"ListItem\",\"position\":2,\"name\":\"Aquapark\",\"item\":\"https:\\\/\\\/urlaub-in-waldkirchen.de\\\/cs\\\/aquapark\\\/\"},{\"@type\":\"ListItem\",\"position\":3,\"name\":\"Plav\u00e1n\u00ed kojenc\u016f\"}]},{\"@type\":\"WebSite\",\"@id\":\"https:\\\/\\\/urlaub-in-waldkirchen.de\\\/#website\",\"url\":\"https:\\\/\\\/urlaub-in-waldkirchen.de\\\/\",\"name\":\"urlaub-in-waldkirchen.de\",\"description\":\"\",\"potentialAction\":[{\"@type\":\"SearchAction\",\"target\":{\"@type\":\"EntryPoint\",\"urlTemplate\":\"https:\\\/\\\/urlaub-in-waldkirchen.de\\\/?s={search_term_string}\"},\"query-input\":{\"@type\":\"PropertyValueSpecification\",\"valueRequired\":true,\"valueName\":\"search_term_string\"}}],\"inLanguage\":\"cs\"}]}<\/script>\n<!-- \/ Yoast SEO plugin. -->","yoast_head_json":{"title":"Plav\u00e1n\u00ed kojenc\u016f - urlaub-in-waldkirchen.de","description":"Plav\u00e1n\u00ed mal\u00e9 d\u011bti nejen bav\u00ed, pohybov\u00e9 hry ve vod\u011b nav\u00edc podporuj\u00ed jejich t\u011blesn\u00fd i du\u0161evn\u00ed v\u00fdvoj. Ve vod\u011b o teplot\u011b 34 stup\u0148\u016f se m\u016f\u017ee Va\u0161e d\u00edt\u011b po\u0159\u00e1dn\u011b vydov\u00e1d\u011bt, ani\u017e by se poranilo. Nav\u00edc ka\u017ed\u00fd pohyb t\u011bla procvi\u010duje i mozek va\u0161eho d\u00edt\u011bte.","robots":{"index":"index","follow":"follow","max-snippet":"max-snippet:-1","max-image-preview":"max-image-preview:large","max-video-preview":"max-video-preview:-1"},"canonical":"https:\/\/urlaub-in-waldkirchen.de\/cs\/aquapark\/plavani-kojencu\/","og_locale":"cs_CZ","og_type":"article","og_title":"Plav\u00e1n\u00ed kojenc\u016f - urlaub-in-waldkirchen.de","og_description":"Plav\u00e1n\u00ed mal\u00e9 d\u011bti nejen bav\u00ed, pohybov\u00e9 hry ve vod\u011b nav\u00edc podporuj\u00ed jejich t\u011blesn\u00fd i du\u0161evn\u00ed v\u00fdvoj. Ve vod\u011b o teplot\u011b 34 stup\u0148\u016f se m\u016f\u017ee Va\u0161e d\u00edt\u011b po\u0159\u00e1dn\u011b vydov\u00e1d\u011bt, ani\u017e by se poranilo. Nav\u00edc ka\u017ed\u00fd pohyb t\u011bla procvi\u010duje i mozek va\u0161eho d\u00edt\u011bte.","og_url":"https:\/\/urlaub-in-waldkirchen.de\/cs\/aquapark\/plavani-kojencu\/","og_site_name":"urlaub-in-waldkirchen.de","article_modified_time":"2023-09-12T06:51:52+00:00","twitter_card":"summary_large_image","twitter_misc":{"Odhadovan\u00e1 doba \u010dten\u00ed":"1 minuta"},"schema":{"@context":"https:\/\/schema.org","@graph":[{"@type":"WebPage","@id":"https:\/\/urlaub-in-waldkirchen.de\/cs\/aquapark\/plavani-kojencu\/","url":"https:\/\/urlaub-in-waldkirchen.de\/cs\/aquapark\/plavani-kojencu\/","name":"Plav\u00e1n\u00ed kojenc\u016f - urlaub-in-waldkirchen.de","isPartOf":{"@id":"https:\/\/urlaub-in-waldkirchen.de\/#website"},"datePublished":"2016-04-26T13:40:30+00:00","dateModified":"2023-09-12T06:51:52+00:00","description":"Plav\u00e1n\u00ed mal\u00e9 d\u011bti nejen bav\u00ed, pohybov\u00e9 hry ve vod\u011b nav\u00edc podporuj\u00ed jejich t\u011blesn\u00fd i du\u0161evn\u00ed v\u00fdvoj. Ve vod\u011b o teplot\u011b 34 stup\u0148\u016f se m\u016f\u017ee Va\u0161e d\u00edt\u011b po\u0159\u00e1dn\u011b vydov\u00e1d\u011bt, ani\u017e by se poranilo. Nav\u00edc ka\u017ed\u00fd pohyb t\u011bla procvi\u010duje i mozek va\u0161eho d\u00edt\u011bte.","breadcrumb":{"@id":"https:\/\/urlaub-in-waldkirchen.de\/cs\/aquapark\/plavani-kojencu\/#breadcrumb"},"inLanguage":"cs","potentialAction":[{"@type":"ReadAction","target":["https:\/\/urlaub-in-waldkirchen.de\/cs\/aquapark\/plavani-kojencu\/"]}]},{"@type":"BreadcrumbList","@id":"https:\/\/urlaub-in-waldkirchen.de\/cs\/aquapark\/plavani-kojencu\/#breadcrumb","itemListElement":[{"@type":"ListItem","position":1,"name":"Startseite","item":"https:\/\/urlaub-in-waldkirchen.de\/cs\/"},{"@type":"ListItem","position":2,"name":"Aquapark","item":"https:\/\/urlaub-in-waldkirchen.de\/cs\/aquapark\/"},{"@type":"ListItem","position":3,"name":"Plav\u00e1n\u00ed kojenc\u016f"}]},{"@type":"WebSite","@id":"https:\/\/urlaub-in-waldkirchen.de\/#website","url":"https:\/\/urlaub-in-waldkirchen.de\/","name":"urlaub-in-waldkirchen.de","description":"","potentialAction":[{"@type":"SearchAction","target":{"@type":"EntryPoint","urlTemplate":"https:\/\/urlaub-in-waldkirchen.de\/?s={search_term_string}"},"query-input":{"@type":"PropertyValueSpecification","valueRequired":true,"valueName":"search_term_string"}}],"inLanguage":"cs"}]}},"_links":{"self":[{"href":"https:\/\/urlaub-in-waldkirchen.de\/cs\/wp-json\/wp\/v2\/pages\/3714","targetHints":{"allow":["GET"]}}],"collection":[{"href":"https:\/\/urlaub-in-waldkirchen.de\/cs\/wp-json\/wp\/v2\/pages"}],"about":[{"href":"https:\/\/urlaub-in-waldkirchen.de\/cs\/wp-json\/wp\/v2\/types\/page"}],"author":[{"embeddable":true,"href":"https:\/\/urlaub-in-waldkirchen.de\/cs\/wp-json\/wp\/v2\/users\/2"}],"replies":[{"embeddable":true,"href":"https:\/\/urlaub-in-waldkirchen.de\/cs\/wp-json\/wp\/v2\/comments?post=3714"}],"version-history":[{"count":10,"href":"https:\/\/urlaub-in-waldkirchen.de\/cs\/wp-json\/wp\/v2\/pages\/3714\/revisions"}],"predecessor-version":[{"id":6807,"href":"https:\/\/urlaub-in-waldkirchen.de\/cs\/wp-json\/wp\/v2\/pages\/3714\/revisions\/6807"}],"up":[{"embeddable":true,"href":"https:\/\/urlaub-in-waldkirchen.de\/cs\/wp-json\/wp\/v2\/pages\/3663"}],"wp:attachment":[{"href":"https:\/\/urlaub-in-waldkirchen.de\/cs\/wp-json\/wp\/v2\/media?parent=3714"}],"curies":[{"name":"wp","href":"https:\/\/api.w.org\/{rel}","templated":true}]}}