{"id":3720,"date":"2016-04-26T15:39:43","date_gmt":"2016-04-26T13:39:43","guid":{"rendered":"https:\/\/urlaub-in-waldkirchen.de\/cs\/aquapark\/schwimmkurse\/"},"modified":"2023-09-12T08:53:02","modified_gmt":"2023-09-12T06:53:02","slug":"plavecke-kurzy","status":"publish","type":"page","link":"https:\/\/urlaub-in-waldkirchen.de\/cs\/aquapark\/plavecke-kurzy\/","title":{"rendered":"Plaveck\u00e9 kurzy"},"content":{"rendered":"<div class=\"wpb-content-wrapper\"><p>[vc_row][vc_column][vc_empty_space height=&#8220;20px&#8220;][vc_column_text]<\/p>\n<h1>Der Karoli-Badepark &#8211;\u00a0Schwimmkurse<\/h1>\n<p>[\/vc_column_text][\/vc_column][\/vc_row][vc_row][vc_column][vc_column_text]Im Karoli-Badepark werden folgende Schwimmkurse angeboten:<\/p>\n<h3><\/h3>\n<p>[\/vc_column_text][\/vc_column][\/vc_row][vc_row][vc_column width=&#8220;1\/3&#8243;][vc_column_text]<\/p>\n<h4><span style=\"color: #95c11f;\">Kinder-Schwimmkurs<\/span><\/h4>\n<p>Dieser Kurs ist geeignet f\u00fcr Kinder ab 4 Jahren.<br \/>\nZiel f\u00fcr den Anf\u00e4ngerkurs: Die Kinder sollen die Grundbegriffe des Brustschwimmens erlernen.<\/p>\n<p><strong>Kursinhalt:<\/strong> Wassergew\u00f6hnung, Beintechnik, Armtechnik, Schwimmen mit Hilfe, selbstst\u00e4ndiges Schwimmen<\/p>\n<p><strong>Termine:<\/strong> auf Anfrage[\/vc_column_text][\/vc_column][vc_column width=&#8220;1\/3&#8243;][vc_column_text]<\/p>\n<h4><span style=\"color: #95c11f;\">Erwachsenen-Schwimmkurs<\/span><\/h4>\n<p>Der Anf\u00e4ngerschwimmkurs ist sowohl f\u00fcr Nichtschwimmer als auch f\u00fcr unsichere Schwimmer gedacht. Da sich gerade das Schwimmen auf den gesamten K\u00f6rper sehr positiv auswirkt,sollte man dieser Sportart regelm\u00e4\u00dfig nachgehen.<\/p>\n<p><strong>Kursinhalt:<\/strong> Abbau von Wasserangst, effizientes Brustschwimmen<\/p>\n<p><strong>Termine:<\/strong> auf Anfrage[\/vc_column_text][\/vc_column][vc_column width=&#8220;1\/3&#8243;][vc_column_text]<\/p>\n<h4><span style=\"color: #95c11f;\">Kids-Club (bis 12. Lebensjahr)<\/span><\/h4>\n<p>Im Kids-Club festigen die Kinder ihren Schwimmstil und lernen weitere Schwimmarten dazu. Auch das Tauchen wird gefestigt.<\/p>\n<p><strong>Termine:<\/strong> auf Anfrage[\/vc_column_text][\/vc_column][\/vc_row][vc_row][vc_column][vc_column_text]<\/p>\n<h4><span style=\"color: #95c11f;\">Kraul-Schwimmkurs<\/span><\/h4>\n<p>Spricht man mit Freunden oder Bekannten \u00fcber Triathlon, dann bekommt man oft zu h\u00f6ren: Radfahren und Laufen, na gut, aber Schwimmen? Das w\u00fcrde bei mir nichts werden!<br \/>\nVersuchen Sie es doch einmal mit einem Kraulschwimmkurs! Kraulschwimmen ist ges\u00fcnder als Brustschwimmen, entlastet es doch Knie und R\u00fccken. Die gleichm\u00e4\u00dfige Bewegung wird nicht durch Gleitphasen unterbrochen, sondern l\u00e4uft kontinuierlich ab. Dar\u00fcber hinaus gleitet man beim Kraulen auch am schnellsten durch das Wasser. Investieren Sie einige \u00dcbungsstunden, es lohnt sich!<\/p>\n<p><strong>Termine:<\/strong> auf Anfrage[\/vc_column_text][\/vc_column][\/vc_row][vc_row][vc_column][vc_column_text]<\/p>\n<h4><span style=\"color: #95c11f;\">Veranstalter der Kurse: Ernstl`s Schwimmschule<\/span><\/h4>\n<p>Alle <b>Termine und Infos<\/b> zu den Kursen gibt es bei:<\/p>\n<p>Ernstl`s Schwimmschule<br \/>\nErnst Schopf<br \/>\nB\u00fcrgermeister Oeler Str. 8<br \/>\n94124 B\u00fcchlberg<br \/>\nTel.: 08505\/872850<br \/>\ne-Mail:\u00a0<a class=\"mail\" title=\"Opens window for sending email\" href=\"mailto:schopf-ernst@onlinehome.de\">schopf-ernst@onlinehome.de<\/a><br \/>\nWeb:\u00a0<a class=\"external-link-new-window\" title=\"Opens external link in new window\" href=\"http:\/\/ernstls-schwimmschule.de\" target=\"_blank\" rel=\"noopener\">ernstls-schwimmschule.de<\/a>[\/vc_column_text][\/vc_column][\/vc_row][vc_row][vc_column][vc_masonry_media_grid element_width=&#8220;3&#8243; grid_id=&#8220;vc_gid:1694501560821-6be69bc6-ce5c-9&#8243; include=&#8220;3144,3145,3146,3143&#8243;][\/vc_column][\/vc_row][vc_row][vc_column][vc_separator color=&#8220;custom&#8220; accent_color=&#8220;#95c11f&#8220;][vc_btn title=&#8220;zur\u00fcck zur \u00dcbersicht&#8220; shape=&#8220;square&#8220; color=&#8220;green&#8220; size=&#8220;sm&#8220; align=&#8220;right&#8220; link=&#8220;url:http%3A%2F%2Furlaub-in-waldkirchen.de%2Fbadepark%2F|&#8220;][\/vc_column][\/vc_row]<\/p>\n<\/div>","protected":false},"excerpt":{"rendered":"<p>[vc_row][vc_column][vc_empty_space height=&#8220;20px&#8220;][vc_column_text] Der Karoli-Badepark &#8211;\u00a0Schwimmkurse [\/vc_column_text][\/vc_column][\/vc_row][vc_row][vc_column][vc_column_text]Im Karoli-Badepark werden folgende Schwimmkurse angeboten: [\/vc_column_text][\/vc_column][\/vc_row][vc_row][vc_column width=&#8220;1\/3&#8243;][vc_column_text] Kinder-Schwimmkurs Dieser Kurs ist geeignet f\u00fcr Kinder ab 4 Jahren. Ziel f\u00fcr den<span class=\"excerpt-hellip\"> [\u2026]<\/span><\/p>\n","protected":false},"author":2,"featured_media":0,"parent":3663,"menu_order":0,"comment_status":"closed","ping_status":"closed","template":"","meta":{"footnotes":""},"class_list":["post-3720","page","type-page","status-publish","hentry"],"yoast_head":"<!-- This site is optimized with the Yoast SEO plugin v27.3 - https:\/\/yoast.com\/product\/yoast-seo-wordpress\/ -->\n<title>Plaveck\u00e9 kurzy - urlaub-in-waldkirchen.de<\/title>\n<meta name=\"description\" content=\"V Aquaparku Karoli nab\u00edz\u00edme tyto plaveck\u00e9 kurzy:\" \/>\n<meta name=\"robots\" content=\"index, follow, max-snippet:-1, max-image-preview:large, max-video-preview:-1\" \/>\n<link rel=\"canonical\" href=\"https:\/\/urlaub-in-waldkirchen.de\/cs\/aquapark\/plavecke-kurzy\/\" \/>\n<meta property=\"og:locale\" content=\"cs_CZ\" \/>\n<meta property=\"og:type\" content=\"article\" \/>\n<meta property=\"og:title\" content=\"Plaveck\u00e9 kurzy - urlaub-in-waldkirchen.de\" \/>\n<meta property=\"og:description\" content=\"V Aquaparku Karoli nab\u00edz\u00edme tyto plaveck\u00e9 kurzy:\" \/>\n<meta property=\"og:url\" content=\"https:\/\/urlaub-in-waldkirchen.de\/cs\/aquapark\/plavecke-kurzy\/\" \/>\n<meta property=\"og:site_name\" content=\"urlaub-in-waldkirchen.de\" \/>\n<meta property=\"article:modified_time\" content=\"2023-09-12T06:53:02+00:00\" \/>\n<meta name=\"twitter:card\" content=\"summary_large_image\" \/>\n<meta name=\"twitter:label1\" content=\"Odhadovan\u00e1 doba \u010dten\u00ed\" \/>\n\t<meta name=\"twitter:data1\" content=\"2 minuty\" \/>\n<script type=\"application\/ld+json\" class=\"yoast-schema-graph\">{\"@context\":\"https:\\\/\\\/schema.org\",\"@graph\":[{\"@type\":\"WebPage\",\"@id\":\"https:\\\/\\\/urlaub-in-waldkirchen.de\\\/cs\\\/aquapark\\\/plavecke-kurzy\\\/\",\"url\":\"https:\\\/\\\/urlaub-in-waldkirchen.de\\\/cs\\\/aquapark\\\/plavecke-kurzy\\\/\",\"name\":\"Plaveck\u00e9 kurzy - urlaub-in-waldkirchen.de\",\"isPartOf\":{\"@id\":\"https:\\\/\\\/urlaub-in-waldkirchen.de\\\/#website\"},\"datePublished\":\"2016-04-26T13:39:43+00:00\",\"dateModified\":\"2023-09-12T06:53:02+00:00\",\"description\":\"V Aquaparku Karoli nab\u00edz\u00edme tyto plaveck\u00e9 kurzy:\",\"breadcrumb\":{\"@id\":\"https:\\\/\\\/urlaub-in-waldkirchen.de\\\/cs\\\/aquapark\\\/plavecke-kurzy\\\/#breadcrumb\"},\"inLanguage\":\"cs\",\"potentialAction\":[{\"@type\":\"ReadAction\",\"target\":[\"https:\\\/\\\/urlaub-in-waldkirchen.de\\\/cs\\\/aquapark\\\/plavecke-kurzy\\\/\"]}]},{\"@type\":\"BreadcrumbList\",\"@id\":\"https:\\\/\\\/urlaub-in-waldkirchen.de\\\/cs\\\/aquapark\\\/plavecke-kurzy\\\/#breadcrumb\",\"itemListElement\":[{\"@type\":\"ListItem\",\"position\":1,\"name\":\"Startseite\",\"item\":\"https:\\\/\\\/urlaub-in-waldkirchen.de\\\/cs\\\/\"},{\"@type\":\"ListItem\",\"position\":2,\"name\":\"Aquapark\",\"item\":\"https:\\\/\\\/urlaub-in-waldkirchen.de\\\/cs\\\/aquapark\\\/\"},{\"@type\":\"ListItem\",\"position\":3,\"name\":\"Plaveck\u00e9 kurzy\"}]},{\"@type\":\"WebSite\",\"@id\":\"https:\\\/\\\/urlaub-in-waldkirchen.de\\\/#website\",\"url\":\"https:\\\/\\\/urlaub-in-waldkirchen.de\\\/\",\"name\":\"urlaub-in-waldkirchen.de\",\"description\":\"\",\"potentialAction\":[{\"@type\":\"SearchAction\",\"target\":{\"@type\":\"EntryPoint\",\"urlTemplate\":\"https:\\\/\\\/urlaub-in-waldkirchen.de\\\/?s={search_term_string}\"},\"query-input\":{\"@type\":\"PropertyValueSpecification\",\"valueRequired\":true,\"valueName\":\"search_term_string\"}}],\"inLanguage\":\"cs\"}]}<\/script>\n<!-- \/ Yoast SEO plugin. -->","yoast_head_json":{"title":"Plaveck\u00e9 kurzy - urlaub-in-waldkirchen.de","description":"V Aquaparku Karoli nab\u00edz\u00edme tyto plaveck\u00e9 kurzy:","robots":{"index":"index","follow":"follow","max-snippet":"max-snippet:-1","max-image-preview":"max-image-preview:large","max-video-preview":"max-video-preview:-1"},"canonical":"https:\/\/urlaub-in-waldkirchen.de\/cs\/aquapark\/plavecke-kurzy\/","og_locale":"cs_CZ","og_type":"article","og_title":"Plaveck\u00e9 kurzy - urlaub-in-waldkirchen.de","og_description":"V Aquaparku Karoli nab\u00edz\u00edme tyto plaveck\u00e9 kurzy:","og_url":"https:\/\/urlaub-in-waldkirchen.de\/cs\/aquapark\/plavecke-kurzy\/","og_site_name":"urlaub-in-waldkirchen.de","article_modified_time":"2023-09-12T06:53:02+00:00","twitter_card":"summary_large_image","twitter_misc":{"Odhadovan\u00e1 doba \u010dten\u00ed":"2 minuty"},"schema":{"@context":"https:\/\/schema.org","@graph":[{"@type":"WebPage","@id":"https:\/\/urlaub-in-waldkirchen.de\/cs\/aquapark\/plavecke-kurzy\/","url":"https:\/\/urlaub-in-waldkirchen.de\/cs\/aquapark\/plavecke-kurzy\/","name":"Plaveck\u00e9 kurzy - urlaub-in-waldkirchen.de","isPartOf":{"@id":"https:\/\/urlaub-in-waldkirchen.de\/#website"},"datePublished":"2016-04-26T13:39:43+00:00","dateModified":"2023-09-12T06:53:02+00:00","description":"V Aquaparku Karoli nab\u00edz\u00edme tyto plaveck\u00e9 kurzy:","breadcrumb":{"@id":"https:\/\/urlaub-in-waldkirchen.de\/cs\/aquapark\/plavecke-kurzy\/#breadcrumb"},"inLanguage":"cs","potentialAction":[{"@type":"ReadAction","target":["https:\/\/urlaub-in-waldkirchen.de\/cs\/aquapark\/plavecke-kurzy\/"]}]},{"@type":"BreadcrumbList","@id":"https:\/\/urlaub-in-waldkirchen.de\/cs\/aquapark\/plavecke-kurzy\/#breadcrumb","itemListElement":[{"@type":"ListItem","position":1,"name":"Startseite","item":"https:\/\/urlaub-in-waldkirchen.de\/cs\/"},{"@type":"ListItem","position":2,"name":"Aquapark","item":"https:\/\/urlaub-in-waldkirchen.de\/cs\/aquapark\/"},{"@type":"ListItem","position":3,"name":"Plaveck\u00e9 kurzy"}]},{"@type":"WebSite","@id":"https:\/\/urlaub-in-waldkirchen.de\/#website","url":"https:\/\/urlaub-in-waldkirchen.de\/","name":"urlaub-in-waldkirchen.de","description":"","potentialAction":[{"@type":"SearchAction","target":{"@type":"EntryPoint","urlTemplate":"https:\/\/urlaub-in-waldkirchen.de\/?s={search_term_string}"},"query-input":{"@type":"PropertyValueSpecification","valueRequired":true,"valueName":"search_term_string"}}],"inLanguage":"cs"}]}},"_links":{"self":[{"href":"https:\/\/urlaub-in-waldkirchen.de\/cs\/wp-json\/wp\/v2\/pages\/3720","targetHints":{"allow":["GET"]}}],"collection":[{"href":"https:\/\/urlaub-in-waldkirchen.de\/cs\/wp-json\/wp\/v2\/pages"}],"about":[{"href":"https:\/\/urlaub-in-waldkirchen.de\/cs\/wp-json\/wp\/v2\/types\/page"}],"author":[{"embeddable":true,"href":"https:\/\/urlaub-in-waldkirchen.de\/cs\/wp-json\/wp\/v2\/users\/2"}],"replies":[{"embeddable":true,"href":"https:\/\/urlaub-in-waldkirchen.de\/cs\/wp-json\/wp\/v2\/comments?post=3720"}],"version-history":[{"count":10,"href":"https:\/\/urlaub-in-waldkirchen.de\/cs\/wp-json\/wp\/v2\/pages\/3720\/revisions"}],"predecessor-version":[{"id":6810,"href":"https:\/\/urlaub-in-waldkirchen.de\/cs\/wp-json\/wp\/v2\/pages\/3720\/revisions\/6810"}],"up":[{"embeddable":true,"href":"https:\/\/urlaub-in-waldkirchen.de\/cs\/wp-json\/wp\/v2\/pages\/3663"}],"wp:attachment":[{"href":"https:\/\/urlaub-in-waldkirchen.de\/cs\/wp-json\/wp\/v2\/media?parent=3720"}],"curies":[{"name":"wp","href":"https:\/\/api.w.org\/{rel}","templated":true}]}}