{"id":3739,"date":"2016-04-26T15:45:50","date_gmt":"2016-04-26T13:45:50","guid":{"rendered":"https:\/\/urlaub-in-waldkirchen.de\/cs\/aquapark\/gastronomie\/"},"modified":"2024-10-07T17:00:25","modified_gmt":"2024-10-07T15:00:25","slug":"gastronomie","status":"publish","type":"page","link":"https:\/\/urlaub-in-waldkirchen.de\/cs\/aquapark\/gastronomie\/","title":{"rendered":"Gastronomie"},"content":{"rendered":"<div class=\"wpb-content-wrapper\"><p>[vc_row][vc_column][vc_empty_space height=&#8220;20px&#8220;][vc_column_text]<\/p>\n<h1>Der Karoli-Badepark &#8211;\u00a0Gastronomie<\/h1>\n<p>[\/vc_column_text][\/vc_column][\/vc_row][vc_row][vc_column width=&#8220;1\/2&#8243;][vc_column_text css=&#8220;&#8220;]<\/p>\n<h4><span style=\"color: #ff0000;\">Das Restaurant Happiness ist ab sofort ge\u00f6ffnet!<br \/>\n<\/span><\/h4>\n<p>&nbsp;<\/p>\n<p>Weitere Informationen finden sie demn\u00e4chst hier und auf der Facebookseite &#8222;Restaurant Happiness&#8220;.[\/vc_column_text][\/vc_column][vc_column width=&#8220;1\/2&#8243;][\/vc_column][\/vc_row][vc_row][vc_column][vc_masonry_media_grid element_width=&#8220;3&#8243; grid_id=&#8220;vc_gid:1728312842607-c3961b5c-c45a-10&#8243;][\/vc_column][\/vc_row][vc_row][vc_column][vc_separator color=&#8220;custom&#8220; accent_color=&#8220;#95c11f&#8220;][vc_btn title=&#8220;zur\u00fcck zur \u00dcbersicht&#8220; shape=&#8220;square&#8220; color=&#8220;green&#8220; size=&#8220;sm&#8220; align=&#8220;right&#8220; link=&#8220;url:http%3A%2F%2Furlaub-in-waldkirchen.de%2Fbadepark%2F|&#8220;][\/vc_column][\/vc_row]<\/p>\n<\/div>","protected":false},"excerpt":{"rendered":"<p>[vc_row][vc_column][vc_empty_space height=&#8220;20px&#8220;][vc_column_text] Der Karoli-Badepark &#8211;\u00a0Gastronomie [\/vc_column_text][\/vc_column][\/vc_row][vc_row][vc_column width=&#8220;1\/2&#8243;][vc_column_text css=&#8220;&#8220;] Das Restaurant Happiness ist ab sofort ge\u00f6ffnet! &nbsp; Weitere Informationen finden sie demn\u00e4chst hier und auf der Facebookseite<span class=\"excerpt-hellip\"> [\u2026]<\/span><\/p>\n","protected":false},"author":2,"featured_media":0,"parent":3663,"menu_order":0,"comment_status":"closed","ping_status":"closed","template":"","meta":{"footnotes":""},"class_list":["post-3739","page","type-page","status-publish","hentry"],"yoast_head":"<!-- This site is optimized with the Yoast SEO plugin v27.3 - https:\/\/yoast.com\/product\/yoast-seo-wordpress\/ -->\n<title>Gastronomie - urlaub-in-waldkirchen.de<\/title>\n<meta name=\"description\" content=\"GuDobr\u00e1 klasick\u00e1 bavorsk\u00e1 kuchyn\u011b v\u00e1s o\u010dek\u00e1v\u00e1 v restauraci aquaparku Badeparkrestaurant, kde m\u016f\u017eete pochopiteln\u011b uti\u0161it tak\u00e9 mal\u00fd hlad p\u0159i drobn\u00e9m ob\u010derstven\u00ed.\" \/>\n<meta name=\"robots\" content=\"index, follow, max-snippet:-1, max-image-preview:large, max-video-preview:-1\" \/>\n<link rel=\"canonical\" href=\"https:\/\/urlaub-in-waldkirchen.de\/cs\/aquapark\/gastronomie\/\" \/>\n<meta property=\"og:locale\" content=\"cs_CZ\" \/>\n<meta property=\"og:type\" content=\"article\" \/>\n<meta property=\"og:title\" content=\"Gastronomie - urlaub-in-waldkirchen.de\" \/>\n<meta property=\"og:description\" content=\"GuDobr\u00e1 klasick\u00e1 bavorsk\u00e1 kuchyn\u011b v\u00e1s o\u010dek\u00e1v\u00e1 v restauraci aquaparku Badeparkrestaurant, kde m\u016f\u017eete pochopiteln\u011b uti\u0161it tak\u00e9 mal\u00fd hlad p\u0159i drobn\u00e9m ob\u010derstven\u00ed.\" \/>\n<meta property=\"og:url\" content=\"https:\/\/urlaub-in-waldkirchen.de\/cs\/aquapark\/gastronomie\/\" \/>\n<meta property=\"og:site_name\" content=\"urlaub-in-waldkirchen.de\" \/>\n<meta property=\"article:modified_time\" content=\"2024-10-07T15:00:25+00:00\" \/>\n<meta name=\"twitter:card\" content=\"summary_large_image\" \/>\n<meta name=\"twitter:label1\" content=\"Odhadovan\u00e1 doba \u010dten\u00ed\" \/>\n\t<meta name=\"twitter:data1\" content=\"1 minuta\" \/>\n<script type=\"application\/ld+json\" class=\"yoast-schema-graph\">{\"@context\":\"https:\\\/\\\/schema.org\",\"@graph\":[{\"@type\":\"WebPage\",\"@id\":\"https:\\\/\\\/urlaub-in-waldkirchen.de\\\/cs\\\/aquapark\\\/gastronomie\\\/\",\"url\":\"https:\\\/\\\/urlaub-in-waldkirchen.de\\\/cs\\\/aquapark\\\/gastronomie\\\/\",\"name\":\"Gastronomie - urlaub-in-waldkirchen.de\",\"isPartOf\":{\"@id\":\"https:\\\/\\\/urlaub-in-waldkirchen.de\\\/#website\"},\"datePublished\":\"2016-04-26T13:45:50+00:00\",\"dateModified\":\"2024-10-07T15:00:25+00:00\",\"description\":\"GuDobr\u00e1 klasick\u00e1 bavorsk\u00e1 kuchyn\u011b v\u00e1s o\u010dek\u00e1v\u00e1 v restauraci aquaparku Badeparkrestaurant, kde m\u016f\u017eete pochopiteln\u011b uti\u0161it tak\u00e9 mal\u00fd hlad p\u0159i drobn\u00e9m ob\u010derstven\u00ed.\",\"breadcrumb\":{\"@id\":\"https:\\\/\\\/urlaub-in-waldkirchen.de\\\/cs\\\/aquapark\\\/gastronomie\\\/#breadcrumb\"},\"inLanguage\":\"cs\",\"potentialAction\":[{\"@type\":\"ReadAction\",\"target\":[\"https:\\\/\\\/urlaub-in-waldkirchen.de\\\/cs\\\/aquapark\\\/gastronomie\\\/\"]}]},{\"@type\":\"BreadcrumbList\",\"@id\":\"https:\\\/\\\/urlaub-in-waldkirchen.de\\\/cs\\\/aquapark\\\/gastronomie\\\/#breadcrumb\",\"itemListElement\":[{\"@type\":\"ListItem\",\"position\":1,\"name\":\"Startseite\",\"item\":\"https:\\\/\\\/urlaub-in-waldkirchen.de\\\/cs\\\/\"},{\"@type\":\"ListItem\",\"position\":2,\"name\":\"Aquapark\",\"item\":\"https:\\\/\\\/urlaub-in-waldkirchen.de\\\/cs\\\/aquapark\\\/\"},{\"@type\":\"ListItem\",\"position\":3,\"name\":\"Gastronomie\"}]},{\"@type\":\"WebSite\",\"@id\":\"https:\\\/\\\/urlaub-in-waldkirchen.de\\\/#website\",\"url\":\"https:\\\/\\\/urlaub-in-waldkirchen.de\\\/\",\"name\":\"urlaub-in-waldkirchen.de\",\"description\":\"\",\"potentialAction\":[{\"@type\":\"SearchAction\",\"target\":{\"@type\":\"EntryPoint\",\"urlTemplate\":\"https:\\\/\\\/urlaub-in-waldkirchen.de\\\/?s={search_term_string}\"},\"query-input\":{\"@type\":\"PropertyValueSpecification\",\"valueRequired\":true,\"valueName\":\"search_term_string\"}}],\"inLanguage\":\"cs\"}]}<\/script>\n<!-- \/ Yoast SEO plugin. -->","yoast_head_json":{"title":"Gastronomie - urlaub-in-waldkirchen.de","description":"GuDobr\u00e1 klasick\u00e1 bavorsk\u00e1 kuchyn\u011b v\u00e1s o\u010dek\u00e1v\u00e1 v restauraci aquaparku Badeparkrestaurant, kde m\u016f\u017eete pochopiteln\u011b uti\u0161it tak\u00e9 mal\u00fd hlad p\u0159i drobn\u00e9m ob\u010derstven\u00ed.","robots":{"index":"index","follow":"follow","max-snippet":"max-snippet:-1","max-image-preview":"max-image-preview:large","max-video-preview":"max-video-preview:-1"},"canonical":"https:\/\/urlaub-in-waldkirchen.de\/cs\/aquapark\/gastronomie\/","og_locale":"cs_CZ","og_type":"article","og_title":"Gastronomie - urlaub-in-waldkirchen.de","og_description":"GuDobr\u00e1 klasick\u00e1 bavorsk\u00e1 kuchyn\u011b v\u00e1s o\u010dek\u00e1v\u00e1 v restauraci aquaparku Badeparkrestaurant, kde m\u016f\u017eete pochopiteln\u011b uti\u0161it tak\u00e9 mal\u00fd hlad p\u0159i drobn\u00e9m ob\u010derstven\u00ed.","og_url":"https:\/\/urlaub-in-waldkirchen.de\/cs\/aquapark\/gastronomie\/","og_site_name":"urlaub-in-waldkirchen.de","article_modified_time":"2024-10-07T15:00:25+00:00","twitter_card":"summary_large_image","twitter_misc":{"Odhadovan\u00e1 doba \u010dten\u00ed":"1 minuta"},"schema":{"@context":"https:\/\/schema.org","@graph":[{"@type":"WebPage","@id":"https:\/\/urlaub-in-waldkirchen.de\/cs\/aquapark\/gastronomie\/","url":"https:\/\/urlaub-in-waldkirchen.de\/cs\/aquapark\/gastronomie\/","name":"Gastronomie - urlaub-in-waldkirchen.de","isPartOf":{"@id":"https:\/\/urlaub-in-waldkirchen.de\/#website"},"datePublished":"2016-04-26T13:45:50+00:00","dateModified":"2024-10-07T15:00:25+00:00","description":"GuDobr\u00e1 klasick\u00e1 bavorsk\u00e1 kuchyn\u011b v\u00e1s o\u010dek\u00e1v\u00e1 v restauraci aquaparku Badeparkrestaurant, kde m\u016f\u017eete pochopiteln\u011b uti\u0161it tak\u00e9 mal\u00fd hlad p\u0159i drobn\u00e9m ob\u010derstven\u00ed.","breadcrumb":{"@id":"https:\/\/urlaub-in-waldkirchen.de\/cs\/aquapark\/gastronomie\/#breadcrumb"},"inLanguage":"cs","potentialAction":[{"@type":"ReadAction","target":["https:\/\/urlaub-in-waldkirchen.de\/cs\/aquapark\/gastronomie\/"]}]},{"@type":"BreadcrumbList","@id":"https:\/\/urlaub-in-waldkirchen.de\/cs\/aquapark\/gastronomie\/#breadcrumb","itemListElement":[{"@type":"ListItem","position":1,"name":"Startseite","item":"https:\/\/urlaub-in-waldkirchen.de\/cs\/"},{"@type":"ListItem","position":2,"name":"Aquapark","item":"https:\/\/urlaub-in-waldkirchen.de\/cs\/aquapark\/"},{"@type":"ListItem","position":3,"name":"Gastronomie"}]},{"@type":"WebSite","@id":"https:\/\/urlaub-in-waldkirchen.de\/#website","url":"https:\/\/urlaub-in-waldkirchen.de\/","name":"urlaub-in-waldkirchen.de","description":"","potentialAction":[{"@type":"SearchAction","target":{"@type":"EntryPoint","urlTemplate":"https:\/\/urlaub-in-waldkirchen.de\/?s={search_term_string}"},"query-input":{"@type":"PropertyValueSpecification","valueRequired":true,"valueName":"search_term_string"}}],"inLanguage":"cs"}]}},"_links":{"self":[{"href":"https:\/\/urlaub-in-waldkirchen.de\/cs\/wp-json\/wp\/v2\/pages\/3739","targetHints":{"allow":["GET"]}}],"collection":[{"href":"https:\/\/urlaub-in-waldkirchen.de\/cs\/wp-json\/wp\/v2\/pages"}],"about":[{"href":"https:\/\/urlaub-in-waldkirchen.de\/cs\/wp-json\/wp\/v2\/types\/page"}],"author":[{"embeddable":true,"href":"https:\/\/urlaub-in-waldkirchen.de\/cs\/wp-json\/wp\/v2\/users\/2"}],"replies":[{"embeddable":true,"href":"https:\/\/urlaub-in-waldkirchen.de\/cs\/wp-json\/wp\/v2\/comments?post=3739"}],"version-history":[{"count":9,"href":"https:\/\/urlaub-in-waldkirchen.de\/cs\/wp-json\/wp\/v2\/pages\/3739\/revisions"}],"predecessor-version":[{"id":7704,"href":"https:\/\/urlaub-in-waldkirchen.de\/cs\/wp-json\/wp\/v2\/pages\/3739\/revisions\/7704"}],"up":[{"embeddable":true,"href":"https:\/\/urlaub-in-waldkirchen.de\/cs\/wp-json\/wp\/v2\/pages\/3663"}],"wp:attachment":[{"href":"https:\/\/urlaub-in-waldkirchen.de\/cs\/wp-json\/wp\/v2\/media?parent=3739"}],"curies":[{"name":"wp","href":"https:\/\/api.w.org\/{rel}","templated":true}]}}