{"id":3764,"date":"2016-04-26T15:59:17","date_gmt":"2016-04-26T13:59:17","guid":{"rendered":"https:\/\/urlaub-in-waldkirchen.de\/cs\/aquapark\/wlan\/"},"modified":"2016-08-18T14:21:42","modified_gmt":"2016-08-18T12:21:42","slug":"wlan","status":"publish","type":"page","link":"https:\/\/urlaub-in-waldkirchen.de\/cs\/aquapark\/wlan\/","title":{"rendered":"WLAN"},"content":{"rendered":"<div class=\"wpb-content-wrapper\"><p>[vc_row][vc_column][vc_empty_space height=&#8220;20px&#8220;][vc_column_text]<\/p>\n<h1>Aquapark Karoli \u2013 WLAN \u2013 st\u00e1le v tepu doby<\/h1>\n<p>[\/vc_column_text][\/vc_column][\/vc_row][vc_row][vc_column][vc_column_text]<a href=\"https:\/\/urlaub-in-waldkirchen.de\/cs\/aquapark\/\">Aquapark Karoli<\/a>\u00a0poskytuje v\u0161em n\u00e1v\u0161t\u011bvn\u00edk\u016fm p\u0159\u00edstup na internet (WLAN). P\u0159ipojen\u00ed je bezplatn\u00e9 a nevy\u017eaduje \u017e\u00e1dn\u00e9 heslo. Po t\u0159iceti minut\u00e1ch p\u0159ipojen\u00ed k internetu je nutn\u00e9 obnovit p\u0159\u00edstup!<\/p>\n<p>D\u00edky tomu m\u016f\u017eete i b\u011bhem sv\u00e9ho pobytu na koupali\u0161ti z\u016fstat v\u00a0kontaktu se sv\u00fdmi p\u0159\u00e1teli, surfovat na s\u00edti a v\u011bnovat se sv\u00fdm obvykl\u00fdm \u010dinnostem, pokud si to p\u0159ejete!<\/p>\n<p><a href=\"https:\/\/urlaub-in-waldkirchen.de\/cs\/informace\/bezplatny-pristup-k-internetu\/\">Zde naleznete i dal\u0161\u00ed m\u00edsta, kde je k\u00a0dispozici bezplatn\u00e9 p\u0159ipojen\u00ed WLAN\u00a0m\u011bsta Waldkirchen &gt;&gt;<\/a>[\/vc_column_text][\/vc_column][\/vc_row][vc_row][vc_column][vc_separator color=&#8220;custom&#8220; accent_color=&#8220;#95c11f&#8220;][vc_btn title=&#8220;zp\u011bt na p\u0159ehled&#8220; shape=&#8220;square&#8220; color=&#8220;green&#8220; size=&#8220;sm&#8220; align=&#8220;right&#8220; link=&#8220;url:http%3A%2F%2Furlaub-in-waldkirchen.de%2Fcs%2Faquapark%2F|||&#8220;][\/vc_column][\/vc_row]<\/p>\n<\/div>","protected":false},"excerpt":{"rendered":"<p>[vc_row][vc_column][vc_empty_space height=&#8220;20px&#8220;][vc_column_text] Aquapark Karoli \u2013 WLAN \u2013 st\u00e1le v tepu doby [\/vc_column_text][\/vc_column][\/vc_row][vc_row][vc_column][vc_column_text]Aquapark Karoli\u00a0poskytuje v\u0161em n\u00e1v\u0161t\u011bvn\u00edk\u016fm p\u0159\u00edstup na internet (WLAN). P\u0159ipojen\u00ed je bezplatn\u00e9 a nevy\u017eaduje \u017e\u00e1dn\u00e9 heslo.<span class=\"excerpt-hellip\"> [\u2026]<\/span><\/p>\n","protected":false},"author":2,"featured_media":0,"parent":3663,"menu_order":0,"comment_status":"closed","ping_status":"closed","template":"","meta":{"footnotes":""},"class_list":["post-3764","page","type-page","status-publish","hentry"],"yoast_head":"<!-- This site is optimized with the Yoast SEO plugin v27.3 - https:\/\/yoast.com\/product\/yoast-seo-wordpress\/ -->\n<title>WLAN - urlaub-in-waldkirchen.de<\/title>\n<meta name=\"description\" content=\"Der Karoli Badepark stellt allen Besuchern einen Internetzugang (WLAN) zur Verf\u00fcgung. Der Zugang ist kostenfrei und ben\u00f6tigt kein Passwort. Nach 30 Minuten ist eine Neueinwahl erforderlich!\" \/>\n<meta name=\"robots\" content=\"index, follow, max-snippet:-1, max-image-preview:large, max-video-preview:-1\" \/>\n<link rel=\"canonical\" href=\"https:\/\/urlaub-in-waldkirchen.de\/cs\/aquapark\/wlan\/\" \/>\n<meta property=\"og:locale\" content=\"cs_CZ\" \/>\n<meta property=\"og:type\" content=\"article\" \/>\n<meta property=\"og:title\" content=\"WLAN - urlaub-in-waldkirchen.de\" \/>\n<meta property=\"og:description\" content=\"Der Karoli Badepark stellt allen Besuchern einen Internetzugang (WLAN) zur Verf\u00fcgung. Der Zugang ist kostenfrei und ben\u00f6tigt kein Passwort. Nach 30 Minuten ist eine Neueinwahl erforderlich!\" \/>\n<meta property=\"og:url\" content=\"https:\/\/urlaub-in-waldkirchen.de\/cs\/aquapark\/wlan\/\" \/>\n<meta property=\"og:site_name\" content=\"urlaub-in-waldkirchen.de\" \/>\n<meta property=\"article:modified_time\" content=\"2016-08-18T12:21:42+00:00\" \/>\n<meta name=\"twitter:card\" content=\"summary_large_image\" \/>\n<meta name=\"twitter:label1\" content=\"Odhadovan\u00e1 doba \u010dten\u00ed\" \/>\n\t<meta name=\"twitter:data1\" content=\"1 minuta\" \/>\n<script type=\"application\/ld+json\" class=\"yoast-schema-graph\">{\"@context\":\"https:\\\/\\\/schema.org\",\"@graph\":[{\"@type\":\"WebPage\",\"@id\":\"https:\\\/\\\/urlaub-in-waldkirchen.de\\\/cs\\\/aquapark\\\/wlan\\\/\",\"url\":\"https:\\\/\\\/urlaub-in-waldkirchen.de\\\/cs\\\/aquapark\\\/wlan\\\/\",\"name\":\"WLAN - urlaub-in-waldkirchen.de\",\"isPartOf\":{\"@id\":\"https:\\\/\\\/urlaub-in-waldkirchen.de\\\/#website\"},\"datePublished\":\"2016-04-26T13:59:17+00:00\",\"dateModified\":\"2016-08-18T12:21:42+00:00\",\"description\":\"Der Karoli Badepark stellt allen Besuchern einen Internetzugang (WLAN) zur Verf\u00fcgung. Der Zugang ist kostenfrei und ben\u00f6tigt kein Passwort. Nach 30 Minuten ist eine Neueinwahl erforderlich!\",\"breadcrumb\":{\"@id\":\"https:\\\/\\\/urlaub-in-waldkirchen.de\\\/cs\\\/aquapark\\\/wlan\\\/#breadcrumb\"},\"inLanguage\":\"cs\",\"potentialAction\":[{\"@type\":\"ReadAction\",\"target\":[\"https:\\\/\\\/urlaub-in-waldkirchen.de\\\/cs\\\/aquapark\\\/wlan\\\/\"]}]},{\"@type\":\"BreadcrumbList\",\"@id\":\"https:\\\/\\\/urlaub-in-waldkirchen.de\\\/cs\\\/aquapark\\\/wlan\\\/#breadcrumb\",\"itemListElement\":[{\"@type\":\"ListItem\",\"position\":1,\"name\":\"Startseite\",\"item\":\"https:\\\/\\\/urlaub-in-waldkirchen.de\\\/cs\\\/\"},{\"@type\":\"ListItem\",\"position\":2,\"name\":\"Aquapark\",\"item\":\"https:\\\/\\\/urlaub-in-waldkirchen.de\\\/cs\\\/aquapark\\\/\"},{\"@type\":\"ListItem\",\"position\":3,\"name\":\"WLAN\"}]},{\"@type\":\"WebSite\",\"@id\":\"https:\\\/\\\/urlaub-in-waldkirchen.de\\\/#website\",\"url\":\"https:\\\/\\\/urlaub-in-waldkirchen.de\\\/\",\"name\":\"urlaub-in-waldkirchen.de\",\"description\":\"\",\"potentialAction\":[{\"@type\":\"SearchAction\",\"target\":{\"@type\":\"EntryPoint\",\"urlTemplate\":\"https:\\\/\\\/urlaub-in-waldkirchen.de\\\/?s={search_term_string}\"},\"query-input\":{\"@type\":\"PropertyValueSpecification\",\"valueRequired\":true,\"valueName\":\"search_term_string\"}}],\"inLanguage\":\"cs\"}]}<\/script>\n<!-- \/ Yoast SEO plugin. -->","yoast_head_json":{"title":"WLAN - urlaub-in-waldkirchen.de","description":"Der Karoli Badepark stellt allen Besuchern einen Internetzugang (WLAN) zur Verf\u00fcgung. Der Zugang ist kostenfrei und ben\u00f6tigt kein Passwort. Nach 30 Minuten ist eine Neueinwahl erforderlich!","robots":{"index":"index","follow":"follow","max-snippet":"max-snippet:-1","max-image-preview":"max-image-preview:large","max-video-preview":"max-video-preview:-1"},"canonical":"https:\/\/urlaub-in-waldkirchen.de\/cs\/aquapark\/wlan\/","og_locale":"cs_CZ","og_type":"article","og_title":"WLAN - urlaub-in-waldkirchen.de","og_description":"Der Karoli Badepark stellt allen Besuchern einen Internetzugang (WLAN) zur Verf\u00fcgung. Der Zugang ist kostenfrei und ben\u00f6tigt kein Passwort. Nach 30 Minuten ist eine Neueinwahl erforderlich!","og_url":"https:\/\/urlaub-in-waldkirchen.de\/cs\/aquapark\/wlan\/","og_site_name":"urlaub-in-waldkirchen.de","article_modified_time":"2016-08-18T12:21:42+00:00","twitter_card":"summary_large_image","twitter_misc":{"Odhadovan\u00e1 doba \u010dten\u00ed":"1 minuta"},"schema":{"@context":"https:\/\/schema.org","@graph":[{"@type":"WebPage","@id":"https:\/\/urlaub-in-waldkirchen.de\/cs\/aquapark\/wlan\/","url":"https:\/\/urlaub-in-waldkirchen.de\/cs\/aquapark\/wlan\/","name":"WLAN - urlaub-in-waldkirchen.de","isPartOf":{"@id":"https:\/\/urlaub-in-waldkirchen.de\/#website"},"datePublished":"2016-04-26T13:59:17+00:00","dateModified":"2016-08-18T12:21:42+00:00","description":"Der Karoli Badepark stellt allen Besuchern einen Internetzugang (WLAN) zur Verf\u00fcgung. Der Zugang ist kostenfrei und ben\u00f6tigt kein Passwort. Nach 30 Minuten ist eine Neueinwahl erforderlich!","breadcrumb":{"@id":"https:\/\/urlaub-in-waldkirchen.de\/cs\/aquapark\/wlan\/#breadcrumb"},"inLanguage":"cs","potentialAction":[{"@type":"ReadAction","target":["https:\/\/urlaub-in-waldkirchen.de\/cs\/aquapark\/wlan\/"]}]},{"@type":"BreadcrumbList","@id":"https:\/\/urlaub-in-waldkirchen.de\/cs\/aquapark\/wlan\/#breadcrumb","itemListElement":[{"@type":"ListItem","position":1,"name":"Startseite","item":"https:\/\/urlaub-in-waldkirchen.de\/cs\/"},{"@type":"ListItem","position":2,"name":"Aquapark","item":"https:\/\/urlaub-in-waldkirchen.de\/cs\/aquapark\/"},{"@type":"ListItem","position":3,"name":"WLAN"}]},{"@type":"WebSite","@id":"https:\/\/urlaub-in-waldkirchen.de\/#website","url":"https:\/\/urlaub-in-waldkirchen.de\/","name":"urlaub-in-waldkirchen.de","description":"","potentialAction":[{"@type":"SearchAction","target":{"@type":"EntryPoint","urlTemplate":"https:\/\/urlaub-in-waldkirchen.de\/?s={search_term_string}"},"query-input":{"@type":"PropertyValueSpecification","valueRequired":true,"valueName":"search_term_string"}}],"inLanguage":"cs"}]}},"_links":{"self":[{"href":"https:\/\/urlaub-in-waldkirchen.de\/cs\/wp-json\/wp\/v2\/pages\/3764","targetHints":{"allow":["GET"]}}],"collection":[{"href":"https:\/\/urlaub-in-waldkirchen.de\/cs\/wp-json\/wp\/v2\/pages"}],"about":[{"href":"https:\/\/urlaub-in-waldkirchen.de\/cs\/wp-json\/wp\/v2\/types\/page"}],"author":[{"embeddable":true,"href":"https:\/\/urlaub-in-waldkirchen.de\/cs\/wp-json\/wp\/v2\/users\/2"}],"replies":[{"embeddable":true,"href":"https:\/\/urlaub-in-waldkirchen.de\/cs\/wp-json\/wp\/v2\/comments?post=3764"}],"version-history":[{"count":0,"href":"https:\/\/urlaub-in-waldkirchen.de\/cs\/wp-json\/wp\/v2\/pages\/3764\/revisions"}],"up":[{"embeddable":true,"href":"https:\/\/urlaub-in-waldkirchen.de\/cs\/wp-json\/wp\/v2\/pages\/3663"}],"wp:attachment":[{"href":"https:\/\/urlaub-in-waldkirchen.de\/cs\/wp-json\/wp\/v2\/media?parent=3764"}],"curies":[{"name":"wp","href":"https:\/\/api.w.org\/{rel}","templated":true}]}}