{"id":3788,"date":"2016-04-26T15:19:20","date_gmt":"2016-04-26T13:19:20","guid":{"rendered":"https:\/\/urlaub-in-waldkirchen.de\/cs\/zimni-stadion\/veranstalter-info\/"},"modified":"2024-10-07T09:37:29","modified_gmt":"2024-10-07T07:37:29","slug":"informace-pro-poradatele","status":"publish","type":"page","link":"https:\/\/urlaub-in-waldkirchen.de\/cs\/zimni-stadion\/informace-pro-poradatele\/","title":{"rendered":"Informace pro po\u0159adatele"},"content":{"rendered":"<div class=\"wpb-content-wrapper\"><p>[vc_row][vc_column][vc_empty_space height=&#8220;20px&#8220;][vc_column_text]<\/p>\n<h1>Die Karoli-Eissporthalle &#8211;\u00a0Infos f\u00fcr Veranstalter<\/h1>\n<p>[\/vc_column_text][\/vc_column][\/vc_row][vc_row][vc_column][vc_column_text]Die\u00a0Karoli-Eissporthalle wird\u00a0von\u00a0Oktober bis Februar f\u00fcr diverse <a href=\"https:\/\/urlaub-in-waldkirchen.de\/eishalle\/die-eishalle-ein-ueberblick\/\">Winteraktivit\u00e4ten<\/a> genutzt. \u00a0Von M\u00e4rz bis\u00a0September kann die Halle von Veranstaltern\u00a0als Mehrzweckhalle gebucht\u00a0werden. Die Halle eignet sich im Sommer f\u00fcr jegliche Art von Veranstaltungen.\u00a0 <a href=\"https:\/\/urlaub-in-waldkirchen.de\/eishalle\/kontakt-und-anfahrt\/\">Zufahrt<\/a> erfolgt \u00fcber die VdK-Heim-Stra\u00dfe.[\/vc_column_text][vc_row_inner][vc_column_inner width=&#8220;1\/4&#8243;][vc_column_text]<\/p>\n<h4><span style=\"color: #95c11f;\">Ausstattung<\/span><\/h4>\n<p><strong>Fl\u00e4che:<\/strong> Breite 30 x L\u00e4nge 60 Meter<br \/>\n<strong>Trib\u00fcne:<\/strong> ca. 1.200 Personen<br \/>\n<strong>Besucher gesamt:<\/strong> max. 2.500 Personen nach VersStVo<br \/>\n<strong>B\u00fchne:<\/strong> nicht vorhanden<br \/>\n<strong>Notausg\u00e4nge:<\/strong> 5 St\u00fcck<br \/>\n<strong>Toilettenanlagen:<\/strong> 1 Damen, 1 Herren im OG (Trib\u00fcne)<br \/>\n<strong>Brauereigarnituren:<\/strong> ca. 110 St\u00fcck<br \/>\n<strong>Bande:<\/strong> im Sommer eingebaut[\/vc_column_text][\/vc_column_inner][vc_column_inner width=&#8220;1\/4&#8243;][vc_column_text css=&#8220;&#8220;]<\/p>\n<h4><span style=\"color: #95c11f;\">Technik<\/span><\/h4>\n<p><strong>Stromversorgung:<\/strong> 1x 63A, 3x 32A,<br \/>\n5x 16 A, 15x 220V<br \/>\n<strong>1 Musik-Wiedergabeger\u00e4t<\/strong><br \/>\n<strong>Lautsprecheranlage<\/strong> mit 2 Funkmikro<br \/>\n<strong>Telefonanschluss:<\/strong> 08581\/9869915[\/vc_column_text][\/vc_column_inner][vc_column_inner width=&#8220;1\/4&#8243;][vc_column_text]<\/p>\n<h4><span style=\"color: #95c11f;\">W\u00e4rmehalle<\/span><\/h4>\n<p>geeignet als Umkleideraum, B\u00fcro, Aufenthaltsraum usw.<\/p>\n<p><strong>Fl\u00e4che:<\/strong> 62m\u00b2, zus. 1 B\u00fcro mit 10m\u00b2<br \/>\n<strong>Toilettenanlagen:<\/strong> 1 Damen, 1 Herren im UG[\/vc_column_text][\/vc_column_inner][vc_column_inner width=&#8220;1\/4&#8243;][vc_column_text css=&#8220;&#8220;]<\/p>\n<h4><span style=\"color: #95c11f;\">Ihr Ansprechpartner &#8230;<\/span><\/h4>\n<p><strong>f\u00fcr alle Fragen rund um die &#8222;Event-Halle&#8220; ist:<\/strong><\/p>\n<p>Stadtwerke Waldkirchen<br \/>\nRathausplatz 1<br \/>\n94065 Waldkirchen<\/p>\n<p>Telefon: 08581\/202-64<br \/>\nTelefax: 08581\/202-13<br \/>\nMail: <a href=\"mailto:tobias.schwarzmann@stadtwerke-waldkirchen.de\">tobias.schwarzmann@stadtwerke-waldkirchen.de<\/a>[\/vc_column_text][\/vc_column_inner][\/vc_row_inner][vc_row_inner][vc_column_inner][vc_masonry_media_grid element_width=&#8220;3&#8243; gap=&#8220;10&#8243; grid_id=&#8220;vc_gid:1728286596399-3781fbba-dfdc-3&#8243; include=&#8220;3418,3419,3420,3421&#8243;][\/vc_column_inner][\/vc_row_inner][\/vc_column][\/vc_row][vc_row][vc_column][vc_separator color=&#8220;custom&#8220; accent_color=&#8220;#95c11f&#8220;][vc_btn title=&#8220;zur\u00fcck zur \u00dcbersicht&#8220; shape=&#8220;square&#8220; color=&#8220;green&#8220; size=&#8220;sm&#8220; align=&#8220;right&#8220; link=&#8220;url:http%3A%2F%2Furlaub-in-waldkirchen.de%2Feishalle%2F|&#8220;][\/vc_column][\/vc_row]<\/p>\n<\/div>","protected":false},"excerpt":{"rendered":"<p>[vc_row][vc_column][vc_empty_space height=&#8220;20px&#8220;][vc_column_text] Die Karoli-Eissporthalle &#8211;\u00a0Infos f\u00fcr Veranstalter [\/vc_column_text][\/vc_column][\/vc_row][vc_row][vc_column][vc_column_text]Die\u00a0Karoli-Eissporthalle wird\u00a0von\u00a0Oktober bis Februar f\u00fcr diverse Winteraktivit\u00e4ten genutzt. \u00a0Von M\u00e4rz bis\u00a0September kann die Halle von Veranstaltern\u00a0als Mehrzweckhalle gebucht\u00a0werden. Die<span class=\"excerpt-hellip\"> [\u2026]<\/span><\/p>\n","protected":false},"author":2,"featured_media":0,"parent":3669,"menu_order":0,"comment_status":"closed","ping_status":"closed","template":"","meta":{"footnotes":""},"class_list":["post-3788","page","type-page","status-publish","hentry"],"yoast_head":"<!-- This site is optimized with the Yoast SEO plugin v27.3 - https:\/\/yoast.com\/product\/yoast-seo-wordpress\/ -->\n<title>Informace pro po\u0159adatele - urlaub-in-waldkirchen.de<\/title>\n<meta name=\"description\" content=\"Zimn\u00ed stadion Karoli je v obdob\u00ed od \u0159\u00edjna do \u00fanora vyu\u017e\u00edv\u00e1n pro nejr\u016fzn\u011bj\u0161\u00ed zimn\u00ed aktivity. Od b\u0159ezna do z\u00e1\u0159\u00ed si mohou halu pronajmout po\u0159adatel\u00e9 akc\u00ed jako v\u00edce\u00fa\u010delovou halu.\" \/>\n<meta name=\"robots\" content=\"index, follow, max-snippet:-1, max-image-preview:large, max-video-preview:-1\" \/>\n<link rel=\"canonical\" href=\"https:\/\/urlaub-in-waldkirchen.de\/cs\/zimni-stadion\/informace-pro-poradatele\/\" \/>\n<meta property=\"og:locale\" content=\"cs_CZ\" \/>\n<meta property=\"og:type\" content=\"article\" \/>\n<meta property=\"og:title\" content=\"Informace pro po\u0159adatele - urlaub-in-waldkirchen.de\" \/>\n<meta property=\"og:description\" content=\"Zimn\u00ed stadion Karoli je v obdob\u00ed od \u0159\u00edjna do \u00fanora vyu\u017e\u00edv\u00e1n pro nejr\u016fzn\u011bj\u0161\u00ed zimn\u00ed aktivity. Od b\u0159ezna do z\u00e1\u0159\u00ed si mohou halu pronajmout po\u0159adatel\u00e9 akc\u00ed jako v\u00edce\u00fa\u010delovou halu.\" \/>\n<meta property=\"og:url\" content=\"https:\/\/urlaub-in-waldkirchen.de\/cs\/zimni-stadion\/informace-pro-poradatele\/\" \/>\n<meta property=\"og:site_name\" content=\"urlaub-in-waldkirchen.de\" \/>\n<meta property=\"article:modified_time\" content=\"2024-10-07T07:37:29+00:00\" \/>\n<meta name=\"twitter:card\" content=\"summary_large_image\" \/>\n<meta name=\"twitter:label1\" content=\"Odhadovan\u00e1 doba \u010dten\u00ed\" \/>\n\t<meta name=\"twitter:data1\" content=\"2 minuty\" \/>\n<script type=\"application\/ld+json\" class=\"yoast-schema-graph\">{\"@context\":\"https:\\\/\\\/schema.org\",\"@graph\":[{\"@type\":\"WebPage\",\"@id\":\"https:\\\/\\\/urlaub-in-waldkirchen.de\\\/cs\\\/zimni-stadion\\\/informace-pro-poradatele\\\/\",\"url\":\"https:\\\/\\\/urlaub-in-waldkirchen.de\\\/cs\\\/zimni-stadion\\\/informace-pro-poradatele\\\/\",\"name\":\"Informace pro po\u0159adatele - urlaub-in-waldkirchen.de\",\"isPartOf\":{\"@id\":\"https:\\\/\\\/urlaub-in-waldkirchen.de\\\/#website\"},\"datePublished\":\"2016-04-26T13:19:20+00:00\",\"dateModified\":\"2024-10-07T07:37:29+00:00\",\"description\":\"Zimn\u00ed stadion Karoli je v obdob\u00ed od \u0159\u00edjna do \u00fanora vyu\u017e\u00edv\u00e1n pro nejr\u016fzn\u011bj\u0161\u00ed zimn\u00ed aktivity. Od b\u0159ezna do z\u00e1\u0159\u00ed si mohou halu pronajmout po\u0159adatel\u00e9 akc\u00ed jako v\u00edce\u00fa\u010delovou halu.\",\"breadcrumb\":{\"@id\":\"https:\\\/\\\/urlaub-in-waldkirchen.de\\\/cs\\\/zimni-stadion\\\/informace-pro-poradatele\\\/#breadcrumb\"},\"inLanguage\":\"cs\",\"potentialAction\":[{\"@type\":\"ReadAction\",\"target\":[\"https:\\\/\\\/urlaub-in-waldkirchen.de\\\/cs\\\/zimni-stadion\\\/informace-pro-poradatele\\\/\"]}]},{\"@type\":\"BreadcrumbList\",\"@id\":\"https:\\\/\\\/urlaub-in-waldkirchen.de\\\/cs\\\/zimni-stadion\\\/informace-pro-poradatele\\\/#breadcrumb\",\"itemListElement\":[{\"@type\":\"ListItem\",\"position\":1,\"name\":\"Startseite\",\"item\":\"https:\\\/\\\/urlaub-in-waldkirchen.de\\\/cs\\\/\"},{\"@type\":\"ListItem\",\"position\":2,\"name\":\"ZIMN\u00cd STADION\",\"item\":\"https:\\\/\\\/urlaub-in-waldkirchen.de\\\/cs\\\/zimni-stadion\\\/\"},{\"@type\":\"ListItem\",\"position\":3,\"name\":\"Informace pro po\u0159adatele\"}]},{\"@type\":\"WebSite\",\"@id\":\"https:\\\/\\\/urlaub-in-waldkirchen.de\\\/#website\",\"url\":\"https:\\\/\\\/urlaub-in-waldkirchen.de\\\/\",\"name\":\"urlaub-in-waldkirchen.de\",\"description\":\"\",\"potentialAction\":[{\"@type\":\"SearchAction\",\"target\":{\"@type\":\"EntryPoint\",\"urlTemplate\":\"https:\\\/\\\/urlaub-in-waldkirchen.de\\\/?s={search_term_string}\"},\"query-input\":{\"@type\":\"PropertyValueSpecification\",\"valueRequired\":true,\"valueName\":\"search_term_string\"}}],\"inLanguage\":\"cs\"}]}<\/script>\n<!-- \/ Yoast SEO plugin. -->","yoast_head_json":{"title":"Informace pro po\u0159adatele - urlaub-in-waldkirchen.de","description":"Zimn\u00ed stadion Karoli je v obdob\u00ed od \u0159\u00edjna do \u00fanora vyu\u017e\u00edv\u00e1n pro nejr\u016fzn\u011bj\u0161\u00ed zimn\u00ed aktivity. Od b\u0159ezna do z\u00e1\u0159\u00ed si mohou halu pronajmout po\u0159adatel\u00e9 akc\u00ed jako v\u00edce\u00fa\u010delovou halu.","robots":{"index":"index","follow":"follow","max-snippet":"max-snippet:-1","max-image-preview":"max-image-preview:large","max-video-preview":"max-video-preview:-1"},"canonical":"https:\/\/urlaub-in-waldkirchen.de\/cs\/zimni-stadion\/informace-pro-poradatele\/","og_locale":"cs_CZ","og_type":"article","og_title":"Informace pro po\u0159adatele - urlaub-in-waldkirchen.de","og_description":"Zimn\u00ed stadion Karoli je v obdob\u00ed od \u0159\u00edjna do \u00fanora vyu\u017e\u00edv\u00e1n pro nejr\u016fzn\u011bj\u0161\u00ed zimn\u00ed aktivity. Od b\u0159ezna do z\u00e1\u0159\u00ed si mohou halu pronajmout po\u0159adatel\u00e9 akc\u00ed jako v\u00edce\u00fa\u010delovou halu.","og_url":"https:\/\/urlaub-in-waldkirchen.de\/cs\/zimni-stadion\/informace-pro-poradatele\/","og_site_name":"urlaub-in-waldkirchen.de","article_modified_time":"2024-10-07T07:37:29+00:00","twitter_card":"summary_large_image","twitter_misc":{"Odhadovan\u00e1 doba \u010dten\u00ed":"2 minuty"},"schema":{"@context":"https:\/\/schema.org","@graph":[{"@type":"WebPage","@id":"https:\/\/urlaub-in-waldkirchen.de\/cs\/zimni-stadion\/informace-pro-poradatele\/","url":"https:\/\/urlaub-in-waldkirchen.de\/cs\/zimni-stadion\/informace-pro-poradatele\/","name":"Informace pro po\u0159adatele - urlaub-in-waldkirchen.de","isPartOf":{"@id":"https:\/\/urlaub-in-waldkirchen.de\/#website"},"datePublished":"2016-04-26T13:19:20+00:00","dateModified":"2024-10-07T07:37:29+00:00","description":"Zimn\u00ed stadion Karoli je v obdob\u00ed od \u0159\u00edjna do \u00fanora vyu\u017e\u00edv\u00e1n pro nejr\u016fzn\u011bj\u0161\u00ed zimn\u00ed aktivity. Od b\u0159ezna do z\u00e1\u0159\u00ed si mohou halu pronajmout po\u0159adatel\u00e9 akc\u00ed jako v\u00edce\u00fa\u010delovou halu.","breadcrumb":{"@id":"https:\/\/urlaub-in-waldkirchen.de\/cs\/zimni-stadion\/informace-pro-poradatele\/#breadcrumb"},"inLanguage":"cs","potentialAction":[{"@type":"ReadAction","target":["https:\/\/urlaub-in-waldkirchen.de\/cs\/zimni-stadion\/informace-pro-poradatele\/"]}]},{"@type":"BreadcrumbList","@id":"https:\/\/urlaub-in-waldkirchen.de\/cs\/zimni-stadion\/informace-pro-poradatele\/#breadcrumb","itemListElement":[{"@type":"ListItem","position":1,"name":"Startseite","item":"https:\/\/urlaub-in-waldkirchen.de\/cs\/"},{"@type":"ListItem","position":2,"name":"ZIMN\u00cd STADION","item":"https:\/\/urlaub-in-waldkirchen.de\/cs\/zimni-stadion\/"},{"@type":"ListItem","position":3,"name":"Informace pro po\u0159adatele"}]},{"@type":"WebSite","@id":"https:\/\/urlaub-in-waldkirchen.de\/#website","url":"https:\/\/urlaub-in-waldkirchen.de\/","name":"urlaub-in-waldkirchen.de","description":"","potentialAction":[{"@type":"SearchAction","target":{"@type":"EntryPoint","urlTemplate":"https:\/\/urlaub-in-waldkirchen.de\/?s={search_term_string}"},"query-input":{"@type":"PropertyValueSpecification","valueRequired":true,"valueName":"search_term_string"}}],"inLanguage":"cs"}]}},"_links":{"self":[{"href":"https:\/\/urlaub-in-waldkirchen.de\/cs\/wp-json\/wp\/v2\/pages\/3788","targetHints":{"allow":["GET"]}}],"collection":[{"href":"https:\/\/urlaub-in-waldkirchen.de\/cs\/wp-json\/wp\/v2\/pages"}],"about":[{"href":"https:\/\/urlaub-in-waldkirchen.de\/cs\/wp-json\/wp\/v2\/types\/page"}],"author":[{"embeddable":true,"href":"https:\/\/urlaub-in-waldkirchen.de\/cs\/wp-json\/wp\/v2\/users\/2"}],"replies":[{"embeddable":true,"href":"https:\/\/urlaub-in-waldkirchen.de\/cs\/wp-json\/wp\/v2\/comments?post=3788"}],"version-history":[{"count":1,"href":"https:\/\/urlaub-in-waldkirchen.de\/cs\/wp-json\/wp\/v2\/pages\/3788\/revisions"}],"predecessor-version":[{"id":7686,"href":"https:\/\/urlaub-in-waldkirchen.de\/cs\/wp-json\/wp\/v2\/pages\/3788\/revisions\/7686"}],"up":[{"embeddable":true,"href":"https:\/\/urlaub-in-waldkirchen.de\/cs\/wp-json\/wp\/v2\/pages\/3669"}],"wp:attachment":[{"href":"https:\/\/urlaub-in-waldkirchen.de\/cs\/wp-json\/wp\/v2\/media?parent=3788"}],"curies":[{"name":"wp","href":"https:\/\/api.w.org\/{rel}","templated":true}]}}