{"id":3794,"date":"2016-04-29T14:18:30","date_gmt":"2016-04-29T12:18:30","guid":{"rendered":"https:\/\/urlaub-in-waldkirchen.de\/cs\/zimni-stadion\/leihservice\/"},"modified":"2016-08-18T15:07:45","modified_gmt":"2016-08-18T13:07:45","slug":"pujcovna","status":"publish","type":"page","link":"https:\/\/urlaub-in-waldkirchen.de\/cs\/zimni-stadion\/pujcovna\/","title":{"rendered":"P\u016fj\u010dovna"},"content":{"rendered":"<div class=\"wpb-content-wrapper\"><p>[vc_row][vc_column][vc_empty_space height=&#8220;20px&#8220;][vc_column_text]<\/p>\n<h1>Zimn\u00ed stadion Karoli &#8211; p\u016fj\u010dovna<\/h1>\n<p>[\/vc_column_text][\/vc_column][\/vc_row][vc_row][vc_column width=&#8220;1\/2&#8243;][vc_column_text]Pokud jste si jednou zapomn\u011bli p\u0159in\u00e9st vlastn\u00ed brusle nebo si jen chcete bruslen\u00ed vyzkou\u0161et, nab\u00edz\u00edme v\u00e1m p\u0159\u00edmo ve sportovn\u00ed hale p\u016fj\u010dovnu brusl\u00ed.<\/p>\n<p>P\u016fj\u010dovn\u00e9 za jeden p\u00e1r \u010din\u00ed 3,00 \u20ac.[\/vc_column_text][\/vc_column][vc_column width=&#8220;1\/2&#8243;][vc_single_image image=&#8220;3426&#8243; img_size=&#8220;full&#8220;][\/vc_column][\/vc_row][vc_row][vc_column][vc_separator color=&#8220;custom&#8220; accent_color=&#8220;#95c11f&#8220;][vc_btn title=&#8220;zp\u011bt na p\u0159ehled&#8220; shape=&#8220;square&#8220; color=&#8220;green&#8220; size=&#8220;sm&#8220; align=&#8220;right&#8220; link=&#8220;url:http%3A%2F%2Furlaub-in-waldkirchen.de%2Fcs%2Fzimni-stadion%2F|||&#8220;][\/vc_column][\/vc_row]<\/p>\n<\/div>","protected":false},"excerpt":{"rendered":"<p>[vc_row][vc_column][vc_empty_space height=&#8220;20px&#8220;][vc_column_text] Zimn\u00ed stadion Karoli &#8211; p\u016fj\u010dovna [\/vc_column_text][\/vc_column][\/vc_row][vc_row][vc_column width=&#8220;1\/2&#8243;][vc_column_text]Pokud jste si jednou zapomn\u011bli p\u0159in\u00e9st vlastn\u00ed brusle nebo si jen chcete bruslen\u00ed vyzkou\u0161et, nab\u00edz\u00edme v\u00e1m p\u0159\u00edmo ve<span class=\"excerpt-hellip\"> [\u2026]<\/span><\/p>\n","protected":false},"author":2,"featured_media":0,"parent":3669,"menu_order":0,"comment_status":"closed","ping_status":"closed","template":"","meta":{"footnotes":""},"class_list":["post-3794","page","type-page","status-publish","hentry"],"yoast_head":"<!-- This site is optimized with the Yoast SEO plugin v27.3 - https:\/\/yoast.com\/product\/yoast-seo-wordpress\/ -->\n<title>P\u016fj\u010dovna - urlaub-in-waldkirchen.de<\/title>\n<meta name=\"description\" content=\"Pokud jste si jednou zapomn\u011bli p\u0159in\u00e9st vlastn\u00ed brusle nebo si jen chcete bruslen\u00ed vyzkou\u0161et, nab\u00edz\u00edme v\u00e1m p\u0159\u00edmo ve sportovn\u00ed hale p\u016fj\u010dovnu brusl\u00ed.\" \/>\n<meta name=\"robots\" content=\"index, follow, max-snippet:-1, max-image-preview:large, max-video-preview:-1\" \/>\n<link rel=\"canonical\" href=\"https:\/\/urlaub-in-waldkirchen.de\/cs\/zimni-stadion\/pujcovna\/\" \/>\n<meta property=\"og:locale\" content=\"cs_CZ\" \/>\n<meta property=\"og:type\" content=\"article\" \/>\n<meta property=\"og:title\" content=\"P\u016fj\u010dovna - urlaub-in-waldkirchen.de\" \/>\n<meta property=\"og:description\" content=\"Pokud jste si jednou zapomn\u011bli p\u0159in\u00e9st vlastn\u00ed brusle nebo si jen chcete bruslen\u00ed vyzkou\u0161et, nab\u00edz\u00edme v\u00e1m p\u0159\u00edmo ve sportovn\u00ed hale p\u016fj\u010dovnu brusl\u00ed.\" \/>\n<meta property=\"og:url\" content=\"https:\/\/urlaub-in-waldkirchen.de\/cs\/zimni-stadion\/pujcovna\/\" \/>\n<meta property=\"og:site_name\" content=\"urlaub-in-waldkirchen.de\" \/>\n<meta property=\"article:modified_time\" content=\"2016-08-18T13:07:45+00:00\" \/>\n<meta name=\"twitter:card\" content=\"summary_large_image\" \/>\n<meta name=\"twitter:label1\" content=\"Odhadovan\u00e1 doba \u010dten\u00ed\" \/>\n\t<meta name=\"twitter:data1\" content=\"1 minuta\" \/>\n<script type=\"application\/ld+json\" class=\"yoast-schema-graph\">{\"@context\":\"https:\\\/\\\/schema.org\",\"@graph\":[{\"@type\":\"WebPage\",\"@id\":\"https:\\\/\\\/urlaub-in-waldkirchen.de\\\/cs\\\/zimni-stadion\\\/pujcovna\\\/\",\"url\":\"https:\\\/\\\/urlaub-in-waldkirchen.de\\\/cs\\\/zimni-stadion\\\/pujcovna\\\/\",\"name\":\"P\u016fj\u010dovna - urlaub-in-waldkirchen.de\",\"isPartOf\":{\"@id\":\"https:\\\/\\\/urlaub-in-waldkirchen.de\\\/#website\"},\"datePublished\":\"2016-04-29T12:18:30+00:00\",\"dateModified\":\"2016-08-18T13:07:45+00:00\",\"description\":\"Pokud jste si jednou zapomn\u011bli p\u0159in\u00e9st vlastn\u00ed brusle nebo si jen chcete bruslen\u00ed vyzkou\u0161et, nab\u00edz\u00edme v\u00e1m p\u0159\u00edmo ve sportovn\u00ed hale p\u016fj\u010dovnu brusl\u00ed.\",\"breadcrumb\":{\"@id\":\"https:\\\/\\\/urlaub-in-waldkirchen.de\\\/cs\\\/zimni-stadion\\\/pujcovna\\\/#breadcrumb\"},\"inLanguage\":\"cs\",\"potentialAction\":[{\"@type\":\"ReadAction\",\"target\":[\"https:\\\/\\\/urlaub-in-waldkirchen.de\\\/cs\\\/zimni-stadion\\\/pujcovna\\\/\"]}]},{\"@type\":\"BreadcrumbList\",\"@id\":\"https:\\\/\\\/urlaub-in-waldkirchen.de\\\/cs\\\/zimni-stadion\\\/pujcovna\\\/#breadcrumb\",\"itemListElement\":[{\"@type\":\"ListItem\",\"position\":1,\"name\":\"Startseite\",\"item\":\"https:\\\/\\\/urlaub-in-waldkirchen.de\\\/cs\\\/\"},{\"@type\":\"ListItem\",\"position\":2,\"name\":\"ZIMN\u00cd STADION\",\"item\":\"https:\\\/\\\/urlaub-in-waldkirchen.de\\\/cs\\\/zimni-stadion\\\/\"},{\"@type\":\"ListItem\",\"position\":3,\"name\":\"P\u016fj\u010dovna\"}]},{\"@type\":\"WebSite\",\"@id\":\"https:\\\/\\\/urlaub-in-waldkirchen.de\\\/#website\",\"url\":\"https:\\\/\\\/urlaub-in-waldkirchen.de\\\/\",\"name\":\"urlaub-in-waldkirchen.de\",\"description\":\"\",\"potentialAction\":[{\"@type\":\"SearchAction\",\"target\":{\"@type\":\"EntryPoint\",\"urlTemplate\":\"https:\\\/\\\/urlaub-in-waldkirchen.de\\\/?s={search_term_string}\"},\"query-input\":{\"@type\":\"PropertyValueSpecification\",\"valueRequired\":true,\"valueName\":\"search_term_string\"}}],\"inLanguage\":\"cs\"}]}<\/script>\n<!-- \/ Yoast SEO plugin. -->","yoast_head_json":{"title":"P\u016fj\u010dovna - urlaub-in-waldkirchen.de","description":"Pokud jste si jednou zapomn\u011bli p\u0159in\u00e9st vlastn\u00ed brusle nebo si jen chcete bruslen\u00ed vyzkou\u0161et, nab\u00edz\u00edme v\u00e1m p\u0159\u00edmo ve sportovn\u00ed hale p\u016fj\u010dovnu brusl\u00ed.","robots":{"index":"index","follow":"follow","max-snippet":"max-snippet:-1","max-image-preview":"max-image-preview:large","max-video-preview":"max-video-preview:-1"},"canonical":"https:\/\/urlaub-in-waldkirchen.de\/cs\/zimni-stadion\/pujcovna\/","og_locale":"cs_CZ","og_type":"article","og_title":"P\u016fj\u010dovna - urlaub-in-waldkirchen.de","og_description":"Pokud jste si jednou zapomn\u011bli p\u0159in\u00e9st vlastn\u00ed brusle nebo si jen chcete bruslen\u00ed vyzkou\u0161et, nab\u00edz\u00edme v\u00e1m p\u0159\u00edmo ve sportovn\u00ed hale p\u016fj\u010dovnu brusl\u00ed.","og_url":"https:\/\/urlaub-in-waldkirchen.de\/cs\/zimni-stadion\/pujcovna\/","og_site_name":"urlaub-in-waldkirchen.de","article_modified_time":"2016-08-18T13:07:45+00:00","twitter_card":"summary_large_image","twitter_misc":{"Odhadovan\u00e1 doba \u010dten\u00ed":"1 minuta"},"schema":{"@context":"https:\/\/schema.org","@graph":[{"@type":"WebPage","@id":"https:\/\/urlaub-in-waldkirchen.de\/cs\/zimni-stadion\/pujcovna\/","url":"https:\/\/urlaub-in-waldkirchen.de\/cs\/zimni-stadion\/pujcovna\/","name":"P\u016fj\u010dovna - urlaub-in-waldkirchen.de","isPartOf":{"@id":"https:\/\/urlaub-in-waldkirchen.de\/#website"},"datePublished":"2016-04-29T12:18:30+00:00","dateModified":"2016-08-18T13:07:45+00:00","description":"Pokud jste si jednou zapomn\u011bli p\u0159in\u00e9st vlastn\u00ed brusle nebo si jen chcete bruslen\u00ed vyzkou\u0161et, nab\u00edz\u00edme v\u00e1m p\u0159\u00edmo ve sportovn\u00ed hale p\u016fj\u010dovnu brusl\u00ed.","breadcrumb":{"@id":"https:\/\/urlaub-in-waldkirchen.de\/cs\/zimni-stadion\/pujcovna\/#breadcrumb"},"inLanguage":"cs","potentialAction":[{"@type":"ReadAction","target":["https:\/\/urlaub-in-waldkirchen.de\/cs\/zimni-stadion\/pujcovna\/"]}]},{"@type":"BreadcrumbList","@id":"https:\/\/urlaub-in-waldkirchen.de\/cs\/zimni-stadion\/pujcovna\/#breadcrumb","itemListElement":[{"@type":"ListItem","position":1,"name":"Startseite","item":"https:\/\/urlaub-in-waldkirchen.de\/cs\/"},{"@type":"ListItem","position":2,"name":"ZIMN\u00cd STADION","item":"https:\/\/urlaub-in-waldkirchen.de\/cs\/zimni-stadion\/"},{"@type":"ListItem","position":3,"name":"P\u016fj\u010dovna"}]},{"@type":"WebSite","@id":"https:\/\/urlaub-in-waldkirchen.de\/#website","url":"https:\/\/urlaub-in-waldkirchen.de\/","name":"urlaub-in-waldkirchen.de","description":"","potentialAction":[{"@type":"SearchAction","target":{"@type":"EntryPoint","urlTemplate":"https:\/\/urlaub-in-waldkirchen.de\/?s={search_term_string}"},"query-input":{"@type":"PropertyValueSpecification","valueRequired":true,"valueName":"search_term_string"}}],"inLanguage":"cs"}]}},"_links":{"self":[{"href":"https:\/\/urlaub-in-waldkirchen.de\/cs\/wp-json\/wp\/v2\/pages\/3794","targetHints":{"allow":["GET"]}}],"collection":[{"href":"https:\/\/urlaub-in-waldkirchen.de\/cs\/wp-json\/wp\/v2\/pages"}],"about":[{"href":"https:\/\/urlaub-in-waldkirchen.de\/cs\/wp-json\/wp\/v2\/types\/page"}],"author":[{"embeddable":true,"href":"https:\/\/urlaub-in-waldkirchen.de\/cs\/wp-json\/wp\/v2\/users\/2"}],"replies":[{"embeddable":true,"href":"https:\/\/urlaub-in-waldkirchen.de\/cs\/wp-json\/wp\/v2\/comments?post=3794"}],"version-history":[{"count":0,"href":"https:\/\/urlaub-in-waldkirchen.de\/cs\/wp-json\/wp\/v2\/pages\/3794\/revisions"}],"up":[{"embeddable":true,"href":"https:\/\/urlaub-in-waldkirchen.de\/cs\/wp-json\/wp\/v2\/pages\/3669"}],"wp:attachment":[{"href":"https:\/\/urlaub-in-waldkirchen.de\/cs\/wp-json\/wp\/v2\/media?parent=3794"}],"curies":[{"name":"wp","href":"https:\/\/api.w.org\/{rel}","templated":true}]}}